{"id":116647,"date":"2022-04-20T22:22:37","date_gmt":"2022-04-20T22:22:37","guid":{"rendered":"https:\/\/espak.ee\/epood\/?post_type=product&#038;p=116647"},"modified":"2026-02-23T12:49:09","modified_gmt":"2026-02-23T10:49:09","slug":"keermeliim-crc-soft-lock-anaeroobne-sinine-10ml","status":"publish","type":"product","link":"https:\/\/espak.ee\/epood\/toode\/keermeliim-crc-soft-lock-anaeroobne-sinine-10ml\/","title":{"rendered":"KEERMELIIM CRC SOFT LOCK ANAEROOBNE SININE 10ML"},"content":{"rendered":"<div class=\"row\"  id=\"row-1354310501\">\n\n\t<div id=\"col-2101741457\" class=\"col medium-9 small-12 large-9\"  >\n\t\t\t\t<div class=\"col-inner\"  >\n\t\t\t\n\t\t\t\n<h3>Keermeliim CRC Soft Lock anaeroobne sinine 10ml <\/h3>\n<p>Anaeroobne keermeliim metallkruvide ja -poltide lukustamiseks ja tihendamiseks, keermesliidete ajutise \u00fchenduse tagamiseks. Hooldamiseks kerge demonteerida tavaliste t\u00f6\u00f6riistadega.<br \/>\n Sobib keermesliidetele M5-M16.<br \/>\n Hea vastupanuv\u00f5ime temperatuurile -55\u00b0C kuni +150\u00b0C, korrosioonile, vibratsioonile, veele, \u00f5lidele ja enamus kemikaalidele.\n<\/p>\n\t\t<\/div>\n\t\t\t\t\t<\/div>\n\n\t\n\n\t<div id=\"col-739180019\" class=\"col medium-3 small-12 large-3\"  >\n\t\t\t\t<div class=\"col-inner\"  >\n\t\t\t\n\t\t\t\n\t<div id=\"gap-823401582\" class=\"gap-element clearfix\" style=\"display:block; height:auto;\">\n\t\t\n<style>\n#gap-823401582 {\n  padding-top: 30px;\n}\n<\/style>\n\t<\/div>\n\t\n<p><strong>\u00dcksikasjalikuma n\u00f5u saamiseks v\u00f5tke \u00fchendust:<br \/><\/strong>MOTORAL EESTI AS<br \/>Tala 6<br \/>11415<br \/>Tallinn<br \/> Telefon +372 620 1464<\/p>\n\t\t<\/div>\n\t\t\t\t\t<\/div>\n\n\t\n<\/div>\n","protected":false},"excerpt":{"rendered":"","protected":false},"featured_media":116762,"comment_status":"closed","ping_status":"closed","template":"","meta":[],"product_brand":[],"product_cat":[2703,2706,2707,2683],"product_tag":[],"class_list":{"0":"post-116647","1":"product","2":"type-product","3":"status-publish","4":"has-post-thumbnail","6":"product_cat-ehituskeemia","7":"product_cat-liimid","8":"product_cat-universaalliimid","9":"product_cat-viimistluskaubad","10":"pa_kaubamark-motoral-eesti-as","12":"first","13":"instock","14":"sale","15":"taxable","16":"shipping-taxable","17":"purchasable","18":"product-type-simple"},"yoast_head":"<!-- This site is optimized with the Yoast SEO plugin v26.9 - https:\/\/yoast.com\/product\/yoast-seo-wordpress\/ -->\n<title>KEERMELIIM CRC SOFT LOCK ANAEROOBNE SININE 10ML - Espak E-pood<\/title>\n<meta name=\"robots\" content=\"index, follow, max-snippet:-1, max-image-preview:large, max-video-preview:-1\" \/>\n<link rel=\"canonical\" href=\"https:\/\/espak.ee\/epood\/toode\/keermeliim-crc-soft-lock-anaeroobne-sinine-10ml\/\" \/>\n<meta property=\"og:locale\" content=\"et_EE\" \/>\n<meta property=\"og:type\" content=\"article\" \/>\n<meta property=\"og:title\" content=\"KEERMELIIM CRC SOFT LOCK ANAEROOBNE SININE 10ML - Espak E-pood\" \/>\n<meta property=\"og:url\" content=\"https:\/\/espak.ee\/epood\/toode\/keermeliim-crc-soft-lock-anaeroobne-sinine-10ml\/\" \/>\n<meta property=\"og:site_name\" content=\"Espak E-pood\" \/>\n<meta property=\"article:modified_time\" content=\"2026-02-23T10:49:09+00:00\" \/>\n<meta property=\"og:image\" content=\"https:\/\/espak.ee\/epood\/wp-content\/uploads\/2022\/04\/20-SOL010-2.jpg\" \/>\n\t<meta property=\"og:image:width\" content=\"800\" \/>\n\t<meta property=\"og:image:height\" content=\"800\" \/>\n\t<meta property=\"og:image:type\" content=\"image\/jpeg\" \/>\n<meta name=\"twitter:card\" content=\"summary_large_image\" \/>\n<script type=\"application\/ld+json\" class=\"yoast-schema-graph\">{\"@context\":\"https:\/\/schema.org\",\"@graph\":[{\"@type\":\"WebPage\",\"@id\":\"https:\/\/espak.ee\/epood\/toode\/keermeliim-crc-soft-lock-anaeroobne-sinine-10ml\/\",\"url\":\"https:\/\/espak.ee\/epood\/toode\/keermeliim-crc-soft-lock-anaeroobne-sinine-10ml\/\",\"name\":\"KEERMELIIM CRC SOFT LOCK ANAEROOBNE SININE 10ML - Espak E-pood\",\"isPartOf\":{\"@id\":\"https:\/\/espak.ee\/epood\/#website\"},\"primaryImageOfPage\":{\"@id\":\"https:\/\/espak.ee\/epood\/toode\/keermeliim-crc-soft-lock-anaeroobne-sinine-10ml\/#primaryimage\"},\"image\":{\"@id\":\"https:\/\/espak.ee\/epood\/toode\/keermeliim-crc-soft-lock-anaeroobne-sinine-10ml\/#primaryimage\"},\"thumbnailUrl\":\"https:\/\/espak.ee\/epood\/wp-content\/uploads\/2022\/04\/20-SOL010-2.jpg\",\"datePublished\":\"2022-04-20T22:22:37+00:00\",\"dateModified\":\"2026-02-23T10:49:09+00:00\",\"breadcrumb\":{\"@id\":\"https:\/\/espak.ee\/epood\/toode\/keermeliim-crc-soft-lock-anaeroobne-sinine-10ml\/#breadcrumb\"},\"inLanguage\":\"et\",\"potentialAction\":[{\"@type\":\"ReadAction\",\"target\":[\"https:\/\/espak.ee\/epood\/toode\/keermeliim-crc-soft-lock-anaeroobne-sinine-10ml\/\"]}]},{\"@type\":\"ImageObject\",\"inLanguage\":\"et\",\"@id\":\"https:\/\/espak.ee\/epood\/toode\/keermeliim-crc-soft-lock-anaeroobne-sinine-10ml\/#primaryimage\",\"url\":\"https:\/\/espak.ee\/epood\/wp-content\/uploads\/2022\/04\/20-SOL010-2.jpg\",\"contentUrl\":\"https:\/\/espak.ee\/epood\/wp-content\/uploads\/2022\/04\/20-SOL010-2.jpg\",\"width\":800,\"height\":800},{\"@type\":\"BreadcrumbList\",\"@id\":\"https:\/\/espak.ee\/epood\/toode\/keermeliim-crc-soft-lock-anaeroobne-sinine-10ml\/#breadcrumb\",\"itemListElement\":[{\"@type\":\"ListItem\",\"position\":1,\"name\":\"Home\",\"item\":\"https:\/\/espak.ee\/epood\/\"},{\"@type\":\"ListItem\",\"position\":2,\"name\":\"Tootevalik\",\"item\":\"https:\/\/espak.ee\/epood\/tootevalik\/\"},{\"@type\":\"ListItem\",\"position\":3,\"name\":\"KEERMELIIM CRC SOFT LOCK ANAEROOBNE SININE 10ML\"}]},{\"@type\":\"WebSite\",\"@id\":\"https:\/\/espak.ee\/epood\/#website\",\"url\":\"https:\/\/espak.ee\/epood\/\",\"name\":\"Espak E-pood\",\"description\":\"\",\"potentialAction\":[{\"@type\":\"SearchAction\",\"target\":{\"@type\":\"EntryPoint\",\"urlTemplate\":\"https:\/\/espak.ee\/epood\/?s={search_term_string}\"},\"query-input\":{\"@type\":\"PropertyValueSpecification\",\"valueRequired\":true,\"valueName\":\"search_term_string\"}}],\"inLanguage\":\"et\"}]}<\/script>\n<!-- \/ Yoast SEO plugin. -->","yoast_head_json":{"title":"KEERMELIIM CRC SOFT LOCK ANAEROOBNE SININE 10ML - Espak E-pood","robots":{"index":"index","follow":"follow","max-snippet":"max-snippet:-1","max-image-preview":"max-image-preview:large","max-video-preview":"max-video-preview:-1"},"canonical":"https:\/\/espak.ee\/epood\/toode\/keermeliim-crc-soft-lock-anaeroobne-sinine-10ml\/","og_locale":"et_EE","og_type":"article","og_title":"KEERMELIIM CRC SOFT LOCK ANAEROOBNE SININE 10ML - Espak E-pood","og_url":"https:\/\/espak.ee\/epood\/toode\/keermeliim-crc-soft-lock-anaeroobne-sinine-10ml\/","og_site_name":"Espak E-pood","article_modified_time":"2026-02-23T10:49:09+00:00","og_image":[{"width":800,"height":800,"url":"https:\/\/espak.ee\/epood\/wp-content\/uploads\/2022\/04\/20-SOL010-2.jpg","type":"image\/jpeg"}],"twitter_card":"summary_large_image","schema":{"@context":"https:\/\/schema.org","@graph":[{"@type":"WebPage","@id":"https:\/\/espak.ee\/epood\/toode\/keermeliim-crc-soft-lock-anaeroobne-sinine-10ml\/","url":"https:\/\/espak.ee\/epood\/toode\/keermeliim-crc-soft-lock-anaeroobne-sinine-10ml\/","name":"KEERMELIIM CRC SOFT LOCK ANAEROOBNE SININE 10ML - Espak E-pood","isPartOf":{"@id":"https:\/\/espak.ee\/epood\/#website"},"primaryImageOfPage":{"@id":"https:\/\/espak.ee\/epood\/toode\/keermeliim-crc-soft-lock-anaeroobne-sinine-10ml\/#primaryimage"},"image":{"@id":"https:\/\/espak.ee\/epood\/toode\/keermeliim-crc-soft-lock-anaeroobne-sinine-10ml\/#primaryimage"},"thumbnailUrl":"https:\/\/espak.ee\/epood\/wp-content\/uploads\/2022\/04\/20-SOL010-2.jpg","datePublished":"2022-04-20T22:22:37+00:00","dateModified":"2026-02-23T10:49:09+00:00","breadcrumb":{"@id":"https:\/\/espak.ee\/epood\/toode\/keermeliim-crc-soft-lock-anaeroobne-sinine-10ml\/#breadcrumb"},"inLanguage":"et","potentialAction":[{"@type":"ReadAction","target":["https:\/\/espak.ee\/epood\/toode\/keermeliim-crc-soft-lock-anaeroobne-sinine-10ml\/"]}]},{"@type":"ImageObject","inLanguage":"et","@id":"https:\/\/espak.ee\/epood\/toode\/keermeliim-crc-soft-lock-anaeroobne-sinine-10ml\/#primaryimage","url":"https:\/\/espak.ee\/epood\/wp-content\/uploads\/2022\/04\/20-SOL010-2.jpg","contentUrl":"https:\/\/espak.ee\/epood\/wp-content\/uploads\/2022\/04\/20-SOL010-2.jpg","width":800,"height":800},{"@type":"BreadcrumbList","@id":"https:\/\/espak.ee\/epood\/toode\/keermeliim-crc-soft-lock-anaeroobne-sinine-10ml\/#breadcrumb","itemListElement":[{"@type":"ListItem","position":1,"name":"Home","item":"https:\/\/espak.ee\/epood\/"},{"@type":"ListItem","position":2,"name":"Tootevalik","item":"https:\/\/espak.ee\/epood\/tootevalik\/"},{"@type":"ListItem","position":3,"name":"KEERMELIIM CRC SOFT LOCK ANAEROOBNE SININE 10ML"}]},{"@type":"WebSite","@id":"https:\/\/espak.ee\/epood\/#website","url":"https:\/\/espak.ee\/epood\/","name":"Espak E-pood","description":"","potentialAction":[{"@type":"SearchAction","target":{"@type":"EntryPoint","urlTemplate":"https:\/\/espak.ee\/epood\/?s={search_term_string}"},"query-input":{"@type":"PropertyValueSpecification","valueRequired":true,"valueName":"search_term_string"}}],"inLanguage":"et"}]}},"_links":{"self":[{"href":"https:\/\/espak.ee\/epood\/wp-json\/wp\/v2\/product\/116647","targetHints":{"allow":["GET"]}}],"collection":[{"href":"https:\/\/espak.ee\/epood\/wp-json\/wp\/v2\/product"}],"about":[{"href":"https:\/\/espak.ee\/epood\/wp-json\/wp\/v2\/types\/product"}],"replies":[{"embeddable":true,"href":"https:\/\/espak.ee\/epood\/wp-json\/wp\/v2\/comments?post=116647"}],"wp:featuredmedia":[{"embeddable":true,"href":"https:\/\/espak.ee\/epood\/wp-json\/wp\/v2\/media\/116762"}],"wp:attachment":[{"href":"https:\/\/espak.ee\/epood\/wp-json\/wp\/v2\/media?parent=116647"}],"wp:term":[{"taxonomy":"product_brand","embeddable":true,"href":"https:\/\/espak.ee\/epood\/wp-json\/wp\/v2\/product_brand?post=116647"},{"taxonomy":"product_cat","embeddable":true,"href":"https:\/\/espak.ee\/epood\/wp-json\/wp\/v2\/product_cat?post=116647"},{"taxonomy":"product_tag","embeddable":true,"href":"https:\/\/espak.ee\/epood\/wp-json\/wp\/v2\/product_tag?post=116647"}],"curies":[{"name":"wp","href":"https:\/\/api.w.org\/{rel}","templated":true}]}}