{"id":11640,"date":"2019-11-23T02:41:39","date_gmt":"2019-11-23T00:41:39","guid":{"rendered":"https:\/\/espak.ee\/hinnakiri\/?post_type=product&#038;p=11640"},"modified":"2024-03-23T00:09:49","modified_gmt":"2024-03-22T22:09:49","slug":"restaureerimiskrohv-sakret-hm-10-fiibrita-25kg","status":"publish","type":"product","link":"https:\/\/espak.ee\/epood\/toode\/restaureerimiskrohv-sakret-hm-10-fiibrita-25kg\/","title":{"rendered":"RESTAUREERIMISKROHV SAKRET HM-10 FIIBRITA 25KG"},"content":{"rendered":"<div class=\"row\"  id=\"row-1150039237\">\n\n\t<div id=\"col-665660672\" class=\"col medium-9 small-12 large-9\"  >\n\t\t\t\t<div class=\"col-inner\"  >\n\t\t\t\n\t\t\t\n<h2>HM-10 Restaureerimiskrohv<\/h2>\n<div class=\"message-box relative\" style=\"padding-top:15px;padding-bottom:15px;\"><div class=\"message-box-bg-image bg-fill fill\" ><\/div><div class=\"message-box-bg-overlay bg-fill fill\" ><\/div><div class=\"container relative\"><div class=\"inner last-reset\">\n<div class=\"row align-middle align-center\"  id=\"row-1650915428\">\n\n\t<div id=\"col-1614569671\" class=\"col small-12 large-12\"  >\n\t\t\t\t<div class=\"col-inner text-left\"  >\n\t\t\t\n\t\t\t\n<h4>Omadused<\/h4>\n<div class=\"row\"  id=\"row-792080857\">\n\n\t<div id=\"col-335463433\" class=\"col medium-6 small-12 large-6\"  >\n\t\t\t\t<div class=\"col-inner\"  >\n\t\t\t\n\t\t\t\n<p><i class=\"fa fa-check fa-2x\"><\/i> <strong>V\u00e4lis- ja siset\u00f6\u00f6deks<\/strong><\/p>\n<p><i class=\"fa fa-check fa-2x\"><\/i> <strong>Seintele ja lagedele<\/strong><\/p>\n\t\t<\/div>\n\t\t\t\t\n<style>\n#col-335463433 > .col-inner {\n  margin: 0px 0px 15px 0px;\n}\n<\/style>\n\t<\/div>\n\n\t\n\n\t<div id=\"col-1748061599\" class=\"col medium-6 small-12 large-6\"  >\n\t\t\t\t<div class=\"col-inner\"  >\n\t\t\t\n\t\t\t\n<p><i class=\"fa fa-check fa-2x\"><\/i> <strong>Sobilik ka paekivi krohvimiseks<\/strong><\/p>\n<p><i class=\"fa fa-check fa-2x\"><\/i> <strong>K\u00f5rge veeauru l\u00e4bilaskvusv\u00f5imega<\/strong><\/p>\n\t\t<\/div>\n\t\t\t\t\n<style>\n#col-1748061599 > .col-inner {\n  margin: 0px 0px 15px 0px;\n}\n<\/style>\n\t<\/div>\n\n\t\n<\/div>\n\t\t<\/div>\n\t\t\t\t\t<\/div>\n\n\t\n<\/div>\n<\/div><\/div><\/div>\n\t<div id=\"gap-1046718840\" class=\"gap-element clearfix\" style=\"display:block; height:auto;\">\n\t\t\n<style>\n#gap-1046718840 {\n  padding-top: 30px;\n}\n<\/style>\n\t<\/div>\n\t\n<h3>Kasutamise \u00fcksikasjad<\/h3>\n<p><strong>Aluspinna ettevalmistus:<\/strong> Aluspind peab olema tugev, kuiv, stabiilne ja ilma pragudeta. Puhastada n\u00f5rkadest, pudedatest ja irduvatest kihtidest nagu mustus, soolad, tolm, \u00f5li- v\u00f5i v\u00e4rvij\u00e4\u00e4gid jne. Eriti tihedad ja siledad pinnad eelnevalt karestada. Suure imavusega aluspinnad kruntida Sakret BG v\u00f5i UG-ga, tomused pinnad kruntida Sakret TGW-ga, siledad betoonpinnad ja keraamilisest tellistest pinnad kruntida Sakret QG-ga. Kinni katta kohad, mis ei ole ette n\u00e4htud krohvimiseks(metallpinnad, aknaraamid, klaasid jne).<\/p>\n<p><strong>Kasutamine:<\/strong> Kuivsegu segada k\u00fclma veega puhtas anumas kuni \u00fchetaolise massi tekkeni, krohvim\u00f6rti ei tohi j\u00e4\u00e4da segamata t\u00fckke. Lasta m\u00f6rdil seista ca 3 minutit ning korrata segamist. Tarduma hakkavasse segusse vett mitte lisada! Segu kanda aluspinnale krohvipumba, teraskellu v\u00f5i -liibi abil kihipaksusega 5 kuni 12 mm (stabiilsetel pindadel kuni 20mm). \u00dcle 20 mm kihipaksuse puhul kasutada segus tsingitud terasv\u00f5rku. Pind tasandada rihtlati, pahtli- v\u00f5i krohvilabidaga. Krohvitud pindu saab t\u00f6\u00f6delda plast-, kummi- v\u00f5i kivih\u00f5\u00f5rutiga. Krohvitud pind on viimistletav v\u00e4hemalt 24 h m\u00f6\u00f6dudes. V\u00e4rvitav v\u00e4hemalt 14 p\u00e4eva m\u00f6\u00f6dudes. Krohvitud pinnad on viimistletavad Sakreti dekoratiivkrohvide ja fassaadiv\u00e4rvidega. Optimaalne aluspinna ja v\u00e4lis\u00f5hu temperatuur kasutusajal +5\u00b0C kuni +25\u00b0C, v\u00e4ltida k\u00f5rgemaid, kui +30\u00b0C temperatuure ja miinuskraade.<\/p>\n\t\t<\/div>\n\t\t\t\t\t<\/div>\n\n\t\n\n\t<div id=\"col-62713526\" class=\"col medium-3 small-12 large-3\"  >\n\t\t\t\t<div class=\"col-inner\"  >\n\t\t\t\n\t\t\t\n\t<div id=\"gap-841484862\" class=\"gap-element clearfix\" style=\"display:block; height:auto;\">\n\t\t\n<style>\n#gap-841484862 {\n  padding-top: 30px;\n}\n<\/style>\n\t<\/div>\n\t\n<h3>Tehniline informatsioon<\/h3>\n<p><a href=\"https:\/\/espak.ee\/epood\/wp-content\/uploads\/HM-10-tooteleht.pdf\" target=\"_blank\" rel=\"noopener noreferrer\"><i class=\"far fa-file-pdf\"><\/i> Tehniline info (PDF)<\/a><\/p>\n<h3>Ohutusalane teave<\/h3>\n<p><a href=\"https:\/\/espak.ee\/epood\/wp-content\/uploads\/HM-10-tooteohutuskaart.pdf\" target=\"_blank\" rel=\"noopener noreferrer\"><i class=\"far fa-file-pdf\"><\/i> Ohutusalane teave (PDF)<\/a><\/p>\n<div class=\"is-divider divider clearfix\" ><\/div>\n<p><strong>\u00dcksikasjalikuma n\u00f5u saamiseks v\u00f5tke \u00fchendust:<br \/><\/strong>Sakret O\u00dc<br \/>M\u00e4o k\u00fcla<br \/>Paide linn<br \/>J\u00e4rvamaa<br \/>72751<\/p>\n<div class=\"is-divider divider clearfix\" ><\/div>\n\t\t<\/div>\n\t\t\t\t\t<\/div>\n\n\t\n<\/div>\n","protected":false},"excerpt":{"rendered":"","protected":false},"featured_media":12159,"comment_status":"closed","ping_status":"open","template":"","meta":[],"product_brand":[],"product_cat":[2861,2698,2814,2697],"product_tag":[],"class_list":{"0":"post-11640","1":"product","2":"type-product","3":"status-publish","4":"has-post-thumbnail","6":"product_cat-muurisegud","7":"product_cat-pahtlid-ja-kuivsegud","8":"product_cat-tsementsegud","9":"product_cat-uldehitus","10":"pa_kaubamark-sakret-ou","12":"first","13":"instock","14":"sale","15":"taxable","16":"shipping-taxable","17":"purchasable","18":"product-type-simple"},"yoast_head":"<!-- This site is optimized with the Yoast SEO plugin v26.9 - https:\/\/yoast.com\/product\/yoast-seo-wordpress\/ -->\n<title>RESTAUREERIMISKROHV SAKRET HM-10 FIIBRITA 25KG - Espak E-pood<\/title>\n<meta name=\"robots\" content=\"index, follow, max-snippet:-1, max-image-preview:large, max-video-preview:-1\" \/>\n<link rel=\"canonical\" href=\"https:\/\/espak.ee\/epood\/toode\/restaureerimiskrohv-sakret-hm-10-fiibrita-25kg\/\" \/>\n<meta property=\"og:locale\" content=\"et_EE\" \/>\n<meta property=\"og:type\" content=\"article\" \/>\n<meta property=\"og:title\" content=\"RESTAUREERIMISKROHV SAKRET HM-10 FIIBRITA 25KG - Espak E-pood\" \/>\n<meta property=\"og:url\" content=\"https:\/\/espak.ee\/epood\/toode\/restaureerimiskrohv-sakret-hm-10-fiibrita-25kg\/\" \/>\n<meta property=\"og:site_name\" content=\"Espak E-pood\" \/>\n<meta property=\"article:modified_time\" content=\"2024-03-22T22:09:49+00:00\" \/>\n<meta property=\"og:image\" content=\"https:\/\/espak.ee\/epood\/wp-content\/uploads\/HM_10.png\" \/>\n\t<meta property=\"og:image:width\" content=\"1024\" \/>\n\t<meta property=\"og:image:height\" content=\"1024\" \/>\n\t<meta property=\"og:image:type\" content=\"image\/png\" \/>\n<meta name=\"twitter:card\" content=\"summary_large_image\" \/>\n<meta name=\"twitter:label1\" content=\"Est. reading time\" \/>\n\t<meta name=\"twitter:data1\" content=\"2 minutit\" \/>\n<script type=\"application\/ld+json\" class=\"yoast-schema-graph\">{\"@context\":\"https:\/\/schema.org\",\"@graph\":[{\"@type\":\"WebPage\",\"@id\":\"https:\/\/espak.ee\/epood\/toode\/restaureerimiskrohv-sakret-hm-10-fiibrita-25kg\/\",\"url\":\"https:\/\/espak.ee\/epood\/toode\/restaureerimiskrohv-sakret-hm-10-fiibrita-25kg\/\",\"name\":\"RESTAUREERIMISKROHV SAKRET HM-10 FIIBRITA 25KG - Espak E-pood\",\"isPartOf\":{\"@id\":\"https:\/\/espak.ee\/epood\/#website\"},\"primaryImageOfPage\":{\"@id\":\"https:\/\/espak.ee\/epood\/toode\/restaureerimiskrohv-sakret-hm-10-fiibrita-25kg\/#primaryimage\"},\"image\":{\"@id\":\"https:\/\/espak.ee\/epood\/toode\/restaureerimiskrohv-sakret-hm-10-fiibrita-25kg\/#primaryimage\"},\"thumbnailUrl\":\"https:\/\/espak.ee\/epood\/wp-content\/uploads\/HM_10.png\",\"datePublished\":\"2019-11-23T00:41:39+00:00\",\"dateModified\":\"2024-03-22T22:09:49+00:00\",\"breadcrumb\":{\"@id\":\"https:\/\/espak.ee\/epood\/toode\/restaureerimiskrohv-sakret-hm-10-fiibrita-25kg\/#breadcrumb\"},\"inLanguage\":\"et\",\"potentialAction\":[{\"@type\":\"ReadAction\",\"target\":[\"https:\/\/espak.ee\/epood\/toode\/restaureerimiskrohv-sakret-hm-10-fiibrita-25kg\/\"]}]},{\"@type\":\"ImageObject\",\"inLanguage\":\"et\",\"@id\":\"https:\/\/espak.ee\/epood\/toode\/restaureerimiskrohv-sakret-hm-10-fiibrita-25kg\/#primaryimage\",\"url\":\"https:\/\/espak.ee\/epood\/wp-content\/uploads\/HM_10.png\",\"contentUrl\":\"https:\/\/espak.ee\/epood\/wp-content\/uploads\/HM_10.png\",\"width\":1024,\"height\":1024},{\"@type\":\"BreadcrumbList\",\"@id\":\"https:\/\/espak.ee\/epood\/toode\/restaureerimiskrohv-sakret-hm-10-fiibrita-25kg\/#breadcrumb\",\"itemListElement\":[{\"@type\":\"ListItem\",\"position\":1,\"name\":\"Home\",\"item\":\"https:\/\/espak.ee\/epood\/\"},{\"@type\":\"ListItem\",\"position\":2,\"name\":\"Tootevalik\",\"item\":\"https:\/\/espak.ee\/epood\/tootevalik\/\"},{\"@type\":\"ListItem\",\"position\":3,\"name\":\"RESTAUREERIMISKROHV SAKRET HM-10 FIIBRITA 25KG\"}]},{\"@type\":\"WebSite\",\"@id\":\"https:\/\/espak.ee\/epood\/#website\",\"url\":\"https:\/\/espak.ee\/epood\/\",\"name\":\"Espak E-pood\",\"description\":\"\",\"potentialAction\":[{\"@type\":\"SearchAction\",\"target\":{\"@type\":\"EntryPoint\",\"urlTemplate\":\"https:\/\/espak.ee\/epood\/?s={search_term_string}\"},\"query-input\":{\"@type\":\"PropertyValueSpecification\",\"valueRequired\":true,\"valueName\":\"search_term_string\"}}],\"inLanguage\":\"et\"}]}<\/script>\n<!-- \/ Yoast SEO plugin. -->","yoast_head_json":{"title":"RESTAUREERIMISKROHV SAKRET HM-10 FIIBRITA 25KG - Espak E-pood","robots":{"index":"index","follow":"follow","max-snippet":"max-snippet:-1","max-image-preview":"max-image-preview:large","max-video-preview":"max-video-preview:-1"},"canonical":"https:\/\/espak.ee\/epood\/toode\/restaureerimiskrohv-sakret-hm-10-fiibrita-25kg\/","og_locale":"et_EE","og_type":"article","og_title":"RESTAUREERIMISKROHV SAKRET HM-10 FIIBRITA 25KG - Espak E-pood","og_url":"https:\/\/espak.ee\/epood\/toode\/restaureerimiskrohv-sakret-hm-10-fiibrita-25kg\/","og_site_name":"Espak E-pood","article_modified_time":"2024-03-22T22:09:49+00:00","og_image":[{"width":1024,"height":1024,"url":"https:\/\/espak.ee\/epood\/wp-content\/uploads\/HM_10.png","type":"image\/png"}],"twitter_card":"summary_large_image","twitter_misc":{"Est. reading time":"2 minutit"},"schema":{"@context":"https:\/\/schema.org","@graph":[{"@type":"WebPage","@id":"https:\/\/espak.ee\/epood\/toode\/restaureerimiskrohv-sakret-hm-10-fiibrita-25kg\/","url":"https:\/\/espak.ee\/epood\/toode\/restaureerimiskrohv-sakret-hm-10-fiibrita-25kg\/","name":"RESTAUREERIMISKROHV SAKRET HM-10 FIIBRITA 25KG - Espak E-pood","isPartOf":{"@id":"https:\/\/espak.ee\/epood\/#website"},"primaryImageOfPage":{"@id":"https:\/\/espak.ee\/epood\/toode\/restaureerimiskrohv-sakret-hm-10-fiibrita-25kg\/#primaryimage"},"image":{"@id":"https:\/\/espak.ee\/epood\/toode\/restaureerimiskrohv-sakret-hm-10-fiibrita-25kg\/#primaryimage"},"thumbnailUrl":"https:\/\/espak.ee\/epood\/wp-content\/uploads\/HM_10.png","datePublished":"2019-11-23T00:41:39+00:00","dateModified":"2024-03-22T22:09:49+00:00","breadcrumb":{"@id":"https:\/\/espak.ee\/epood\/toode\/restaureerimiskrohv-sakret-hm-10-fiibrita-25kg\/#breadcrumb"},"inLanguage":"et","potentialAction":[{"@type":"ReadAction","target":["https:\/\/espak.ee\/epood\/toode\/restaureerimiskrohv-sakret-hm-10-fiibrita-25kg\/"]}]},{"@type":"ImageObject","inLanguage":"et","@id":"https:\/\/espak.ee\/epood\/toode\/restaureerimiskrohv-sakret-hm-10-fiibrita-25kg\/#primaryimage","url":"https:\/\/espak.ee\/epood\/wp-content\/uploads\/HM_10.png","contentUrl":"https:\/\/espak.ee\/epood\/wp-content\/uploads\/HM_10.png","width":1024,"height":1024},{"@type":"BreadcrumbList","@id":"https:\/\/espak.ee\/epood\/toode\/restaureerimiskrohv-sakret-hm-10-fiibrita-25kg\/#breadcrumb","itemListElement":[{"@type":"ListItem","position":1,"name":"Home","item":"https:\/\/espak.ee\/epood\/"},{"@type":"ListItem","position":2,"name":"Tootevalik","item":"https:\/\/espak.ee\/epood\/tootevalik\/"},{"@type":"ListItem","position":3,"name":"RESTAUREERIMISKROHV SAKRET HM-10 FIIBRITA 25KG"}]},{"@type":"WebSite","@id":"https:\/\/espak.ee\/epood\/#website","url":"https:\/\/espak.ee\/epood\/","name":"Espak E-pood","description":"","potentialAction":[{"@type":"SearchAction","target":{"@type":"EntryPoint","urlTemplate":"https:\/\/espak.ee\/epood\/?s={search_term_string}"},"query-input":{"@type":"PropertyValueSpecification","valueRequired":true,"valueName":"search_term_string"}}],"inLanguage":"et"}]}},"_links":{"self":[{"href":"https:\/\/espak.ee\/epood\/wp-json\/wp\/v2\/product\/11640","targetHints":{"allow":["GET"]}}],"collection":[{"href":"https:\/\/espak.ee\/epood\/wp-json\/wp\/v2\/product"}],"about":[{"href":"https:\/\/espak.ee\/epood\/wp-json\/wp\/v2\/types\/product"}],"replies":[{"embeddable":true,"href":"https:\/\/espak.ee\/epood\/wp-json\/wp\/v2\/comments?post=11640"}],"wp:featuredmedia":[{"embeddable":true,"href":"https:\/\/espak.ee\/epood\/wp-json\/wp\/v2\/media\/12159"}],"wp:attachment":[{"href":"https:\/\/espak.ee\/epood\/wp-json\/wp\/v2\/media?parent=11640"}],"wp:term":[{"taxonomy":"product_brand","embeddable":true,"href":"https:\/\/espak.ee\/epood\/wp-json\/wp\/v2\/product_brand?post=11640"},{"taxonomy":"product_cat","embeddable":true,"href":"https:\/\/espak.ee\/epood\/wp-json\/wp\/v2\/product_cat?post=11640"},{"taxonomy":"product_tag","embeddable":true,"href":"https:\/\/espak.ee\/epood\/wp-json\/wp\/v2\/product_tag?post=11640"}],"curies":[{"name":"wp","href":"https:\/\/api.w.org\/{rel}","templated":true}]}}