{"id":11626,"date":"2019-11-23T02:41:31","date_gmt":"2019-11-23T00:41:31","guid":{"rendered":"https:\/\/espak.ee\/hinnakiri\/?post_type=product&#038;p=11626"},"modified":"2024-03-23T00:09:50","modified_gmt":"2024-03-22T22:09:50","slug":"hudroisolatsioonibetoon-sakret-bh-25kg","status":"publish","type":"product","link":"https:\/\/espak.ee\/epood\/toode\/hudroisolatsioonibetoon-sakret-bh-25kg\/","title":{"rendered":"H\u00dcDROISOLATSIOONIBETOON SAKRET BH 25KG"},"content":{"rendered":"<div class=\"row\"  id=\"row-1530633445\">\n\n\t<div id=\"col-1437148083\" class=\"col medium-9 small-12 large-9\"  >\n\t\t\t\t<div class=\"col-inner\"  >\n\t\t\t\n\t\t\t\n<h2>BH H\u00fcdroisolatsioonbetoon<\/h2>\n<div class=\"message-box relative\" style=\"padding-top:15px;padding-bottom:15px;\"><div class=\"message-box-bg-image bg-fill fill\" ><\/div><div class=\"message-box-bg-overlay bg-fill fill\" ><\/div><div class=\"container relative\"><div class=\"inner last-reset\">\n<div class=\"row align-middle align-center\"  id=\"row-168120301\">\n\n\t<div id=\"col-1145504975\" class=\"col small-12 large-12\"  >\n\t\t\t\t<div class=\"col-inner text-left\"  >\n\t\t\t\n\t\t\t\n<h4>Omadused<\/h4>\n<div class=\"row\"  id=\"row-1500140378\">\n\n\t<div id=\"col-554692990\" class=\"col medium-6 small-12 large-6\"  >\n\t\t\t\t<div class=\"col-inner\"  >\n\t\t\t\n\t\t\t\n<p><i class=\"fa fa-check fa-2x\"><\/i> <strong>Sise- ja v\u00e4list\u00f6\u00f6deks<\/strong><\/p>\n<p><i class=\"fa fa-check fa-2x\"><\/i> <strong>K\u00f5rge p\u00fcsivus agressiivsetes keskkondades<\/strong><\/p>\n\t\t<\/div>\n\t\t\t\t\n<style>\n#col-554692990 > .col-inner {\n  margin: 0px 0px 15px 0px;\n}\n<\/style>\n\t<\/div>\n\n\t\n\n\t<div id=\"col-112884502\" class=\"col medium-6 small-12 large-6\"  >\n\t\t\t\t<div class=\"col-inner\"  >\n\t\t\t\n\t\t\t\n<p><i class=\"fa fa-check fa-2x\"><\/i> <strong>K\u00f5rgendatud veekindlus<\/strong><\/p>\n<p><i class=\"fa fa-check fa-2x\"><\/i> <strong>V\u00f5imalik kasutada k\u00f6etavate p\u00f5randate valamiseks<\/strong><\/p>\n\t\t<\/div>\n\t\t\t\t\n<style>\n#col-112884502 > .col-inner {\n  margin: 0px 0px 15px 0px;\n}\n<\/style>\n\t<\/div>\n\n\t\n<\/div>\n\t\t<\/div>\n\t\t\t\t\t<\/div>\n\n\t\n<\/div>\n<\/div><\/div><\/div>\n\t<div id=\"gap-1398750822\" class=\"gap-element clearfix\" style=\"display:block; height:auto;\">\n\t\t\n<style>\n#gap-1398750822 {\n  padding-top: 30px;\n}\n<\/style>\n\t<\/div>\n\t\n<h3>Kasutamise \u00fcksikasjad<\/h3>\n<p><strong>Aluspinna ettevalmistus:<\/strong> Aluspind peab olema stabiilne, tugev, ilma pragudeta. Puhastada pind pudedatest pindmistest kihtidest,tolmust, \u00f5list, v\u00e4rvij\u00e4\u00e4kidest jms. Eriti tihedad ja\/v\u00f5i siledad pinnad t\u00f6\u00f6delda \u00fcle abrasiiviga. Mineraalsed aluspinnad kruntida krundiga Sakret UG (lahjendada veega 1:3).  Monoliitvalu korral kasutada ainult mitteimavaid v\u00f5i v\u00e4heimavaid raketisi, t\u00f6\u00f6delda eelnevalt raketise\u00f5liga. Raudbetoonkonstruktsioonides tagada metalldetailidele k\u00fcllaldane kaitsekiht. Suurte konstruktsioonide pindadel j\u00e4rgida deformatsioonivuukide intervalli.<\/p>\n<p><strong>Kasutamine:<\/strong> SAKRET \u0412H tuleb segada puhtas n\u00f5us v\u00f5i segumasinas k\u00fclma puhta veega t\u00fckivabaks massiks. Paigaldada betoon \u00fchtlaselt raketisse ning tihendada, tasandada ja siluda. Ehitise deformatsioonivuuke ei tohi betooniga katta. P\u00f5randate valamisel kasutada armatuurv\u00f5rku. Kaitsta v\u00e4rskelt valatud pindu otsese p\u00e4ikesepaiste, sademete, k\u00fclmumise ja tugeva tuule eest, soovitav on j\u00e4relniisutus. P\u00f5randate valamiseks on v\u00e4him optimaalseim kihipaksus 40 mm. Valatud pinnad on k\u00e4idavad ja plaaditavad 24 h m\u00f6\u00f6dumisel valamisest.<\/p>\n\t\t<\/div>\n\t\t\t\t\t<\/div>\n\n\t\n\n\t<div id=\"col-2073582599\" class=\"col medium-3 small-12 large-3\"  >\n\t\t\t\t<div class=\"col-inner\"  >\n\t\t\t\n\t\t\t\n\t<div id=\"gap-109894633\" class=\"gap-element clearfix\" style=\"display:block; height:auto;\">\n\t\t\n<style>\n#gap-109894633 {\n  padding-top: 30px;\n}\n<\/style>\n\t<\/div>\n\t\n<h3>Ohutusalane teave<\/h3>\n<p><a href=\"https:\/\/espak.ee\/epood\/wp-content\/uploads\/BH-tooteohutuskaart1.pdf\" target=\"_blank\" rel=\"noopener noreferrer\"><i class=\"far fa-file-pdf\"><\/i> Ohutusalane teave (PDF)<\/a><\/p>\n<div class=\"is-divider divider clearfix\" ><\/div>\n<p><strong>\u00dcksikasjalikuma n\u00f5u saamiseks v\u00f5tke \u00fchendust:<br \/><\/strong>Sakret O\u00dc<br \/>M\u00e4o k\u00fcla<br \/>Paide linn<br \/>J\u00e4rvamaa<br \/>72751<\/p>\n<div class=\"is-divider divider clearfix\" ><\/div>\n\t\t<\/div>\n\t\t\t\t\t<\/div>\n\n\t\n<\/div>\n","protected":false},"excerpt":{"rendered":"","protected":false},"featured_media":12012,"comment_status":"closed","ping_status":"open","template":"","meta":[],"product_brand":[],"product_cat":[2860,2698,2814,2697],"product_tag":[],"class_list":{"0":"post-11626","1":"product","2":"type-product","3":"status-publish","4":"has-post-thumbnail","6":"product_cat-betoon","7":"product_cat-pahtlid-ja-kuivsegud","8":"product_cat-tsementsegud","9":"product_cat-uldehitus","10":"pa_kaubamark-sakret-ou","12":"first","13":"instock","14":"sale","15":"taxable","16":"shipping-taxable","17":"purchasable","18":"product-type-simple"},"yoast_head":"<!-- This site is optimized with the Yoast SEO plugin v26.9 - https:\/\/yoast.com\/product\/yoast-seo-wordpress\/ -->\n<title>H\u00dcDROISOLATSIOONIBETOON SAKRET BH 25KG - Espak E-pood<\/title>\n<meta name=\"robots\" content=\"index, follow, max-snippet:-1, max-image-preview:large, max-video-preview:-1\" \/>\n<link rel=\"canonical\" href=\"https:\/\/espak.ee\/epood\/toode\/hudroisolatsioonibetoon-sakret-bh-25kg\/\" \/>\n<meta property=\"og:locale\" content=\"et_EE\" \/>\n<meta property=\"og:type\" content=\"article\" \/>\n<meta property=\"og:title\" content=\"H\u00dcDROISOLATSIOONIBETOON SAKRET BH 25KG - Espak E-pood\" \/>\n<meta property=\"og:url\" content=\"https:\/\/espak.ee\/epood\/toode\/hudroisolatsioonibetoon-sakret-bh-25kg\/\" \/>\n<meta property=\"og:site_name\" content=\"Espak E-pood\" \/>\n<meta property=\"article:modified_time\" content=\"2024-03-22T22:09:50+00:00\" \/>\n<meta property=\"og:image\" content=\"https:\/\/espak.ee\/epood\/wp-content\/uploads\/BH.png\" \/>\n\t<meta property=\"og:image:width\" content=\"1024\" \/>\n\t<meta property=\"og:image:height\" content=\"1024\" \/>\n\t<meta property=\"og:image:type\" content=\"image\/png\" \/>\n<meta name=\"twitter:card\" content=\"summary_large_image\" \/>\n<meta name=\"twitter:label1\" content=\"Est. reading time\" \/>\n\t<meta name=\"twitter:data1\" content=\"1 minut\" \/>\n<script type=\"application\/ld+json\" class=\"yoast-schema-graph\">{\"@context\":\"https:\/\/schema.org\",\"@graph\":[{\"@type\":\"WebPage\",\"@id\":\"https:\/\/espak.ee\/epood\/toode\/hudroisolatsioonibetoon-sakret-bh-25kg\/\",\"url\":\"https:\/\/espak.ee\/epood\/toode\/hudroisolatsioonibetoon-sakret-bh-25kg\/\",\"name\":\"H\u00dcDROISOLATSIOONIBETOON SAKRET BH 25KG - Espak E-pood\",\"isPartOf\":{\"@id\":\"https:\/\/espak.ee\/epood\/#website\"},\"primaryImageOfPage\":{\"@id\":\"https:\/\/espak.ee\/epood\/toode\/hudroisolatsioonibetoon-sakret-bh-25kg\/#primaryimage\"},\"image\":{\"@id\":\"https:\/\/espak.ee\/epood\/toode\/hudroisolatsioonibetoon-sakret-bh-25kg\/#primaryimage\"},\"thumbnailUrl\":\"https:\/\/espak.ee\/epood\/wp-content\/uploads\/BH.png\",\"datePublished\":\"2019-11-23T00:41:31+00:00\",\"dateModified\":\"2024-03-22T22:09:50+00:00\",\"breadcrumb\":{\"@id\":\"https:\/\/espak.ee\/epood\/toode\/hudroisolatsioonibetoon-sakret-bh-25kg\/#breadcrumb\"},\"inLanguage\":\"et\",\"potentialAction\":[{\"@type\":\"ReadAction\",\"target\":[\"https:\/\/espak.ee\/epood\/toode\/hudroisolatsioonibetoon-sakret-bh-25kg\/\"]}]},{\"@type\":\"ImageObject\",\"inLanguage\":\"et\",\"@id\":\"https:\/\/espak.ee\/epood\/toode\/hudroisolatsioonibetoon-sakret-bh-25kg\/#primaryimage\",\"url\":\"https:\/\/espak.ee\/epood\/wp-content\/uploads\/BH.png\",\"contentUrl\":\"https:\/\/espak.ee\/epood\/wp-content\/uploads\/BH.png\",\"width\":1024,\"height\":1024},{\"@type\":\"BreadcrumbList\",\"@id\":\"https:\/\/espak.ee\/epood\/toode\/hudroisolatsioonibetoon-sakret-bh-25kg\/#breadcrumb\",\"itemListElement\":[{\"@type\":\"ListItem\",\"position\":1,\"name\":\"Home\",\"item\":\"https:\/\/espak.ee\/epood\/\"},{\"@type\":\"ListItem\",\"position\":2,\"name\":\"Tootevalik\",\"item\":\"https:\/\/espak.ee\/epood\/tootevalik\/\"},{\"@type\":\"ListItem\",\"position\":3,\"name\":\"H\u00dcDROISOLATSIOONIBETOON SAKRET BH 25KG\"}]},{\"@type\":\"WebSite\",\"@id\":\"https:\/\/espak.ee\/epood\/#website\",\"url\":\"https:\/\/espak.ee\/epood\/\",\"name\":\"Espak E-pood\",\"description\":\"\",\"potentialAction\":[{\"@type\":\"SearchAction\",\"target\":{\"@type\":\"EntryPoint\",\"urlTemplate\":\"https:\/\/espak.ee\/epood\/?s={search_term_string}\"},\"query-input\":{\"@type\":\"PropertyValueSpecification\",\"valueRequired\":true,\"valueName\":\"search_term_string\"}}],\"inLanguage\":\"et\"}]}<\/script>\n<!-- \/ Yoast SEO plugin. -->","yoast_head_json":{"title":"H\u00dcDROISOLATSIOONIBETOON SAKRET BH 25KG - Espak E-pood","robots":{"index":"index","follow":"follow","max-snippet":"max-snippet:-1","max-image-preview":"max-image-preview:large","max-video-preview":"max-video-preview:-1"},"canonical":"https:\/\/espak.ee\/epood\/toode\/hudroisolatsioonibetoon-sakret-bh-25kg\/","og_locale":"et_EE","og_type":"article","og_title":"H\u00dcDROISOLATSIOONIBETOON SAKRET BH 25KG - Espak E-pood","og_url":"https:\/\/espak.ee\/epood\/toode\/hudroisolatsioonibetoon-sakret-bh-25kg\/","og_site_name":"Espak E-pood","article_modified_time":"2024-03-22T22:09:50+00:00","og_image":[{"width":1024,"height":1024,"url":"https:\/\/espak.ee\/epood\/wp-content\/uploads\/BH.png","type":"image\/png"}],"twitter_card":"summary_large_image","twitter_misc":{"Est. reading time":"1 minut"},"schema":{"@context":"https:\/\/schema.org","@graph":[{"@type":"WebPage","@id":"https:\/\/espak.ee\/epood\/toode\/hudroisolatsioonibetoon-sakret-bh-25kg\/","url":"https:\/\/espak.ee\/epood\/toode\/hudroisolatsioonibetoon-sakret-bh-25kg\/","name":"H\u00dcDROISOLATSIOONIBETOON SAKRET BH 25KG - Espak E-pood","isPartOf":{"@id":"https:\/\/espak.ee\/epood\/#website"},"primaryImageOfPage":{"@id":"https:\/\/espak.ee\/epood\/toode\/hudroisolatsioonibetoon-sakret-bh-25kg\/#primaryimage"},"image":{"@id":"https:\/\/espak.ee\/epood\/toode\/hudroisolatsioonibetoon-sakret-bh-25kg\/#primaryimage"},"thumbnailUrl":"https:\/\/espak.ee\/epood\/wp-content\/uploads\/BH.png","datePublished":"2019-11-23T00:41:31+00:00","dateModified":"2024-03-22T22:09:50+00:00","breadcrumb":{"@id":"https:\/\/espak.ee\/epood\/toode\/hudroisolatsioonibetoon-sakret-bh-25kg\/#breadcrumb"},"inLanguage":"et","potentialAction":[{"@type":"ReadAction","target":["https:\/\/espak.ee\/epood\/toode\/hudroisolatsioonibetoon-sakret-bh-25kg\/"]}]},{"@type":"ImageObject","inLanguage":"et","@id":"https:\/\/espak.ee\/epood\/toode\/hudroisolatsioonibetoon-sakret-bh-25kg\/#primaryimage","url":"https:\/\/espak.ee\/epood\/wp-content\/uploads\/BH.png","contentUrl":"https:\/\/espak.ee\/epood\/wp-content\/uploads\/BH.png","width":1024,"height":1024},{"@type":"BreadcrumbList","@id":"https:\/\/espak.ee\/epood\/toode\/hudroisolatsioonibetoon-sakret-bh-25kg\/#breadcrumb","itemListElement":[{"@type":"ListItem","position":1,"name":"Home","item":"https:\/\/espak.ee\/epood\/"},{"@type":"ListItem","position":2,"name":"Tootevalik","item":"https:\/\/espak.ee\/epood\/tootevalik\/"},{"@type":"ListItem","position":3,"name":"H\u00dcDROISOLATSIOONIBETOON SAKRET BH 25KG"}]},{"@type":"WebSite","@id":"https:\/\/espak.ee\/epood\/#website","url":"https:\/\/espak.ee\/epood\/","name":"Espak E-pood","description":"","potentialAction":[{"@type":"SearchAction","target":{"@type":"EntryPoint","urlTemplate":"https:\/\/espak.ee\/epood\/?s={search_term_string}"},"query-input":{"@type":"PropertyValueSpecification","valueRequired":true,"valueName":"search_term_string"}}],"inLanguage":"et"}]}},"_links":{"self":[{"href":"https:\/\/espak.ee\/epood\/wp-json\/wp\/v2\/product\/11626","targetHints":{"allow":["GET"]}}],"collection":[{"href":"https:\/\/espak.ee\/epood\/wp-json\/wp\/v2\/product"}],"about":[{"href":"https:\/\/espak.ee\/epood\/wp-json\/wp\/v2\/types\/product"}],"replies":[{"embeddable":true,"href":"https:\/\/espak.ee\/epood\/wp-json\/wp\/v2\/comments?post=11626"}],"wp:featuredmedia":[{"embeddable":true,"href":"https:\/\/espak.ee\/epood\/wp-json\/wp\/v2\/media\/12012"}],"wp:attachment":[{"href":"https:\/\/espak.ee\/epood\/wp-json\/wp\/v2\/media?parent=11626"}],"wp:term":[{"taxonomy":"product_brand","embeddable":true,"href":"https:\/\/espak.ee\/epood\/wp-json\/wp\/v2\/product_brand?post=11626"},{"taxonomy":"product_cat","embeddable":true,"href":"https:\/\/espak.ee\/epood\/wp-json\/wp\/v2\/product_cat?post=11626"},{"taxonomy":"product_tag","embeddable":true,"href":"https:\/\/espak.ee\/epood\/wp-json\/wp\/v2\/product_tag?post=11626"}],"curies":[{"name":"wp","href":"https:\/\/api.w.org\/{rel}","templated":true}]}}