{"id":11624,"date":"2019-11-23T02:41:31","date_gmt":"2019-11-23T00:41:31","guid":{"rendered":"https:\/\/espak.ee\/hinnakiri\/?post_type=product&#038;p=11624"},"modified":"2024-11-03T11:53:37","modified_gmt":"2024-11-03T09:53:37","slug":"ehituskrunt-sakret-bg-1l","status":"publish","type":"product","link":"https:\/\/espak.ee\/epood\/toode\/ehituskrunt-sakret-bg-1l\/","title":{"rendered":"EHITUSKRUNT SAKRET BG 1L"},"content":{"rendered":"<div class=\"row\"  id=\"row-1908589471\">\n\n\t<div id=\"col-1709399609\" class=\"col medium-9 small-12 large-9\"  >\n\t\t\t\t<div class=\"col-inner\"  >\n\t\t\t\n\t\t\t\n<h2>BG Ehituskrunt<\/h2>\n<div class=\"message-box relative\" style=\"padding-top:15px;padding-bottom:15px;\"><div class=\"message-box-bg-image bg-fill fill\" ><\/div><div class=\"message-box-bg-overlay bg-fill fill\" ><\/div><div class=\"container relative\"><div class=\"inner last-reset\">\n<div class=\"row align-middle align-center\"  id=\"row-1494713307\">\n\n\t<div id=\"col-444962000\" class=\"col small-12 large-12\"  >\n\t\t\t\t<div class=\"col-inner text-left\"  >\n\t\t\t\n\t\t\t\n<h4>Omadused<\/h4>\n<div class=\"row\"  id=\"row-2138894467\">\n\n\t<div id=\"col-24732235\" class=\"col medium-6 small-12 large-6\"  >\n\t\t\t\t<div class=\"col-inner\"  >\n\t\t\t\n\t\t\t\n<p><i class=\"fa fa-check fa-2x\"><\/i> <strong>Sise- ja v\u00e4list\u00f6\u00f6deks<\/strong><\/p>\n<p><i class=\"fa fa-check fa-2x\"><\/i> <strong>Seintele, lagedele ja p\u00f5randatele<\/strong><\/p>\n\t\t<\/div>\n\t\t\t\t\n<style>\n#col-24732235 > .col-inner {\n  margin: 0px 0px 15px 0px;\n}\n<\/style>\n\t<\/div>\n\n\t\n\n\t<div id=\"col-1155588410\" class=\"col medium-6 small-12 large-6\"  >\n\t\t\t\t<div class=\"col-inner\"  >\n\t\t\t\n\t\t\t\n<p><i class=\"fa fa-check fa-2x\"><\/i> <strong>Parandab aluspinna nakkuvust<\/strong><\/p>\n<p><i class=\"fa fa-check fa-2x\"><\/i> <strong>Eriti sobilik poorbetoonile<\/strong><\/p>\n\t\t<\/div>\n\t\t\t\t\n<style>\n#col-1155588410 > .col-inner {\n  margin: 0px 0px 15px 0px;\n}\n<\/style>\n\t<\/div>\n\n\t\n<\/div>\n\t\t<\/div>\n\t\t\t\t\t<\/div>\n\n\t\n<\/div>\n<\/div><\/div><\/div>\n\t<div id=\"gap-1606607009\" class=\"gap-element clearfix\" style=\"display:block; height:auto;\">\n\t\t\n<style>\n#gap-1606607009 {\n  padding-top: 30px;\n}\n<\/style>\n\t<\/div>\n\t\n<h3>Kasutamise \u00fcksikasjad<\/h3>\n<p><strong>Kasutamine:<\/strong> Pind peab olema puhas ja kuiv. Pind puhastada lahtistest osakestest, liimist, \u00f5list, lubjast ja kooruvast v\u00e4rvist. Enne kasutamist segada. Krunt kanda aluspinnale lahjendamata kujul pintsli, maalrirulli v\u00f5i pihustiga. S\u00f5ltuvalt imavusest kanda pinnale mitu kihti. Kuivamisaeg s\u00f5ltuvalt aluspinna ja \u00f5hutemperatuurist 30 min &#8211; 2 h. T\u00f6\u00f6vahendid pesta kohe peale kruntimist veega.<\/p>\n\t\t<\/div>\n\t\t\t\t\t<\/div>\n\n\t\n\n\t<div id=\"col-1327255717\" class=\"col medium-3 small-12 large-3\"  >\n\t\t\t\t<div class=\"col-inner\"  >\n\t\t\t\n\t\t\t\n\t<div id=\"gap-1930248887\" class=\"gap-element clearfix\" style=\"display:block; height:auto;\">\n\t\t\n<style>\n#gap-1930248887 {\n  padding-top: 30px;\n}\n<\/style>\n\t<\/div>\n\t\n<h3>Ohutusalane teave<\/h3>\n<p><a href=\"https:\/\/espak.ee\/epood\/wp-content\/uploads\/BG-ohutuskaart.pdf\" target=\"_blank\" rel=\"noopener noreferrer\"><i class=\"far fa-file-pdf\"><\/i> Ohutusalane teave (PDF)<\/a><\/p>\n<div class=\"is-divider divider clearfix\" ><\/div>\n<p><strong>\u00dcksikasjalikuma n\u00f5u saamiseks v\u00f5tke \u00fchendust:<br \/><\/strong>Sakret O\u00dc<br \/>M\u00e4o k\u00fcla<br \/>Paide linn<br \/>J\u00e4rvamaa<br \/>72751<\/p>\n<div class=\"is-divider divider clearfix\" ><\/div>\n\t\t<\/div>\n\t\t\t\t\t<\/div>\n\n\t\n<\/div>\n","protected":false},"excerpt":{"rendered":"","protected":false},"featured_media":11880,"comment_status":"closed","ping_status":"open","template":"","meta":[],"product_brand":[],"product_cat":[2711,2712,2713,2697],"product_tag":[],"class_list":{"0":"post-11624","1":"product","2":"type-product","3":"status-publish","4":"has-post-thumbnail","6":"product_cat-fassaadimaterjalid","7":"product_cat-krundid","8":"product_cat-krundid-krundid","9":"product_cat-uldehitus","10":"pa_kaubamark-sakret-ou","12":"first","13":"instock","14":"sale","15":"taxable","16":"shipping-taxable","17":"purchasable","18":"product-type-simple"},"yoast_head":"<!-- This site is optimized with the Yoast SEO plugin v26.9 - https:\/\/yoast.com\/product\/yoast-seo-wordpress\/ -->\n<title>EHITUSKRUNT SAKRET BG 1L - Espak E-pood<\/title>\n<meta name=\"robots\" content=\"index, follow, max-snippet:-1, max-image-preview:large, max-video-preview:-1\" \/>\n<link rel=\"canonical\" href=\"https:\/\/espak.ee\/epood\/toode\/ehituskrunt-sakret-bg-1l\/\" \/>\n<meta property=\"og:locale\" content=\"et_EE\" \/>\n<meta property=\"og:type\" content=\"article\" \/>\n<meta property=\"og:title\" content=\"EHITUSKRUNT SAKRET BG 1L - Espak E-pood\" \/>\n<meta property=\"og:url\" content=\"https:\/\/espak.ee\/epood\/toode\/ehituskrunt-sakret-bg-1l\/\" \/>\n<meta property=\"og:site_name\" content=\"Espak E-pood\" \/>\n<meta property=\"article:modified_time\" content=\"2024-11-03T09:53:37+00:00\" \/>\n<meta property=\"og:image\" content=\"https:\/\/espak.ee\/epood\/wp-content\/uploads\/BG.png\" \/>\n\t<meta property=\"og:image:width\" content=\"768\" \/>\n\t<meta property=\"og:image:height\" content=\"768\" \/>\n\t<meta property=\"og:image:type\" content=\"image\/png\" \/>\n<meta name=\"twitter:card\" content=\"summary_large_image\" \/>\n<meta name=\"twitter:label1\" content=\"Est. reading time\" \/>\n\t<meta name=\"twitter:data1\" content=\"1 minut\" \/>\n<script type=\"application\/ld+json\" class=\"yoast-schema-graph\">{\"@context\":\"https:\/\/schema.org\",\"@graph\":[{\"@type\":\"WebPage\",\"@id\":\"https:\/\/espak.ee\/epood\/toode\/ehituskrunt-sakret-bg-1l\/\",\"url\":\"https:\/\/espak.ee\/epood\/toode\/ehituskrunt-sakret-bg-1l\/\",\"name\":\"EHITUSKRUNT SAKRET BG 1L - Espak E-pood\",\"isPartOf\":{\"@id\":\"https:\/\/espak.ee\/epood\/#website\"},\"primaryImageOfPage\":{\"@id\":\"https:\/\/espak.ee\/epood\/toode\/ehituskrunt-sakret-bg-1l\/#primaryimage\"},\"image\":{\"@id\":\"https:\/\/espak.ee\/epood\/toode\/ehituskrunt-sakret-bg-1l\/#primaryimage\"},\"thumbnailUrl\":\"https:\/\/espak.ee\/epood\/wp-content\/uploads\/BG.png\",\"datePublished\":\"2019-11-23T00:41:31+00:00\",\"dateModified\":\"2024-11-03T09:53:37+00:00\",\"breadcrumb\":{\"@id\":\"https:\/\/espak.ee\/epood\/toode\/ehituskrunt-sakret-bg-1l\/#breadcrumb\"},\"inLanguage\":\"et\",\"potentialAction\":[{\"@type\":\"ReadAction\",\"target\":[\"https:\/\/espak.ee\/epood\/toode\/ehituskrunt-sakret-bg-1l\/\"]}]},{\"@type\":\"ImageObject\",\"inLanguage\":\"et\",\"@id\":\"https:\/\/espak.ee\/epood\/toode\/ehituskrunt-sakret-bg-1l\/#primaryimage\",\"url\":\"https:\/\/espak.ee\/epood\/wp-content\/uploads\/BG.png\",\"contentUrl\":\"https:\/\/espak.ee\/epood\/wp-content\/uploads\/BG.png\",\"width\":768,\"height\":768},{\"@type\":\"BreadcrumbList\",\"@id\":\"https:\/\/espak.ee\/epood\/toode\/ehituskrunt-sakret-bg-1l\/#breadcrumb\",\"itemListElement\":[{\"@type\":\"ListItem\",\"position\":1,\"name\":\"Home\",\"item\":\"https:\/\/espak.ee\/epood\/\"},{\"@type\":\"ListItem\",\"position\":2,\"name\":\"Tootevalik\",\"item\":\"https:\/\/espak.ee\/epood\/tootevalik\/\"},{\"@type\":\"ListItem\",\"position\":3,\"name\":\"EHITUSKRUNT SAKRET BG 1L\"}]},{\"@type\":\"WebSite\",\"@id\":\"https:\/\/espak.ee\/epood\/#website\",\"url\":\"https:\/\/espak.ee\/epood\/\",\"name\":\"Espak E-pood\",\"description\":\"\",\"potentialAction\":[{\"@type\":\"SearchAction\",\"target\":{\"@type\":\"EntryPoint\",\"urlTemplate\":\"https:\/\/espak.ee\/epood\/?s={search_term_string}\"},\"query-input\":{\"@type\":\"PropertyValueSpecification\",\"valueRequired\":true,\"valueName\":\"search_term_string\"}}],\"inLanguage\":\"et\"}]}<\/script>\n<!-- \/ Yoast SEO plugin. -->","yoast_head_json":{"title":"EHITUSKRUNT SAKRET BG 1L - Espak E-pood","robots":{"index":"index","follow":"follow","max-snippet":"max-snippet:-1","max-image-preview":"max-image-preview:large","max-video-preview":"max-video-preview:-1"},"canonical":"https:\/\/espak.ee\/epood\/toode\/ehituskrunt-sakret-bg-1l\/","og_locale":"et_EE","og_type":"article","og_title":"EHITUSKRUNT SAKRET BG 1L - Espak E-pood","og_url":"https:\/\/espak.ee\/epood\/toode\/ehituskrunt-sakret-bg-1l\/","og_site_name":"Espak E-pood","article_modified_time":"2024-11-03T09:53:37+00:00","og_image":[{"width":768,"height":768,"url":"https:\/\/espak.ee\/epood\/wp-content\/uploads\/BG.png","type":"image\/png"}],"twitter_card":"summary_large_image","twitter_misc":{"Est. reading time":"1 minut"},"schema":{"@context":"https:\/\/schema.org","@graph":[{"@type":"WebPage","@id":"https:\/\/espak.ee\/epood\/toode\/ehituskrunt-sakret-bg-1l\/","url":"https:\/\/espak.ee\/epood\/toode\/ehituskrunt-sakret-bg-1l\/","name":"EHITUSKRUNT SAKRET BG 1L - Espak E-pood","isPartOf":{"@id":"https:\/\/espak.ee\/epood\/#website"},"primaryImageOfPage":{"@id":"https:\/\/espak.ee\/epood\/toode\/ehituskrunt-sakret-bg-1l\/#primaryimage"},"image":{"@id":"https:\/\/espak.ee\/epood\/toode\/ehituskrunt-sakret-bg-1l\/#primaryimage"},"thumbnailUrl":"https:\/\/espak.ee\/epood\/wp-content\/uploads\/BG.png","datePublished":"2019-11-23T00:41:31+00:00","dateModified":"2024-11-03T09:53:37+00:00","breadcrumb":{"@id":"https:\/\/espak.ee\/epood\/toode\/ehituskrunt-sakret-bg-1l\/#breadcrumb"},"inLanguage":"et","potentialAction":[{"@type":"ReadAction","target":["https:\/\/espak.ee\/epood\/toode\/ehituskrunt-sakret-bg-1l\/"]}]},{"@type":"ImageObject","inLanguage":"et","@id":"https:\/\/espak.ee\/epood\/toode\/ehituskrunt-sakret-bg-1l\/#primaryimage","url":"https:\/\/espak.ee\/epood\/wp-content\/uploads\/BG.png","contentUrl":"https:\/\/espak.ee\/epood\/wp-content\/uploads\/BG.png","width":768,"height":768},{"@type":"BreadcrumbList","@id":"https:\/\/espak.ee\/epood\/toode\/ehituskrunt-sakret-bg-1l\/#breadcrumb","itemListElement":[{"@type":"ListItem","position":1,"name":"Home","item":"https:\/\/espak.ee\/epood\/"},{"@type":"ListItem","position":2,"name":"Tootevalik","item":"https:\/\/espak.ee\/epood\/tootevalik\/"},{"@type":"ListItem","position":3,"name":"EHITUSKRUNT SAKRET BG 1L"}]},{"@type":"WebSite","@id":"https:\/\/espak.ee\/epood\/#website","url":"https:\/\/espak.ee\/epood\/","name":"Espak E-pood","description":"","potentialAction":[{"@type":"SearchAction","target":{"@type":"EntryPoint","urlTemplate":"https:\/\/espak.ee\/epood\/?s={search_term_string}"},"query-input":{"@type":"PropertyValueSpecification","valueRequired":true,"valueName":"search_term_string"}}],"inLanguage":"et"}]}},"_links":{"self":[{"href":"https:\/\/espak.ee\/epood\/wp-json\/wp\/v2\/product\/11624","targetHints":{"allow":["GET"]}}],"collection":[{"href":"https:\/\/espak.ee\/epood\/wp-json\/wp\/v2\/product"}],"about":[{"href":"https:\/\/espak.ee\/epood\/wp-json\/wp\/v2\/types\/product"}],"replies":[{"embeddable":true,"href":"https:\/\/espak.ee\/epood\/wp-json\/wp\/v2\/comments?post=11624"}],"wp:featuredmedia":[{"embeddable":true,"href":"https:\/\/espak.ee\/epood\/wp-json\/wp\/v2\/media\/11880"}],"wp:attachment":[{"href":"https:\/\/espak.ee\/epood\/wp-json\/wp\/v2\/media?parent=11624"}],"wp:term":[{"taxonomy":"product_brand","embeddable":true,"href":"https:\/\/espak.ee\/epood\/wp-json\/wp\/v2\/product_brand?post=11624"},{"taxonomy":"product_cat","embeddable":true,"href":"https:\/\/espak.ee\/epood\/wp-json\/wp\/v2\/product_cat?post=11624"},{"taxonomy":"product_tag","embeddable":true,"href":"https:\/\/espak.ee\/epood\/wp-json\/wp\/v2\/product_tag?post=11624"}],"curies":[{"name":"wp","href":"https:\/\/api.w.org\/{rel}","templated":true}]}}