{"id":11590,"date":"2019-11-22T02:45:32","date_gmt":"2019-11-22T00:45:32","guid":{"rendered":"https:\/\/espak.ee\/hinnakiri\/?post_type=product&#038;p=11590"},"modified":"2025-10-06T21:34:31","modified_gmt":"2025-10-06T18:34:31","slug":"isetasanduv-porandasegu-ceresit-cn-76-25kg","status":"publish","type":"product","link":"https:\/\/espak.ee\/epood\/toode\/isetasanduv-porandasegu-ceresit-cn-76-25kg\/","title":{"rendered":"ISETASANDUV P\u00d5RANDASEGU CERESIT CN-76 25KG"},"content":{"rendered":"<div class=\"row\"  id=\"row-736234123\">\n\n\t<div id=\"col-1497239483\" class=\"col medium-9 small-12 large-9\"  >\n\t\t\t\t<div class=\"col-inner\"  >\n\t\t\t\n\t\t\t\n<h2>CN 76 Isetasanduv p\u00f5randasegu<\/h2>\n<p>Isetasanduv segu v\u00e4ga suure koormusega p\u00f5randate ning 4 &#8211; 50 mm paksuste tasandavate aluskihtide valamiseks p\u00f5randakattematerjalide alla.<\/p>\n<div class=\"message-box relative\" style=\"padding-top:15px;padding-bottom:15px;\"><div class=\"message-box-bg-image bg-fill fill\" ><\/div><div class=\"message-box-bg-overlay bg-fill fill\" ><\/div><div class=\"container relative\"><div class=\"inner last-reset\">\n<div class=\"row align-middle align-center\"  id=\"row-2080777066\">\n\n\t<div id=\"col-399485358\" class=\"col small-12 large-12\"  >\n\t\t\t\t<div class=\"col-inner text-left\"  >\n\t\t\t\n\t\t\t\n<h4>Omadused<\/h4>\n<div class=\"row\"  id=\"row-60156146\">\n\n\t<div id=\"col-1617100860\" class=\"col medium-6 small-12 large-6\"  >\n\t\t\t\t<div class=\"col-inner\"  >\n\t\t\t\n\t\t\t\n<p><i class=\"fa fa-check fa-2x\"><\/i> <strong>Vee- ja k\u00fclmakindel<\/strong><\/p>\n<p><i class=\"fa fa-check fa-2x\"><\/i> <strong>V\u00e4ga kandev<\/strong><\/p>\n\t\t<\/div>\n\t\t\t\t\n<style>\n#col-1617100860 > .col-inner {\n  margin: 0px 0px 15px 0px;\n}\n<\/style>\n\t<\/div>\n\n\t\n\n\t<div id=\"col-107479434\" class=\"col medium-6 small-12 large-6\"  >\n\t\t\t\t<div class=\"col-inner\"  >\n\t\t\t\n\t\t\t\n<p><i class=\"fa fa-check fa-2x\"><\/i> <strong>Kiiresti kuivav<\/strong><\/p>\n<p><i class=\"fa fa-check fa-2x\"><\/i> <strong>Sobib masinaga pealekandmiseks<\/strong><\/p>\n\t\t<\/div>\n\t\t\t\t\n<style>\n#col-107479434 > .col-inner {\n  margin: 0px 0px 15px 0px;\n}\n<\/style>\n\t<\/div>\n\n\t\n<\/div>\n\t\t<\/div>\n\t\t\t\t\t<\/div>\n\n\t\n<\/div>\n<\/div><\/div><\/div>\n\t<div id=\"gap-1097339470\" class=\"gap-element clearfix\" style=\"display:block; height:auto;\">\n\t\t\n<style>\n#gap-1097339470 {\n  padding-top: 30px;\n}\n<\/style>\n\t<\/div>\n\t\n<h3>Kasutamise \u00fcksikasjad<\/h3>\n<p><strong>Kasutusala:<\/strong> CN 76 kasutatakse aluspinna tasandamiseks enne keraamiliste plaatide v\u00f5i muu p\u00f5randakatte ja puitkatte (parketi) paigaldamist. Kuluvatele lao-, keldri-, p\u00f6\u00f6ningu-, tehase- ja garaa\u017eipindadele. Sise- ja v\u00e4list\u00f6\u00f6deks.<\/p>\n<p><strong>Aluspinna ettevalmistus:<\/strong> Segu CN 76 v\u00f5ib valada v\u00e4ga tugevatele, karedatele, kuivadele ning eelnevalt nakkumist takistavatest ainetest (n\u00e4it. m\u00e4\u00e4rde\u00f5lidest, bituumenist ja tolmust) puhastatud aluspindadele:<br \/>\n&#8211; v\u00e4hemalt B 25 klassi betoonpind (v\u00e4hemalt 3 kuud vana, niiskusesisaldus \u2264 4%);<br \/>\n&#8211; valatud tsementpind vastupidavusega \u2265 20 MPa (v\u00e4hemalt 28 p\u00e4eva vana, niiskussisaldus \u2264 4%).<br \/>\nP\u00f5randapinda tuleb mehaaniliselt karedamaks muuta, eemaldades sellelt pealmise tsemendikihi ning kooruva t\u00e4iteainekihi. M\u00e4\u00e4rdunud kohad, vanad v\u00e4rvikihid, liimij\u00e4\u00e4gid ning murenenud ja kooruvad pealispinna kihid tuleb eelnevalt aluspinnalt eemaldada n\u00e4iteks frees- v\u00f5i lihvimismasina abil. P\u00f5randa pindmisi kriimustusi v\u00f5i muid defekte tuleb laiendada, need tuleb tolmust puhastada ja katta krundiga Ceresit CT 17 ning 2 tunni p\u00e4rast t\u00e4ita montaa\u017eitsemendiga CX 5. Suuremate defektide puhul kasutada kiirelt kivistuvat segu Ceresit CN 83 v\u00f5i RS 88.<br \/>\nAluspinnad tuleb hoolikalt tolmust puhastada, seej\u00e4rel kruntida CT 17 v\u00f5i CN 94-ga ning j\u00e4tta v\u00e4hemalt 2 tunniks kuivama. Kui p\u00f5randapind on ikka veel imav, tuleb seda veel kord kruntida. Aluspinna eelnev kruntimine parandab segu CN 76 voolavust p\u00f5randal, samuti v\u00e4ldib see vee aurustumist hiljem pealekantavast segukihist ning \u00f5humullide tekkimist segu pinnale.<\/p>\n<p><strong>Kasutamine:<\/strong> Segu Ceresit CN 76 on ette n\u00e4htud valamiseks otse betoonvahelagedele v\u00f5i -p\u00f5randatele. Sellest v\u00f5ib valada ka olmeruumide p\u00f5randaid v\u00f5i pinda tasandavaid aluskihte, nt keraamiliste plaatide alla. Ceresit CN 76 on vee- ja k\u00fclmakindel. Segu CN 76 baasil valatud 4\u221250 mm paksused aluskihid on v\u00e4ga vastupidavad suurte mehaaniliste koormuste ja h\u00f5\u00f5rdumise suhtes. CN 76 v\u00f5ib kasutada tootmishallides, ladudes, t\u00f6\u00f6kodades, garaa\u017eides, laadimisplatsidel jne. Keemiliste koormuste m\u00f5ju korral tuleb kanda CN 76 kihile p\u00f5randav\u00e4rv, nt Ceresit CF 43, v\u00f5i vaiku sisaldav p\u00f5randasegu, nt Ceresit CF 37. Kui segu valmistamisel kasutada etten\u00e4htust v\u00e4iksemat veekogust, muutub segu plastilisemaks ja sellest on v\u00f5imalik vormida kaldpindu.<\/p>\n<p><strong>T\u00f6\u00f6de k\u00e4ik:<\/strong> Pakendi sisu puistata t\u00e4pselt v\u00e4lja m\u00f5\u00f5detud k\u00fclma puhtasse vette ning segada mikseriga hoolikalt l\u00e4bi, kuni on tekkinud \u00fchtlane ilma t\u00fckkideta segumass. Lasta massil seista 5 minutit ning segada see veel kord k\u00e4sitsi l\u00e4bi. \u00dcheks t\u00f6\u00f6korraks vajaminev hulk CN 76 segu valada seej\u00e4rel 35 minuti jooksul p\u00f5randale ning ajada teraslati v\u00f5i j\u00e4ikade harjastega harja abil m\u00f6\u00f6da p\u00f5randat laiali. Suuremate pindade puhul on soovitatav segada eelnevalt erinevatesse n\u00f5udesse valmis mitu kotit\u00e4it segu. See kiirendab t\u00f6\u00f6d ning v\u00e4ljavalatud segukogused nakkuvad omavahel h\u00f5lpsamini. V\u00e4rskelt valatud p\u00f5randa tasandusseguga kaetud pinda soovitatakse t\u00f6\u00f6delda ogadega rulliga (kui valatud kihi paksus on \u00fcle 1,0 cm, tuleb<br \/>\nkasutada v\u00f5rkrulli). Sel viisil vabaneb segumassist \u00f5hk ning segupind tasandub. P\u00f5randasegu Ceresit CN 76 v\u00f5ib segada ja p\u00f5randale valada sellise seadme abil, mille konstruktsioon tagab vee t\u00e4pse doseerimise ja segu tahenemisaja ega \u00f5husta materjali. \u00dcle 15 minuti pikkuste t\u00f6\u00f6pauside korral pesta seade ja selle torujuhtmed veega puhtaks. Plastse konsistentsiga segu kanda peale h\u00f5\u00f5rutiga v\u00f5i ajada latiga laiali m\u00f6\u00f6da juhtlatte.<\/p>\n<p><strong>T\u00e4helepanu:<\/strong> Kui lisada segule CN 76 etten\u00e4htust suurem veekogus, on tulemuseks pinnakatte v\u00e4iksem vastupidavus ning alust\u00e4idise kihistumine. T\u00f6id tuleb l\u00e4bi viia kuivades tingimustes, kui \u00f5hu ning t\u00f6\u00f6deldavate pindade temperatuur on +5\u00b0 kuni +25 \u00b0C. K\u00f5ik siinkohal \u00e4ra toodud andmed kehtivad temperatuuril +23 \u00b0C, kui suhteline \u00f5huniiskus on 50%. Teistsugustes tingimustes v\u00f5ivad materjali parameetrid m\u00f5nev\u00f5rra muutuda. Segu CN 76 sisaldab tsementi ning selle segamisel veega tekib aluseline reaktsioon. Seet\u00f5ttu tuleb t\u00f6\u00f6tades nahka ja silmi kaitsta. Kui segu on sattunud silma, loputada kohe rohke veega ning p\u00f6\u00f6rduda arsti poole. Kroomi VI sisaldus \u2013 toote kasutusk\u00f5lbulikkuse ajal alla 2 ppm.<\/p>\n\t\t<\/div>\n\t\t\t\t\t<\/div>\n\n\t\n\n\t<div id=\"col-814965558\" class=\"col medium-3 small-12 large-3\"  >\n\t\t\t\t<div class=\"col-inner\"  >\n\t\t\t\n\t\t\t\n\t<div id=\"gap-1670844692\" class=\"gap-element clearfix\" style=\"display:block; height:auto;\">\n\t\t\n<style>\n#gap-1670844692 {\n  padding-top: 30px;\n}\n<\/style>\n\t<\/div>\n\t\n<h3>Tehniline informatsioon<\/h3>\n<p><a href=\"https:\/\/espak.ee\/epood\/wp-content\/uploads\/CN76-tooteleht.pdf\" target=\"_blank\" rel=\"noopener noreferrer\"><i class=\"far fa-file-pdf\"><\/i> Tehniline info (PDF)<\/a><\/p>\n<h3>Ohutusalane teave<\/h3>\n<p><a href=\"https:\/\/espak.ee\/epood\/wp-content\/uploads\/CN76-ohutuskaart.pdf\" target=\"_blank\" rel=\"noopener noreferrer\"><i class=\"far fa-file-pdf\"><\/i> Ohutusalane teave (PDF)<\/a><\/p>\n<div class=\"is-divider divider clearfix\" ><\/div>\n<p><strong>\u00dcksikasjalikuma n\u00f5u saamiseks v\u00f5tke \u00fchendust:<br \/><\/strong>Henkel Balti<br \/>S\u00f5bra 56 B<br \/>51013<br \/>Tartu<br \/>+ 372 7305800<\/p>\n<div class=\"is-divider divider clearfix\" ><\/div>\n\t\t<\/div>\n\t\t\t\t\t<\/div>\n\n\t\n<\/div>\n","protected":false},"excerpt":{"rendered":"","protected":false},"featured_media":12743,"comment_status":"closed","ping_status":"open","template":"","meta":[],"product_brand":[],"product_cat":[2813,2698,2803,2697],"product_tag":[],"class_list":{"0":"post-11590","1":"product","2":"type-product","3":"status-publish","4":"has-post-thumbnail","6":"product_cat-isetasanduvad-segud","7":"product_cat-pahtlid-ja-kuivsegud","8":"product_cat-porandasegud","9":"product_cat-uldehitus","10":"pa_kaubamark-henkel-balti-ou","12":"first","13":"instock","14":"sale","15":"taxable","16":"shipping-taxable","17":"purchasable","18":"product-type-simple"},"yoast_head":"<!-- This site is optimized with the Yoast SEO plugin v26.9 - https:\/\/yoast.com\/product\/yoast-seo-wordpress\/ -->\n<title>ISETASANDUV P\u00d5RANDASEGU CERESIT CN-76 25KG - Espak E-pood<\/title>\n<meta name=\"robots\" content=\"index, follow, max-snippet:-1, max-image-preview:large, max-video-preview:-1\" \/>\n<link rel=\"canonical\" href=\"https:\/\/espak.ee\/epood\/toode\/isetasanduv-porandasegu-ceresit-cn-76-25kg\/\" \/>\n<meta property=\"og:locale\" content=\"et_EE\" \/>\n<meta property=\"og:type\" content=\"article\" \/>\n<meta property=\"og:title\" content=\"ISETASANDUV P\u00d5RANDASEGU CERESIT CN-76 25KG - Espak E-pood\" \/>\n<meta property=\"og:url\" content=\"https:\/\/espak.ee\/epood\/toode\/isetasanduv-porandasegu-ceresit-cn-76-25kg\/\" \/>\n<meta property=\"og:site_name\" content=\"Espak E-pood\" \/>\n<meta property=\"article:modified_time\" content=\"2025-10-06T18:34:31+00:00\" \/>\n<meta property=\"og:image\" content=\"https:\/\/espak.ee\/epood\/wp-content\/uploads\/Ceresit-CN76.jpg\" \/>\n\t<meta property=\"og:image:width\" content=\"2048\" \/>\n\t<meta property=\"og:image:height\" content=\"2048\" \/>\n\t<meta property=\"og:image:type\" content=\"image\/jpeg\" \/>\n<meta name=\"twitter:card\" content=\"summary_large_image\" \/>\n<meta name=\"twitter:label1\" content=\"Est. reading time\" \/>\n\t<meta name=\"twitter:data1\" content=\"4 minutit\" \/>\n<script type=\"application\/ld+json\" class=\"yoast-schema-graph\">{\"@context\":\"https:\/\/schema.org\",\"@graph\":[{\"@type\":\"WebPage\",\"@id\":\"https:\/\/espak.ee\/epood\/toode\/isetasanduv-porandasegu-ceresit-cn-76-25kg\/\",\"url\":\"https:\/\/espak.ee\/epood\/toode\/isetasanduv-porandasegu-ceresit-cn-76-25kg\/\",\"name\":\"ISETASANDUV P\u00d5RANDASEGU CERESIT CN-76 25KG - Espak E-pood\",\"isPartOf\":{\"@id\":\"https:\/\/espak.ee\/epood\/#website\"},\"primaryImageOfPage\":{\"@id\":\"https:\/\/espak.ee\/epood\/toode\/isetasanduv-porandasegu-ceresit-cn-76-25kg\/#primaryimage\"},\"image\":{\"@id\":\"https:\/\/espak.ee\/epood\/toode\/isetasanduv-porandasegu-ceresit-cn-76-25kg\/#primaryimage\"},\"thumbnailUrl\":\"https:\/\/espak.ee\/epood\/wp-content\/uploads\/Ceresit-CN76.jpg\",\"datePublished\":\"2019-11-22T00:45:32+00:00\",\"dateModified\":\"2025-10-06T18:34:31+00:00\",\"breadcrumb\":{\"@id\":\"https:\/\/espak.ee\/epood\/toode\/isetasanduv-porandasegu-ceresit-cn-76-25kg\/#breadcrumb\"},\"inLanguage\":\"et\",\"potentialAction\":[{\"@type\":\"ReadAction\",\"target\":[\"https:\/\/espak.ee\/epood\/toode\/isetasanduv-porandasegu-ceresit-cn-76-25kg\/\"]}]},{\"@type\":\"ImageObject\",\"inLanguage\":\"et\",\"@id\":\"https:\/\/espak.ee\/epood\/toode\/isetasanduv-porandasegu-ceresit-cn-76-25kg\/#primaryimage\",\"url\":\"https:\/\/espak.ee\/epood\/wp-content\/uploads\/Ceresit-CN76.jpg\",\"contentUrl\":\"https:\/\/espak.ee\/epood\/wp-content\/uploads\/Ceresit-CN76.jpg\",\"width\":2048,\"height\":2048},{\"@type\":\"BreadcrumbList\",\"@id\":\"https:\/\/espak.ee\/epood\/toode\/isetasanduv-porandasegu-ceresit-cn-76-25kg\/#breadcrumb\",\"itemListElement\":[{\"@type\":\"ListItem\",\"position\":1,\"name\":\"Home\",\"item\":\"https:\/\/espak.ee\/epood\/\"},{\"@type\":\"ListItem\",\"position\":2,\"name\":\"Tootevalik\",\"item\":\"https:\/\/espak.ee\/epood\/tootevalik\/\"},{\"@type\":\"ListItem\",\"position\":3,\"name\":\"ISETASANDUV P\u00d5RANDASEGU CERESIT CN-76 25KG\"}]},{\"@type\":\"WebSite\",\"@id\":\"https:\/\/espak.ee\/epood\/#website\",\"url\":\"https:\/\/espak.ee\/epood\/\",\"name\":\"Espak E-pood\",\"description\":\"\",\"potentialAction\":[{\"@type\":\"SearchAction\",\"target\":{\"@type\":\"EntryPoint\",\"urlTemplate\":\"https:\/\/espak.ee\/epood\/?s={search_term_string}\"},\"query-input\":{\"@type\":\"PropertyValueSpecification\",\"valueRequired\":true,\"valueName\":\"search_term_string\"}}],\"inLanguage\":\"et\"}]}<\/script>\n<!-- \/ Yoast SEO plugin. -->","yoast_head_json":{"title":"ISETASANDUV P\u00d5RANDASEGU CERESIT CN-76 25KG - Espak E-pood","robots":{"index":"index","follow":"follow","max-snippet":"max-snippet:-1","max-image-preview":"max-image-preview:large","max-video-preview":"max-video-preview:-1"},"canonical":"https:\/\/espak.ee\/epood\/toode\/isetasanduv-porandasegu-ceresit-cn-76-25kg\/","og_locale":"et_EE","og_type":"article","og_title":"ISETASANDUV P\u00d5RANDASEGU CERESIT CN-76 25KG - Espak E-pood","og_url":"https:\/\/espak.ee\/epood\/toode\/isetasanduv-porandasegu-ceresit-cn-76-25kg\/","og_site_name":"Espak E-pood","article_modified_time":"2025-10-06T18:34:31+00:00","og_image":[{"width":2048,"height":2048,"url":"https:\/\/espak.ee\/epood\/wp-content\/uploads\/Ceresit-CN76.jpg","type":"image\/jpeg"}],"twitter_card":"summary_large_image","twitter_misc":{"Est. reading time":"4 minutit"},"schema":{"@context":"https:\/\/schema.org","@graph":[{"@type":"WebPage","@id":"https:\/\/espak.ee\/epood\/toode\/isetasanduv-porandasegu-ceresit-cn-76-25kg\/","url":"https:\/\/espak.ee\/epood\/toode\/isetasanduv-porandasegu-ceresit-cn-76-25kg\/","name":"ISETASANDUV P\u00d5RANDASEGU CERESIT CN-76 25KG - Espak E-pood","isPartOf":{"@id":"https:\/\/espak.ee\/epood\/#website"},"primaryImageOfPage":{"@id":"https:\/\/espak.ee\/epood\/toode\/isetasanduv-porandasegu-ceresit-cn-76-25kg\/#primaryimage"},"image":{"@id":"https:\/\/espak.ee\/epood\/toode\/isetasanduv-porandasegu-ceresit-cn-76-25kg\/#primaryimage"},"thumbnailUrl":"https:\/\/espak.ee\/epood\/wp-content\/uploads\/Ceresit-CN76.jpg","datePublished":"2019-11-22T00:45:32+00:00","dateModified":"2025-10-06T18:34:31+00:00","breadcrumb":{"@id":"https:\/\/espak.ee\/epood\/toode\/isetasanduv-porandasegu-ceresit-cn-76-25kg\/#breadcrumb"},"inLanguage":"et","potentialAction":[{"@type":"ReadAction","target":["https:\/\/espak.ee\/epood\/toode\/isetasanduv-porandasegu-ceresit-cn-76-25kg\/"]}]},{"@type":"ImageObject","inLanguage":"et","@id":"https:\/\/espak.ee\/epood\/toode\/isetasanduv-porandasegu-ceresit-cn-76-25kg\/#primaryimage","url":"https:\/\/espak.ee\/epood\/wp-content\/uploads\/Ceresit-CN76.jpg","contentUrl":"https:\/\/espak.ee\/epood\/wp-content\/uploads\/Ceresit-CN76.jpg","width":2048,"height":2048},{"@type":"BreadcrumbList","@id":"https:\/\/espak.ee\/epood\/toode\/isetasanduv-porandasegu-ceresit-cn-76-25kg\/#breadcrumb","itemListElement":[{"@type":"ListItem","position":1,"name":"Home","item":"https:\/\/espak.ee\/epood\/"},{"@type":"ListItem","position":2,"name":"Tootevalik","item":"https:\/\/espak.ee\/epood\/tootevalik\/"},{"@type":"ListItem","position":3,"name":"ISETASANDUV P\u00d5RANDASEGU CERESIT CN-76 25KG"}]},{"@type":"WebSite","@id":"https:\/\/espak.ee\/epood\/#website","url":"https:\/\/espak.ee\/epood\/","name":"Espak E-pood","description":"","potentialAction":[{"@type":"SearchAction","target":{"@type":"EntryPoint","urlTemplate":"https:\/\/espak.ee\/epood\/?s={search_term_string}"},"query-input":{"@type":"PropertyValueSpecification","valueRequired":true,"valueName":"search_term_string"}}],"inLanguage":"et"}]}},"_links":{"self":[{"href":"https:\/\/espak.ee\/epood\/wp-json\/wp\/v2\/product\/11590","targetHints":{"allow":["GET"]}}],"collection":[{"href":"https:\/\/espak.ee\/epood\/wp-json\/wp\/v2\/product"}],"about":[{"href":"https:\/\/espak.ee\/epood\/wp-json\/wp\/v2\/types\/product"}],"replies":[{"embeddable":true,"href":"https:\/\/espak.ee\/epood\/wp-json\/wp\/v2\/comments?post=11590"}],"wp:featuredmedia":[{"embeddable":true,"href":"https:\/\/espak.ee\/epood\/wp-json\/wp\/v2\/media\/12743"}],"wp:attachment":[{"href":"https:\/\/espak.ee\/epood\/wp-json\/wp\/v2\/media?parent=11590"}],"wp:term":[{"taxonomy":"product_brand","embeddable":true,"href":"https:\/\/espak.ee\/epood\/wp-json\/wp\/v2\/product_brand?post=11590"},{"taxonomy":"product_cat","embeddable":true,"href":"https:\/\/espak.ee\/epood\/wp-json\/wp\/v2\/product_cat?post=11590"},{"taxonomy":"product_tag","embeddable":true,"href":"https:\/\/espak.ee\/epood\/wp-json\/wp\/v2\/product_tag?post=11590"}],"curies":[{"name":"wp","href":"https:\/\/api.w.org\/{rel}","templated":true}]}}