{"id":11589,"date":"2019-11-22T02:45:32","date_gmt":"2019-11-22T00:45:32","guid":{"rendered":"https:\/\/espak.ee\/hinnakiri\/?post_type=product&#038;p=11589"},"modified":"2026-05-12T10:23:30","modified_gmt":"2026-05-12T07:23:30","slug":"fiiberkiududega-tugevdatud-porandasegu-ceresit-cn-75","status":"publish","type":"product","link":"https:\/\/espak.ee\/epood\/toode\/fiiberkiududega-tugevdatud-porandasegu-ceresit-cn-75\/","title":{"rendered":"FIIBERKIUDUDEGA TUGEVDATUD P\u00d5RANDASEGU CERESIT CN-75"},"content":{"rendered":"<div class=\"row\"  id=\"row-1633637470\">\n\n\t<div id=\"col-625271258\" class=\"col medium-9 small-12 large-9\"  >\n\t\t\t\t<div class=\"col-inner\"  >\n\t\t\t\n\t\t\t\n<h2>CN 75 Fiiberkiududega tugevdatud p\u00f5randasegu<\/h2>\n<p>Muudetava konsistentsiga p\u00f5randasegu 1 \u2013 50 mm paksusega aluspindu tasandavate kihtide valamiseks.<\/p>\n<div class=\"message-box relative\" style=\"padding-top:15px;padding-bottom:15px;\"><div class=\"message-box-bg-image bg-fill fill\" ><\/div><div class=\"message-box-bg-overlay bg-fill fill\" ><\/div><div class=\"container relative\"><div class=\"inner last-reset\">\n<div class=\"row align-middle align-center\"  id=\"row-1971834846\">\n\n\t<div id=\"col-706717435\" class=\"col small-12 large-12\"  >\n\t\t\t\t<div class=\"col-inner text-left\"  >\n\t\t\t\n\t\t\t\n<h4>Omadused<\/h4>\n<div class=\"row\"  id=\"row-461817828\">\n\n\t<div id=\"col-1761886525\" class=\"col medium-6 small-12 large-6\"  >\n\t\t\t\t<div class=\"col-inner\"  >\n\t\t\t\n\t\t\t\n<p><i class=\"fa fa-check fa-2x\"><\/i> <strong>Isetasanduv<\/strong><\/p>\n<p><i class=\"fa fa-check fa-2x\"><\/i> <strong>Fiiberkiududega tugevdatud<\/strong><\/p>\n\t\t<\/div>\n\t\t\t\t\n<style>\n#col-1761886525 > .col-inner {\n  margin: 0px 0px 15px 0px;\n}\n<\/style>\n\t<\/div>\n\n\t\n\n\t<div id=\"col-428162397\" class=\"col medium-6 small-12 large-6\"  >\n\t\t\t\t<div class=\"col-inner\"  >\n\t\t\t\n\t\t\t\n<p><i class=\"fa fa-check fa-2x\"><\/i> <strong>Sobib k\u00f6etavatele valatud pindadele<\/strong><\/p>\n<p><i class=\"fa fa-check fa-2x\"><\/i> <strong>Kuivadesse ja niisketesse ruumidesse<\/strong><\/p>\n\t\t<\/div>\n\t\t\t\t\n<style>\n#col-428162397 > .col-inner {\n  margin: 0px 0px 15px 0px;\n}\n<\/style>\n\t<\/div>\n\n\t\n<\/div>\n\t\t<\/div>\n\t\t\t\t\t<\/div>\n\n\t\n<\/div>\n<\/div><\/div><\/div>\n\t<div id=\"gap-1312185628\" class=\"gap-element clearfix\" style=\"display:block; height:auto;\">\n\t\t\n<style>\n#gap-1312185628 {\n  padding-top: 30px;\n}\n<\/style>\n\t<\/div>\n\t\n<h3>Kasutamise \u00fcksikasjad<\/h3>\n<p><strong>Kasutusala:<\/strong> Segu Ceresit CN 75 Fibre sobib kasutamiseks betoon- ja anh\u00fcdriidtsementp\u00f5randatel ja vanadel keraamilistel plaatidel 1 \u2013 50 mm paksuse kihina. Samuti ka OSB, puitkiud- ja kipskartongist plaatidel kuni 15 mm paksuse kihina.<\/p>\n<p><strong>Aluspinna ettevalmistus:<\/strong> CN 75 v\u00f5ib valada tugevatele, krobelistele, kuivadele ning eelnevalt nakkumist takistavatest ainetest (n\u00e4it. m\u00e4\u00e4rde\u00f5lidest, bituumenist, tolmust) puhastatud aluspindadele: &#8211; valatud tsementpind (v\u00e4hemalt 28 p\u00e4eva vana, niiskusesisaldus \u2264 4%);<br \/>\n&#8211; betoonpind (v\u00e4hemalt 3 kuud vana, niiskusesisaldus \u22644%);<br \/>\n&#8211; mehaaniliselt \u00fcle lihvitud ja tolmust puhastatud anh\u00fcdriit-tsementpinnad (niiskusesisaldus \u22640,5%);<br \/>\n&#8211; OSB, puitlaast- ja kips-kartongist plaadid (kuni 15 mm pakuse kihina).<br \/>\nM\u00e4\u00e4rdunud kohad, vanad v\u00e4rvikihid, liimij\u00e4\u00e4gid ning murenenud ja kooruvad pealispinna kihid tuleb eelnevalt aluspinnalt eemaldada n\u00e4iteks frees- v\u00f5i lihvimismasina abil. P\u00f5randapinna pindmisi kriimustusi v\u00f5i muid defekte tuleb laiendada, need tuleb tolmust puhastada ja katta vahendiga Ceresit CT 17 v\u00f5i CN 94 ning 2 tunni p\u00e4rast t\u00e4ita montaa\u017eitsemendiga CX 5 v\u00f5i CX 20. Suuremate defektide puhul kasutada kiiresti kivistuvat segu Ceresit CN 83 v\u00f5i RS 88. Kuiv ja ettevalmistatud p\u00f5randapind tuleb hoolikalt tolmust puhastada, seej\u00e4rel kruntida imavad pinnad vahendiga Ceresit CT 17 ja mitteimavad pinnad, OSB ja puitlaastplaadid vahendiga Ceresit CN 94 ning j\u00e4tta v\u00e4hemalt 2 tunniks kuivama.<br \/>\nKui CT 17-ga kaetud pind on ikkagi veel imav, tuleb seda veelkord kruntida. Aluspinna eelnev kruntimine parandab segu CN 75 voolavust p\u00f5randal, samuti v\u00e4ldib see vee eraldumist hiljem pealekantavast segukihist ning \u00f5humullide tekkimist segu pinnale.<br \/>\nEhitusplaatidest koostatud alusp\u00f5randa vuugid tuleb enne kruntimist sulgeda hermeetikuga FT 101 ning plaatide pinnale laotada klaaskiudv\u00f5rk (paanide \u00fclekattega 10 cm).<\/p>\n<p><strong>Kasutamine:<\/strong> Segu Ceresit CN 75 Fibre sobib kasutamiseks betoon- ja anh\u00fcdriidtsementp\u00f5randatel ja vanadel keraamilistel plaatidel 1 \u2013 50 mm paksuse kihina. Samuti ka OSB, puitkiud- ja kipskartongist plaatidel kuni 15 mm paksuse kihina. \u00dcle 50 mm paksuse kihi valamiseks on soovitatav kasutada segu Ceresit CN 80 v\u00f5i CN 87.<br \/>\nToodet v\u00f5ib kasutada hoonetes nii niiskete kui kuivades siseruumides. Ceresit CN 75 sisse v\u00f5ib valamisel paigaldada p\u00f5randak\u00fctte s\u00fcsteeme. Segule v\u00f5ib kanda h\u00fcdroisolatsiooni kihi Ceresit<br \/>\nCL v\u00f5i CR tooteseeriast. Hoonete v\u00e4lispindadel v\u00f5ib kasutada p\u00f5randasegu Ceresit CN 76, CN 83, CN 80 v\u00f5i CN 87. Ceresit CN 75 ei sobi aluspinnaga mittenakkuvate \u201eujuvp\u00f5randate\u201c valamiseks (nt. PE-kilele).<\/p>\n<p><strong>T\u00f6\u00f6de k\u00e4ik:<\/strong> Paki sisu puistata t\u00e4pselt v\u00e4lja m\u00f5\u00f5detud puhtasse k\u00fclma vette ning segada mikseriga hoolikalt l\u00e4bi, kuni on tekkinud \u00fchtlane ilma t\u00fckkideta segumass. Lasta segumassil 2 minutit seista ning seej\u00e4rel segada mass veel kord l\u00e4bi. \u00dcheks t\u00f6\u00f6korraks vajaminev hulk CN 75 segu valada seej\u00e4rel 20 minuti jooksul p\u00f5randale ning ajada teraslati v\u00f5i segukammi abil m\u00f6\u00f6da p\u00f5randat laiali. Suuremate pindade puhul valmistada segu eelnevalt mitmesse (v\u00e4hemalt kahte) n\u00f5usse. See kiirendab t\u00f6\u00f6d ning v\u00e4ljavalatud segukogused nakkuvad omavahel h\u00f5lpsamini. V\u00e4rsket v\u00e4ljavalatud segu tuleb olenevalt kihi paksusest ogadega rulliga v\u00f5i segurehaga t\u00f6\u00f6delda. Sel viisil vabaneb segumassist \u00f5hk.<br \/>\nKui CN 75-st soovitakse vormida kaldpindu, siis tuleb kasutada minimaalset kogust vett. Valmis segumass valatakse k\u00f5rgematele ruumi osadele. Kaldeid vormitakse kelluga madalamate osade poole t\u00f5mmates. CN 75 v\u00f5ib valmis segada ning pumbata ka mehaaniliselt, kuid masin peab v\u00f5imaldama segu laagerdamist enne pumpamist. Kui t\u00f6\u00f6s tekivad \u00fcle 20 minuti pikkused vaheajad, tuleb masinat ning selle torusid vahepeal veega loputada. Tahkunud segu on v\u00f5imalik eemaldada ainult mehhaaniliselt. Soovitatav on kasutada kruvipumpa, mille kolusse valatakse eelnevalt valmis segatud ja seista lastud segu. Pumbaga paigaldamisel peab v\u00e4hemalt kahes n\u00f5us segu ette valmistama ja pumbatavat segu kohe tasandama.<\/p>\n<p><strong>T\u00e4helepanu:<\/strong> Fiiberarmeeritud segu Ceresit CN 75 on veekoguse abil reguleeritava konsistentsiga. Kui lisada segule CN 75 maksimaalsest etten\u00e4htust suurem veekogus, on tulemuseks pinnakatte v\u00e4iksem vastupidavus ning segu kihistumine. OSB, puitlaast- ja kipsplaadist ning puidust pindadel ja\/v\u00f5i k\u00fcttekaabli segusse valamisel tuleb kasutada armeerv\u00f5rku. T\u00f6id tuleb l\u00e4bi viia kuivades tingimustes, kui \u00f5hu ning t\u00f6\u00f6deldavate pindade temperatuur on +5\u00b0 kuni +25 \u00b0C. K\u00f5ik siinkohal \u00e4ra toodud andmed kehtivad temperatuuril +23 \u00b0C, kui suhteline \u00f5huniiskus on 50%. Teistsugustes tingimustes v\u00f5ivad materjali parameetrid m\u00f5nev\u00f5rra muutuda. Segu CN 75 sisaldab tsementi ning selle segamisel veega tekib aluseline reaktsioon. Seet\u00f5ttu tuleb t\u00f6\u00f6tades nahka ja silmi kaitsta. Kui segu on sattunud silma, loputada kohe rohke veega ning p\u00f6\u00f6rduda arsti poole. Kroomi VI sisaldus \u2013 toote kasutusk\u00f5lbulikkuse ajal alla 2 ppm.<\/p>\n\t\t<\/div>\n\t\t\t\t\t<\/div>\n\n\t\n\n\t<div id=\"col-1652678084\" class=\"col medium-3 small-12 large-3\"  >\n\t\t\t\t<div class=\"col-inner\"  >\n\t\t\t\n\t\t\t\n\t<div id=\"gap-1754384816\" class=\"gap-element clearfix\" style=\"display:block; height:auto;\">\n\t\t\n<style>\n#gap-1754384816 {\n  padding-top: 30px;\n}\n<\/style>\n\t<\/div>\n\t\n<h3>Tehniline informatsioon<\/h3>\n<p><a href=\"https:\/\/espak.ee\/epood\/wp-content\/uploads\/CN-75-tooteleht.pdf\" target=\"_blank\" rel=\"noopener noreferrer\"><i class=\"far fa-file-pdf\"><\/i> Tehniline info (PDF)<\/a><\/p>\n<h3>Ohutusalane teave<\/h3>\n<p><a href=\"https:\/\/espak.ee\/epood\/wp-content\/uploads\/CN75-ohutuskaart.pdf\" target=\"_blank\" rel=\"noopener noreferrer\"><i class=\"far fa-file-pdf\"><\/i> Ohutusalane teave (PDF)<\/a><\/p>\n<div class=\"is-divider divider clearfix\" ><\/div>\n<p><strong>\u00dcksikasjalikuma n\u00f5u saamiseks v\u00f5tke \u00fchendust:<br \/><\/strong>Henkel Balti<br \/>S\u00f5bra 56 B<br \/>51013<br \/>Tartu<br \/>+ 372 7305800<\/p>\n<div class=\"is-divider divider clearfix\" ><\/div>\n\t\t<\/div>\n\t\t\t\t\t<\/div>\n\n\t\n<\/div>\n","protected":false},"excerpt":{"rendered":"","protected":false},"featured_media":12747,"comment_status":"closed","ping_status":"open","template":"","meta":[],"product_brand":[],"product_cat":[2813,2698,2803,2697],"product_tag":[],"class_list":{"0":"post-11589","1":"product","2":"type-product","3":"status-publish","4":"has-post-thumbnail","6":"product_cat-isetasanduvad-segud","7":"product_cat-pahtlid-ja-kuivsegud","8":"product_cat-porandasegud","9":"product_cat-uldehitus","10":"pa_kaubamark-henkel-balti-ou","12":"first","13":"instock","14":"sale","15":"taxable","16":"shipping-taxable","17":"purchasable","18":"product-type-simple"},"yoast_head":"<!-- This site is optimized with the Yoast SEO plugin v26.9 - https:\/\/yoast.com\/product\/yoast-seo-wordpress\/ -->\n<title>FIIBERKIUDUDEGA TUGEVDATUD P\u00d5RANDASEGU CERESIT CN-75 - Espak E-pood<\/title>\n<meta name=\"robots\" content=\"index, follow, max-snippet:-1, max-image-preview:large, max-video-preview:-1\" \/>\n<link rel=\"canonical\" href=\"https:\/\/espak.ee\/epood\/toode\/fiiberkiududega-tugevdatud-porandasegu-ceresit-cn-75\/\" \/>\n<meta property=\"og:locale\" content=\"et_EE\" \/>\n<meta property=\"og:type\" content=\"article\" \/>\n<meta property=\"og:title\" content=\"FIIBERKIUDUDEGA TUGEVDATUD P\u00d5RANDASEGU CERESIT CN-75 - Espak E-pood\" \/>\n<meta property=\"og:url\" content=\"https:\/\/espak.ee\/epood\/toode\/fiiberkiududega-tugevdatud-porandasegu-ceresit-cn-75\/\" \/>\n<meta property=\"og:site_name\" content=\"Espak E-pood\" \/>\n<meta property=\"article:modified_time\" content=\"2026-05-12T07:23:30+00:00\" \/>\n<meta property=\"og:image\" content=\"https:\/\/espak.ee\/epood\/wp-content\/uploads\/Ceresit-CN75.jpg\" \/>\n\t<meta property=\"og:image:width\" content=\"1584\" \/>\n\t<meta property=\"og:image:height\" content=\"1584\" \/>\n\t<meta property=\"og:image:type\" content=\"image\/jpeg\" \/>\n<meta name=\"twitter:card\" content=\"summary_large_image\" \/>\n<meta name=\"twitter:label1\" content=\"Est. reading time\" \/>\n\t<meta name=\"twitter:data1\" content=\"4 minutit\" \/>\n<script type=\"application\/ld+json\" class=\"yoast-schema-graph\">{\"@context\":\"https:\/\/schema.org\",\"@graph\":[{\"@type\":\"WebPage\",\"@id\":\"https:\/\/espak.ee\/epood\/toode\/fiiberkiududega-tugevdatud-porandasegu-ceresit-cn-75\/\",\"url\":\"https:\/\/espak.ee\/epood\/toode\/fiiberkiududega-tugevdatud-porandasegu-ceresit-cn-75\/\",\"name\":\"FIIBERKIUDUDEGA TUGEVDATUD P\u00d5RANDASEGU CERESIT CN-75 - Espak E-pood\",\"isPartOf\":{\"@id\":\"https:\/\/espak.ee\/epood\/#website\"},\"primaryImageOfPage\":{\"@id\":\"https:\/\/espak.ee\/epood\/toode\/fiiberkiududega-tugevdatud-porandasegu-ceresit-cn-75\/#primaryimage\"},\"image\":{\"@id\":\"https:\/\/espak.ee\/epood\/toode\/fiiberkiududega-tugevdatud-porandasegu-ceresit-cn-75\/#primaryimage\"},\"thumbnailUrl\":\"https:\/\/espak.ee\/epood\/wp-content\/uploads\/Ceresit-CN75.jpg\",\"datePublished\":\"2019-11-22T00:45:32+00:00\",\"dateModified\":\"2026-05-12T07:23:30+00:00\",\"breadcrumb\":{\"@id\":\"https:\/\/espak.ee\/epood\/toode\/fiiberkiududega-tugevdatud-porandasegu-ceresit-cn-75\/#breadcrumb\"},\"inLanguage\":\"et\",\"potentialAction\":[{\"@type\":\"ReadAction\",\"target\":[\"https:\/\/espak.ee\/epood\/toode\/fiiberkiududega-tugevdatud-porandasegu-ceresit-cn-75\/\"]}]},{\"@type\":\"ImageObject\",\"inLanguage\":\"et\",\"@id\":\"https:\/\/espak.ee\/epood\/toode\/fiiberkiududega-tugevdatud-porandasegu-ceresit-cn-75\/#primaryimage\",\"url\":\"https:\/\/espak.ee\/epood\/wp-content\/uploads\/Ceresit-CN75.jpg\",\"contentUrl\":\"https:\/\/espak.ee\/epood\/wp-content\/uploads\/Ceresit-CN75.jpg\",\"width\":1584,\"height\":1584},{\"@type\":\"BreadcrumbList\",\"@id\":\"https:\/\/espak.ee\/epood\/toode\/fiiberkiududega-tugevdatud-porandasegu-ceresit-cn-75\/#breadcrumb\",\"itemListElement\":[{\"@type\":\"ListItem\",\"position\":1,\"name\":\"Home\",\"item\":\"https:\/\/espak.ee\/epood\/\"},{\"@type\":\"ListItem\",\"position\":2,\"name\":\"Tootevalik\",\"item\":\"https:\/\/espak.ee\/epood\/tootevalik\/\"},{\"@type\":\"ListItem\",\"position\":3,\"name\":\"FIIBERKIUDUDEGA TUGEVDATUD P\u00d5RANDASEGU CERESIT CN-75\"}]},{\"@type\":\"WebSite\",\"@id\":\"https:\/\/espak.ee\/epood\/#website\",\"url\":\"https:\/\/espak.ee\/epood\/\",\"name\":\"Espak E-pood\",\"description\":\"\",\"potentialAction\":[{\"@type\":\"SearchAction\",\"target\":{\"@type\":\"EntryPoint\",\"urlTemplate\":\"https:\/\/espak.ee\/epood\/?s={search_term_string}\"},\"query-input\":{\"@type\":\"PropertyValueSpecification\",\"valueRequired\":true,\"valueName\":\"search_term_string\"}}],\"inLanguage\":\"et\"}]}<\/script>\n<!-- \/ Yoast SEO plugin. -->","yoast_head_json":{"title":"FIIBERKIUDUDEGA TUGEVDATUD P\u00d5RANDASEGU CERESIT CN-75 - Espak E-pood","robots":{"index":"index","follow":"follow","max-snippet":"max-snippet:-1","max-image-preview":"max-image-preview:large","max-video-preview":"max-video-preview:-1"},"canonical":"https:\/\/espak.ee\/epood\/toode\/fiiberkiududega-tugevdatud-porandasegu-ceresit-cn-75\/","og_locale":"et_EE","og_type":"article","og_title":"FIIBERKIUDUDEGA TUGEVDATUD P\u00d5RANDASEGU CERESIT CN-75 - Espak E-pood","og_url":"https:\/\/espak.ee\/epood\/toode\/fiiberkiududega-tugevdatud-porandasegu-ceresit-cn-75\/","og_site_name":"Espak E-pood","article_modified_time":"2026-05-12T07:23:30+00:00","og_image":[{"width":1584,"height":1584,"url":"https:\/\/espak.ee\/epood\/wp-content\/uploads\/Ceresit-CN75.jpg","type":"image\/jpeg"}],"twitter_card":"summary_large_image","twitter_misc":{"Est. reading time":"4 minutit"},"schema":{"@context":"https:\/\/schema.org","@graph":[{"@type":"WebPage","@id":"https:\/\/espak.ee\/epood\/toode\/fiiberkiududega-tugevdatud-porandasegu-ceresit-cn-75\/","url":"https:\/\/espak.ee\/epood\/toode\/fiiberkiududega-tugevdatud-porandasegu-ceresit-cn-75\/","name":"FIIBERKIUDUDEGA TUGEVDATUD P\u00d5RANDASEGU CERESIT CN-75 - Espak E-pood","isPartOf":{"@id":"https:\/\/espak.ee\/epood\/#website"},"primaryImageOfPage":{"@id":"https:\/\/espak.ee\/epood\/toode\/fiiberkiududega-tugevdatud-porandasegu-ceresit-cn-75\/#primaryimage"},"image":{"@id":"https:\/\/espak.ee\/epood\/toode\/fiiberkiududega-tugevdatud-porandasegu-ceresit-cn-75\/#primaryimage"},"thumbnailUrl":"https:\/\/espak.ee\/epood\/wp-content\/uploads\/Ceresit-CN75.jpg","datePublished":"2019-11-22T00:45:32+00:00","dateModified":"2026-05-12T07:23:30+00:00","breadcrumb":{"@id":"https:\/\/espak.ee\/epood\/toode\/fiiberkiududega-tugevdatud-porandasegu-ceresit-cn-75\/#breadcrumb"},"inLanguage":"et","potentialAction":[{"@type":"ReadAction","target":["https:\/\/espak.ee\/epood\/toode\/fiiberkiududega-tugevdatud-porandasegu-ceresit-cn-75\/"]}]},{"@type":"ImageObject","inLanguage":"et","@id":"https:\/\/espak.ee\/epood\/toode\/fiiberkiududega-tugevdatud-porandasegu-ceresit-cn-75\/#primaryimage","url":"https:\/\/espak.ee\/epood\/wp-content\/uploads\/Ceresit-CN75.jpg","contentUrl":"https:\/\/espak.ee\/epood\/wp-content\/uploads\/Ceresit-CN75.jpg","width":1584,"height":1584},{"@type":"BreadcrumbList","@id":"https:\/\/espak.ee\/epood\/toode\/fiiberkiududega-tugevdatud-porandasegu-ceresit-cn-75\/#breadcrumb","itemListElement":[{"@type":"ListItem","position":1,"name":"Home","item":"https:\/\/espak.ee\/epood\/"},{"@type":"ListItem","position":2,"name":"Tootevalik","item":"https:\/\/espak.ee\/epood\/tootevalik\/"},{"@type":"ListItem","position":3,"name":"FIIBERKIUDUDEGA TUGEVDATUD P\u00d5RANDASEGU CERESIT CN-75"}]},{"@type":"WebSite","@id":"https:\/\/espak.ee\/epood\/#website","url":"https:\/\/espak.ee\/epood\/","name":"Espak E-pood","description":"","potentialAction":[{"@type":"SearchAction","target":{"@type":"EntryPoint","urlTemplate":"https:\/\/espak.ee\/epood\/?s={search_term_string}"},"query-input":{"@type":"PropertyValueSpecification","valueRequired":true,"valueName":"search_term_string"}}],"inLanguage":"et"}]}},"_links":{"self":[{"href":"https:\/\/espak.ee\/epood\/wp-json\/wp\/v2\/product\/11589","targetHints":{"allow":["GET"]}}],"collection":[{"href":"https:\/\/espak.ee\/epood\/wp-json\/wp\/v2\/product"}],"about":[{"href":"https:\/\/espak.ee\/epood\/wp-json\/wp\/v2\/types\/product"}],"replies":[{"embeddable":true,"href":"https:\/\/espak.ee\/epood\/wp-json\/wp\/v2\/comments?post=11589"}],"wp:featuredmedia":[{"embeddable":true,"href":"https:\/\/espak.ee\/epood\/wp-json\/wp\/v2\/media\/12747"}],"wp:attachment":[{"href":"https:\/\/espak.ee\/epood\/wp-json\/wp\/v2\/media?parent=11589"}],"wp:term":[{"taxonomy":"product_brand","embeddable":true,"href":"https:\/\/espak.ee\/epood\/wp-json\/wp\/v2\/product_brand?post=11589"},{"taxonomy":"product_cat","embeddable":true,"href":"https:\/\/espak.ee\/epood\/wp-json\/wp\/v2\/product_cat?post=11589"},{"taxonomy":"product_tag","embeddable":true,"href":"https:\/\/espak.ee\/epood\/wp-json\/wp\/v2\/product_tag?post=11589"}],"curies":[{"name":"wp","href":"https:\/\/api.w.org\/{rel}","templated":true}]}}