{"id":11588,"date":"2019-11-22T02:45:32","date_gmt":"2019-11-22T00:45:32","guid":{"rendered":"https:\/\/espak.ee\/hinnakiri\/?post_type=product&#038;p=11588"},"modified":"2024-03-23T00:09:41","modified_gmt":"2024-03-22T22:09:41","slug":"superfine-isetasanduv-porandapahtel-ceresit-cn-71-25kg","status":"publish","type":"product","link":"https:\/\/espak.ee\/epood\/toode\/superfine-isetasanduv-porandapahtel-ceresit-cn-71-25kg\/","title":{"rendered":"SUPERFINE ISETASANDUV P\u00d5RANDAPAHTEL CERESIT CN-71 25KG"},"content":{"rendered":"<div class=\"row\"  id=\"row-41829871\">\n\n\t<div id=\"col-211205912\" class=\"col medium-9 small-12 large-9\"  >\n\t\t\t\t<div class=\"col-inner\"  >\n\t\t\t\n\t\t\t\n<h2>CN 71 Isetasanduv p\u00f5randapahtel<\/h2>\n<p>Isetasanduv segu 0 &#8211; 5 mm paksuse kihina pahteldamiseks ja tasandamiseks.<\/p>\n<div class=\"message-box relative\" style=\"padding-top:15px;padding-bottom:15px;\"><div class=\"message-box-bg-image bg-fill fill\" ><\/div><div class=\"message-box-bg-overlay bg-fill fill\" ><\/div><div class=\"container relative\"><div class=\"inner last-reset\">\n<div class=\"row align-middle align-center\"  id=\"row-576389091\">\n\n\t<div id=\"col-1381094420\" class=\"col small-12 large-12\"  >\n\t\t\t\t<div class=\"col-inner text-left\"  >\n\t\t\t\n\t\t\t\n<h4>Omadused<\/h4>\n<div class=\"row\"  id=\"row-1377964530\">\n\n\t<div id=\"col-1245495911\" class=\"col medium-6 small-12 large-6\"  >\n\t\t\t\t<div class=\"col-inner\"  >\n\t\t\t\n\t\t\t\n<p><i class=\"fa fa-check fa-2x\"><\/i> <strong>N\u00f5udlike p\u00f5randakattematerjalide alla<\/strong><\/p>\n<p><i class=\"fa fa-check fa-2x\"><\/i> <strong>V\u00f5imaldab pahteldamist<\/strong><\/p>\n\t\t<\/div>\n\t\t\t\t\n<style>\n#col-1245495911 > .col-inner {\n  margin: 0px 0px 15px 0px;\n}\n<\/style>\n\t<\/div>\n\n\t\n\n\t<div id=\"col-1865792823\" class=\"col medium-6 small-12 large-6\"  >\n\t\t\t\t<div class=\"col-inner\"  >\n\t\t\t\n\t\t\t\n<p><i class=\"fa fa-check fa-2x\"><\/i> <strong>Vastupidav punktkoormustele<\/strong><\/p>\n<p><i class=\"fa fa-check fa-2x\"><\/i> <strong>Sobib k\u00f6etavatele valatud pindadele<\/strong><\/p>\n\t\t<\/div>\n\t\t\t\t\n<style>\n#col-1865792823 > .col-inner {\n  margin: 0px 0px 15px 0px;\n}\n<\/style>\n\t<\/div>\n\n\t\n<\/div>\n\t\t<\/div>\n\t\t\t\t\t<\/div>\n\n\t\n<\/div>\n<\/div><\/div><\/div>\n\t<div id=\"gap-2065013475\" class=\"gap-element clearfix\" style=\"display:block; height:auto;\">\n\t\t\n<style>\n#gap-2065013475 {\n  padding-top: 30px;\n}\n<\/style>\n\t<\/div>\n\t\n<h3>Kasutamise \u00fcksikasjad<\/h3>\n<p><strong>Kasutusala:<\/strong> Segu Ceresit CN 71 on ette n\u00e4htud aluspinnaga vahetult seotud tasanduskihtide valamiseks selliste n\u00f5udlike materjalide alla nagu linoleum, PVC, laminaatparkett, vaip, kork ja muud \u00f5hukesekihilised kattematerjalid. Segu v\u00f5ib kasutada betoon- ning tsement- ja anh\u00fcdriidtsementpindade (ka k\u00f6etavate) tasandamiseks,  CN 71 v\u00f5ib kasutada hoonete siseruumides, kus ei ole pidevalt liiga niiske.<\/p>\n<p><strong>Aluspinna ettevalmistus:<\/strong> Segu CN 71 v\u00f5ib valada kandvatele, karedatele, kuivadele ning nakkumist takistavatest ainetest (nt m\u00e4\u00e4rde\u00f5lidest, bituumenist, tolmust) puhastatud aluspindadele:<br \/>\n&#8211; valatud tsementpind (\u00fcle 28 p\u00e4eva vana, niiskusesisaldus alla 4%);<br \/>\n&#8211; betoonpind (\u00fcle kolme kuu vana, niiskusesisaldus alla 4%);<br \/>\n&#8211; mehaaniliselt \u00fcle lihvitud ja tolmust puhastatud anh\u00fcdriidtsementpinnad (niiskusesisaldus \u2264 0,5%).<br \/>\nM\u00e4\u00e4rdunud kohad, vanad v\u00e4rvikihid, liimij\u00e4\u00e4gid ning murenenud ja kooruvad pealiskihid tuleb aluspinnalt t\u00e4ielikult eemaldada n\u00e4iteks frees- v\u00f5i lihvmasina abil. P\u00f5randapinna pindmisi kriimustusi v\u00f5i muid defekte tuleb laiendada, need peab tolmust puhastama ja katma krundiga Ceresit CT 17 v\u00f5i CN 94 ning 2 tunni p\u00e4rast t\u00e4itma montaa\u017eitsemendiga CX 5. Suuremate defektide puhul kasutada kiiresti kivistuvat segu Ceresit CN 83. Kuiv ja ettevalmistatud p\u00f5randapind tuleb hoolikalt tolmust puhastada, seej\u00e4rel kruntida CT 17 v\u00f5i CN 94-ga ning j\u00e4tta v\u00e4hemalt 2 tunniks<br \/>\nkuivama. Kui selliselt kaetud pind on ikkagi veel imav, tuleb seda veel kord kruntida.<br \/>\nAluspinna eelnev kruntimine parandab segu CN 71 voolavust p\u00f5randal, samuti v\u00e4ldib see vee kiiret eraldumist hiljem pealekantavast segukihist ning \u00f5humullide tekkimist segu pinnale. Aluspinna nakketugevus peab olema v\u00e4hemalt 1 MPa.<\/p>\n<p><strong>T\u00f6\u00f6de k\u00e4ik:<\/strong> Paki sisu puistata t\u00e4pselt v\u00e4lja m\u00f5\u00f5detud puhtasse vette ning segada mikseriga hoolikalt l\u00e4bi, kuni on tekkinud \u00fchtlane, t\u00fckkideta segumass. Lasta segumassil 1 \u2013 2 minutit seista ning seej\u00e4rel segada mass veel kord k\u00e4sitsi l\u00e4bi. \u00dcheks t\u00f6\u00f6korraks vajalik hulk CN 71 segu valada seej\u00e4rel 20 minuti jooksul p\u00f5randale. V\u00e4iksematel pindadel ja kohtpahteldusel on soovitatav t\u00f6\u00f6tada pika kelluga Suuremate pindade katmisel ajada segu pika kellu v\u00f5i lati abil m\u00f6\u00f6da p\u00f5randat laiali.. Soovitatav oleks jaotada segu v\u00e4hemalt kahte n\u00f5usse. See kiirendab t\u00f6\u00f6d ning v\u00e4ljavalatud segukogused nakkuvad omavahel h\u00f5lpsamini. V\u00e4rskelt valmistatud seguga kaetud suuremat p\u00f5randapinda soovitatakse seej\u00e4rel ogarulliga t\u00f6\u00f6delda. Sel viisil vabaneb segumassist \u00f5hk. Pahteldatud kohti ogarulliga t\u00f6\u00f6delda ei ole vaja. CN 71 v\u00f5ib valmis segada ning v\u00e4lja valada ka vastavate masinate abil, kuid oluline on, et masina konstruktsioon v\u00f5imaldaks lisatavat veehulka t\u00e4pselt doseerida ning et segu saaks hoida masinas seni, kuni see on l\u00f5plikult valminud; samuti ei tohiks segamise ajal koguneda segusse liiga palju \u00f5hku. Kui t\u00f6\u00f6s tekivad \u00fcle 15 minuti pikkused vaheajad, tuleb masinat ning selle torusid vahepeal veega loputada. Tahkunud segu on v\u00f5imalik eemaldada ainult mehaaniliselt. Kui tootest CN 71 valatud alust\u00e4itekihti enne viimistluskihi paigaldamist lihvitakse, tuleb selle pind tolmust puhastada ning kruntida CT 17 v\u00f5i CN 94-ga.<\/p>\n<p><strong>T\u00e4helepanu:<\/strong> Kui lisada segule CN 71 etten\u00e4htust suurem kogus vett, on tulemuseks pinnakatte v\u00e4iksem vastupidavus ning alust\u00e4idise kihistumine. T\u00f6id tuleb l\u00e4bi viia kuivades tingimustes, kui \u00f5hu ning t\u00f6\u00f6deldavate pindade temperatuur on + 5\u00b0 kuni + 25 \u00b0C. K\u00f5ik siin esitatud andmed kehtivad temperatuuril + 23 \u00b0C, kui suhteline \u00f5huniiskus on 50%. Teistsugustes tingimustes v\u00f5ivad materjali parameetrid m\u00f5nev\u00f5rra muutuda. Segu CN 71 sisaldab tsementi ning selle segamisel veega tekib aluseline reaktsioon. Seet\u00f5ttu tuleb t\u00f6\u00f6tades nahka ja silmi kaitsta. Kui segu on sattunud silma, loputada kohe rohke veega ning p\u00f6\u00f6rduda arsti poole. Kroomi VI sisaldus \u2013 toote kasutusk\u00f5lbulikkuse ajal alla 2 ppm.<\/p>\n\t\t<\/div>\n\t\t\t\t\t<\/div>\n\n\t\n\n\t<div id=\"col-1319979221\" class=\"col medium-3 small-12 large-3\"  >\n\t\t\t\t<div class=\"col-inner\"  >\n\t\t\t\n\t\t\t\n\t<div id=\"gap-1903437402\" class=\"gap-element clearfix\" style=\"display:block; height:auto;\">\n\t\t\n<style>\n#gap-1903437402 {\n  padding-top: 30px;\n}\n<\/style>\n\t<\/div>\n\t\n<h3>Tehniline informatsioon<\/h3>\n<p><a href=\"https:\/\/espak.ee\/epood\/wp-content\/uploads\/CN71-tooteleht.pdf\" target=\"_blank\" rel=\"noopener noreferrer\"><i class=\"far fa-file-pdf\"><\/i> Tehniline info (PDF)<\/a><\/p>\n<h3>Ohutusalane teave<\/h3>\n<p><a href=\"https:\/\/espak.ee\/epood\/wp-content\/uploads\/CN71-ohutuskaart.pdf\" target=\"_blank\" rel=\"noopener noreferrer\"><i class=\"far fa-file-pdf\"><\/i> Ohutusalane teave (PDF)<\/a><\/p>\n<div class=\"is-divider divider clearfix\" ><\/div>\n<p><strong>\u00dcksikasjalikuma n\u00f5u saamiseks v\u00f5tke \u00fchendust:<br \/><\/strong>Henkel Balti<br \/>S\u00f5bra 56 B<br \/>51013<br \/>Tartu<br \/>+ 372 7305800<\/p>\n<div class=\"is-divider divider clearfix\" ><\/div>\n\t\t<\/div>\n\t\t\t\t\t<\/div>\n\n\t\n<\/div>\n","protected":false},"excerpt":{"rendered":"","protected":false},"featured_media":12751,"comment_status":"closed","ping_status":"open","template":"","meta":[],"product_brand":[],"product_cat":[2813,2698,2803,2697],"product_tag":[],"class_list":{"0":"post-11588","1":"product","2":"type-product","3":"status-publish","4":"has-post-thumbnail","6":"product_cat-isetasanduvad-segud","7":"product_cat-pahtlid-ja-kuivsegud","8":"product_cat-porandasegud","9":"product_cat-uldehitus","10":"pa_kaubamark-henkel-balti-ou","12":"first","13":"outofstock","14":"sale","15":"taxable","16":"shipping-taxable","17":"purchasable","18":"product-type-simple"},"yoast_head":"<!-- This site is optimized with the Yoast SEO plugin v26.9 - https:\/\/yoast.com\/product\/yoast-seo-wordpress\/ -->\n<title>SUPERFINE ISETASANDUV P\u00d5RANDAPAHTEL CERESIT CN-71 25KG - Espak E-pood<\/title>\n<meta name=\"robots\" content=\"index, follow, max-snippet:-1, max-image-preview:large, max-video-preview:-1\" \/>\n<link rel=\"canonical\" href=\"https:\/\/espak.ee\/epood\/toode\/superfine-isetasanduv-porandapahtel-ceresit-cn-71-25kg\/\" \/>\n<meta property=\"og:locale\" content=\"et_EE\" \/>\n<meta property=\"og:type\" content=\"article\" \/>\n<meta property=\"og:title\" content=\"SUPERFINE ISETASANDUV P\u00d5RANDAPAHTEL CERESIT CN-71 25KG - Espak E-pood\" \/>\n<meta property=\"og:url\" content=\"https:\/\/espak.ee\/epood\/toode\/superfine-isetasanduv-porandapahtel-ceresit-cn-71-25kg\/\" \/>\n<meta property=\"og:site_name\" content=\"Espak E-pood\" \/>\n<meta property=\"article:modified_time\" content=\"2024-03-22T22:09:41+00:00\" \/>\n<meta property=\"og:image\" content=\"https:\/\/espak.ee\/epood\/wp-content\/uploads\/Ceresit-CN71.jpg\" \/>\n\t<meta property=\"og:image:width\" content=\"1584\" \/>\n\t<meta property=\"og:image:height\" content=\"1584\" \/>\n\t<meta property=\"og:image:type\" content=\"image\/jpeg\" \/>\n<meta name=\"twitter:card\" content=\"summary_large_image\" \/>\n<meta name=\"twitter:label1\" content=\"Est. reading time\" \/>\n\t<meta name=\"twitter:data1\" content=\"3 minutit\" \/>\n<script type=\"application\/ld+json\" class=\"yoast-schema-graph\">{\"@context\":\"https:\/\/schema.org\",\"@graph\":[{\"@type\":\"WebPage\",\"@id\":\"https:\/\/espak.ee\/epood\/toode\/superfine-isetasanduv-porandapahtel-ceresit-cn-71-25kg\/\",\"url\":\"https:\/\/espak.ee\/epood\/toode\/superfine-isetasanduv-porandapahtel-ceresit-cn-71-25kg\/\",\"name\":\"SUPERFINE ISETASANDUV P\u00d5RANDAPAHTEL CERESIT CN-71 25KG - Espak E-pood\",\"isPartOf\":{\"@id\":\"https:\/\/espak.ee\/epood\/#website\"},\"primaryImageOfPage\":{\"@id\":\"https:\/\/espak.ee\/epood\/toode\/superfine-isetasanduv-porandapahtel-ceresit-cn-71-25kg\/#primaryimage\"},\"image\":{\"@id\":\"https:\/\/espak.ee\/epood\/toode\/superfine-isetasanduv-porandapahtel-ceresit-cn-71-25kg\/#primaryimage\"},\"thumbnailUrl\":\"https:\/\/espak.ee\/epood\/wp-content\/uploads\/Ceresit-CN71.jpg\",\"datePublished\":\"2019-11-22T00:45:32+00:00\",\"dateModified\":\"2024-03-22T22:09:41+00:00\",\"breadcrumb\":{\"@id\":\"https:\/\/espak.ee\/epood\/toode\/superfine-isetasanduv-porandapahtel-ceresit-cn-71-25kg\/#breadcrumb\"},\"inLanguage\":\"et\",\"potentialAction\":[{\"@type\":\"ReadAction\",\"target\":[\"https:\/\/espak.ee\/epood\/toode\/superfine-isetasanduv-porandapahtel-ceresit-cn-71-25kg\/\"]}]},{\"@type\":\"ImageObject\",\"inLanguage\":\"et\",\"@id\":\"https:\/\/espak.ee\/epood\/toode\/superfine-isetasanduv-porandapahtel-ceresit-cn-71-25kg\/#primaryimage\",\"url\":\"https:\/\/espak.ee\/epood\/wp-content\/uploads\/Ceresit-CN71.jpg\",\"contentUrl\":\"https:\/\/espak.ee\/epood\/wp-content\/uploads\/Ceresit-CN71.jpg\",\"width\":1584,\"height\":1584},{\"@type\":\"BreadcrumbList\",\"@id\":\"https:\/\/espak.ee\/epood\/toode\/superfine-isetasanduv-porandapahtel-ceresit-cn-71-25kg\/#breadcrumb\",\"itemListElement\":[{\"@type\":\"ListItem\",\"position\":1,\"name\":\"Home\",\"item\":\"https:\/\/espak.ee\/epood\/\"},{\"@type\":\"ListItem\",\"position\":2,\"name\":\"Tootevalik\",\"item\":\"https:\/\/espak.ee\/epood\/tootevalik\/\"},{\"@type\":\"ListItem\",\"position\":3,\"name\":\"SUPERFINE ISETASANDUV P\u00d5RANDAPAHTEL CERESIT CN-71 25KG\"}]},{\"@type\":\"WebSite\",\"@id\":\"https:\/\/espak.ee\/epood\/#website\",\"url\":\"https:\/\/espak.ee\/epood\/\",\"name\":\"Espak E-pood\",\"description\":\"\",\"potentialAction\":[{\"@type\":\"SearchAction\",\"target\":{\"@type\":\"EntryPoint\",\"urlTemplate\":\"https:\/\/espak.ee\/epood\/?s={search_term_string}\"},\"query-input\":{\"@type\":\"PropertyValueSpecification\",\"valueRequired\":true,\"valueName\":\"search_term_string\"}}],\"inLanguage\":\"et\"}]}<\/script>\n<!-- \/ Yoast SEO plugin. -->","yoast_head_json":{"title":"SUPERFINE ISETASANDUV P\u00d5RANDAPAHTEL CERESIT CN-71 25KG - Espak E-pood","robots":{"index":"index","follow":"follow","max-snippet":"max-snippet:-1","max-image-preview":"max-image-preview:large","max-video-preview":"max-video-preview:-1"},"canonical":"https:\/\/espak.ee\/epood\/toode\/superfine-isetasanduv-porandapahtel-ceresit-cn-71-25kg\/","og_locale":"et_EE","og_type":"article","og_title":"SUPERFINE ISETASANDUV P\u00d5RANDAPAHTEL CERESIT CN-71 25KG - Espak E-pood","og_url":"https:\/\/espak.ee\/epood\/toode\/superfine-isetasanduv-porandapahtel-ceresit-cn-71-25kg\/","og_site_name":"Espak E-pood","article_modified_time":"2024-03-22T22:09:41+00:00","og_image":[{"width":1584,"height":1584,"url":"https:\/\/espak.ee\/epood\/wp-content\/uploads\/Ceresit-CN71.jpg","type":"image\/jpeg"}],"twitter_card":"summary_large_image","twitter_misc":{"Est. reading time":"3 minutit"},"schema":{"@context":"https:\/\/schema.org","@graph":[{"@type":"WebPage","@id":"https:\/\/espak.ee\/epood\/toode\/superfine-isetasanduv-porandapahtel-ceresit-cn-71-25kg\/","url":"https:\/\/espak.ee\/epood\/toode\/superfine-isetasanduv-porandapahtel-ceresit-cn-71-25kg\/","name":"SUPERFINE ISETASANDUV P\u00d5RANDAPAHTEL CERESIT CN-71 25KG - Espak E-pood","isPartOf":{"@id":"https:\/\/espak.ee\/epood\/#website"},"primaryImageOfPage":{"@id":"https:\/\/espak.ee\/epood\/toode\/superfine-isetasanduv-porandapahtel-ceresit-cn-71-25kg\/#primaryimage"},"image":{"@id":"https:\/\/espak.ee\/epood\/toode\/superfine-isetasanduv-porandapahtel-ceresit-cn-71-25kg\/#primaryimage"},"thumbnailUrl":"https:\/\/espak.ee\/epood\/wp-content\/uploads\/Ceresit-CN71.jpg","datePublished":"2019-11-22T00:45:32+00:00","dateModified":"2024-03-22T22:09:41+00:00","breadcrumb":{"@id":"https:\/\/espak.ee\/epood\/toode\/superfine-isetasanduv-porandapahtel-ceresit-cn-71-25kg\/#breadcrumb"},"inLanguage":"et","potentialAction":[{"@type":"ReadAction","target":["https:\/\/espak.ee\/epood\/toode\/superfine-isetasanduv-porandapahtel-ceresit-cn-71-25kg\/"]}]},{"@type":"ImageObject","inLanguage":"et","@id":"https:\/\/espak.ee\/epood\/toode\/superfine-isetasanduv-porandapahtel-ceresit-cn-71-25kg\/#primaryimage","url":"https:\/\/espak.ee\/epood\/wp-content\/uploads\/Ceresit-CN71.jpg","contentUrl":"https:\/\/espak.ee\/epood\/wp-content\/uploads\/Ceresit-CN71.jpg","width":1584,"height":1584},{"@type":"BreadcrumbList","@id":"https:\/\/espak.ee\/epood\/toode\/superfine-isetasanduv-porandapahtel-ceresit-cn-71-25kg\/#breadcrumb","itemListElement":[{"@type":"ListItem","position":1,"name":"Home","item":"https:\/\/espak.ee\/epood\/"},{"@type":"ListItem","position":2,"name":"Tootevalik","item":"https:\/\/espak.ee\/epood\/tootevalik\/"},{"@type":"ListItem","position":3,"name":"SUPERFINE ISETASANDUV P\u00d5RANDAPAHTEL CERESIT CN-71 25KG"}]},{"@type":"WebSite","@id":"https:\/\/espak.ee\/epood\/#website","url":"https:\/\/espak.ee\/epood\/","name":"Espak E-pood","description":"","potentialAction":[{"@type":"SearchAction","target":{"@type":"EntryPoint","urlTemplate":"https:\/\/espak.ee\/epood\/?s={search_term_string}"},"query-input":{"@type":"PropertyValueSpecification","valueRequired":true,"valueName":"search_term_string"}}],"inLanguage":"et"}]}},"_links":{"self":[{"href":"https:\/\/espak.ee\/epood\/wp-json\/wp\/v2\/product\/11588","targetHints":{"allow":["GET"]}}],"collection":[{"href":"https:\/\/espak.ee\/epood\/wp-json\/wp\/v2\/product"}],"about":[{"href":"https:\/\/espak.ee\/epood\/wp-json\/wp\/v2\/types\/product"}],"replies":[{"embeddable":true,"href":"https:\/\/espak.ee\/epood\/wp-json\/wp\/v2\/comments?post=11588"}],"wp:featuredmedia":[{"embeddable":true,"href":"https:\/\/espak.ee\/epood\/wp-json\/wp\/v2\/media\/12751"}],"wp:attachment":[{"href":"https:\/\/espak.ee\/epood\/wp-json\/wp\/v2\/media?parent=11588"}],"wp:term":[{"taxonomy":"product_brand","embeddable":true,"href":"https:\/\/espak.ee\/epood\/wp-json\/wp\/v2\/product_brand?post=11588"},{"taxonomy":"product_cat","embeddable":true,"href":"https:\/\/espak.ee\/epood\/wp-json\/wp\/v2\/product_cat?post=11588"},{"taxonomy":"product_tag","embeddable":true,"href":"https:\/\/espak.ee\/epood\/wp-json\/wp\/v2\/product_tag?post=11588"}],"curies":[{"name":"wp","href":"https:\/\/api.w.org\/{rel}","templated":true}]}}