{"id":11585,"date":"2019-11-22T02:45:32","date_gmt":"2019-11-22T00:45:32","guid":{"rendered":"https:\/\/espak.ee\/hinnakiri\/?post_type=product&#038;p=11585"},"modified":"2024-03-23T00:09:41","modified_gmt":"2024-03-22T22:09:41","slug":"kiiresti-kivistuv-plaatimissegu-ceresit-cm-29-25kg","status":"publish","type":"product","link":"https:\/\/espak.ee\/epood\/toode\/kiiresti-kivistuv-plaatimissegu-ceresit-cm-29-25kg\/","title":{"rendered":"KIIRESTI KIVISTUV PLAATIMISSEGU CERESIT CM-29 25KG"},"content":{"rendered":"<div class=\"row\"  id=\"row-2093870710\">\n\n\t<div id=\"col-904319479\" class=\"col medium-9 small-12 large-9\"  >\n\t\t\t\t<div class=\"col-inner\"  >\n\t\t\t\n\t\t\t\n<h2>CM 29 kiiresti kivistuv plaatimissegu<\/h2>\n<p>\u00d5hukse kihina peale kantav segu keraamiliste plaatide kinnitamiseks deformeeruvatele aluspindadele.<\/p>\n<div class=\"message-box relative\" style=\"padding-top:15px;padding-bottom:15px;\"><div class=\"message-box-bg-image bg-fill fill\" ><\/div><div class=\"message-box-bg-overlay bg-fill fill\" ><\/div><div class=\"container relative\"><div class=\"inner last-reset\">\n<div class=\"row align-middle align-center\"  id=\"row-822713438\">\n\n\t<div id=\"col-604461988\" class=\"col small-12 large-12\"  >\n\t\t\t\t<div class=\"col-inner text-left\"  >\n\t\t\t\n\t\t\t\n<h4>Omadused<\/h4>\n<div class=\"row\"  id=\"row-1362727413\">\n\n\t<div id=\"col-1849487717\" class=\"col medium-6 small-12 large-6\"  >\n\t\t\t\t<div class=\"col-inner\"  >\n\t\t\t\n\t\t\t\n<p><i class=\"fa fa-check fa-2x\"><\/i> <strong>Sobib p\u00f5randak\u00fcttele<\/strong><\/p>\n<p><i class=\"fa fa-check fa-2x\"><\/i> <strong>Sobib niiskust\u00f5ketele<\/strong><\/p>\n\t\t<\/div>\n\t\t\t\t\n<style>\n#col-1849487717 > .col-inner {\n  margin: 0px 0px 15px 0px;\n}\n<\/style>\n\t<\/div>\n\n\t\n<\/div>\n\t\t<\/div>\n\t\t\t\t\t<\/div>\n\n\t\n<\/div>\n<\/div><\/div><\/div>\n\t<div id=\"gap-43069212\" class=\"gap-element clearfix\" style=\"display:block; height:auto;\">\n\t\t\n<style>\n#gap-43069212 {\n  padding-top: 30px;\n}\n<\/style>\n\t<\/div>\n\t\n<h3>Kasutamise \u00fcksikasjad<\/h3>\n<p><strong>Kasutusala:<\/strong> Segu Ceresit CM 29 Multi Express on ette n\u00e4htud keraamiliste (glasuur, terrakota, klinker), tsement- ja kiviplaatide (v.a marmor) kinnitamiseks betoonile (\u00fcle 3 kuu vana), valatud tsementpindadele (\u00fcle 28 p\u00e4eva vanad), tsement- ja lubitsementkrohvile (\u00fcle 28 p\u00e4eva vana), kipskartong-, laast- ja OSB-plaatidele (paksus \u00b3 22 mm) ning k\u00f6etavatele p\u00f5randatele. Seda v\u00f5ib kasutada nii hoonete sise- kui ka v\u00e4lispindade mittedeformeeruvatel aluspindadel.<\/p>\n<p><strong>Aluspinna ettevalmistus:<\/strong> Segu Ceresit CM 29 Multi Express v\u00f5ib kasutada j\u00e4rgmistel kandvatel, tugevatel ning m\u00e4\u00e4rdeainetest, bituumenist, tolmust jms puhastatud aluspindadel:<br \/>\nsise- ja v\u00e4listingimustes:<br \/>\n\u2013 betoon (\u00fcle 3 kuu vana, niiskusesisaldus \uf0a3 4%);<br \/>\n\u2013 valatud tsementpind, tsement- ja lubitsementkrohv (\u00fcle 28 p\u00e4eva vana, niiskusesisaldus \uf0a3 4%); sisetingimustes: kipskartongplaadid \u2013 krunditud vahendiga Ceresit CT 17;<br \/>\n\u2013 anh\u00fcdriidtsement- (niiskusesisaldus alla 0,5%) ja kipspind (niiskusesisaldus alla 1%) \u2013 mehaaniliselt lihvitud, lihvimistolmust puhastatud ja krunditud vahendiga Ceresit CT 17;<br \/>\n\u2013 gaasbetoon \u2013 tolmust puhastatud ja krunditud vahendiga Ceresit CT 17;<br \/>\n\u2013 tugevad ja h\u00e4stinakkuvad v\u00e4rvikihid \u2013 liivapaberiga lihvitud, lihvimistolmust puhastatud ja krunditud vahendiga Ceresit CT 17;<br \/>\n\u2013 OSB- ja laastplaadid (paksus > 22 mm) \u2013 mehaaniliselt lihvitud ja krunditud vahendiga Ceresit CN 94.<br \/>\nAluspind ei tohi olla m\u00e4rg. M\u00e4\u00e4rdunud kohad, kooruvad kihid ja v\u00e4ikese vastupidavusega v\u00e4rvkatted tuleb mehaaniliselt eemaldada. Imavad pinnad kruntida vahendiga Ceresit CT 17 ja lasta v\u00e4hemalt 2 tundi kuivada. Kuni 8 mm s\u00fcgavused aluspinna ebatasasused v\u00f5ib 6 tundi enne plaatide paigaldamist t\u00e4ita sama seguga (CM 29 Multi Express). Kui aluspinnas on suuremaid ebatasasusi ja kahjustusi, tuleb nende t\u00e4itmiseks kasutada p\u00f5randate puhul Ceresiti CNtooteseeria materjale, seinte puhul pahteldussegu Ceresit CT 29.<\/p>\n<p><strong>Kasutamine:<\/strong> Segu Ceresit CM 29 Multi Express on ette n\u00e4htud keraamiliste (glasuur, terrakota, klinker), tsement- ja kiviplaatide (v.a marmor) kinnitamiseks betoonile (\u00fcle 3 kuu vana), valatud tsementpindadele (\u00fcle 28 p\u00e4eva vanad), tsement- ja lubitsementkrohvile (\u00fcle 28 p\u00e4eva vana), kipskartong-, laast- ja OSB-plaatidele (paksus \uf0b3 22 mm) ning k\u00f6etavatele p\u00f5randatele. Seda v\u00f5ib kasutada nii hoonete sise- kui ka v\u00e4lispindade mittedeformeeruvatel aluspindadel. Segu v\u00f5ib kasutada ka (ainult hoonete sisepindadel) kips-, anh\u00fcdriidtsement- ja gaasbetoonpindadel ning tugevatel v\u00e4rvikihtidel.Teist liiki plaatide ja aluspindade, suuremate koormuste ning deformeeruvate aluspindade, nt terrasside ja r\u00f5dude korral tuleb kasutada spetsiaalseid Ceresiti plaatimis- ja liimisegusid.<\/p>\n<p><strong>T\u00f6\u00f6de k\u00e4ik:<\/strong> Pakendi sisu puistata v\u00e4ljam\u00f5\u00f5detud kogusesse k\u00fclma puhtasse vette ja segada mikseriga tasasel kiirusel, kuni on moodustunud \u00fchtlane, t\u00fckkideta segumass. Seej\u00e4rel oodata 5 minutit ja segada veelkord. Vajaduse korral lisada v\u00e4ike kogus vett ja segada uuesti. Valmis segu ajada sobiva suurusega hammastikuga segukammi v\u00f5i pahtlilabida (paksemate segukihtide korral) abil m\u00f6\u00f6da aluspinda laiali. Kui plaate paigaldatakse k\u00fclmades ja niisketes tingimustes asuvatesse kohtadesse ja kui segukihi paksus plaadi all on \u00fcle 5 mm, tuleb plaatide tagumine pind katta veel lisaks \u00f5hukese segukihiga. \u00dcksiku segukihi paksus horisontaalpinnal ei tohi olla \u00fcle 8 mm. Horisontaalpindade puhul tuleb erilist t\u00e4helepanu p\u00f6\u00f6rata sellele, et plaadid oleksid korralikult aluspinna vastu surutud. Segu peab katma v\u00e4hemalt 80% plaadi tagumisest pinnast. Plaat tuleb katta seguga ja suruda tihedalt aluspinna vastu, enne kui segupinnale j\u00f5uab tekkida koorik (nii kaua, kuni segukiht veel k\u00e4te k\u00fclge kleepub). Mitte paigaldada plaate tihedalt \u00fcksteise vastu! V\u00e4rsked seguplekid v\u00f5ib plaatide pinnalt veega maha pesta, kivistunud segu saab eemaldada mehaaniliselt. Plaate ei tohi enne paigaldamist vees m\u00e4rjaks teha! Vuukide laius valitakse plaatide suuruse ja kasutustingimuste j\u00e4rgi. Vuuke v\u00f5ib t\u00e4itma hakata 4 tunni p\u00e4rast Ceresiti CE-tooteseeria materjalidega.m Paisumisvuugid plaatide vahel, nurkades, seina ja p\u00f5randa \u00fchenduskohtades ning sanitaarseadmete \u00fcmber tuleb t\u00e4ita silikooniga Ceresit CS 25 MicroProtect.<\/p>\n<p><strong>T\u00e4helepanu:<\/strong>T\u00f6id tuleb teha kuivades tingimustes, kui \u00f5hu ja t\u00f6\u00f6deldavate pindade temperatuur on + 5\u00b0 kuni + 25 \u00b0C. K\u00f5ik siinkohal \u00e4ra toodud andmed kehtivad temperatuuril + 23 \u00b0C, kui suhteline \u00f5huniiskus on 50%. Teistsugustes tingimustes v\u00f5ivad materjali omadused m\u00f5nev\u00f5rra muutuda. Segu CM 29 Multi Express sisaldab tsementi ja selle segamisel veega tekib aluseline reaktsioon. Seet\u00f5ttu tuleb t\u00f6\u00f6tades nahka ja silmi kaitsta. Kui segu on sattunud silma, loputada silmi kohe rohke veega ja p\u00f6\u00f6rduda arsti poole. Kroom VI sisaldus \u2013 alla 2 ppm toote s\u00e4ilivusajal.<\/p>\n\t\t<\/div>\n\t\t\t\t\t<\/div>\n\n\t\n\n\t<div id=\"col-978905230\" class=\"col medium-3 small-12 large-3\"  >\n\t\t\t\t<div class=\"col-inner\"  >\n\t\t\t\n\t\t\t\n\t<div id=\"gap-1072245087\" class=\"gap-element clearfix\" style=\"display:block; height:auto;\">\n\t\t\n<style>\n#gap-1072245087 {\n  padding-top: 30px;\n}\n<\/style>\n\t<\/div>\n\t\n<h3>Tehniline informatsioon<\/h3>\n<p><a href=\"https:\/\/espak.ee\/epood\/wp-content\/uploads\/CM29-tooteleht.pdf\" target=\"_blank\" rel=\"noopener noreferrer\"><i class=\"far fa-file-pdf\"><\/i> Tehniline info (PDF)<\/a><\/p>\n<h3>Ohutusalane teave<\/h3>\n<p><a href=\"https:\/\/espak.ee\/epood\/wp-content\/uploads\/CM29-ohutuskaart.pdf\" target=\"_blank\" rel=\"noopener noreferrer\"><i class=\"far fa-file-pdf\"><\/i> Ohutusalane teave (PDF)<\/a><\/p>\n<div class=\"is-divider divider clearfix\" ><\/div>\n<p><strong>\u00dcksikasjalikuma n\u00f5u saamiseks v\u00f5tke \u00fchendust:<br \/><\/strong>Henkel Balti<br \/>S\u00f5bra 56 B<br \/>51013<br \/>Tartu<br \/>+ 372 7305800<\/p>\n<div class=\"is-divider divider clearfix\" ><\/div>\n\t\t<\/div>\n\t\t\t\t\t<\/div>\n\n\t\n<\/div>\n","protected":false},"excerpt":{"rendered":"","protected":false},"featured_media":12763,"comment_status":"closed","ping_status":"open","template":"","meta":[],"product_brand":[],"product_cat":[2698,2806,2805,2697],"product_tag":[],"class_list":{"0":"post-11585","1":"product","2":"type-product","3":"status-publish","4":"has-post-thumbnail","6":"product_cat-pahtlid-ja-kuivsegud","7":"product_cat-plaadiliimid","8":"product_cat-plaatimissegud","9":"product_cat-uldehitus","10":"pa_kaubamark-henkel-balti-ou","12":"first","13":"outofstock","14":"sale","15":"taxable","16":"shipping-taxable","17":"purchasable","18":"product-type-simple"},"yoast_head":"<!-- This site is optimized with the Yoast SEO plugin v26.9 - https:\/\/yoast.com\/product\/yoast-seo-wordpress\/ -->\n<title>KIIRESTI KIVISTUV PLAATIMISSEGU CERESIT CM-29 25KG - Espak E-pood<\/title>\n<meta name=\"robots\" content=\"index, follow, max-snippet:-1, max-image-preview:large, max-video-preview:-1\" \/>\n<link rel=\"canonical\" href=\"https:\/\/espak.ee\/epood\/toode\/kiiresti-kivistuv-plaatimissegu-ceresit-cm-29-25kg\/\" \/>\n<meta property=\"og:locale\" content=\"et_EE\" \/>\n<meta property=\"og:type\" content=\"article\" \/>\n<meta property=\"og:title\" content=\"KIIRESTI KIVISTUV PLAATIMISSEGU CERESIT CM-29 25KG - Espak E-pood\" \/>\n<meta property=\"og:url\" content=\"https:\/\/espak.ee\/epood\/toode\/kiiresti-kivistuv-plaatimissegu-ceresit-cm-29-25kg\/\" \/>\n<meta property=\"og:site_name\" content=\"Espak E-pood\" \/>\n<meta property=\"article:modified_time\" content=\"2024-03-22T22:09:41+00:00\" \/>\n<meta property=\"og:image\" content=\"https:\/\/espak.ee\/epood\/wp-content\/uploads\/Ceresit-CM29.jpg\" \/>\n\t<meta property=\"og:image:width\" content=\"1584\" \/>\n\t<meta property=\"og:image:height\" content=\"1584\" \/>\n\t<meta property=\"og:image:type\" content=\"image\/jpeg\" \/>\n<meta name=\"twitter:card\" content=\"summary_large_image\" \/>\n<meta name=\"twitter:label1\" content=\"Est. reading time\" \/>\n\t<meta name=\"twitter:data1\" content=\"4 minutit\" \/>\n<script type=\"application\/ld+json\" class=\"yoast-schema-graph\">{\"@context\":\"https:\/\/schema.org\",\"@graph\":[{\"@type\":\"WebPage\",\"@id\":\"https:\/\/espak.ee\/epood\/toode\/kiiresti-kivistuv-plaatimissegu-ceresit-cm-29-25kg\/\",\"url\":\"https:\/\/espak.ee\/epood\/toode\/kiiresti-kivistuv-plaatimissegu-ceresit-cm-29-25kg\/\",\"name\":\"KIIRESTI KIVISTUV PLAATIMISSEGU CERESIT CM-29 25KG - Espak E-pood\",\"isPartOf\":{\"@id\":\"https:\/\/espak.ee\/epood\/#website\"},\"primaryImageOfPage\":{\"@id\":\"https:\/\/espak.ee\/epood\/toode\/kiiresti-kivistuv-plaatimissegu-ceresit-cm-29-25kg\/#primaryimage\"},\"image\":{\"@id\":\"https:\/\/espak.ee\/epood\/toode\/kiiresti-kivistuv-plaatimissegu-ceresit-cm-29-25kg\/#primaryimage\"},\"thumbnailUrl\":\"https:\/\/espak.ee\/epood\/wp-content\/uploads\/Ceresit-CM29.jpg\",\"datePublished\":\"2019-11-22T00:45:32+00:00\",\"dateModified\":\"2024-03-22T22:09:41+00:00\",\"breadcrumb\":{\"@id\":\"https:\/\/espak.ee\/epood\/toode\/kiiresti-kivistuv-plaatimissegu-ceresit-cm-29-25kg\/#breadcrumb\"},\"inLanguage\":\"et\",\"potentialAction\":[{\"@type\":\"ReadAction\",\"target\":[\"https:\/\/espak.ee\/epood\/toode\/kiiresti-kivistuv-plaatimissegu-ceresit-cm-29-25kg\/\"]}]},{\"@type\":\"ImageObject\",\"inLanguage\":\"et\",\"@id\":\"https:\/\/espak.ee\/epood\/toode\/kiiresti-kivistuv-plaatimissegu-ceresit-cm-29-25kg\/#primaryimage\",\"url\":\"https:\/\/espak.ee\/epood\/wp-content\/uploads\/Ceresit-CM29.jpg\",\"contentUrl\":\"https:\/\/espak.ee\/epood\/wp-content\/uploads\/Ceresit-CM29.jpg\",\"width\":1584,\"height\":1584},{\"@type\":\"BreadcrumbList\",\"@id\":\"https:\/\/espak.ee\/epood\/toode\/kiiresti-kivistuv-plaatimissegu-ceresit-cm-29-25kg\/#breadcrumb\",\"itemListElement\":[{\"@type\":\"ListItem\",\"position\":1,\"name\":\"Home\",\"item\":\"https:\/\/espak.ee\/epood\/\"},{\"@type\":\"ListItem\",\"position\":2,\"name\":\"Tootevalik\",\"item\":\"https:\/\/espak.ee\/epood\/tootevalik\/\"},{\"@type\":\"ListItem\",\"position\":3,\"name\":\"KIIRESTI KIVISTUV PLAATIMISSEGU CERESIT CM-29 25KG\"}]},{\"@type\":\"WebSite\",\"@id\":\"https:\/\/espak.ee\/epood\/#website\",\"url\":\"https:\/\/espak.ee\/epood\/\",\"name\":\"Espak E-pood\",\"description\":\"\",\"potentialAction\":[{\"@type\":\"SearchAction\",\"target\":{\"@type\":\"EntryPoint\",\"urlTemplate\":\"https:\/\/espak.ee\/epood\/?s={search_term_string}\"},\"query-input\":{\"@type\":\"PropertyValueSpecification\",\"valueRequired\":true,\"valueName\":\"search_term_string\"}}],\"inLanguage\":\"et\"}]}<\/script>\n<!-- \/ Yoast SEO plugin. -->","yoast_head_json":{"title":"KIIRESTI KIVISTUV PLAATIMISSEGU CERESIT CM-29 25KG - Espak E-pood","robots":{"index":"index","follow":"follow","max-snippet":"max-snippet:-1","max-image-preview":"max-image-preview:large","max-video-preview":"max-video-preview:-1"},"canonical":"https:\/\/espak.ee\/epood\/toode\/kiiresti-kivistuv-plaatimissegu-ceresit-cm-29-25kg\/","og_locale":"et_EE","og_type":"article","og_title":"KIIRESTI KIVISTUV PLAATIMISSEGU CERESIT CM-29 25KG - Espak E-pood","og_url":"https:\/\/espak.ee\/epood\/toode\/kiiresti-kivistuv-plaatimissegu-ceresit-cm-29-25kg\/","og_site_name":"Espak E-pood","article_modified_time":"2024-03-22T22:09:41+00:00","og_image":[{"width":1584,"height":1584,"url":"https:\/\/espak.ee\/epood\/wp-content\/uploads\/Ceresit-CM29.jpg","type":"image\/jpeg"}],"twitter_card":"summary_large_image","twitter_misc":{"Est. reading time":"4 minutit"},"schema":{"@context":"https:\/\/schema.org","@graph":[{"@type":"WebPage","@id":"https:\/\/espak.ee\/epood\/toode\/kiiresti-kivistuv-plaatimissegu-ceresit-cm-29-25kg\/","url":"https:\/\/espak.ee\/epood\/toode\/kiiresti-kivistuv-plaatimissegu-ceresit-cm-29-25kg\/","name":"KIIRESTI KIVISTUV PLAATIMISSEGU CERESIT CM-29 25KG - Espak E-pood","isPartOf":{"@id":"https:\/\/espak.ee\/epood\/#website"},"primaryImageOfPage":{"@id":"https:\/\/espak.ee\/epood\/toode\/kiiresti-kivistuv-plaatimissegu-ceresit-cm-29-25kg\/#primaryimage"},"image":{"@id":"https:\/\/espak.ee\/epood\/toode\/kiiresti-kivistuv-plaatimissegu-ceresit-cm-29-25kg\/#primaryimage"},"thumbnailUrl":"https:\/\/espak.ee\/epood\/wp-content\/uploads\/Ceresit-CM29.jpg","datePublished":"2019-11-22T00:45:32+00:00","dateModified":"2024-03-22T22:09:41+00:00","breadcrumb":{"@id":"https:\/\/espak.ee\/epood\/toode\/kiiresti-kivistuv-plaatimissegu-ceresit-cm-29-25kg\/#breadcrumb"},"inLanguage":"et","potentialAction":[{"@type":"ReadAction","target":["https:\/\/espak.ee\/epood\/toode\/kiiresti-kivistuv-plaatimissegu-ceresit-cm-29-25kg\/"]}]},{"@type":"ImageObject","inLanguage":"et","@id":"https:\/\/espak.ee\/epood\/toode\/kiiresti-kivistuv-plaatimissegu-ceresit-cm-29-25kg\/#primaryimage","url":"https:\/\/espak.ee\/epood\/wp-content\/uploads\/Ceresit-CM29.jpg","contentUrl":"https:\/\/espak.ee\/epood\/wp-content\/uploads\/Ceresit-CM29.jpg","width":1584,"height":1584},{"@type":"BreadcrumbList","@id":"https:\/\/espak.ee\/epood\/toode\/kiiresti-kivistuv-plaatimissegu-ceresit-cm-29-25kg\/#breadcrumb","itemListElement":[{"@type":"ListItem","position":1,"name":"Home","item":"https:\/\/espak.ee\/epood\/"},{"@type":"ListItem","position":2,"name":"Tootevalik","item":"https:\/\/espak.ee\/epood\/tootevalik\/"},{"@type":"ListItem","position":3,"name":"KIIRESTI KIVISTUV PLAATIMISSEGU CERESIT CM-29 25KG"}]},{"@type":"WebSite","@id":"https:\/\/espak.ee\/epood\/#website","url":"https:\/\/espak.ee\/epood\/","name":"Espak E-pood","description":"","potentialAction":[{"@type":"SearchAction","target":{"@type":"EntryPoint","urlTemplate":"https:\/\/espak.ee\/epood\/?s={search_term_string}"},"query-input":{"@type":"PropertyValueSpecification","valueRequired":true,"valueName":"search_term_string"}}],"inLanguage":"et"}]}},"_links":{"self":[{"href":"https:\/\/espak.ee\/epood\/wp-json\/wp\/v2\/product\/11585","targetHints":{"allow":["GET"]}}],"collection":[{"href":"https:\/\/espak.ee\/epood\/wp-json\/wp\/v2\/product"}],"about":[{"href":"https:\/\/espak.ee\/epood\/wp-json\/wp\/v2\/types\/product"}],"replies":[{"embeddable":true,"href":"https:\/\/espak.ee\/epood\/wp-json\/wp\/v2\/comments?post=11585"}],"wp:featuredmedia":[{"embeddable":true,"href":"https:\/\/espak.ee\/epood\/wp-json\/wp\/v2\/media\/12763"}],"wp:attachment":[{"href":"https:\/\/espak.ee\/epood\/wp-json\/wp\/v2\/media?parent=11585"}],"wp:term":[{"taxonomy":"product_brand","embeddable":true,"href":"https:\/\/espak.ee\/epood\/wp-json\/wp\/v2\/product_brand?post=11585"},{"taxonomy":"product_cat","embeddable":true,"href":"https:\/\/espak.ee\/epood\/wp-json\/wp\/v2\/product_cat?post=11585"},{"taxonomy":"product_tag","embeddable":true,"href":"https:\/\/espak.ee\/epood\/wp-json\/wp\/v2\/product_tag?post=11585"}],"curies":[{"name":"wp","href":"https:\/\/api.w.org\/{rel}","templated":true}]}}