{"id":11584,"date":"2019-11-22T02:45:32","date_gmt":"2019-11-22T00:45:32","guid":{"rendered":"https:\/\/espak.ee\/hinnakiri\/?post_type=product&#038;p=11584"},"modified":"2025-07-17T13:07:54","modified_gmt":"2025-07-17T10:07:54","slug":"ulielastne-plaatimissegu-ceresit-cm-17-5kg","status":"publish","type":"product","link":"https:\/\/espak.ee\/epood\/toode\/ulielastne-plaatimissegu-ceresit-cm-17-5kg\/","title":{"rendered":"\u00dcLIELASTNE PLAATIMISSEGU CERESIT CM-17 5KG"},"content":{"rendered":"<div class=\"row\"  id=\"row-1732544477\">\n\n\t<div id=\"col-351851278\" class=\"col medium-9 small-12 large-9\"  >\n\t\t\t\t<div class=\"col-inner\"  >\n\t\t\t\n\t\t\t\n<h2>CM 17 \u00fclielastne plaatimissegu<\/h2>\n<div class=\"message-box relative\" style=\"padding-top:15px;padding-bottom:15px;\"><div class=\"message-box-bg-image bg-fill fill\" ><\/div><div class=\"message-box-bg-overlay bg-fill fill\" ><\/div><div class=\"container relative\"><div class=\"inner last-reset\">\n<div class=\"row align-middle align-center\"  id=\"row-469114951\">\n\n\t<div id=\"col-784530016\" class=\"col small-12 large-12\"  >\n\t\t\t\t<div class=\"col-inner text-left\"  >\n\t\t\t\n\t\t\t\n<h4>Omadused<\/h4>\n<div class=\"row\"  id=\"row-1205754819\">\n\n\t<div id=\"col-635935462\" class=\"col medium-6 small-12 large-6\"  >\n\t\t\t\t<div class=\"col-inner\"  >\n\t\t\t\n\t\t\t\n<p><i class=\"fa fa-check fa-2x\"><\/i> <strong>Sobib probleemsetele ja suure liikuvusega pindadele<\/strong><\/p>\n<p><i class=\"fa fa-check fa-2x\"><\/i> <strong>Kasutamiseks sise- ja v\u00e4listingimustes<\/strong><\/p>\n\t\t<\/div>\n\t\t\t\t\n<style>\n#col-635935462 > .col-inner {\n  margin: 0px 0px 15px 0px;\n}\n<\/style>\n\t<\/div>\n\n\t\n<\/div>\n\t\t<\/div>\n\t\t\t\t\t<\/div>\n\n\t\n<\/div>\n<\/div><\/div><\/div>\n\t<div id=\"gap-1640792907\" class=\"gap-element clearfix\" style=\"display:block; height:auto;\">\n\t\t\n<style>\n#gap-1640792907 {\n  padding-top: 30px;\n}\n<\/style>\n\t<\/div>\n\t\n<h3>Kasutamise \u00fcksikasjad<\/h3>\n<p><strong>Kasutusala:<\/strong> Segu CM 17 on ette n\u00e4htud keraamiliste (glasuur, terrakota), tsemendist, kivist (v.a marmor) ja t\u00e4ismassist plaatide kinnitamiseks deformeeruvatele pindadele.CM 17 soovitatakse plaatide kinnitamiseks painduvatele l\u00fckandseintele, h\u00fcdroisolatsioonikihile, k\u00f6etavatele p\u00f5randatele, fassaadidele, r\u00f5dudele ja terrassidele, samuti basseinidesse ja tehnoloogilistesse veemahutitesse. T\u00e4nu heale nakkuvusele v\u00f5ib segu kasutada ka siis, kui kinnitatavate plaatide niiskusesisaldus on <3% (nt. klinkerplaatide puhul) v\u00f5i kui plaate tahetakse paigaldada keerulises seisukorras olevatele aluspindadele: vanale plaadikihile, tugevale ja h\u00e4stinakkuvale v\u00e4rvikihile, kipsp\u00f5randatele ja anh\u00fcdriittsemendile ja gaasbetoonile. Segule on lisatud spetsiaalseid keemilisi lisandeid, mis takistavad plaatide alla vajumist, tagades sellega stabiilse ja mugava paigaldamise.<\/p>\n<p><strong>Aluspinna ettevalmistus:<\/strong> Segu CM 17 v\u00f5ib kasutada kuivadel ja segu nakkuvust takistavatest ainetest (nt \u00f5lidest, bituumenist, tolmust) puhastatud aluspindadel sise- ja v\u00e4listingimustes:<br \/>\n&#8211; betoonil (vanusega v\u00e4hemalt 3 kuud, niiskusesisaldus \u2264 4%);<br \/>\n&#8211; valatud tsementpinnal, harilikul tsementkrohvil ja lubja-tsementkrohvil (\u00fcle 28 p\u00e4eva vana, niiskusesisaldus \u2264 4%);<br \/>\nsisetingimustes:<br \/>\n&#8211; eelnevalt vahendiga Ceresit CT 17 krunditud kipskartongplaatidel;<br \/>\n&#8211; liivapaberiga \u00fcle lihvitud, tolmust puhastatud ja CT 17-ga krunditud tugevatel ja h\u00e4sti kinnitunud v\u00e4rvikihtidel;<br \/>\n&#8211; anh\u00fcdriidtsementp\u00f5randatel (niiskusesisaldusega alla 0,5%) ja kipsp\u00f5randatel (niiskusesisaldusega alla 1%), mis on mehaaniliselt \u00fcle lihvitud, tolmust puhastatud ja CT 17-ga krunditud;<br \/>\n&#8211; tolmust puhastatud ja CT 17-ga krunditud gaasbetoonil;<br \/>\n&#8211; tolmust puhastatud ja vahendiga Ceresit CN 94 krunditud OSB- ja laastplaatidel (paksusega \u226522 mm);<br \/>\n&#8211; mehaaniliselt lihvitud ja vahendiga Ceresit CN 94 krunditud vanadel keraamilistel ja kiviplaatidel;<br \/>\nM\u00e4\u00e4rdunud kohad, kooruvad kihid ja eba\u00fchtlased v\u00e4rvilaigud tuleb pindadelt mehaaniliselt eemaldada. Niiskunud aluspinnad tuleb katta vahendiga CT 17 ja seej\u00e4rel tuleb oodata selle kuivamist (v\u00e4hemalt 2 tundi). Kuni 5 mm s\u00fcgavused aluspindade ebatasasused v\u00f5ib 4 tundi varem tasandada sama seguga (CM 17). S\u00fcgavate ebatasasuste ja defektide t\u00e4itmiseks kasutada p\u00f5randate puhul aluspindade tasandamise materjale tooteseeriast Ceresit CN ja seinte puhul pahteldamissegu CT 29.<\/p>\n<p><strong>T\u00f6\u00f6de k\u00e4ik:<\/strong> Pakendi sisu puistata t\u00e4pselt v\u00e4lja m\u00f5\u00f5detud puhtasse k\u00fclma vette ja segada mikseriga hoolikalt l\u00e4bi, kuni on moodustunud \u00fchtlane ilma t\u00fckkideta segumass. Lasta segul 5 minutit seista ja segada seej\u00e4rel uuesti l\u00e4bi. Segu ajada segukammi abil m\u00f6\u00f6da aluspinda laiali. Segukammi hammastiku suurus valida vastavalt plaatide suurusele (vt<br \/>\ntabelist!). \u00d5ige segu konsistents ja segukammi hammaste suurus on valitud siis, kui vastu aluspinda surutud keraamiline plaat ei vaju vertikaalselt aluspinnalt alla ja segu katab v\u00e4hemalt 65% plaadi tagumisest pinnast. Juhul, kui plaadid j\u00e4\u00e4vad pakase ja niiskuse k\u00e4tte, tuleb nende montaa\u017eipind t\u00e4iendavalt katta \u00f5hukese segukihiga. Enne paigaldamist ei tohi plaate m\u00e4rjaks teha! Asetada plaadid aluspinnale kantud segukihile ja suruda need tugevasti selle vastu, enne kui segupinnale j\u00f5uab tekkida koorik (nii kaua, kuni segu veel k\u00e4te k\u00fclge kleepub). Mitte paigutada plaate tihedalt \u00fcksteise vastu! Plaatide vahele tuleb j\u00e4tta vahed s\u00f5ltuvalt plaatide suurusest ja ekspluatatsioonitingimustest. V\u00e4rsked plekid saab plaatide pinnalt veega maha pesta, kuivanud segu saab mehaaniliselt eemaldada. Vuukide t\u00e4itmist v\u00f5ib alustada 24 tunni p\u00e4rast. Paisumisvuugid plaatide vahel, nurkades, seina ja p\u00f5randa \u00fchenduskohtades ning sanitaarseadmete \u00fcmber tuleb t\u00e4ita silikooniga Ceresit CS 25 MicroProtect.<\/p>\n<p><strong>T\u00e4helepanu:<\/strong> T\u00f6id tuleb l\u00e4bi viia kuivades tingimustes, kui \u00f5hu ja t\u00f6\u00f6deldavate pindade temperatuur on + 5\u00b0 kuni + 25 \u00b0C. K\u00f5ik siinkohal \u00e4ra toodud andmed kehtivad temperatuuril + 23 \u00b0C, kui suhteline \u00f5huniiskus on 50%. Teistsugustes tingimustes v\u00f5ivad materjali parameetrid m\u00f5nev\u00f5rra muutuda. Segu CM 17 sisaldab tsementi ja selle segamisel veega tekib aluseline reaktsioon. Seet\u00f5ttu tuleb t\u00f6\u00f6tades nahka ja silmi kaitsta. Kui segu on sattunud silma, loputada kohe rohke veega ja p\u00f6\u00f6rduda arsti poole. Kroom VI sisaldus &#8211; alla 2 ppm toote s\u00e4ilivusaja jooksul.<\/p>\n\t\t<\/div>\n\t\t\t\t\t<\/div>\n\n\t\n\n\t<div id=\"col-1062852396\" class=\"col medium-3 small-12 large-3\"  >\n\t\t\t\t<div class=\"col-inner\"  >\n\t\t\t\n\t\t\t\n\t<div id=\"gap-1396703099\" class=\"gap-element clearfix\" style=\"display:block; height:auto;\">\n\t\t\n<style>\n#gap-1396703099 {\n  padding-top: 30px;\n}\n<\/style>\n\t<\/div>\n\t\n<h3>Tehniline informatsioon<\/h3>\n<p><a href=\"https:\/\/espak.ee\/epood\/wp-content\/uploads\/CM17-tooteleht.pdf\" target=\"_blank\" rel=\"noopener noreferrer\"><i class=\"far fa-file-pdf\"><\/i> Tehniline info (PDF)<\/a><\/p>\n<h3>Ohutusalane teave<\/h3>\n<p><a href=\"https:\/\/espak.ee\/epood\/wp-content\/uploads\/CM17-ohutuskaart.pdf\" target=\"_blank\" rel=\"noopener noreferrer\"><i class=\"far fa-file-pdf\"><\/i> Ohutusalane teave (PDF)<\/a><\/p>\n<div class=\"is-divider divider clearfix\" ><\/div>\n<p><strong>\u00dcksikasjalikuma n\u00f5u saamiseks v\u00f5tke \u00fchendust:<br \/><\/strong>Henkel Balti<br \/>S\u00f5bra 56 B<br \/>51013<br \/>Tartu<br \/>+ 372 7305800<\/p>\n<div class=\"is-divider divider clearfix\" ><\/div>\n\t\t<\/div>\n\t\t\t\t\t<\/div>\n\n\t\n<\/div>\n","protected":false},"excerpt":{"rendered":"","protected":false},"featured_media":12768,"comment_status":"closed","ping_status":"closed","template":"","meta":[],"product_brand":[],"product_cat":[2698,2806,2805,2697],"product_tag":[],"class_list":{"0":"post-11584","1":"product","2":"type-product","3":"status-publish","4":"has-post-thumbnail","6":"product_cat-pahtlid-ja-kuivsegud","7":"product_cat-plaadiliimid","8":"product_cat-plaatimissegud","9":"product_cat-uldehitus","10":"pa_kaubamark-henkel-balti-ou","12":"first","13":"instock","14":"sale","15":"taxable","16":"shipping-taxable","17":"purchasable","18":"product-type-simple"},"yoast_head":"<!-- This site is optimized with the Yoast SEO plugin v26.9 - https:\/\/yoast.com\/product\/yoast-seo-wordpress\/ -->\n<title>\u00dcLIELASTNE PLAATIMISSEGU CERESIT CM-17 5KG - Espak E-pood<\/title>\n<meta name=\"robots\" content=\"index, follow, max-snippet:-1, max-image-preview:large, max-video-preview:-1\" \/>\n<link rel=\"canonical\" href=\"https:\/\/espak.ee\/epood\/toode\/ulielastne-plaatimissegu-ceresit-cm-17-5kg\/\" \/>\n<meta property=\"og:locale\" content=\"et_EE\" \/>\n<meta property=\"og:type\" content=\"article\" \/>\n<meta property=\"og:title\" content=\"\u00dcLIELASTNE PLAATIMISSEGU CERESIT CM-17 5KG - Espak E-pood\" \/>\n<meta property=\"og:url\" content=\"https:\/\/espak.ee\/epood\/toode\/ulielastne-plaatimissegu-ceresit-cm-17-5kg\/\" \/>\n<meta property=\"og:site_name\" content=\"Espak E-pood\" \/>\n<meta property=\"article:modified_time\" content=\"2025-07-17T10:07:54+00:00\" \/>\n<meta property=\"og:image\" content=\"https:\/\/espak.ee\/epood\/wp-content\/uploads\/Ceresit-CM17-5kg.jpg\" \/>\n\t<meta property=\"og:image:width\" content=\"2048\" \/>\n\t<meta property=\"og:image:height\" content=\"2048\" \/>\n\t<meta property=\"og:image:type\" content=\"image\/jpeg\" \/>\n<meta name=\"twitter:card\" content=\"summary_large_image\" \/>\n<meta name=\"twitter:label1\" content=\"Est. reading time\" \/>\n\t<meta name=\"twitter:data1\" content=\"1 minut\" \/>\n<script type=\"application\/ld+json\" class=\"yoast-schema-graph\">{\"@context\":\"https:\/\/schema.org\",\"@graph\":[{\"@type\":\"WebPage\",\"@id\":\"https:\/\/espak.ee\/epood\/toode\/ulielastne-plaatimissegu-ceresit-cm-17-5kg\/\",\"url\":\"https:\/\/espak.ee\/epood\/toode\/ulielastne-plaatimissegu-ceresit-cm-17-5kg\/\",\"name\":\"\u00dcLIELASTNE PLAATIMISSEGU CERESIT CM-17 5KG - Espak E-pood\",\"isPartOf\":{\"@id\":\"https:\/\/espak.ee\/epood\/#website\"},\"primaryImageOfPage\":{\"@id\":\"https:\/\/espak.ee\/epood\/toode\/ulielastne-plaatimissegu-ceresit-cm-17-5kg\/#primaryimage\"},\"image\":{\"@id\":\"https:\/\/espak.ee\/epood\/toode\/ulielastne-plaatimissegu-ceresit-cm-17-5kg\/#primaryimage\"},\"thumbnailUrl\":\"https:\/\/espak.ee\/epood\/wp-content\/uploads\/Ceresit-CM17-5kg.jpg\",\"datePublished\":\"2019-11-22T00:45:32+00:00\",\"dateModified\":\"2025-07-17T10:07:54+00:00\",\"breadcrumb\":{\"@id\":\"https:\/\/espak.ee\/epood\/toode\/ulielastne-plaatimissegu-ceresit-cm-17-5kg\/#breadcrumb\"},\"inLanguage\":\"et\",\"potentialAction\":[{\"@type\":\"ReadAction\",\"target\":[\"https:\/\/espak.ee\/epood\/toode\/ulielastne-plaatimissegu-ceresit-cm-17-5kg\/\"]}]},{\"@type\":\"ImageObject\",\"inLanguage\":\"et\",\"@id\":\"https:\/\/espak.ee\/epood\/toode\/ulielastne-plaatimissegu-ceresit-cm-17-5kg\/#primaryimage\",\"url\":\"https:\/\/espak.ee\/epood\/wp-content\/uploads\/Ceresit-CM17-5kg.jpg\",\"contentUrl\":\"https:\/\/espak.ee\/epood\/wp-content\/uploads\/Ceresit-CM17-5kg.jpg\",\"width\":2048,\"height\":2048},{\"@type\":\"BreadcrumbList\",\"@id\":\"https:\/\/espak.ee\/epood\/toode\/ulielastne-plaatimissegu-ceresit-cm-17-5kg\/#breadcrumb\",\"itemListElement\":[{\"@type\":\"ListItem\",\"position\":1,\"name\":\"Home\",\"item\":\"https:\/\/espak.ee\/epood\/\"},{\"@type\":\"ListItem\",\"position\":2,\"name\":\"Tootevalik\",\"item\":\"https:\/\/espak.ee\/epood\/tootevalik\/\"},{\"@type\":\"ListItem\",\"position\":3,\"name\":\"\u00dcLIELASTNE PLAATIMISSEGU CERESIT CM-17 5KG\"}]},{\"@type\":\"WebSite\",\"@id\":\"https:\/\/espak.ee\/epood\/#website\",\"url\":\"https:\/\/espak.ee\/epood\/\",\"name\":\"Espak E-pood\",\"description\":\"\",\"potentialAction\":[{\"@type\":\"SearchAction\",\"target\":{\"@type\":\"EntryPoint\",\"urlTemplate\":\"https:\/\/espak.ee\/epood\/?s={search_term_string}\"},\"query-input\":{\"@type\":\"PropertyValueSpecification\",\"valueRequired\":true,\"valueName\":\"search_term_string\"}}],\"inLanguage\":\"et\"}]}<\/script>\n<!-- \/ Yoast SEO plugin. -->","yoast_head_json":{"title":"\u00dcLIELASTNE PLAATIMISSEGU CERESIT CM-17 5KG - Espak E-pood","robots":{"index":"index","follow":"follow","max-snippet":"max-snippet:-1","max-image-preview":"max-image-preview:large","max-video-preview":"max-video-preview:-1"},"canonical":"https:\/\/espak.ee\/epood\/toode\/ulielastne-plaatimissegu-ceresit-cm-17-5kg\/","og_locale":"et_EE","og_type":"article","og_title":"\u00dcLIELASTNE PLAATIMISSEGU CERESIT CM-17 5KG - Espak E-pood","og_url":"https:\/\/espak.ee\/epood\/toode\/ulielastne-plaatimissegu-ceresit-cm-17-5kg\/","og_site_name":"Espak E-pood","article_modified_time":"2025-07-17T10:07:54+00:00","og_image":[{"width":2048,"height":2048,"url":"https:\/\/espak.ee\/epood\/wp-content\/uploads\/Ceresit-CM17-5kg.jpg","type":"image\/jpeg"}],"twitter_card":"summary_large_image","twitter_misc":{"Est. reading time":"1 minut"},"schema":{"@context":"https:\/\/schema.org","@graph":[{"@type":"WebPage","@id":"https:\/\/espak.ee\/epood\/toode\/ulielastne-plaatimissegu-ceresit-cm-17-5kg\/","url":"https:\/\/espak.ee\/epood\/toode\/ulielastne-plaatimissegu-ceresit-cm-17-5kg\/","name":"\u00dcLIELASTNE PLAATIMISSEGU CERESIT CM-17 5KG - Espak E-pood","isPartOf":{"@id":"https:\/\/espak.ee\/epood\/#website"},"primaryImageOfPage":{"@id":"https:\/\/espak.ee\/epood\/toode\/ulielastne-plaatimissegu-ceresit-cm-17-5kg\/#primaryimage"},"image":{"@id":"https:\/\/espak.ee\/epood\/toode\/ulielastne-plaatimissegu-ceresit-cm-17-5kg\/#primaryimage"},"thumbnailUrl":"https:\/\/espak.ee\/epood\/wp-content\/uploads\/Ceresit-CM17-5kg.jpg","datePublished":"2019-11-22T00:45:32+00:00","dateModified":"2025-07-17T10:07:54+00:00","breadcrumb":{"@id":"https:\/\/espak.ee\/epood\/toode\/ulielastne-plaatimissegu-ceresit-cm-17-5kg\/#breadcrumb"},"inLanguage":"et","potentialAction":[{"@type":"ReadAction","target":["https:\/\/espak.ee\/epood\/toode\/ulielastne-plaatimissegu-ceresit-cm-17-5kg\/"]}]},{"@type":"ImageObject","inLanguage":"et","@id":"https:\/\/espak.ee\/epood\/toode\/ulielastne-plaatimissegu-ceresit-cm-17-5kg\/#primaryimage","url":"https:\/\/espak.ee\/epood\/wp-content\/uploads\/Ceresit-CM17-5kg.jpg","contentUrl":"https:\/\/espak.ee\/epood\/wp-content\/uploads\/Ceresit-CM17-5kg.jpg","width":2048,"height":2048},{"@type":"BreadcrumbList","@id":"https:\/\/espak.ee\/epood\/toode\/ulielastne-plaatimissegu-ceresit-cm-17-5kg\/#breadcrumb","itemListElement":[{"@type":"ListItem","position":1,"name":"Home","item":"https:\/\/espak.ee\/epood\/"},{"@type":"ListItem","position":2,"name":"Tootevalik","item":"https:\/\/espak.ee\/epood\/tootevalik\/"},{"@type":"ListItem","position":3,"name":"\u00dcLIELASTNE PLAATIMISSEGU CERESIT CM-17 5KG"}]},{"@type":"WebSite","@id":"https:\/\/espak.ee\/epood\/#website","url":"https:\/\/espak.ee\/epood\/","name":"Espak E-pood","description":"","potentialAction":[{"@type":"SearchAction","target":{"@type":"EntryPoint","urlTemplate":"https:\/\/espak.ee\/epood\/?s={search_term_string}"},"query-input":{"@type":"PropertyValueSpecification","valueRequired":true,"valueName":"search_term_string"}}],"inLanguage":"et"}]}},"_links":{"self":[{"href":"https:\/\/espak.ee\/epood\/wp-json\/wp\/v2\/product\/11584","targetHints":{"allow":["GET"]}}],"collection":[{"href":"https:\/\/espak.ee\/epood\/wp-json\/wp\/v2\/product"}],"about":[{"href":"https:\/\/espak.ee\/epood\/wp-json\/wp\/v2\/types\/product"}],"replies":[{"embeddable":true,"href":"https:\/\/espak.ee\/epood\/wp-json\/wp\/v2\/comments?post=11584"}],"wp:featuredmedia":[{"embeddable":true,"href":"https:\/\/espak.ee\/epood\/wp-json\/wp\/v2\/media\/12768"}],"wp:attachment":[{"href":"https:\/\/espak.ee\/epood\/wp-json\/wp\/v2\/media?parent=11584"}],"wp:term":[{"taxonomy":"product_brand","embeddable":true,"href":"https:\/\/espak.ee\/epood\/wp-json\/wp\/v2\/product_brand?post=11584"},{"taxonomy":"product_cat","embeddable":true,"href":"https:\/\/espak.ee\/epood\/wp-json\/wp\/v2\/product_cat?post=11584"},{"taxonomy":"product_tag","embeddable":true,"href":"https:\/\/espak.ee\/epood\/wp-json\/wp\/v2\/product_tag?post=11584"}],"curies":[{"name":"wp","href":"https:\/\/api.w.org\/{rel}","templated":true}]}}