{"id":11582,"date":"2019-11-22T02:45:32","date_gmt":"2019-11-22T00:45:32","guid":{"rendered":"https:\/\/espak.ee\/hinnakiri\/?post_type=product&#038;p=11582"},"modified":"2024-03-23T00:09:53","modified_gmt":"2024-03-22T22:09:53","slug":"valge-elastne-plaatimissegu-ceresit-cm-12-25kg","status":"publish","type":"product","link":"https:\/\/espak.ee\/epood\/toode\/valge-elastne-plaatimissegu-ceresit-cm-12-25kg\/","title":{"rendered":"VALGE ELASTNE PLAATIMISSEGU CERESIT CM-12 25KG"},"content":{"rendered":"<div class=\"row\"  id=\"row-1333696643\">\n\n\t<div id=\"col-536917565\" class=\"col medium-9 small-12 large-9\"  >\n\t\t\t\t<div class=\"col-inner\"  >\n\t\t\t\n\t\t\t\n<h2>CM 12 Elastic White valge elastne plaatimissegu<\/h2>\n<p>Segu looduskivist plaatide kinnitamiseks.<\/p>\n<div class=\"message-box relative\" style=\"padding-top:15px;padding-bottom:15px;\"><div class=\"message-box-bg-image bg-fill fill\" ><\/div><div class=\"message-box-bg-overlay bg-fill fill\" ><\/div><div class=\"container relative\"><div class=\"inner last-reset\">\n<div class=\"row align-middle align-center\"  id=\"row-838539273\">\n\n\t<div id=\"col-1924451859\" class=\"col small-12 large-12\"  >\n\t\t\t\t<div class=\"col-inner text-left\"  >\n\t\t\t\n\t\t\t\n<h4>Omadused<\/h4>\n<div class=\"row\"  id=\"row-190839736\">\n\n\t<div id=\"col-452154802\" class=\"col medium-6 small-12 large-6\"  >\n\t\t\t\t<div class=\"col-inner\"  >\n\t\t\t\n\t\t\t\n<p><i class=\"fa fa-check fa-2x\"><\/i> <strong>Fiiberkiududega tugevdatud<\/strong><\/p>\n<p><i class=\"fa fa-check fa-2x\"><\/i> <strong>Valge segu looduskivist plaatidele<\/strong><\/p>\n\t\t<\/div>\n\t\t\t\t\n<style>\n#col-452154802 > .col-inner {\n  margin: 0px 0px 15px 0px;\n}\n<\/style>\n\t<\/div>\n\n\t\n\n\t<div id=\"col-1349080949\" class=\"col medium-6 small-12 large-6\"  >\n\t\t\t\t<div class=\"col-inner\"  >\n\t\t\t\n\t\t\t\n<p><i class=\"fa fa-check fa-2x\"><\/i> <strong>Sobib p\u00f5randak\u00fcttele<\/strong><\/p>\n<p><i class=\"fa fa-check fa-2x\"><\/i> <strong>Sobib niiskust\u00f5ketele<\/strong><\/p>\n\t\t<\/div>\n\t\t\t\t\n<style>\n#col-1349080949 > .col-inner {\n  margin: 0px 0px 15px 0px;\n}\n<\/style>\n\t<\/div>\n\n\t\n<\/div>\n\t\t<\/div>\n\t\t\t\t\t<\/div>\n\n\t\n<\/div>\n<\/div><\/div><\/div>\n\t<div id=\"gap-192051119\" class=\"gap-element clearfix\" style=\"display:block; height:auto;\">\n\t\t\n<style>\n#gap-192051119 {\n  padding-top: 30px;\n}\n<\/style>\n\t<\/div>\n\t\n<h3>Kasutamise \u00fcksikasjad<\/h3>\n<p><strong>Kasutusala:<\/strong> Segu CM 12 Elastic White on m\u00f5eldud marmori, heledast lubjakivist ja j\u00e4medakristallilistest kivimitest plaatide ning igasuguste (klaas- ja keraamiliste) mosaiikide kinnitamiseks nii deformeeruvatele kui stabiilsetele pindadele (n\u00e4it. betoon, harilik krohv, tsement, kipskartongplaat ja p\u00f5randak\u00fcttega p\u00f5randad). Kasutamiseks nii sise- kui v\u00e4listingimustes. CM 12 Elastic White v\u00f5ib kasutada dekoratiivornamentide kinnitamiseks ehitusm\u00e4lestistes ja sakraalehitistes, samuti mosaiigi kinnitamiseks nii perioodiliselt kui ka pidevalt niisketes ruumides.<\/p>\n<p><strong>Aluspinna ettevalmistus:<\/strong> Segu CM 12 Elastic White v\u00f5ib kasutada kandvatel, j\u00e4ikadel, kuivadel ja puhastel aluspindadel (n\u00e4it. rasvast, bituumenist, tolmust jms. nakkuvust takistavatest ainetest puhastatud pindadel).<br \/>\nSise- ja v\u00e4litingimustes:<br \/>\n&#8211; betoon (\u00fcle 3 kuu vana, niiskus \u2264 4%);<br \/>\n&#8211; valatud tsement ja lubjatsement (\u00fcle 28 p\u00e4eva vana, niiskus \u2264 4%).<br \/>\nSisetingimustes:<br \/>\n&#8211; kipskartongpinnad kruntida vahendiga Ceresit CT 17;<br \/>\n&#8211; tugevad ja h\u00e4sti nakkunud v\u00e4rvikihid lihvida liivapaberiga, puhastada tolmust ning kruntida vahendiga CT 17;<br \/>\n&#8211; anh\u00fcdriittsementpinnad (niiskus alla 0,5%) ja kipspinnad (niiskus alla 1%) lihvida, puhastada tolmust ning kruntida vahendiga CT 17;<br \/>\n&#8211; gaasbetoonpinnad puhastada tolmust, kruntida vahendiga CT 17;<br \/>\n&#8211; OSB- ja laastplaadid (gr. \u2265 22 mm) lihvida mehaaniliselt ja kruntida vahendiga Ceresit CN 94;<br \/>\n&#8211; vanad keraamilised ja kiviplaadid puhastada ja kruntida vahendiga Ceresit CN 94.<br \/>\nVana mustus, murenenud plaadikihid ja lahtine v\u00e4rv tuleb eemaldada mehaaniliselt. Imavad aluspinnad kruntida vahendiga Ceresit CT 17 ning lasta kuivada v\u00e4hemalt 2 tundi. Kuni 5 mm s\u00fcgavused aluspinna ebatasasused v\u00f5ib p\u00e4ev varem t\u00e4ita seguga CM 12 Elastic White. Suuremate s\u00fcvendite ja ebatasasuste puhul kasutada p\u00f5randapindadel Ceresit CN-tooteseeria materjale ning seinapindadel pahteldamissegu Ceresit CT 29.<\/p>\n<p><strong>T\u00f6\u00f6de k\u00e4ik:<\/strong> Pakendi sisu puistata v\u00e4ljam\u00f5\u00f5detud kogusesse puhtasse k\u00fclma vette ning segada segumikseriga \u00fchtlase t\u00fckkideta massi saamiseni. Seej\u00e4rel oodata 5 minutit ning segada segu veel kord l\u00e4bi. Vajadusel lisada segusse v\u00e4hene kogus vett ning segada uuesti. Segu ajada m\u00f6\u00f6da aluspinda laiali sobivate m\u00f5\u00f5tmetega hammastikuga pika terasest segukammi abil. Hammaste suurus s\u00f5ltub plaadi suurusest (vt tabelit). 10 mm k\u00fcljepikkusega mosaiikplaadid paigaldatakse 4 &#8211; 6 mm hambasuurusega kammi abil.<br \/>\nMarmor- ja heledate l\u00e4bikumavate kiviplaatide puhul tuleb alati kanda \u00f5huke segukiht ka plaatide tagak\u00fcljele. Samamoodi tuleb toimida ka niiskuse ja k\u00fclmaga kokkupuutuvate kivi- ja keraamiliste plaatide korral. Plaate enne paigaldamist mitte m\u00e4rjaks teha! V\u00e4rske segu pesta plaadipinnalt maha veega, kuivanud segu saab eemaldada mehaaniliselt. \u00c4rge paigaldage plaate \u00fcksteise k\u00f5rvale. Plaate v\u00f5ib segukihile paigaldada seni, kuni segu on veel kleepuv. Vuuke v\u00f5ib t\u00e4ita v\u00e4hemalt 16 tunni p\u00e4rast Ceresiti CEtooter\u00fchma materjalidega. Paisumisvuugid plaatide vahel, nurkades, seina ja p\u00f5randa \u00fchenduskohtades ning sanitaarseadmete \u00fcmber tuleb t\u00e4ita silikooniga Ceresit CS 25 MicroProtect.<\/p>\n<p><strong>T\u00e4helepanu:<\/strong> T\u00f6id tuleb l\u00e4bi viia kuivades tingimustes, \u00f5hu ja t\u00f6\u00f6deldava pinna temperatuur peab olema + 5\u00b0 kuni + 25 \u00b0C. K\u00f5ik siinkohal toodud andmed kehtivad temperatuuril + 23 \u00b0C, kui suhteline \u00f5huniiskus on 50%. Teistsugustes tingimustes v\u00f5ivad materjali parameetrid m\u00f5nev\u00f5rra muutuda. Segu CM 12 Elastic White sisaldab tsementi ja selle segamisel veega tekib aluseline reaktsioon. Seet\u00f5ttu tuleb t\u00f6\u00f6tades nahka ja silmi kaitsta. Kui segu on sattunud silma, loputada kohe rohke veega ja p\u00f6\u00f6rduda arsti poole. Kroom VI sisaldus alla 2 ppm toote s\u00e4ilivusaja jooksul.<\/p>\n\t\t<\/div>\n\t\t\t\t\t<\/div>\n\n\t\n\n\t<div id=\"col-551753143\" class=\"col medium-3 small-12 large-3\"  >\n\t\t\t\t<div class=\"col-inner\"  >\n\t\t\t\n\t\t\t\n\t<div id=\"gap-2040293346\" class=\"gap-element clearfix\" style=\"display:block; height:auto;\">\n\t\t\n<style>\n#gap-2040293346 {\n  padding-top: 30px;\n}\n<\/style>\n\t<\/div>\n\t\n<h3>Tehniline informatsioon<\/h3>\n<p><a href=\"https:\/\/espak.ee\/epood\/wp-content\/uploads\/CM12-valge-elastne-tooteleht.pdf\" target=\"_blank\" rel=\"noopener noreferrer\"><i class=\"far fa-file-pdf\"><\/i> Tehniline info (PDF)<\/a><\/p>\n<h3>Ohutusalane teave<\/h3>\n<p><a href=\"https:\/\/espak.ee\/epood\/wp-content\/uploads\/CM12-valge-elastne-ohutuskaart.pdf\" target=\"_blank\" rel=\"noopener noreferrer\"><i class=\"far fa-file-pdf\"><\/i> Ohutusalane teave (PDF)<\/a><\/p>\n<div class=\"is-divider divider clearfix\" ><\/div>\n<p><strong>\u00dcksikasjalikuma n\u00f5u saamiseks v\u00f5tke \u00fchendust:<br \/><\/strong>Henkel Balti<br \/>S\u00f5bra 56 B<br \/>51013<br \/>Tartu<br \/>+ 372 7305800<\/p>\n<div class=\"is-divider divider clearfix\" ><\/div>\n\t\t<\/div>\n\t\t\t\t\t<\/div>\n\n\t\n<\/div>\n","protected":false},"excerpt":{"rendered":"","protected":false},"featured_media":12774,"comment_status":"closed","ping_status":"open","template":"","meta":[],"product_brand":[],"product_cat":[2698,2806,2805,2697],"product_tag":[],"class_list":{"0":"post-11582","1":"product","2":"type-product","3":"status-publish","4":"has-post-thumbnail","6":"product_cat-pahtlid-ja-kuivsegud","7":"product_cat-plaadiliimid","8":"product_cat-plaatimissegud","9":"product_cat-uldehitus","10":"pa_kaubamark-henkel-balti-ou","12":"first","13":"instock","14":"sale","15":"taxable","16":"shipping-taxable","17":"purchasable","18":"product-type-simple"},"yoast_head":"<!-- This site is optimized with the Yoast SEO plugin v26.9 - https:\/\/yoast.com\/product\/yoast-seo-wordpress\/ -->\n<title>VALGE ELASTNE PLAATIMISSEGU CERESIT CM-12 25KG - Espak E-pood<\/title>\n<meta name=\"robots\" content=\"index, follow, max-snippet:-1, max-image-preview:large, max-video-preview:-1\" \/>\n<link rel=\"canonical\" href=\"https:\/\/espak.ee\/epood\/toode\/valge-elastne-plaatimissegu-ceresit-cm-12-25kg\/\" \/>\n<meta property=\"og:locale\" content=\"et_EE\" \/>\n<meta property=\"og:type\" content=\"article\" \/>\n<meta property=\"og:title\" content=\"VALGE ELASTNE PLAATIMISSEGU CERESIT CM-12 25KG - Espak E-pood\" \/>\n<meta property=\"og:url\" content=\"https:\/\/espak.ee\/epood\/toode\/valge-elastne-plaatimissegu-ceresit-cm-12-25kg\/\" \/>\n<meta property=\"og:site_name\" content=\"Espak E-pood\" \/>\n<meta property=\"article:modified_time\" content=\"2024-03-22T22:09:53+00:00\" \/>\n<meta property=\"og:image\" content=\"https:\/\/espak.ee\/epood\/wp-content\/uploads\/Ceresit-CM12-elastic-white.jpg\" \/>\n\t<meta property=\"og:image:width\" content=\"1584\" \/>\n\t<meta property=\"og:image:height\" content=\"1584\" \/>\n\t<meta property=\"og:image:type\" content=\"image\/jpeg\" \/>\n<meta name=\"twitter:card\" content=\"summary_large_image\" \/>\n<meta name=\"twitter:label1\" content=\"Est. reading time\" \/>\n\t<meta name=\"twitter:data1\" content=\"3 minutit\" \/>\n<script type=\"application\/ld+json\" class=\"yoast-schema-graph\">{\"@context\":\"https:\/\/schema.org\",\"@graph\":[{\"@type\":\"WebPage\",\"@id\":\"https:\/\/espak.ee\/epood\/toode\/valge-elastne-plaatimissegu-ceresit-cm-12-25kg\/\",\"url\":\"https:\/\/espak.ee\/epood\/toode\/valge-elastne-plaatimissegu-ceresit-cm-12-25kg\/\",\"name\":\"VALGE ELASTNE PLAATIMISSEGU CERESIT CM-12 25KG - Espak E-pood\",\"isPartOf\":{\"@id\":\"https:\/\/espak.ee\/epood\/#website\"},\"primaryImageOfPage\":{\"@id\":\"https:\/\/espak.ee\/epood\/toode\/valge-elastne-plaatimissegu-ceresit-cm-12-25kg\/#primaryimage\"},\"image\":{\"@id\":\"https:\/\/espak.ee\/epood\/toode\/valge-elastne-plaatimissegu-ceresit-cm-12-25kg\/#primaryimage\"},\"thumbnailUrl\":\"https:\/\/espak.ee\/epood\/wp-content\/uploads\/Ceresit-CM12-elastic-white.jpg\",\"datePublished\":\"2019-11-22T00:45:32+00:00\",\"dateModified\":\"2024-03-22T22:09:53+00:00\",\"breadcrumb\":{\"@id\":\"https:\/\/espak.ee\/epood\/toode\/valge-elastne-plaatimissegu-ceresit-cm-12-25kg\/#breadcrumb\"},\"inLanguage\":\"et\",\"potentialAction\":[{\"@type\":\"ReadAction\",\"target\":[\"https:\/\/espak.ee\/epood\/toode\/valge-elastne-plaatimissegu-ceresit-cm-12-25kg\/\"]}]},{\"@type\":\"ImageObject\",\"inLanguage\":\"et\",\"@id\":\"https:\/\/espak.ee\/epood\/toode\/valge-elastne-plaatimissegu-ceresit-cm-12-25kg\/#primaryimage\",\"url\":\"https:\/\/espak.ee\/epood\/wp-content\/uploads\/Ceresit-CM12-elastic-white.jpg\",\"contentUrl\":\"https:\/\/espak.ee\/epood\/wp-content\/uploads\/Ceresit-CM12-elastic-white.jpg\",\"width\":1584,\"height\":1584},{\"@type\":\"BreadcrumbList\",\"@id\":\"https:\/\/espak.ee\/epood\/toode\/valge-elastne-plaatimissegu-ceresit-cm-12-25kg\/#breadcrumb\",\"itemListElement\":[{\"@type\":\"ListItem\",\"position\":1,\"name\":\"Home\",\"item\":\"https:\/\/espak.ee\/epood\/\"},{\"@type\":\"ListItem\",\"position\":2,\"name\":\"Tootevalik\",\"item\":\"https:\/\/espak.ee\/epood\/tootevalik\/\"},{\"@type\":\"ListItem\",\"position\":3,\"name\":\"VALGE ELASTNE PLAATIMISSEGU CERESIT CM-12 25KG\"}]},{\"@type\":\"WebSite\",\"@id\":\"https:\/\/espak.ee\/epood\/#website\",\"url\":\"https:\/\/espak.ee\/epood\/\",\"name\":\"Espak E-pood\",\"description\":\"\",\"potentialAction\":[{\"@type\":\"SearchAction\",\"target\":{\"@type\":\"EntryPoint\",\"urlTemplate\":\"https:\/\/espak.ee\/epood\/?s={search_term_string}\"},\"query-input\":{\"@type\":\"PropertyValueSpecification\",\"valueRequired\":true,\"valueName\":\"search_term_string\"}}],\"inLanguage\":\"et\"}]}<\/script>\n<!-- \/ Yoast SEO plugin. -->","yoast_head_json":{"title":"VALGE ELASTNE PLAATIMISSEGU CERESIT CM-12 25KG - Espak E-pood","robots":{"index":"index","follow":"follow","max-snippet":"max-snippet:-1","max-image-preview":"max-image-preview:large","max-video-preview":"max-video-preview:-1"},"canonical":"https:\/\/espak.ee\/epood\/toode\/valge-elastne-plaatimissegu-ceresit-cm-12-25kg\/","og_locale":"et_EE","og_type":"article","og_title":"VALGE ELASTNE PLAATIMISSEGU CERESIT CM-12 25KG - Espak E-pood","og_url":"https:\/\/espak.ee\/epood\/toode\/valge-elastne-plaatimissegu-ceresit-cm-12-25kg\/","og_site_name":"Espak E-pood","article_modified_time":"2024-03-22T22:09:53+00:00","og_image":[{"width":1584,"height":1584,"url":"https:\/\/espak.ee\/epood\/wp-content\/uploads\/Ceresit-CM12-elastic-white.jpg","type":"image\/jpeg"}],"twitter_card":"summary_large_image","twitter_misc":{"Est. reading time":"3 minutit"},"schema":{"@context":"https:\/\/schema.org","@graph":[{"@type":"WebPage","@id":"https:\/\/espak.ee\/epood\/toode\/valge-elastne-plaatimissegu-ceresit-cm-12-25kg\/","url":"https:\/\/espak.ee\/epood\/toode\/valge-elastne-plaatimissegu-ceresit-cm-12-25kg\/","name":"VALGE ELASTNE PLAATIMISSEGU CERESIT CM-12 25KG - Espak E-pood","isPartOf":{"@id":"https:\/\/espak.ee\/epood\/#website"},"primaryImageOfPage":{"@id":"https:\/\/espak.ee\/epood\/toode\/valge-elastne-plaatimissegu-ceresit-cm-12-25kg\/#primaryimage"},"image":{"@id":"https:\/\/espak.ee\/epood\/toode\/valge-elastne-plaatimissegu-ceresit-cm-12-25kg\/#primaryimage"},"thumbnailUrl":"https:\/\/espak.ee\/epood\/wp-content\/uploads\/Ceresit-CM12-elastic-white.jpg","datePublished":"2019-11-22T00:45:32+00:00","dateModified":"2024-03-22T22:09:53+00:00","breadcrumb":{"@id":"https:\/\/espak.ee\/epood\/toode\/valge-elastne-plaatimissegu-ceresit-cm-12-25kg\/#breadcrumb"},"inLanguage":"et","potentialAction":[{"@type":"ReadAction","target":["https:\/\/espak.ee\/epood\/toode\/valge-elastne-plaatimissegu-ceresit-cm-12-25kg\/"]}]},{"@type":"ImageObject","inLanguage":"et","@id":"https:\/\/espak.ee\/epood\/toode\/valge-elastne-plaatimissegu-ceresit-cm-12-25kg\/#primaryimage","url":"https:\/\/espak.ee\/epood\/wp-content\/uploads\/Ceresit-CM12-elastic-white.jpg","contentUrl":"https:\/\/espak.ee\/epood\/wp-content\/uploads\/Ceresit-CM12-elastic-white.jpg","width":1584,"height":1584},{"@type":"BreadcrumbList","@id":"https:\/\/espak.ee\/epood\/toode\/valge-elastne-plaatimissegu-ceresit-cm-12-25kg\/#breadcrumb","itemListElement":[{"@type":"ListItem","position":1,"name":"Home","item":"https:\/\/espak.ee\/epood\/"},{"@type":"ListItem","position":2,"name":"Tootevalik","item":"https:\/\/espak.ee\/epood\/tootevalik\/"},{"@type":"ListItem","position":3,"name":"VALGE ELASTNE PLAATIMISSEGU CERESIT CM-12 25KG"}]},{"@type":"WebSite","@id":"https:\/\/espak.ee\/epood\/#website","url":"https:\/\/espak.ee\/epood\/","name":"Espak E-pood","description":"","potentialAction":[{"@type":"SearchAction","target":{"@type":"EntryPoint","urlTemplate":"https:\/\/espak.ee\/epood\/?s={search_term_string}"},"query-input":{"@type":"PropertyValueSpecification","valueRequired":true,"valueName":"search_term_string"}}],"inLanguage":"et"}]}},"_links":{"self":[{"href":"https:\/\/espak.ee\/epood\/wp-json\/wp\/v2\/product\/11582","targetHints":{"allow":["GET"]}}],"collection":[{"href":"https:\/\/espak.ee\/epood\/wp-json\/wp\/v2\/product"}],"about":[{"href":"https:\/\/espak.ee\/epood\/wp-json\/wp\/v2\/types\/product"}],"replies":[{"embeddable":true,"href":"https:\/\/espak.ee\/epood\/wp-json\/wp\/v2\/comments?post=11582"}],"wp:featuredmedia":[{"embeddable":true,"href":"https:\/\/espak.ee\/epood\/wp-json\/wp\/v2\/media\/12774"}],"wp:attachment":[{"href":"https:\/\/espak.ee\/epood\/wp-json\/wp\/v2\/media?parent=11582"}],"wp:term":[{"taxonomy":"product_brand","embeddable":true,"href":"https:\/\/espak.ee\/epood\/wp-json\/wp\/v2\/product_brand?post=11582"},{"taxonomy":"product_cat","embeddable":true,"href":"https:\/\/espak.ee\/epood\/wp-json\/wp\/v2\/product_cat?post=11582"},{"taxonomy":"product_tag","embeddable":true,"href":"https:\/\/espak.ee\/epood\/wp-json\/wp\/v2\/product_tag?post=11582"}],"curies":[{"name":"wp","href":"https:\/\/api.w.org\/{rel}","templated":true}]}}