{"id":11581,"date":"2019-11-22T02:45:32","date_gmt":"2019-11-22T00:45:32","guid":{"rendered":"https:\/\/espak.ee\/hinnakiri\/?post_type=product&#038;p=11581"},"modified":"2025-10-24T09:13:04","modified_gmt":"2025-10-24T06:13:04","slug":"valge-elastne-plaatimissegu-ceresit-cm-12-elastic-plus-25kg","status":"publish","type":"product","link":"https:\/\/espak.ee\/epood\/toode\/valge-elastne-plaatimissegu-ceresit-cm-12-elastic-plus-25kg\/","title":{"rendered":"ELASTNE PLAATIMISSEGU CERESIT CM-12 ELASTIC PLUS 25KG HALL"},"content":{"rendered":"<div class=\"row\"  id=\"row-1885301396\">\n\n\t<div id=\"col-1836375114\" class=\"col medium-9 small-12 large-9\"  >\n\t\t\t\t<div class=\"col-inner\"  >\n\t\t\t\n\t\t\t\n<h2>CM 12 Elastic Plus<\/h2>\n<p>Parendatud elastsusega plaatimissegu.<\/p>\n<div class=\"message-box relative\" style=\"padding-top:15px;padding-bottom:15px;\"><div class=\"message-box-bg-image bg-fill fill\" ><\/div><div class=\"message-box-bg-overlay bg-fill fill\" ><\/div><div class=\"container relative\"><div class=\"inner last-reset\">\n<div class=\"row align-middle align-center\"  id=\"row-32703410\">\n\n\t<div id=\"col-1742071134\" class=\"col small-12 large-12\"  >\n\t\t\t\t<div class=\"col-inner text-left\"  >\n\t\t\t\n\t\t\t\n<h4>Omadused<\/h4>\n<div class=\"row\"  id=\"row-357731596\">\n\n\t<div id=\"col-519986264\" class=\"col medium-6 small-12 large-6\"  >\n\t\t\t\t<div class=\"col-inner\"  >\n\t\t\t\n\t\t\t\n<p><i class=\"fa fa-check fa-2x\"><\/i> <strong>Fiiberkiududega tugevdatud<\/strong><\/p>\n<p><i class=\"fa fa-check fa-2x\"><\/i> <strong>Vee- ja k\u00fclmakindel<\/strong><\/p>\n\t\t<\/div>\n\t\t\t\t\n<style>\n#col-519986264 > .col-inner {\n  margin: 0px 0px 15px 0px;\n}\n<\/style>\n\t<\/div>\n\n\t\n\n\t<div id=\"col-375663166\" class=\"col medium-6 small-12 large-6\"  >\n\t\t\t\t<div class=\"col-inner\"  >\n\t\t\t\n\t\t\t\n<p><i class=\"fa fa-check fa-2x\"><\/i> <strong>Sobib plaatide kinnitamiseks nii p\u00f5randatele kui seintele<\/strong><\/p>\n<p><i class=\"fa fa-check fa-2x\"><\/i> <strong>Pidevalt niisketes ja p\u00f5randak\u00fcttega ruumides kasutamiseks<\/strong><\/p>\n\t\t<\/div>\n\t\t\t\t\n<style>\n#col-375663166 > .col-inner {\n  margin: 0px 0px 15px 0px;\n}\n<\/style>\n\t<\/div>\n\n\t\n<\/div>\n\t\t<\/div>\n\t\t\t\t\t<\/div>\n\n\t\n<\/div>\n<\/div><\/div><\/div>\n\t<div id=\"gap-2005056967\" class=\"gap-element clearfix\" style=\"display:block; height:auto;\">\n\t\t\n<style>\n#gap-2005056967 {\n  padding-top: 30px;\n}\n<\/style>\n\t<\/div>\n\t\n<h3>Kasutamise \u00fcksikasjad<\/h3>\n<p><strong>Kasutusala:<\/strong> Segu CM 12 on ette n\u00e4htud keraamiliste plaatide, tsement- ja kiviplaatide (v.a marmor) ning t\u00e4ismassplaatide paigaldamiseks nii sise- kui ka v\u00e4listingimustes. Seguga v\u00f5ib kinnitada plaate kipskiud- ja kipskartongplaatidele (paksusega \u2265 12,5 mm, kinnituskohad iga \uf0a3 60 cm j\u00e4rel vastavalt plaaditootjate soovitustele), kips-, anh\u00fcdriit- ja gaasbetoonpindadele ning Ceresiti elastsetele tihendusmaterjalidele CL 50, CL 51 ja CR 166. Segule on lisatud spetsiaalseid keemilisi lisandeid, mis takistavad plaatide alla vajumist, tagades sellega stabiilse ja mugava paigaldamise.<\/p>\n<p><strong>Aluspinna ettevalmistus:<\/strong> Segu CM 12 v\u00f5ib kasutada tasastel, kandvatel, tihketel ning m\u00e4\u00e4rde\u00f5lidest, bituumenist, tolmust jms nakkumist takistavatest ainetest puhastatud aluspindadel:<br \/>\nsise- ja v\u00e4listingimustes:<br \/>\n&#8211; betoon (\u00fcle 3 kuu vana, niiskusesisaldus \uf0a3 4%),<br \/>\n&#8211; valatud pinnad ning tsement- ja tsement-lubikrohv (\u00fcle 28 p\u00e4eva vana, niiskusesisaldus \uf0a3 4%);<br \/>\nsisetingimustes:<br \/>\n&#8211; kipskartongplaadid \u2013 krunditud vahendiga Ceresit CT 17;<br \/>\n&#8211; tugevad ja h\u00e4stinakkuvad v\u00e4rvkatted \u2013 liivapaberiga \u00fcle lihvitud, lihvimistolmust puhastatud ja krunditud vahendiga CT 17;<br \/>\n&#8211; anh\u00fcdriit- (niiskusesisaldus alla 0,5%) ja kipspinnad (niiskusesisaldus alla 1%) \u2013 mehaaniliselt \u00fcle lihvitud, lihvimistolmust puhastatud ja krunditud vahendiga CT 17;<br \/>\n\u2013 gaasbetoon \u2013 tolmust puhastatud, krunditud vahendiga CT 17;<br \/>\n\u2013 OSB- ja laastplaadid (paksusega > 22 mm) \u2013 mehaaniliselt \u00fcle lihvitud ja krunditud vahendiga Ceresit CN 94;<br \/>\n\u2013 vanad keraamilised ja kiviplaadid \u2013 puhastatud ja krunditud vahendiga Ceresit CN 94.<br \/>\nPinnad ei tohi olla m\u00e4rjad. M\u00e4\u00e4rdunud kohad, lahtised pinnakihid ja v\u00e4hese vastupidavusega v\u00e4rvkatted eemaldada mehaaniliselt. Suure imavusega pinnad kruntida vahendiga Ceresit CT 17 ja lasta v\u00e4hemalt 2 tundi kuivada. Kuni 5 mm s\u00fcgavused aluspinna ebatasasused v\u00f5ib p\u00e4ev enne plaatide paigaldamist t\u00e4ita sama seguga (CM 12). S\u00fcgavamate ebatasasuste ja s\u00fcvendite korral kasutada Ceresiti CN-tooteseeria materjale, seinapindadel aga pahteldamissegu Ceresit CT 29.<\/p>\n<p><strong>T\u00f6\u00f6de k\u00e4ik:<\/strong> Pakendi sisu puistata v\u00e4ljam\u00f5\u00f5detud kogusesse k\u00fclma puhtasse vette ja segada mikseriga tasasel kiirusel, kuni on saadud \u00fchtlane, t\u00fckkideta segumass. Seej\u00e4rel oodata 5 minutit ning segada veel kord l\u00e4bi. Vajadusel lisada v\u00e4ike kogus vett ja segada mass uuesti l\u00e4bi. Segu kanda aluspinnale vastava suurusega hammastega segukammi abil. \u00f5ige segukamm on valitud siis, kui vastu aluspinda surutud keraamiline plaat ei vaju vertikaalselt tasapinnalt alla ning segu katab v\u00e4hemalt 65% plaadi tagumisest pinnast. Kui plaadid puutuvad kokku pideva niiskuse ja k\u00fclmaga, tuleb plaatide montaa\u017eipind katta lisaks \u00f5hukese segukihiga.<br \/>\nPlaate mitte m\u00e4rjaks teha! Plaadid asetada segukihile ja suruda need selle vastu enne, kui segu pinnale j\u00f5uab tekkida koorik (nii kaua, kuni segukiht veel k\u00e4te k\u00fclge kleepub). Mitte paigutada plaate tihedalt \u00fcksteise vastu! Vuukide laius j\u00e4tta vastavalt plaatide suurusele ning kasutustingimustele.<br \/>\nVuuke mitte t\u00e4ita enne 48 tunni m\u00f6\u00f6dumist ning kasutada vuukide t\u00e4itmiseks Ceresit CE tooter\u00fchma materjale. V\u00e4rsked seguplekid v\u00f5ib plaatide pinnalt veega maha pesta, kivistunud segu saab eemaldada mehaaniliselt.<br \/>\nPaisumisvuugid plaatide vahel, nurkades, seina ja p\u00f5randa \u00fchenduskohtades ning sanitaarseadmete \u00fcmber tuleb t\u00e4ita silikooniga Ceresit CS 25 TrioProtect.<\/p>\n<p><strong>T\u00e4helepanu:<\/strong> T\u00f6id tuleb l\u00e4bi viia kuivades tingimustes, \u00f5hu ja t\u00f6\u00f6deldava pinna temperatuur peab olema + 5\u00b0 kuni + 25 \u00b0C. K\u00f5ik siinkohal toodud andmed kehtivad temperatuuril + 23 \u00b0C, kui suhteline \u00f5huniiskus on 50%. Teistsugustes tingimustes v\u00f5ivad materjali parameetrid m\u00f5nev\u00f5rra muutuda. Segu CM 12 sisaldab tsementi ja selle segamisel veega tekib aluseline reaktsioon. Seet\u00f5ttu tuleb t\u00f6\u00f6tades nahka ja silmi kaitsta. Kui segu on sattunud silma, loputada kohe rohke veega ja p\u00f6\u00f6rduda arsti poole. Kroom VI sisaldus alla 2 ppm toote s\u00e4ilivusaja jooksul.<\/p>\n\t\t<\/div>\n\t\t\t\t\t<\/div>\n\n\t\n\n\t<div id=\"col-138515788\" class=\"col medium-3 small-12 large-3\"  >\n\t\t\t\t<div class=\"col-inner\"  >\n\t\t\t\n\t\t\t\n\t<div id=\"gap-1544286807\" class=\"gap-element clearfix\" style=\"display:block; height:auto;\">\n\t\t\n<style>\n#gap-1544286807 {\n  padding-top: 30px;\n}\n<\/style>\n\t<\/div>\n\t\n<h3>Tehniline informatsioon<\/h3>\n<p><a href=\"https:\/\/espak.ee\/epood\/wp-content\/uploads\/CM12plus-tooteleht.pdf\" target=\"_blank\" rel=\"noopener noreferrer\"><i class=\"far fa-file-pdf\"><\/i> Tehniline info (PDF)<\/a><\/p>\n<h3>Ohutusalane teave<\/h3>\n<p><a href=\"https:\/\/espak.ee\/epood\/wp-content\/uploads\/CM12plus-ohutuskaart.pdf\" target=\"_blank\" rel=\"noopener noreferrer\"><i class=\"far fa-file-pdf\"><\/i> Ohutusalane teave (PDF)<\/a><\/p>\n<div class=\"is-divider divider clearfix\" ><\/div>\n<p><strong>\u00dcksikasjalikuma n\u00f5u saamiseks v\u00f5tke \u00fchendust:<br \/><\/strong>Henkel Balti<br \/>S\u00f5bra 56 B<br \/>51013<br \/>Tartu<br \/>+ 372 7305800<\/p>\n<div class=\"is-divider divider clearfix\" ><\/div>\n\t\t<\/div>\n\t\t\t\t\t<\/div>\n\n\t\n<\/div>\n","protected":false},"excerpt":{"rendered":"","protected":false},"featured_media":12778,"comment_status":"closed","ping_status":"closed","template":"","meta":[],"product_brand":[],"product_cat":[2698,2806,2805,2697],"product_tag":[],"class_list":{"0":"post-11581","1":"product","2":"type-product","3":"status-publish","4":"has-post-thumbnail","6":"product_cat-pahtlid-ja-kuivsegud","7":"product_cat-plaadiliimid","8":"product_cat-plaatimissegud","9":"product_cat-uldehitus","10":"pa_kaubamark-henkel-balti-ou","12":"first","13":"instock","14":"sale","15":"taxable","16":"shipping-taxable","17":"purchasable","18":"product-type-simple"},"yoast_head":"<!-- This site is optimized with the Yoast SEO plugin v26.9 - https:\/\/yoast.com\/product\/yoast-seo-wordpress\/ -->\n<title>ELASTNE PLAATIMISSEGU CERESIT CM-12 ELASTIC PLUS 25KG HALL - Espak E-pood<\/title>\n<meta name=\"robots\" content=\"index, follow, max-snippet:-1, max-image-preview:large, max-video-preview:-1\" \/>\n<link rel=\"canonical\" href=\"https:\/\/espak.ee\/epood\/toode\/valge-elastne-plaatimissegu-ceresit-cm-12-elastic-plus-25kg\/\" \/>\n<meta property=\"og:locale\" content=\"et_EE\" \/>\n<meta property=\"og:type\" content=\"article\" \/>\n<meta property=\"og:title\" content=\"ELASTNE PLAATIMISSEGU CERESIT CM-12 ELASTIC PLUS 25KG HALL - Espak E-pood\" \/>\n<meta property=\"og:url\" content=\"https:\/\/espak.ee\/epood\/toode\/valge-elastne-plaatimissegu-ceresit-cm-12-elastic-plus-25kg\/\" \/>\n<meta property=\"og:site_name\" content=\"Espak E-pood\" \/>\n<meta property=\"article:modified_time\" content=\"2025-10-24T06:13:04+00:00\" \/>\n<meta property=\"og:image\" content=\"https:\/\/espak.ee\/epood\/wp-content\/uploads\/Ceresit-CM12-elastic.jpg\" \/>\n\t<meta property=\"og:image:width\" content=\"1584\" \/>\n\t<meta property=\"og:image:height\" content=\"1584\" \/>\n\t<meta property=\"og:image:type\" content=\"image\/jpeg\" \/>\n<meta name=\"twitter:card\" content=\"summary_large_image\" \/>\n<meta name=\"twitter:label1\" content=\"Est. reading time\" \/>\n\t<meta name=\"twitter:data1\" content=\"3 minutit\" \/>\n<script type=\"application\/ld+json\" class=\"yoast-schema-graph\">{\"@context\":\"https:\/\/schema.org\",\"@graph\":[{\"@type\":\"WebPage\",\"@id\":\"https:\/\/espak.ee\/epood\/toode\/valge-elastne-plaatimissegu-ceresit-cm-12-elastic-plus-25kg\/\",\"url\":\"https:\/\/espak.ee\/epood\/toode\/valge-elastne-plaatimissegu-ceresit-cm-12-elastic-plus-25kg\/\",\"name\":\"ELASTNE PLAATIMISSEGU CERESIT CM-12 ELASTIC PLUS 25KG HALL - Espak E-pood\",\"isPartOf\":{\"@id\":\"https:\/\/espak.ee\/epood\/#website\"},\"primaryImageOfPage\":{\"@id\":\"https:\/\/espak.ee\/epood\/toode\/valge-elastne-plaatimissegu-ceresit-cm-12-elastic-plus-25kg\/#primaryimage\"},\"image\":{\"@id\":\"https:\/\/espak.ee\/epood\/toode\/valge-elastne-plaatimissegu-ceresit-cm-12-elastic-plus-25kg\/#primaryimage\"},\"thumbnailUrl\":\"https:\/\/espak.ee\/epood\/wp-content\/uploads\/Ceresit-CM12-elastic.jpg\",\"datePublished\":\"2019-11-22T00:45:32+00:00\",\"dateModified\":\"2025-10-24T06:13:04+00:00\",\"breadcrumb\":{\"@id\":\"https:\/\/espak.ee\/epood\/toode\/valge-elastne-plaatimissegu-ceresit-cm-12-elastic-plus-25kg\/#breadcrumb\"},\"inLanguage\":\"et\",\"potentialAction\":[{\"@type\":\"ReadAction\",\"target\":[\"https:\/\/espak.ee\/epood\/toode\/valge-elastne-plaatimissegu-ceresit-cm-12-elastic-plus-25kg\/\"]}]},{\"@type\":\"ImageObject\",\"inLanguage\":\"et\",\"@id\":\"https:\/\/espak.ee\/epood\/toode\/valge-elastne-plaatimissegu-ceresit-cm-12-elastic-plus-25kg\/#primaryimage\",\"url\":\"https:\/\/espak.ee\/epood\/wp-content\/uploads\/Ceresit-CM12-elastic.jpg\",\"contentUrl\":\"https:\/\/espak.ee\/epood\/wp-content\/uploads\/Ceresit-CM12-elastic.jpg\",\"width\":1584,\"height\":1584},{\"@type\":\"BreadcrumbList\",\"@id\":\"https:\/\/espak.ee\/epood\/toode\/valge-elastne-plaatimissegu-ceresit-cm-12-elastic-plus-25kg\/#breadcrumb\",\"itemListElement\":[{\"@type\":\"ListItem\",\"position\":1,\"name\":\"Home\",\"item\":\"https:\/\/espak.ee\/epood\/\"},{\"@type\":\"ListItem\",\"position\":2,\"name\":\"Tootevalik\",\"item\":\"https:\/\/espak.ee\/epood\/tootevalik\/\"},{\"@type\":\"ListItem\",\"position\":3,\"name\":\"ELASTNE PLAATIMISSEGU CERESIT CM-12 ELASTIC PLUS 25KG HALL\"}]},{\"@type\":\"WebSite\",\"@id\":\"https:\/\/espak.ee\/epood\/#website\",\"url\":\"https:\/\/espak.ee\/epood\/\",\"name\":\"Espak E-pood\",\"description\":\"\",\"potentialAction\":[{\"@type\":\"SearchAction\",\"target\":{\"@type\":\"EntryPoint\",\"urlTemplate\":\"https:\/\/espak.ee\/epood\/?s={search_term_string}\"},\"query-input\":{\"@type\":\"PropertyValueSpecification\",\"valueRequired\":true,\"valueName\":\"search_term_string\"}}],\"inLanguage\":\"et\"}]}<\/script>\n<!-- \/ Yoast SEO plugin. -->","yoast_head_json":{"title":"ELASTNE PLAATIMISSEGU CERESIT CM-12 ELASTIC PLUS 25KG HALL - Espak E-pood","robots":{"index":"index","follow":"follow","max-snippet":"max-snippet:-1","max-image-preview":"max-image-preview:large","max-video-preview":"max-video-preview:-1"},"canonical":"https:\/\/espak.ee\/epood\/toode\/valge-elastne-plaatimissegu-ceresit-cm-12-elastic-plus-25kg\/","og_locale":"et_EE","og_type":"article","og_title":"ELASTNE PLAATIMISSEGU CERESIT CM-12 ELASTIC PLUS 25KG HALL - Espak E-pood","og_url":"https:\/\/espak.ee\/epood\/toode\/valge-elastne-plaatimissegu-ceresit-cm-12-elastic-plus-25kg\/","og_site_name":"Espak E-pood","article_modified_time":"2025-10-24T06:13:04+00:00","og_image":[{"width":1584,"height":1584,"url":"https:\/\/espak.ee\/epood\/wp-content\/uploads\/Ceresit-CM12-elastic.jpg","type":"image\/jpeg"}],"twitter_card":"summary_large_image","twitter_misc":{"Est. reading time":"3 minutit"},"schema":{"@context":"https:\/\/schema.org","@graph":[{"@type":"WebPage","@id":"https:\/\/espak.ee\/epood\/toode\/valge-elastne-plaatimissegu-ceresit-cm-12-elastic-plus-25kg\/","url":"https:\/\/espak.ee\/epood\/toode\/valge-elastne-plaatimissegu-ceresit-cm-12-elastic-plus-25kg\/","name":"ELASTNE PLAATIMISSEGU CERESIT CM-12 ELASTIC PLUS 25KG HALL - Espak E-pood","isPartOf":{"@id":"https:\/\/espak.ee\/epood\/#website"},"primaryImageOfPage":{"@id":"https:\/\/espak.ee\/epood\/toode\/valge-elastne-plaatimissegu-ceresit-cm-12-elastic-plus-25kg\/#primaryimage"},"image":{"@id":"https:\/\/espak.ee\/epood\/toode\/valge-elastne-plaatimissegu-ceresit-cm-12-elastic-plus-25kg\/#primaryimage"},"thumbnailUrl":"https:\/\/espak.ee\/epood\/wp-content\/uploads\/Ceresit-CM12-elastic.jpg","datePublished":"2019-11-22T00:45:32+00:00","dateModified":"2025-10-24T06:13:04+00:00","breadcrumb":{"@id":"https:\/\/espak.ee\/epood\/toode\/valge-elastne-plaatimissegu-ceresit-cm-12-elastic-plus-25kg\/#breadcrumb"},"inLanguage":"et","potentialAction":[{"@type":"ReadAction","target":["https:\/\/espak.ee\/epood\/toode\/valge-elastne-plaatimissegu-ceresit-cm-12-elastic-plus-25kg\/"]}]},{"@type":"ImageObject","inLanguage":"et","@id":"https:\/\/espak.ee\/epood\/toode\/valge-elastne-plaatimissegu-ceresit-cm-12-elastic-plus-25kg\/#primaryimage","url":"https:\/\/espak.ee\/epood\/wp-content\/uploads\/Ceresit-CM12-elastic.jpg","contentUrl":"https:\/\/espak.ee\/epood\/wp-content\/uploads\/Ceresit-CM12-elastic.jpg","width":1584,"height":1584},{"@type":"BreadcrumbList","@id":"https:\/\/espak.ee\/epood\/toode\/valge-elastne-plaatimissegu-ceresit-cm-12-elastic-plus-25kg\/#breadcrumb","itemListElement":[{"@type":"ListItem","position":1,"name":"Home","item":"https:\/\/espak.ee\/epood\/"},{"@type":"ListItem","position":2,"name":"Tootevalik","item":"https:\/\/espak.ee\/epood\/tootevalik\/"},{"@type":"ListItem","position":3,"name":"ELASTNE PLAATIMISSEGU CERESIT CM-12 ELASTIC PLUS 25KG HALL"}]},{"@type":"WebSite","@id":"https:\/\/espak.ee\/epood\/#website","url":"https:\/\/espak.ee\/epood\/","name":"Espak E-pood","description":"","potentialAction":[{"@type":"SearchAction","target":{"@type":"EntryPoint","urlTemplate":"https:\/\/espak.ee\/epood\/?s={search_term_string}"},"query-input":{"@type":"PropertyValueSpecification","valueRequired":true,"valueName":"search_term_string"}}],"inLanguage":"et"}]}},"_links":{"self":[{"href":"https:\/\/espak.ee\/epood\/wp-json\/wp\/v2\/product\/11581","targetHints":{"allow":["GET"]}}],"collection":[{"href":"https:\/\/espak.ee\/epood\/wp-json\/wp\/v2\/product"}],"about":[{"href":"https:\/\/espak.ee\/epood\/wp-json\/wp\/v2\/types\/product"}],"replies":[{"embeddable":true,"href":"https:\/\/espak.ee\/epood\/wp-json\/wp\/v2\/comments?post=11581"}],"wp:featuredmedia":[{"embeddable":true,"href":"https:\/\/espak.ee\/epood\/wp-json\/wp\/v2\/media\/12778"}],"wp:attachment":[{"href":"https:\/\/espak.ee\/epood\/wp-json\/wp\/v2\/media?parent=11581"}],"wp:term":[{"taxonomy":"product_brand","embeddable":true,"href":"https:\/\/espak.ee\/epood\/wp-json\/wp\/v2\/product_brand?post=11581"},{"taxonomy":"product_cat","embeddable":true,"href":"https:\/\/espak.ee\/epood\/wp-json\/wp\/v2\/product_cat?post=11581"},{"taxonomy":"product_tag","embeddable":true,"href":"https:\/\/espak.ee\/epood\/wp-json\/wp\/v2\/product_tag?post=11581"}],"curies":[{"name":"wp","href":"https:\/\/api.w.org\/{rel}","templated":true}]}}