{"id":11579,"date":"2019-11-22T02:45:32","date_gmt":"2019-11-22T00:45:32","guid":{"rendered":"https:\/\/espak.ee\/hinnakiri\/?post_type=product&#038;p=11579"},"modified":"2024-03-23T00:09:53","modified_gmt":"2024-03-22T22:09:53","slug":"universaalne-plaatimissegu-ceresit-cm-11-25kg","status":"publish","type":"product","link":"https:\/\/espak.ee\/epood\/toode\/universaalne-plaatimissegu-ceresit-cm-11-25kg\/","title":{"rendered":"UNIVERSAALNE PLAATIMISSEGU CERESIT CM-11 25KG"},"content":{"rendered":"<div class=\"row\"  id=\"row-76772314\">\n\n\t<div id=\"col-598886113\" class=\"col medium-9 small-12 large-9\"  >\n\t\t\t\t<div class=\"col-inner\"  >\n\t\t\t\n\t\t\t\n<h2>CM 11 Universaalne plaatimissegu<\/h2>\n<p>\u00d5hukese kihina peale kantav segu keraamiliste plaatide kinnitamiseks deformeerumata aluspindadele.<\/p>\n<div class=\"message-box relative\" style=\"padding-top:15px;padding-bottom:15px;\"><div class=\"message-box-bg-image bg-fill fill\" ><\/div><div class=\"message-box-bg-overlay bg-fill fill\" ><\/div><div class=\"container relative\"><div class=\"inner last-reset\">\n<div class=\"row align-middle align-center\"  id=\"row-1353287354\">\n\n\t<div id=\"col-1183328990\" class=\"col small-12 large-12\"  >\n\t\t\t\t<div class=\"col-inner text-left\"  >\n\t\t\t\n\t\t\t\n<h4>Omadused<\/h4>\n<div class=\"row\"  id=\"row-2083247429\">\n\n\t<div id=\"col-1951323149\" class=\"col medium-6 small-12 large-6\"  >\n\t\t\t\t<div class=\"col-inner\"  >\n\t\t\t\n\t\t\t\n<p><i class=\"fa fa-check fa-2x\"><\/i> <strong>Lihtne segada ja peale kanda<\/strong><\/p>\n<p><i class=\"fa fa-check fa-2x\"><\/i> <strong>Vee- ja k\u00fclmakindel<\/strong><\/p>\n\t\t<\/div>\n\t\t\t\t\n<style>\n#col-1951323149 > .col-inner {\n  margin: 0px 0px 15px 0px;\n}\n<\/style>\n\t<\/div>\n\n\t\n\n\t<div id=\"col-394751740\" class=\"col medium-6 small-12 large-6\"  >\n\t\t\t\t<div class=\"col-inner\"  >\n\t\t\t\n\t\t\t\n<p><i class=\"fa fa-check fa-2x\"><\/i> <strong>Keraamilistele ja t\u00e4ismassplaatidele<\/strong><\/p>\n<p><i class=\"fa fa-check fa-2x\"><\/i> <strong>Sise- ja v\u00e4listingimustesse<\/strong><\/p>\n\t\t<\/div>\n\t\t\t\t\n<style>\n#col-394751740 > .col-inner {\n  margin: 0px 0px 15px 0px;\n}\n<\/style>\n\t<\/div>\n\n\t\n<\/div>\n\t\t<\/div>\n\t\t\t\t\t<\/div>\n\n\t\n<\/div>\n<\/div><\/div><\/div>\n\t<div id=\"gap-1329711605\" class=\"gap-element clearfix\" style=\"display:block; height:auto;\">\n\t\t\n<style>\n#gap-1329711605 {\n  padding-top: 30px;\n}\n<\/style>\n\t<\/div>\n\t\n<h3>Kasutamise \u00fcksikasjad<\/h3>\n<p><strong>Kasutusala:<\/strong> Segu CM 11 on ette n\u00e4htud keraamiliste (glasuur, terrakota), tsemendist ja kivist (v.a. marmor) plaatide kinnitamiseks mittedeformeeruvatele aluspindadele, nt tavalisele ja vuukideta betoonile, tsementkrohvile ning lubjatud tsementpindadele. Klinkerplaatide puhul kasutada ainult sisetingimustes. Segu v\u00f5ib kasutada nii hoonete sise- kui ka v\u00e4lispindadel. Segule on lisatud spetsiaalseid keemilisi lisandeid, mis takistavad plaatide alla vajumist, tagades sellega stabiilse ja mugava paigaldamise.<\/p>\n<p><strong>Aluspinna ettevalmistus:<\/strong> Segu CM 11 saab kasutada tasastel, kandvatel, j\u00e4ikadel ja materjali nakkuvust takistavatest ainetest (n\u00e4it. m\u00e4\u00e4rde\u00f5lidest, bituumenist, tolmust) puhastatud aluspindadel<br \/>\nsise- ja v\u00e4listingimustes:<br \/>\n&#8211; betoonil (vanusega v\u00e4hemalt 3 kuud, niiskusesisaldus \u22644%);<br \/>\n&#8211; valatud tsementpinnal, harilikul tsementkrohvil ja lubjatsementkrohvil (\u00fcle 28 p\u00e4eva vana, niiskusesisaldus \u22644%);<br \/>\nsisetingimustes:<br \/>\n&#8211; eelnevalt vahendiga Ceresit CT 17 krunditud kipskartongplaatidel;<br \/>\n&#8211; liivapaberiga \u00fcle lihvitud, tolmust puhastatud ja CT 17-ga krunditud tugevatel ning h\u00e4sti kinnitunud v\u00e4rvikihtidel; anh\u00fcdriidtsementp\u00f5randatel (niiskusesisaldusega alla 0,5%) ja kipsp\u00f5randatel (niiskusesisaldusega alla 1%), mis on mehaaniliselt \u00fcle lihvitud, tolmust puhastatud ning CT 17-ga krunditud;<br \/>\n&#8211; tolmust puhastatud ja CT 17-ga krunditud gaasbetoonil;<br \/>\n&#8211; tolmust puhastatud ja vahendiga Ceresit CN 94 krunditud OSB- ja laastplaatidel (paksusega \u226522 mm);<br \/>\n&#8211; mehaaniliselt lihvitud ja vahendiga CN 94 krunditud vanadel keraamilistel ja kiviplaatidel.<br \/>\nPinnad ei tohi olla m\u00e4rjad. M\u00e4\u00e4rdunud kohad, kooruvad kihid ja eba\u00fchtlased v\u00e4rvilaigud tuleb pindadelt mehhaanilisel teel eemaldada. Niiskunud p\u00f5randapinnad tuleb katta vahendiga CT 17 ja seej\u00e4rel tuleb oodata selle kuivamist (v\u00e4hemalt 2 tundi). Kuni 5 mm s\u00fcgavusi p\u00f5randapindade ebatasasusi v\u00f5ib tasandada p\u00e4ev varem sama seguga (CM 11).<br \/>\nS\u00fcgavate ebatasasuste ja defektide t\u00e4itmiseks kasutada p\u00f5randate puhul aluspindade tasandamise materjale tooteseeriast Ceresit CN ja seinte puhul pahteldamissegu Ceresit CT 29<\/p>\n<p><strong>T\u00f6\u00f6de k\u00e4ik:<\/strong> Pakendi sisu puistata v\u00e4ljam\u00f5\u00f5detud kogusesse k\u00fclma puhtasse vette ja segada mikseriga tasasel kiirusel \u00fchtlase t\u00fckkideta segumassi moodustumiseni. Seej\u00e4rel oodata umbes 2 minutit ja segada veel kord. Vajadusel lisada v\u00e4ike kogus vett ja segada uuesti. Valmis segu ajada sobiva suurusega hammastega segukammi abil m\u00f6\u00f6da aluspinda laiali. Kui plaadid paigaldatakse k\u00fclma ja niiskesse kohta, tuleb ka nende tagak\u00fclg katta \u00f5hukese segukihiga. T\u00e4ismassplaatide korral peab segu katma v\u00e4hemalt 70% plaadi tagak\u00fcljest (soovitatav on kasutada kombineeritud meetodit). Plaate ei tohi vees m\u00e4rjaks teha! Plaadid asetada segukihile ja suruda need selle vastu nii kaua, kuni segukiht veel k\u00e4te k\u00fclge kleepub. Mitte paigutada plaate tihedalt \u00fcksteise vastu! Vuukide laius j\u00e4tta vastavalt plaatide suurusele ja kasutustingimustele. V\u00e4rsked seguplekid v\u00f5ib plaatide pinnalt veega maha pesta, kivistunud segu saab eemaldada mehaaniliselt. Vuuke mitte t\u00e4ita enne 48 tunni m\u00f6\u00f6dumist ning kasutada vuukide t\u00e4itmiseks Ceresit CE tooter\u00fchma materjale. Paisumisvuugid plaatide vahel, nurkades, seina ja p\u00f5randa \u00fchenduskohtades ning sanitaarseadmete \u00fcmber tuleb t\u00e4ita silikooniga Ceresit CS 25 MicroProtect.<\/p>\n<p><strong>T\u00e4helepanu:<\/strong> T\u00f6id tuleb l\u00e4bi viia kuivades tingimustes, \u00f5hu ja t\u00f6\u00f6deldava pinna temperatuur peab olema + 5\u00b0 kuni + 25 \u00b0C. K\u00f5ik siinkohal toodud andmed kehtivad temperatuuril + 23 \u00b0C, kui suhteline \u00f5huniiskus on 50%. Teistsugustes tingimustes v\u00f5ivad materjali parameetrid m\u00f5nev\u00f5rra muutuda. Segu CM 11 sisaldab tsementi ja selle segamisel veega tekib aluseline reaktsioon. Seet\u00f5ttu tuleb t\u00f6\u00f6tades nahka ja silmi kaitsta. Kui segu on sattunud silma, loputada kohe rohke veega ja p\u00f6\u00f6rduda arsti poole. Kroom VI sisaldus alla 2 ppm toote s\u00e4ilivusaja jooksul.<\/p>\n\t\t<\/div>\n\t\t\t\t\t<\/div>\n\n\t\n\n\t<div id=\"col-1073492533\" class=\"col medium-3 small-12 large-3\"  >\n\t\t\t\t<div class=\"col-inner\"  >\n\t\t\t\n\t\t\t\n\t<div id=\"gap-14732992\" class=\"gap-element clearfix\" style=\"display:block; height:auto;\">\n\t\t\n<style>\n#gap-14732992 {\n  padding-top: 30px;\n}\n<\/style>\n\t<\/div>\n\t\n<h3>Tehniline informatsioon<\/h3>\n<p><a href=\"https:\/\/espak.ee\/epood\/wp-content\/uploads\/CM11-tooteleht.pdf\" target=\"_blank\" rel=\"noopener noreferrer\"><i class=\"far fa-file-pdf\"><\/i> Tehniline info (PDF)<\/a><\/p>\n<h3>Ohutusalane teave<\/h3>\n<p><a href=\"https:\/\/espak.ee\/epood\/wp-content\/uploads\/CM11-ohutuskaart.pdf\" target=\"_blank\" rel=\"noopener noreferrer\"><i class=\"far fa-file-pdf\"><\/i> Ohutusalane teave (PDF)<\/a><\/p>\n<div class=\"is-divider divider clearfix\" ><\/div>\n<p><strong>\u00dcksikasjalikuma n\u00f5u saamiseks v\u00f5tke \u00fchendust:<br \/><\/strong>Henkel Balti<br \/>S\u00f5bra 56 B<br \/>51013<br \/>Tartu<br \/>+ 372 7305800<\/p>\n<div class=\"is-divider divider clearfix\" ><\/div>\n\t\t<\/div>\n\t\t\t\t\t<\/div>\n\n\t\n<\/div>\n","protected":false},"excerpt":{"rendered":"","protected":false},"featured_media":12845,"comment_status":"closed","ping_status":"open","template":"","meta":[],"product_brand":[],"product_cat":[2698,2806,2805,2697],"product_tag":[],"class_list":{"0":"post-11579","1":"product","2":"type-product","3":"status-publish","4":"has-post-thumbnail","6":"product_cat-pahtlid-ja-kuivsegud","7":"product_cat-plaadiliimid","8":"product_cat-plaatimissegud","9":"product_cat-uldehitus","10":"pa_kaubamark-henkel-balti-ou","12":"first","13":"instock","14":"sale","15":"taxable","16":"shipping-taxable","17":"purchasable","18":"product-type-simple"},"yoast_head":"<!-- This site is optimized with the Yoast SEO plugin v26.9 - https:\/\/yoast.com\/product\/yoast-seo-wordpress\/ -->\n<title>UNIVERSAALNE PLAATIMISSEGU CERESIT CM-11 25KG - Espak E-pood<\/title>\n<meta name=\"robots\" content=\"index, follow, max-snippet:-1, max-image-preview:large, max-video-preview:-1\" \/>\n<link rel=\"canonical\" href=\"https:\/\/espak.ee\/epood\/toode\/universaalne-plaatimissegu-ceresit-cm-11-25kg\/\" \/>\n<meta property=\"og:locale\" content=\"et_EE\" \/>\n<meta property=\"og:type\" content=\"article\" \/>\n<meta property=\"og:title\" content=\"UNIVERSAALNE PLAATIMISSEGU CERESIT CM-11 25KG - Espak E-pood\" \/>\n<meta property=\"og:url\" content=\"https:\/\/espak.ee\/epood\/toode\/universaalne-plaatimissegu-ceresit-cm-11-25kg\/\" \/>\n<meta property=\"og:site_name\" content=\"Espak E-pood\" \/>\n<meta property=\"article:modified_time\" content=\"2024-03-22T22:09:53+00:00\" \/>\n<meta property=\"og:image\" content=\"https:\/\/espak.ee\/epood\/wp-content\/uploads\/Ceresit-CM11.jpg\" \/>\n\t<meta property=\"og:image:width\" content=\"1584\" \/>\n\t<meta property=\"og:image:height\" content=\"1584\" \/>\n\t<meta property=\"og:image:type\" content=\"image\/jpeg\" \/>\n<meta name=\"twitter:card\" content=\"summary_large_image\" \/>\n<meta name=\"twitter:label1\" content=\"Est. reading time\" \/>\n\t<meta name=\"twitter:data1\" content=\"3 minutit\" \/>\n<script type=\"application\/ld+json\" class=\"yoast-schema-graph\">{\"@context\":\"https:\/\/schema.org\",\"@graph\":[{\"@type\":\"WebPage\",\"@id\":\"https:\/\/espak.ee\/epood\/toode\/universaalne-plaatimissegu-ceresit-cm-11-25kg\/\",\"url\":\"https:\/\/espak.ee\/epood\/toode\/universaalne-plaatimissegu-ceresit-cm-11-25kg\/\",\"name\":\"UNIVERSAALNE PLAATIMISSEGU CERESIT CM-11 25KG - Espak E-pood\",\"isPartOf\":{\"@id\":\"https:\/\/espak.ee\/epood\/#website\"},\"primaryImageOfPage\":{\"@id\":\"https:\/\/espak.ee\/epood\/toode\/universaalne-plaatimissegu-ceresit-cm-11-25kg\/#primaryimage\"},\"image\":{\"@id\":\"https:\/\/espak.ee\/epood\/toode\/universaalne-plaatimissegu-ceresit-cm-11-25kg\/#primaryimage\"},\"thumbnailUrl\":\"https:\/\/espak.ee\/epood\/wp-content\/uploads\/Ceresit-CM11.jpg\",\"datePublished\":\"2019-11-22T00:45:32+00:00\",\"dateModified\":\"2024-03-22T22:09:53+00:00\",\"breadcrumb\":{\"@id\":\"https:\/\/espak.ee\/epood\/toode\/universaalne-plaatimissegu-ceresit-cm-11-25kg\/#breadcrumb\"},\"inLanguage\":\"et\",\"potentialAction\":[{\"@type\":\"ReadAction\",\"target\":[\"https:\/\/espak.ee\/epood\/toode\/universaalne-plaatimissegu-ceresit-cm-11-25kg\/\"]}]},{\"@type\":\"ImageObject\",\"inLanguage\":\"et\",\"@id\":\"https:\/\/espak.ee\/epood\/toode\/universaalne-plaatimissegu-ceresit-cm-11-25kg\/#primaryimage\",\"url\":\"https:\/\/espak.ee\/epood\/wp-content\/uploads\/Ceresit-CM11.jpg\",\"contentUrl\":\"https:\/\/espak.ee\/epood\/wp-content\/uploads\/Ceresit-CM11.jpg\",\"width\":1584,\"height\":1584},{\"@type\":\"BreadcrumbList\",\"@id\":\"https:\/\/espak.ee\/epood\/toode\/universaalne-plaatimissegu-ceresit-cm-11-25kg\/#breadcrumb\",\"itemListElement\":[{\"@type\":\"ListItem\",\"position\":1,\"name\":\"Home\",\"item\":\"https:\/\/espak.ee\/epood\/\"},{\"@type\":\"ListItem\",\"position\":2,\"name\":\"Tootevalik\",\"item\":\"https:\/\/espak.ee\/epood\/tootevalik\/\"},{\"@type\":\"ListItem\",\"position\":3,\"name\":\"UNIVERSAALNE PLAATIMISSEGU CERESIT CM-11 25KG\"}]},{\"@type\":\"WebSite\",\"@id\":\"https:\/\/espak.ee\/epood\/#website\",\"url\":\"https:\/\/espak.ee\/epood\/\",\"name\":\"Espak E-pood\",\"description\":\"\",\"potentialAction\":[{\"@type\":\"SearchAction\",\"target\":{\"@type\":\"EntryPoint\",\"urlTemplate\":\"https:\/\/espak.ee\/epood\/?s={search_term_string}\"},\"query-input\":{\"@type\":\"PropertyValueSpecification\",\"valueRequired\":true,\"valueName\":\"search_term_string\"}}],\"inLanguage\":\"et\"}]}<\/script>\n<!-- \/ Yoast SEO plugin. -->","yoast_head_json":{"title":"UNIVERSAALNE PLAATIMISSEGU CERESIT CM-11 25KG - Espak E-pood","robots":{"index":"index","follow":"follow","max-snippet":"max-snippet:-1","max-image-preview":"max-image-preview:large","max-video-preview":"max-video-preview:-1"},"canonical":"https:\/\/espak.ee\/epood\/toode\/universaalne-plaatimissegu-ceresit-cm-11-25kg\/","og_locale":"et_EE","og_type":"article","og_title":"UNIVERSAALNE PLAATIMISSEGU CERESIT CM-11 25KG - Espak E-pood","og_url":"https:\/\/espak.ee\/epood\/toode\/universaalne-plaatimissegu-ceresit-cm-11-25kg\/","og_site_name":"Espak E-pood","article_modified_time":"2024-03-22T22:09:53+00:00","og_image":[{"width":1584,"height":1584,"url":"https:\/\/espak.ee\/epood\/wp-content\/uploads\/Ceresit-CM11.jpg","type":"image\/jpeg"}],"twitter_card":"summary_large_image","twitter_misc":{"Est. reading time":"3 minutit"},"schema":{"@context":"https:\/\/schema.org","@graph":[{"@type":"WebPage","@id":"https:\/\/espak.ee\/epood\/toode\/universaalne-plaatimissegu-ceresit-cm-11-25kg\/","url":"https:\/\/espak.ee\/epood\/toode\/universaalne-plaatimissegu-ceresit-cm-11-25kg\/","name":"UNIVERSAALNE PLAATIMISSEGU CERESIT CM-11 25KG - Espak E-pood","isPartOf":{"@id":"https:\/\/espak.ee\/epood\/#website"},"primaryImageOfPage":{"@id":"https:\/\/espak.ee\/epood\/toode\/universaalne-plaatimissegu-ceresit-cm-11-25kg\/#primaryimage"},"image":{"@id":"https:\/\/espak.ee\/epood\/toode\/universaalne-plaatimissegu-ceresit-cm-11-25kg\/#primaryimage"},"thumbnailUrl":"https:\/\/espak.ee\/epood\/wp-content\/uploads\/Ceresit-CM11.jpg","datePublished":"2019-11-22T00:45:32+00:00","dateModified":"2024-03-22T22:09:53+00:00","breadcrumb":{"@id":"https:\/\/espak.ee\/epood\/toode\/universaalne-plaatimissegu-ceresit-cm-11-25kg\/#breadcrumb"},"inLanguage":"et","potentialAction":[{"@type":"ReadAction","target":["https:\/\/espak.ee\/epood\/toode\/universaalne-plaatimissegu-ceresit-cm-11-25kg\/"]}]},{"@type":"ImageObject","inLanguage":"et","@id":"https:\/\/espak.ee\/epood\/toode\/universaalne-plaatimissegu-ceresit-cm-11-25kg\/#primaryimage","url":"https:\/\/espak.ee\/epood\/wp-content\/uploads\/Ceresit-CM11.jpg","contentUrl":"https:\/\/espak.ee\/epood\/wp-content\/uploads\/Ceresit-CM11.jpg","width":1584,"height":1584},{"@type":"BreadcrumbList","@id":"https:\/\/espak.ee\/epood\/toode\/universaalne-plaatimissegu-ceresit-cm-11-25kg\/#breadcrumb","itemListElement":[{"@type":"ListItem","position":1,"name":"Home","item":"https:\/\/espak.ee\/epood\/"},{"@type":"ListItem","position":2,"name":"Tootevalik","item":"https:\/\/espak.ee\/epood\/tootevalik\/"},{"@type":"ListItem","position":3,"name":"UNIVERSAALNE PLAATIMISSEGU CERESIT CM-11 25KG"}]},{"@type":"WebSite","@id":"https:\/\/espak.ee\/epood\/#website","url":"https:\/\/espak.ee\/epood\/","name":"Espak E-pood","description":"","potentialAction":[{"@type":"SearchAction","target":{"@type":"EntryPoint","urlTemplate":"https:\/\/espak.ee\/epood\/?s={search_term_string}"},"query-input":{"@type":"PropertyValueSpecification","valueRequired":true,"valueName":"search_term_string"}}],"inLanguage":"et"}]}},"_links":{"self":[{"href":"https:\/\/espak.ee\/epood\/wp-json\/wp\/v2\/product\/11579","targetHints":{"allow":["GET"]}}],"collection":[{"href":"https:\/\/espak.ee\/epood\/wp-json\/wp\/v2\/product"}],"about":[{"href":"https:\/\/espak.ee\/epood\/wp-json\/wp\/v2\/types\/product"}],"replies":[{"embeddable":true,"href":"https:\/\/espak.ee\/epood\/wp-json\/wp\/v2\/comments?post=11579"}],"wp:featuredmedia":[{"embeddable":true,"href":"https:\/\/espak.ee\/epood\/wp-json\/wp\/v2\/media\/12845"}],"wp:attachment":[{"href":"https:\/\/espak.ee\/epood\/wp-json\/wp\/v2\/media?parent=11579"}],"wp:term":[{"taxonomy":"product_brand","embeddable":true,"href":"https:\/\/espak.ee\/epood\/wp-json\/wp\/v2\/product_brand?post=11579"},{"taxonomy":"product_cat","embeddable":true,"href":"https:\/\/espak.ee\/epood\/wp-json\/wp\/v2\/product_cat?post=11579"},{"taxonomy":"product_tag","embeddable":true,"href":"https:\/\/espak.ee\/epood\/wp-json\/wp\/v2\/product_tag?post=11579"}],"curies":[{"name":"wp","href":"https:\/\/api.w.org\/{rel}","templated":true}]}}