{"id":11430,"date":"2019-11-20T02:40:24","date_gmt":"2019-11-20T00:40:24","guid":{"rendered":"https:\/\/espak.ee\/hinnakiri\/?post_type=product&#038;p=11430"},"modified":"2024-03-23T00:10:14","modified_gmt":"2024-03-22T22:10:14","slug":"siseuks-stable-401-921-valge-massiiv","status":"publish","type":"product","link":"https:\/\/espak.ee\/epood\/toode\/siseuks-stable-401-921-valge-massiiv\/","title":{"rendered":"SISEUKS STABLE 401 9*21 VALGE MASSIIV"},"content":{"rendered":"<div class=\"row\"  id=\"row-886349582\">\n\n\t<div id=\"col-1066572866\" class=\"col medium-9 small-12 large-9\"  >\n\t\t\t\t<div class=\"col-inner\"  >\n\t\t\t\n\t\t\t\n<h2>Siseuks Stable 401<\/h2>\n<p>Stable massiivsed sileuksed on kvaliteetsed tugevdatud t\u00e4itematerjaliga uksed, mis sobivad kasutamiseks nii kodudes kui ka \u00fcldkasutatavates ruumides. V\u00e4rvitud pinnakattega uksi saab tellida k\u00f5ikides NCS-v\u00e4rvikaardi toonides, spoonkatte valikus on nii vertikaalne kui horisontaalne tammespoon. Stable pimeuksi saab tellida ka erim\u00f5\u00f5dus.<\/p>\n<div class=\"message-box relative\" style=\"padding-top:15px;padding-bottom:15px;\"><div class=\"message-box-bg-image bg-fill fill\" ><\/div><div class=\"message-box-bg-overlay bg-fill fill\" ><\/div><div class=\"container relative\"><div class=\"inner last-reset\">\n<div class=\"row align-middle align-center\"  id=\"row-165341987\">\n\n\t<div id=\"col-1512607772\" class=\"col small-12 large-12\"  >\n\t\t\t\t<div class=\"col-inner text-left\"  >\n\t\t\t\n\t\t\t\n<h4>Omadused<\/h4>\n<div class=\"row\"  id=\"row-2134287741\">\n\n\t<div id=\"col-1289293085\" class=\"col medium-6 small-12 large-6\"  >\n\t\t\t\t<div class=\"col-inner\"  >\n\t\t\t\n\t\t\t\n<p><i class=\"fa fa-check fa-2x\"><\/i> <strong>Massiivse konstruktsiooniga<\/strong><\/p>\n\t\t<\/div>\n\t\t\t\t\n<style>\n#col-1289293085 > .col-inner {\n  margin: 0px 0px 15px 0px;\n}\n<\/style>\n\t<\/div>\n\n\t\n<\/div>\n\t\t<\/div>\n\t\t\t\t\t<\/div>\n\n\t\n<\/div>\n<\/div><\/div><\/div>\n\t<div id=\"gap-1178875136\" class=\"gap-element clearfix\" style=\"display:block; height:auto;\">\n\t\t\n<style>\n#gap-1178875136 {\n  padding-top: 30px;\n}\n<\/style>\n\t<\/div>\n\t\n\t\t<\/div>\n\t\t\t\t\t<\/div>\n\n\t\n\n\t<div id=\"col-1878248006\" class=\"col medium-3 small-12 large-3\"  >\n\t\t\t\t<div class=\"col-inner\"  >\n\t\t\t\n\t\t\t\n\t<div id=\"gap-562222675\" class=\"gap-element clearfix\" style=\"display:block; height:auto;\">\n\t\t\n<style>\n#gap-562222675 {\n  padding-top: 30px;\n}\n<\/style>\n\t<\/div>\n\t\n<div class=\"is-divider divider clearfix\" ><\/div>\n<p><strong>\u00dcksikasjalikuma n\u00f5u saamiseks v\u00f5tke \u00fchendust:<br \/><\/strong>JELD-WEN Eesti AS<br \/>K\u00f5rtsi tee 9, Lehmja<br \/>76505<br \/>Harju maakond<\/p>\n<div class=\"is-divider divider clearfix\" ><\/div>\n\t\t<\/div>\n\t\t\t\t\t<\/div>\n\n\t\n<\/div>\n","protected":false},"excerpt":{"rendered":"","protected":false},"featured_media":11518,"comment_status":"closed","ping_status":"open","template":"","meta":[],"product_brand":[],"product_cat":[2848,2852,2845,2683],"product_tag":[],"class_list":{"0":"post-11430","1":"product","2":"type-product","3":"status-publish","4":"has-post-thumbnail","6":"product_cat-siseuksed","7":"product_cat-siseuksed-valged-siledad","8":"product_cat-uksed","9":"product_cat-viimistluskaubad","10":"pa_kaubamark-jeld-wen-eesti-as","12":"first","13":"instock","14":"sale","15":"taxable","16":"shipping-taxable","17":"purchasable","18":"product-type-simple"},"yoast_head":"<!-- This site is optimized with the Yoast SEO plugin v26.9 - https:\/\/yoast.com\/product\/yoast-seo-wordpress\/ -->\n<title>SISEUKS STABLE 401 9*21 VALGE MASSIIV - Espak E-pood<\/title>\n<meta name=\"robots\" content=\"index, follow, max-snippet:-1, max-image-preview:large, max-video-preview:-1\" \/>\n<link rel=\"canonical\" href=\"https:\/\/espak.ee\/epood\/toode\/siseuks-stable-401-921-valge-massiiv\/\" \/>\n<meta property=\"og:locale\" content=\"et_EE\" \/>\n<meta property=\"og:type\" content=\"article\" \/>\n<meta property=\"og:title\" content=\"SISEUKS STABLE 401 9*21 VALGE MASSIIV - Espak E-pood\" \/>\n<meta property=\"og:url\" content=\"https:\/\/espak.ee\/epood\/toode\/siseuks-stable-401-921-valge-massiiv\/\" \/>\n<meta property=\"og:site_name\" content=\"Espak E-pood\" \/>\n<meta property=\"article:modified_time\" content=\"2024-03-22T22:10:14+00:00\" \/>\n<meta property=\"og:image\" content=\"https:\/\/espak.ee\/epood\/wp-content\/uploads\/stable401.jpg\" \/>\n\t<meta property=\"og:image:width\" content=\"700\" \/>\n\t<meta property=\"og:image:height\" content=\"700\" \/>\n\t<meta property=\"og:image:type\" content=\"image\/jpeg\" \/>\n<meta name=\"twitter:card\" content=\"summary_large_image\" \/>\n<meta name=\"twitter:label1\" content=\"Est. reading time\" \/>\n\t<meta name=\"twitter:data1\" content=\"1 minut\" \/>\n<script type=\"application\/ld+json\" class=\"yoast-schema-graph\">{\"@context\":\"https:\/\/schema.org\",\"@graph\":[{\"@type\":\"WebPage\",\"@id\":\"https:\/\/espak.ee\/epood\/toode\/siseuks-stable-401-921-valge-massiiv\/\",\"url\":\"https:\/\/espak.ee\/epood\/toode\/siseuks-stable-401-921-valge-massiiv\/\",\"name\":\"SISEUKS STABLE 401 9*21 VALGE MASSIIV - Espak E-pood\",\"isPartOf\":{\"@id\":\"https:\/\/espak.ee\/epood\/#website\"},\"primaryImageOfPage\":{\"@id\":\"https:\/\/espak.ee\/epood\/toode\/siseuks-stable-401-921-valge-massiiv\/#primaryimage\"},\"image\":{\"@id\":\"https:\/\/espak.ee\/epood\/toode\/siseuks-stable-401-921-valge-massiiv\/#primaryimage\"},\"thumbnailUrl\":\"https:\/\/espak.ee\/epood\/wp-content\/uploads\/stable401.jpg\",\"datePublished\":\"2019-11-20T00:40:24+00:00\",\"dateModified\":\"2024-03-22T22:10:14+00:00\",\"breadcrumb\":{\"@id\":\"https:\/\/espak.ee\/epood\/toode\/siseuks-stable-401-921-valge-massiiv\/#breadcrumb\"},\"inLanguage\":\"et\",\"potentialAction\":[{\"@type\":\"ReadAction\",\"target\":[\"https:\/\/espak.ee\/epood\/toode\/siseuks-stable-401-921-valge-massiiv\/\"]}]},{\"@type\":\"ImageObject\",\"inLanguage\":\"et\",\"@id\":\"https:\/\/espak.ee\/epood\/toode\/siseuks-stable-401-921-valge-massiiv\/#primaryimage\",\"url\":\"https:\/\/espak.ee\/epood\/wp-content\/uploads\/stable401.jpg\",\"contentUrl\":\"https:\/\/espak.ee\/epood\/wp-content\/uploads\/stable401.jpg\",\"width\":700,\"height\":700},{\"@type\":\"BreadcrumbList\",\"@id\":\"https:\/\/espak.ee\/epood\/toode\/siseuks-stable-401-921-valge-massiiv\/#breadcrumb\",\"itemListElement\":[{\"@type\":\"ListItem\",\"position\":1,\"name\":\"Home\",\"item\":\"https:\/\/espak.ee\/epood\/\"},{\"@type\":\"ListItem\",\"position\":2,\"name\":\"Tootevalik\",\"item\":\"https:\/\/espak.ee\/epood\/tootevalik\/\"},{\"@type\":\"ListItem\",\"position\":3,\"name\":\"SISEUKS STABLE 401 9*21 VALGE MASSIIV\"}]},{\"@type\":\"WebSite\",\"@id\":\"https:\/\/espak.ee\/epood\/#website\",\"url\":\"https:\/\/espak.ee\/epood\/\",\"name\":\"Espak E-pood\",\"description\":\"\",\"potentialAction\":[{\"@type\":\"SearchAction\",\"target\":{\"@type\":\"EntryPoint\",\"urlTemplate\":\"https:\/\/espak.ee\/epood\/?s={search_term_string}\"},\"query-input\":{\"@type\":\"PropertyValueSpecification\",\"valueRequired\":true,\"valueName\":\"search_term_string\"}}],\"inLanguage\":\"et\"}]}<\/script>\n<!-- \/ Yoast SEO plugin. -->","yoast_head_json":{"title":"SISEUKS STABLE 401 9*21 VALGE MASSIIV - Espak E-pood","robots":{"index":"index","follow":"follow","max-snippet":"max-snippet:-1","max-image-preview":"max-image-preview:large","max-video-preview":"max-video-preview:-1"},"canonical":"https:\/\/espak.ee\/epood\/toode\/siseuks-stable-401-921-valge-massiiv\/","og_locale":"et_EE","og_type":"article","og_title":"SISEUKS STABLE 401 9*21 VALGE MASSIIV - Espak E-pood","og_url":"https:\/\/espak.ee\/epood\/toode\/siseuks-stable-401-921-valge-massiiv\/","og_site_name":"Espak E-pood","article_modified_time":"2024-03-22T22:10:14+00:00","og_image":[{"width":700,"height":700,"url":"https:\/\/espak.ee\/epood\/wp-content\/uploads\/stable401.jpg","type":"image\/jpeg"}],"twitter_card":"summary_large_image","twitter_misc":{"Est. reading time":"1 minut"},"schema":{"@context":"https:\/\/schema.org","@graph":[{"@type":"WebPage","@id":"https:\/\/espak.ee\/epood\/toode\/siseuks-stable-401-921-valge-massiiv\/","url":"https:\/\/espak.ee\/epood\/toode\/siseuks-stable-401-921-valge-massiiv\/","name":"SISEUKS STABLE 401 9*21 VALGE MASSIIV - Espak E-pood","isPartOf":{"@id":"https:\/\/espak.ee\/epood\/#website"},"primaryImageOfPage":{"@id":"https:\/\/espak.ee\/epood\/toode\/siseuks-stable-401-921-valge-massiiv\/#primaryimage"},"image":{"@id":"https:\/\/espak.ee\/epood\/toode\/siseuks-stable-401-921-valge-massiiv\/#primaryimage"},"thumbnailUrl":"https:\/\/espak.ee\/epood\/wp-content\/uploads\/stable401.jpg","datePublished":"2019-11-20T00:40:24+00:00","dateModified":"2024-03-22T22:10:14+00:00","breadcrumb":{"@id":"https:\/\/espak.ee\/epood\/toode\/siseuks-stable-401-921-valge-massiiv\/#breadcrumb"},"inLanguage":"et","potentialAction":[{"@type":"ReadAction","target":["https:\/\/espak.ee\/epood\/toode\/siseuks-stable-401-921-valge-massiiv\/"]}]},{"@type":"ImageObject","inLanguage":"et","@id":"https:\/\/espak.ee\/epood\/toode\/siseuks-stable-401-921-valge-massiiv\/#primaryimage","url":"https:\/\/espak.ee\/epood\/wp-content\/uploads\/stable401.jpg","contentUrl":"https:\/\/espak.ee\/epood\/wp-content\/uploads\/stable401.jpg","width":700,"height":700},{"@type":"BreadcrumbList","@id":"https:\/\/espak.ee\/epood\/toode\/siseuks-stable-401-921-valge-massiiv\/#breadcrumb","itemListElement":[{"@type":"ListItem","position":1,"name":"Home","item":"https:\/\/espak.ee\/epood\/"},{"@type":"ListItem","position":2,"name":"Tootevalik","item":"https:\/\/espak.ee\/epood\/tootevalik\/"},{"@type":"ListItem","position":3,"name":"SISEUKS STABLE 401 9*21 VALGE MASSIIV"}]},{"@type":"WebSite","@id":"https:\/\/espak.ee\/epood\/#website","url":"https:\/\/espak.ee\/epood\/","name":"Espak E-pood","description":"","potentialAction":[{"@type":"SearchAction","target":{"@type":"EntryPoint","urlTemplate":"https:\/\/espak.ee\/epood\/?s={search_term_string}"},"query-input":{"@type":"PropertyValueSpecification","valueRequired":true,"valueName":"search_term_string"}}],"inLanguage":"et"}]}},"_links":{"self":[{"href":"https:\/\/espak.ee\/epood\/wp-json\/wp\/v2\/product\/11430","targetHints":{"allow":["GET"]}}],"collection":[{"href":"https:\/\/espak.ee\/epood\/wp-json\/wp\/v2\/product"}],"about":[{"href":"https:\/\/espak.ee\/epood\/wp-json\/wp\/v2\/types\/product"}],"replies":[{"embeddable":true,"href":"https:\/\/espak.ee\/epood\/wp-json\/wp\/v2\/comments?post=11430"}],"wp:featuredmedia":[{"embeddable":true,"href":"https:\/\/espak.ee\/epood\/wp-json\/wp\/v2\/media\/11518"}],"wp:attachment":[{"href":"https:\/\/espak.ee\/epood\/wp-json\/wp\/v2\/media?parent=11430"}],"wp:term":[{"taxonomy":"product_brand","embeddable":true,"href":"https:\/\/espak.ee\/epood\/wp-json\/wp\/v2\/product_brand?post=11430"},{"taxonomy":"product_cat","embeddable":true,"href":"https:\/\/espak.ee\/epood\/wp-json\/wp\/v2\/product_cat?post=11430"},{"taxonomy":"product_tag","embeddable":true,"href":"https:\/\/espak.ee\/epood\/wp-json\/wp\/v2\/product_tag?post=11430"}],"curies":[{"name":"wp","href":"https:\/\/api.w.org\/{rel}","templated":true}]}}