{"id":114074,"date":"2022-03-31T05:43:46","date_gmt":"2022-03-31T05:43:46","guid":{"rendered":"https:\/\/espak.ee\/epood\/?post_type=product&#038;p=114074"},"modified":"2024-03-23T04:06:52","modified_gmt":"2024-03-23T02:06:52","slug":"trell-bm-c-13-pro-aircraft","status":"publish","type":"product","link":"https:\/\/espak.ee\/epood\/toode\/trell-bm-c-13-pro-aircraft\/","title":{"rendered":"TRELL BM-C 13 PRO AIRCRAFT"},"content":{"rendered":"<div class=\"row\"  id=\"row-65539430\">\n\n\t<div id=\"col-1522264676\" class=\"col medium-9 small-12 large-9\"  >\n\t\t\t\t<div class=\"col-inner\"  >\n\t\t\t\n\t\t\t\n<h2>Trell BM-C 13 Pro Aicraft<\/h2>\n<p><strong>Tootekirjeldus:<\/strong><br \/>\n&#8211; Madalad p\u00f6\u00f6rded v\u00f5imaldavad kasutamist suurema diameetriga t\u00f6\u00f6riistadega nagu seguvisplid<br \/>\n&#8211; \u00dche k\u00e4ega suunavahetus<br \/>\n&#8211; V\u00f5tmevaba kiirkinnituspadrun<br \/>\n&#8211; Kerge kaal ja kompaktne disain<br \/>\n&#8211; Kummist, ergonoomiline k\u00e4epide k\u00fclma isolatsiooniga, libisemiskindluse ja madala vibratsiooniga<br \/>\n&#8211; Ohutu k\u00e4sitsemine t\u00e4nu t\u00e4iendavale k\u00fclgk\u00e4epidemele<\/p>\n\t\t<\/div>\n\t\t\t\t\t<\/div>\n\n\t\n\n\t<div id=\"col-1915419161\" class=\"col medium-3 small-12 large-3\"  >\n\t\t\t\t<div class=\"col-inner\"  >\n\t\t\t\n\t\t\t\n<h3>Kasutusjuhend<\/h3>\n<p><a href=\"https:\/\/espak.ee\/epood\/wp-content\/uploads\/2022\/03\/Trell-Aircraft-BM-C-13-PRO-2404115.pdf\"target=\"_blank\" rel=\"noopener noreferrer\"><i class=\"far fa-file-pdf\"><\/i> Kasutusjuhend (PDF)<\/a><\/p>\n<div class=\"is-divider divider clearfix\" ><\/div>\n<p><strong>\u00dcksikasjalikuma n\u00f5u saamiseks v\u00f5tke \u00fchendust:<br \/><\/strong>Espak AS<br \/>Viadukti 42<br \/>11313<br \/>Tallinn<br \/> T\u00f6\u00f6riista osakond +372 6512 335<br \/><a href=\"mailto:tooriist@espak.ee\">tooriist@espak.ee<\/a><\/p>\n\t\t<\/div>\n\t\t\t\t\t<\/div>\n\n\t\n<\/div>\n","protected":false},"excerpt":{"rendered":"","protected":false},"featured_media":126473,"comment_status":"closed","ping_status":"closed","template":"","meta":[],"product_brand":[],"product_cat":[2680,2940,2783,2679],"product_tag":[],"class_list":{"0":"post-114074","1":"product","2":"type-product","3":"status-publish","4":"has-post-thumbnail","6":"product_cat-elektritooriistad","7":"product_cat-muud-suruohutooriistad","8":"product_cat-suruohutooriistad","9":"product_cat-tooriistad","10":"pa_kaubamark-aircraft","12":"first","13":"instock","14":"sale","15":"taxable","16":"shipping-taxable","17":"purchasable","18":"product-type-simple"},"yoast_head":"<!-- This site is optimized with the Yoast SEO plugin v26.9 - https:\/\/yoast.com\/product\/yoast-seo-wordpress\/ -->\n<title>TRELL BM-C 13 PRO AIRCRAFT - Espak E-pood<\/title>\n<meta name=\"robots\" content=\"index, follow, max-snippet:-1, max-image-preview:large, max-video-preview:-1\" \/>\n<link rel=\"canonical\" href=\"https:\/\/espak.ee\/epood\/toode\/trell-bm-c-13-pro-aircraft\/\" \/>\n<meta property=\"og:locale\" content=\"et_EE\" \/>\n<meta property=\"og:type\" content=\"article\" \/>\n<meta property=\"og:title\" content=\"TRELL BM-C 13 PRO AIRCRAFT - Espak E-pood\" \/>\n<meta property=\"og:url\" content=\"https:\/\/espak.ee\/epood\/toode\/trell-bm-c-13-pro-aircraft\/\" \/>\n<meta property=\"og:site_name\" content=\"Espak E-pood\" \/>\n<meta property=\"article:modified_time\" content=\"2024-03-23T02:06:52+00:00\" \/>\n<meta property=\"og:image\" content=\"https:\/\/espak.ee\/epood\/wp-content\/uploads\/2022\/03\/bm-c-13-2.jpg\" \/>\n\t<meta property=\"og:image:width\" content=\"500\" \/>\n\t<meta property=\"og:image:height\" content=\"500\" \/>\n\t<meta property=\"og:image:type\" content=\"image\/jpeg\" \/>\n<meta name=\"twitter:card\" content=\"summary_large_image\" \/>\n<script type=\"application\/ld+json\" class=\"yoast-schema-graph\">{\"@context\":\"https:\/\/schema.org\",\"@graph\":[{\"@type\":\"WebPage\",\"@id\":\"https:\/\/espak.ee\/epood\/toode\/trell-bm-c-13-pro-aircraft\/\",\"url\":\"https:\/\/espak.ee\/epood\/toode\/trell-bm-c-13-pro-aircraft\/\",\"name\":\"TRELL BM-C 13 PRO AIRCRAFT - Espak E-pood\",\"isPartOf\":{\"@id\":\"https:\/\/espak.ee\/epood\/#website\"},\"primaryImageOfPage\":{\"@id\":\"https:\/\/espak.ee\/epood\/toode\/trell-bm-c-13-pro-aircraft\/#primaryimage\"},\"image\":{\"@id\":\"https:\/\/espak.ee\/epood\/toode\/trell-bm-c-13-pro-aircraft\/#primaryimage\"},\"thumbnailUrl\":\"https:\/\/espak.ee\/epood\/wp-content\/uploads\/2022\/03\/bm-c-13-2.jpg\",\"datePublished\":\"2022-03-31T05:43:46+00:00\",\"dateModified\":\"2024-03-23T02:06:52+00:00\",\"breadcrumb\":{\"@id\":\"https:\/\/espak.ee\/epood\/toode\/trell-bm-c-13-pro-aircraft\/#breadcrumb\"},\"inLanguage\":\"et\",\"potentialAction\":[{\"@type\":\"ReadAction\",\"target\":[\"https:\/\/espak.ee\/epood\/toode\/trell-bm-c-13-pro-aircraft\/\"]}]},{\"@type\":\"ImageObject\",\"inLanguage\":\"et\",\"@id\":\"https:\/\/espak.ee\/epood\/toode\/trell-bm-c-13-pro-aircraft\/#primaryimage\",\"url\":\"https:\/\/espak.ee\/epood\/wp-content\/uploads\/2022\/03\/bm-c-13-2.jpg\",\"contentUrl\":\"https:\/\/espak.ee\/epood\/wp-content\/uploads\/2022\/03\/bm-c-13-2.jpg\",\"width\":500,\"height\":500},{\"@type\":\"BreadcrumbList\",\"@id\":\"https:\/\/espak.ee\/epood\/toode\/trell-bm-c-13-pro-aircraft\/#breadcrumb\",\"itemListElement\":[{\"@type\":\"ListItem\",\"position\":1,\"name\":\"Home\",\"item\":\"https:\/\/espak.ee\/epood\/\"},{\"@type\":\"ListItem\",\"position\":2,\"name\":\"Tootevalik\",\"item\":\"https:\/\/espak.ee\/epood\/tootevalik\/\"},{\"@type\":\"ListItem\",\"position\":3,\"name\":\"TRELL BM-C 13 PRO AIRCRAFT\"}]},{\"@type\":\"WebSite\",\"@id\":\"https:\/\/espak.ee\/epood\/#website\",\"url\":\"https:\/\/espak.ee\/epood\/\",\"name\":\"Espak E-pood\",\"description\":\"\",\"potentialAction\":[{\"@type\":\"SearchAction\",\"target\":{\"@type\":\"EntryPoint\",\"urlTemplate\":\"https:\/\/espak.ee\/epood\/?s={search_term_string}\"},\"query-input\":{\"@type\":\"PropertyValueSpecification\",\"valueRequired\":true,\"valueName\":\"search_term_string\"}}],\"inLanguage\":\"et\"}]}<\/script>\n<!-- \/ Yoast SEO plugin. -->","yoast_head_json":{"title":"TRELL BM-C 13 PRO AIRCRAFT - Espak E-pood","robots":{"index":"index","follow":"follow","max-snippet":"max-snippet:-1","max-image-preview":"max-image-preview:large","max-video-preview":"max-video-preview:-1"},"canonical":"https:\/\/espak.ee\/epood\/toode\/trell-bm-c-13-pro-aircraft\/","og_locale":"et_EE","og_type":"article","og_title":"TRELL BM-C 13 PRO AIRCRAFT - Espak E-pood","og_url":"https:\/\/espak.ee\/epood\/toode\/trell-bm-c-13-pro-aircraft\/","og_site_name":"Espak E-pood","article_modified_time":"2024-03-23T02:06:52+00:00","og_image":[{"width":500,"height":500,"url":"https:\/\/espak.ee\/epood\/wp-content\/uploads\/2022\/03\/bm-c-13-2.jpg","type":"image\/jpeg"}],"twitter_card":"summary_large_image","schema":{"@context":"https:\/\/schema.org","@graph":[{"@type":"WebPage","@id":"https:\/\/espak.ee\/epood\/toode\/trell-bm-c-13-pro-aircraft\/","url":"https:\/\/espak.ee\/epood\/toode\/trell-bm-c-13-pro-aircraft\/","name":"TRELL BM-C 13 PRO AIRCRAFT - Espak E-pood","isPartOf":{"@id":"https:\/\/espak.ee\/epood\/#website"},"primaryImageOfPage":{"@id":"https:\/\/espak.ee\/epood\/toode\/trell-bm-c-13-pro-aircraft\/#primaryimage"},"image":{"@id":"https:\/\/espak.ee\/epood\/toode\/trell-bm-c-13-pro-aircraft\/#primaryimage"},"thumbnailUrl":"https:\/\/espak.ee\/epood\/wp-content\/uploads\/2022\/03\/bm-c-13-2.jpg","datePublished":"2022-03-31T05:43:46+00:00","dateModified":"2024-03-23T02:06:52+00:00","breadcrumb":{"@id":"https:\/\/espak.ee\/epood\/toode\/trell-bm-c-13-pro-aircraft\/#breadcrumb"},"inLanguage":"et","potentialAction":[{"@type":"ReadAction","target":["https:\/\/espak.ee\/epood\/toode\/trell-bm-c-13-pro-aircraft\/"]}]},{"@type":"ImageObject","inLanguage":"et","@id":"https:\/\/espak.ee\/epood\/toode\/trell-bm-c-13-pro-aircraft\/#primaryimage","url":"https:\/\/espak.ee\/epood\/wp-content\/uploads\/2022\/03\/bm-c-13-2.jpg","contentUrl":"https:\/\/espak.ee\/epood\/wp-content\/uploads\/2022\/03\/bm-c-13-2.jpg","width":500,"height":500},{"@type":"BreadcrumbList","@id":"https:\/\/espak.ee\/epood\/toode\/trell-bm-c-13-pro-aircraft\/#breadcrumb","itemListElement":[{"@type":"ListItem","position":1,"name":"Home","item":"https:\/\/espak.ee\/epood\/"},{"@type":"ListItem","position":2,"name":"Tootevalik","item":"https:\/\/espak.ee\/epood\/tootevalik\/"},{"@type":"ListItem","position":3,"name":"TRELL BM-C 13 PRO AIRCRAFT"}]},{"@type":"WebSite","@id":"https:\/\/espak.ee\/epood\/#website","url":"https:\/\/espak.ee\/epood\/","name":"Espak E-pood","description":"","potentialAction":[{"@type":"SearchAction","target":{"@type":"EntryPoint","urlTemplate":"https:\/\/espak.ee\/epood\/?s={search_term_string}"},"query-input":{"@type":"PropertyValueSpecification","valueRequired":true,"valueName":"search_term_string"}}],"inLanguage":"et"}]}},"_links":{"self":[{"href":"https:\/\/espak.ee\/epood\/wp-json\/wp\/v2\/product\/114074","targetHints":{"allow":["GET"]}}],"collection":[{"href":"https:\/\/espak.ee\/epood\/wp-json\/wp\/v2\/product"}],"about":[{"href":"https:\/\/espak.ee\/epood\/wp-json\/wp\/v2\/types\/product"}],"replies":[{"embeddable":true,"href":"https:\/\/espak.ee\/epood\/wp-json\/wp\/v2\/comments?post=114074"}],"wp:featuredmedia":[{"embeddable":true,"href":"https:\/\/espak.ee\/epood\/wp-json\/wp\/v2\/media\/126473"}],"wp:attachment":[{"href":"https:\/\/espak.ee\/epood\/wp-json\/wp\/v2\/media?parent=114074"}],"wp:term":[{"taxonomy":"product_brand","embeddable":true,"href":"https:\/\/espak.ee\/epood\/wp-json\/wp\/v2\/product_brand?post=114074"},{"taxonomy":"product_cat","embeddable":true,"href":"https:\/\/espak.ee\/epood\/wp-json\/wp\/v2\/product_cat?post=114074"},{"taxonomy":"product_tag","embeddable":true,"href":"https:\/\/espak.ee\/epood\/wp-json\/wp\/v2\/product_tag?post=114074"}],"curies":[{"name":"wp","href":"https:\/\/api.w.org\/{rel}","templated":true}]}}