{"id":11385,"date":"2019-11-20T02:40:07","date_gmt":"2019-11-20T00:40:07","guid":{"rendered":"https:\/\/espak.ee\/hinnakiri\/?post_type=product&#038;p=11385"},"modified":"2024-07-09T16:04:13","modified_gmt":"2024-07-09T13:04:13","slug":"tulekindel-uks-ei30-37-db-tamm-821-vasak","status":"publish","type":"product","link":"https:\/\/espak.ee\/epood\/toode\/tulekindel-uks-ei30-37-db-tamm-821-vasak\/","title":{"rendered":"TULEKINDEL UKS EI30\/37 DB TAMM 8*21 VASAK"},"content":{"rendered":"<div class=\"row\"  id=\"row-2037438716\">\n\n\t<div id=\"col-1128445540\" class=\"col medium-9 small-12 large-9\"  >\n\t\t\t\t<div class=\"col-inner\"  >\n\t\t\t\n\t\t\t\n<h2>Tulet\u00f5kkeuks EI30 8&#215;21 tamm, vasak <\/h2>\n<p>ADVANCE-LINE tulet\u00f5kkeuksed takistavad t\u00f5husalt tule ja suitsu levikut ja isoleerivad helisid. Tulet\u00f5kkeuksi kasutatakse ruumides, kus ehitusnormid n\u00f5uavad EI 30 tulet\u00f5kkeuksi. Suletud EI1 30 tulet\u00f5kkeuks peab vastu v\u00e4hemalt 30 minutit ehk leegid ei p\u00e4\u00e4se uksest l\u00e4bi ja ukse pinnatemperatuur ei t\u00f5use \u00fcle lubatud normi. Ukse heliisolatsiooniomadused teevad sellest ka helikindla ukse n\u00f5udlikele objektidele. Ukse heliisolatsiooni indeks on Rw 38 dB ja see kuulub 30 dB heliklassi ehk tavalist k\u00f5net teisel pool ust ei kuule, k\u00fcll aga v\u00f5ib l\u00e4bi kosta vali m\u00fcra ja kisa. Loomulikult tuleb erilist t\u00e4helepanu p\u00f6\u00f6rata ka ust \u00fcmbritseva seinakonstruktsiooni isolatsioonile.<\/p>\n\t<div id=\"gap-1819100454\" class=\"gap-element clearfix\" style=\"display:block; height:auto;\">\n\t\t\n<style>\n#gap-1819100454 {\n  padding-top: 30px;\n}\n<\/style>\n\t<\/div>\n\t\n\t\t<\/div>\n\t\t\t\t\t<\/div>\n\n\t\n\n\t<div id=\"col-944142009\" class=\"col medium-3 small-12 large-3\"  >\n\t\t\t\t<div class=\"col-inner\"  >\n\t\t\t\n\t\t\t\n\t<div id=\"gap-910675834\" class=\"gap-element clearfix\" style=\"display:block; height:auto;\">\n\t\t\n<style>\n#gap-910675834 {\n  padding-top: 30px;\n}\n<\/style>\n\t<\/div>\n\t\n<div class=\"is-divider divider clearfix\" ><\/div>\n<p><strong>\u00dcksikasjalikuma n\u00f5u saamiseks v\u00f5tke \u00fchendust:<br \/><\/strong>JELD-WEN Eesti AS<br \/>K\u00f5rtsi tee 9, Lehmja<br \/>76505<br \/>Harju maakond<\/p>\n<div class=\"is-divider divider clearfix\" ><\/div>\n\t\t<\/div>\n\t\t\t\t\t<\/div>\n\n\t\n<\/div>\n","protected":false},"excerpt":{"rendered":"","protected":false},"featured_media":204527,"comment_status":"closed","ping_status":"closed","template":"","meta":[],"product_brand":[],"product_cat":[2853,2855,2845,2683],"product_tag":[],"class_list":{"0":"post-11385","1":"product","2":"type-product","3":"status-publish","4":"has-post-thumbnail","6":"product_cat-tuletokkeuksed","7":"product_cat-tuletokkeuksed-spoonist","8":"product_cat-uksed","9":"product_cat-viimistluskaubad","10":"pa_kaubamark-optimera-estonia-as","12":"first","13":"instock","14":"sale","15":"taxable","16":"shipping-taxable","17":"purchasable","18":"product-type-simple"},"yoast_head":"<!-- This site is optimized with the Yoast SEO plugin v26.9 - https:\/\/yoast.com\/product\/yoast-seo-wordpress\/ -->\n<title>TULEKINDEL UKS EI30\/37 DB TAMM 8*21 VASAK - Espak E-pood<\/title>\n<meta name=\"robots\" content=\"index, follow, max-snippet:-1, max-image-preview:large, max-video-preview:-1\" \/>\n<link rel=\"canonical\" href=\"https:\/\/espak.ee\/epood\/toode\/tulekindel-uks-ei30-37-db-tamm-821-vasak\/\" \/>\n<meta property=\"og:locale\" content=\"et_EE\" \/>\n<meta property=\"og:type\" content=\"article\" \/>\n<meta property=\"og:title\" content=\"TULEKINDEL UKS EI30\/37 DB TAMM 8*21 VASAK - Espak E-pood\" \/>\n<meta property=\"og:url\" content=\"https:\/\/espak.ee\/epood\/toode\/tulekindel-uks-ei30-37-db-tamm-821-vasak\/\" \/>\n<meta property=\"og:site_name\" content=\"Espak E-pood\" \/>\n<meta property=\"article:modified_time\" content=\"2024-07-09T13:04:13+00:00\" \/>\n<meta property=\"og:image\" content=\"https:\/\/espak.ee\/epood\/wp-content\/uploads\/2019\/11\/Fire-810-Oak-Vertical-Frame-NCS-S-0502-Y.jpg\" \/>\n\t<meta property=\"og:image:width\" content=\"1000\" \/>\n\t<meta property=\"og:image:height\" content=\"1000\" \/>\n\t<meta property=\"og:image:type\" content=\"image\/jpeg\" \/>\n<meta name=\"twitter:card\" content=\"summary_large_image\" \/>\n<meta name=\"twitter:label1\" content=\"Est. reading time\" \/>\n\t<meta name=\"twitter:data1\" content=\"1 minut\" \/>\n<script type=\"application\/ld+json\" class=\"yoast-schema-graph\">{\"@context\":\"https:\/\/schema.org\",\"@graph\":[{\"@type\":\"WebPage\",\"@id\":\"https:\/\/espak.ee\/epood\/toode\/tulekindel-uks-ei30-37-db-tamm-821-vasak\/\",\"url\":\"https:\/\/espak.ee\/epood\/toode\/tulekindel-uks-ei30-37-db-tamm-821-vasak\/\",\"name\":\"TULEKINDEL UKS EI30\/37 DB TAMM 8*21 VASAK - Espak E-pood\",\"isPartOf\":{\"@id\":\"https:\/\/espak.ee\/epood\/#website\"},\"primaryImageOfPage\":{\"@id\":\"https:\/\/espak.ee\/epood\/toode\/tulekindel-uks-ei30-37-db-tamm-821-vasak\/#primaryimage\"},\"image\":{\"@id\":\"https:\/\/espak.ee\/epood\/toode\/tulekindel-uks-ei30-37-db-tamm-821-vasak\/#primaryimage\"},\"thumbnailUrl\":\"https:\/\/espak.ee\/epood\/wp-content\/uploads\/2019\/11\/Fire-810-Oak-Vertical-Frame-NCS-S-0502-Y.jpg\",\"datePublished\":\"2019-11-20T00:40:07+00:00\",\"dateModified\":\"2024-07-09T13:04:13+00:00\",\"breadcrumb\":{\"@id\":\"https:\/\/espak.ee\/epood\/toode\/tulekindel-uks-ei30-37-db-tamm-821-vasak\/#breadcrumb\"},\"inLanguage\":\"et\",\"potentialAction\":[{\"@type\":\"ReadAction\",\"target\":[\"https:\/\/espak.ee\/epood\/toode\/tulekindel-uks-ei30-37-db-tamm-821-vasak\/\"]}]},{\"@type\":\"ImageObject\",\"inLanguage\":\"et\",\"@id\":\"https:\/\/espak.ee\/epood\/toode\/tulekindel-uks-ei30-37-db-tamm-821-vasak\/#primaryimage\",\"url\":\"https:\/\/espak.ee\/epood\/wp-content\/uploads\/2019\/11\/Fire-810-Oak-Vertical-Frame-NCS-S-0502-Y.jpg\",\"contentUrl\":\"https:\/\/espak.ee\/epood\/wp-content\/uploads\/2019\/11\/Fire-810-Oak-Vertical-Frame-NCS-S-0502-Y.jpg\",\"width\":1000,\"height\":1000},{\"@type\":\"BreadcrumbList\",\"@id\":\"https:\/\/espak.ee\/epood\/toode\/tulekindel-uks-ei30-37-db-tamm-821-vasak\/#breadcrumb\",\"itemListElement\":[{\"@type\":\"ListItem\",\"position\":1,\"name\":\"Home\",\"item\":\"https:\/\/espak.ee\/epood\/\"},{\"@type\":\"ListItem\",\"position\":2,\"name\":\"Tootevalik\",\"item\":\"https:\/\/espak.ee\/epood\/tootevalik\/\"},{\"@type\":\"ListItem\",\"position\":3,\"name\":\"TULEKINDEL UKS EI30\/37 DB TAMM 8*21 VASAK\"}]},{\"@type\":\"WebSite\",\"@id\":\"https:\/\/espak.ee\/epood\/#website\",\"url\":\"https:\/\/espak.ee\/epood\/\",\"name\":\"Espak E-pood\",\"description\":\"\",\"potentialAction\":[{\"@type\":\"SearchAction\",\"target\":{\"@type\":\"EntryPoint\",\"urlTemplate\":\"https:\/\/espak.ee\/epood\/?s={search_term_string}\"},\"query-input\":{\"@type\":\"PropertyValueSpecification\",\"valueRequired\":true,\"valueName\":\"search_term_string\"}}],\"inLanguage\":\"et\"}]}<\/script>\n<!-- \/ Yoast SEO plugin. -->","yoast_head_json":{"title":"TULEKINDEL UKS EI30\/37 DB TAMM 8*21 VASAK - Espak E-pood","robots":{"index":"index","follow":"follow","max-snippet":"max-snippet:-1","max-image-preview":"max-image-preview:large","max-video-preview":"max-video-preview:-1"},"canonical":"https:\/\/espak.ee\/epood\/toode\/tulekindel-uks-ei30-37-db-tamm-821-vasak\/","og_locale":"et_EE","og_type":"article","og_title":"TULEKINDEL UKS EI30\/37 DB TAMM 8*21 VASAK - Espak E-pood","og_url":"https:\/\/espak.ee\/epood\/toode\/tulekindel-uks-ei30-37-db-tamm-821-vasak\/","og_site_name":"Espak E-pood","article_modified_time":"2024-07-09T13:04:13+00:00","og_image":[{"width":1000,"height":1000,"url":"https:\/\/espak.ee\/epood\/wp-content\/uploads\/2019\/11\/Fire-810-Oak-Vertical-Frame-NCS-S-0502-Y.jpg","type":"image\/jpeg"}],"twitter_card":"summary_large_image","twitter_misc":{"Est. reading time":"1 minut"},"schema":{"@context":"https:\/\/schema.org","@graph":[{"@type":"WebPage","@id":"https:\/\/espak.ee\/epood\/toode\/tulekindel-uks-ei30-37-db-tamm-821-vasak\/","url":"https:\/\/espak.ee\/epood\/toode\/tulekindel-uks-ei30-37-db-tamm-821-vasak\/","name":"TULEKINDEL UKS EI30\/37 DB TAMM 8*21 VASAK - Espak E-pood","isPartOf":{"@id":"https:\/\/espak.ee\/epood\/#website"},"primaryImageOfPage":{"@id":"https:\/\/espak.ee\/epood\/toode\/tulekindel-uks-ei30-37-db-tamm-821-vasak\/#primaryimage"},"image":{"@id":"https:\/\/espak.ee\/epood\/toode\/tulekindel-uks-ei30-37-db-tamm-821-vasak\/#primaryimage"},"thumbnailUrl":"https:\/\/espak.ee\/epood\/wp-content\/uploads\/2019\/11\/Fire-810-Oak-Vertical-Frame-NCS-S-0502-Y.jpg","datePublished":"2019-11-20T00:40:07+00:00","dateModified":"2024-07-09T13:04:13+00:00","breadcrumb":{"@id":"https:\/\/espak.ee\/epood\/toode\/tulekindel-uks-ei30-37-db-tamm-821-vasak\/#breadcrumb"},"inLanguage":"et","potentialAction":[{"@type":"ReadAction","target":["https:\/\/espak.ee\/epood\/toode\/tulekindel-uks-ei30-37-db-tamm-821-vasak\/"]}]},{"@type":"ImageObject","inLanguage":"et","@id":"https:\/\/espak.ee\/epood\/toode\/tulekindel-uks-ei30-37-db-tamm-821-vasak\/#primaryimage","url":"https:\/\/espak.ee\/epood\/wp-content\/uploads\/2019\/11\/Fire-810-Oak-Vertical-Frame-NCS-S-0502-Y.jpg","contentUrl":"https:\/\/espak.ee\/epood\/wp-content\/uploads\/2019\/11\/Fire-810-Oak-Vertical-Frame-NCS-S-0502-Y.jpg","width":1000,"height":1000},{"@type":"BreadcrumbList","@id":"https:\/\/espak.ee\/epood\/toode\/tulekindel-uks-ei30-37-db-tamm-821-vasak\/#breadcrumb","itemListElement":[{"@type":"ListItem","position":1,"name":"Home","item":"https:\/\/espak.ee\/epood\/"},{"@type":"ListItem","position":2,"name":"Tootevalik","item":"https:\/\/espak.ee\/epood\/tootevalik\/"},{"@type":"ListItem","position":3,"name":"TULEKINDEL UKS EI30\/37 DB TAMM 8*21 VASAK"}]},{"@type":"WebSite","@id":"https:\/\/espak.ee\/epood\/#website","url":"https:\/\/espak.ee\/epood\/","name":"Espak E-pood","description":"","potentialAction":[{"@type":"SearchAction","target":{"@type":"EntryPoint","urlTemplate":"https:\/\/espak.ee\/epood\/?s={search_term_string}"},"query-input":{"@type":"PropertyValueSpecification","valueRequired":true,"valueName":"search_term_string"}}],"inLanguage":"et"}]}},"_links":{"self":[{"href":"https:\/\/espak.ee\/epood\/wp-json\/wp\/v2\/product\/11385","targetHints":{"allow":["GET"]}}],"collection":[{"href":"https:\/\/espak.ee\/epood\/wp-json\/wp\/v2\/product"}],"about":[{"href":"https:\/\/espak.ee\/epood\/wp-json\/wp\/v2\/types\/product"}],"replies":[{"embeddable":true,"href":"https:\/\/espak.ee\/epood\/wp-json\/wp\/v2\/comments?post=11385"}],"wp:featuredmedia":[{"embeddable":true,"href":"https:\/\/espak.ee\/epood\/wp-json\/wp\/v2\/media\/204527"}],"wp:attachment":[{"href":"https:\/\/espak.ee\/epood\/wp-json\/wp\/v2\/media?parent=11385"}],"wp:term":[{"taxonomy":"product_brand","embeddable":true,"href":"https:\/\/espak.ee\/epood\/wp-json\/wp\/v2\/product_brand?post=11385"},{"taxonomy":"product_cat","embeddable":true,"href":"https:\/\/espak.ee\/epood\/wp-json\/wp\/v2\/product_cat?post=11385"},{"taxonomy":"product_tag","embeddable":true,"href":"https:\/\/espak.ee\/epood\/wp-json\/wp\/v2\/product_tag?post=11385"}],"curies":[{"name":"wp","href":"https:\/\/api.w.org\/{rel}","templated":true}]}}