{"id":113806,"date":"2022-03-30T07:25:44","date_gmt":"2022-03-30T07:25:44","guid":{"rendered":"https:\/\/espak.ee\/epood\/?post_type=product&#038;p=113806"},"modified":"2024-03-23T04:09:02","modified_gmt":"2024-03-23T02:09:02","slug":"vee-ja-tolmuimeja-wd6p-s-v-30-6-22-t-karcher","status":"publish","type":"product","link":"https:\/\/espak.ee\/epood\/toode\/vee-ja-tolmuimeja-wd6p-s-v-30-6-22-t-karcher\/","title":{"rendered":"VEE-JA TOLMUIMEJA WD6P S V-30\/6\/22\/T K\u00c4RCHER"},"content":{"rendered":"<div class=\"row\"  id=\"row-1639721549\">\n\n\t<div id=\"col-1615780578\" class=\"col medium-9 small-12 large-9\"  >\n\t\t\t\t<div class=\"col-inner\"  >\n\t\t\t\n\t\t\t\n<h3>Vee- ja tolmuimeja WD 6 P S V-30\/6\/22\/T K\u00e4rcher<\/h3>\n<p>WD 6 PS V-30\/6\/22\/T pakub silmapaistvat imemisv\u00f5imsust ja energiat\u00f5husust ning on varustatud 30-liitrise roostevabast terasest mahuti, 6-meetrise juhtme, 2,2-meetrise imemisvooliku ja pistikupesaga t\u00f6\u00f6riista jaoks.<\/p>\n<div class=\"message-box relative\" style=\"padding-top:15px;padding-bottom:15px;\"><div class=\"message-box-bg-image bg-fill fill\" ><\/div><div class=\"message-box-bg-overlay bg-fill fill\" ><\/div><div class=\"container relative\"><div class=\"inner last-reset\">\n<div class=\"row align-middle align-center\"  id=\"row-1731927659\">\n\n\t<div id=\"col-263363118\" class=\"col small-12 large-12\"  >\n\t\t\t\t<div class=\"col-inner text-left\"  >\n\t\t\t\n\t\t\t\n<h4>Omadused<\/h4>\n<div class=\"row\"  id=\"row-1236036697\">\n\n\t<div id=\"col-1765818185\" class=\"col medium-6 small-12 large-6\"  >\n\t\t\t\t<div class=\"col-inner\"  >\n\t\t\t\n\t\t\t\n<p><i class=\"fa fa-check fa-2x\"><\/i> <strong> Automaatse sisse- ja v\u00e4ljal\u00fclitamisv\u00f5imalusega pistik, mis v\u00f5imaldab seadme k\u00fclge \u00fchendada ka elektrit\u00f6\u00f6riistu<\/strong><\/p>\n<p><i class=\"fa fa-check fa-2x\"><\/i> <strong> Patenteeritud filtrieemaldustehnoloogia<\/strong><\/p>\n\t\t<\/div>\n\t\t\t\t\n<style>\n#col-1765818185 > .col-inner {\n  margin: 0px 0px 15px 0px;\n}\n<\/style>\n\t<\/div>\n\n\t\n\n\t<div id=\"col-1037016687\" class=\"col medium-6 small-12 large-6\"  >\n\t\t\t\t<div class=\"col-inner\"  >\n\t\t\t\n\t\t\t\n<p><i class=\"fa fa-check fa-2x\"><\/i> <strong> Praktiline puhumisfunktsioon on abiks k\u00f5ikjal, kus tolmuimemine ei ole v\u00f5imalik<\/strong><\/p>\n\t\t<\/div>\n\t\t\t\t\n<style>\n#col-1037016687 > .col-inner {\n  margin: 0px 0px 15px 0px;\n}\n<\/style>\n\t<\/div>\n\n\t\n<\/div>\n\t\t<\/div>\n\t\t\t\t\t<\/div>\n\n\t\n<\/div>\n<\/div><\/div><\/div>\n\t<div id=\"gap-172292763\" class=\"gap-element clearfix\" style=\"display:block; height:auto;\">\n\t\t\n<style>\n#gap-172292763 {\n  padding-top: 30px;\n}\n<\/style>\n\t<\/div>\n\t\n<p>\u00dcliv\u00f5imas imemisv\u00f5imsus ja silmapaistev energiat\u00f5husus, vaid 1300 vatise energiatarbimisega: WD 6 PS V-30\/6\/22\/T m\u00e4rg- ja kuivtolmuimejal on 30-liitrine roostevabast terasest anum, 6-meetrine toitekaabel ja 2,2 meetri pikkune imemisvoolik. T\u00fchjenduskruvi abil saab mugavalt konteinerisse imetud vedelikud v\u00f6lja lasta. Elektrit\u00f6\u00f6riistu, nagu saed v\u00f5i lihvijad, saab \u00fchendada automaatse sisse\/v\u00e4lja l\u00fclitiga integreeritud pistikupesa kaudu. T\u00f6\u00f6ga tekkinud mustus eemaldatakse koheselt imemise teel. P\u00f6\u00f6rdl\u00fcliti v\u00f5imaldab kasutajal reguleerida imemisv\u00f5imsust vastavalt oma vajadustele. Lameda kurdfiltri saab eemaldada filtrikarbi avamisega, ilma et peaksite mustusega kokku puutuma. Veelgi enam, filtrit saab t\u00f5husalt puhastada, vajutades filtri puhastusnuppu, taastades seel\u00e4bi t\u00e4ieliku imemisv\u00f5imsuse. Puhuri funktsioon on eriti kasulik \u00f5rnade esemete puhastamisel. Elektrostaatilise kaitsega eemaldatav k\u00e4epide v\u00f5imaldab tarvikuid otse imemisvooliku k\u00fclge \u00fchendada, mis on eriti kasulik peene tolmu imemisel. Imemisvoolikut saab hoiustada kompaktselt, riputades selle seadme pea k\u00fclge.<\/p>\n\t\t<\/div>\n\t\t\t\t\t<\/div>\n\n\t\n\n\t<div id=\"col-733116716\" class=\"col medium-3 small-12 large-3\"  >\n\t\t\t\t<div class=\"col-inner\"  >\n\t\t\t\n\t\t\t\n<h3>Kasutusjuhend<\/h3>\n<p><a href=\"https:\/\/espak.ee\/epood\/wp-content\/uploads\/2022\/03\/BTA-5674183-000-03.pdf\"target=\"_blank\" rel=\"noopener noreferrer\"><i class=\"far fa-file-pdf\"><\/i> Kasutusjuhend (PDF)<\/a><\/p>\n<div class=\"is-divider divider clearfix\" ><\/div>\n<p><strong>\u00dcksikasjalikuma n\u00f5u saamiseks v\u00f5tke \u00fchendust:<br \/><\/strong>Espak AS<br \/>Viadukti 42<br \/>11313<br \/>Tallinn<br \/>+372 6 512333<\/p>\n\t\t<\/div>\n\t\t\t\t\t<\/div>\n\n\t\n<\/div>\n","protected":false},"excerpt":{"rendered":"","protected":false},"featured_media":114113,"comment_status":"closed","ping_status":"closed","template":"","meta":[],"product_brand":[],"product_cat":[2680,2785,2679,2787],"product_tag":[],"class_list":{"0":"post-113806","1":"product","2":"type-product","3":"status-publish","4":"has-post-thumbnail","6":"product_cat-elektritooriistad","7":"product_cat-koristusseadmed","8":"product_cat-tooriistad","9":"product_cat-vee-ja-tolmuimejad","10":"pa_kaubamark-karcher","12":"first","13":"instock","14":"sale","15":"taxable","16":"shipping-taxable","17":"purchasable","18":"product-type-simple"},"yoast_head":"<!-- This site is optimized with the Yoast SEO plugin v26.9 - https:\/\/yoast.com\/product\/yoast-seo-wordpress\/ -->\n<title>VEE-JA TOLMUIMEJA WD6P S V-30\/6\/22\/T K\u00c4RCHER - Espak E-pood<\/title>\n<meta name=\"robots\" content=\"index, follow, max-snippet:-1, max-image-preview:large, max-video-preview:-1\" \/>\n<link rel=\"canonical\" href=\"https:\/\/espak.ee\/epood\/toode\/vee-ja-tolmuimeja-wd6p-s-v-30-6-22-t-karcher\/\" \/>\n<meta property=\"og:locale\" content=\"et_EE\" \/>\n<meta property=\"og:type\" content=\"article\" \/>\n<meta property=\"og:title\" content=\"VEE-JA TOLMUIMEJA WD6P S V-30\/6\/22\/T K\u00c4RCHER - Espak E-pood\" \/>\n<meta property=\"og:url\" content=\"https:\/\/espak.ee\/epood\/toode\/vee-ja-tolmuimeja-wd6p-s-v-30-6-22-t-karcher\/\" \/>\n<meta property=\"og:site_name\" content=\"Espak E-pood\" \/>\n<meta property=\"article:modified_time\" content=\"2024-03-23T02:09:02+00:00\" \/>\n<meta property=\"og:image\" content=\"https:\/\/espak.ee\/epood\/wp-content\/uploads\/2022\/03\/wd6.jpg\" \/>\n\t<meta property=\"og:image:width\" content=\"1000\" \/>\n\t<meta property=\"og:image:height\" content=\"1000\" \/>\n\t<meta property=\"og:image:type\" content=\"image\/jpeg\" \/>\n<meta name=\"twitter:card\" content=\"summary_large_image\" \/>\n<meta name=\"twitter:label1\" content=\"Est. reading time\" \/>\n\t<meta name=\"twitter:data1\" content=\"1 minut\" \/>\n<script type=\"application\/ld+json\" class=\"yoast-schema-graph\">{\"@context\":\"https:\/\/schema.org\",\"@graph\":[{\"@type\":\"WebPage\",\"@id\":\"https:\/\/espak.ee\/epood\/toode\/vee-ja-tolmuimeja-wd6p-s-v-30-6-22-t-karcher\/\",\"url\":\"https:\/\/espak.ee\/epood\/toode\/vee-ja-tolmuimeja-wd6p-s-v-30-6-22-t-karcher\/\",\"name\":\"VEE-JA TOLMUIMEJA WD6P S V-30\/6\/22\/T K\u00c4RCHER - Espak E-pood\",\"isPartOf\":{\"@id\":\"https:\/\/espak.ee\/epood\/#website\"},\"primaryImageOfPage\":{\"@id\":\"https:\/\/espak.ee\/epood\/toode\/vee-ja-tolmuimeja-wd6p-s-v-30-6-22-t-karcher\/#primaryimage\"},\"image\":{\"@id\":\"https:\/\/espak.ee\/epood\/toode\/vee-ja-tolmuimeja-wd6p-s-v-30-6-22-t-karcher\/#primaryimage\"},\"thumbnailUrl\":\"https:\/\/espak.ee\/epood\/wp-content\/uploads\/2022\/03\/wd6.jpg\",\"datePublished\":\"2022-03-30T07:25:44+00:00\",\"dateModified\":\"2024-03-23T02:09:02+00:00\",\"breadcrumb\":{\"@id\":\"https:\/\/espak.ee\/epood\/toode\/vee-ja-tolmuimeja-wd6p-s-v-30-6-22-t-karcher\/#breadcrumb\"},\"inLanguage\":\"et\",\"potentialAction\":[{\"@type\":\"ReadAction\",\"target\":[\"https:\/\/espak.ee\/epood\/toode\/vee-ja-tolmuimeja-wd6p-s-v-30-6-22-t-karcher\/\"]}]},{\"@type\":\"ImageObject\",\"inLanguage\":\"et\",\"@id\":\"https:\/\/espak.ee\/epood\/toode\/vee-ja-tolmuimeja-wd6p-s-v-30-6-22-t-karcher\/#primaryimage\",\"url\":\"https:\/\/espak.ee\/epood\/wp-content\/uploads\/2022\/03\/wd6.jpg\",\"contentUrl\":\"https:\/\/espak.ee\/epood\/wp-content\/uploads\/2022\/03\/wd6.jpg\",\"width\":1000,\"height\":1000},{\"@type\":\"BreadcrumbList\",\"@id\":\"https:\/\/espak.ee\/epood\/toode\/vee-ja-tolmuimeja-wd6p-s-v-30-6-22-t-karcher\/#breadcrumb\",\"itemListElement\":[{\"@type\":\"ListItem\",\"position\":1,\"name\":\"Home\",\"item\":\"https:\/\/espak.ee\/epood\/\"},{\"@type\":\"ListItem\",\"position\":2,\"name\":\"Tootevalik\",\"item\":\"https:\/\/espak.ee\/epood\/tootevalik\/\"},{\"@type\":\"ListItem\",\"position\":3,\"name\":\"VEE-JA TOLMUIMEJA WD6P S V-30\/6\/22\/T K\u00c4RCHER\"}]},{\"@type\":\"WebSite\",\"@id\":\"https:\/\/espak.ee\/epood\/#website\",\"url\":\"https:\/\/espak.ee\/epood\/\",\"name\":\"Espak E-pood\",\"description\":\"\",\"potentialAction\":[{\"@type\":\"SearchAction\",\"target\":{\"@type\":\"EntryPoint\",\"urlTemplate\":\"https:\/\/espak.ee\/epood\/?s={search_term_string}\"},\"query-input\":{\"@type\":\"PropertyValueSpecification\",\"valueRequired\":true,\"valueName\":\"search_term_string\"}}],\"inLanguage\":\"et\"}]}<\/script>\n<!-- \/ Yoast SEO plugin. -->","yoast_head_json":{"title":"VEE-JA TOLMUIMEJA WD6P S V-30\/6\/22\/T K\u00c4RCHER - Espak E-pood","robots":{"index":"index","follow":"follow","max-snippet":"max-snippet:-1","max-image-preview":"max-image-preview:large","max-video-preview":"max-video-preview:-1"},"canonical":"https:\/\/espak.ee\/epood\/toode\/vee-ja-tolmuimeja-wd6p-s-v-30-6-22-t-karcher\/","og_locale":"et_EE","og_type":"article","og_title":"VEE-JA TOLMUIMEJA WD6P S V-30\/6\/22\/T K\u00c4RCHER - Espak E-pood","og_url":"https:\/\/espak.ee\/epood\/toode\/vee-ja-tolmuimeja-wd6p-s-v-30-6-22-t-karcher\/","og_site_name":"Espak E-pood","article_modified_time":"2024-03-23T02:09:02+00:00","og_image":[{"width":1000,"height":1000,"url":"https:\/\/espak.ee\/epood\/wp-content\/uploads\/2022\/03\/wd6.jpg","type":"image\/jpeg"}],"twitter_card":"summary_large_image","twitter_misc":{"Est. reading time":"1 minut"},"schema":{"@context":"https:\/\/schema.org","@graph":[{"@type":"WebPage","@id":"https:\/\/espak.ee\/epood\/toode\/vee-ja-tolmuimeja-wd6p-s-v-30-6-22-t-karcher\/","url":"https:\/\/espak.ee\/epood\/toode\/vee-ja-tolmuimeja-wd6p-s-v-30-6-22-t-karcher\/","name":"VEE-JA TOLMUIMEJA WD6P S V-30\/6\/22\/T K\u00c4RCHER - Espak E-pood","isPartOf":{"@id":"https:\/\/espak.ee\/epood\/#website"},"primaryImageOfPage":{"@id":"https:\/\/espak.ee\/epood\/toode\/vee-ja-tolmuimeja-wd6p-s-v-30-6-22-t-karcher\/#primaryimage"},"image":{"@id":"https:\/\/espak.ee\/epood\/toode\/vee-ja-tolmuimeja-wd6p-s-v-30-6-22-t-karcher\/#primaryimage"},"thumbnailUrl":"https:\/\/espak.ee\/epood\/wp-content\/uploads\/2022\/03\/wd6.jpg","datePublished":"2022-03-30T07:25:44+00:00","dateModified":"2024-03-23T02:09:02+00:00","breadcrumb":{"@id":"https:\/\/espak.ee\/epood\/toode\/vee-ja-tolmuimeja-wd6p-s-v-30-6-22-t-karcher\/#breadcrumb"},"inLanguage":"et","potentialAction":[{"@type":"ReadAction","target":["https:\/\/espak.ee\/epood\/toode\/vee-ja-tolmuimeja-wd6p-s-v-30-6-22-t-karcher\/"]}]},{"@type":"ImageObject","inLanguage":"et","@id":"https:\/\/espak.ee\/epood\/toode\/vee-ja-tolmuimeja-wd6p-s-v-30-6-22-t-karcher\/#primaryimage","url":"https:\/\/espak.ee\/epood\/wp-content\/uploads\/2022\/03\/wd6.jpg","contentUrl":"https:\/\/espak.ee\/epood\/wp-content\/uploads\/2022\/03\/wd6.jpg","width":1000,"height":1000},{"@type":"BreadcrumbList","@id":"https:\/\/espak.ee\/epood\/toode\/vee-ja-tolmuimeja-wd6p-s-v-30-6-22-t-karcher\/#breadcrumb","itemListElement":[{"@type":"ListItem","position":1,"name":"Home","item":"https:\/\/espak.ee\/epood\/"},{"@type":"ListItem","position":2,"name":"Tootevalik","item":"https:\/\/espak.ee\/epood\/tootevalik\/"},{"@type":"ListItem","position":3,"name":"VEE-JA TOLMUIMEJA WD6P S V-30\/6\/22\/T K\u00c4RCHER"}]},{"@type":"WebSite","@id":"https:\/\/espak.ee\/epood\/#website","url":"https:\/\/espak.ee\/epood\/","name":"Espak E-pood","description":"","potentialAction":[{"@type":"SearchAction","target":{"@type":"EntryPoint","urlTemplate":"https:\/\/espak.ee\/epood\/?s={search_term_string}"},"query-input":{"@type":"PropertyValueSpecification","valueRequired":true,"valueName":"search_term_string"}}],"inLanguage":"et"}]}},"_links":{"self":[{"href":"https:\/\/espak.ee\/epood\/wp-json\/wp\/v2\/product\/113806","targetHints":{"allow":["GET"]}}],"collection":[{"href":"https:\/\/espak.ee\/epood\/wp-json\/wp\/v2\/product"}],"about":[{"href":"https:\/\/espak.ee\/epood\/wp-json\/wp\/v2\/types\/product"}],"replies":[{"embeddable":true,"href":"https:\/\/espak.ee\/epood\/wp-json\/wp\/v2\/comments?post=113806"}],"wp:featuredmedia":[{"embeddable":true,"href":"https:\/\/espak.ee\/epood\/wp-json\/wp\/v2\/media\/114113"}],"wp:attachment":[{"href":"https:\/\/espak.ee\/epood\/wp-json\/wp\/v2\/media?parent=113806"}],"wp:term":[{"taxonomy":"product_brand","embeddable":true,"href":"https:\/\/espak.ee\/epood\/wp-json\/wp\/v2\/product_brand?post=113806"},{"taxonomy":"product_cat","embeddable":true,"href":"https:\/\/espak.ee\/epood\/wp-json\/wp\/v2\/product_cat?post=113806"},{"taxonomy":"product_tag","embeddable":true,"href":"https:\/\/espak.ee\/epood\/wp-json\/wp\/v2\/product_tag?post=113806"}],"curies":[{"name":"wp","href":"https:\/\/api.w.org\/{rel}","templated":true}]}}