{"id":113739,"date":"2022-03-30T04:46:27","date_gmt":"2022-03-30T04:46:27","guid":{"rendered":"https:\/\/espak.ee\/epood\/?post_type=product&#038;p=113739"},"modified":"2024-03-23T04:08:15","modified_gmt":"2024-03-23T02:08:15","slug":"aknapesur-wv6-plus-karcher","status":"publish","type":"product","link":"https:\/\/espak.ee\/epood\/toode\/aknapesur-wv6-plus-karcher\/","title":{"rendered":"AKNAPESUR WV6 PLUS K\u00c4RCHER"},"content":{"rendered":"<div class=\"row\"  id=\"row-8601227\">\n\n\t<div id=\"col-662734924\" class=\"col medium-9 small-12 large-9\"  >\n\t\t\t\t<div class=\"col-inner\"  >\n\t\t\t\n\t\t\t\n<h3>Aknapesur WV 6 Plus K\u00e4rcher<\/h3>\n<p>Veelgi paindlikumalt kasutatav ja innovaatilise kummiriba tehnoloogiaga: akutoitel t\u00f6\u00f6tav aknapesur WV 6 Plus peseb aknad kiiresti laitmatult puhtaks.<\/p>\n<div class=\"message-box relative\" style=\"padding-top:15px;padding-bottom:15px;\"><div class=\"message-box-bg-image bg-fill fill\" ><\/div><div class=\"message-box-bg-overlay bg-fill fill\" ><\/div><div class=\"container relative\"><div class=\"inner last-reset\">\n<div class=\"row align-middle align-center\"  id=\"row-855591418\">\n\n\t<div id=\"col-1163542036\" class=\"col small-12 large-12\"  >\n\t\t\t\t<div class=\"col-inner text-left\"  >\n\t\t\t\n\t\t\t\n<h4>Omadused<\/h4>\n<div class=\"row\"  id=\"row-193684228\">\n\n\t<div id=\"col-1843447169\" class=\"col medium-6 small-12 large-6\"  >\n\t\t\t\t<div class=\"col-inner\"  >\n\t\t\t\n\t\t\t\n<p><i class=\"fa fa-check fa-2x\"><\/i> <strong> Parandatud kummiriba tehnoloogia<\/strong><\/p>\n<p><i class=\"fa fa-check fa-2x\"><\/i> <strong> Aku eriti pikk t\u00f6\u00f6aeg<\/strong><\/p>\n\t\t<\/div>\n\t\t\t\t\n<style>\n#col-1843447169 > .col-inner {\n  margin: 0px 0px 15px 0px;\n}\n<\/style>\n\t<\/div>\n\n\t\n\n\t<div id=\"col-1608485874\" class=\"col medium-6 small-12 large-6\"  >\n\t\t\t\t<div class=\"col-inner\"  >\n\t\t\t\n\t\t\t\n<p><i class=\"fa fa-check fa-2x\"><\/i> <strong> Eemaldatav kummiriba<\/strong><\/p>\n\t\t<\/div>\n\t\t\t\t\n<style>\n#col-1608485874 > .col-inner {\n  margin: 0px 0px 15px 0px;\n}\n<\/style>\n\t<\/div>\n\n\t\n<\/div>\n\t\t<\/div>\n\t\t\t\t\t<\/div>\n\n\t\n<\/div>\n<\/div><\/div><\/div>\n\t<div id=\"gap-881432956\" class=\"gap-element clearfix\" style=\"display:block; height:auto;\">\n\t\t\n<style>\n#gap-881432956 {\n  padding-top: 30px;\n}\n<\/style>\n\t<\/div>\n\t\n<p>K\u00e4rcher t\u00f5hustas aknapesurit Window Vac taas ja t\u00f6\u00f6tas v\u00e4lja veelgi paindlikuma mudeli, mis on varustatud innovaatilise kummiriba tehnoloogiaga ja mille aku kestab kauem \u2013 WV 6 Plus.<br \/>\n Uus, pikem imemisriba v\u00f5imaldab vaid \u00fche liigutusega tervelt pinnalt liigse vedeliku eemaldada. Aknapesuri Window Vac kauakestev aku kestab 100 minutit, seega saate kauem pausideta t\u00f6\u00f6d teha. Puhastust\u00f6\u00f6d saab n\u00fc\u00fcd t\u00e4pselt planeerida, sest ekraanil kuvatakse aeg aku t\u00fchjaks saamiseni.<br \/>\nIntelligentne pihustuspudeli ja mikrokiudlapi kombinatsioon ja Window Vaci imemisfunktsioon tagavad &#8211; nagu ikka &#8211; \u00e4\u00e4rmiselt t\u00f5husa t\u00f6\u00f6 ja s\u00e4ravalt puhtad aknad &#8211; aknapinnale ei j\u00e4\u00e4 kuivanud veeniresid ega mustusej\u00e4\u00e4ke. K\u00e4rcheri ergonoomiline aknapesur WV 6 Plus muudab aknapesu ka v\u00e4ga h\u00fcgieeniliseks, sest te ei puutu ise otse musta veega kokku.<\/p>\n\t\t<\/div>\n\t\t\t\t\t<\/div>\n\n\t\n\n\t<div id=\"col-936315429\" class=\"col medium-3 small-12 large-3\"  >\n\t\t\t\t<div class=\"col-inner\"  >\n\t\t\t\n\t\t\t\n<h3>Toote informatsioon<\/h3>\n<p><a href=\"https:\/\/espak.ee\/epood\/wp-content\/uploads\/2022\/03\/1.633-510.0_PI_et_EE.pdf\"target=\"_blank\" rel=\"noopener noreferrer\"><i class=\"far fa-file-pdf\"><\/i> Toote info (PDF)<\/a><\/p>\n<h3>Kasutusjuhend<\/h3>\n<p><a href=\"https:\/\/espak.ee\/epood\/wp-content\/uploads\/2022\/03\/BTA-5597877-000-02.pdf\"target=\"_blank\" rel=\"noopener noreferrer\"><i class=\"far fa-file-pdf\"><\/i> Kasutusjuhend (PDF)<\/a><\/p>\n<h3>Ohutusalane teave<\/h3>\n<p><a href=\"https:\/\/espak.ee\/epood\/wp-content\/uploads\/2022\/03\/BTA-5603103-000-05.pdf\"target=\"_blank\" rel=\"noopener noreferrer\"><i class=\"far fa-file-pdf\"><\/i> Ohutusalane teave (PDF)<\/a><\/p>\n<p><strong>\u00dcksikasjalikuma n\u00f5u saamiseks v\u00f5tke \u00fchendust:<br \/><\/strong>Espak AS<br \/>Viadukti 42<br \/>11313<br \/>Tallinn<br \/>+372 6 512333<\/p>\n\t\t<\/div>\n\t\t\t\t\t<\/div>\n\n\t\n<\/div>\n","protected":false},"excerpt":{"rendered":"","protected":false},"featured_media":114165,"comment_status":"closed","ping_status":"closed","template":"","meta":[],"product_brand":[],"product_cat":[4402,2680,2785,2679],"product_tag":[],"class_list":{"0":"post-113739","1":"product","2":"type-product","3":"status-publish","4":"has-post-thumbnail","6":"product_cat-aknapesurid","7":"product_cat-elektritooriistad","8":"product_cat-koristusseadmed","9":"product_cat-tooriistad","10":"pa_kaubamark-karcher","12":"first","13":"outofstock","14":"sale","15":"taxable","16":"shipping-taxable","17":"purchasable","18":"product-type-simple"},"yoast_head":"<!-- This site is optimized with the Yoast SEO plugin v26.9 - https:\/\/yoast.com\/product\/yoast-seo-wordpress\/ -->\n<title>AKNAPESUR WV6 PLUS K\u00c4RCHER - Espak E-pood<\/title>\n<meta name=\"robots\" content=\"index, follow, max-snippet:-1, max-image-preview:large, max-video-preview:-1\" \/>\n<link rel=\"canonical\" href=\"https:\/\/espak.ee\/epood\/toode\/aknapesur-wv6-plus-karcher\/\" \/>\n<meta property=\"og:locale\" content=\"et_EE\" \/>\n<meta property=\"og:type\" content=\"article\" \/>\n<meta property=\"og:title\" content=\"AKNAPESUR WV6 PLUS K\u00c4RCHER - Espak E-pood\" \/>\n<meta property=\"og:url\" content=\"https:\/\/espak.ee\/epood\/toode\/aknapesur-wv6-plus-karcher\/\" \/>\n<meta property=\"og:site_name\" content=\"Espak E-pood\" \/>\n<meta property=\"article:modified_time\" content=\"2024-03-23T02:08:15+00:00\" \/>\n<meta property=\"og:image\" content=\"https:\/\/espak.ee\/epood\/wp-content\/uploads\/2022\/03\/wv6.jpg\" \/>\n\t<meta property=\"og:image:width\" content=\"1000\" \/>\n\t<meta property=\"og:image:height\" content=\"1000\" \/>\n\t<meta property=\"og:image:type\" content=\"image\/jpeg\" \/>\n<meta name=\"twitter:card\" content=\"summary_large_image\" \/>\n<meta name=\"twitter:label1\" content=\"Est. reading time\" \/>\n\t<meta name=\"twitter:data1\" content=\"1 minut\" \/>\n<script type=\"application\/ld+json\" class=\"yoast-schema-graph\">{\"@context\":\"https:\/\/schema.org\",\"@graph\":[{\"@type\":\"WebPage\",\"@id\":\"https:\/\/espak.ee\/epood\/toode\/aknapesur-wv6-plus-karcher\/\",\"url\":\"https:\/\/espak.ee\/epood\/toode\/aknapesur-wv6-plus-karcher\/\",\"name\":\"AKNAPESUR WV6 PLUS K\u00c4RCHER - Espak E-pood\",\"isPartOf\":{\"@id\":\"https:\/\/espak.ee\/epood\/#website\"},\"primaryImageOfPage\":{\"@id\":\"https:\/\/espak.ee\/epood\/toode\/aknapesur-wv6-plus-karcher\/#primaryimage\"},\"image\":{\"@id\":\"https:\/\/espak.ee\/epood\/toode\/aknapesur-wv6-plus-karcher\/#primaryimage\"},\"thumbnailUrl\":\"https:\/\/espak.ee\/epood\/wp-content\/uploads\/2022\/03\/wv6.jpg\",\"datePublished\":\"2022-03-30T04:46:27+00:00\",\"dateModified\":\"2024-03-23T02:08:15+00:00\",\"breadcrumb\":{\"@id\":\"https:\/\/espak.ee\/epood\/toode\/aknapesur-wv6-plus-karcher\/#breadcrumb\"},\"inLanguage\":\"et\",\"potentialAction\":[{\"@type\":\"ReadAction\",\"target\":[\"https:\/\/espak.ee\/epood\/toode\/aknapesur-wv6-plus-karcher\/\"]}]},{\"@type\":\"ImageObject\",\"inLanguage\":\"et\",\"@id\":\"https:\/\/espak.ee\/epood\/toode\/aknapesur-wv6-plus-karcher\/#primaryimage\",\"url\":\"https:\/\/espak.ee\/epood\/wp-content\/uploads\/2022\/03\/wv6.jpg\",\"contentUrl\":\"https:\/\/espak.ee\/epood\/wp-content\/uploads\/2022\/03\/wv6.jpg\",\"width\":1000,\"height\":1000},{\"@type\":\"BreadcrumbList\",\"@id\":\"https:\/\/espak.ee\/epood\/toode\/aknapesur-wv6-plus-karcher\/#breadcrumb\",\"itemListElement\":[{\"@type\":\"ListItem\",\"position\":1,\"name\":\"Home\",\"item\":\"https:\/\/espak.ee\/epood\/\"},{\"@type\":\"ListItem\",\"position\":2,\"name\":\"Tootevalik\",\"item\":\"https:\/\/espak.ee\/epood\/tootevalik\/\"},{\"@type\":\"ListItem\",\"position\":3,\"name\":\"AKNAPESUR WV6 PLUS K\u00c4RCHER\"}]},{\"@type\":\"WebSite\",\"@id\":\"https:\/\/espak.ee\/epood\/#website\",\"url\":\"https:\/\/espak.ee\/epood\/\",\"name\":\"Espak E-pood\",\"description\":\"\",\"potentialAction\":[{\"@type\":\"SearchAction\",\"target\":{\"@type\":\"EntryPoint\",\"urlTemplate\":\"https:\/\/espak.ee\/epood\/?s={search_term_string}\"},\"query-input\":{\"@type\":\"PropertyValueSpecification\",\"valueRequired\":true,\"valueName\":\"search_term_string\"}}],\"inLanguage\":\"et\"}]}<\/script>\n<!-- \/ Yoast SEO plugin. -->","yoast_head_json":{"title":"AKNAPESUR WV6 PLUS K\u00c4RCHER - Espak E-pood","robots":{"index":"index","follow":"follow","max-snippet":"max-snippet:-1","max-image-preview":"max-image-preview:large","max-video-preview":"max-video-preview:-1"},"canonical":"https:\/\/espak.ee\/epood\/toode\/aknapesur-wv6-plus-karcher\/","og_locale":"et_EE","og_type":"article","og_title":"AKNAPESUR WV6 PLUS K\u00c4RCHER - Espak E-pood","og_url":"https:\/\/espak.ee\/epood\/toode\/aknapesur-wv6-plus-karcher\/","og_site_name":"Espak E-pood","article_modified_time":"2024-03-23T02:08:15+00:00","og_image":[{"width":1000,"height":1000,"url":"https:\/\/espak.ee\/epood\/wp-content\/uploads\/2022\/03\/wv6.jpg","type":"image\/jpeg"}],"twitter_card":"summary_large_image","twitter_misc":{"Est. reading time":"1 minut"},"schema":{"@context":"https:\/\/schema.org","@graph":[{"@type":"WebPage","@id":"https:\/\/espak.ee\/epood\/toode\/aknapesur-wv6-plus-karcher\/","url":"https:\/\/espak.ee\/epood\/toode\/aknapesur-wv6-plus-karcher\/","name":"AKNAPESUR WV6 PLUS K\u00c4RCHER - Espak E-pood","isPartOf":{"@id":"https:\/\/espak.ee\/epood\/#website"},"primaryImageOfPage":{"@id":"https:\/\/espak.ee\/epood\/toode\/aknapesur-wv6-plus-karcher\/#primaryimage"},"image":{"@id":"https:\/\/espak.ee\/epood\/toode\/aknapesur-wv6-plus-karcher\/#primaryimage"},"thumbnailUrl":"https:\/\/espak.ee\/epood\/wp-content\/uploads\/2022\/03\/wv6.jpg","datePublished":"2022-03-30T04:46:27+00:00","dateModified":"2024-03-23T02:08:15+00:00","breadcrumb":{"@id":"https:\/\/espak.ee\/epood\/toode\/aknapesur-wv6-plus-karcher\/#breadcrumb"},"inLanguage":"et","potentialAction":[{"@type":"ReadAction","target":["https:\/\/espak.ee\/epood\/toode\/aknapesur-wv6-plus-karcher\/"]}]},{"@type":"ImageObject","inLanguage":"et","@id":"https:\/\/espak.ee\/epood\/toode\/aknapesur-wv6-plus-karcher\/#primaryimage","url":"https:\/\/espak.ee\/epood\/wp-content\/uploads\/2022\/03\/wv6.jpg","contentUrl":"https:\/\/espak.ee\/epood\/wp-content\/uploads\/2022\/03\/wv6.jpg","width":1000,"height":1000},{"@type":"BreadcrumbList","@id":"https:\/\/espak.ee\/epood\/toode\/aknapesur-wv6-plus-karcher\/#breadcrumb","itemListElement":[{"@type":"ListItem","position":1,"name":"Home","item":"https:\/\/espak.ee\/epood\/"},{"@type":"ListItem","position":2,"name":"Tootevalik","item":"https:\/\/espak.ee\/epood\/tootevalik\/"},{"@type":"ListItem","position":3,"name":"AKNAPESUR WV6 PLUS K\u00c4RCHER"}]},{"@type":"WebSite","@id":"https:\/\/espak.ee\/epood\/#website","url":"https:\/\/espak.ee\/epood\/","name":"Espak E-pood","description":"","potentialAction":[{"@type":"SearchAction","target":{"@type":"EntryPoint","urlTemplate":"https:\/\/espak.ee\/epood\/?s={search_term_string}"},"query-input":{"@type":"PropertyValueSpecification","valueRequired":true,"valueName":"search_term_string"}}],"inLanguage":"et"}]}},"_links":{"self":[{"href":"https:\/\/espak.ee\/epood\/wp-json\/wp\/v2\/product\/113739","targetHints":{"allow":["GET"]}}],"collection":[{"href":"https:\/\/espak.ee\/epood\/wp-json\/wp\/v2\/product"}],"about":[{"href":"https:\/\/espak.ee\/epood\/wp-json\/wp\/v2\/types\/product"}],"replies":[{"embeddable":true,"href":"https:\/\/espak.ee\/epood\/wp-json\/wp\/v2\/comments?post=113739"}],"wp:featuredmedia":[{"embeddable":true,"href":"https:\/\/espak.ee\/epood\/wp-json\/wp\/v2\/media\/114165"}],"wp:attachment":[{"href":"https:\/\/espak.ee\/epood\/wp-json\/wp\/v2\/media?parent=113739"}],"wp:term":[{"taxonomy":"product_brand","embeddable":true,"href":"https:\/\/espak.ee\/epood\/wp-json\/wp\/v2\/product_brand?post=113739"},{"taxonomy":"product_cat","embeddable":true,"href":"https:\/\/espak.ee\/epood\/wp-json\/wp\/v2\/product_cat?post=113739"},{"taxonomy":"product_tag","embeddable":true,"href":"https:\/\/espak.ee\/epood\/wp-json\/wp\/v2\/product_tag?post=113739"}],"curies":[{"name":"wp","href":"https:\/\/api.w.org\/{rel}","templated":true}]}}