{"id":113692,"date":"2022-03-30T01:21:02","date_gmt":"2022-03-30T01:21:02","guid":{"rendered":"https:\/\/espak.ee\/epood\/?post_type=product&#038;p=113692"},"modified":"2026-03-22T11:42:26","modified_gmt":"2026-03-22T09:42:26","slug":"kivipindade-puhastusvahend-rm611-1l-karcher","status":"publish","type":"product","link":"https:\/\/espak.ee\/epood\/toode\/kivipindade-puhastusvahend-rm611-1l-karcher\/","title":{"rendered":"KIVIPINDADE PUHASTUSVAHEND RM611 1L K\u00c4RCHER"},"content":{"rendered":"<div class=\"row\"  id=\"row-1226579370\">\n\n\t<div id=\"col-1956624179\" class=\"col medium-9 small-12 large-9\"  >\n\t\t\t\t<div class=\"col-inner\"  >\n\t\t\t\n\t\t\t\n<h3>Kivipindade puhastusvahend RM611 K\u00e4rcher 1L<\/h3>\n<p>V\u00f5imas kivi- ja t\u00e4navakivide puhastusvahend, millel on unikaalne kolm-\u00fches koostis, mis puhastab eriti t\u00f5husalt t\u00e4nu aktiivsele mustust lagundavale ainele, pakub efektiivset kaitset uuesti m\u00e4\u00e4rdumise ning tuule- ja ilmastikutingimuste eest. \u00c4\u00e4rmiselt t\u00f5hus puhastus, hooldus ja kaitse k\u00f5ik \u00fchest tootest. Toodet saab kasutada kiviterrassidel, seintel ja fassaadidel k\u00f5ikjal majas ja aias.<br \/>\n<div class=\"is-divider divider clearfix\" ><\/div>\n&#8211; Eemaldab t\u00f5husalt t\u00e4navatolmu ja heitmetest tekkinud mustuse, samuti ka vetikad ja seened kivipindadelt ja fassaadidelt<br \/>\n&#8211; Hooldab ja kaitseb kivipindu tulle ja ilmastikum\u00f5jude eest<br \/>\n&#8211; V\u00f5ib kasutada alumiiniumpindadel<br \/>\n&#8211; Kiire ja t\u00f5hus puhastus koos K\u00e4rcheri k\u00f5rgsurvepesuritega<br \/>\n&#8211; Plug \u2018n\u2019 Clean s\u00fcsteem on k\u00f5ige lihtsam ja kiirem viis kanda puhastusvahendit K\u00e4rcheri survepesuri abil pinnale<br \/>\n&#8211; Vastavalt OECD eeskirjadele sisaldab biolagunevaid tensiide<br \/>\n&#8211; Kasutusvalmis puhastusvahend<br \/>\n\t<div id=\"gap-133185373\" class=\"gap-element clearfix\" style=\"display:block; height:auto;\">\n\t\t\n<style>\n#gap-133185373 {\n  padding-top: 30px;\n}\n<\/style>\n\t<\/div>\n\t\n<strong>Hoiatused:<\/strong><br \/>\nHoida lastele k\u00e4ttesaamatus kohas.<\/p>\n\t\t<\/div>\n\t\t\t\t\t<\/div>\n\n\t\n\n\t<div id=\"col-1082976877\" class=\"col medium-3 small-12 large-3\"  >\n\t\t\t\t<div class=\"col-inner\"  >\n\t\t\t\n\t\t\t\n<h3>Toote informatsioon<\/h3>\n<p><a href=\"https:\/\/espak.ee\/epood\/wp-content\/uploads\/2022\/03\/0.011-284.0_PI_et_EE.pdf\"target=\"_blank\" rel=\"noopener noreferrer\"><i class=\"far fa-file-pdf\"><\/i> Toote info (PDF)<\/a><\/p>\n<h3>Ohutuskaart <\/h3>\n<p><a href=\"https:\/\/espak.ee\/epood\/wp-content\/uploads\/2022\/03\/6.295-765.0_SDB_et_EE.pdf\"target=\"_blank\" rel=\"noopener noreferrer\"><i class=\"far fa-file-pdf\"><\/i> Ohutuskaart (PDF)<\/a><\/p>\n<div class=\"is-divider divider clearfix\" ><\/div>\n<p><strong>\u00dcksikasjalikuma n\u00f5u saamiseks v\u00f5tke \u00fchendust:<br \/><\/strong>Espak AS<br \/>Viadukti 42<br \/>11313<br \/>Tallinn<br \/>+372 6 512333<\/p>\n\t\t<\/div>\n\t\t\t\t\t<\/div>\n\n\t\n<\/div>\n","protected":false},"excerpt":{"rendered":"","protected":false},"featured_media":113761,"comment_status":"closed","ping_status":"closed","template":"","meta":[],"product_brand":[],"product_cat":[2680,2785,4399,2679],"product_tag":[],"class_list":{"0":"post-113692","1":"product","2":"type-product","3":"status-publish","4":"has-post-thumbnail","6":"product_cat-elektritooriistad","7":"product_cat-koristusseadmed","8":"product_cat-puhastusained-survepesuritele","9":"product_cat-tooriistad","10":"pa_kaubamark-karcher","12":"first","13":"outofstock","14":"sale","15":"taxable","16":"shipping-taxable","17":"purchasable","18":"product-type-simple"},"yoast_head":"<!-- This site is optimized with the Yoast SEO plugin v26.9 - https:\/\/yoast.com\/product\/yoast-seo-wordpress\/ -->\n<title>KIVIPINDADE PUHASTUSVAHEND RM611 1L K\u00c4RCHER - Espak E-pood<\/title>\n<meta name=\"robots\" content=\"index, follow, max-snippet:-1, max-image-preview:large, max-video-preview:-1\" \/>\n<link rel=\"canonical\" href=\"https:\/\/espak.ee\/epood\/toode\/kivipindade-puhastusvahend-rm611-1l-karcher\/\" \/>\n<meta property=\"og:locale\" content=\"et_EE\" \/>\n<meta property=\"og:type\" content=\"article\" \/>\n<meta property=\"og:title\" content=\"KIVIPINDADE PUHASTUSVAHEND RM611 1L K\u00c4RCHER - Espak E-pood\" \/>\n<meta property=\"og:url\" content=\"https:\/\/espak.ee\/epood\/toode\/kivipindade-puhastusvahend-rm611-1l-karcher\/\" \/>\n<meta property=\"og:site_name\" content=\"Espak E-pood\" \/>\n<meta property=\"article:modified_time\" content=\"2026-03-22T09:42:26+00:00\" \/>\n<meta property=\"og:image\" content=\"https:\/\/espak.ee\/epood\/wp-content\/uploads\/2022\/03\/rm611-2.jpg\" \/>\n\t<meta property=\"og:image:width\" content=\"1000\" \/>\n\t<meta property=\"og:image:height\" content=\"1000\" \/>\n\t<meta property=\"og:image:type\" content=\"image\/jpeg\" \/>\n<meta name=\"twitter:card\" content=\"summary_large_image\" \/>\n<meta name=\"twitter:label1\" content=\"Est. reading time\" \/>\n\t<meta name=\"twitter:data1\" content=\"1 minut\" \/>\n<script type=\"application\/ld+json\" class=\"yoast-schema-graph\">{\"@context\":\"https:\/\/schema.org\",\"@graph\":[{\"@type\":\"WebPage\",\"@id\":\"https:\/\/espak.ee\/epood\/toode\/kivipindade-puhastusvahend-rm611-1l-karcher\/\",\"url\":\"https:\/\/espak.ee\/epood\/toode\/kivipindade-puhastusvahend-rm611-1l-karcher\/\",\"name\":\"KIVIPINDADE PUHASTUSVAHEND RM611 1L K\u00c4RCHER - Espak E-pood\",\"isPartOf\":{\"@id\":\"https:\/\/espak.ee\/epood\/#website\"},\"primaryImageOfPage\":{\"@id\":\"https:\/\/espak.ee\/epood\/toode\/kivipindade-puhastusvahend-rm611-1l-karcher\/#primaryimage\"},\"image\":{\"@id\":\"https:\/\/espak.ee\/epood\/toode\/kivipindade-puhastusvahend-rm611-1l-karcher\/#primaryimage\"},\"thumbnailUrl\":\"https:\/\/espak.ee\/epood\/wp-content\/uploads\/2022\/03\/rm611-2.jpg\",\"datePublished\":\"2022-03-30T01:21:02+00:00\",\"dateModified\":\"2026-03-22T09:42:26+00:00\",\"breadcrumb\":{\"@id\":\"https:\/\/espak.ee\/epood\/toode\/kivipindade-puhastusvahend-rm611-1l-karcher\/#breadcrumb\"},\"inLanguage\":\"et\",\"potentialAction\":[{\"@type\":\"ReadAction\",\"target\":[\"https:\/\/espak.ee\/epood\/toode\/kivipindade-puhastusvahend-rm611-1l-karcher\/\"]}]},{\"@type\":\"ImageObject\",\"inLanguage\":\"et\",\"@id\":\"https:\/\/espak.ee\/epood\/toode\/kivipindade-puhastusvahend-rm611-1l-karcher\/#primaryimage\",\"url\":\"https:\/\/espak.ee\/epood\/wp-content\/uploads\/2022\/03\/rm611-2.jpg\",\"contentUrl\":\"https:\/\/espak.ee\/epood\/wp-content\/uploads\/2022\/03\/rm611-2.jpg\",\"width\":1000,\"height\":1000},{\"@type\":\"BreadcrumbList\",\"@id\":\"https:\/\/espak.ee\/epood\/toode\/kivipindade-puhastusvahend-rm611-1l-karcher\/#breadcrumb\",\"itemListElement\":[{\"@type\":\"ListItem\",\"position\":1,\"name\":\"Home\",\"item\":\"https:\/\/espak.ee\/epood\/\"},{\"@type\":\"ListItem\",\"position\":2,\"name\":\"Tootevalik\",\"item\":\"https:\/\/espak.ee\/epood\/tootevalik\/\"},{\"@type\":\"ListItem\",\"position\":3,\"name\":\"KIVIPINDADE PUHASTUSVAHEND RM611 1L K\u00c4RCHER\"}]},{\"@type\":\"WebSite\",\"@id\":\"https:\/\/espak.ee\/epood\/#website\",\"url\":\"https:\/\/espak.ee\/epood\/\",\"name\":\"Espak E-pood\",\"description\":\"\",\"potentialAction\":[{\"@type\":\"SearchAction\",\"target\":{\"@type\":\"EntryPoint\",\"urlTemplate\":\"https:\/\/espak.ee\/epood\/?s={search_term_string}\"},\"query-input\":{\"@type\":\"PropertyValueSpecification\",\"valueRequired\":true,\"valueName\":\"search_term_string\"}}],\"inLanguage\":\"et\"}]}<\/script>\n<!-- \/ Yoast SEO plugin. -->","yoast_head_json":{"title":"KIVIPINDADE PUHASTUSVAHEND RM611 1L K\u00c4RCHER - Espak E-pood","robots":{"index":"index","follow":"follow","max-snippet":"max-snippet:-1","max-image-preview":"max-image-preview:large","max-video-preview":"max-video-preview:-1"},"canonical":"https:\/\/espak.ee\/epood\/toode\/kivipindade-puhastusvahend-rm611-1l-karcher\/","og_locale":"et_EE","og_type":"article","og_title":"KIVIPINDADE PUHASTUSVAHEND RM611 1L K\u00c4RCHER - Espak E-pood","og_url":"https:\/\/espak.ee\/epood\/toode\/kivipindade-puhastusvahend-rm611-1l-karcher\/","og_site_name":"Espak E-pood","article_modified_time":"2026-03-22T09:42:26+00:00","og_image":[{"width":1000,"height":1000,"url":"https:\/\/espak.ee\/epood\/wp-content\/uploads\/2022\/03\/rm611-2.jpg","type":"image\/jpeg"}],"twitter_card":"summary_large_image","twitter_misc":{"Est. reading time":"1 minut"},"schema":{"@context":"https:\/\/schema.org","@graph":[{"@type":"WebPage","@id":"https:\/\/espak.ee\/epood\/toode\/kivipindade-puhastusvahend-rm611-1l-karcher\/","url":"https:\/\/espak.ee\/epood\/toode\/kivipindade-puhastusvahend-rm611-1l-karcher\/","name":"KIVIPINDADE PUHASTUSVAHEND RM611 1L K\u00c4RCHER - Espak E-pood","isPartOf":{"@id":"https:\/\/espak.ee\/epood\/#website"},"primaryImageOfPage":{"@id":"https:\/\/espak.ee\/epood\/toode\/kivipindade-puhastusvahend-rm611-1l-karcher\/#primaryimage"},"image":{"@id":"https:\/\/espak.ee\/epood\/toode\/kivipindade-puhastusvahend-rm611-1l-karcher\/#primaryimage"},"thumbnailUrl":"https:\/\/espak.ee\/epood\/wp-content\/uploads\/2022\/03\/rm611-2.jpg","datePublished":"2022-03-30T01:21:02+00:00","dateModified":"2026-03-22T09:42:26+00:00","breadcrumb":{"@id":"https:\/\/espak.ee\/epood\/toode\/kivipindade-puhastusvahend-rm611-1l-karcher\/#breadcrumb"},"inLanguage":"et","potentialAction":[{"@type":"ReadAction","target":["https:\/\/espak.ee\/epood\/toode\/kivipindade-puhastusvahend-rm611-1l-karcher\/"]}]},{"@type":"ImageObject","inLanguage":"et","@id":"https:\/\/espak.ee\/epood\/toode\/kivipindade-puhastusvahend-rm611-1l-karcher\/#primaryimage","url":"https:\/\/espak.ee\/epood\/wp-content\/uploads\/2022\/03\/rm611-2.jpg","contentUrl":"https:\/\/espak.ee\/epood\/wp-content\/uploads\/2022\/03\/rm611-2.jpg","width":1000,"height":1000},{"@type":"BreadcrumbList","@id":"https:\/\/espak.ee\/epood\/toode\/kivipindade-puhastusvahend-rm611-1l-karcher\/#breadcrumb","itemListElement":[{"@type":"ListItem","position":1,"name":"Home","item":"https:\/\/espak.ee\/epood\/"},{"@type":"ListItem","position":2,"name":"Tootevalik","item":"https:\/\/espak.ee\/epood\/tootevalik\/"},{"@type":"ListItem","position":3,"name":"KIVIPINDADE PUHASTUSVAHEND RM611 1L K\u00c4RCHER"}]},{"@type":"WebSite","@id":"https:\/\/espak.ee\/epood\/#website","url":"https:\/\/espak.ee\/epood\/","name":"Espak E-pood","description":"","potentialAction":[{"@type":"SearchAction","target":{"@type":"EntryPoint","urlTemplate":"https:\/\/espak.ee\/epood\/?s={search_term_string}"},"query-input":{"@type":"PropertyValueSpecification","valueRequired":true,"valueName":"search_term_string"}}],"inLanguage":"et"}]}},"_links":{"self":[{"href":"https:\/\/espak.ee\/epood\/wp-json\/wp\/v2\/product\/113692","targetHints":{"allow":["GET"]}}],"collection":[{"href":"https:\/\/espak.ee\/epood\/wp-json\/wp\/v2\/product"}],"about":[{"href":"https:\/\/espak.ee\/epood\/wp-json\/wp\/v2\/types\/product"}],"replies":[{"embeddable":true,"href":"https:\/\/espak.ee\/epood\/wp-json\/wp\/v2\/comments?post=113692"}],"wp:featuredmedia":[{"embeddable":true,"href":"https:\/\/espak.ee\/epood\/wp-json\/wp\/v2\/media\/113761"}],"wp:attachment":[{"href":"https:\/\/espak.ee\/epood\/wp-json\/wp\/v2\/media?parent=113692"}],"wp:term":[{"taxonomy":"product_brand","embeddable":true,"href":"https:\/\/espak.ee\/epood\/wp-json\/wp\/v2\/product_brand?post=113692"},{"taxonomy":"product_cat","embeddable":true,"href":"https:\/\/espak.ee\/epood\/wp-json\/wp\/v2\/product_cat?post=113692"},{"taxonomy":"product_tag","embeddable":true,"href":"https:\/\/espak.ee\/epood\/wp-json\/wp\/v2\/product_tag?post=113692"}],"curies":[{"name":"wp","href":"https:\/\/api.w.org\/{rel}","templated":true}]}}