{"id":113573,"date":"2022-03-29T07:28:20","date_gmt":"2022-03-29T07:28:20","guid":{"rendered":"https:\/\/espak.ee\/epood\/?post_type=product&#038;p=113573"},"modified":"2024-03-23T04:10:48","modified_gmt":"2024-03-23T02:10:48","slug":"robotmuruniiduk-gardena-sileno-minimo-500m2","status":"publish","type":"product","link":"https:\/\/espak.ee\/epood\/toode\/robotmuruniiduk-gardena-sileno-minimo-500m2\/","title":{"rendered":"ROBOTMURUNIIDUK GARDENA SILENO MINIMO 500M2"},"content":{"rendered":"<div class=\"row\"  id=\"row-274403324\">\n\n\t<div id=\"col-2081194293\" class=\"col medium-9 small-12 large-9\"  >\n\t\t\t\t<div class=\"col-inner\"  >\n\t\t\t\n\t\t\t\n<h2>Robotmuruniiduk Gardena Sileno Minimo 500m2<\/h2>\n<div class=\"message-box relative\" style=\"padding-top:15px;padding-bottom:15px;\"><div class=\"message-box-bg-image bg-fill fill\" ><\/div><div class=\"message-box-bg-overlay bg-fill fill\" ><\/div><div class=\"container relative\"><div class=\"inner last-reset\">\n<div class=\"row align-middle align-center\"  id=\"row-1685258123\">\n\n\t<div id=\"col-77990540\" class=\"col small-12 large-12\"  >\n\t\t\t\t<div class=\"col-inner text-left\"  >\n\t\t\t\n\t\t\t\n<h4>Omadused<\/h4>\n<div class=\"row\"  id=\"row-1291975022\">\n\n\t<div id=\"col-1884101934\" class=\"col medium-6 small-12 large-6\"  >\n\t\t\t\t<div class=\"col-inner\"  >\n\t\t\t\n\t\t\t\n<p><i class=\"fa fa-check fa-2x\"><\/i> <strong> Bluetooth\u00ae-\u00fchendus<\/strong><\/p>\n<p><i class=\"fa fa-check fa-2x\"><\/i> <strong> Parem navigeerimine, eriti t\u00e4pne<\/strong><\/p>\n\t\t<\/div>\n\t\t\t\t\n<style>\n#col-1884101934 > .col-inner {\n  margin: 0px 0px 15px 0px;\n}\n<\/style>\n\t<\/div>\n\n\t\n\n\t<div id=\"col-159372935\" class=\"col medium-6 small-12 large-6\"  >\n\t\t\t\t<div class=\"col-inner\"  >\n\t\t\t\n\t\t\t\n<p><i class=\"fa fa-check fa-2x\"><\/i> <strong> Iga ilmaga<\/strong><\/p>\n<p><i class=\"fa fa-check fa-2x\"><\/i> <strong> Ideaalne v\u00e4ikeste ja keerukate muruplatside jaoks<\/strong><\/p>\n\t\t<\/div>\n\t\t\t\t\n<style>\n#col-159372935 > .col-inner {\n  margin: 0px 0px 15px 0px;\n}\n<\/style>\n\t<\/div>\n\n\t\n<\/div>\n\t\t<\/div>\n\t\t\t\t\t<\/div>\n\n\t\n<\/div>\n<\/div><\/div><\/div>\n\t<div id=\"gap-863871844\" class=\"gap-element clearfix\" style=\"display:block; height:auto;\">\n\t\t\n<style>\n#gap-863871844 {\n  padding-top: 30px;\n}\n<\/style>\n\t<\/div>\n\t\n<p><strong>Kirjeldus:<\/strong><br \/>\nV\u00f5imas robotniiduk v\u00e4ikese suurusega muru jaoks.<br \/>\nVaikne, mitmek\u00fclgne ja intelligentne v\u00e4ike aiaabiline &#8211; see on GARDENA robotniiduk SILENO minimo 500 m\u00b2. SILENO minimo sobib ideaalselt v\u00e4ikeste muruplatside jaoks, \u00fchendades suure j\u00f5udluse ja t\u00e4psuse mugava niitmisega. Alustame! V\u00f5tke oma nutitelefon k\u00e4tte ja sisestage GARDENA Bluetooth\u00ae rakenduse abil muru suurus, soovitud niitmisp\u00e4evad ja eelistatud algusaeg. Rakendus GARDENA Bluetooth\u00ae juhendab teid samm-sammult intuitiivselt l\u00e4bi esmase installimise. Teie robotniiduk korraldab ajakava ja on valmis niitmiseks. SILENO minimod on lihtne juhtida Bluetooth\u00ae-i kaudu kuni 10 m kauguselt. Teie niidurobot t\u00f6\u00f6tab v\u00e4lja optimaalse rohu l\u00f5ikamise aja ja GARDENA Bluetooth\u00ae rakendus kasutab oma planeerimisabilist, et aidata teil oma aeda korras hoida. T\u00e4nu eriti vaiksele mootorile on sellel niidukil oma klassi parim m\u00fcratase vaid 57 dB (A). Teie ja teie naabrid saavad aias rahulikult l\u00f5\u00f5gastuda, isegi kui teie robot t\u00f6\u00f6tab. CorridorCut juhib robotniidukit, kui see l\u00f5ikab kitsastes kohtades ja kitsastes nurkades, mille laius on vaid 60 sentimeetrit. CorridorCut navigeerib isegi teie robotniidukil keerukatest ummikutest v\u00e4lja. SensorControli juhendamisel otsustab robot ise, kui tihti teie muru vajab l\u00f5igata, asudes teele t\u00e4pselt \u00f5igel sagedusel vastavalt rohu kasvule. Teie nutikas v\u00e4ike abistaja l\u00f5ikab muru v\u00f5imalikult t\u00f5husalt. Rakendused Auto Weather ja Terrain aitavad t\u00f6\u00f6kal SILENO minimol niita muru iseseisvalt, olenemata ilmast, vihmast v\u00f5i muudest teguridest. Smart robotniiduk m\u00e4rkab, kui maa on k\u00fclmunud v\u00f5i liiga h\u00e4rmas ja robot ootab oma programmi peatamisega, kuni see on sulanud. Piirkaabel n\u00e4itab SILENO minimole aia pinda, mida tuleb niita. Samamoodi suunab juhtkaabel robotniiduki usaldusv\u00e4\u00e4rselt ja t\u00e4ielikult automaatselt \u00fcmber k\u00f5igi niitmisalade. Teie muruniidukil ei ole probleeme kitsastest kohtadest l\u00e4bi minemise ja isegi kuni 25-protsendiliste n\u00f5lvade v\u00f5i kallakutega t\u00f6\u00f6tamisel. Kui t\u00f6\u00f6 on tehtud, l\u00e4heb t\u00f6\u00f6kas robo-aednik tagasi teenitud laadimiseks koju laadimisjaama. See niidab t\u00e4iesti autonoomselt, andes teile rohkem aega keskenduda aias armastatud asjade tegemisele. SILENO minimot saab aiavoolikuga h\u00f5lpsasti puhastada, see ei saa olla lihtsam. Nautige SILENO minimo abil aias veedetud aega, istuge lihtsalt maha, l\u00f5\u00f5gastuge ja laske v\u00e4ikesel robotniidukil enda jaoks rasket t\u00f6\u00f6d teha. Teie muru n\u00e4eb SILENO minimo: intelligentne robotniiduk alati imeliselt v\u00e4lja hooldatud. SILENO. <\/p>\n\t\t<\/div>\n\t\t\t\t\t<\/div>\n\n\t\n\n\t<div id=\"col-1346729378\" class=\"col medium-3 small-12 large-3\"  >\n\t\t\t\t<div class=\"col-inner\"  >\n\t\t\t\n\t\t\t\n\t<div id=\"gap-1480681954\" class=\"gap-element clearfix\" style=\"display:block; height:auto;\">\n\t\t\n<style>\n#gap-1480681954 {\n  padding-top: 30px;\n}\n<\/style>\n\t<\/div>\n\t\n<div class=\"is-divider divider clearfix\" ><\/div>\n<p><strong>\u00dcksikasjalikuma n\u00f5u saamiseks v\u00f5tke \u00fchendust:<br \/><\/strong>Espak AS<br \/>Viadukti 42<br \/>11313<br \/>Tallinn<br \/>+372 6 512333<\/p>\n<div class=\"is-divider divider clearfix\" ><\/div>\n\t\t<\/div>\n\t\t\t\t\t<\/div>\n\n\t\n<\/div>\n","protected":false},"excerpt":{"rendered":"","protected":false},"featured_media":135343,"comment_status":"closed","ping_status":"closed","template":"","meta":[],"product_brand":[],"product_cat":[2789,2788,2790,3118],"product_tag":[],"class_list":{"0":"post-113573","1":"product","2":"type-product","3":"status-publish","4":"has-post-thumbnail","6":"product_cat-aiatarbed","7":"product_cat-aiatarbed-ja-kodukaubad","8":"product_cat-aiatehnika","9":"product_cat-iseliikuvad-muruniidukid","10":"pa_kaubamark-husqvarna-eesti-ou","12":"first","13":"instock","14":"sale","15":"taxable","16":"shipping-taxable","17":"purchasable","18":"product-type-simple"},"yoast_head":"<!-- This site is optimized with the Yoast SEO plugin v26.9 - https:\/\/yoast.com\/product\/yoast-seo-wordpress\/ -->\n<title>ROBOTMURUNIIDUK GARDENA SILENO MINIMO 500M2 - Espak E-pood<\/title>\n<meta name=\"robots\" content=\"index, follow, max-snippet:-1, max-image-preview:large, max-video-preview:-1\" \/>\n<link rel=\"canonical\" href=\"https:\/\/espak.ee\/epood\/toode\/robotmuruniiduk-gardena-sileno-minimo-500m2\/\" \/>\n<meta property=\"og:locale\" content=\"et_EE\" \/>\n<meta property=\"og:type\" content=\"article\" \/>\n<meta property=\"og:title\" content=\"ROBOTMURUNIIDUK GARDENA SILENO MINIMO 500M2 - Espak E-pood\" \/>\n<meta property=\"og:url\" content=\"https:\/\/espak.ee\/epood\/toode\/robotmuruniiduk-gardena-sileno-minimo-500m2\/\" \/>\n<meta property=\"og:site_name\" content=\"Espak E-pood\" \/>\n<meta property=\"article:modified_time\" content=\"2024-03-23T02:10:48+00:00\" \/>\n<meta property=\"og:image\" content=\"https:\/\/espak.ee\/epood\/wp-content\/uploads\/2022\/03\/YR-173138.jpg\" \/>\n\t<meta property=\"og:image:width\" content=\"800\" \/>\n\t<meta property=\"og:image:height\" content=\"800\" \/>\n\t<meta property=\"og:image:type\" content=\"image\/jpeg\" \/>\n<meta name=\"twitter:card\" content=\"summary_large_image\" \/>\n<meta name=\"twitter:label1\" content=\"Est. reading time\" \/>\n\t<meta name=\"twitter:data1\" content=\"2 minutit\" \/>\n<script type=\"application\/ld+json\" class=\"yoast-schema-graph\">{\"@context\":\"https:\/\/schema.org\",\"@graph\":[{\"@type\":\"WebPage\",\"@id\":\"https:\/\/espak.ee\/epood\/toode\/robotmuruniiduk-gardena-sileno-minimo-500m2\/\",\"url\":\"https:\/\/espak.ee\/epood\/toode\/robotmuruniiduk-gardena-sileno-minimo-500m2\/\",\"name\":\"ROBOTMURUNIIDUK GARDENA SILENO MINIMO 500M2 - Espak E-pood\",\"isPartOf\":{\"@id\":\"https:\/\/espak.ee\/epood\/#website\"},\"primaryImageOfPage\":{\"@id\":\"https:\/\/espak.ee\/epood\/toode\/robotmuruniiduk-gardena-sileno-minimo-500m2\/#primaryimage\"},\"image\":{\"@id\":\"https:\/\/espak.ee\/epood\/toode\/robotmuruniiduk-gardena-sileno-minimo-500m2\/#primaryimage\"},\"thumbnailUrl\":\"https:\/\/espak.ee\/epood\/wp-content\/uploads\/2022\/03\/YR-173138.jpg\",\"datePublished\":\"2022-03-29T07:28:20+00:00\",\"dateModified\":\"2024-03-23T02:10:48+00:00\",\"breadcrumb\":{\"@id\":\"https:\/\/espak.ee\/epood\/toode\/robotmuruniiduk-gardena-sileno-minimo-500m2\/#breadcrumb\"},\"inLanguage\":\"et\",\"potentialAction\":[{\"@type\":\"ReadAction\",\"target\":[\"https:\/\/espak.ee\/epood\/toode\/robotmuruniiduk-gardena-sileno-minimo-500m2\/\"]}]},{\"@type\":\"ImageObject\",\"inLanguage\":\"et\",\"@id\":\"https:\/\/espak.ee\/epood\/toode\/robotmuruniiduk-gardena-sileno-minimo-500m2\/#primaryimage\",\"url\":\"https:\/\/espak.ee\/epood\/wp-content\/uploads\/2022\/03\/YR-173138.jpg\",\"contentUrl\":\"https:\/\/espak.ee\/epood\/wp-content\/uploads\/2022\/03\/YR-173138.jpg\",\"width\":800,\"height\":800},{\"@type\":\"BreadcrumbList\",\"@id\":\"https:\/\/espak.ee\/epood\/toode\/robotmuruniiduk-gardena-sileno-minimo-500m2\/#breadcrumb\",\"itemListElement\":[{\"@type\":\"ListItem\",\"position\":1,\"name\":\"Home\",\"item\":\"https:\/\/espak.ee\/epood\/\"},{\"@type\":\"ListItem\",\"position\":2,\"name\":\"Tootevalik\",\"item\":\"https:\/\/espak.ee\/epood\/tootevalik\/\"},{\"@type\":\"ListItem\",\"position\":3,\"name\":\"ROBOTMURUNIIDUK GARDENA SILENO MINIMO 500M2\"}]},{\"@type\":\"WebSite\",\"@id\":\"https:\/\/espak.ee\/epood\/#website\",\"url\":\"https:\/\/espak.ee\/epood\/\",\"name\":\"Espak E-pood\",\"description\":\"\",\"potentialAction\":[{\"@type\":\"SearchAction\",\"target\":{\"@type\":\"EntryPoint\",\"urlTemplate\":\"https:\/\/espak.ee\/epood\/?s={search_term_string}\"},\"query-input\":{\"@type\":\"PropertyValueSpecification\",\"valueRequired\":true,\"valueName\":\"search_term_string\"}}],\"inLanguage\":\"et\"}]}<\/script>\n<!-- \/ Yoast SEO plugin. -->","yoast_head_json":{"title":"ROBOTMURUNIIDUK GARDENA SILENO MINIMO 500M2 - Espak E-pood","robots":{"index":"index","follow":"follow","max-snippet":"max-snippet:-1","max-image-preview":"max-image-preview:large","max-video-preview":"max-video-preview:-1"},"canonical":"https:\/\/espak.ee\/epood\/toode\/robotmuruniiduk-gardena-sileno-minimo-500m2\/","og_locale":"et_EE","og_type":"article","og_title":"ROBOTMURUNIIDUK GARDENA SILENO MINIMO 500M2 - Espak E-pood","og_url":"https:\/\/espak.ee\/epood\/toode\/robotmuruniiduk-gardena-sileno-minimo-500m2\/","og_site_name":"Espak E-pood","article_modified_time":"2024-03-23T02:10:48+00:00","og_image":[{"width":800,"height":800,"url":"https:\/\/espak.ee\/epood\/wp-content\/uploads\/2022\/03\/YR-173138.jpg","type":"image\/jpeg"}],"twitter_card":"summary_large_image","twitter_misc":{"Est. reading time":"2 minutit"},"schema":{"@context":"https:\/\/schema.org","@graph":[{"@type":"WebPage","@id":"https:\/\/espak.ee\/epood\/toode\/robotmuruniiduk-gardena-sileno-minimo-500m2\/","url":"https:\/\/espak.ee\/epood\/toode\/robotmuruniiduk-gardena-sileno-minimo-500m2\/","name":"ROBOTMURUNIIDUK GARDENA SILENO MINIMO 500M2 - Espak E-pood","isPartOf":{"@id":"https:\/\/espak.ee\/epood\/#website"},"primaryImageOfPage":{"@id":"https:\/\/espak.ee\/epood\/toode\/robotmuruniiduk-gardena-sileno-minimo-500m2\/#primaryimage"},"image":{"@id":"https:\/\/espak.ee\/epood\/toode\/robotmuruniiduk-gardena-sileno-minimo-500m2\/#primaryimage"},"thumbnailUrl":"https:\/\/espak.ee\/epood\/wp-content\/uploads\/2022\/03\/YR-173138.jpg","datePublished":"2022-03-29T07:28:20+00:00","dateModified":"2024-03-23T02:10:48+00:00","breadcrumb":{"@id":"https:\/\/espak.ee\/epood\/toode\/robotmuruniiduk-gardena-sileno-minimo-500m2\/#breadcrumb"},"inLanguage":"et","potentialAction":[{"@type":"ReadAction","target":["https:\/\/espak.ee\/epood\/toode\/robotmuruniiduk-gardena-sileno-minimo-500m2\/"]}]},{"@type":"ImageObject","inLanguage":"et","@id":"https:\/\/espak.ee\/epood\/toode\/robotmuruniiduk-gardena-sileno-minimo-500m2\/#primaryimage","url":"https:\/\/espak.ee\/epood\/wp-content\/uploads\/2022\/03\/YR-173138.jpg","contentUrl":"https:\/\/espak.ee\/epood\/wp-content\/uploads\/2022\/03\/YR-173138.jpg","width":800,"height":800},{"@type":"BreadcrumbList","@id":"https:\/\/espak.ee\/epood\/toode\/robotmuruniiduk-gardena-sileno-minimo-500m2\/#breadcrumb","itemListElement":[{"@type":"ListItem","position":1,"name":"Home","item":"https:\/\/espak.ee\/epood\/"},{"@type":"ListItem","position":2,"name":"Tootevalik","item":"https:\/\/espak.ee\/epood\/tootevalik\/"},{"@type":"ListItem","position":3,"name":"ROBOTMURUNIIDUK GARDENA SILENO MINIMO 500M2"}]},{"@type":"WebSite","@id":"https:\/\/espak.ee\/epood\/#website","url":"https:\/\/espak.ee\/epood\/","name":"Espak E-pood","description":"","potentialAction":[{"@type":"SearchAction","target":{"@type":"EntryPoint","urlTemplate":"https:\/\/espak.ee\/epood\/?s={search_term_string}"},"query-input":{"@type":"PropertyValueSpecification","valueRequired":true,"valueName":"search_term_string"}}],"inLanguage":"et"}]}},"_links":{"self":[{"href":"https:\/\/espak.ee\/epood\/wp-json\/wp\/v2\/product\/113573","targetHints":{"allow":["GET"]}}],"collection":[{"href":"https:\/\/espak.ee\/epood\/wp-json\/wp\/v2\/product"}],"about":[{"href":"https:\/\/espak.ee\/epood\/wp-json\/wp\/v2\/types\/product"}],"replies":[{"embeddable":true,"href":"https:\/\/espak.ee\/epood\/wp-json\/wp\/v2\/comments?post=113573"}],"wp:featuredmedia":[{"embeddable":true,"href":"https:\/\/espak.ee\/epood\/wp-json\/wp\/v2\/media\/135343"}],"wp:attachment":[{"href":"https:\/\/espak.ee\/epood\/wp-json\/wp\/v2\/media?parent=113573"}],"wp:term":[{"taxonomy":"product_brand","embeddable":true,"href":"https:\/\/espak.ee\/epood\/wp-json\/wp\/v2\/product_brand?post=113573"},{"taxonomy":"product_cat","embeddable":true,"href":"https:\/\/espak.ee\/epood\/wp-json\/wp\/v2\/product_cat?post=113573"},{"taxonomy":"product_tag","embeddable":true,"href":"https:\/\/espak.ee\/epood\/wp-json\/wp\/v2\/product_tag?post=113573"}],"curies":[{"name":"wp","href":"https:\/\/api.w.org\/{rel}","templated":true}]}}