{"id":113499,"date":"2022-03-29T03:06:22","date_gmt":"2022-03-29T03:06:22","guid":{"rendered":"https:\/\/espak.ee\/epood\/?post_type=product&#038;p=113499"},"modified":"2025-10-18T17:12:53","modified_gmt":"2025-10-18T14:12:53","slug":"puhastusvahend-olitatud-ja-vahatatud-puitporandatele-rm535-karcher-05l","status":"publish","type":"product","link":"https:\/\/espak.ee\/epood\/toode\/puhastusvahend-olitatud-ja-vahatatud-puitporandatele-rm535-karcher-05l\/","title":{"rendered":"PUHASTUSVAHEND \u00d5LITATUD JA VAHATATUD PUITP\u00d5RANDATELE RM535 K\u00c4RCHER 0,5L"},"content":{"rendered":"<div class=\"row\"  id=\"row-375584326\">\n\n\t<div id=\"col-458166586\" class=\"col medium-9 small-12 large-9\"  >\n\t\t\t\t<div class=\"col-inner\"  >\n\t\t\t\n\t\t\t\n<h3>Puhastusvahend \u00f5litatud ja vahatatud puitp\u00f5randatele RM535 K\u00e4rcher 0,5L<\/h3>\n<p>Puhastusvahend RM 535 puhastab, hooldab ja kaitseb \u00f5litatud ja vahatatud puitp\u00f5randaid ning j\u00e4tab triibuvaba ja siidjalt mati l\u00e4ike \u2014 lisaks ei ole p\u00f5randat p\u00e4rast vaja t\u00e4iendavalt \u00fcle p\u00fchkida. Meeldiv mesilasvaha l\u00f5hn.<br \/>\n<div class=\"is-divider divider clearfix\" ><\/div>\n&#8211; Kaks-\u00fches: puhastab ja hooldab<br \/>\n&#8211; Annab poolmati l\u00e4ike<br \/>\n&#8211; Triibuvaba puhastus<br \/>\n&#8211; S\u00f5rmej\u00e4lgede efektiivne eemaldamine<br \/>\n&#8211; Meeldiva mesilasvaha l\u00f5hnaga<br \/>\n\t<div id=\"gap-1189643227\" class=\"gap-element clearfix\" style=\"display:block; height:auto;\">\n\t\t\n<style>\n#gap-1189643227 {\n  padding-top: 30px;\n}\n<\/style>\n\t<\/div>\n\t\n* Hoida lastele k\u00e4ttesaamatus kohas.<\/p>\n\t\t<\/div>\n\t\t\t\t\t<\/div>\n\n\t\n\n\t<div id=\"col-2046375768\" class=\"col medium-3 small-12 large-3\"  >\n\t\t\t\t<div class=\"col-inner\"  >\n\t\t\t\n\t\t\t\n<h3>Toote informatsioon<\/h3>\n<p><a href=\"https:\/\/espak.ee\/epood\/wp-content\/uploads\/2022\/03\/0.011-694.0_PI_et_EE.pdf\"target=\"_blank\" rel=\"noopener noreferrer\"><i class=\"far fa-file-pdf\"><\/i> Toote info (PDF)<\/a><\/p>\n<h3>Ohutuskaart <\/h3>\n<p><a href=\"https:\/\/espak.ee\/epood\/wp-content\/uploads\/2022\/03\/6.295-942.0_SDB_et_EE.pdf\"target=\"_blank\" rel=\"noopener noreferrer\"><i class=\"far fa-file-pdf\"><\/i> Ohutuskaart (PDF)<\/a><\/p>\n<div class=\"is-divider divider clearfix\" ><\/div>\n<p><strong>\u00dcksikasjalikuma n\u00f5u saamiseks v\u00f5tke \u00fchendust:<br \/><\/strong>Espak AS<br \/>Viadukti 42<br \/>11313<br \/>Tallinn<br \/>+372 6 512333<\/p>\n\t\t<\/div>\n\t\t\t\t\t<\/div>\n\n\t\n<\/div>\n","protected":false},"excerpt":{"rendered":"","protected":false},"featured_media":113517,"comment_status":"closed","ping_status":"closed","template":"","meta":[],"product_brand":[],"product_cat":[2680,2785,2950,2679],"product_tag":[],"class_list":{"0":"post-113499","1":"product","2":"type-product","3":"status-publish","4":"has-post-thumbnail","6":"product_cat-elektritooriistad","7":"product_cat-koristusseadmed","8":"product_cat-tolmuimejate-tarvikud","9":"product_cat-tooriistad","10":"pa_kaubamark-karcher","12":"first","13":"instock","14":"sale","15":"taxable","16":"shipping-taxable","17":"purchasable","18":"product-type-simple"},"yoast_head":"<!-- This site is optimized with the Yoast SEO plugin v26.9 - https:\/\/yoast.com\/product\/yoast-seo-wordpress\/ -->\n<title>PUHASTUSVAHEND \u00d5LITATUD JA VAHATATUD PUITP\u00d5RANDATELE RM535 K\u00c4RCHER 0,5L - Espak E-pood<\/title>\n<meta name=\"robots\" content=\"index, follow, max-snippet:-1, max-image-preview:large, max-video-preview:-1\" \/>\n<link rel=\"canonical\" href=\"https:\/\/espak.ee\/epood\/toode\/puhastusvahend-olitatud-ja-vahatatud-puitporandatele-rm535-karcher-05l\/\" \/>\n<meta property=\"og:locale\" content=\"et_EE\" \/>\n<meta property=\"og:type\" content=\"article\" \/>\n<meta property=\"og:title\" content=\"PUHASTUSVAHEND \u00d5LITATUD JA VAHATATUD PUITP\u00d5RANDATELE RM535 K\u00c4RCHER 0,5L - Espak E-pood\" \/>\n<meta property=\"og:url\" content=\"https:\/\/espak.ee\/epood\/toode\/puhastusvahend-olitatud-ja-vahatatud-puitporandatele-rm535-karcher-05l\/\" \/>\n<meta property=\"og:site_name\" content=\"Espak E-pood\" \/>\n<meta property=\"article:modified_time\" content=\"2025-10-18T14:12:53+00:00\" \/>\n<meta property=\"og:image\" content=\"https:\/\/espak.ee\/epood\/wp-content\/uploads\/2022\/03\/puh-vahend-puitporandatele-2.jpg\" \/>\n\t<meta property=\"og:image:width\" content=\"1000\" \/>\n\t<meta property=\"og:image:height\" content=\"1000\" \/>\n\t<meta property=\"og:image:type\" content=\"image\/jpeg\" \/>\n<meta name=\"twitter:card\" content=\"summary_large_image\" \/>\n<meta name=\"twitter:label1\" content=\"Est. reading time\" \/>\n\t<meta name=\"twitter:data1\" content=\"1 minut\" \/>\n<script type=\"application\/ld+json\" class=\"yoast-schema-graph\">{\"@context\":\"https:\/\/schema.org\",\"@graph\":[{\"@type\":\"WebPage\",\"@id\":\"https:\/\/espak.ee\/epood\/toode\/puhastusvahend-olitatud-ja-vahatatud-puitporandatele-rm535-karcher-05l\/\",\"url\":\"https:\/\/espak.ee\/epood\/toode\/puhastusvahend-olitatud-ja-vahatatud-puitporandatele-rm535-karcher-05l\/\",\"name\":\"PUHASTUSVAHEND \u00d5LITATUD JA VAHATATUD PUITP\u00d5RANDATELE RM535 K\u00c4RCHER 0,5L - Espak E-pood\",\"isPartOf\":{\"@id\":\"https:\/\/espak.ee\/epood\/#website\"},\"primaryImageOfPage\":{\"@id\":\"https:\/\/espak.ee\/epood\/toode\/puhastusvahend-olitatud-ja-vahatatud-puitporandatele-rm535-karcher-05l\/#primaryimage\"},\"image\":{\"@id\":\"https:\/\/espak.ee\/epood\/toode\/puhastusvahend-olitatud-ja-vahatatud-puitporandatele-rm535-karcher-05l\/#primaryimage\"},\"thumbnailUrl\":\"https:\/\/espak.ee\/epood\/wp-content\/uploads\/2022\/03\/puh-vahend-puitporandatele-2.jpg\",\"datePublished\":\"2022-03-29T03:06:22+00:00\",\"dateModified\":\"2025-10-18T14:12:53+00:00\",\"breadcrumb\":{\"@id\":\"https:\/\/espak.ee\/epood\/toode\/puhastusvahend-olitatud-ja-vahatatud-puitporandatele-rm535-karcher-05l\/#breadcrumb\"},\"inLanguage\":\"et\",\"potentialAction\":[{\"@type\":\"ReadAction\",\"target\":[\"https:\/\/espak.ee\/epood\/toode\/puhastusvahend-olitatud-ja-vahatatud-puitporandatele-rm535-karcher-05l\/\"]}]},{\"@type\":\"ImageObject\",\"inLanguage\":\"et\",\"@id\":\"https:\/\/espak.ee\/epood\/toode\/puhastusvahend-olitatud-ja-vahatatud-puitporandatele-rm535-karcher-05l\/#primaryimage\",\"url\":\"https:\/\/espak.ee\/epood\/wp-content\/uploads\/2022\/03\/puh-vahend-puitporandatele-2.jpg\",\"contentUrl\":\"https:\/\/espak.ee\/epood\/wp-content\/uploads\/2022\/03\/puh-vahend-puitporandatele-2.jpg\",\"width\":1000,\"height\":1000},{\"@type\":\"BreadcrumbList\",\"@id\":\"https:\/\/espak.ee\/epood\/toode\/puhastusvahend-olitatud-ja-vahatatud-puitporandatele-rm535-karcher-05l\/#breadcrumb\",\"itemListElement\":[{\"@type\":\"ListItem\",\"position\":1,\"name\":\"Home\",\"item\":\"https:\/\/espak.ee\/epood\/\"},{\"@type\":\"ListItem\",\"position\":2,\"name\":\"Tootevalik\",\"item\":\"https:\/\/espak.ee\/epood\/tootevalik\/\"},{\"@type\":\"ListItem\",\"position\":3,\"name\":\"PUHASTUSVAHEND \u00d5LITATUD JA VAHATATUD PUITP\u00d5RANDATELE RM535 K\u00c4RCHER 0,5L\"}]},{\"@type\":\"WebSite\",\"@id\":\"https:\/\/espak.ee\/epood\/#website\",\"url\":\"https:\/\/espak.ee\/epood\/\",\"name\":\"Espak E-pood\",\"description\":\"\",\"potentialAction\":[{\"@type\":\"SearchAction\",\"target\":{\"@type\":\"EntryPoint\",\"urlTemplate\":\"https:\/\/espak.ee\/epood\/?s={search_term_string}\"},\"query-input\":{\"@type\":\"PropertyValueSpecification\",\"valueRequired\":true,\"valueName\":\"search_term_string\"}}],\"inLanguage\":\"et\"}]}<\/script>\n<!-- \/ Yoast SEO plugin. -->","yoast_head_json":{"title":"PUHASTUSVAHEND \u00d5LITATUD JA VAHATATUD PUITP\u00d5RANDATELE RM535 K\u00c4RCHER 0,5L - Espak E-pood","robots":{"index":"index","follow":"follow","max-snippet":"max-snippet:-1","max-image-preview":"max-image-preview:large","max-video-preview":"max-video-preview:-1"},"canonical":"https:\/\/espak.ee\/epood\/toode\/puhastusvahend-olitatud-ja-vahatatud-puitporandatele-rm535-karcher-05l\/","og_locale":"et_EE","og_type":"article","og_title":"PUHASTUSVAHEND \u00d5LITATUD JA VAHATATUD PUITP\u00d5RANDATELE RM535 K\u00c4RCHER 0,5L - Espak E-pood","og_url":"https:\/\/espak.ee\/epood\/toode\/puhastusvahend-olitatud-ja-vahatatud-puitporandatele-rm535-karcher-05l\/","og_site_name":"Espak E-pood","article_modified_time":"2025-10-18T14:12:53+00:00","og_image":[{"width":1000,"height":1000,"url":"https:\/\/espak.ee\/epood\/wp-content\/uploads\/2022\/03\/puh-vahend-puitporandatele-2.jpg","type":"image\/jpeg"}],"twitter_card":"summary_large_image","twitter_misc":{"Est. reading time":"1 minut"},"schema":{"@context":"https:\/\/schema.org","@graph":[{"@type":"WebPage","@id":"https:\/\/espak.ee\/epood\/toode\/puhastusvahend-olitatud-ja-vahatatud-puitporandatele-rm535-karcher-05l\/","url":"https:\/\/espak.ee\/epood\/toode\/puhastusvahend-olitatud-ja-vahatatud-puitporandatele-rm535-karcher-05l\/","name":"PUHASTUSVAHEND \u00d5LITATUD JA VAHATATUD PUITP\u00d5RANDATELE RM535 K\u00c4RCHER 0,5L - Espak E-pood","isPartOf":{"@id":"https:\/\/espak.ee\/epood\/#website"},"primaryImageOfPage":{"@id":"https:\/\/espak.ee\/epood\/toode\/puhastusvahend-olitatud-ja-vahatatud-puitporandatele-rm535-karcher-05l\/#primaryimage"},"image":{"@id":"https:\/\/espak.ee\/epood\/toode\/puhastusvahend-olitatud-ja-vahatatud-puitporandatele-rm535-karcher-05l\/#primaryimage"},"thumbnailUrl":"https:\/\/espak.ee\/epood\/wp-content\/uploads\/2022\/03\/puh-vahend-puitporandatele-2.jpg","datePublished":"2022-03-29T03:06:22+00:00","dateModified":"2025-10-18T14:12:53+00:00","breadcrumb":{"@id":"https:\/\/espak.ee\/epood\/toode\/puhastusvahend-olitatud-ja-vahatatud-puitporandatele-rm535-karcher-05l\/#breadcrumb"},"inLanguage":"et","potentialAction":[{"@type":"ReadAction","target":["https:\/\/espak.ee\/epood\/toode\/puhastusvahend-olitatud-ja-vahatatud-puitporandatele-rm535-karcher-05l\/"]}]},{"@type":"ImageObject","inLanguage":"et","@id":"https:\/\/espak.ee\/epood\/toode\/puhastusvahend-olitatud-ja-vahatatud-puitporandatele-rm535-karcher-05l\/#primaryimage","url":"https:\/\/espak.ee\/epood\/wp-content\/uploads\/2022\/03\/puh-vahend-puitporandatele-2.jpg","contentUrl":"https:\/\/espak.ee\/epood\/wp-content\/uploads\/2022\/03\/puh-vahend-puitporandatele-2.jpg","width":1000,"height":1000},{"@type":"BreadcrumbList","@id":"https:\/\/espak.ee\/epood\/toode\/puhastusvahend-olitatud-ja-vahatatud-puitporandatele-rm535-karcher-05l\/#breadcrumb","itemListElement":[{"@type":"ListItem","position":1,"name":"Home","item":"https:\/\/espak.ee\/epood\/"},{"@type":"ListItem","position":2,"name":"Tootevalik","item":"https:\/\/espak.ee\/epood\/tootevalik\/"},{"@type":"ListItem","position":3,"name":"PUHASTUSVAHEND \u00d5LITATUD JA VAHATATUD PUITP\u00d5RANDATELE RM535 K\u00c4RCHER 0,5L"}]},{"@type":"WebSite","@id":"https:\/\/espak.ee\/epood\/#website","url":"https:\/\/espak.ee\/epood\/","name":"Espak E-pood","description":"","potentialAction":[{"@type":"SearchAction","target":{"@type":"EntryPoint","urlTemplate":"https:\/\/espak.ee\/epood\/?s={search_term_string}"},"query-input":{"@type":"PropertyValueSpecification","valueRequired":true,"valueName":"search_term_string"}}],"inLanguage":"et"}]}},"_links":{"self":[{"href":"https:\/\/espak.ee\/epood\/wp-json\/wp\/v2\/product\/113499","targetHints":{"allow":["GET"]}}],"collection":[{"href":"https:\/\/espak.ee\/epood\/wp-json\/wp\/v2\/product"}],"about":[{"href":"https:\/\/espak.ee\/epood\/wp-json\/wp\/v2\/types\/product"}],"replies":[{"embeddable":true,"href":"https:\/\/espak.ee\/epood\/wp-json\/wp\/v2\/comments?post=113499"}],"wp:featuredmedia":[{"embeddable":true,"href":"https:\/\/espak.ee\/epood\/wp-json\/wp\/v2\/media\/113517"}],"wp:attachment":[{"href":"https:\/\/espak.ee\/epood\/wp-json\/wp\/v2\/media?parent=113499"}],"wp:term":[{"taxonomy":"product_brand","embeddable":true,"href":"https:\/\/espak.ee\/epood\/wp-json\/wp\/v2\/product_brand?post=113499"},{"taxonomy":"product_cat","embeddable":true,"href":"https:\/\/espak.ee\/epood\/wp-json\/wp\/v2\/product_cat?post=113499"},{"taxonomy":"product_tag","embeddable":true,"href":"https:\/\/espak.ee\/epood\/wp-json\/wp\/v2\/product_tag?post=113499"}],"curies":[{"name":"wp","href":"https:\/\/api.w.org\/{rel}","templated":true}]}}