{"id":113261,"date":"2022-03-26T08:40:27","date_gmt":"2022-03-26T06:40:27","guid":{"rendered":"https:\/\/espak.ee\/epood\/?post_type=product&#038;p=113261"},"modified":"2024-03-23T04:12:22","modified_gmt":"2024-03-23T02:12:22","slug":"survepesur-k5-premium-smart-control-karcher","status":"publish","type":"product","link":"https:\/\/espak.ee\/epood\/toode\/survepesur-k5-premium-smart-control-karcher\/","title":{"rendered":"SURVEPESUR K5 PREMIUM SMART CONTROL K\u00c4RCHER"},"content":{"rendered":"<div class=\"row\"  id=\"row-1499794623\">\n\n\t<div id=\"col-1025773673\" class=\"col medium-9 small-12 large-9\"  >\n\t\t\t\t<div class=\"col-inner\"  >\n\t\t\t\n\t\t\t\n<img decoding=\"async\" src=\"https:\/\/espak.ee\/epood\/wp-content\/uploads\/2023\/03\/KARCHER_1920x300.png\" alt=\"\" width=\"1920\" height=\"300\" class=\"alignnone size-full wp-image-162787\" srcset=\"https:\/\/espak.ee\/epood\/wp-content\/uploads\/2023\/03\/KARCHER_1920x300.png 1920w, https:\/\/espak.ee\/epood\/wp-content\/uploads\/2023\/03\/KARCHER_1920x300-500x78.png 500w, https:\/\/espak.ee\/epood\/wp-content\/uploads\/2023\/03\/KARCHER_1920x300-769x120.png 769w, https:\/\/espak.ee\/epood\/wp-content\/uploads\/2023\/03\/KARCHER_1920x300-300x47.png 300w, https:\/\/espak.ee\/epood\/wp-content\/uploads\/2023\/03\/KARCHER_1920x300-1024x160.png 1024w, https:\/\/espak.ee\/epood\/wp-content\/uploads\/2023\/03\/KARCHER_1920x300-150x23.png 150w, https:\/\/espak.ee\/epood\/wp-content\/uploads\/2023\/03\/KARCHER_1920x300-768x120.png 768w, https:\/\/espak.ee\/epood\/wp-content\/uploads\/2023\/03\/KARCHER_1920x300-1536x240.png 1536w\" sizes=\"(max-width: 1920px) 100vw, 1920px\" \/><\/p>\n<h3>Survepesur K5 Premium Smart Control K\u00e4rcher<\/h3>\n<p>K 5 Premium Smart Control: survepesur, millel on \u00fchilduvus Bluetoothiga, konsultatsioonirakendus, turbore\u017eiim lisaj\u00f5udluse tarbeks, pesup\u00fcstol G 180 Q Smart Control, pihustustoru 3-in-1 Multi Jet ja voolikurull.<\/p>\n<div class=\"message-box relative\" style=\"padding-top:15px;padding-bottom:15px;\"><div class=\"message-box-bg-image bg-fill fill\" ><\/div><div class=\"message-box-bg-overlay bg-fill fill\" ><\/div><div class=\"container relative\"><div class=\"inner last-reset\">\n<div class=\"row align-middle align-center\"  id=\"row-1049728844\">\n\n\t<div id=\"col-861182756\" class=\"col small-12 large-12\"  >\n\t\t\t\t<div class=\"col-inner text-left\"  >\n\t\t\t\n\t\t\t\n<h4>Omadused<\/h4>\n<div class=\"row\"  id=\"row-73749412\">\n\n\t<div id=\"col-724499774\" class=\"col medium-6 small-12 large-6\"  >\n\t\t\t\t<div class=\"col-inner\"  >\n\t\t\t\n\t\t\t\n<p><i class=\"fa fa-check fa-2x\"><\/i> <strong> Turbore\u017eiim lisaj\u00f5udluse tarbeks, et eemaldada pindadelt ka k\u00f5ige t\u00f5rksam mustus<\/strong><\/p>\n<p><i class=\"fa fa-check fa-2x\"><\/i> <strong> Pesup\u00fcstol Smart Control ja pihustustoru 3-in-1 Multi Jet<\/strong><\/p>\n\t\t<\/div>\n\t\t\t\t\n<style>\n#col-724499774 > .col-inner {\n  margin: 0px 0px 15px 0px;\n}\n<\/style>\n\t<\/div>\n\n\t\n\n\t<div id=\"col-724284401\" class=\"col medium-6 small-12 large-6\"  >\n\t\t\t\t<div class=\"col-inner\"  >\n\t\t\t\n\t\t\t\n<p><i class=\"fa fa-check fa-2x\"><\/i> <strong> Madal raskuskese v\u00f5imaldab seadme turvaliselt paigutada isegi kaldus pindadele<\/strong><\/p>\n\t\t<\/div>\n\t\t\t\t\n<style>\n#col-724284401 > .col-inner {\n  margin: 0px 0px 15px 0px;\n}\n<\/style>\n\t<\/div>\n\n\t\n<\/div>\n\t\t<\/div>\n\t\t\t\t\t<\/div>\n\n\t\n<\/div>\n<\/div><\/div><\/div>\n\t<div id=\"gap-1258489068\" class=\"gap-element clearfix\" style=\"display:block; height:auto;\">\n\t\t\n<style>\n#gap-1258489068 {\n  padding-top: 30px;\n}\n<\/style>\n\t<\/div>\n\t\n<p>T\u00e4nu integreeritud Bluetooth-funktsioonile saab survepesuri K 5 Premium Smart Control \u00fchendada K\u00e4rcheri rakendusega Home &#038; Garden. See t\u00e4hendab, et kasutaja saab rakenduse abil soovitusi erinevate puhastusolukordade lahendamiseks ja paljude puhastatavate esemete osas, t\u00e4nu millele saab survepesuri abil puhastada veelgi efektiivsemalt. Lisaks konsultatsiooniteenustele ja soovitustele saab rakenduses n\u00e4ha ka toodete koostejuhiseid, hooldus- ja puhastusjuhiseid ja kasutada K\u00e4rcheri teenindusportaali.<br \/>\n Seadmel on ka turbore\u017eiim lisaj\u00f5udluse tarbeks, LCD-ekraaniga pesup\u00fcstol G 180 Q Smart Control ja pihustustoru 3-in-1 Multi Jet.<br \/>\n Survet saab reguleerida kas otse pesup\u00fcstolil v\u00f5i saab konsultandi abil anda k\u00e4su surve muutmiseks l\u00e4bi rakenduse.<br \/>\n LCD-ekraanilt saate kontrollida survetaset, turbore\u017eiimi rakendamist v\u00f5i seda, kas seade on endiselt ootere\u017eiimil.<br \/>\n Lisaks on seadmel ka voolikurull pesuri mugavamaks kasutamiseks, pesuvahendi s\u00fcsteem Plug &#8216;n&#8217; Clean, k\u00f5rgekvaliteetne alumiiniumist teleskoopk\u00e4epide, parkimisasend ja k\u00e4ep\u00e4raselt paigutatud lisatarvikud.<\/p>\n<div class=\"is-divider divider clearfix\" ><\/div>\n<p>Pikendatud garantiiks registreeri toode <a href=\"https:\/\/www.kaercher.com\/ee\/klienditugi\/kasulik-info\/survepesurite-pikendatud-garantii.html\"><strong>SIIN<\/strong><\/a>.<\/p>\n<p><img decoding=\"async\" src=\"https:\/\/espak.ee\/epood\/wp-content\/uploads\/2023\/03\/karcher-5a-e1686299594673.png\" alt=\"\" width=\"1290\" height=\"1836\" class=\"alignnone size-full wp-image-162788\" srcset=\"https:\/\/espak.ee\/epood\/wp-content\/uploads\/2023\/03\/karcher-5a-e1686299594673.png 1290w, https:\/\/espak.ee\/epood\/wp-content\/uploads\/2023\/03\/karcher-5a-e1686299594673-500x712.png 500w, https:\/\/espak.ee\/epood\/wp-content\/uploads\/2023\/03\/karcher-5a-e1686299594673-769x1094.png 769w, https:\/\/espak.ee\/epood\/wp-content\/uploads\/2023\/03\/karcher-5a-e1686299594673-211x300.png 211w, https:\/\/espak.ee\/epood\/wp-content\/uploads\/2023\/03\/karcher-5a-e1686299594673-719x1024.png 719w, https:\/\/espak.ee\/epood\/wp-content\/uploads\/2023\/03\/karcher-5a-e1686299594673-105x150.png 105w, https:\/\/espak.ee\/epood\/wp-content\/uploads\/2023\/03\/karcher-5a-e1686299594673-768x1093.png 768w, https:\/\/espak.ee\/epood\/wp-content\/uploads\/2023\/03\/karcher-5a-e1686299594673-1079x1536.png 1079w\" sizes=\"(max-width: 1290px) 100vw, 1290px\" \/><br \/>\n\t\t<\/div>\n\t\t\t\t\t<\/div>\n\n\t\n\n\t<div id=\"col-2127830794\" class=\"col medium-3 small-12 large-3\"  >\n\t\t\t\t<div class=\"col-inner\"  >\n\t\t\t\n\t\t\t\n<h3>Toote informatsioon<\/h3>\n<p><a href=\"https:\/\/espak.ee\/epood\/wp-content\/uploads\/2022\/03\/1.324-670.0_PI_et_EE.pdf\"target=\"_blank\" rel=\"noopener noreferrer\"><i class=\"far fa-file-pdf\"><\/i> Toote info (PDF)<\/a><\/p>\n<h3>Kasutusjuhend<\/h3>\n<p><a href=\"https:\/\/espak.ee\/epood\/wp-content\/uploads\/2022\/03\/BTA-5652544-000-03.pdf\"target=\"_blank\" rel=\"noopener noreferrer\"><i class=\"far fa-file-pdf\"><\/i> Kasutusjuhend (PDF)<\/a><\/p>\n<div class=\"is-divider divider clearfix\" ><\/div>\n<p><strong>\u00dcksikasjalikuma n\u00f5u saamiseks v\u00f5tke \u00fchendust:<br \/><\/strong>Espak AS<br \/>Viadukti 42<br \/>11313<br \/>Tallinn<br \/>+372 6 512333<\/p>\n\t\t<\/div>\n\t\t\t\t\t<\/div>\n\n\t\n<\/div>\n","protected":false},"excerpt":{"rendered":"","protected":false},"featured_media":113353,"comment_status":"closed","ping_status":"closed","template":"","meta":[],"product_brand":[],"product_cat":[2680,2785,2786,2679],"product_tag":[],"class_list":{"0":"post-113261","1":"product","2":"type-product","3":"status-publish","4":"has-post-thumbnail","6":"product_cat-elektritooriistad","7":"product_cat-koristusseadmed","8":"product_cat-survepesurid","9":"product_cat-tooriistad","10":"pa_kaubamark-karcher","12":"first","13":"outofstock","14":"sale","15":"taxable","16":"shipping-taxable","17":"purchasable","18":"product-type-simple"},"yoast_head":"<!-- This site is optimized with the Yoast SEO plugin v26.9 - https:\/\/yoast.com\/product\/yoast-seo-wordpress\/ -->\n<title>SURVEPESUR K5 PREMIUM SMART CONTROL K\u00c4RCHER - Espak E-pood<\/title>\n<meta name=\"robots\" content=\"index, follow, max-snippet:-1, max-image-preview:large, max-video-preview:-1\" \/>\n<link rel=\"canonical\" href=\"https:\/\/espak.ee\/epood\/toode\/survepesur-k5-premium-smart-control-karcher\/\" \/>\n<meta property=\"og:locale\" content=\"et_EE\" \/>\n<meta property=\"og:type\" content=\"article\" \/>\n<meta property=\"og:title\" content=\"SURVEPESUR K5 PREMIUM SMART CONTROL K\u00c4RCHER - Espak E-pood\" \/>\n<meta property=\"og:url\" content=\"https:\/\/espak.ee\/epood\/toode\/survepesur-k5-premium-smart-control-karcher\/\" \/>\n<meta property=\"og:site_name\" content=\"Espak E-pood\" \/>\n<meta property=\"article:modified_time\" content=\"2024-03-23T02:12:22+00:00\" \/>\n<meta property=\"og:image\" content=\"https:\/\/espak.ee\/epood\/wp-content\/uploads\/2022\/03\/K5-PRE.jpg\" \/>\n\t<meta property=\"og:image:width\" content=\"1000\" \/>\n\t<meta property=\"og:image:height\" content=\"1000\" \/>\n\t<meta property=\"og:image:type\" content=\"image\/jpeg\" \/>\n<meta name=\"twitter:card\" content=\"summary_large_image\" \/>\n<meta name=\"twitter:label1\" content=\"Est. reading time\" \/>\n\t<meta name=\"twitter:data1\" content=\"2 minutit\" \/>\n<script type=\"application\/ld+json\" class=\"yoast-schema-graph\">{\"@context\":\"https:\/\/schema.org\",\"@graph\":[{\"@type\":\"WebPage\",\"@id\":\"https:\/\/espak.ee\/epood\/toode\/survepesur-k5-premium-smart-control-karcher\/\",\"url\":\"https:\/\/espak.ee\/epood\/toode\/survepesur-k5-premium-smart-control-karcher\/\",\"name\":\"SURVEPESUR K5 PREMIUM SMART CONTROL K\u00c4RCHER - Espak E-pood\",\"isPartOf\":{\"@id\":\"https:\/\/espak.ee\/epood\/#website\"},\"primaryImageOfPage\":{\"@id\":\"https:\/\/espak.ee\/epood\/toode\/survepesur-k5-premium-smart-control-karcher\/#primaryimage\"},\"image\":{\"@id\":\"https:\/\/espak.ee\/epood\/toode\/survepesur-k5-premium-smart-control-karcher\/#primaryimage\"},\"thumbnailUrl\":\"https:\/\/espak.ee\/epood\/wp-content\/uploads\/2022\/03\/K5-PRE.jpg\",\"datePublished\":\"2022-03-26T06:40:27+00:00\",\"dateModified\":\"2024-03-23T02:12:22+00:00\",\"breadcrumb\":{\"@id\":\"https:\/\/espak.ee\/epood\/toode\/survepesur-k5-premium-smart-control-karcher\/#breadcrumb\"},\"inLanguage\":\"et\",\"potentialAction\":[{\"@type\":\"ReadAction\",\"target\":[\"https:\/\/espak.ee\/epood\/toode\/survepesur-k5-premium-smart-control-karcher\/\"]}]},{\"@type\":\"ImageObject\",\"inLanguage\":\"et\",\"@id\":\"https:\/\/espak.ee\/epood\/toode\/survepesur-k5-premium-smart-control-karcher\/#primaryimage\",\"url\":\"https:\/\/espak.ee\/epood\/wp-content\/uploads\/2022\/03\/K5-PRE.jpg\",\"contentUrl\":\"https:\/\/espak.ee\/epood\/wp-content\/uploads\/2022\/03\/K5-PRE.jpg\",\"width\":1000,\"height\":1000},{\"@type\":\"BreadcrumbList\",\"@id\":\"https:\/\/espak.ee\/epood\/toode\/survepesur-k5-premium-smart-control-karcher\/#breadcrumb\",\"itemListElement\":[{\"@type\":\"ListItem\",\"position\":1,\"name\":\"Home\",\"item\":\"https:\/\/espak.ee\/epood\/\"},{\"@type\":\"ListItem\",\"position\":2,\"name\":\"Tootevalik\",\"item\":\"https:\/\/espak.ee\/epood\/tootevalik\/\"},{\"@type\":\"ListItem\",\"position\":3,\"name\":\"SURVEPESUR K5 PREMIUM SMART CONTROL K\u00c4RCHER\"}]},{\"@type\":\"WebSite\",\"@id\":\"https:\/\/espak.ee\/epood\/#website\",\"url\":\"https:\/\/espak.ee\/epood\/\",\"name\":\"Espak E-pood\",\"description\":\"\",\"potentialAction\":[{\"@type\":\"SearchAction\",\"target\":{\"@type\":\"EntryPoint\",\"urlTemplate\":\"https:\/\/espak.ee\/epood\/?s={search_term_string}\"},\"query-input\":{\"@type\":\"PropertyValueSpecification\",\"valueRequired\":true,\"valueName\":\"search_term_string\"}}],\"inLanguage\":\"et\"}]}<\/script>\n<!-- \/ Yoast SEO plugin. -->","yoast_head_json":{"title":"SURVEPESUR K5 PREMIUM SMART CONTROL K\u00c4RCHER - Espak E-pood","robots":{"index":"index","follow":"follow","max-snippet":"max-snippet:-1","max-image-preview":"max-image-preview:large","max-video-preview":"max-video-preview:-1"},"canonical":"https:\/\/espak.ee\/epood\/toode\/survepesur-k5-premium-smart-control-karcher\/","og_locale":"et_EE","og_type":"article","og_title":"SURVEPESUR K5 PREMIUM SMART CONTROL K\u00c4RCHER - Espak E-pood","og_url":"https:\/\/espak.ee\/epood\/toode\/survepesur-k5-premium-smart-control-karcher\/","og_site_name":"Espak E-pood","article_modified_time":"2024-03-23T02:12:22+00:00","og_image":[{"width":1000,"height":1000,"url":"https:\/\/espak.ee\/epood\/wp-content\/uploads\/2022\/03\/K5-PRE.jpg","type":"image\/jpeg"}],"twitter_card":"summary_large_image","twitter_misc":{"Est. reading time":"2 minutit"},"schema":{"@context":"https:\/\/schema.org","@graph":[{"@type":"WebPage","@id":"https:\/\/espak.ee\/epood\/toode\/survepesur-k5-premium-smart-control-karcher\/","url":"https:\/\/espak.ee\/epood\/toode\/survepesur-k5-premium-smart-control-karcher\/","name":"SURVEPESUR K5 PREMIUM SMART CONTROL K\u00c4RCHER - Espak E-pood","isPartOf":{"@id":"https:\/\/espak.ee\/epood\/#website"},"primaryImageOfPage":{"@id":"https:\/\/espak.ee\/epood\/toode\/survepesur-k5-premium-smart-control-karcher\/#primaryimage"},"image":{"@id":"https:\/\/espak.ee\/epood\/toode\/survepesur-k5-premium-smart-control-karcher\/#primaryimage"},"thumbnailUrl":"https:\/\/espak.ee\/epood\/wp-content\/uploads\/2022\/03\/K5-PRE.jpg","datePublished":"2022-03-26T06:40:27+00:00","dateModified":"2024-03-23T02:12:22+00:00","breadcrumb":{"@id":"https:\/\/espak.ee\/epood\/toode\/survepesur-k5-premium-smart-control-karcher\/#breadcrumb"},"inLanguage":"et","potentialAction":[{"@type":"ReadAction","target":["https:\/\/espak.ee\/epood\/toode\/survepesur-k5-premium-smart-control-karcher\/"]}]},{"@type":"ImageObject","inLanguage":"et","@id":"https:\/\/espak.ee\/epood\/toode\/survepesur-k5-premium-smart-control-karcher\/#primaryimage","url":"https:\/\/espak.ee\/epood\/wp-content\/uploads\/2022\/03\/K5-PRE.jpg","contentUrl":"https:\/\/espak.ee\/epood\/wp-content\/uploads\/2022\/03\/K5-PRE.jpg","width":1000,"height":1000},{"@type":"BreadcrumbList","@id":"https:\/\/espak.ee\/epood\/toode\/survepesur-k5-premium-smart-control-karcher\/#breadcrumb","itemListElement":[{"@type":"ListItem","position":1,"name":"Home","item":"https:\/\/espak.ee\/epood\/"},{"@type":"ListItem","position":2,"name":"Tootevalik","item":"https:\/\/espak.ee\/epood\/tootevalik\/"},{"@type":"ListItem","position":3,"name":"SURVEPESUR K5 PREMIUM SMART CONTROL K\u00c4RCHER"}]},{"@type":"WebSite","@id":"https:\/\/espak.ee\/epood\/#website","url":"https:\/\/espak.ee\/epood\/","name":"Espak E-pood","description":"","potentialAction":[{"@type":"SearchAction","target":{"@type":"EntryPoint","urlTemplate":"https:\/\/espak.ee\/epood\/?s={search_term_string}"},"query-input":{"@type":"PropertyValueSpecification","valueRequired":true,"valueName":"search_term_string"}}],"inLanguage":"et"}]}},"_links":{"self":[{"href":"https:\/\/espak.ee\/epood\/wp-json\/wp\/v2\/product\/113261","targetHints":{"allow":["GET"]}}],"collection":[{"href":"https:\/\/espak.ee\/epood\/wp-json\/wp\/v2\/product"}],"about":[{"href":"https:\/\/espak.ee\/epood\/wp-json\/wp\/v2\/types\/product"}],"replies":[{"embeddable":true,"href":"https:\/\/espak.ee\/epood\/wp-json\/wp\/v2\/comments?post=113261"}],"wp:featuredmedia":[{"embeddable":true,"href":"https:\/\/espak.ee\/epood\/wp-json\/wp\/v2\/media\/113353"}],"wp:attachment":[{"href":"https:\/\/espak.ee\/epood\/wp-json\/wp\/v2\/media?parent=113261"}],"wp:term":[{"taxonomy":"product_brand","embeddable":true,"href":"https:\/\/espak.ee\/epood\/wp-json\/wp\/v2\/product_brand?post=113261"},{"taxonomy":"product_cat","embeddable":true,"href":"https:\/\/espak.ee\/epood\/wp-json\/wp\/v2\/product_cat?post=113261"},{"taxonomy":"product_tag","embeddable":true,"href":"https:\/\/espak.ee\/epood\/wp-json\/wp\/v2\/product_tag?post=113261"}],"curies":[{"name":"wp","href":"https:\/\/api.w.org\/{rel}","templated":true}]}}