{"id":113238,"date":"2022-03-26T02:21:56","date_gmt":"2022-03-26T02:21:56","guid":{"rendered":"https:\/\/espak.ee\/epood\/?post_type=product&#038;p=113238"},"modified":"2025-01-20T13:14:10","modified_gmt":"2025-01-20T11:14:10","slug":"vahuvahendi-foamstop-neutraalne-karcher-125ml","status":"publish","type":"product","link":"https:\/\/espak.ee\/epood\/toode\/vahuvahendi-foamstop-neutraalne-karcher-125ml\/","title":{"rendered":"VAHUV\u00c4HENDI FOAMSTOP NEUTRAALNE K\u00c4RCHER 125ML"},"content":{"rendered":"<div class=\"row\"  id=\"row-619773232\">\n\n\t<div id=\"col-1113575736\" class=\"col medium-9 small-12 large-9\"  >\n\t\t\t\t<div class=\"col-inner\"  >\n\t\t\t\n\t\t\t\n<h3>Vahuv\u00e4hendi FoamStop K\u00e4rcher 125ml<\/h3>\n<p>Kiiretoimeline vahutamist v\u00e4hendav vedelik.<br \/>\n<strong>Kasutusvaldkond:<\/strong><br \/>\n\u25a0 Vahuv\u00e4hendaja veefiltriga tolmuimejatele ja auruimuritele<br \/>\n\u25a0 Veefiltriga tolmuimejad<br \/>\n\u25a0 Auruimurid<\/p>\n<p><strong>Kasutamine:<\/strong><br \/>\n\u25a0 Valage \u00fcks korgit\u00e4is vahendit Foamstop (2 ml) veefiltriga tolmuimeja v\u00f5i auruimuri veega t\u00e4idetud paaki.<br \/>\n\u25a0 Liigse vahu tekkimise korral v\u00f5ib lisada veel \u00fche korgit\u00e4ie vahendit.<br \/>\n\u25a0 Loksutage hoolikalt enne kasutamist.<br \/>\n\u25a0 Hoiustage k\u00fclmumistemperatuuride eest kaitstud kohas.<\/p>\n\t\t<\/div>\n\t\t\t\t\t<\/div>\n\n\t\n\n\t<div id=\"col-514469287\" class=\"col medium-3 small-12 large-3\"  >\n\t\t\t\t<div class=\"col-inner\"  >\n\t\t\t\n\t\t\t\n<h3>Ohutuskaart <\/h3>\n<p><a href=\"https:\/\/espak.ee\/epood\/wp-content\/uploads\/2022\/03\/6.295-873.0_SDB_et_EE.pdf\"target=\"_blank\" rel=\"noopener noreferrer\"><i class=\"far fa-file-pdf\"><\/i> Ohutuskaart (PDF)<\/a><\/p>\n<p><strong>\u00dcksikasjalikuma n\u00f5u saamiseks v\u00f5tke \u00fchendust:<br \/><\/strong>Espak AS<br \/>Viadukti 42<br \/>11313<br \/>Tallinn<br \/>+372 6 512333<\/p>\n\t\t<\/div>\n\t\t\t\t\t<\/div>\n\n\t\n<\/div>\n","protected":false},"excerpt":{"rendered":"","protected":false},"featured_media":113420,"comment_status":"closed","ping_status":"closed","template":"","meta":[],"product_brand":[],"product_cat":[2680,2785,2950,2679],"product_tag":[],"class_list":{"0":"post-113238","1":"product","2":"type-product","3":"status-publish","4":"has-post-thumbnail","6":"product_cat-elektritooriistad","7":"product_cat-koristusseadmed","8":"product_cat-tolmuimejate-tarvikud","9":"product_cat-tooriistad","10":"pa_kaubamark-karcher","12":"first","13":"instock","14":"sale","15":"taxable","16":"shipping-taxable","17":"purchasable","18":"product-type-simple"},"yoast_head":"<!-- This site is optimized with the Yoast SEO plugin v26.9 - https:\/\/yoast.com\/product\/yoast-seo-wordpress\/ -->\n<title>VAHUV\u00c4HENDI FOAMSTOP NEUTRAALNE K\u00c4RCHER 125ML - Espak E-pood<\/title>\n<meta name=\"robots\" content=\"index, follow, max-snippet:-1, max-image-preview:large, max-video-preview:-1\" \/>\n<link rel=\"canonical\" href=\"https:\/\/espak.ee\/epood\/toode\/vahuvahendi-foamstop-neutraalne-karcher-125ml\/\" \/>\n<meta property=\"og:locale\" content=\"et_EE\" \/>\n<meta property=\"og:type\" content=\"article\" \/>\n<meta property=\"og:title\" content=\"VAHUV\u00c4HENDI FOAMSTOP NEUTRAALNE K\u00c4RCHER 125ML - Espak E-pood\" \/>\n<meta property=\"og:url\" content=\"https:\/\/espak.ee\/epood\/toode\/vahuvahendi-foamstop-neutraalne-karcher-125ml\/\" \/>\n<meta property=\"og:site_name\" content=\"Espak E-pood\" \/>\n<meta property=\"article:modified_time\" content=\"2025-01-20T11:14:10+00:00\" \/>\n<meta property=\"og:image\" content=\"https:\/\/espak.ee\/epood\/wp-content\/uploads\/2022\/03\/vahuvahendi-2.jpg\" \/>\n\t<meta property=\"og:image:width\" content=\"1000\" \/>\n\t<meta property=\"og:image:height\" content=\"1000\" \/>\n\t<meta property=\"og:image:type\" content=\"image\/jpeg\" \/>\n<meta name=\"twitter:card\" content=\"summary_large_image\" \/>\n<script type=\"application\/ld+json\" class=\"yoast-schema-graph\">{\"@context\":\"https:\/\/schema.org\",\"@graph\":[{\"@type\":\"WebPage\",\"@id\":\"https:\/\/espak.ee\/epood\/toode\/vahuvahendi-foamstop-neutraalne-karcher-125ml\/\",\"url\":\"https:\/\/espak.ee\/epood\/toode\/vahuvahendi-foamstop-neutraalne-karcher-125ml\/\",\"name\":\"VAHUV\u00c4HENDI FOAMSTOP NEUTRAALNE K\u00c4RCHER 125ML - Espak E-pood\",\"isPartOf\":{\"@id\":\"https:\/\/espak.ee\/epood\/#website\"},\"primaryImageOfPage\":{\"@id\":\"https:\/\/espak.ee\/epood\/toode\/vahuvahendi-foamstop-neutraalne-karcher-125ml\/#primaryimage\"},\"image\":{\"@id\":\"https:\/\/espak.ee\/epood\/toode\/vahuvahendi-foamstop-neutraalne-karcher-125ml\/#primaryimage\"},\"thumbnailUrl\":\"https:\/\/espak.ee\/epood\/wp-content\/uploads\/2022\/03\/vahuvahendi-2.jpg\",\"datePublished\":\"2022-03-26T02:21:56+00:00\",\"dateModified\":\"2025-01-20T11:14:10+00:00\",\"breadcrumb\":{\"@id\":\"https:\/\/espak.ee\/epood\/toode\/vahuvahendi-foamstop-neutraalne-karcher-125ml\/#breadcrumb\"},\"inLanguage\":\"et\",\"potentialAction\":[{\"@type\":\"ReadAction\",\"target\":[\"https:\/\/espak.ee\/epood\/toode\/vahuvahendi-foamstop-neutraalne-karcher-125ml\/\"]}]},{\"@type\":\"ImageObject\",\"inLanguage\":\"et\",\"@id\":\"https:\/\/espak.ee\/epood\/toode\/vahuvahendi-foamstop-neutraalne-karcher-125ml\/#primaryimage\",\"url\":\"https:\/\/espak.ee\/epood\/wp-content\/uploads\/2022\/03\/vahuvahendi-2.jpg\",\"contentUrl\":\"https:\/\/espak.ee\/epood\/wp-content\/uploads\/2022\/03\/vahuvahendi-2.jpg\",\"width\":1000,\"height\":1000},{\"@type\":\"BreadcrumbList\",\"@id\":\"https:\/\/espak.ee\/epood\/toode\/vahuvahendi-foamstop-neutraalne-karcher-125ml\/#breadcrumb\",\"itemListElement\":[{\"@type\":\"ListItem\",\"position\":1,\"name\":\"Home\",\"item\":\"https:\/\/espak.ee\/epood\/\"},{\"@type\":\"ListItem\",\"position\":2,\"name\":\"Tootevalik\",\"item\":\"https:\/\/espak.ee\/epood\/tootevalik\/\"},{\"@type\":\"ListItem\",\"position\":3,\"name\":\"VAHUV\u00c4HENDI FOAMSTOP NEUTRAALNE K\u00c4RCHER 125ML\"}]},{\"@type\":\"WebSite\",\"@id\":\"https:\/\/espak.ee\/epood\/#website\",\"url\":\"https:\/\/espak.ee\/epood\/\",\"name\":\"Espak E-pood\",\"description\":\"\",\"potentialAction\":[{\"@type\":\"SearchAction\",\"target\":{\"@type\":\"EntryPoint\",\"urlTemplate\":\"https:\/\/espak.ee\/epood\/?s={search_term_string}\"},\"query-input\":{\"@type\":\"PropertyValueSpecification\",\"valueRequired\":true,\"valueName\":\"search_term_string\"}}],\"inLanguage\":\"et\"}]}<\/script>\n<!-- \/ Yoast SEO plugin. -->","yoast_head_json":{"title":"VAHUV\u00c4HENDI FOAMSTOP NEUTRAALNE K\u00c4RCHER 125ML - Espak E-pood","robots":{"index":"index","follow":"follow","max-snippet":"max-snippet:-1","max-image-preview":"max-image-preview:large","max-video-preview":"max-video-preview:-1"},"canonical":"https:\/\/espak.ee\/epood\/toode\/vahuvahendi-foamstop-neutraalne-karcher-125ml\/","og_locale":"et_EE","og_type":"article","og_title":"VAHUV\u00c4HENDI FOAMSTOP NEUTRAALNE K\u00c4RCHER 125ML - Espak E-pood","og_url":"https:\/\/espak.ee\/epood\/toode\/vahuvahendi-foamstop-neutraalne-karcher-125ml\/","og_site_name":"Espak E-pood","article_modified_time":"2025-01-20T11:14:10+00:00","og_image":[{"width":1000,"height":1000,"url":"https:\/\/espak.ee\/epood\/wp-content\/uploads\/2022\/03\/vahuvahendi-2.jpg","type":"image\/jpeg"}],"twitter_card":"summary_large_image","schema":{"@context":"https:\/\/schema.org","@graph":[{"@type":"WebPage","@id":"https:\/\/espak.ee\/epood\/toode\/vahuvahendi-foamstop-neutraalne-karcher-125ml\/","url":"https:\/\/espak.ee\/epood\/toode\/vahuvahendi-foamstop-neutraalne-karcher-125ml\/","name":"VAHUV\u00c4HENDI FOAMSTOP NEUTRAALNE K\u00c4RCHER 125ML - Espak E-pood","isPartOf":{"@id":"https:\/\/espak.ee\/epood\/#website"},"primaryImageOfPage":{"@id":"https:\/\/espak.ee\/epood\/toode\/vahuvahendi-foamstop-neutraalne-karcher-125ml\/#primaryimage"},"image":{"@id":"https:\/\/espak.ee\/epood\/toode\/vahuvahendi-foamstop-neutraalne-karcher-125ml\/#primaryimage"},"thumbnailUrl":"https:\/\/espak.ee\/epood\/wp-content\/uploads\/2022\/03\/vahuvahendi-2.jpg","datePublished":"2022-03-26T02:21:56+00:00","dateModified":"2025-01-20T11:14:10+00:00","breadcrumb":{"@id":"https:\/\/espak.ee\/epood\/toode\/vahuvahendi-foamstop-neutraalne-karcher-125ml\/#breadcrumb"},"inLanguage":"et","potentialAction":[{"@type":"ReadAction","target":["https:\/\/espak.ee\/epood\/toode\/vahuvahendi-foamstop-neutraalne-karcher-125ml\/"]}]},{"@type":"ImageObject","inLanguage":"et","@id":"https:\/\/espak.ee\/epood\/toode\/vahuvahendi-foamstop-neutraalne-karcher-125ml\/#primaryimage","url":"https:\/\/espak.ee\/epood\/wp-content\/uploads\/2022\/03\/vahuvahendi-2.jpg","contentUrl":"https:\/\/espak.ee\/epood\/wp-content\/uploads\/2022\/03\/vahuvahendi-2.jpg","width":1000,"height":1000},{"@type":"BreadcrumbList","@id":"https:\/\/espak.ee\/epood\/toode\/vahuvahendi-foamstop-neutraalne-karcher-125ml\/#breadcrumb","itemListElement":[{"@type":"ListItem","position":1,"name":"Home","item":"https:\/\/espak.ee\/epood\/"},{"@type":"ListItem","position":2,"name":"Tootevalik","item":"https:\/\/espak.ee\/epood\/tootevalik\/"},{"@type":"ListItem","position":3,"name":"VAHUV\u00c4HENDI FOAMSTOP NEUTRAALNE K\u00c4RCHER 125ML"}]},{"@type":"WebSite","@id":"https:\/\/espak.ee\/epood\/#website","url":"https:\/\/espak.ee\/epood\/","name":"Espak E-pood","description":"","potentialAction":[{"@type":"SearchAction","target":{"@type":"EntryPoint","urlTemplate":"https:\/\/espak.ee\/epood\/?s={search_term_string}"},"query-input":{"@type":"PropertyValueSpecification","valueRequired":true,"valueName":"search_term_string"}}],"inLanguage":"et"}]}},"_links":{"self":[{"href":"https:\/\/espak.ee\/epood\/wp-json\/wp\/v2\/product\/113238","targetHints":{"allow":["GET"]}}],"collection":[{"href":"https:\/\/espak.ee\/epood\/wp-json\/wp\/v2\/product"}],"about":[{"href":"https:\/\/espak.ee\/epood\/wp-json\/wp\/v2\/types\/product"}],"replies":[{"embeddable":true,"href":"https:\/\/espak.ee\/epood\/wp-json\/wp\/v2\/comments?post=113238"}],"wp:featuredmedia":[{"embeddable":true,"href":"https:\/\/espak.ee\/epood\/wp-json\/wp\/v2\/media\/113420"}],"wp:attachment":[{"href":"https:\/\/espak.ee\/epood\/wp-json\/wp\/v2\/media?parent=113238"}],"wp:term":[{"taxonomy":"product_brand","embeddable":true,"href":"https:\/\/espak.ee\/epood\/wp-json\/wp\/v2\/product_brand?post=113238"},{"taxonomy":"product_cat","embeddable":true,"href":"https:\/\/espak.ee\/epood\/wp-json\/wp\/v2\/product_cat?post=113238"},{"taxonomy":"product_tag","embeddable":true,"href":"https:\/\/espak.ee\/epood\/wp-json\/wp\/v2\/product_tag?post=113238"}],"curies":[{"name":"wp","href":"https:\/\/api.w.org\/{rel}","templated":true}]}}