{"id":112371,"date":"2022-03-18T04:33:03","date_gmt":"2022-03-18T04:33:03","guid":{"rendered":"https:\/\/espak.ee\/epood\/?post_type=product&#038;p=112371"},"modified":"2024-11-11T18:40:10","modified_gmt":"2024-11-11T16:40:10","slug":"grohe-blue-home-duo-stardikomplekt","status":"publish","type":"product","link":"https:\/\/espak.ee\/epood\/toode\/grohe-blue-home-duo-stardikomplekt\/","title":{"rendered":"GROHE BLUE HOME DUO STARDIKOMPLEKT"},"content":{"rendered":"<div class=\"row\"  id=\"row-1099604758\">\n\n\t<div id=\"col-1918497173\" class=\"col medium-9 small-12 large-9\"  >\n\t\t\t\t<div class=\"col-inner\"  >\n\t\t\t\n\t\t\t\n<h2>Grohe Blue Home Duo stardikomplekt, kroom<\/h2>\n<p>Nutikodu on kohal ja sellest v\u00f5ib abi olla isegi siis, kui soovite nautida kohe k\u00e4ttesaadavat puhast, mullita v\u00f5i mullivett. GROHE Blue Home Duo stardikomplektis on olemas k\u00f5ik, mida vajate filtreeritud ja jahutatud vee nautimiseks \u2013 otse k\u00f6\u00f6gisegistist, koos nutikate funktsioonidega, mis h\u00f5lbustavad kasutamist veelgi. Saate valida gaseerimata, kergelt gaseeritud v\u00f5i gaseeritud vee.<br \/>\n See rakenduse GROHE Ondus** toega \u00fchendatud versioon v\u00f5imaldab nutitelefoni*** abil vett valada, veekulu j\u00e4lgida ja koguni automaatselt filtreid ja CO2-balloone juurde tellida. Seadistada saab kaugelt, telefoni kaudu. Peale selle saab teie veekasutuse statistika siduda terviserakendustega.<br \/>\n Komplektis on koos GROHE Blue \u00fche k\u00e4epidemega segisti ning v\u00e4ikese energiatarbega jahuti, mis sisaldab filtrit ja CO2-ballooni gaseerimiseks. Jahuti mahub k\u00f5igisse \u00fcle 30 cm laiustesse kappidesse, sobides nii suurep\u00e4raselt igasse k\u00f6\u00f6ki. Nii filtri kui ka 425 g CO2-ballooni saab kergesti eemaldada ja v\u00e4lja vahetada. Blue Home Duo segistiga saate lisaks k\u00f5ik hea tehnilise lahendusega ja klassikalise GROHE k\u00f6\u00f6gisegisti eelised. Mugavas k\u00f5rges 150-kraadise p\u00f6\u00f6rdeulatusega tilas on varjul eraldi sisemised veekanalid filtreeritud ja filtreerimata vee tarbeks. Hoobk\u00e4epidemega saate tavalist pesuvett, kuid filtri, jahutus- v\u00f5i gaseerimisfunktsiooni aktiveerimiseks tuleb lihtsalt vajutada LED-valgustustega nuppu. LED-n\u00e4idik annab ka teada, millal filtrikassetti vahetada.<br \/>\n GROHEle iseloomulike elegantsete joontega \u00fcheosalisel k\u00f6\u00f6gisegistil on ka GROHE StarLighti s\u00e4rav kroomkate ning k\u00e4sitsemise h\u00f5lbustamiseks vastupidav GROHE SilkMove\u2019i sisemehhanism. Lisaks ei ole vaja v\u00e4list torustikku, kogu komplekt on kasutusvalmis ja paigaldamine l\u00e4heb kiirelt, v\u00f5ttes vaid 30 minutit.<br \/>\nGROHE Blue Home \u2013 uus nutikas viis nautida puhast filtreeritud vett otse segistist.<\/p>\n<p>* Bluetooth 4.0 ja Wi-Fi-liidesega traadita andmesideks (Bluetoothi s\u00f5nam\u00e4rk ja logod on ettev\u00f5tte Bluetooth SIG, Inc. registreeritud kaubam\u00e4rgid ning ettev\u00f5ttes Grohe AG kasutatakse neid litsentsi alusel. Muud kaubam\u00e4rgid ja -nimed kuuluvad nende vastavatele omanikele.)<br \/>\n** Saadaval tasuta rakenduse iTunes v\u00f5i Google Play poe kaudu.<br \/>\n*** S\u00fcsteemin\u00f5uded: Apple iPhone iOS 9.0 v\u00f5i uuema versiooniga, Androidi nutitelefon Android 4.3 v\u00f5i uuema versiooniga (Apple, Apple\u2019i logo, iPod, iPod Touch, iPhone ja iTunes on ettev\u00f5tte Apple Inc. Ameerika \u00dchendriikides ja muudes riikides registreeritud kaubam\u00e4rgid. Apple ei vastuta selle seadme toimimise ega selle vastavuse eest ohutus- ja normatiivsetele standarditele.)\n<\/p>\n\t\t<\/div>\n\t\t\t\t\t<\/div>\n\n\t\n\n\t<div id=\"col-1128933910\" class=\"col medium-3 small-12 large-3\"  >\n\t\t\t\t<div class=\"col-inner\"  >\n\t\t\t\n\t\t\t\n<h3>Paigaldusjuhend<\/h3>\n<p><a href=\"https:\/\/espak.ee\/epood\/wp-content\/uploads\/2022\/03\/100130929.pdf\" target=\"_blank\" rel=\"noopener noreferrer\"><i class=\"far fa-file-pdf\"><\/i> Paigaldusjuhend (PDF)<\/a><\/p>\n\t<div id=\"gap-1194864140\" class=\"gap-element clearfix\" style=\"display:block; height:auto;\">\n\t\t\n<style>\n#gap-1194864140 {\n  padding-top: 30px;\n}\n<\/style>\n\t<\/div>\n\t\n<p><strong>\u00dcksikasjalikuma n\u00f5u saamiseks v\u00f5tke \u00fchendust:<br \/><\/strong>Grohe AG Eesti filiaal<br \/>Tartu mnt 16<br \/>10117<br \/>Tallinn<br \/>+372 6616354<\/p>\n\t\t<\/div>\n\t\t\t\t\t<\/div>\n\n\t\n<\/div>\n","protected":false},"excerpt":{"rendered":"","protected":false},"featured_media":112494,"comment_status":"closed","ping_status":"closed","template":"","meta":[],"product_brand":[],"product_cat":[2826,2819,2820,2821],"product_tag":[],"class_list":{"0":"post-112371","1":"product","2":"type-product","3":"status-publish","4":"has-post-thumbnail","6":"product_cat-koogisegistid","7":"product_cat-sanitaartehnika","8":"product_cat-sanitaartehnika-sanitaartehnika","9":"product_cat-segistid","10":"pa_kaubamark-grohe-a-g","12":"first","13":"instock","14":"sale","15":"taxable","16":"shipping-taxable","17":"purchasable","18":"product-type-simple"},"yoast_head":"<!-- This site is optimized with the Yoast SEO plugin v26.9 - https:\/\/yoast.com\/product\/yoast-seo-wordpress\/ -->\n<title>GROHE BLUE HOME DUO STARDIKOMPLEKT - Espak E-pood<\/title>\n<meta name=\"robots\" content=\"index, follow, max-snippet:-1, max-image-preview:large, max-video-preview:-1\" \/>\n<link rel=\"canonical\" href=\"https:\/\/espak.ee\/epood\/toode\/grohe-blue-home-duo-stardikomplekt\/\" \/>\n<meta property=\"og:locale\" content=\"et_EE\" \/>\n<meta property=\"og:type\" content=\"article\" \/>\n<meta property=\"og:title\" content=\"GROHE BLUE HOME DUO STARDIKOMPLEKT - Espak E-pood\" \/>\n<meta property=\"og:url\" content=\"https:\/\/espak.ee\/epood\/toode\/grohe-blue-home-duo-stardikomplekt\/\" \/>\n<meta property=\"og:site_name\" content=\"Espak E-pood\" \/>\n<meta property=\"article:modified_time\" content=\"2024-11-11T16:40:10+00:00\" \/>\n<meta property=\"og:image\" content=\"https:\/\/espak.ee\/epood\/wp-content\/uploads\/2022\/03\/31455001.jpg\" \/>\n\t<meta property=\"og:image:width\" content=\"1000\" \/>\n\t<meta property=\"og:image:height\" content=\"1000\" \/>\n\t<meta property=\"og:image:type\" content=\"image\/jpeg\" \/>\n<meta name=\"twitter:card\" content=\"summary_large_image\" \/>\n<meta name=\"twitter:label1\" content=\"Est. reading time\" \/>\n\t<meta name=\"twitter:data1\" content=\"2 minutit\" \/>\n<script type=\"application\/ld+json\" class=\"yoast-schema-graph\">{\"@context\":\"https:\/\/schema.org\",\"@graph\":[{\"@type\":\"WebPage\",\"@id\":\"https:\/\/espak.ee\/epood\/toode\/grohe-blue-home-duo-stardikomplekt\/\",\"url\":\"https:\/\/espak.ee\/epood\/toode\/grohe-blue-home-duo-stardikomplekt\/\",\"name\":\"GROHE BLUE HOME DUO STARDIKOMPLEKT - Espak E-pood\",\"isPartOf\":{\"@id\":\"https:\/\/espak.ee\/epood\/#website\"},\"primaryImageOfPage\":{\"@id\":\"https:\/\/espak.ee\/epood\/toode\/grohe-blue-home-duo-stardikomplekt\/#primaryimage\"},\"image\":{\"@id\":\"https:\/\/espak.ee\/epood\/toode\/grohe-blue-home-duo-stardikomplekt\/#primaryimage\"},\"thumbnailUrl\":\"https:\/\/espak.ee\/epood\/wp-content\/uploads\/2022\/03\/31455001.jpg\",\"datePublished\":\"2022-03-18T04:33:03+00:00\",\"dateModified\":\"2024-11-11T16:40:10+00:00\",\"breadcrumb\":{\"@id\":\"https:\/\/espak.ee\/epood\/toode\/grohe-blue-home-duo-stardikomplekt\/#breadcrumb\"},\"inLanguage\":\"et\",\"potentialAction\":[{\"@type\":\"ReadAction\",\"target\":[\"https:\/\/espak.ee\/epood\/toode\/grohe-blue-home-duo-stardikomplekt\/\"]}]},{\"@type\":\"ImageObject\",\"inLanguage\":\"et\",\"@id\":\"https:\/\/espak.ee\/epood\/toode\/grohe-blue-home-duo-stardikomplekt\/#primaryimage\",\"url\":\"https:\/\/espak.ee\/epood\/wp-content\/uploads\/2022\/03\/31455001.jpg\",\"contentUrl\":\"https:\/\/espak.ee\/epood\/wp-content\/uploads\/2022\/03\/31455001.jpg\",\"width\":1000,\"height\":1000},{\"@type\":\"BreadcrumbList\",\"@id\":\"https:\/\/espak.ee\/epood\/toode\/grohe-blue-home-duo-stardikomplekt\/#breadcrumb\",\"itemListElement\":[{\"@type\":\"ListItem\",\"position\":1,\"name\":\"Home\",\"item\":\"https:\/\/espak.ee\/epood\/\"},{\"@type\":\"ListItem\",\"position\":2,\"name\":\"Tootevalik\",\"item\":\"https:\/\/espak.ee\/epood\/tootevalik\/\"},{\"@type\":\"ListItem\",\"position\":3,\"name\":\"GROHE BLUE HOME DUO STARDIKOMPLEKT\"}]},{\"@type\":\"WebSite\",\"@id\":\"https:\/\/espak.ee\/epood\/#website\",\"url\":\"https:\/\/espak.ee\/epood\/\",\"name\":\"Espak E-pood\",\"description\":\"\",\"potentialAction\":[{\"@type\":\"SearchAction\",\"target\":{\"@type\":\"EntryPoint\",\"urlTemplate\":\"https:\/\/espak.ee\/epood\/?s={search_term_string}\"},\"query-input\":{\"@type\":\"PropertyValueSpecification\",\"valueRequired\":true,\"valueName\":\"search_term_string\"}}],\"inLanguage\":\"et\"}]}<\/script>\n<!-- \/ Yoast SEO plugin. -->","yoast_head_json":{"title":"GROHE BLUE HOME DUO STARDIKOMPLEKT - Espak E-pood","robots":{"index":"index","follow":"follow","max-snippet":"max-snippet:-1","max-image-preview":"max-image-preview:large","max-video-preview":"max-video-preview:-1"},"canonical":"https:\/\/espak.ee\/epood\/toode\/grohe-blue-home-duo-stardikomplekt\/","og_locale":"et_EE","og_type":"article","og_title":"GROHE BLUE HOME DUO STARDIKOMPLEKT - Espak E-pood","og_url":"https:\/\/espak.ee\/epood\/toode\/grohe-blue-home-duo-stardikomplekt\/","og_site_name":"Espak E-pood","article_modified_time":"2024-11-11T16:40:10+00:00","og_image":[{"width":1000,"height":1000,"url":"https:\/\/espak.ee\/epood\/wp-content\/uploads\/2022\/03\/31455001.jpg","type":"image\/jpeg"}],"twitter_card":"summary_large_image","twitter_misc":{"Est. reading time":"2 minutit"},"schema":{"@context":"https:\/\/schema.org","@graph":[{"@type":"WebPage","@id":"https:\/\/espak.ee\/epood\/toode\/grohe-blue-home-duo-stardikomplekt\/","url":"https:\/\/espak.ee\/epood\/toode\/grohe-blue-home-duo-stardikomplekt\/","name":"GROHE BLUE HOME DUO STARDIKOMPLEKT - Espak E-pood","isPartOf":{"@id":"https:\/\/espak.ee\/epood\/#website"},"primaryImageOfPage":{"@id":"https:\/\/espak.ee\/epood\/toode\/grohe-blue-home-duo-stardikomplekt\/#primaryimage"},"image":{"@id":"https:\/\/espak.ee\/epood\/toode\/grohe-blue-home-duo-stardikomplekt\/#primaryimage"},"thumbnailUrl":"https:\/\/espak.ee\/epood\/wp-content\/uploads\/2022\/03\/31455001.jpg","datePublished":"2022-03-18T04:33:03+00:00","dateModified":"2024-11-11T16:40:10+00:00","breadcrumb":{"@id":"https:\/\/espak.ee\/epood\/toode\/grohe-blue-home-duo-stardikomplekt\/#breadcrumb"},"inLanguage":"et","potentialAction":[{"@type":"ReadAction","target":["https:\/\/espak.ee\/epood\/toode\/grohe-blue-home-duo-stardikomplekt\/"]}]},{"@type":"ImageObject","inLanguage":"et","@id":"https:\/\/espak.ee\/epood\/toode\/grohe-blue-home-duo-stardikomplekt\/#primaryimage","url":"https:\/\/espak.ee\/epood\/wp-content\/uploads\/2022\/03\/31455001.jpg","contentUrl":"https:\/\/espak.ee\/epood\/wp-content\/uploads\/2022\/03\/31455001.jpg","width":1000,"height":1000},{"@type":"BreadcrumbList","@id":"https:\/\/espak.ee\/epood\/toode\/grohe-blue-home-duo-stardikomplekt\/#breadcrumb","itemListElement":[{"@type":"ListItem","position":1,"name":"Home","item":"https:\/\/espak.ee\/epood\/"},{"@type":"ListItem","position":2,"name":"Tootevalik","item":"https:\/\/espak.ee\/epood\/tootevalik\/"},{"@type":"ListItem","position":3,"name":"GROHE BLUE HOME DUO STARDIKOMPLEKT"}]},{"@type":"WebSite","@id":"https:\/\/espak.ee\/epood\/#website","url":"https:\/\/espak.ee\/epood\/","name":"Espak E-pood","description":"","potentialAction":[{"@type":"SearchAction","target":{"@type":"EntryPoint","urlTemplate":"https:\/\/espak.ee\/epood\/?s={search_term_string}"},"query-input":{"@type":"PropertyValueSpecification","valueRequired":true,"valueName":"search_term_string"}}],"inLanguage":"et"}]}},"_links":{"self":[{"href":"https:\/\/espak.ee\/epood\/wp-json\/wp\/v2\/product\/112371","targetHints":{"allow":["GET"]}}],"collection":[{"href":"https:\/\/espak.ee\/epood\/wp-json\/wp\/v2\/product"}],"about":[{"href":"https:\/\/espak.ee\/epood\/wp-json\/wp\/v2\/types\/product"}],"replies":[{"embeddable":true,"href":"https:\/\/espak.ee\/epood\/wp-json\/wp\/v2\/comments?post=112371"}],"wp:featuredmedia":[{"embeddable":true,"href":"https:\/\/espak.ee\/epood\/wp-json\/wp\/v2\/media\/112494"}],"wp:attachment":[{"href":"https:\/\/espak.ee\/epood\/wp-json\/wp\/v2\/media?parent=112371"}],"wp:term":[{"taxonomy":"product_brand","embeddable":true,"href":"https:\/\/espak.ee\/epood\/wp-json\/wp\/v2\/product_brand?post=112371"},{"taxonomy":"product_cat","embeddable":true,"href":"https:\/\/espak.ee\/epood\/wp-json\/wp\/v2\/product_cat?post=112371"},{"taxonomy":"product_tag","embeddable":true,"href":"https:\/\/espak.ee\/epood\/wp-json\/wp\/v2\/product_tag?post=112371"}],"curies":[{"name":"wp","href":"https:\/\/api.w.org\/{rel}","templated":true}]}}