{"id":111936,"date":"2022-03-16T04:16:18","date_gmt":"2022-03-16T04:16:18","guid":{"rendered":"https:\/\/espak.ee\/epood\/?post_type=product&#038;p=111936"},"modified":"2024-03-23T04:18:09","modified_gmt":"2024-03-23T02:18:09","slug":"kattekile-tesa-easy-cover-precision-maalriteibiga-4402-33m1400mm","status":"publish","type":"product","link":"https:\/\/espak.ee\/epood\/toode\/kattekile-tesa-easy-cover-precision-maalriteibiga-4402-33m1400mm\/","title":{"rendered":"KATTEKILE TESA EASY COVER PRECISION MAALRITEIBIGA 4402 33M*1400MM"},"content":{"rendered":"<div class=\"row\"  id=\"row-1969759253\">\n\n\t<div id=\"col-184178544\" class=\"col medium-9 small-12 large-9\"  >\n\t\t\t\t<div class=\"col-inner\"  >\n\t\t\t\n\t\t\t\n<h3>tesa\u00ae kattekile Easy Cover Precision maalriteibiga 4402<\/h3>\n<p>Tesa Easy Cover\u00ae 4402 kattekilega s\u00e4\u00e4state nii aega kui ka vaeva. Praktilise 2-in-1 lahendusega saate kaitsta oma \u00fcmbrust kiiresti ja turvaliselt vaid \u00fche t\u00f6\u00f6etapiga.<br \/>\n T\u00e4nu erinevatele suurustele saate katta kiiresti isegi suured pinnad \u2013 m\u00f6\u00f6bli, p\u00f5randad v\u00f5i seinad. <\/p>\n<div class=\"message-box relative\" style=\"padding-top:15px;padding-bottom:15px;\"><div class=\"message-box-bg-image bg-fill fill\" ><\/div><div class=\"message-box-bg-overlay bg-fill fill\" ><\/div><div class=\"container relative\"><div class=\"inner last-reset\">\n<div class=\"row align-middle align-center\"  id=\"row-43061125\">\n\n\t<div id=\"col-2019989276\" class=\"col small-12 large-12\"  >\n\t\t\t\t<div class=\"col-inner text-left\"  >\n\t\t\t\n\t\t\t\n<h4>Omadused<\/h4>\n<div class=\"row\"  id=\"row-1535287063\">\n\n\t<div id=\"col-246012405\" class=\"col medium-6 small-12 large-6\"  >\n\t\t\t\t<div class=\"col-inner\"  >\n\t\t\t\n\t\t\t\n<p><i class=\"fa fa-check fa-2x\"><\/i> <strong> Aegas\u00e4\u00e4stev kaks-\u00fches lahendus <\/strong><\/p>\n<p><i class=\"fa fa-check fa-2x\"><\/i> <strong> Eemaldatav j\u00e4lgi j\u00e4tmata sisetingimustes 3 kuu jooksul <\/strong><\/p>\n\t\t<\/div>\n\t\t\t\t\n<style>\n#col-246012405 > .col-inner {\n  margin: 0px 0px 15px 0px;\n}\n<\/style>\n\t<\/div>\n\n\t\n\n\t<div id=\"col-1861226642\" class=\"col medium-6 small-12 large-6\"  >\n\t\t\t\t<div class=\"col-inner\"  >\n\t\t\t\n\t\t\t\n<p><i class=\"fa fa-check fa-2x\"><\/i> <strong> Ideaalne abivahend siseruumide v\u00e4rvimist\u00f6\u00f6del<\/strong><\/p>\n<p><i class=\"fa fa-check fa-2x\"><\/i> <strong> UV-kindlus 4 n\u00e4dalat<\/strong><\/p>\n\t\t<\/div>\n\t\t\t\t\n<style>\n#col-1861226642 > .col-inner {\n  margin: 0px 0px 15px 0px;\n}\n<\/style>\n\t<\/div>\n\n\t\n<\/div>\n\t\t<\/div>\n\t\t\t\t\t<\/div>\n\n\t\n<\/div>\n<\/div><\/div><\/div>\n\t<div id=\"gap-942553723\" class=\"gap-element clearfix\" style=\"display:block; height:auto;\">\n\t\t\n<style>\n#gap-942553723 {\n  padding-top: 30px;\n}\n<\/style>\n\t<\/div>\n\t\n\t\t<\/div>\n\t\t\t\t\t<\/div>\n\n\t\n\n\t<div id=\"col-440499487\" class=\"col medium-3 small-12 large-3\"  >\n\t\t\t\t<div class=\"col-inner\"  >\n\t\t\t\n\t\t\t\n<p><strong>\u00dcksikasjalikuma n\u00f5u saamiseks v\u00f5tke \u00fchendust:<br \/><\/strong>tesa tape UAB<br \/>Sepise 1<br \/>11415<br \/>Tallinn<br \/>+372 6401 366<\/p>\n<div class=\"is-divider divider clearfix\" ><\/div>\n\t\t<\/div>\n\t\t\t\t\t<\/div>\n\n\t\n<\/div>\n","protected":false},"excerpt":{"rendered":"","protected":false},"featured_media":112007,"comment_status":"closed","ping_status":"closed","template":"","meta":[],"product_brand":[],"product_cat":[2926,2908,2907,2683],"product_tag":[],"class_list":{"0":"post-111936","1":"product","2":"type-product","3":"status-publish","4":"has-post-thumbnail","6":"product_cat-kattekiled-ja-paberid","7":"product_cat-teibid","8":"product_cat-teibid-ja-armeerimismaterjalid","9":"product_cat-viimistluskaubad","10":"pa_kaubamark-tesa-as","12":"first","13":"instock","14":"sale","15":"taxable","16":"shipping-taxable","17":"purchasable","18":"product-type-simple"},"yoast_head":"<!-- This site is optimized with the Yoast SEO plugin v26.9 - https:\/\/yoast.com\/product\/yoast-seo-wordpress\/ -->\n<title>KATTEKILE TESA EASY COVER PRECISION MAALRITEIBIGA 4402 33M*1400MM - Espak E-pood<\/title>\n<meta name=\"robots\" content=\"index, follow, max-snippet:-1, max-image-preview:large, max-video-preview:-1\" \/>\n<link rel=\"canonical\" href=\"https:\/\/espak.ee\/epood\/toode\/kattekile-tesa-easy-cover-precision-maalriteibiga-4402-33m1400mm\/\" \/>\n<meta property=\"og:locale\" content=\"et_EE\" \/>\n<meta property=\"og:type\" content=\"article\" \/>\n<meta property=\"og:title\" content=\"KATTEKILE TESA EASY COVER PRECISION MAALRITEIBIGA 4402 33M*1400MM - Espak E-pood\" \/>\n<meta property=\"og:url\" content=\"https:\/\/espak.ee\/epood\/toode\/kattekile-tesa-easy-cover-precision-maalriteibiga-4402-33m1400mm\/\" \/>\n<meta property=\"og:site_name\" content=\"Espak E-pood\" \/>\n<meta property=\"article:modified_time\" content=\"2024-03-23T02:18:09+00:00\" \/>\n<meta property=\"og:image\" content=\"https:\/\/espak.ee\/epood\/wp-content\/uploads\/2022\/03\/tesa-4042448479150-04402-00002-li490-front-pa2112598_canvas16x9_18.jpg\" \/>\n\t<meta property=\"og:image:width\" content=\"1000\" \/>\n\t<meta property=\"og:image:height\" content=\"1000\" \/>\n\t<meta property=\"og:image:type\" content=\"image\/jpeg\" \/>\n<meta name=\"twitter:card\" content=\"summary_large_image\" \/>\n<meta name=\"twitter:label1\" content=\"Est. reading time\" \/>\n\t<meta name=\"twitter:data1\" content=\"1 minut\" \/>\n<script type=\"application\/ld+json\" class=\"yoast-schema-graph\">{\"@context\":\"https:\/\/schema.org\",\"@graph\":[{\"@type\":\"WebPage\",\"@id\":\"https:\/\/espak.ee\/epood\/toode\/kattekile-tesa-easy-cover-precision-maalriteibiga-4402-33m1400mm\/\",\"url\":\"https:\/\/espak.ee\/epood\/toode\/kattekile-tesa-easy-cover-precision-maalriteibiga-4402-33m1400mm\/\",\"name\":\"KATTEKILE TESA EASY COVER PRECISION MAALRITEIBIGA 4402 33M*1400MM - Espak E-pood\",\"isPartOf\":{\"@id\":\"https:\/\/espak.ee\/epood\/#website\"},\"primaryImageOfPage\":{\"@id\":\"https:\/\/espak.ee\/epood\/toode\/kattekile-tesa-easy-cover-precision-maalriteibiga-4402-33m1400mm\/#primaryimage\"},\"image\":{\"@id\":\"https:\/\/espak.ee\/epood\/toode\/kattekile-tesa-easy-cover-precision-maalriteibiga-4402-33m1400mm\/#primaryimage\"},\"thumbnailUrl\":\"https:\/\/espak.ee\/epood\/wp-content\/uploads\/2022\/03\/tesa-4042448479150-04402-00002-li490-front-pa2112598_canvas16x9_18.jpg\",\"datePublished\":\"2022-03-16T04:16:18+00:00\",\"dateModified\":\"2024-03-23T02:18:09+00:00\",\"breadcrumb\":{\"@id\":\"https:\/\/espak.ee\/epood\/toode\/kattekile-tesa-easy-cover-precision-maalriteibiga-4402-33m1400mm\/#breadcrumb\"},\"inLanguage\":\"et\",\"potentialAction\":[{\"@type\":\"ReadAction\",\"target\":[\"https:\/\/espak.ee\/epood\/toode\/kattekile-tesa-easy-cover-precision-maalriteibiga-4402-33m1400mm\/\"]}]},{\"@type\":\"ImageObject\",\"inLanguage\":\"et\",\"@id\":\"https:\/\/espak.ee\/epood\/toode\/kattekile-tesa-easy-cover-precision-maalriteibiga-4402-33m1400mm\/#primaryimage\",\"url\":\"https:\/\/espak.ee\/epood\/wp-content\/uploads\/2022\/03\/tesa-4042448479150-04402-00002-li490-front-pa2112598_canvas16x9_18.jpg\",\"contentUrl\":\"https:\/\/espak.ee\/epood\/wp-content\/uploads\/2022\/03\/tesa-4042448479150-04402-00002-li490-front-pa2112598_canvas16x9_18.jpg\",\"width\":1000,\"height\":1000},{\"@type\":\"BreadcrumbList\",\"@id\":\"https:\/\/espak.ee\/epood\/toode\/kattekile-tesa-easy-cover-precision-maalriteibiga-4402-33m1400mm\/#breadcrumb\",\"itemListElement\":[{\"@type\":\"ListItem\",\"position\":1,\"name\":\"Home\",\"item\":\"https:\/\/espak.ee\/epood\/\"},{\"@type\":\"ListItem\",\"position\":2,\"name\":\"Tootevalik\",\"item\":\"https:\/\/espak.ee\/epood\/tootevalik\/\"},{\"@type\":\"ListItem\",\"position\":3,\"name\":\"KATTEKILE TESA EASY COVER PRECISION MAALRITEIBIGA 4402 33M*1400MM\"}]},{\"@type\":\"WebSite\",\"@id\":\"https:\/\/espak.ee\/epood\/#website\",\"url\":\"https:\/\/espak.ee\/epood\/\",\"name\":\"Espak E-pood\",\"description\":\"\",\"potentialAction\":[{\"@type\":\"SearchAction\",\"target\":{\"@type\":\"EntryPoint\",\"urlTemplate\":\"https:\/\/espak.ee\/epood\/?s={search_term_string}\"},\"query-input\":{\"@type\":\"PropertyValueSpecification\",\"valueRequired\":true,\"valueName\":\"search_term_string\"}}],\"inLanguage\":\"et\"}]}<\/script>\n<!-- \/ Yoast SEO plugin. -->","yoast_head_json":{"title":"KATTEKILE TESA EASY COVER PRECISION MAALRITEIBIGA 4402 33M*1400MM - Espak E-pood","robots":{"index":"index","follow":"follow","max-snippet":"max-snippet:-1","max-image-preview":"max-image-preview:large","max-video-preview":"max-video-preview:-1"},"canonical":"https:\/\/espak.ee\/epood\/toode\/kattekile-tesa-easy-cover-precision-maalriteibiga-4402-33m1400mm\/","og_locale":"et_EE","og_type":"article","og_title":"KATTEKILE TESA EASY COVER PRECISION MAALRITEIBIGA 4402 33M*1400MM - Espak E-pood","og_url":"https:\/\/espak.ee\/epood\/toode\/kattekile-tesa-easy-cover-precision-maalriteibiga-4402-33m1400mm\/","og_site_name":"Espak E-pood","article_modified_time":"2024-03-23T02:18:09+00:00","og_image":[{"width":1000,"height":1000,"url":"https:\/\/espak.ee\/epood\/wp-content\/uploads\/2022\/03\/tesa-4042448479150-04402-00002-li490-front-pa2112598_canvas16x9_18.jpg","type":"image\/jpeg"}],"twitter_card":"summary_large_image","twitter_misc":{"Est. reading time":"1 minut"},"schema":{"@context":"https:\/\/schema.org","@graph":[{"@type":"WebPage","@id":"https:\/\/espak.ee\/epood\/toode\/kattekile-tesa-easy-cover-precision-maalriteibiga-4402-33m1400mm\/","url":"https:\/\/espak.ee\/epood\/toode\/kattekile-tesa-easy-cover-precision-maalriteibiga-4402-33m1400mm\/","name":"KATTEKILE TESA EASY COVER PRECISION MAALRITEIBIGA 4402 33M*1400MM - Espak E-pood","isPartOf":{"@id":"https:\/\/espak.ee\/epood\/#website"},"primaryImageOfPage":{"@id":"https:\/\/espak.ee\/epood\/toode\/kattekile-tesa-easy-cover-precision-maalriteibiga-4402-33m1400mm\/#primaryimage"},"image":{"@id":"https:\/\/espak.ee\/epood\/toode\/kattekile-tesa-easy-cover-precision-maalriteibiga-4402-33m1400mm\/#primaryimage"},"thumbnailUrl":"https:\/\/espak.ee\/epood\/wp-content\/uploads\/2022\/03\/tesa-4042448479150-04402-00002-li490-front-pa2112598_canvas16x9_18.jpg","datePublished":"2022-03-16T04:16:18+00:00","dateModified":"2024-03-23T02:18:09+00:00","breadcrumb":{"@id":"https:\/\/espak.ee\/epood\/toode\/kattekile-tesa-easy-cover-precision-maalriteibiga-4402-33m1400mm\/#breadcrumb"},"inLanguage":"et","potentialAction":[{"@type":"ReadAction","target":["https:\/\/espak.ee\/epood\/toode\/kattekile-tesa-easy-cover-precision-maalriteibiga-4402-33m1400mm\/"]}]},{"@type":"ImageObject","inLanguage":"et","@id":"https:\/\/espak.ee\/epood\/toode\/kattekile-tesa-easy-cover-precision-maalriteibiga-4402-33m1400mm\/#primaryimage","url":"https:\/\/espak.ee\/epood\/wp-content\/uploads\/2022\/03\/tesa-4042448479150-04402-00002-li490-front-pa2112598_canvas16x9_18.jpg","contentUrl":"https:\/\/espak.ee\/epood\/wp-content\/uploads\/2022\/03\/tesa-4042448479150-04402-00002-li490-front-pa2112598_canvas16x9_18.jpg","width":1000,"height":1000},{"@type":"BreadcrumbList","@id":"https:\/\/espak.ee\/epood\/toode\/kattekile-tesa-easy-cover-precision-maalriteibiga-4402-33m1400mm\/#breadcrumb","itemListElement":[{"@type":"ListItem","position":1,"name":"Home","item":"https:\/\/espak.ee\/epood\/"},{"@type":"ListItem","position":2,"name":"Tootevalik","item":"https:\/\/espak.ee\/epood\/tootevalik\/"},{"@type":"ListItem","position":3,"name":"KATTEKILE TESA EASY COVER PRECISION MAALRITEIBIGA 4402 33M*1400MM"}]},{"@type":"WebSite","@id":"https:\/\/espak.ee\/epood\/#website","url":"https:\/\/espak.ee\/epood\/","name":"Espak E-pood","description":"","potentialAction":[{"@type":"SearchAction","target":{"@type":"EntryPoint","urlTemplate":"https:\/\/espak.ee\/epood\/?s={search_term_string}"},"query-input":{"@type":"PropertyValueSpecification","valueRequired":true,"valueName":"search_term_string"}}],"inLanguage":"et"}]}},"_links":{"self":[{"href":"https:\/\/espak.ee\/epood\/wp-json\/wp\/v2\/product\/111936","targetHints":{"allow":["GET"]}}],"collection":[{"href":"https:\/\/espak.ee\/epood\/wp-json\/wp\/v2\/product"}],"about":[{"href":"https:\/\/espak.ee\/epood\/wp-json\/wp\/v2\/types\/product"}],"replies":[{"embeddable":true,"href":"https:\/\/espak.ee\/epood\/wp-json\/wp\/v2\/comments?post=111936"}],"wp:featuredmedia":[{"embeddable":true,"href":"https:\/\/espak.ee\/epood\/wp-json\/wp\/v2\/media\/112007"}],"wp:attachment":[{"href":"https:\/\/espak.ee\/epood\/wp-json\/wp\/v2\/media?parent=111936"}],"wp:term":[{"taxonomy":"product_brand","embeddable":true,"href":"https:\/\/espak.ee\/epood\/wp-json\/wp\/v2\/product_brand?post=111936"},{"taxonomy":"product_cat","embeddable":true,"href":"https:\/\/espak.ee\/epood\/wp-json\/wp\/v2\/product_cat?post=111936"},{"taxonomy":"product_tag","embeddable":true,"href":"https:\/\/espak.ee\/epood\/wp-json\/wp\/v2\/product_tag?post=111936"}],"curies":[{"name":"wp","href":"https:\/\/api.w.org\/{rel}","templated":true}]}}