{"id":111680,"date":"2022-03-15T01:30:38","date_gmt":"2022-03-15T01:30:38","guid":{"rendered":"https:\/\/espak.ee\/epood\/?post_type=product&#038;p=111680"},"modified":"2024-10-15T18:25:41","modified_gmt":"2024-10-15T15:25:41","slug":"lindude-soogilaud-tass-assortii","status":"publish","type":"product","link":"https:\/\/espak.ee\/epood\/toode\/lindude-soogilaud-tass-assortii\/","title":{"rendered":"LINDUDE S\u00d6\u00d6GILAUD TASS, ASSORTII"},"content":{"rendered":"<div class=\"row\"  id=\"row-1421447939\">\n\n\t<div id=\"col-137373831\" class=\"col medium-9 small-12 large-9\"  >\n\t\t\t\t<div class=\"col-inner\"  >\n\t\t\t\n\t\t\t\n<h3>Lindude s\u00f6\u00f6gilaud Tass, valik<\/h3>\n<p>Lindude s\u00f6\u00f6gialus, mida on lihtne ketiga riputada. Tassi sees oleva konksu otsa saab riputada rasvapalli, pekit\u00fcki v\u00f5i m\u00f5ne muu maiuse.<br \/>\n Valikus 4 erinevat kujundust. <\/p>\n<p>* Toote disain pole vabalt valitav. Eelistustest v\u00f5ite teada anda e-posti aadressile <a href=\"mailto:epood@espak.ee\">epood@espak.ee<\/a>, kuid k\u00f5igi kujunduste saadavust ei saa garanteerida.<\/p>\n\t\t<\/div>\n\t\t\t\t\t<\/div>\n\n\t\n\n\t<div id=\"col-1443155800\" class=\"col medium-3 small-12 large-3\"  >\n\t\t\t\t<div class=\"col-inner\"  >\n\t\t\t\n\t\t\t\n<div class=\"is-divider divider clearfix\" ><\/div>\n<p><strong>\u00dcksikasjalikuma n\u00f5u saamiseks v\u00f5tke \u00fchendust:<br \/><\/strong>Espak AS<br \/>Viadukti 42<br \/>11313<br \/>Tallinn<br \/>+372 6 512333<\/p>\n\t\t<\/div>\n\t\t\t\t\t<\/div>\n\n\t\n<\/div>\n","protected":false},"excerpt":{"rendered":"","protected":false},"featured_media":111798,"comment_status":"closed","ping_status":"closed","template":"","meta":[],"product_brand":[],"product_cat":[2789,2788,3469,3346],"product_tag":[],"class_list":{"0":"post-111680","1":"product","2":"type-product","3":"status-publish","4":"has-post-thumbnail","6":"product_cat-aiatarbed","7":"product_cat-aiatarbed-ja-kodukaubad","8":"product_cat-linnusoodamajad","9":"product_cat-seemned-ja-sibulad","10":"pa_kaubamark-esschert-design-bv","12":"first","13":"outofstock","14":"sale","15":"taxable","16":"shipping-taxable","17":"purchasable","18":"product-type-simple"},"yoast_head":"<!-- This site is optimized with the Yoast SEO plugin v26.9 - https:\/\/yoast.com\/product\/yoast-seo-wordpress\/ -->\n<title>LINDUDE S\u00d6\u00d6GILAUD TASS, ASSORTII - Espak E-pood<\/title>\n<meta name=\"robots\" content=\"index, follow, max-snippet:-1, max-image-preview:large, max-video-preview:-1\" \/>\n<link rel=\"canonical\" href=\"https:\/\/espak.ee\/epood\/toode\/lindude-soogilaud-tass-assortii\/\" \/>\n<meta property=\"og:locale\" content=\"et_EE\" \/>\n<meta property=\"og:type\" content=\"article\" \/>\n<meta property=\"og:title\" content=\"LINDUDE S\u00d6\u00d6GILAUD TASS, ASSORTII - Espak E-pood\" \/>\n<meta property=\"og:url\" content=\"https:\/\/espak.ee\/epood\/toode\/lindude-soogilaud-tass-assortii\/\" \/>\n<meta property=\"og:site_name\" content=\"Espak E-pood\" \/>\n<meta property=\"article:modified_time\" content=\"2024-10-15T15:25:41+00:00\" \/>\n<meta property=\"og:image\" content=\"https:\/\/espak.ee\/epood\/wp-content\/uploads\/2022\/03\/FB242_01.png\" \/>\n\t<meta property=\"og:image:width\" content=\"1240\" \/>\n\t<meta property=\"og:image:height\" content=\"1240\" \/>\n\t<meta property=\"og:image:type\" content=\"image\/png\" \/>\n<meta name=\"twitter:card\" content=\"summary_large_image\" \/>\n<script type=\"application\/ld+json\" class=\"yoast-schema-graph\">{\"@context\":\"https:\/\/schema.org\",\"@graph\":[{\"@type\":\"WebPage\",\"@id\":\"https:\/\/espak.ee\/epood\/toode\/lindude-soogilaud-tass-assortii\/\",\"url\":\"https:\/\/espak.ee\/epood\/toode\/lindude-soogilaud-tass-assortii\/\",\"name\":\"LINDUDE S\u00d6\u00d6GILAUD TASS, ASSORTII - Espak E-pood\",\"isPartOf\":{\"@id\":\"https:\/\/espak.ee\/epood\/#website\"},\"primaryImageOfPage\":{\"@id\":\"https:\/\/espak.ee\/epood\/toode\/lindude-soogilaud-tass-assortii\/#primaryimage\"},\"image\":{\"@id\":\"https:\/\/espak.ee\/epood\/toode\/lindude-soogilaud-tass-assortii\/#primaryimage\"},\"thumbnailUrl\":\"https:\/\/espak.ee\/epood\/wp-content\/uploads\/2022\/03\/FB242_01.png\",\"datePublished\":\"2022-03-15T01:30:38+00:00\",\"dateModified\":\"2024-10-15T15:25:41+00:00\",\"breadcrumb\":{\"@id\":\"https:\/\/espak.ee\/epood\/toode\/lindude-soogilaud-tass-assortii\/#breadcrumb\"},\"inLanguage\":\"et\",\"potentialAction\":[{\"@type\":\"ReadAction\",\"target\":[\"https:\/\/espak.ee\/epood\/toode\/lindude-soogilaud-tass-assortii\/\"]}]},{\"@type\":\"ImageObject\",\"inLanguage\":\"et\",\"@id\":\"https:\/\/espak.ee\/epood\/toode\/lindude-soogilaud-tass-assortii\/#primaryimage\",\"url\":\"https:\/\/espak.ee\/epood\/wp-content\/uploads\/2022\/03\/FB242_01.png\",\"contentUrl\":\"https:\/\/espak.ee\/epood\/wp-content\/uploads\/2022\/03\/FB242_01.png\",\"width\":1240,\"height\":1240},{\"@type\":\"BreadcrumbList\",\"@id\":\"https:\/\/espak.ee\/epood\/toode\/lindude-soogilaud-tass-assortii\/#breadcrumb\",\"itemListElement\":[{\"@type\":\"ListItem\",\"position\":1,\"name\":\"Home\",\"item\":\"https:\/\/espak.ee\/epood\/\"},{\"@type\":\"ListItem\",\"position\":2,\"name\":\"Tootevalik\",\"item\":\"https:\/\/espak.ee\/epood\/tootevalik\/\"},{\"@type\":\"ListItem\",\"position\":3,\"name\":\"LINDUDE S\u00d6\u00d6GILAUD TASS, ASSORTII\"}]},{\"@type\":\"WebSite\",\"@id\":\"https:\/\/espak.ee\/epood\/#website\",\"url\":\"https:\/\/espak.ee\/epood\/\",\"name\":\"Espak E-pood\",\"description\":\"\",\"potentialAction\":[{\"@type\":\"SearchAction\",\"target\":{\"@type\":\"EntryPoint\",\"urlTemplate\":\"https:\/\/espak.ee\/epood\/?s={search_term_string}\"},\"query-input\":{\"@type\":\"PropertyValueSpecification\",\"valueRequired\":true,\"valueName\":\"search_term_string\"}}],\"inLanguage\":\"et\"}]}<\/script>\n<!-- \/ Yoast SEO plugin. -->","yoast_head_json":{"title":"LINDUDE S\u00d6\u00d6GILAUD TASS, ASSORTII - Espak E-pood","robots":{"index":"index","follow":"follow","max-snippet":"max-snippet:-1","max-image-preview":"max-image-preview:large","max-video-preview":"max-video-preview:-1"},"canonical":"https:\/\/espak.ee\/epood\/toode\/lindude-soogilaud-tass-assortii\/","og_locale":"et_EE","og_type":"article","og_title":"LINDUDE S\u00d6\u00d6GILAUD TASS, ASSORTII - Espak E-pood","og_url":"https:\/\/espak.ee\/epood\/toode\/lindude-soogilaud-tass-assortii\/","og_site_name":"Espak E-pood","article_modified_time":"2024-10-15T15:25:41+00:00","og_image":[{"width":1240,"height":1240,"url":"https:\/\/espak.ee\/epood\/wp-content\/uploads\/2022\/03\/FB242_01.png","type":"image\/png"}],"twitter_card":"summary_large_image","schema":{"@context":"https:\/\/schema.org","@graph":[{"@type":"WebPage","@id":"https:\/\/espak.ee\/epood\/toode\/lindude-soogilaud-tass-assortii\/","url":"https:\/\/espak.ee\/epood\/toode\/lindude-soogilaud-tass-assortii\/","name":"LINDUDE S\u00d6\u00d6GILAUD TASS, ASSORTII - Espak E-pood","isPartOf":{"@id":"https:\/\/espak.ee\/epood\/#website"},"primaryImageOfPage":{"@id":"https:\/\/espak.ee\/epood\/toode\/lindude-soogilaud-tass-assortii\/#primaryimage"},"image":{"@id":"https:\/\/espak.ee\/epood\/toode\/lindude-soogilaud-tass-assortii\/#primaryimage"},"thumbnailUrl":"https:\/\/espak.ee\/epood\/wp-content\/uploads\/2022\/03\/FB242_01.png","datePublished":"2022-03-15T01:30:38+00:00","dateModified":"2024-10-15T15:25:41+00:00","breadcrumb":{"@id":"https:\/\/espak.ee\/epood\/toode\/lindude-soogilaud-tass-assortii\/#breadcrumb"},"inLanguage":"et","potentialAction":[{"@type":"ReadAction","target":["https:\/\/espak.ee\/epood\/toode\/lindude-soogilaud-tass-assortii\/"]}]},{"@type":"ImageObject","inLanguage":"et","@id":"https:\/\/espak.ee\/epood\/toode\/lindude-soogilaud-tass-assortii\/#primaryimage","url":"https:\/\/espak.ee\/epood\/wp-content\/uploads\/2022\/03\/FB242_01.png","contentUrl":"https:\/\/espak.ee\/epood\/wp-content\/uploads\/2022\/03\/FB242_01.png","width":1240,"height":1240},{"@type":"BreadcrumbList","@id":"https:\/\/espak.ee\/epood\/toode\/lindude-soogilaud-tass-assortii\/#breadcrumb","itemListElement":[{"@type":"ListItem","position":1,"name":"Home","item":"https:\/\/espak.ee\/epood\/"},{"@type":"ListItem","position":2,"name":"Tootevalik","item":"https:\/\/espak.ee\/epood\/tootevalik\/"},{"@type":"ListItem","position":3,"name":"LINDUDE S\u00d6\u00d6GILAUD TASS, ASSORTII"}]},{"@type":"WebSite","@id":"https:\/\/espak.ee\/epood\/#website","url":"https:\/\/espak.ee\/epood\/","name":"Espak E-pood","description":"","potentialAction":[{"@type":"SearchAction","target":{"@type":"EntryPoint","urlTemplate":"https:\/\/espak.ee\/epood\/?s={search_term_string}"},"query-input":{"@type":"PropertyValueSpecification","valueRequired":true,"valueName":"search_term_string"}}],"inLanguage":"et"}]}},"_links":{"self":[{"href":"https:\/\/espak.ee\/epood\/wp-json\/wp\/v2\/product\/111680","targetHints":{"allow":["GET"]}}],"collection":[{"href":"https:\/\/espak.ee\/epood\/wp-json\/wp\/v2\/product"}],"about":[{"href":"https:\/\/espak.ee\/epood\/wp-json\/wp\/v2\/types\/product"}],"replies":[{"embeddable":true,"href":"https:\/\/espak.ee\/epood\/wp-json\/wp\/v2\/comments?post=111680"}],"wp:featuredmedia":[{"embeddable":true,"href":"https:\/\/espak.ee\/epood\/wp-json\/wp\/v2\/media\/111798"}],"wp:attachment":[{"href":"https:\/\/espak.ee\/epood\/wp-json\/wp\/v2\/media?parent=111680"}],"wp:term":[{"taxonomy":"product_brand","embeddable":true,"href":"https:\/\/espak.ee\/epood\/wp-json\/wp\/v2\/product_brand?post=111680"},{"taxonomy":"product_cat","embeddable":true,"href":"https:\/\/espak.ee\/epood\/wp-json\/wp\/v2\/product_cat?post=111680"},{"taxonomy":"product_tag","embeddable":true,"href":"https:\/\/espak.ee\/epood\/wp-json\/wp\/v2\/product_tag?post=111680"}],"curies":[{"name":"wp","href":"https:\/\/api.w.org\/{rel}","templated":true}]}}