{"id":111394,"date":"2022-03-11T06:06:41","date_gmt":"2022-03-11T06:06:41","guid":{"rendered":"https:\/\/espak.ee\/epood\/?post_type=product&#038;p=111394"},"modified":"2024-03-23T04:20:14","modified_gmt":"2024-03-23T02:20:14","slug":"oksakaarid-fiskars-powerlevel-p721-vaheliti-teradega","status":"publish","type":"product","link":"https:\/\/espak.ee\/epood\/toode\/oksakaarid-fiskars-powerlevel-p721-vaheliti-teradega\/","title":{"rendered":"OKSAK\u00c4\u00c4RID FISKARS POWERLEVER P721, VAHELITI TERADEGA"},"content":{"rendered":"<div class=\"row\"  id=\"row-1087361468\">\n\n\t<div id=\"col-12066243\" class=\"col medium-9 small-12 large-9\"  >\n\t\t\t\t<div class=\"col-inner\"  >\n\t\t\t\n\t\t\t\n<h2>Oksak\u00e4\u00e4rid Plus PowerLever P721 Fiskars<\/h2>\n<p>Fiskarsi kvaliteetsed vaheliti l\u00f5iketeradega oksak\u00e4\u00e4rid on hinnatud t\u00f6\u00f6riistad nii hobiaednikule kui professionaalsele haljastajale.<\/p>\n<p>Korraliku l\u00f5ike saamiseks ja oma k\u00e4te s\u00e4\u00e4stmiseks on oluline valida head ja kvaliteetsed t\u00f6\u00f6riistad.<br \/>\n Fiskars\u2019i Power-Lever\u2122-tehnoloogia suurendab vinskete varte ja okste l\u00f5ikamisel l\u00f5ikej\u00f5udu. Vaheliti l\u00f5iketeradega oksak\u00e4\u00e4rid (vahel nimetatud ka sekaatorid) sobivad ideaalselt noorte viljapuude ja marjap\u00f5\u00f5saste l\u00f5ikamiseks, samuti ka muude p\u00f5\u00f5saste ja puitunud taimevarte k\u00e4rpimiseks.<br \/>\n Vaheliti teradega oksak\u00e4\u00e4re kasutades j\u00e4lgige, et hoiate okste\/varte l\u00f5ikamisel k\u00e4\u00e4re nii, et l\u00f5iketera j\u00e4\u00e4ks allesj\u00e4\u00e4va osa poole ja t\u00f6mp osa \u00e4ral\u00f5igatava oksa\/varre vastu.<br \/>\n L\u00f5iketera h\u00f5\u00f5rdumisvastane kate tagab nii roostekindluse kui v\u00f5imaldab teha t\u00e4pseid ja puhtaid l\u00f5ikeid oluliselt v\u00e4iksema vaevaga. Karastatud ja t\u00e4ppislihvitud l\u00f5iketera s\u00e4ilitab oma teravuse pikaks ajaks. Ergonoomiline alumiiniumsulamist k\u00e4epide on haarde parandamiseks kaetud pehme SoftGrip\u2122 pinnakattega.<br \/>\n H\u00f5lpsalt kasutatav lukk terade avamiseks ja sulgemiseks sobib nii parema-kui vasakuk\u00e4elistele. <\/p>\n\t\t<\/div>\n\t\t\t\t\t<\/div>\n\n\t\n\n\t<div id=\"col-2039464503\" class=\"col medium-3 small-12 large-3\"  >\n\t\t\t\t<div class=\"col-inner\"  >\n\t\t\t\n\t\t\t\n\t<div id=\"gap-1602642078\" class=\"gap-element clearfix\" style=\"display:block; height:auto;\">\n\t\t\n<style>\n#gap-1602642078 {\n  padding-top: 30px;\n}\n<\/style>\n\t<\/div>\n\t\n<div class=\"is-divider divider clearfix\" ><\/div>\n<p><strong>\u00dcksikasjalikuma n\u00f5u saamiseks v\u00f5tke \u00fchendust:<br \/><\/strong>LOODUS INVEST AS<br \/>Viljandi mnt. 18a<br \/>11216<br \/>Tallinn<br \/>+372 6722144<\/p>\n<div class=\"is-divider divider clearfix\" ><\/div>\n\t\t<\/div>\n\t\t\t\t\t<\/div>\n\n\t\n<\/div>\n","protected":false},"excerpt":{"rendered":"","protected":false},"featured_media":111606,"comment_status":"closed","ping_status":"closed","template":"","meta":[],"product_brand":[],"product_cat":[2789,2788,3341,3381],"product_tag":[],"class_list":{"0":"post-111394","1":"product","2":"type-product","3":"status-publish","4":"has-post-thumbnail","6":"product_cat-aiatarbed","7":"product_cat-aiatarbed-ja-kodukaubad","8":"product_cat-aiatooriistad","9":"product_cat-oksaloikurid","10":"pa_kaubamark-loodus-invest-as","12":"first","13":"instock","14":"sale","15":"taxable","16":"shipping-taxable","17":"purchasable","18":"product-type-simple"},"yoast_head":"<!-- This site is optimized with the Yoast SEO plugin v26.9 - https:\/\/yoast.com\/product\/yoast-seo-wordpress\/ -->\n<title>OKSAK\u00c4\u00c4RID FISKARS POWERLEVER P721, VAHELITI TERADEGA - Espak E-pood<\/title>\n<meta name=\"robots\" content=\"index, follow, max-snippet:-1, max-image-preview:large, max-video-preview:-1\" \/>\n<link rel=\"canonical\" href=\"https:\/\/espak.ee\/epood\/toode\/oksakaarid-fiskars-powerlevel-p721-vaheliti-teradega\/\" \/>\n<meta property=\"og:locale\" content=\"et_EE\" \/>\n<meta property=\"og:type\" content=\"article\" \/>\n<meta property=\"og:title\" content=\"OKSAK\u00c4\u00c4RID FISKARS POWERLEVER P721, VAHELITI TERADEGA - Espak E-pood\" \/>\n<meta property=\"og:url\" content=\"https:\/\/espak.ee\/epood\/toode\/oksakaarid-fiskars-powerlevel-p721-vaheliti-teradega\/\" \/>\n<meta property=\"og:site_name\" content=\"Espak E-pood\" \/>\n<meta property=\"article:modified_time\" content=\"2024-03-23T02:20:14+00:00\" \/>\n<meta property=\"og:image\" content=\"https:\/\/espak.ee\/epood\/wp-content\/uploads\/2022\/03\/p721.jpg\" \/>\n\t<meta property=\"og:image:width\" content=\"2000\" \/>\n\t<meta property=\"og:image:height\" content=\"2000\" \/>\n\t<meta property=\"og:image:type\" content=\"image\/jpeg\" \/>\n<meta name=\"twitter:card\" content=\"summary_large_image\" \/>\n<meta name=\"twitter:label1\" content=\"Est. reading time\" \/>\n\t<meta name=\"twitter:data1\" content=\"1 minut\" \/>\n<script type=\"application\/ld+json\" class=\"yoast-schema-graph\">{\"@context\":\"https:\/\/schema.org\",\"@graph\":[{\"@type\":\"WebPage\",\"@id\":\"https:\/\/espak.ee\/epood\/toode\/oksakaarid-fiskars-powerlevel-p721-vaheliti-teradega\/\",\"url\":\"https:\/\/espak.ee\/epood\/toode\/oksakaarid-fiskars-powerlevel-p721-vaheliti-teradega\/\",\"name\":\"OKSAK\u00c4\u00c4RID FISKARS POWERLEVER P721, VAHELITI TERADEGA - Espak E-pood\",\"isPartOf\":{\"@id\":\"https:\/\/espak.ee\/epood\/#website\"},\"primaryImageOfPage\":{\"@id\":\"https:\/\/espak.ee\/epood\/toode\/oksakaarid-fiskars-powerlevel-p721-vaheliti-teradega\/#primaryimage\"},\"image\":{\"@id\":\"https:\/\/espak.ee\/epood\/toode\/oksakaarid-fiskars-powerlevel-p721-vaheliti-teradega\/#primaryimage\"},\"thumbnailUrl\":\"https:\/\/espak.ee\/epood\/wp-content\/uploads\/2022\/03\/p721.jpg\",\"datePublished\":\"2022-03-11T06:06:41+00:00\",\"dateModified\":\"2024-03-23T02:20:14+00:00\",\"breadcrumb\":{\"@id\":\"https:\/\/espak.ee\/epood\/toode\/oksakaarid-fiskars-powerlevel-p721-vaheliti-teradega\/#breadcrumb\"},\"inLanguage\":\"et\",\"potentialAction\":[{\"@type\":\"ReadAction\",\"target\":[\"https:\/\/espak.ee\/epood\/toode\/oksakaarid-fiskars-powerlevel-p721-vaheliti-teradega\/\"]}]},{\"@type\":\"ImageObject\",\"inLanguage\":\"et\",\"@id\":\"https:\/\/espak.ee\/epood\/toode\/oksakaarid-fiskars-powerlevel-p721-vaheliti-teradega\/#primaryimage\",\"url\":\"https:\/\/espak.ee\/epood\/wp-content\/uploads\/2022\/03\/p721.jpg\",\"contentUrl\":\"https:\/\/espak.ee\/epood\/wp-content\/uploads\/2022\/03\/p721.jpg\",\"width\":2000,\"height\":2000},{\"@type\":\"BreadcrumbList\",\"@id\":\"https:\/\/espak.ee\/epood\/toode\/oksakaarid-fiskars-powerlevel-p721-vaheliti-teradega\/#breadcrumb\",\"itemListElement\":[{\"@type\":\"ListItem\",\"position\":1,\"name\":\"Home\",\"item\":\"https:\/\/espak.ee\/epood\/\"},{\"@type\":\"ListItem\",\"position\":2,\"name\":\"Tootevalik\",\"item\":\"https:\/\/espak.ee\/epood\/tootevalik\/\"},{\"@type\":\"ListItem\",\"position\":3,\"name\":\"OKSAK\u00c4\u00c4RID FISKARS POWERLEVER P721, VAHELITI TERADEGA\"}]},{\"@type\":\"WebSite\",\"@id\":\"https:\/\/espak.ee\/epood\/#website\",\"url\":\"https:\/\/espak.ee\/epood\/\",\"name\":\"Espak E-pood\",\"description\":\"\",\"potentialAction\":[{\"@type\":\"SearchAction\",\"target\":{\"@type\":\"EntryPoint\",\"urlTemplate\":\"https:\/\/espak.ee\/epood\/?s={search_term_string}\"},\"query-input\":{\"@type\":\"PropertyValueSpecification\",\"valueRequired\":true,\"valueName\":\"search_term_string\"}}],\"inLanguage\":\"et\"}]}<\/script>\n<!-- \/ Yoast SEO plugin. -->","yoast_head_json":{"title":"OKSAK\u00c4\u00c4RID FISKARS POWERLEVER P721, VAHELITI TERADEGA - Espak E-pood","robots":{"index":"index","follow":"follow","max-snippet":"max-snippet:-1","max-image-preview":"max-image-preview:large","max-video-preview":"max-video-preview:-1"},"canonical":"https:\/\/espak.ee\/epood\/toode\/oksakaarid-fiskars-powerlevel-p721-vaheliti-teradega\/","og_locale":"et_EE","og_type":"article","og_title":"OKSAK\u00c4\u00c4RID FISKARS POWERLEVER P721, VAHELITI TERADEGA - Espak E-pood","og_url":"https:\/\/espak.ee\/epood\/toode\/oksakaarid-fiskars-powerlevel-p721-vaheliti-teradega\/","og_site_name":"Espak E-pood","article_modified_time":"2024-03-23T02:20:14+00:00","og_image":[{"width":2000,"height":2000,"url":"https:\/\/espak.ee\/epood\/wp-content\/uploads\/2022\/03\/p721.jpg","type":"image\/jpeg"}],"twitter_card":"summary_large_image","twitter_misc":{"Est. reading time":"1 minut"},"schema":{"@context":"https:\/\/schema.org","@graph":[{"@type":"WebPage","@id":"https:\/\/espak.ee\/epood\/toode\/oksakaarid-fiskars-powerlevel-p721-vaheliti-teradega\/","url":"https:\/\/espak.ee\/epood\/toode\/oksakaarid-fiskars-powerlevel-p721-vaheliti-teradega\/","name":"OKSAK\u00c4\u00c4RID FISKARS POWERLEVER P721, VAHELITI TERADEGA - Espak E-pood","isPartOf":{"@id":"https:\/\/espak.ee\/epood\/#website"},"primaryImageOfPage":{"@id":"https:\/\/espak.ee\/epood\/toode\/oksakaarid-fiskars-powerlevel-p721-vaheliti-teradega\/#primaryimage"},"image":{"@id":"https:\/\/espak.ee\/epood\/toode\/oksakaarid-fiskars-powerlevel-p721-vaheliti-teradega\/#primaryimage"},"thumbnailUrl":"https:\/\/espak.ee\/epood\/wp-content\/uploads\/2022\/03\/p721.jpg","datePublished":"2022-03-11T06:06:41+00:00","dateModified":"2024-03-23T02:20:14+00:00","breadcrumb":{"@id":"https:\/\/espak.ee\/epood\/toode\/oksakaarid-fiskars-powerlevel-p721-vaheliti-teradega\/#breadcrumb"},"inLanguage":"et","potentialAction":[{"@type":"ReadAction","target":["https:\/\/espak.ee\/epood\/toode\/oksakaarid-fiskars-powerlevel-p721-vaheliti-teradega\/"]}]},{"@type":"ImageObject","inLanguage":"et","@id":"https:\/\/espak.ee\/epood\/toode\/oksakaarid-fiskars-powerlevel-p721-vaheliti-teradega\/#primaryimage","url":"https:\/\/espak.ee\/epood\/wp-content\/uploads\/2022\/03\/p721.jpg","contentUrl":"https:\/\/espak.ee\/epood\/wp-content\/uploads\/2022\/03\/p721.jpg","width":2000,"height":2000},{"@type":"BreadcrumbList","@id":"https:\/\/espak.ee\/epood\/toode\/oksakaarid-fiskars-powerlevel-p721-vaheliti-teradega\/#breadcrumb","itemListElement":[{"@type":"ListItem","position":1,"name":"Home","item":"https:\/\/espak.ee\/epood\/"},{"@type":"ListItem","position":2,"name":"Tootevalik","item":"https:\/\/espak.ee\/epood\/tootevalik\/"},{"@type":"ListItem","position":3,"name":"OKSAK\u00c4\u00c4RID FISKARS POWERLEVER P721, VAHELITI TERADEGA"}]},{"@type":"WebSite","@id":"https:\/\/espak.ee\/epood\/#website","url":"https:\/\/espak.ee\/epood\/","name":"Espak E-pood","description":"","potentialAction":[{"@type":"SearchAction","target":{"@type":"EntryPoint","urlTemplate":"https:\/\/espak.ee\/epood\/?s={search_term_string}"},"query-input":{"@type":"PropertyValueSpecification","valueRequired":true,"valueName":"search_term_string"}}],"inLanguage":"et"}]}},"_links":{"self":[{"href":"https:\/\/espak.ee\/epood\/wp-json\/wp\/v2\/product\/111394","targetHints":{"allow":["GET"]}}],"collection":[{"href":"https:\/\/espak.ee\/epood\/wp-json\/wp\/v2\/product"}],"about":[{"href":"https:\/\/espak.ee\/epood\/wp-json\/wp\/v2\/types\/product"}],"replies":[{"embeddable":true,"href":"https:\/\/espak.ee\/epood\/wp-json\/wp\/v2\/comments?post=111394"}],"wp:featuredmedia":[{"embeddable":true,"href":"https:\/\/espak.ee\/epood\/wp-json\/wp\/v2\/media\/111606"}],"wp:attachment":[{"href":"https:\/\/espak.ee\/epood\/wp-json\/wp\/v2\/media?parent=111394"}],"wp:term":[{"taxonomy":"product_brand","embeddable":true,"href":"https:\/\/espak.ee\/epood\/wp-json\/wp\/v2\/product_brand?post=111394"},{"taxonomy":"product_cat","embeddable":true,"href":"https:\/\/espak.ee\/epood\/wp-json\/wp\/v2\/product_cat?post=111394"},{"taxonomy":"product_tag","embeddable":true,"href":"https:\/\/espak.ee\/epood\/wp-json\/wp\/v2\/product_tag?post=111394"}],"curies":[{"name":"wp","href":"https:\/\/api.w.org\/{rel}","templated":true}]}}