{"id":111051,"date":"2022-03-09T07:00:54","date_gmt":"2022-03-09T07:00:54","guid":{"rendered":"https:\/\/espak.ee\/epood\/?post_type=product&#038;p=111051"},"modified":"2024-03-23T04:22:10","modified_gmt":"2024-03-23T02:22:10","slug":"kastmisvooliku-komplekt-fiskars-solid-waterwheel-l-30m","status":"publish","type":"product","link":"https:\/\/espak.ee\/epood\/toode\/kastmisvooliku-komplekt-fiskars-solid-waterwheel-l-30m\/","title":{"rendered":"KASTMISVOOLIKU KOMPLEKT FISKARS SOLID WATERWHEEL L 30M"},"content":{"rendered":"<div class=\"row\"  id=\"row-48296814\">\n\n\t<div id=\"col-305101080\" class=\"col medium-9 small-12 large-9\"  >\n\t\t\t\t<div class=\"col-inner\"  >\n\t\t\t\n\t\t\t\n<h2>Kastmisvooliku komplekt Solid Waterwheel L 30m Fiskars<\/h2>\n<p>Taskukohase hinnaga Fiskars Solid Waterwheel L kastmisvoolik.  Vastupidavast materjalist voolik l\u00e4bim\u00f5\u00f5duga 13 mm 1\/2\u2033, pikkusega 1,5m+30m.<br \/>\n Komplektis on \u00fcks kastmisp\u00fcstol ja kraaniliitmik.<br \/>\n K\u00f5ik vajalik h\u00f5lpsaks kastmiseks!<\/p>\n<p>Kastmisvooliku saate paigutada vee v\u00e4ljav\u00f5tukohast kuni 1,5 m kaugusele. V\u00f5ite hoida seda horisontaalasendis terrassil v\u00f5i murul, aga saate selle mugavalt kinnitada ka majaseinale. Voolikurulli kompaktne suurus muudab selle liigutamise lihtsaks. Teie k\u00e4sutuses on kuni 30m 13mm l\u00e4bim\u00f5\u00f5duga vastupidavat voolikut. Vooliku kokku ja lahti kerimine toimub k\u00e4sitsi. Voolikurulli v\u00e4lisk\u00fcljel on tarvikutelaegas, kus saab hoida kastmisotsikut ja mitmekeermega kraaniliitmikut. Komplekt ei sisalda seinakinnitust.<\/p>\n<p>Kuigi kvaliteetne voolik on ilmastikukindel, soovitame kindlasti kontrollida, et kastmiss\u00fcsteemi ei j\u00e4\u00e4ks talvisel ajal vett.<\/p>\n\t\t<\/div>\n\t\t\t\t\t<\/div>\n\n\t\n\n\t<div id=\"col-481385648\" class=\"col medium-3 small-12 large-3\"  >\n\t\t\t\t<div class=\"col-inner\"  >\n\t\t\t\n\t\t\t\n\t<div id=\"gap-1251563849\" class=\"gap-element clearfix\" style=\"display:block; height:auto;\">\n\t\t\n<style>\n#gap-1251563849 {\n  padding-top: 30px;\n}\n<\/style>\n\t<\/div>\n\t\n<div class=\"is-divider divider clearfix\" ><\/div>\n<p><strong>\u00dcksikasjalikuma n\u00f5u saamiseks v\u00f5tke \u00fchendust:<br \/><\/strong>LOODUS INVEST AS<br \/>Viljandi mnt. 18a<br \/>11216<br \/>Tallinn<br \/>+372 6722144<\/p>\n<div class=\"is-divider divider clearfix\" ><\/div>\n\t\t<\/div>\n\t\t\t\t\t<\/div>\n\n\t\n<\/div>\n","protected":false},"excerpt":{"rendered":"","protected":false},"featured_media":111145,"comment_status":"closed","ping_status":"closed","template":"","meta":[],"product_brand":[],"product_cat":[2789,2788,3280,4749],"product_tag":[],"class_list":{"0":"post-111051","1":"product","2":"type-product","3":"status-publish","4":"has-post-thumbnail","6":"product_cat-aiatarbed","7":"product_cat-aiatarbed-ja-kodukaubad","8":"product_cat-kastmistarvikud","9":"product_cat-voolikukarud","10":"pa_kaubamark-loodus-invest-as","12":"first","13":"instock","14":"sale","15":"taxable","16":"shipping-taxable","17":"purchasable","18":"product-type-simple"},"yoast_head":"<!-- This site is optimized with the Yoast SEO plugin v26.9 - https:\/\/yoast.com\/product\/yoast-seo-wordpress\/ -->\n<title>KASTMISVOOLIKU KOMPLEKT FISKARS SOLID WATERWHEEL L 30M - Espak E-pood<\/title>\n<meta name=\"robots\" content=\"index, follow, max-snippet:-1, max-image-preview:large, max-video-preview:-1\" \/>\n<link rel=\"canonical\" href=\"https:\/\/espak.ee\/epood\/toode\/kastmisvooliku-komplekt-fiskars-solid-waterwheel-l-30m\/\" \/>\n<meta property=\"og:locale\" content=\"et_EE\" \/>\n<meta property=\"og:type\" content=\"article\" \/>\n<meta property=\"og:title\" content=\"KASTMISVOOLIKU KOMPLEKT FISKARS SOLID WATERWHEEL L 30M - Espak E-pood\" \/>\n<meta property=\"og:url\" content=\"https:\/\/espak.ee\/epood\/toode\/kastmisvooliku-komplekt-fiskars-solid-waterwheel-l-30m\/\" \/>\n<meta property=\"og:site_name\" content=\"Espak E-pood\" \/>\n<meta property=\"article:modified_time\" content=\"2024-03-23T02:22:10+00:00\" \/>\n<meta property=\"og:image\" content=\"https:\/\/espak.ee\/epood\/wp-content\/uploads\/2022\/03\/ww-solid-l-2.jpg\" \/>\n\t<meta property=\"og:image:width\" content=\"2000\" \/>\n\t<meta property=\"og:image:height\" content=\"2000\" \/>\n\t<meta property=\"og:image:type\" content=\"image\/jpeg\" \/>\n<meta name=\"twitter:card\" content=\"summary_large_image\" \/>\n<meta name=\"twitter:label1\" content=\"Est. reading time\" \/>\n\t<meta name=\"twitter:data1\" content=\"1 minut\" \/>\n<script type=\"application\/ld+json\" class=\"yoast-schema-graph\">{\"@context\":\"https:\/\/schema.org\",\"@graph\":[{\"@type\":\"WebPage\",\"@id\":\"https:\/\/espak.ee\/epood\/toode\/kastmisvooliku-komplekt-fiskars-solid-waterwheel-l-30m\/\",\"url\":\"https:\/\/espak.ee\/epood\/toode\/kastmisvooliku-komplekt-fiskars-solid-waterwheel-l-30m\/\",\"name\":\"KASTMISVOOLIKU KOMPLEKT FISKARS SOLID WATERWHEEL L 30M - Espak E-pood\",\"isPartOf\":{\"@id\":\"https:\/\/espak.ee\/epood\/#website\"},\"primaryImageOfPage\":{\"@id\":\"https:\/\/espak.ee\/epood\/toode\/kastmisvooliku-komplekt-fiskars-solid-waterwheel-l-30m\/#primaryimage\"},\"image\":{\"@id\":\"https:\/\/espak.ee\/epood\/toode\/kastmisvooliku-komplekt-fiskars-solid-waterwheel-l-30m\/#primaryimage\"},\"thumbnailUrl\":\"https:\/\/espak.ee\/epood\/wp-content\/uploads\/2022\/03\/ww-solid-l-2.jpg\",\"datePublished\":\"2022-03-09T07:00:54+00:00\",\"dateModified\":\"2024-03-23T02:22:10+00:00\",\"breadcrumb\":{\"@id\":\"https:\/\/espak.ee\/epood\/toode\/kastmisvooliku-komplekt-fiskars-solid-waterwheel-l-30m\/#breadcrumb\"},\"inLanguage\":\"et\",\"potentialAction\":[{\"@type\":\"ReadAction\",\"target\":[\"https:\/\/espak.ee\/epood\/toode\/kastmisvooliku-komplekt-fiskars-solid-waterwheel-l-30m\/\"]}]},{\"@type\":\"ImageObject\",\"inLanguage\":\"et\",\"@id\":\"https:\/\/espak.ee\/epood\/toode\/kastmisvooliku-komplekt-fiskars-solid-waterwheel-l-30m\/#primaryimage\",\"url\":\"https:\/\/espak.ee\/epood\/wp-content\/uploads\/2022\/03\/ww-solid-l-2.jpg\",\"contentUrl\":\"https:\/\/espak.ee\/epood\/wp-content\/uploads\/2022\/03\/ww-solid-l-2.jpg\",\"width\":2000,\"height\":2000},{\"@type\":\"BreadcrumbList\",\"@id\":\"https:\/\/espak.ee\/epood\/toode\/kastmisvooliku-komplekt-fiskars-solid-waterwheel-l-30m\/#breadcrumb\",\"itemListElement\":[{\"@type\":\"ListItem\",\"position\":1,\"name\":\"Home\",\"item\":\"https:\/\/espak.ee\/epood\/\"},{\"@type\":\"ListItem\",\"position\":2,\"name\":\"Tootevalik\",\"item\":\"https:\/\/espak.ee\/epood\/tootevalik\/\"},{\"@type\":\"ListItem\",\"position\":3,\"name\":\"KASTMISVOOLIKU KOMPLEKT FISKARS SOLID WATERWHEEL L 30M\"}]},{\"@type\":\"WebSite\",\"@id\":\"https:\/\/espak.ee\/epood\/#website\",\"url\":\"https:\/\/espak.ee\/epood\/\",\"name\":\"Espak E-pood\",\"description\":\"\",\"potentialAction\":[{\"@type\":\"SearchAction\",\"target\":{\"@type\":\"EntryPoint\",\"urlTemplate\":\"https:\/\/espak.ee\/epood\/?s={search_term_string}\"},\"query-input\":{\"@type\":\"PropertyValueSpecification\",\"valueRequired\":true,\"valueName\":\"search_term_string\"}}],\"inLanguage\":\"et\"}]}<\/script>\n<!-- \/ Yoast SEO plugin. -->","yoast_head_json":{"title":"KASTMISVOOLIKU KOMPLEKT FISKARS SOLID WATERWHEEL L 30M - Espak E-pood","robots":{"index":"index","follow":"follow","max-snippet":"max-snippet:-1","max-image-preview":"max-image-preview:large","max-video-preview":"max-video-preview:-1"},"canonical":"https:\/\/espak.ee\/epood\/toode\/kastmisvooliku-komplekt-fiskars-solid-waterwheel-l-30m\/","og_locale":"et_EE","og_type":"article","og_title":"KASTMISVOOLIKU KOMPLEKT FISKARS SOLID WATERWHEEL L 30M - Espak E-pood","og_url":"https:\/\/espak.ee\/epood\/toode\/kastmisvooliku-komplekt-fiskars-solid-waterwheel-l-30m\/","og_site_name":"Espak E-pood","article_modified_time":"2024-03-23T02:22:10+00:00","og_image":[{"width":2000,"height":2000,"url":"https:\/\/espak.ee\/epood\/wp-content\/uploads\/2022\/03\/ww-solid-l-2.jpg","type":"image\/jpeg"}],"twitter_card":"summary_large_image","twitter_misc":{"Est. reading time":"1 minut"},"schema":{"@context":"https:\/\/schema.org","@graph":[{"@type":"WebPage","@id":"https:\/\/espak.ee\/epood\/toode\/kastmisvooliku-komplekt-fiskars-solid-waterwheel-l-30m\/","url":"https:\/\/espak.ee\/epood\/toode\/kastmisvooliku-komplekt-fiskars-solid-waterwheel-l-30m\/","name":"KASTMISVOOLIKU KOMPLEKT FISKARS SOLID WATERWHEEL L 30M - Espak E-pood","isPartOf":{"@id":"https:\/\/espak.ee\/epood\/#website"},"primaryImageOfPage":{"@id":"https:\/\/espak.ee\/epood\/toode\/kastmisvooliku-komplekt-fiskars-solid-waterwheel-l-30m\/#primaryimage"},"image":{"@id":"https:\/\/espak.ee\/epood\/toode\/kastmisvooliku-komplekt-fiskars-solid-waterwheel-l-30m\/#primaryimage"},"thumbnailUrl":"https:\/\/espak.ee\/epood\/wp-content\/uploads\/2022\/03\/ww-solid-l-2.jpg","datePublished":"2022-03-09T07:00:54+00:00","dateModified":"2024-03-23T02:22:10+00:00","breadcrumb":{"@id":"https:\/\/espak.ee\/epood\/toode\/kastmisvooliku-komplekt-fiskars-solid-waterwheel-l-30m\/#breadcrumb"},"inLanguage":"et","potentialAction":[{"@type":"ReadAction","target":["https:\/\/espak.ee\/epood\/toode\/kastmisvooliku-komplekt-fiskars-solid-waterwheel-l-30m\/"]}]},{"@type":"ImageObject","inLanguage":"et","@id":"https:\/\/espak.ee\/epood\/toode\/kastmisvooliku-komplekt-fiskars-solid-waterwheel-l-30m\/#primaryimage","url":"https:\/\/espak.ee\/epood\/wp-content\/uploads\/2022\/03\/ww-solid-l-2.jpg","contentUrl":"https:\/\/espak.ee\/epood\/wp-content\/uploads\/2022\/03\/ww-solid-l-2.jpg","width":2000,"height":2000},{"@type":"BreadcrumbList","@id":"https:\/\/espak.ee\/epood\/toode\/kastmisvooliku-komplekt-fiskars-solid-waterwheel-l-30m\/#breadcrumb","itemListElement":[{"@type":"ListItem","position":1,"name":"Home","item":"https:\/\/espak.ee\/epood\/"},{"@type":"ListItem","position":2,"name":"Tootevalik","item":"https:\/\/espak.ee\/epood\/tootevalik\/"},{"@type":"ListItem","position":3,"name":"KASTMISVOOLIKU KOMPLEKT FISKARS SOLID WATERWHEEL L 30M"}]},{"@type":"WebSite","@id":"https:\/\/espak.ee\/epood\/#website","url":"https:\/\/espak.ee\/epood\/","name":"Espak E-pood","description":"","potentialAction":[{"@type":"SearchAction","target":{"@type":"EntryPoint","urlTemplate":"https:\/\/espak.ee\/epood\/?s={search_term_string}"},"query-input":{"@type":"PropertyValueSpecification","valueRequired":true,"valueName":"search_term_string"}}],"inLanguage":"et"}]}},"_links":{"self":[{"href":"https:\/\/espak.ee\/epood\/wp-json\/wp\/v2\/product\/111051","targetHints":{"allow":["GET"]}}],"collection":[{"href":"https:\/\/espak.ee\/epood\/wp-json\/wp\/v2\/product"}],"about":[{"href":"https:\/\/espak.ee\/epood\/wp-json\/wp\/v2\/types\/product"}],"replies":[{"embeddable":true,"href":"https:\/\/espak.ee\/epood\/wp-json\/wp\/v2\/comments?post=111051"}],"wp:featuredmedia":[{"embeddable":true,"href":"https:\/\/espak.ee\/epood\/wp-json\/wp\/v2\/media\/111145"}],"wp:attachment":[{"href":"https:\/\/espak.ee\/epood\/wp-json\/wp\/v2\/media?parent=111051"}],"wp:term":[{"taxonomy":"product_brand","embeddable":true,"href":"https:\/\/espak.ee\/epood\/wp-json\/wp\/v2\/product_brand?post=111051"},{"taxonomy":"product_cat","embeddable":true,"href":"https:\/\/espak.ee\/epood\/wp-json\/wp\/v2\/product_cat?post=111051"},{"taxonomy":"product_tag","embeddable":true,"href":"https:\/\/espak.ee\/epood\/wp-json\/wp\/v2\/product_tag?post=111051"}],"curies":[{"name":"wp","href":"https:\/\/api.w.org\/{rel}","templated":true}]}}