{"id":110721,"date":"2022-03-05T01:48:02","date_gmt":"2022-03-05T01:48:02","guid":{"rendered":"https:\/\/espak.ee\/epood\/?post_type=product&#038;p=110721"},"modified":"2024-03-23T04:23:09","modified_gmt":"2024-03-23T02:23:09","slug":"kirves-fiskars-x21teritaja","status":"publish","type":"product","link":"https:\/\/espak.ee\/epood\/toode\/kirves-fiskars-x21teritaja\/","title":{"rendered":"KIRVES FISKARS X21+TERITAJA"},"content":{"rendered":"<div class=\"row\"  id=\"row-1297182585\">\n\n\t<div id=\"col-380675376\" class=\"col medium-9 small-12 large-9\"  >\n\t\t\t\t<div class=\"col-inner\"  >\n\t\t\t\n\t\t\t\n<h2>Kirves X21 + teritaja Fiskars<\/h2>\n<p><strong>Komplekti kuulub:<\/strong><br \/>\n&#8211; <strong>Fiskars X-seeria suur l\u00f5hkumiskirves<\/strong>, mille hea tasakaal tagab parima l\u00f6\u00f6gikiiruse ja t\u00e4psuse ning suurendab l\u00f6\u00f6gij\u00f5udu. Sobib umbes 20-30 cm puupakkude l\u00f5hkumiseks. Kirvel on plastist terakaitse, mis v\u00f5imaldab turvaliselt kirvest hoiustada ja kanda.<br \/>\n&#8211; <strong>XSharp kirve- ja noateritaja<\/strong>,  mille keraamiline terituskivi teritab k\u00f5iki Fiskarsi kirveid ja nugasid \u00f5ige nurga all.<\/p>\n<p><strong>Fiskars kirves X21 \u2013 l\u00f5hkumiskirves, mille suurep\u00e4rane tasakaal tagab v\u00f5imalikult ohutu, mugava ja v\u00f5imsa kirvel\u00f6\u00f6gi.<\/strong><\/p>\n<p>Topeltkarastatud terasest \u00fcliterav kirvetera on 35 kraadise teritusnurgaga, mis on k\u00f5ige optimaalsem puidu l\u00f5hestamiseks. Kirvepea spetsiaalne geomeetria  (paksenevad kirvetera \u201cp\u00f5sed\u201d) tagavad puidu kergema l\u00f5hestumise. FiberComp\u2122 materjalist valmistatud kirvevars on kerge ja v\u00e4ga vastupidav. Varre k\u00e4epide on kaetud 3D- SoftGrip\u2122 pinnakattega, mis parandab haaret ja  v\u00e4hendab p\u00f5rutust.  L\u00f5hkumiskirves X21 L on suurep\u00e4rane t\u00f6\u00f6riist metsa- ja majapidamist\u00f6\u00f6del. Valige \u00f5iges suuruses, \u00f5ige kirves!<\/p>\n<p>Soovitame k\u00f5iki t\u00f6\u00f6riistu regulaarselt hooldada. K\u00f5ik terariistad, k.a. kirved vajavad teritamist. Fiskars XSharp kirve- ja noateritaja on sobiv k\u00f5ikide Fiskarsi nugade ja kirveste teritamiseks. Keraamiline lihvimiskivi teritab k\u00f5iki kirveid ja nugasid \u00f5ige nurga all.  Fiskars XSharp teritaja kasutamine on imelihtne.  Esmalt tehke teritaja otsale vajutades valik, mida soovite teritada \u2013 kirvest v\u00f5i nuga.  Liigutage l\u00f5iketera teritussoones edasi-tagasi ca 5-20 korda v\u00f5i seni kuni veendute, et l\u00f5iketera on taas piisavalt terav.  Terituskivi taastab terade \u00f5ige kaldenurga. Teritaja on piisavalt v\u00e4ike, et seda kaasas kanda ja vajadusel kirve teravust v\u00e4rskendada. Lihtne lahtiv\u00f5tmine v\u00f5imaldab teritajat mugavalt hooldada ja puhastada. Keraamilisi terituskive tuleb aeg-ajalt n\u00f5udepesuvahendiga pesta.<\/p>\n\t\t<\/div>\n\t\t\t\t\t<\/div>\n\n\t\n\n\t<div id=\"col-1683467687\" class=\"col medium-3 small-12 large-3\"  >\n\t\t\t\t<div class=\"col-inner\"  >\n\t\t\t\n\t\t\t\n\t<div id=\"gap-238009185\" class=\"gap-element clearfix\" style=\"display:block; height:auto;\">\n\t\t\n<style>\n#gap-238009185 {\n  padding-top: 30px;\n}\n<\/style>\n\t<\/div>\n\t\n<div class=\"is-divider divider clearfix\" ><\/div>\n<p><strong>\u00dcksikasjalikuma n\u00f5u saamiseks v\u00f5tke \u00fchendust:<br \/><\/strong>LOODUS INVEST AS<br \/>Viljandi mnt. 18a<br \/>11216<br \/>Tallinn<br \/>+372 6722144<\/p>\n<div class=\"is-divider divider clearfix\" ><\/div>\n\t\t<\/div>\n\t\t\t\t\t<\/div>\n\n\t\n<\/div>\n","protected":false},"excerpt":{"rendered":"","protected":false},"featured_media":110790,"comment_status":"closed","ping_status":"closed","template":"","meta":[],"product_brand":[],"product_cat":[3540,2789,2788,3341],"product_tag":[],"class_list":{"0":"post-110721","1":"product","2":"type-product","3":"status-publish","4":"has-post-thumbnail","6":"product_cat-aiakirved","7":"product_cat-aiatarbed","8":"product_cat-aiatarbed-ja-kodukaubad","9":"product_cat-aiatooriistad","10":"pa_kaubamark-loodus-invest-as","12":"first","13":"outofstock","14":"sale","15":"taxable","16":"shipping-taxable","17":"purchasable","18":"product-type-simple"},"yoast_head":"<!-- This site is optimized with the Yoast SEO plugin v26.9 - https:\/\/yoast.com\/product\/yoast-seo-wordpress\/ -->\n<title>KIRVES FISKARS X21+TERITAJA - Espak E-pood<\/title>\n<meta name=\"robots\" content=\"index, follow, max-snippet:-1, max-image-preview:large, max-video-preview:-1\" \/>\n<link rel=\"canonical\" href=\"https:\/\/espak.ee\/epood\/toode\/kirves-fiskars-x21teritaja\/\" \/>\n<meta property=\"og:locale\" content=\"et_EE\" \/>\n<meta property=\"og:type\" content=\"article\" \/>\n<meta property=\"og:title\" content=\"KIRVES FISKARS X21+TERITAJA - Espak E-pood\" \/>\n<meta property=\"og:url\" content=\"https:\/\/espak.ee\/epood\/toode\/kirves-fiskars-x21teritaja\/\" \/>\n<meta property=\"og:site_name\" content=\"Espak E-pood\" \/>\n<meta property=\"article:modified_time\" content=\"2024-03-23T02:23:09+00:00\" \/>\n<meta property=\"og:image\" content=\"https:\/\/espak.ee\/epood\/wp-content\/uploads\/2022\/03\/x21.jpg\" \/>\n\t<meta property=\"og:image:width\" content=\"2000\" \/>\n\t<meta property=\"og:image:height\" content=\"2000\" \/>\n\t<meta property=\"og:image:type\" content=\"image\/jpeg\" \/>\n<meta name=\"twitter:card\" content=\"summary_large_image\" \/>\n<meta name=\"twitter:label1\" content=\"Est. reading time\" \/>\n\t<meta name=\"twitter:data1\" content=\"1 minut\" \/>\n<script type=\"application\/ld+json\" class=\"yoast-schema-graph\">{\"@context\":\"https:\/\/schema.org\",\"@graph\":[{\"@type\":\"WebPage\",\"@id\":\"https:\/\/espak.ee\/epood\/toode\/kirves-fiskars-x21teritaja\/\",\"url\":\"https:\/\/espak.ee\/epood\/toode\/kirves-fiskars-x21teritaja\/\",\"name\":\"KIRVES FISKARS X21+TERITAJA - Espak E-pood\",\"isPartOf\":{\"@id\":\"https:\/\/espak.ee\/epood\/#website\"},\"primaryImageOfPage\":{\"@id\":\"https:\/\/espak.ee\/epood\/toode\/kirves-fiskars-x21teritaja\/#primaryimage\"},\"image\":{\"@id\":\"https:\/\/espak.ee\/epood\/toode\/kirves-fiskars-x21teritaja\/#primaryimage\"},\"thumbnailUrl\":\"https:\/\/espak.ee\/epood\/wp-content\/uploads\/2022\/03\/x21.jpg\",\"datePublished\":\"2022-03-05T01:48:02+00:00\",\"dateModified\":\"2024-03-23T02:23:09+00:00\",\"breadcrumb\":{\"@id\":\"https:\/\/espak.ee\/epood\/toode\/kirves-fiskars-x21teritaja\/#breadcrumb\"},\"inLanguage\":\"et\",\"potentialAction\":[{\"@type\":\"ReadAction\",\"target\":[\"https:\/\/espak.ee\/epood\/toode\/kirves-fiskars-x21teritaja\/\"]}]},{\"@type\":\"ImageObject\",\"inLanguage\":\"et\",\"@id\":\"https:\/\/espak.ee\/epood\/toode\/kirves-fiskars-x21teritaja\/#primaryimage\",\"url\":\"https:\/\/espak.ee\/epood\/wp-content\/uploads\/2022\/03\/x21.jpg\",\"contentUrl\":\"https:\/\/espak.ee\/epood\/wp-content\/uploads\/2022\/03\/x21.jpg\",\"width\":2000,\"height\":2000},{\"@type\":\"BreadcrumbList\",\"@id\":\"https:\/\/espak.ee\/epood\/toode\/kirves-fiskars-x21teritaja\/#breadcrumb\",\"itemListElement\":[{\"@type\":\"ListItem\",\"position\":1,\"name\":\"Home\",\"item\":\"https:\/\/espak.ee\/epood\/\"},{\"@type\":\"ListItem\",\"position\":2,\"name\":\"Tootevalik\",\"item\":\"https:\/\/espak.ee\/epood\/tootevalik\/\"},{\"@type\":\"ListItem\",\"position\":3,\"name\":\"KIRVES FISKARS X21+TERITAJA\"}]},{\"@type\":\"WebSite\",\"@id\":\"https:\/\/espak.ee\/epood\/#website\",\"url\":\"https:\/\/espak.ee\/epood\/\",\"name\":\"Espak E-pood\",\"description\":\"\",\"potentialAction\":[{\"@type\":\"SearchAction\",\"target\":{\"@type\":\"EntryPoint\",\"urlTemplate\":\"https:\/\/espak.ee\/epood\/?s={search_term_string}\"},\"query-input\":{\"@type\":\"PropertyValueSpecification\",\"valueRequired\":true,\"valueName\":\"search_term_string\"}}],\"inLanguage\":\"et\"}]}<\/script>\n<!-- \/ Yoast SEO plugin. -->","yoast_head_json":{"title":"KIRVES FISKARS X21+TERITAJA - Espak E-pood","robots":{"index":"index","follow":"follow","max-snippet":"max-snippet:-1","max-image-preview":"max-image-preview:large","max-video-preview":"max-video-preview:-1"},"canonical":"https:\/\/espak.ee\/epood\/toode\/kirves-fiskars-x21teritaja\/","og_locale":"et_EE","og_type":"article","og_title":"KIRVES FISKARS X21+TERITAJA - Espak E-pood","og_url":"https:\/\/espak.ee\/epood\/toode\/kirves-fiskars-x21teritaja\/","og_site_name":"Espak E-pood","article_modified_time":"2024-03-23T02:23:09+00:00","og_image":[{"width":2000,"height":2000,"url":"https:\/\/espak.ee\/epood\/wp-content\/uploads\/2022\/03\/x21.jpg","type":"image\/jpeg"}],"twitter_card":"summary_large_image","twitter_misc":{"Est. reading time":"1 minut"},"schema":{"@context":"https:\/\/schema.org","@graph":[{"@type":"WebPage","@id":"https:\/\/espak.ee\/epood\/toode\/kirves-fiskars-x21teritaja\/","url":"https:\/\/espak.ee\/epood\/toode\/kirves-fiskars-x21teritaja\/","name":"KIRVES FISKARS X21+TERITAJA - Espak E-pood","isPartOf":{"@id":"https:\/\/espak.ee\/epood\/#website"},"primaryImageOfPage":{"@id":"https:\/\/espak.ee\/epood\/toode\/kirves-fiskars-x21teritaja\/#primaryimage"},"image":{"@id":"https:\/\/espak.ee\/epood\/toode\/kirves-fiskars-x21teritaja\/#primaryimage"},"thumbnailUrl":"https:\/\/espak.ee\/epood\/wp-content\/uploads\/2022\/03\/x21.jpg","datePublished":"2022-03-05T01:48:02+00:00","dateModified":"2024-03-23T02:23:09+00:00","breadcrumb":{"@id":"https:\/\/espak.ee\/epood\/toode\/kirves-fiskars-x21teritaja\/#breadcrumb"},"inLanguage":"et","potentialAction":[{"@type":"ReadAction","target":["https:\/\/espak.ee\/epood\/toode\/kirves-fiskars-x21teritaja\/"]}]},{"@type":"ImageObject","inLanguage":"et","@id":"https:\/\/espak.ee\/epood\/toode\/kirves-fiskars-x21teritaja\/#primaryimage","url":"https:\/\/espak.ee\/epood\/wp-content\/uploads\/2022\/03\/x21.jpg","contentUrl":"https:\/\/espak.ee\/epood\/wp-content\/uploads\/2022\/03\/x21.jpg","width":2000,"height":2000},{"@type":"BreadcrumbList","@id":"https:\/\/espak.ee\/epood\/toode\/kirves-fiskars-x21teritaja\/#breadcrumb","itemListElement":[{"@type":"ListItem","position":1,"name":"Home","item":"https:\/\/espak.ee\/epood\/"},{"@type":"ListItem","position":2,"name":"Tootevalik","item":"https:\/\/espak.ee\/epood\/tootevalik\/"},{"@type":"ListItem","position":3,"name":"KIRVES FISKARS X21+TERITAJA"}]},{"@type":"WebSite","@id":"https:\/\/espak.ee\/epood\/#website","url":"https:\/\/espak.ee\/epood\/","name":"Espak E-pood","description":"","potentialAction":[{"@type":"SearchAction","target":{"@type":"EntryPoint","urlTemplate":"https:\/\/espak.ee\/epood\/?s={search_term_string}"},"query-input":{"@type":"PropertyValueSpecification","valueRequired":true,"valueName":"search_term_string"}}],"inLanguage":"et"}]}},"_links":{"self":[{"href":"https:\/\/espak.ee\/epood\/wp-json\/wp\/v2\/product\/110721","targetHints":{"allow":["GET"]}}],"collection":[{"href":"https:\/\/espak.ee\/epood\/wp-json\/wp\/v2\/product"}],"about":[{"href":"https:\/\/espak.ee\/epood\/wp-json\/wp\/v2\/types\/product"}],"replies":[{"embeddable":true,"href":"https:\/\/espak.ee\/epood\/wp-json\/wp\/v2\/comments?post=110721"}],"wp:featuredmedia":[{"embeddable":true,"href":"https:\/\/espak.ee\/epood\/wp-json\/wp\/v2\/media\/110790"}],"wp:attachment":[{"href":"https:\/\/espak.ee\/epood\/wp-json\/wp\/v2\/media?parent=110721"}],"wp:term":[{"taxonomy":"product_brand","embeddable":true,"href":"https:\/\/espak.ee\/epood\/wp-json\/wp\/v2\/product_brand?post=110721"},{"taxonomy":"product_cat","embeddable":true,"href":"https:\/\/espak.ee\/epood\/wp-json\/wp\/v2\/product_cat?post=110721"},{"taxonomy":"product_tag","embeddable":true,"href":"https:\/\/espak.ee\/epood\/wp-json\/wp\/v2\/product_tag?post=110721"}],"curies":[{"name":"wp","href":"https:\/\/api.w.org\/{rel}","templated":true}]}}