{"id":11053,"date":"2019-11-14T02:41:10","date_gmt":"2019-11-14T00:41:10","guid":{"rendered":"https:\/\/espak.ee\/hinnakiri\/?post_type=product&#038;p=11053"},"modified":"2025-03-24T08:39:31","modified_gmt":"2025-03-24T06:39:31","slug":"porandatasandussegu-kiilto-optio-3-20mm-20kg","status":"publish","type":"product","link":"https:\/\/espak.ee\/epood\/toode\/porandatasandussegu-kiilto-optio-3-20mm-20kg\/","title":{"rendered":"P\u00d5RANDATASANDUSSEGU KIILTO OPTIO 3-20MM 20KG"},"content":{"rendered":"<div class=\"row\"  id=\"row-1229258098\">\n\n\t<div id=\"col-277221827\" class=\"col medium-9 small-12 large-9\"  >\n\t\t\t\t<div class=\"col-inner\"  >\n\t\t\t\n\t\t\t\n<h2>Kestonit Optio laustasandusteks 3-20 mm<\/h2>\n<p>Isetasanduv universaalne p\u00f5randatasandussegu. Sobib ka v\u00e4rviga kaetavate p\u00f5randate tasandamiseks. Sobib pumbaga pealekandmiseks. Madala leeliselisusega. Tsemendibaasil.<\/p>\n<div class=\"message-box relative\" style=\"padding-top:15px;padding-bottom:15px;\"><div class=\"message-box-bg-image bg-fill fill\" ><\/div><div class=\"message-box-bg-overlay bg-fill fill\" ><\/div><div class=\"container relative\"><div class=\"inner last-reset\">\n<div class=\"row align-middle align-center\"  id=\"row-1178147187\">\n\n\t<div id=\"col-1586353658\" class=\"col small-12 large-12\"  >\n\t\t\t\t<div class=\"col-inner text-left\"  >\n\t\t\t\n\t\t\t\n<h4>Omadused<\/h4>\n<div class=\"row\"  id=\"row-1619321940\">\n\n\t<div id=\"col-1229511315\" class=\"col medium-6 small-12 large-6\"  >\n\t\t\t\t<div class=\"col-inner\"  >\n\t\t\t\n\t\t\t\n<p><i class=\"fa fa-check fa-2x\"><\/i> <strong>Hea isetasanduvus<\/strong><\/p>\n<p><i class=\"fa fa-check fa-2x\"><\/i> <strong>Sobib pumbaga pealekandmiseks<\/strong><\/p>\n\t\t<\/div>\n\t\t\t\t\n<style>\n#col-1229511315 > .col-inner {\n  margin: 0px 0px 15px 0px;\n}\n<\/style>\n\t<\/div>\n\n\t\n<\/div>\n\t\t<\/div>\n\t\t\t\t\t<\/div>\n\n\t\n<\/div>\n<\/div><\/div><\/div>\n\t<div id=\"gap-1481954958\" class=\"gap-element clearfix\" style=\"display:block; height:auto;\">\n\t\t\n<style>\n#gap-1481954958 {\n  padding-top: 30px;\n}\n<\/style>\n\t<\/div>\n\t\n<h3>Kasutamise \u00fcksikasjad<\/h3>\n<p><strong>Kasutusalad:<\/strong> Sobib 3\u201320 mm p\u00f5randatasanduskihi paigaldamiseks enne p\u00f5randakatte paigaldamist. \u00dcle 20 mm kihtide tasandamiseks soovitame tasandussegu Kestonit Termo. Pole soovitatav kasutada mosaiikparketi alla j\u00e4\u00e4va aluspinna tasandamiseks.<br \/>\nAluspind peab olema puhas, tugev ja k\u00f5va. Eemaldage tsemendiliim ja v\u00e4rvipritsmed ning puhastage p\u00f5rand korralikult harja v\u00f5i tolmuimejaga. Enne tasandamist tuleb lihvida siledaks betooni karedad, ebatasased alad ja k\u00f5rged servad.<br \/>\nBetoonist aluspinda tuleb enne tasandamist eelt\u00f6\u00f6delda lahjendatud nakkedispersiooniga Kiilto Start Primer (10\u201320% Kiilto Start Primerit \/ 80\u201390% vett). Rekonstrueeritavad pinnad ja laudispinnad tuleb enne tasandamist t\u00f6\u00f6delda lahjendamata nakkedispersiooniga Kiilto Start Primer. Vajadusel tugevdage spetsiaalse leelisekindla klaaskiudv\u00f5rguga.<\/p>\n<p><strong>Kasutusjuhis:<\/strong> Valage segamisn\u00f5usse vajalik kogus puhast, jahedat vett. Puistake pulber aeglaselt, pidevalt segades vette, kuni moodustub \u00fchtlane, plastiline mass. Laske segul seista u 2 minutit ja segage veel kord tugevalt l\u00e4bi. Kallake tasandussegu p\u00f5randale laiade triipudena. Aidake valgumisele vajadusel kaasa teraspahtlilabidaga. Tasandussegu v\u00f5ib pinnale kanda ka sobiva segupumbaga. Mitte kiirendada tasandussegu kuivamist n\u00e4iteks soojuse v\u00f5i ventilatsiooni abil. Liiga kiire kuivamine v\u00f5ib p\u00f5hjustada pragude teket. Juhul kui ruumis on tavap\u00e4rasest k\u00f5rgem temperatuur v\u00f5i v\u00e4ga madal \u00f5huniiskus v\u00f5i kui p\u00e4ikesekiirgus langeb otse tasandatud pinnale, soovitame katta p\u00f5randa kaitsekattega, kohe kui sellele on v\u00f5imalik astuda. P\u00f5randakate tuleb paigaldada v\u00f5imalikult kohe peale tasandussegu kuivamist ja k\u00f5venemist. See hoiab \u00e4ra pinna \u00fclekuivamist, pragunemist ja lahtitulekut. Tasandussegu pinda v\u00f5ib v\u00e4rvida, kui on tegemist kerge koormusega abiruumiga, kuid ei sobi n\u00e4iteks garaa\u017ei v\u00f5i vannitoa p\u00f5randale. H\u00fcdroisoleeritavate p\u00f5randate, n\u00e4iteks vannitoa p\u00f5rand, tasandamine tuleb teha h\u00fcdroisolatsioonikihi alla. Ei sobi alaliselt vee all olevate alade jaoks (n\u00e4iteks basseinid). NB! Mitte lisada segule etten\u00e4htust rohkem vett.<\/p>\n<p><strong>Keskkond ja ohutus:<\/strong> V\u00e4ltige kuivamata toote kokkupuudet nahaga, kasutage kaitsekindaid. Tutvuge tooteohutuskaardiga.<\/p>\n\t\t<\/div>\n\t\t\t\t\t<\/div>\n\n\t\n\n\t<div id=\"col-1884847125\" class=\"col medium-3 small-12 large-3\"  >\n\t\t\t\t<div class=\"col-inner\"  >\n\t\t\t\n\t\t\t\n\t<div id=\"gap-1203547593\" class=\"gap-element clearfix\" style=\"display:block; height:auto;\">\n\t\t\n<style>\n#gap-1203547593 {\n  padding-top: 30px;\n}\n<\/style>\n\t<\/div>\n\t\n<h3>Tehniline informatsioon<\/h3>\n<p><a href=\"https:\/\/espak.ee\/epood\/wp-content\/uploads\/kestonitoptio-tooteleht.pdf\" target=\"_blank\" rel=\"noopener noreferrer\"><i class=\"far fa-file-pdf\"><\/i> Tehniline info (PDF)<\/a><\/p>\n<h3>Ohutusalane teave<\/h3>\n<p><a href=\"https:\/\/espak.ee\/epood\/wp-content\/uploads\/kestonitoptio-ohutuskaart.pdf\" target=\"_blank\" rel=\"noopener noreferrer\"><i class=\"far fa-file-pdf\"><\/i> Ohutusalane teave (PDF)<\/a><\/p>\n<div class=\"is-divider divider clearfix\" ><\/div>\n<p><strong>\u00dcksikasjalikuma n\u00f5u saamiseks v\u00f5tke \u00fchendust:<br \/><\/strong>Kiilto Eesti O\u00dc<br \/>L\u00e4ike tee 4<br \/>75312<br \/>Rae vald<br \/>(+372) 60 31 900<\/p>\n<div class=\"is-divider divider clearfix\" ><\/div>\n\t\t<\/div>\n\t\t\t\t\t<\/div>\n\n\t\n<\/div>\n","protected":false},"excerpt":{"rendered":"","protected":false},"featured_media":232043,"comment_status":"closed","ping_status":"closed","template":"","meta":[],"product_brand":[],"product_cat":[2813,2698,2803,2697],"product_tag":[],"class_list":{"0":"post-11053","1":"product","2":"type-product","3":"status-publish","4":"has-post-thumbnail","6":"product_cat-isetasanduvad-segud","7":"product_cat-pahtlid-ja-kuivsegud","8":"product_cat-porandasegud","9":"product_cat-uldehitus","10":"pa_kaubamark-kiilto-eesti-ou","12":"first","13":"outofstock","14":"sale","15":"taxable","16":"shipping-taxable","17":"purchasable","18":"product-type-simple"},"yoast_head":"<!-- This site is optimized with the Yoast SEO plugin v26.9 - https:\/\/yoast.com\/product\/yoast-seo-wordpress\/ -->\n<title>P\u00d5RANDATASANDUSSEGU KIILTO OPTIO 3-20MM 20KG - Espak E-pood<\/title>\n<meta name=\"robots\" content=\"index, follow, max-snippet:-1, max-image-preview:large, max-video-preview:-1\" \/>\n<link rel=\"canonical\" href=\"https:\/\/espak.ee\/epood\/toode\/porandatasandussegu-kiilto-optio-3-20mm-20kg\/\" \/>\n<meta property=\"og:locale\" content=\"et_EE\" \/>\n<meta property=\"og:type\" content=\"article\" \/>\n<meta property=\"og:title\" content=\"P\u00d5RANDATASANDUSSEGU KIILTO OPTIO 3-20MM 20KG - Espak E-pood\" \/>\n<meta property=\"og:url\" content=\"https:\/\/espak.ee\/epood\/toode\/porandatasandussegu-kiilto-optio-3-20mm-20kg\/\" \/>\n<meta property=\"og:site_name\" content=\"Espak E-pood\" \/>\n<meta property=\"article:modified_time\" content=\"2025-03-24T06:39:31+00:00\" \/>\n<meta property=\"og:image\" content=\"https:\/\/espak.ee\/epood\/wp-content\/uploads\/2019\/11\/82Fd2Fa2Fc2F8dacbe5f6a2948c9b4f99272d560a7ac6411512409207_13YuStQjqEhAMm1r1l9DgQ_5.jpg\" \/>\n\t<meta property=\"og:image:width\" content=\"1000\" \/>\n\t<meta property=\"og:image:height\" content=\"1000\" \/>\n\t<meta property=\"og:image:type\" content=\"image\/jpeg\" \/>\n<meta name=\"twitter:card\" content=\"summary_large_image\" \/>\n<meta name=\"twitter:label1\" content=\"Est. reading time\" \/>\n\t<meta name=\"twitter:data1\" content=\"2 minutit\" \/>\n<script type=\"application\/ld+json\" class=\"yoast-schema-graph\">{\"@context\":\"https:\/\/schema.org\",\"@graph\":[{\"@type\":\"WebPage\",\"@id\":\"https:\/\/espak.ee\/epood\/toode\/porandatasandussegu-kiilto-optio-3-20mm-20kg\/\",\"url\":\"https:\/\/espak.ee\/epood\/toode\/porandatasandussegu-kiilto-optio-3-20mm-20kg\/\",\"name\":\"P\u00d5RANDATASANDUSSEGU KIILTO OPTIO 3-20MM 20KG - Espak E-pood\",\"isPartOf\":{\"@id\":\"https:\/\/espak.ee\/epood\/#website\"},\"primaryImageOfPage\":{\"@id\":\"https:\/\/espak.ee\/epood\/toode\/porandatasandussegu-kiilto-optio-3-20mm-20kg\/#primaryimage\"},\"image\":{\"@id\":\"https:\/\/espak.ee\/epood\/toode\/porandatasandussegu-kiilto-optio-3-20mm-20kg\/#primaryimage\"},\"thumbnailUrl\":\"https:\/\/espak.ee\/epood\/wp-content\/uploads\/2019\/11\/82Fd2Fa2Fc2F8dacbe5f6a2948c9b4f99272d560a7ac6411512409207_13YuStQjqEhAMm1r1l9DgQ_5.jpg\",\"datePublished\":\"2019-11-14T00:41:10+00:00\",\"dateModified\":\"2025-03-24T06:39:31+00:00\",\"breadcrumb\":{\"@id\":\"https:\/\/espak.ee\/epood\/toode\/porandatasandussegu-kiilto-optio-3-20mm-20kg\/#breadcrumb\"},\"inLanguage\":\"et\",\"potentialAction\":[{\"@type\":\"ReadAction\",\"target\":[\"https:\/\/espak.ee\/epood\/toode\/porandatasandussegu-kiilto-optio-3-20mm-20kg\/\"]}]},{\"@type\":\"ImageObject\",\"inLanguage\":\"et\",\"@id\":\"https:\/\/espak.ee\/epood\/toode\/porandatasandussegu-kiilto-optio-3-20mm-20kg\/#primaryimage\",\"url\":\"https:\/\/espak.ee\/epood\/wp-content\/uploads\/2019\/11\/82Fd2Fa2Fc2F8dacbe5f6a2948c9b4f99272d560a7ac6411512409207_13YuStQjqEhAMm1r1l9DgQ_5.jpg\",\"contentUrl\":\"https:\/\/espak.ee\/epood\/wp-content\/uploads\/2019\/11\/82Fd2Fa2Fc2F8dacbe5f6a2948c9b4f99272d560a7ac6411512409207_13YuStQjqEhAMm1r1l9DgQ_5.jpg\",\"width\":1000,\"height\":1000},{\"@type\":\"BreadcrumbList\",\"@id\":\"https:\/\/espak.ee\/epood\/toode\/porandatasandussegu-kiilto-optio-3-20mm-20kg\/#breadcrumb\",\"itemListElement\":[{\"@type\":\"ListItem\",\"position\":1,\"name\":\"Home\",\"item\":\"https:\/\/espak.ee\/epood\/\"},{\"@type\":\"ListItem\",\"position\":2,\"name\":\"Tootevalik\",\"item\":\"https:\/\/espak.ee\/epood\/tootevalik\/\"},{\"@type\":\"ListItem\",\"position\":3,\"name\":\"P\u00d5RANDATASANDUSSEGU KIILTO OPTIO 3-20MM 20KG\"}]},{\"@type\":\"WebSite\",\"@id\":\"https:\/\/espak.ee\/epood\/#website\",\"url\":\"https:\/\/espak.ee\/epood\/\",\"name\":\"Espak E-pood\",\"description\":\"\",\"potentialAction\":[{\"@type\":\"SearchAction\",\"target\":{\"@type\":\"EntryPoint\",\"urlTemplate\":\"https:\/\/espak.ee\/epood\/?s={search_term_string}\"},\"query-input\":{\"@type\":\"PropertyValueSpecification\",\"valueRequired\":true,\"valueName\":\"search_term_string\"}}],\"inLanguage\":\"et\"}]}<\/script>\n<!-- \/ Yoast SEO plugin. -->","yoast_head_json":{"title":"P\u00d5RANDATASANDUSSEGU KIILTO OPTIO 3-20MM 20KG - Espak E-pood","robots":{"index":"index","follow":"follow","max-snippet":"max-snippet:-1","max-image-preview":"max-image-preview:large","max-video-preview":"max-video-preview:-1"},"canonical":"https:\/\/espak.ee\/epood\/toode\/porandatasandussegu-kiilto-optio-3-20mm-20kg\/","og_locale":"et_EE","og_type":"article","og_title":"P\u00d5RANDATASANDUSSEGU KIILTO OPTIO 3-20MM 20KG - Espak E-pood","og_url":"https:\/\/espak.ee\/epood\/toode\/porandatasandussegu-kiilto-optio-3-20mm-20kg\/","og_site_name":"Espak E-pood","article_modified_time":"2025-03-24T06:39:31+00:00","og_image":[{"width":1000,"height":1000,"url":"https:\/\/espak.ee\/epood\/wp-content\/uploads\/2019\/11\/82Fd2Fa2Fc2F8dacbe5f6a2948c9b4f99272d560a7ac6411512409207_13YuStQjqEhAMm1r1l9DgQ_5.jpg","type":"image\/jpeg"}],"twitter_card":"summary_large_image","twitter_misc":{"Est. reading time":"2 minutit"},"schema":{"@context":"https:\/\/schema.org","@graph":[{"@type":"WebPage","@id":"https:\/\/espak.ee\/epood\/toode\/porandatasandussegu-kiilto-optio-3-20mm-20kg\/","url":"https:\/\/espak.ee\/epood\/toode\/porandatasandussegu-kiilto-optio-3-20mm-20kg\/","name":"P\u00d5RANDATASANDUSSEGU KIILTO OPTIO 3-20MM 20KG - Espak E-pood","isPartOf":{"@id":"https:\/\/espak.ee\/epood\/#website"},"primaryImageOfPage":{"@id":"https:\/\/espak.ee\/epood\/toode\/porandatasandussegu-kiilto-optio-3-20mm-20kg\/#primaryimage"},"image":{"@id":"https:\/\/espak.ee\/epood\/toode\/porandatasandussegu-kiilto-optio-3-20mm-20kg\/#primaryimage"},"thumbnailUrl":"https:\/\/espak.ee\/epood\/wp-content\/uploads\/2019\/11\/82Fd2Fa2Fc2F8dacbe5f6a2948c9b4f99272d560a7ac6411512409207_13YuStQjqEhAMm1r1l9DgQ_5.jpg","datePublished":"2019-11-14T00:41:10+00:00","dateModified":"2025-03-24T06:39:31+00:00","breadcrumb":{"@id":"https:\/\/espak.ee\/epood\/toode\/porandatasandussegu-kiilto-optio-3-20mm-20kg\/#breadcrumb"},"inLanguage":"et","potentialAction":[{"@type":"ReadAction","target":["https:\/\/espak.ee\/epood\/toode\/porandatasandussegu-kiilto-optio-3-20mm-20kg\/"]}]},{"@type":"ImageObject","inLanguage":"et","@id":"https:\/\/espak.ee\/epood\/toode\/porandatasandussegu-kiilto-optio-3-20mm-20kg\/#primaryimage","url":"https:\/\/espak.ee\/epood\/wp-content\/uploads\/2019\/11\/82Fd2Fa2Fc2F8dacbe5f6a2948c9b4f99272d560a7ac6411512409207_13YuStQjqEhAMm1r1l9DgQ_5.jpg","contentUrl":"https:\/\/espak.ee\/epood\/wp-content\/uploads\/2019\/11\/82Fd2Fa2Fc2F8dacbe5f6a2948c9b4f99272d560a7ac6411512409207_13YuStQjqEhAMm1r1l9DgQ_5.jpg","width":1000,"height":1000},{"@type":"BreadcrumbList","@id":"https:\/\/espak.ee\/epood\/toode\/porandatasandussegu-kiilto-optio-3-20mm-20kg\/#breadcrumb","itemListElement":[{"@type":"ListItem","position":1,"name":"Home","item":"https:\/\/espak.ee\/epood\/"},{"@type":"ListItem","position":2,"name":"Tootevalik","item":"https:\/\/espak.ee\/epood\/tootevalik\/"},{"@type":"ListItem","position":3,"name":"P\u00d5RANDATASANDUSSEGU KIILTO OPTIO 3-20MM 20KG"}]},{"@type":"WebSite","@id":"https:\/\/espak.ee\/epood\/#website","url":"https:\/\/espak.ee\/epood\/","name":"Espak E-pood","description":"","potentialAction":[{"@type":"SearchAction","target":{"@type":"EntryPoint","urlTemplate":"https:\/\/espak.ee\/epood\/?s={search_term_string}"},"query-input":{"@type":"PropertyValueSpecification","valueRequired":true,"valueName":"search_term_string"}}],"inLanguage":"et"}]}},"_links":{"self":[{"href":"https:\/\/espak.ee\/epood\/wp-json\/wp\/v2\/product\/11053","targetHints":{"allow":["GET"]}}],"collection":[{"href":"https:\/\/espak.ee\/epood\/wp-json\/wp\/v2\/product"}],"about":[{"href":"https:\/\/espak.ee\/epood\/wp-json\/wp\/v2\/types\/product"}],"replies":[{"embeddable":true,"href":"https:\/\/espak.ee\/epood\/wp-json\/wp\/v2\/comments?post=11053"}],"wp:featuredmedia":[{"embeddable":true,"href":"https:\/\/espak.ee\/epood\/wp-json\/wp\/v2\/media\/232043"}],"wp:attachment":[{"href":"https:\/\/espak.ee\/epood\/wp-json\/wp\/v2\/media?parent=11053"}],"wp:term":[{"taxonomy":"product_brand","embeddable":true,"href":"https:\/\/espak.ee\/epood\/wp-json\/wp\/v2\/product_brand?post=11053"},{"taxonomy":"product_cat","embeddable":true,"href":"https:\/\/espak.ee\/epood\/wp-json\/wp\/v2\/product_cat?post=11053"},{"taxonomy":"product_tag","embeddable":true,"href":"https:\/\/espak.ee\/epood\/wp-json\/wp\/v2\/product_tag?post=11053"}],"curies":[{"name":"wp","href":"https:\/\/api.w.org\/{rel}","templated":true}]}}