{"id":11048,"date":"2019-11-14T02:41:10","date_gmt":"2019-11-14T00:41:10","guid":{"rendered":"https:\/\/espak.ee\/hinnakiri\/?post_type=product&#038;p=11048"},"modified":"2025-09-11T14:11:44","modified_gmt":"2025-09-11T11:11:44","slug":"plaatimissegu-kiilto-highfex-s2-df-10kg","status":"publish","type":"product","link":"https:\/\/espak.ee\/epood\/toode\/plaatimissegu-kiilto-highfex-s2-df-10kg\/","title":{"rendered":"PLAATIMISSEGU KIILTO HIGHFEX S2 DF 10KG"},"content":{"rendered":"<div class=\"row\"  id=\"row-1388983017\">\n\n\t<div id=\"col-461737742\" class=\"col medium-9 small-12 large-9\"  >\n\t\t\t\t<div class=\"col-inner\"  >\n\t\t\t\n\t\t\t\n<h2>Kiilto HighFlex S2 DF Elastne, kuumakindel plaatimissegu<\/h2>\n<p>V\u00e4hetolmav, kergsideainel, hea elastsusega, valge plaatimissegu. Ideaalne n\u00e4it. klaasmosaiik-, looduskivist plaatide, kerisetaguste ja monteeritavate metallist vannitoapaneelide paigaldamiseks. C2TES2. Sobib ka v\u00e4listingimustes kasutamiseks. Tsemendibaasil.<\/p>\n<div class=\"message-box relative\" style=\"padding-top:15px;padding-bottom:15px;\"><div class=\"message-box-bg-image bg-fill fill\" ><\/div><div class=\"message-box-bg-overlay bg-fill fill\" ><\/div><div class=\"container relative\"><div class=\"inner last-reset\">\n<div class=\"row align-middle align-center\"  id=\"row-1078435914\">\n\n\t<div id=\"col-1424980885\" class=\"col small-12 large-12\"  >\n\t\t\t\t<div class=\"col-inner text-left\"  >\n\t\t\t\n\t\t\t\n<h4>Omadused<\/h4>\n<div class=\"row\"  id=\"row-1638832570\">\n\n\t<div id=\"col-625376110\" class=\"col medium-6 small-12 large-6\"  >\n\t\t\t\t<div class=\"col-inner\"  >\n\t\t\t\n\t\t\t\n<p><i class=\"fa fa-check fa-2x\"><\/i> <strong>V\u00e4hetolmav, valge, mittevalguv, kuumakindel<\/strong><\/p>\n<p><i class=\"fa fa-check fa-2x\"><\/i> <strong>V\u00e4ga hea elastsuse ja deformatsioonitaluvusega<\/strong><\/p>\n\t\t<\/div>\n\t\t\t\t\n<style>\n#col-625376110 > .col-inner {\n  margin: 0px 0px 15px 0px;\n}\n<\/style>\n\t<\/div>\n\n\t\n<\/div>\n\t\t<\/div>\n\t\t\t\t\t<\/div>\n\n\t\n<\/div>\n<\/div><\/div><\/div>\n\t<div id=\"gap-1694632596\" class=\"gap-element clearfix\" style=\"display:block; height:auto;\">\n\t\t\n<style>\n#gap-1694632596 {\n  padding-top: 30px;\n}\n<\/style>\n\t<\/div>\n\t\n<h3>Kasutamise \u00fcksikasjad<\/h3>\n<p><strong>Kasutusalad:<\/strong> Kiilto Highflex S2 DF on valge, mittevalguv ja v\u00e4ikese kulunormiga ja h\u00e4sti deformatsiooni taluv kergsideainel plaatimissegu keraamiliste, klaasmosaiik-, marmor- ja kiviplaatide kinnitamiseks. Uus v\u00e4hetolmav tehnoloogia v\u00e4hendab oluliselt segu tolmamist segamisel. Sobivad aluspinnad on n\u00e4iteks plast-, v\u00e4rvitud, kahhel-, klinker ja tavalised kivimaterjalipinnad ning Kiilto h\u00fcdroisolatsioonimastiksiga v\u00f5i Kiilto niiskust\u00f5kkega t\u00f6\u00f6deldud kipskartong- v\u00f5i kiudtsementplaadid. Kuumadel pindadel, nagu n\u00e4iteks kaminad ja kerisetagused (eramute saunades), on segu maksimum kasutus temperatuur 100 \u00b0C. J\u00e4lgida ka deformatsioonivuukide vajalikkust, plaatimise ajal peab ruumis olema normaaltemperatuur. Plaatimist\u00f6\u00f6d saab sooritada ilma vuugin\u00f6\u00f6rita. P\u00f5randak\u00fcte tuleb l\u00fclitada v\u00e4lja u 24 tundi enne plaatimise alustamist. Sobib kasutamiseks sise- ja v\u00e4listingimustes.<br \/>\nPlaaditavad pinnad peavad olema puhtad ja tolmuvabad. Eemaldage niiskuskartlikud pahtlid ja tasandussegud. Kuivad ja imavad pinnad tuleb niisutada (v.a plaatpinnad). Plast-, v\u00e4rvitud, kahhel- ja klinkerpindu plaatides tuleb j\u00e4lgida, et:<br \/>\n&#8211; pind on plaatimiseks piisavalt tugev<br \/>\n&#8211; plaaditav pinnakattematerjal on tugevalt kinni aluspinnal<br \/>\n&#8211; vaha, rasv ja mustus pestakse leeliselise puhastusvahendiga ja loputatakse korralikult<br \/>\nKui pind on kuivanud, lihvige seda vajadusel ja eemaldage lihvimistolm;<br \/>\nV\u00e4rvitud v\u00f5i PVC-ga kaetud metallaluspindu plaatides (nt monteeritavad metallist vannitoapaneelid) tuleb vaha, mustus ja rasv eemaldada aluspinnalt leeliselise pesuainega ja loputada korralikult. Kui pind on kuivanud, lihvige seda vajadusel ja eemaldage lihvimistolm. Kruntimiseks kasutatakse Kiilto Fix Primer nakkedispersiooni (liivaterasid sisaldav krunt)<\/p>\n<p><strong>Kasutusjuhis:<\/strong> Puistake Highflex S2 DF pulber aeglaselt, pidevalt segades jahedasse, puhtasse vette, kuni moodustub \u00fchtlane mass. Laske segul seista u 10\u201315 min ja segage veel kord kergelt l\u00e4bi. Kandke segu plaaditavale pinnale samaaegselt tugevalt surudes ja kammige segukammiga lahti alale, mis j\u00f5utakse plaatida 20 min. jooksul. Suruge plaadid tugevalt segule ja koputage kohe kinni. Plaatide asendit on v\u00f5imalik muuta 15 minuti jooksul. T\u00f5stke pisteliselt paigaldatud plaate ja kontrollige, et plaadi tagak\u00fclg oleks piisavalt seguga kaetud (kahhelplaadid 70\u201375% ja klinkerplaadid 80\u201390%). V\u00e4listingimustes plaatides peab plaadi tagak\u00fclg olema seguga kaetud 100%. Piisava plaatimisseguga kaetuse tagamiseks tuleb segukammi hammastuse valimisel l\u00e4htuda plaatide m\u00f5\u00f5tmetest ja tagak\u00fclje mustrist.<br \/>\nV\u00e4rsked plaatimissegu j\u00e4\u00e4gid eemaldage vee ja niiske lapiga. Kuivanud plaatimissegu saab eemaldada ainult mehaaniliselt.<br \/>\nSeinaplaadid saab vuukida Kiilto Saumalaasti vuugit\u00e4idisega 12 tundi p\u00e4rast plaatimist, p\u00f5randaplaadid 24 tunni p\u00e4rast. Igap\u00e4evast koormust v\u00f5ib m\u00e4rjas ruumis rakendada n\u00e4dala m\u00f6\u00f6dudes plaatimisest. Kuivamisaeg pikeneb madala temperatuuri ja k\u00f5rge \u00f5huniiskuse toimel.<br \/>\nSeinakonstruktsioonide nurgad, seina- ja p\u00f5randaplaatide vahelised vuugid ning muud nihkevuugid vuukige silikoonhermeetikuga Kiilto Sanitaarsilikoon.<br \/>\nSobib v\u00e4iksemate pinnaebatasasuste parandamiseks enne plaatimist. Mitme millimeetri k\u00f5rguste ebatasasuste parandamiseks soovitame kasutada Kiilto seinapahtlit v\u00f5i tasandussegu.<\/p>\n<p><strong>Keskkond ja ohutus:<\/strong> V\u00e4ltige kuivamata toote kokkupuudet nahaga, kasutage kaitsekindaid. Tutvuge tooteohutuskaardiga.<\/p>\n\t\t<\/div>\n\t\t\t\t\t<\/div>\n\n\t\n\n\t<div id=\"col-1330669348\" class=\"col medium-3 small-12 large-3\"  >\n\t\t\t\t<div class=\"col-inner\"  >\n\t\t\t\n\t\t\t\n\t<div id=\"gap-471428185\" class=\"gap-element clearfix\" style=\"display:block; height:auto;\">\n\t\t\n<style>\n#gap-471428185 {\n  padding-top: 30px;\n}\n<\/style>\n\t<\/div>\n\t\n<h3>Tehniline informatsioon<\/h3>\n<p><a href=\"https:\/\/espak.ee\/epood\/wp-content\/uploads\/highlex-tooteleht.pdf\" target=\"_blank\" rel=\"noopener noreferrer\"><i class=\"far fa-file-pdf\"><\/i> Tehniline info (PDF)<\/a><\/p>\n<h3>Ohutusalane teave<\/h3>\n<p><a href=\"https:\/\/espak.ee\/epood\/wp-content\/uploads\/higheflex-ohutuskaart.pdf\" target=\"_blank\" rel=\"noopener noreferrer\"><i class=\"far fa-file-pdf\"><\/i> Ohutusalane teave (PDF)<\/a><\/p>\n<div class=\"is-divider divider clearfix\" ><\/div>\n<p><strong>\u00dcksikasjalikuma n\u00f5u saamiseks v\u00f5tke \u00fchendust:<br \/><\/strong>Kiilto Eesti O\u00dc<br \/>L\u00e4ike tee 4<br \/>75312<br \/>Rae vald<br \/>(+372) 60 31 900<\/p>\n<div class=\"is-divider divider clearfix\" ><\/div>\n\t\t<\/div>\n\t\t\t\t\t<\/div>\n\n\t\n<\/div>\n","protected":false},"excerpt":{"rendered":"","protected":false},"featured_media":11275,"comment_status":"closed","ping_status":"open","template":"","meta":[],"product_brand":[],"product_cat":[2698,2806,2805,2697],"product_tag":[],"class_list":{"0":"post-11048","1":"product","2":"type-product","3":"status-publish","4":"has-post-thumbnail","6":"product_cat-pahtlid-ja-kuivsegud","7":"product_cat-plaadiliimid","8":"product_cat-plaatimissegud","9":"product_cat-uldehitus","10":"pa_kaubamark-kiilto-eesti-ou","12":"first","13":"outofstock","14":"sale","15":"taxable","16":"shipping-taxable","17":"purchasable","18":"product-type-simple"},"yoast_head":"<!-- This site is optimized with the Yoast SEO plugin v26.9 - https:\/\/yoast.com\/product\/yoast-seo-wordpress\/ -->\n<title>PLAATIMISSEGU KIILTO HIGHFEX S2 DF 10KG - Espak E-pood<\/title>\n<meta name=\"robots\" content=\"index, follow, max-snippet:-1, max-image-preview:large, max-video-preview:-1\" \/>\n<link rel=\"canonical\" href=\"https:\/\/espak.ee\/epood\/toode\/plaatimissegu-kiilto-highfex-s2-df-10kg\/\" \/>\n<meta property=\"og:locale\" content=\"et_EE\" \/>\n<meta property=\"og:type\" content=\"article\" \/>\n<meta property=\"og:title\" content=\"PLAATIMISSEGU KIILTO HIGHFEX S2 DF 10KG - Espak E-pood\" \/>\n<meta property=\"og:url\" content=\"https:\/\/espak.ee\/epood\/toode\/plaatimissegu-kiilto-highfex-s2-df-10kg\/\" \/>\n<meta property=\"og:site_name\" content=\"Espak E-pood\" \/>\n<meta property=\"article:modified_time\" content=\"2025-09-11T11:11:44+00:00\" \/>\n<meta property=\"og:image\" content=\"https:\/\/espak.ee\/epood\/wp-content\/uploads\/highflex.png\" \/>\n\t<meta property=\"og:image:width\" content=\"800\" \/>\n\t<meta property=\"og:image:height\" content=\"800\" \/>\n\t<meta property=\"og:image:type\" content=\"image\/png\" \/>\n<meta name=\"twitter:card\" content=\"summary_large_image\" \/>\n<meta name=\"twitter:label1\" content=\"Est. reading time\" \/>\n\t<meta name=\"twitter:data1\" content=\"3 minutit\" \/>\n<script type=\"application\/ld+json\" class=\"yoast-schema-graph\">{\"@context\":\"https:\/\/schema.org\",\"@graph\":[{\"@type\":\"WebPage\",\"@id\":\"https:\/\/espak.ee\/epood\/toode\/plaatimissegu-kiilto-highfex-s2-df-10kg\/\",\"url\":\"https:\/\/espak.ee\/epood\/toode\/plaatimissegu-kiilto-highfex-s2-df-10kg\/\",\"name\":\"PLAATIMISSEGU KIILTO HIGHFEX S2 DF 10KG - Espak E-pood\",\"isPartOf\":{\"@id\":\"https:\/\/espak.ee\/epood\/#website\"},\"primaryImageOfPage\":{\"@id\":\"https:\/\/espak.ee\/epood\/toode\/plaatimissegu-kiilto-highfex-s2-df-10kg\/#primaryimage\"},\"image\":{\"@id\":\"https:\/\/espak.ee\/epood\/toode\/plaatimissegu-kiilto-highfex-s2-df-10kg\/#primaryimage\"},\"thumbnailUrl\":\"https:\/\/espak.ee\/epood\/wp-content\/uploads\/highflex.png\",\"datePublished\":\"2019-11-14T00:41:10+00:00\",\"dateModified\":\"2025-09-11T11:11:44+00:00\",\"breadcrumb\":{\"@id\":\"https:\/\/espak.ee\/epood\/toode\/plaatimissegu-kiilto-highfex-s2-df-10kg\/#breadcrumb\"},\"inLanguage\":\"et\",\"potentialAction\":[{\"@type\":\"ReadAction\",\"target\":[\"https:\/\/espak.ee\/epood\/toode\/plaatimissegu-kiilto-highfex-s2-df-10kg\/\"]}]},{\"@type\":\"ImageObject\",\"inLanguage\":\"et\",\"@id\":\"https:\/\/espak.ee\/epood\/toode\/plaatimissegu-kiilto-highfex-s2-df-10kg\/#primaryimage\",\"url\":\"https:\/\/espak.ee\/epood\/wp-content\/uploads\/highflex.png\",\"contentUrl\":\"https:\/\/espak.ee\/epood\/wp-content\/uploads\/highflex.png\",\"width\":800,\"height\":800},{\"@type\":\"BreadcrumbList\",\"@id\":\"https:\/\/espak.ee\/epood\/toode\/plaatimissegu-kiilto-highfex-s2-df-10kg\/#breadcrumb\",\"itemListElement\":[{\"@type\":\"ListItem\",\"position\":1,\"name\":\"Home\",\"item\":\"https:\/\/espak.ee\/epood\/\"},{\"@type\":\"ListItem\",\"position\":2,\"name\":\"Tootevalik\",\"item\":\"https:\/\/espak.ee\/epood\/tootevalik\/\"},{\"@type\":\"ListItem\",\"position\":3,\"name\":\"PLAATIMISSEGU KIILTO HIGHFEX S2 DF 10KG\"}]},{\"@type\":\"WebSite\",\"@id\":\"https:\/\/espak.ee\/epood\/#website\",\"url\":\"https:\/\/espak.ee\/epood\/\",\"name\":\"Espak E-pood\",\"description\":\"\",\"potentialAction\":[{\"@type\":\"SearchAction\",\"target\":{\"@type\":\"EntryPoint\",\"urlTemplate\":\"https:\/\/espak.ee\/epood\/?s={search_term_string}\"},\"query-input\":{\"@type\":\"PropertyValueSpecification\",\"valueRequired\":true,\"valueName\":\"search_term_string\"}}],\"inLanguage\":\"et\"}]}<\/script>\n<!-- \/ Yoast SEO plugin. -->","yoast_head_json":{"title":"PLAATIMISSEGU KIILTO HIGHFEX S2 DF 10KG - Espak E-pood","robots":{"index":"index","follow":"follow","max-snippet":"max-snippet:-1","max-image-preview":"max-image-preview:large","max-video-preview":"max-video-preview:-1"},"canonical":"https:\/\/espak.ee\/epood\/toode\/plaatimissegu-kiilto-highfex-s2-df-10kg\/","og_locale":"et_EE","og_type":"article","og_title":"PLAATIMISSEGU KIILTO HIGHFEX S2 DF 10KG - Espak E-pood","og_url":"https:\/\/espak.ee\/epood\/toode\/plaatimissegu-kiilto-highfex-s2-df-10kg\/","og_site_name":"Espak E-pood","article_modified_time":"2025-09-11T11:11:44+00:00","og_image":[{"width":800,"height":800,"url":"https:\/\/espak.ee\/epood\/wp-content\/uploads\/highflex.png","type":"image\/png"}],"twitter_card":"summary_large_image","twitter_misc":{"Est. reading time":"3 minutit"},"schema":{"@context":"https:\/\/schema.org","@graph":[{"@type":"WebPage","@id":"https:\/\/espak.ee\/epood\/toode\/plaatimissegu-kiilto-highfex-s2-df-10kg\/","url":"https:\/\/espak.ee\/epood\/toode\/plaatimissegu-kiilto-highfex-s2-df-10kg\/","name":"PLAATIMISSEGU KIILTO HIGHFEX S2 DF 10KG - Espak E-pood","isPartOf":{"@id":"https:\/\/espak.ee\/epood\/#website"},"primaryImageOfPage":{"@id":"https:\/\/espak.ee\/epood\/toode\/plaatimissegu-kiilto-highfex-s2-df-10kg\/#primaryimage"},"image":{"@id":"https:\/\/espak.ee\/epood\/toode\/plaatimissegu-kiilto-highfex-s2-df-10kg\/#primaryimage"},"thumbnailUrl":"https:\/\/espak.ee\/epood\/wp-content\/uploads\/highflex.png","datePublished":"2019-11-14T00:41:10+00:00","dateModified":"2025-09-11T11:11:44+00:00","breadcrumb":{"@id":"https:\/\/espak.ee\/epood\/toode\/plaatimissegu-kiilto-highfex-s2-df-10kg\/#breadcrumb"},"inLanguage":"et","potentialAction":[{"@type":"ReadAction","target":["https:\/\/espak.ee\/epood\/toode\/plaatimissegu-kiilto-highfex-s2-df-10kg\/"]}]},{"@type":"ImageObject","inLanguage":"et","@id":"https:\/\/espak.ee\/epood\/toode\/plaatimissegu-kiilto-highfex-s2-df-10kg\/#primaryimage","url":"https:\/\/espak.ee\/epood\/wp-content\/uploads\/highflex.png","contentUrl":"https:\/\/espak.ee\/epood\/wp-content\/uploads\/highflex.png","width":800,"height":800},{"@type":"BreadcrumbList","@id":"https:\/\/espak.ee\/epood\/toode\/plaatimissegu-kiilto-highfex-s2-df-10kg\/#breadcrumb","itemListElement":[{"@type":"ListItem","position":1,"name":"Home","item":"https:\/\/espak.ee\/epood\/"},{"@type":"ListItem","position":2,"name":"Tootevalik","item":"https:\/\/espak.ee\/epood\/tootevalik\/"},{"@type":"ListItem","position":3,"name":"PLAATIMISSEGU KIILTO HIGHFEX S2 DF 10KG"}]},{"@type":"WebSite","@id":"https:\/\/espak.ee\/epood\/#website","url":"https:\/\/espak.ee\/epood\/","name":"Espak E-pood","description":"","potentialAction":[{"@type":"SearchAction","target":{"@type":"EntryPoint","urlTemplate":"https:\/\/espak.ee\/epood\/?s={search_term_string}"},"query-input":{"@type":"PropertyValueSpecification","valueRequired":true,"valueName":"search_term_string"}}],"inLanguage":"et"}]}},"_links":{"self":[{"href":"https:\/\/espak.ee\/epood\/wp-json\/wp\/v2\/product\/11048","targetHints":{"allow":["GET"]}}],"collection":[{"href":"https:\/\/espak.ee\/epood\/wp-json\/wp\/v2\/product"}],"about":[{"href":"https:\/\/espak.ee\/epood\/wp-json\/wp\/v2\/types\/product"}],"replies":[{"embeddable":true,"href":"https:\/\/espak.ee\/epood\/wp-json\/wp\/v2\/comments?post=11048"}],"wp:featuredmedia":[{"embeddable":true,"href":"https:\/\/espak.ee\/epood\/wp-json\/wp\/v2\/media\/11275"}],"wp:attachment":[{"href":"https:\/\/espak.ee\/epood\/wp-json\/wp\/v2\/media?parent=11048"}],"wp:term":[{"taxonomy":"product_brand","embeddable":true,"href":"https:\/\/espak.ee\/epood\/wp-json\/wp\/v2\/product_brand?post=11048"},{"taxonomy":"product_cat","embeddable":true,"href":"https:\/\/espak.ee\/epood\/wp-json\/wp\/v2\/product_cat?post=11048"},{"taxonomy":"product_tag","embeddable":true,"href":"https:\/\/espak.ee\/epood\/wp-json\/wp\/v2\/product_tag?post=11048"}],"curies":[{"name":"wp","href":"https:\/\/api.w.org\/{rel}","templated":true}]}}