{"id":110131,"date":"2022-03-01T00:27:19","date_gmt":"2022-03-01T00:27:19","guid":{"rendered":"https:\/\/espak.ee\/epood\/?post_type=product&#038;p=110131"},"modified":"2024-03-23T04:27:15","modified_gmt":"2024-03-23T02:27:15","slug":"kaimla-biolan-populett-200","status":"publish","type":"product","link":"https:\/\/espak.ee\/epood\/toode\/kaimla-biolan-populett-200\/","title":{"rendered":"K\u00c4IMLA BIOLAN POPULETT 200"},"content":{"rendered":"<div class=\"row\"  id=\"row-1657588591\">\n\n\t<div id=\"col-2134165189\" class=\"col medium-9 small-12 large-9\"  >\n\t\t\t\t<div class=\"col-inner\"  >\n\t\t\t\n\t\t\t\n<h2>K\u00e4imla Biolan Populett 200<\/h2>\n<p>&#8211; Maht 200 liitrit<br \/>\n&#8211; Sobib ka intensiivseks kasutamiseks<br \/>\n&#8211; Vajaduse korral eraldab vedeliku massist<br \/>\n&#8211; T\u00f5hus loomulik ventilatsioon<br \/>\n&#8211; Potil soojustatud, hingedega k\u00e4imlaiste Pehvakka<br \/>\n&#8211; H\u00f5lpsasti puhastatavad pinnad<br \/>\n&#8211; Populett 200 asenduspaak on saadaval lisavarustusena\n<\/p>\n\t<div id=\"gap-1929319374\" class=\"gap-element clearfix\" style=\"display:block; height:auto;\">\n\t\t\n<style>\n#gap-1929319374 {\n  padding-top: 30px;\n}\n<\/style>\n\t<\/div>\n\t\n<p><strong>Kasutamine:<\/strong><br \/>\n<strong>Enne kuivk\u00e4imla kasutuselev\u00f5ttu<\/strong><br \/>\nBiolan Populetti topeltp\u00f5hja laotatakse u 5 cm kiht (umbes 20 l) Biolani komposti- ja k\u00e4imlaturvast, et vedelikueraldi ei ummistuks. Kui kasutatakse uriini eraldavat funktsiooni, seatakse eraldusklapp nii, et see juhib vedeliku eraldustorusse. Kui toodet kasutatakse imbvedelikku eraldavat funktsiooniga, j\u00e4etakse klapp eraldustoru otsa.<\/p>\n<p><strong>K\u00e4imlaistme \u00f5huventiili reguleerimine<\/strong><br \/>\nPopuletti \u00f5hutust reguleeritakse istmekaane kompensatsiooni\u00f5huventiili abil. Suvel hoitakse seda avatuna, et \u00f5hutus oleks t\u00f5hus ja vedelike aurustumine maksimaalne. Talvel on  ventiil peaaegu suletud, v\u00e4hendamaks komposteeruva massi soojuskadu. Soojustatud k\u00e4imlaistme kaant hoitakse kasutuskordade vahepeal suletuna, et ventilatsioon toimiks korralikult .<\/p>\n<p><strong>Mida tohib Populetti visata<\/strong><br \/>\nPopulett on m\u00f5eldud komposteeruvate k\u00e4imlaj\u00e4\u00e4tmete kogumiseks. K\u00e4imlasse ei tohi visata midagi, takistab kompostimisprotsessi v\u00f5i pole biolagunev, nagu:<br \/>\n&#8211; pr\u00fcgi, h\u00fcgieenisidemeid<br \/>\n&#8211; kemikaale, lupja<br \/>\n&#8211; pesuvahendeid, pesuvett<br \/>\n&#8211; tuhka, sigaretikonisid<\/p>\n<p><strong>Kuivatusaine ja kompostikobesti kasutamine<\/strong><br \/>\nP\u00e4rast igat kasutuskorda lisatakse j\u00e4\u00e4tmete katmiseks umbes 2\u20135 dl Biolani komposti-ja k\u00e4imlaturvast. Sobiva kuivatusaine kasutamine on k\u00e4imla toimivuse seisukohast esmat\u00e4htis. Kuivatusainena soovitame kasutada Biolani komposti- ja k\u00e4imlaturvast. See seob t\u00f5husalt l\u00f5hnu ja hoiab k\u00e4imlakomposti \u00f5hulisena. Kompostikobestiga kobestatakse k\u00e4imlamassi ja tasandatakse eba\u00fchtlaselt kogunevat massi ning pikendatakse n\u00f5nda k\u00e4imla t\u00fchjendusintervalli. Kobestiga tehakse massis igas suunas korduvaid edasi-tagasi liigutusi. Kobestit kasutatakse vastavalt vajadusele, ent v\u00e4hemalt umbes iga 10\u201315 kasutuskorra j\u00e4rel. P\u00e4rast kasutamist pannakse kobesti alaspidi oma kohale ventilatsioonitorus.<\/p>\n<p><strong>K\u00e4imla aastaringne kasutamine<\/strong><br \/>\nMiinustemperatuuril k\u00e4imlaj\u00e4\u00e4tmed j\u00e4\u00e4tuvad, see aga ei kahjusta seadet ega kompostimassi. Kompostimassi lagunemine j\u00e4tkub ilmade soojenedes. K\u00e4imla mahutavust on v\u00f5imalik suurendada, kui kasutada Populetti uriini eraldavat funktsiooni. Vedelikumahuti t\u00fchjendatakse s\u00fcgisel ja talvel j\u00e4lgitakse selle t\u00e4itumist, et mahuti l\u00f5hki ei k\u00fclmuks.<\/p>\n<p><strong>T\u00fchjendamine<\/strong><br \/>\nBiolan Populett tuleb t\u00fchjendada, kui see on t\u00e4is. Seade tehakse t\u00e4iesti t\u00fchjaks. T\u00fchjendamist v\u00f5ib teha labidaga, keerates k\u00e4imlakorpuse kummuli, v\u00f5i kummutades seda j\u00e4\u00e4tmeauto kahvelt\u00f5stuki abil. Populetti k\u00e4imlal on spetsiaalne serv mis v\u00f5imaldab t\u00f5sta seda j\u00e4\u00e4tmeauto konteinerit\u00f5stukiga.<\/p>\n<p><strong>T\u00fchjendus:<\/strong><br \/>\nEemaldage soojustatud k\u00e4imlaiste ning vajaduse korral seina ja seadme vahele paigaldatud tihendusliist v\u00f5i kate.<br \/>\nV\u00f5tke vedelikuvoolik kanistrist\/mahutist v\u00e4lja ja keerake voolikuklambri k\u00fclge.<br \/>\nT\u00f5mmake kompostikobesti tagumisse asendisse.<br \/>\nT\u00f5stke \u00f5hutoru k\u00e4imlaseadmest v\u00e4lja.<br \/>\nViige seade hoonest v\u00e4lja.<br \/>\nKallutage seadet nii, et rattatelg asetub oma kohale.<br \/>\nViige seade t\u00fchjenduskohta v\u00f5i j\u00e4tke mass mahutisse komposteeruma ja asetage k\u00e4imlasse uus mahuti.<\/p>\n<p>Suviti kasutatavat k\u00e4imlat on soovitatav t\u00fchjendada kevadel, enne esimest kasutuskorda. Siis on see toiming k\u00f5ige lihtsam ja meeldivam.<\/p>\n<p><strong>Imbvedelikukanistri t\u00fchjendamine<\/strong><br \/>\nImbvedeliku kanistrit t\u00fchjendatakse vastavalt vajadusele, ent v\u00e4hemalt kord aastas. Toitainerikast vedelikku saab kasutada komposti rikastamiseks l\u00e4mmastikuga, mis sobib eriti h\u00e4sti toitainevaesele ja s\u00fcsinikku sisaldavale aiakompostile. Imbvedelikku saab kasutada ka ilutaimede v\u00e4etamiseks \u00f5ues ja aiamaal. Paras lahjendussuhe on 1:5. V\u00f5ib kasutada ka lahjendamata vedelikku, kuid  sellisel juhul tuleb ala p\u00e4rast v\u00e4etamist hoolikalt kasta, v\u00e4ltimaks p\u00f5letusi lehtedel. S\u00fcgisel v\u00e4etada ei soovitata, kuna see v\u00f5ib h\u00e4irida mitmeaastaste taimede valmistumis talveks. Soovitatav on vedelikku enne selle v\u00e4etisena kasutamist umbes aasta aega seista lasta.<\/p>\n<p><strong>Puhastamine<\/strong><br \/>\nPopuleti soojustatud k\u00e4imlaistet v\u00f5ib pesta k\u00f5ikide tavaliste olmepuhastusvahenditega. Vedelikutoru ja topeltp\u00f5hja all asuvat vedelikurenni kontrollitakse kord aastas ja vajaduse korral puhastatakse. K\u00e4imlamahutit ei ole vaja p\u00e4rast t\u00fchjendamist pesta.<\/p>\n\t\t<\/div>\n\t\t\t\t\t<\/div>\n\n\t\n\n\t<div id=\"col-1376502853\" class=\"col medium-3 small-12 large-3\"  >\n\t\t\t\t<div class=\"col-inner\"  >\n\t\t\t\n\t\t\t\n\t<div id=\"gap-58425125\" class=\"gap-element clearfix\" style=\"display:block; height:auto;\">\n\t\t\n<style>\n#gap-58425125 {\n  padding-top: 30px;\n}\n<\/style>\n\t<\/div>\n\t\n<div class=\"is-divider divider clearfix\" ><\/div>\n<p><strong>\u00dcksikasjalikuma n\u00f5u saamiseks v\u00f5tke \u00fchendust:<br \/><\/strong>Biolan Baltic O\u00dc<br \/>M\u00e4e 17<br \/>87001<br \/>Lavassaare, P\u00e4rnumaa<br \/>+372 446 3381<\/p>\n<div class=\"is-divider divider clearfix\" ><\/div>\n\t\t<\/div>\n\t\t\t\t\t<\/div>\n\n\t\n<\/div>\n","protected":false},"excerpt":{"rendered":"","protected":false},"featured_media":110666,"comment_status":"closed","ping_status":"closed","template":"","meta":[],"product_brand":[],"product_cat":[2789,2788,2897,2899],"product_tag":[],"class_list":{"0":"post-110131","1":"product","2":"type-product","3":"status-publish","4":"has-post-thumbnail","6":"product_cat-aiatarbed","7":"product_cat-aiatarbed-ja-kodukaubad","8":"product_cat-kompost","9":"product_cat-kuivkaimlad","10":"pa_kaubamark-biolan-baltic-ou","12":"first","13":"instock","14":"sale","15":"taxable","16":"shipping-taxable","17":"purchasable","18":"product-type-simple"},"yoast_head":"<!-- This site is optimized with the Yoast SEO plugin v26.9 - https:\/\/yoast.com\/product\/yoast-seo-wordpress\/ -->\n<title>K\u00c4IMLA BIOLAN POPULETT 200 - Espak E-pood<\/title>\n<meta name=\"robots\" content=\"index, follow, max-snippet:-1, max-image-preview:large, max-video-preview:-1\" \/>\n<link rel=\"canonical\" href=\"https:\/\/espak.ee\/epood\/toode\/kaimla-biolan-populett-200\/\" \/>\n<meta property=\"og:locale\" content=\"et_EE\" \/>\n<meta property=\"og:type\" content=\"article\" \/>\n<meta property=\"og:title\" content=\"K\u00c4IMLA BIOLAN POPULETT 200 - Espak E-pood\" \/>\n<meta property=\"og:url\" content=\"https:\/\/espak.ee\/epood\/toode\/kaimla-biolan-populett-200\/\" \/>\n<meta property=\"og:site_name\" content=\"Espak E-pood\" \/>\n<meta property=\"article:modified_time\" content=\"2024-03-23T02:27:15+00:00\" \/>\n<meta property=\"og:image\" content=\"https:\/\/espak.ee\/epood\/wp-content\/uploads\/2022\/03\/Biolan_Populett_200.jpg\" \/>\n\t<meta property=\"og:image:width\" content=\"1000\" \/>\n\t<meta property=\"og:image:height\" content=\"1000\" \/>\n\t<meta property=\"og:image:type\" content=\"image\/jpeg\" \/>\n<meta name=\"twitter:card\" content=\"summary_large_image\" \/>\n<meta name=\"twitter:label1\" content=\"Est. reading time\" \/>\n\t<meta name=\"twitter:data1\" content=\"3 minutit\" \/>\n<script type=\"application\/ld+json\" class=\"yoast-schema-graph\">{\"@context\":\"https:\/\/schema.org\",\"@graph\":[{\"@type\":\"WebPage\",\"@id\":\"https:\/\/espak.ee\/epood\/toode\/kaimla-biolan-populett-200\/\",\"url\":\"https:\/\/espak.ee\/epood\/toode\/kaimla-biolan-populett-200\/\",\"name\":\"K\u00c4IMLA BIOLAN POPULETT 200 - Espak E-pood\",\"isPartOf\":{\"@id\":\"https:\/\/espak.ee\/epood\/#website\"},\"primaryImageOfPage\":{\"@id\":\"https:\/\/espak.ee\/epood\/toode\/kaimla-biolan-populett-200\/#primaryimage\"},\"image\":{\"@id\":\"https:\/\/espak.ee\/epood\/toode\/kaimla-biolan-populett-200\/#primaryimage\"},\"thumbnailUrl\":\"https:\/\/espak.ee\/epood\/wp-content\/uploads\/2022\/03\/Biolan_Populett_200.jpg\",\"datePublished\":\"2022-03-01T00:27:19+00:00\",\"dateModified\":\"2024-03-23T02:27:15+00:00\",\"breadcrumb\":{\"@id\":\"https:\/\/espak.ee\/epood\/toode\/kaimla-biolan-populett-200\/#breadcrumb\"},\"inLanguage\":\"et\",\"potentialAction\":[{\"@type\":\"ReadAction\",\"target\":[\"https:\/\/espak.ee\/epood\/toode\/kaimla-biolan-populett-200\/\"]}]},{\"@type\":\"ImageObject\",\"inLanguage\":\"et\",\"@id\":\"https:\/\/espak.ee\/epood\/toode\/kaimla-biolan-populett-200\/#primaryimage\",\"url\":\"https:\/\/espak.ee\/epood\/wp-content\/uploads\/2022\/03\/Biolan_Populett_200.jpg\",\"contentUrl\":\"https:\/\/espak.ee\/epood\/wp-content\/uploads\/2022\/03\/Biolan_Populett_200.jpg\",\"width\":1000,\"height\":1000},{\"@type\":\"BreadcrumbList\",\"@id\":\"https:\/\/espak.ee\/epood\/toode\/kaimla-biolan-populett-200\/#breadcrumb\",\"itemListElement\":[{\"@type\":\"ListItem\",\"position\":1,\"name\":\"Home\",\"item\":\"https:\/\/espak.ee\/epood\/\"},{\"@type\":\"ListItem\",\"position\":2,\"name\":\"Tootevalik\",\"item\":\"https:\/\/espak.ee\/epood\/tootevalik\/\"},{\"@type\":\"ListItem\",\"position\":3,\"name\":\"K\u00c4IMLA BIOLAN POPULETT 200\"}]},{\"@type\":\"WebSite\",\"@id\":\"https:\/\/espak.ee\/epood\/#website\",\"url\":\"https:\/\/espak.ee\/epood\/\",\"name\":\"Espak E-pood\",\"description\":\"\",\"potentialAction\":[{\"@type\":\"SearchAction\",\"target\":{\"@type\":\"EntryPoint\",\"urlTemplate\":\"https:\/\/espak.ee\/epood\/?s={search_term_string}\"},\"query-input\":{\"@type\":\"PropertyValueSpecification\",\"valueRequired\":true,\"valueName\":\"search_term_string\"}}],\"inLanguage\":\"et\"}]}<\/script>\n<!-- \/ Yoast SEO plugin. -->","yoast_head_json":{"title":"K\u00c4IMLA BIOLAN POPULETT 200 - Espak E-pood","robots":{"index":"index","follow":"follow","max-snippet":"max-snippet:-1","max-image-preview":"max-image-preview:large","max-video-preview":"max-video-preview:-1"},"canonical":"https:\/\/espak.ee\/epood\/toode\/kaimla-biolan-populett-200\/","og_locale":"et_EE","og_type":"article","og_title":"K\u00c4IMLA BIOLAN POPULETT 200 - Espak E-pood","og_url":"https:\/\/espak.ee\/epood\/toode\/kaimla-biolan-populett-200\/","og_site_name":"Espak E-pood","article_modified_time":"2024-03-23T02:27:15+00:00","og_image":[{"width":1000,"height":1000,"url":"https:\/\/espak.ee\/epood\/wp-content\/uploads\/2022\/03\/Biolan_Populett_200.jpg","type":"image\/jpeg"}],"twitter_card":"summary_large_image","twitter_misc":{"Est. reading time":"3 minutit"},"schema":{"@context":"https:\/\/schema.org","@graph":[{"@type":"WebPage","@id":"https:\/\/espak.ee\/epood\/toode\/kaimla-biolan-populett-200\/","url":"https:\/\/espak.ee\/epood\/toode\/kaimla-biolan-populett-200\/","name":"K\u00c4IMLA BIOLAN POPULETT 200 - Espak E-pood","isPartOf":{"@id":"https:\/\/espak.ee\/epood\/#website"},"primaryImageOfPage":{"@id":"https:\/\/espak.ee\/epood\/toode\/kaimla-biolan-populett-200\/#primaryimage"},"image":{"@id":"https:\/\/espak.ee\/epood\/toode\/kaimla-biolan-populett-200\/#primaryimage"},"thumbnailUrl":"https:\/\/espak.ee\/epood\/wp-content\/uploads\/2022\/03\/Biolan_Populett_200.jpg","datePublished":"2022-03-01T00:27:19+00:00","dateModified":"2024-03-23T02:27:15+00:00","breadcrumb":{"@id":"https:\/\/espak.ee\/epood\/toode\/kaimla-biolan-populett-200\/#breadcrumb"},"inLanguage":"et","potentialAction":[{"@type":"ReadAction","target":["https:\/\/espak.ee\/epood\/toode\/kaimla-biolan-populett-200\/"]}]},{"@type":"ImageObject","inLanguage":"et","@id":"https:\/\/espak.ee\/epood\/toode\/kaimla-biolan-populett-200\/#primaryimage","url":"https:\/\/espak.ee\/epood\/wp-content\/uploads\/2022\/03\/Biolan_Populett_200.jpg","contentUrl":"https:\/\/espak.ee\/epood\/wp-content\/uploads\/2022\/03\/Biolan_Populett_200.jpg","width":1000,"height":1000},{"@type":"BreadcrumbList","@id":"https:\/\/espak.ee\/epood\/toode\/kaimla-biolan-populett-200\/#breadcrumb","itemListElement":[{"@type":"ListItem","position":1,"name":"Home","item":"https:\/\/espak.ee\/epood\/"},{"@type":"ListItem","position":2,"name":"Tootevalik","item":"https:\/\/espak.ee\/epood\/tootevalik\/"},{"@type":"ListItem","position":3,"name":"K\u00c4IMLA BIOLAN POPULETT 200"}]},{"@type":"WebSite","@id":"https:\/\/espak.ee\/epood\/#website","url":"https:\/\/espak.ee\/epood\/","name":"Espak E-pood","description":"","potentialAction":[{"@type":"SearchAction","target":{"@type":"EntryPoint","urlTemplate":"https:\/\/espak.ee\/epood\/?s={search_term_string}"},"query-input":{"@type":"PropertyValueSpecification","valueRequired":true,"valueName":"search_term_string"}}],"inLanguage":"et"}]}},"_links":{"self":[{"href":"https:\/\/espak.ee\/epood\/wp-json\/wp\/v2\/product\/110131","targetHints":{"allow":["GET"]}}],"collection":[{"href":"https:\/\/espak.ee\/epood\/wp-json\/wp\/v2\/product"}],"about":[{"href":"https:\/\/espak.ee\/epood\/wp-json\/wp\/v2\/types\/product"}],"replies":[{"embeddable":true,"href":"https:\/\/espak.ee\/epood\/wp-json\/wp\/v2\/comments?post=110131"}],"wp:featuredmedia":[{"embeddable":true,"href":"https:\/\/espak.ee\/epood\/wp-json\/wp\/v2\/media\/110666"}],"wp:attachment":[{"href":"https:\/\/espak.ee\/epood\/wp-json\/wp\/v2\/media?parent=110131"}],"wp:term":[{"taxonomy":"product_brand","embeddable":true,"href":"https:\/\/espak.ee\/epood\/wp-json\/wp\/v2\/product_brand?post=110131"},{"taxonomy":"product_cat","embeddable":true,"href":"https:\/\/espak.ee\/epood\/wp-json\/wp\/v2\/product_cat?post=110131"},{"taxonomy":"product_tag","embeddable":true,"href":"https:\/\/espak.ee\/epood\/wp-json\/wp\/v2\/product_tag?post=110131"}],"curies":[{"name":"wp","href":"https:\/\/api.w.org\/{rel}","templated":true}]}}