{"id":109953,"date":"2022-02-28T06:13:41","date_gmt":"2022-02-28T06:13:41","guid":{"rendered":"https:\/\/espak.ee\/epood\/?post_type=product&#038;p=109953"},"modified":"2026-03-26T10:49:34","modified_gmt":"2026-03-26T08:49:34","slug":"erivahend-guard-wash-express-5l","status":"publish","type":"product","link":"https:\/\/espak.ee\/epood\/toode\/erivahend-guard-wash-express-5l\/","title":{"rendered":"ERIVAHEND GUARD WASH EXPRESS 5L"},"content":{"rendered":"<div class=\"row\"  id=\"row-990050884\">\n\n\t<div id=\"col-1337820501\" class=\"col medium-9 small-12 large-9\"  >\n\t\t\t\t<div class=\"col-inner\"  >\n\t\t\t\n\t\t\t\n<h3>Erivahend Guard Wash Express 5L<\/h3>\n<p>Guard Wash\u00ae Express on kontsentreeritud toode, milles on v\u00f5imsad aktiivsed osakesed, mis v\u00f5imaldavad pinda tunginud mustuse (niiskuse, plekid, \u00f5husaaste, puulehtede plekid jms) kohest ja t\u00f5husat eemaldamist.<br \/>\nGuard Wash\u00ae Express isepuhastav, kiire ja v\u00f5imas toime puhastab saastunud pinnad ilma loputamiseta. Pinna esialgne v\u00e4limus taastub v\u00e4hem kui tunniga ilma, et v\u00e4rvus ja mehaanilised omadused halveneks. J\u00e4\u00e4kide eemaldamiseks v\u00f5ib pinda loputada 45 minutit p\u00e4rast toote pealekandmist.<br \/>\nGuard Wash\u00ae Express on ka ideaalne toode puidule tekkinud hallide j\u00e4lgede eemaldamiseks.<br \/>\nGuard Wash\u00ae Express on ka universaalne toode v\u00e4lisseinte, fassaadide, tuulet\u00f5kkeplaatide, katuste, r\u00f5dude, purskaevude, basseinide, monumentide, aedade, terrasside, sillutiste, tennisev\u00e4ljakute jne t\u00f6\u00f6tlemiseks. Ainet saab kasutada paljudel pindadel, nagu betoon, kiudtsement, looduslik kivi v\u00f5i t\u00f6\u00f6deldud kivi, terrakota, plaaditud pinnad, PVC, puit jne. Eriti soovitatav on kasutada krohvitud, \u00fchtlaselt v\u00e4rvitud fassaadide jaoks.<\/p>\n<p><strong>Kasutamine:<\/strong><br \/>\n\u2022 Guard Wash\u00ae Express on kontsentraat; lahjendage 1 osa toodet 2 osa veega. Raskemate puhastust\u00f6\u00f6de jaoks kasutage toodet lahjendamata kujul.<br \/>\n\u2022 Kui pind on tugevalt kaetud mikroorganismidega, pese pinda harjaga ja t\u00f6\u00f6tle spetsiaalse tootega Guard Anti-M\u00ae24 ainega.<br \/>\n\u2022 Katsetage alati toodet v\u00e4ikesel varjatumal alal, enne t\u00f6\u00f6tlust.<br \/>\n\u2022 Pihustage 1 kiht kuivale v\u00f5i kergelt niiskele pinnale.<\/p>\n\t\t<\/div>\n\t\t\t\t\t<\/div>\n\n\t\n\n\t<div id=\"col-1650013962\" class=\"col medium-3 small-12 large-3\"  >\n\t\t\t\t<div class=\"col-inner\"  >\n\t\t\t\n\t\t\t\n\t<div id=\"gap-269088293\" class=\"gap-element clearfix\" style=\"display:block; height:auto;\">\n\t\t\n<style>\n#gap-269088293 {\n  padding-top: 30px;\n}\n<\/style>\n\t<\/div>\n\t\n<h3>Tehniline info<\/h3>\n<p><a href=\"https:\/\/espak.ee\/epood\/wp-content\/uploads\/2022\/02\/TDS-1415-GUARDWASH-EXPRESS-Est.pdf\"target=\"_blank\" rel=\"noopener noreferrer\"><i class=\"far fa-file-pdf\"><\/i> Tehniline info (PDF)<\/a><\/p>\n<h3>Ohutusalane teave<\/h3>\n<p><a href=\"https:\/\/espak.ee\/epood\/wp-content\/uploads\/2022\/02\/GUARDWASH-EXPRESS-MSDS-EST.pdf\"target=\"_blank\" rel=\"noopener noreferrer\"><i class=\"far fa-file-pdf\"><\/i> Ohutusalane teave (PDF)<\/a><\/p>\n<div class=\"is-divider divider clearfix\" ><\/div>\n<p><strong>\u00dcksikasjalikuma n\u00f5u saamiseks v\u00f5tke \u00fchendust:<br \/><\/strong>Clean Investment O\u00dc<br \/>Kadaka tee 131\/6<br \/>Tallinn<br \/>12915<br \/><a href=\"mailto:info@katusehooldus.ee\">info@katusehooldus.ee<\/a><\/p>\n\t\t<\/div>\n\t\t\t\t\t<\/div>\n\n\t\n<\/div>\n","protected":false},"excerpt":{"rendered":"","protected":false},"featured_media":115137,"comment_status":"closed","ping_status":"closed","template":"","meta":[],"product_brand":[],"product_cat":[2703,2705,2704,2683],"product_tag":[],"class_list":{"0":"post-109953","1":"product","2":"type-product","3":"status-publish","4":"has-post-thumbnail","6":"product_cat-ehituskeemia","7":"product_cat-immutuskrundid","8":"product_cat-krundid-ja-lisandid","9":"product_cat-viimistluskaubad","10":"pa_kaubamark-clean-investment-ou","12":"first","13":"instock","14":"sale","15":"taxable","16":"shipping-taxable","17":"purchasable","18":"product-type-simple"},"yoast_head":"<!-- This site is optimized with the Yoast SEO plugin v26.9 - https:\/\/yoast.com\/product\/yoast-seo-wordpress\/ -->\n<title>ERIVAHEND GUARD WASH EXPRESS 5L - Espak E-pood<\/title>\n<meta name=\"robots\" content=\"index, follow, max-snippet:-1, max-image-preview:large, max-video-preview:-1\" \/>\n<link rel=\"canonical\" href=\"https:\/\/espak.ee\/epood\/toode\/erivahend-guard-wash-express-5l\/\" \/>\n<meta property=\"og:locale\" content=\"et_EE\" \/>\n<meta property=\"og:type\" content=\"article\" \/>\n<meta property=\"og:title\" content=\"ERIVAHEND GUARD WASH EXPRESS 5L - Espak E-pood\" \/>\n<meta property=\"og:url\" content=\"https:\/\/espak.ee\/epood\/toode\/erivahend-guard-wash-express-5l\/\" \/>\n<meta property=\"og:site_name\" content=\"Espak E-pood\" \/>\n<meta property=\"article:modified_time\" content=\"2026-03-26T08:49:34+00:00\" \/>\n<meta property=\"og:image\" content=\"https:\/\/espak.ee\/epood\/wp-content\/uploads\/2022\/02\/GuardWash_Express_5L_20L.jpg\" \/>\n\t<meta property=\"og:image:width\" content=\"1000\" \/>\n\t<meta property=\"og:image:height\" content=\"1000\" \/>\n\t<meta property=\"og:image:type\" content=\"image\/jpeg\" \/>\n<meta name=\"twitter:card\" content=\"summary_large_image\" \/>\n<meta name=\"twitter:label1\" content=\"Est. reading time\" \/>\n\t<meta name=\"twitter:data1\" content=\"1 minut\" \/>\n<script type=\"application\/ld+json\" class=\"yoast-schema-graph\">{\"@context\":\"https:\/\/schema.org\",\"@graph\":[{\"@type\":\"WebPage\",\"@id\":\"https:\/\/espak.ee\/epood\/toode\/erivahend-guard-wash-express-5l\/\",\"url\":\"https:\/\/espak.ee\/epood\/toode\/erivahend-guard-wash-express-5l\/\",\"name\":\"ERIVAHEND GUARD WASH EXPRESS 5L - Espak E-pood\",\"isPartOf\":{\"@id\":\"https:\/\/espak.ee\/epood\/#website\"},\"primaryImageOfPage\":{\"@id\":\"https:\/\/espak.ee\/epood\/toode\/erivahend-guard-wash-express-5l\/#primaryimage\"},\"image\":{\"@id\":\"https:\/\/espak.ee\/epood\/toode\/erivahend-guard-wash-express-5l\/#primaryimage\"},\"thumbnailUrl\":\"https:\/\/espak.ee\/epood\/wp-content\/uploads\/2022\/02\/GuardWash_Express_5L_20L.jpg\",\"datePublished\":\"2022-02-28T06:13:41+00:00\",\"dateModified\":\"2026-03-26T08:49:34+00:00\",\"breadcrumb\":{\"@id\":\"https:\/\/espak.ee\/epood\/toode\/erivahend-guard-wash-express-5l\/#breadcrumb\"},\"inLanguage\":\"et\",\"potentialAction\":[{\"@type\":\"ReadAction\",\"target\":[\"https:\/\/espak.ee\/epood\/toode\/erivahend-guard-wash-express-5l\/\"]}]},{\"@type\":\"ImageObject\",\"inLanguage\":\"et\",\"@id\":\"https:\/\/espak.ee\/epood\/toode\/erivahend-guard-wash-express-5l\/#primaryimage\",\"url\":\"https:\/\/espak.ee\/epood\/wp-content\/uploads\/2022\/02\/GuardWash_Express_5L_20L.jpg\",\"contentUrl\":\"https:\/\/espak.ee\/epood\/wp-content\/uploads\/2022\/02\/GuardWash_Express_5L_20L.jpg\",\"width\":1000,\"height\":1000},{\"@type\":\"BreadcrumbList\",\"@id\":\"https:\/\/espak.ee\/epood\/toode\/erivahend-guard-wash-express-5l\/#breadcrumb\",\"itemListElement\":[{\"@type\":\"ListItem\",\"position\":1,\"name\":\"Home\",\"item\":\"https:\/\/espak.ee\/epood\/\"},{\"@type\":\"ListItem\",\"position\":2,\"name\":\"Tootevalik\",\"item\":\"https:\/\/espak.ee\/epood\/tootevalik\/\"},{\"@type\":\"ListItem\",\"position\":3,\"name\":\"ERIVAHEND GUARD WASH EXPRESS 5L\"}]},{\"@type\":\"WebSite\",\"@id\":\"https:\/\/espak.ee\/epood\/#website\",\"url\":\"https:\/\/espak.ee\/epood\/\",\"name\":\"Espak E-pood\",\"description\":\"\",\"potentialAction\":[{\"@type\":\"SearchAction\",\"target\":{\"@type\":\"EntryPoint\",\"urlTemplate\":\"https:\/\/espak.ee\/epood\/?s={search_term_string}\"},\"query-input\":{\"@type\":\"PropertyValueSpecification\",\"valueRequired\":true,\"valueName\":\"search_term_string\"}}],\"inLanguage\":\"et\"}]}<\/script>\n<!-- \/ Yoast SEO plugin. -->","yoast_head_json":{"title":"ERIVAHEND GUARD WASH EXPRESS 5L - Espak E-pood","robots":{"index":"index","follow":"follow","max-snippet":"max-snippet:-1","max-image-preview":"max-image-preview:large","max-video-preview":"max-video-preview:-1"},"canonical":"https:\/\/espak.ee\/epood\/toode\/erivahend-guard-wash-express-5l\/","og_locale":"et_EE","og_type":"article","og_title":"ERIVAHEND GUARD WASH EXPRESS 5L - Espak E-pood","og_url":"https:\/\/espak.ee\/epood\/toode\/erivahend-guard-wash-express-5l\/","og_site_name":"Espak E-pood","article_modified_time":"2026-03-26T08:49:34+00:00","og_image":[{"width":1000,"height":1000,"url":"https:\/\/espak.ee\/epood\/wp-content\/uploads\/2022\/02\/GuardWash_Express_5L_20L.jpg","type":"image\/jpeg"}],"twitter_card":"summary_large_image","twitter_misc":{"Est. reading time":"1 minut"},"schema":{"@context":"https:\/\/schema.org","@graph":[{"@type":"WebPage","@id":"https:\/\/espak.ee\/epood\/toode\/erivahend-guard-wash-express-5l\/","url":"https:\/\/espak.ee\/epood\/toode\/erivahend-guard-wash-express-5l\/","name":"ERIVAHEND GUARD WASH EXPRESS 5L - Espak E-pood","isPartOf":{"@id":"https:\/\/espak.ee\/epood\/#website"},"primaryImageOfPage":{"@id":"https:\/\/espak.ee\/epood\/toode\/erivahend-guard-wash-express-5l\/#primaryimage"},"image":{"@id":"https:\/\/espak.ee\/epood\/toode\/erivahend-guard-wash-express-5l\/#primaryimage"},"thumbnailUrl":"https:\/\/espak.ee\/epood\/wp-content\/uploads\/2022\/02\/GuardWash_Express_5L_20L.jpg","datePublished":"2022-02-28T06:13:41+00:00","dateModified":"2026-03-26T08:49:34+00:00","breadcrumb":{"@id":"https:\/\/espak.ee\/epood\/toode\/erivahend-guard-wash-express-5l\/#breadcrumb"},"inLanguage":"et","potentialAction":[{"@type":"ReadAction","target":["https:\/\/espak.ee\/epood\/toode\/erivahend-guard-wash-express-5l\/"]}]},{"@type":"ImageObject","inLanguage":"et","@id":"https:\/\/espak.ee\/epood\/toode\/erivahend-guard-wash-express-5l\/#primaryimage","url":"https:\/\/espak.ee\/epood\/wp-content\/uploads\/2022\/02\/GuardWash_Express_5L_20L.jpg","contentUrl":"https:\/\/espak.ee\/epood\/wp-content\/uploads\/2022\/02\/GuardWash_Express_5L_20L.jpg","width":1000,"height":1000},{"@type":"BreadcrumbList","@id":"https:\/\/espak.ee\/epood\/toode\/erivahend-guard-wash-express-5l\/#breadcrumb","itemListElement":[{"@type":"ListItem","position":1,"name":"Home","item":"https:\/\/espak.ee\/epood\/"},{"@type":"ListItem","position":2,"name":"Tootevalik","item":"https:\/\/espak.ee\/epood\/tootevalik\/"},{"@type":"ListItem","position":3,"name":"ERIVAHEND GUARD WASH EXPRESS 5L"}]},{"@type":"WebSite","@id":"https:\/\/espak.ee\/epood\/#website","url":"https:\/\/espak.ee\/epood\/","name":"Espak E-pood","description":"","potentialAction":[{"@type":"SearchAction","target":{"@type":"EntryPoint","urlTemplate":"https:\/\/espak.ee\/epood\/?s={search_term_string}"},"query-input":{"@type":"PropertyValueSpecification","valueRequired":true,"valueName":"search_term_string"}}],"inLanguage":"et"}]}},"_links":{"self":[{"href":"https:\/\/espak.ee\/epood\/wp-json\/wp\/v2\/product\/109953","targetHints":{"allow":["GET"]}}],"collection":[{"href":"https:\/\/espak.ee\/epood\/wp-json\/wp\/v2\/product"}],"about":[{"href":"https:\/\/espak.ee\/epood\/wp-json\/wp\/v2\/types\/product"}],"replies":[{"embeddable":true,"href":"https:\/\/espak.ee\/epood\/wp-json\/wp\/v2\/comments?post=109953"}],"wp:featuredmedia":[{"embeddable":true,"href":"https:\/\/espak.ee\/epood\/wp-json\/wp\/v2\/media\/115137"}],"wp:attachment":[{"href":"https:\/\/espak.ee\/epood\/wp-json\/wp\/v2\/media?parent=109953"}],"wp:term":[{"taxonomy":"product_brand","embeddable":true,"href":"https:\/\/espak.ee\/epood\/wp-json\/wp\/v2\/product_brand?post=109953"},{"taxonomy":"product_cat","embeddable":true,"href":"https:\/\/espak.ee\/epood\/wp-json\/wp\/v2\/product_cat?post=109953"},{"taxonomy":"product_tag","embeddable":true,"href":"https:\/\/espak.ee\/epood\/wp-json\/wp\/v2\/product_tag?post=109953"}],"curies":[{"name":"wp","href":"https:\/\/api.w.org\/{rel}","templated":true}]}}