{"id":109924,"date":"2022-02-27T06:21:22","date_gmt":"2022-02-27T06:21:22","guid":{"rendered":"https:\/\/espak.ee\/epood\/?post_type=product&#038;p=109924"},"modified":"2025-12-01T13:42:41","modified_gmt":"2025-12-01T11:42:41","slug":"aastarigne-isolatsioonivaht-penosil-easygun-foam-108-750ml","status":"publish","type":"product","link":"https:\/\/espak.ee\/epood\/toode\/aastarigne-isolatsioonivaht-penosil-easygun-foam-108-750ml\/","title":{"rendered":"AASTARIGNE ISOLATSIOONIVAHT PENOSIL EASYGUN FOAM 108 750ML"},"content":{"rendered":"<div class=\"row\"  id=\"row-818615277\">\n\n\t<div id=\"col-576333563\" class=\"col medium-9 small-12 large-9\"  >\n\t\t\t\t<div class=\"col-inner\"  >\n\t\t\t\n\t\t\t\n<h3>Aastaringne isolatsioonivaht Penosil EasyGun Foam 108 750ml<\/h3>\n<p>PENOSIL EasyGun 108 on aastaringne \u00fchekomponentne pol\u00fcuretaan-p\u00fcstolivaht spetsiaalse EasyGuni aplikaatoriga kitsaste, s\u00fcgavate ja raskesti ligip\u00e4\u00e4setavate vuukide jaoks. Kitsaste ja s\u00fcgavate l\u00e4biviikude, avauste ja aukude t\u00e4itmiseks ja isoleerimiseks, kuhu vahup\u00fcstoli v\u00f5i traditsioonilise k\u00f5rsplikaatoriga on raske ligi p\u00e4\u00e4seda. Vahtu saab peale kanda kas vahup\u00fcstoli v\u00f5i EasyGuni aplikaatoriga, muutes selle mitmek\u00fclgsemaks tooteks kui traditsioonilised p\u00fcstolivahud. <\/p>\n<div class=\"message-box relative\" style=\"padding-top:15px;padding-bottom:15px;\"><div class=\"message-box-bg-image bg-fill fill\" ><\/div><div class=\"message-box-bg-overlay bg-fill fill\" ><\/div><div class=\"container relative\"><div class=\"inner last-reset\">\n<div class=\"row align-middle align-center\"  id=\"row-921979275\">\n\n\t<div id=\"col-1570589570\" class=\"col small-12 large-12\"  >\n\t\t\t\t<div class=\"col-inner text-left\"  >\n\t\t\t\n\t\t\t\n<h4>Omadused<\/h4>\n<div class=\"row\"  id=\"row-734949358\">\n\n\t<div id=\"col-837823781\" class=\"col medium-6 small-12 large-6\"  >\n\t\t\t\t<div class=\"col-inner\"  >\n\t\t\t\n\t\t\t\n<p><i class=\"fa fa-check fa-2x\"><\/i> <strong> Juurdep\u00e4\u00e4s kitsastele ja s\u00fcgavatele vuukidele<\/strong><\/p>\n<p><i class=\"fa fa-check fa-2x\"><\/i> <strong> Suurep\u00e4rased \u00f5hutihedus, soojus- ja heliisolatsiooni omadused<\/strong><\/p>\n<p><i class=\"fa fa-check fa-2x\"><\/i> <strong> Hoiab \u00e4ra kuumasildade teket<\/strong><\/p>\n\t\t<\/div>\n\t\t\t\t\n<style>\n#col-837823781 > .col-inner {\n  margin: 0px 0px 15px 0px;\n}\n<\/style>\n\t<\/div>\n\n\t\n\n\t<div id=\"col-1414270524\" class=\"col medium-6 small-12 large-6\"  >\n\t\t\t\t<div class=\"col-inner\"  >\n\t\t\t\n\t\t\t\n<p><i class=\"fa fa-check fa-2x\"><\/i> <strong> K\u00f5rge mehaaniline tugevus<\/strong><\/p>\n<p><i class=\"fa fa-check fa-2x\"><\/i> <strong> Spetsiaalne EasyGuni aplikaator<\/strong><\/p>\n<p><i class=\"fa fa-check fa-2x\"><\/i> <strong> Saab kasutada p\u00fcstoli v\u00f5i aplikaatoriga<\/strong><\/p>\n\t\t<\/div>\n\t\t\t\t\n<style>\n#col-1414270524 > .col-inner {\n  margin: 0px 0px 15px 0px;\n}\n<\/style>\n\t<\/div>\n\n\t\n<\/div>\n\t\t<\/div>\n\t\t\t\t\t<\/div>\n\n\t\n<\/div>\n<\/div><\/div><\/div>\n\t<div id=\"gap-980075240\" class=\"gap-element clearfix\" style=\"display:block; height:auto;\">\n\t\t\n<style>\n#gap-980075240 {\n  padding-top: 30px;\n}\n<\/style>\n\t<\/div>\n\t\n<h3>Kasutamise \u00fcksikasjad<\/h3>\n<p><strong>Kasutusalad:<\/strong><br \/>\nAkende ja uste paigaldamiseks ja isolatsiooniks.<br \/>\nAvauste ja t\u00fchimike t\u00e4itmiseks, vuukide tihendamiseks.<br \/>\nSoojusisolatsiooniks ja helikindluseks.<br \/>\nNakkuvus: Puit, betoon, m\u00fc\u00fcritis, tellis, enamik metalle, kipsplaat, EPS, katusekivid.<\/p>\n<p><strong>Kasutusjuhend:<\/strong><br \/>\nPaigaldamine EasyGun-aplikaatoriga:<br \/>\nHoidke vahuballooni p\u00fcstises asendis. Asetage EasyGun-aplikaator ballooni klapile, vajutage kergelt, kuni aplikaator on kinnitunud, ja seej\u00e4rel raputage ballooni j\u00f5uliselt v\u00e4hemalt 20 korda. Paigaldamiseks p\u00f6\u00f6rake ballooni adapter tagurpidi ja vajutage s\u00f5rmedega EasyGun-aplikaatorit.<\/p>\n<p>Paigaldamine vahup\u00fcstoliga:<br \/>\nHoidke vahuballooni p\u00fcstises asendis ja keerake balloon p\u00fcstoli k\u00fclge, hoides \u00fche k\u00e4ega p\u00fcstoli k\u00e4epidemest ja keerates teisega ballooni. Keeramise ajal j\u00e4lgige, et p\u00fcstol ei oleks suunatud teiste inimeste poole. \u00c4rge keerake ballooni p\u00fcstolile tagurpidi asendis ega keerake p\u00fcstolit balloonile. P\u00e4rast ballooni kinnitamist raputage seda j\u00f5uliselt v\u00e4hemalt 20 korda.<\/p>\n<p>V\u00e4ljuvat vahukogust saab reguleerida p\u00fcstoli p\u00e4\u00e4stikuga.<\/p>\n<p><strong>N\u00e4pun\u00e4ited:<\/strong><br \/>\n K\u00fclmal ajal on vajalik enne t\u00f6\u00f6ga alustamist ballooni soojendada soojas ruumis v\u00f5i soojas vees. Soojendava vee v\u00f5i \u00f5hu temperatuur ei tohi \u00fcletada +30\u00b0C.<br \/>\n\u00d5hutemperatuur kasutamisel \u201310\u00b0C kuni +30\u00b0C, parimad tulemused +20\u00b0C korral.<br \/>\nKaitske k\u00fclgnevaid pindu paberi, kile v\u00f5i muu sobiva materjaliga.<br \/>\nKuna ehitusmaterjalid on v\u00e4ga erinevad, soovitame eelnevalt l\u00e4bi viia sobivustesti.<br \/>\nT\u00f6\u00f6riistade ja pindade puhastamiseks tardumata vahust kasutage Penosil Foam Cleanerit.<br \/>\nKasutage Penosili puhastuslappe, et puhastada k\u00e4ed ja riided tardumata vahust.<br \/>\nPenosil Foam Remover pehmendab kuivanud vahtu ja aitab seda lihtsamalt eemaldada.<\/p>\n<p><strong>Kitsendused:<\/strong><br \/>\nTardunud vaht on tundlik ultraviolettkiirguse suhtes ja tuleb kinni katta.<br \/>\nIsolatsioonivaht ei nakku pol\u00fcet\u00fcleeni (PE), PTFE (Teflon\u00ae-i) ega silikoonpindadega.<br \/>\nMitte kasutada temperatuuril alla -10 \u00b0C.<br \/>\n\u00c4rge katke kinni enne, kui vaht on t\u00e4ielikult tardunud.<\/p>\n\t\t<\/div>\n\t\t\t\t\t<\/div>\n\n\t\n\n\t<div id=\"col-830925349\" class=\"col medium-3 small-12 large-3\"  >\n\t\t\t\t<div class=\"col-inner\"  >\n\t\t\t\n\t\t\t\n<h3>Tehniline informatsioon<\/h3>\n<p><a href=\"https:\/\/espak.ee\/epood\/wp-content\/uploads\/2022\/02\/108_PENOSIL_EasyGun_Foam_108_TDS_est.pdf\"target=\"_blank\" rel=\"noopener noreferrer\"><i class=\"far fa-file-pdf\"><\/i> Tehniline info (PDF)<\/a><\/p>\n<h3>Ohutusalane teave<\/h3>\n<p><a href=\"https:\/\/espak.ee\/epood\/wp-content\/uploads\/2022\/02\/108_Penosil_EasyGun_Foam_108_SDS_et-EE.pdf\"target=\"_blank\" rel=\"noopener noreferrer\"><i class=\"far fa-file-pdf\"><\/i> Ohutuskaart (PDF)<\/a><\/p>\n<div class=\"is-divider divider clearfix\" ><\/div>\n<p><strong>\u00dcksikasjalikuma n\u00f5u saamiseks v\u00f5tke \u00fchendust:<br \/><\/strong>Wolf Group O\u00dc<br \/>Suur-Paala 6<br \/>13619<br \/>Tallinn<br \/>+372 605 9301<\/p>\n\t\t<\/div>\n\t\t\t\t\t<\/div>\n\n\t\n<\/div>\n","protected":false},"excerpt":{"rendered":"","protected":false},"featured_media":141473,"comment_status":"closed","ping_status":"closed","template":"","meta":[],"product_brand":[],"product_cat":[2703,2708,2710,2683],"product_tag":[],"class_list":{"0":"post-109924","1":"product","2":"type-product","3":"status-publish","4":"has-post-thumbnail","6":"product_cat-ehituskeemia","7":"product_cat-hermeetikud","8":"product_cat-montaazivahud","9":"product_cat-viimistluskaubad","10":"pa_kaubamark-krimelte-ou","12":"first","13":"instock","14":"sale","15":"taxable","16":"shipping-taxable","17":"purchasable","18":"product-type-simple"},"yoast_head":"<!-- This site is optimized with the Yoast SEO plugin v26.9 - https:\/\/yoast.com\/product\/yoast-seo-wordpress\/ -->\n<title>AASTARIGNE ISOLATSIOONIVAHT PENOSIL EASYGUN FOAM 108 750ML - Espak E-pood<\/title>\n<meta name=\"robots\" content=\"index, follow, max-snippet:-1, max-image-preview:large, max-video-preview:-1\" \/>\n<link rel=\"canonical\" href=\"https:\/\/espak.ee\/epood\/toode\/aastarigne-isolatsioonivaht-penosil-easygun-foam-108-750ml\/\" \/>\n<meta property=\"og:locale\" content=\"et_EE\" \/>\n<meta property=\"og:type\" content=\"article\" \/>\n<meta property=\"og:title\" content=\"AASTARIGNE ISOLATSIOONIVAHT PENOSIL EASYGUN FOAM 108 750ML - Espak E-pood\" \/>\n<meta property=\"og:url\" content=\"https:\/\/espak.ee\/epood\/toode\/aastarigne-isolatsioonivaht-penosil-easygun-foam-108-750ml\/\" \/>\n<meta property=\"og:site_name\" content=\"Espak E-pood\" \/>\n<meta property=\"article:modified_time\" content=\"2025-12-01T11:42:41+00:00\" \/>\n<meta property=\"og:image\" content=\"https:\/\/espak.ee\/epood\/wp-content\/uploads\/2022\/02\/108_EasyGun_Foam_108_EE_FI.png.jpg\" \/>\n\t<meta property=\"og:image:width\" content=\"800\" \/>\n\t<meta property=\"og:image:height\" content=\"800\" \/>\n\t<meta property=\"og:image:type\" content=\"image\/jpeg\" \/>\n<meta name=\"twitter:card\" content=\"summary_large_image\" \/>\n<meta name=\"twitter:label1\" content=\"Est. reading time\" \/>\n\t<meta name=\"twitter:data1\" content=\"2 minutit\" \/>\n<script type=\"application\/ld+json\" class=\"yoast-schema-graph\">{\"@context\":\"https:\/\/schema.org\",\"@graph\":[{\"@type\":\"WebPage\",\"@id\":\"https:\/\/espak.ee\/epood\/toode\/aastarigne-isolatsioonivaht-penosil-easygun-foam-108-750ml\/\",\"url\":\"https:\/\/espak.ee\/epood\/toode\/aastarigne-isolatsioonivaht-penosil-easygun-foam-108-750ml\/\",\"name\":\"AASTARIGNE ISOLATSIOONIVAHT PENOSIL EASYGUN FOAM 108 750ML - Espak E-pood\",\"isPartOf\":{\"@id\":\"https:\/\/espak.ee\/epood\/#website\"},\"primaryImageOfPage\":{\"@id\":\"https:\/\/espak.ee\/epood\/toode\/aastarigne-isolatsioonivaht-penosil-easygun-foam-108-750ml\/#primaryimage\"},\"image\":{\"@id\":\"https:\/\/espak.ee\/epood\/toode\/aastarigne-isolatsioonivaht-penosil-easygun-foam-108-750ml\/#primaryimage\"},\"thumbnailUrl\":\"https:\/\/espak.ee\/epood\/wp-content\/uploads\/2022\/02\/108_EasyGun_Foam_108_EE_FI.png.jpg\",\"datePublished\":\"2022-02-27T06:21:22+00:00\",\"dateModified\":\"2025-12-01T11:42:41+00:00\",\"breadcrumb\":{\"@id\":\"https:\/\/espak.ee\/epood\/toode\/aastarigne-isolatsioonivaht-penosil-easygun-foam-108-750ml\/#breadcrumb\"},\"inLanguage\":\"et\",\"potentialAction\":[{\"@type\":\"ReadAction\",\"target\":[\"https:\/\/espak.ee\/epood\/toode\/aastarigne-isolatsioonivaht-penosil-easygun-foam-108-750ml\/\"]}]},{\"@type\":\"ImageObject\",\"inLanguage\":\"et\",\"@id\":\"https:\/\/espak.ee\/epood\/toode\/aastarigne-isolatsioonivaht-penosil-easygun-foam-108-750ml\/#primaryimage\",\"url\":\"https:\/\/espak.ee\/epood\/wp-content\/uploads\/2022\/02\/108_EasyGun_Foam_108_EE_FI.png.jpg\",\"contentUrl\":\"https:\/\/espak.ee\/epood\/wp-content\/uploads\/2022\/02\/108_EasyGun_Foam_108_EE_FI.png.jpg\",\"width\":800,\"height\":800},{\"@type\":\"BreadcrumbList\",\"@id\":\"https:\/\/espak.ee\/epood\/toode\/aastarigne-isolatsioonivaht-penosil-easygun-foam-108-750ml\/#breadcrumb\",\"itemListElement\":[{\"@type\":\"ListItem\",\"position\":1,\"name\":\"Home\",\"item\":\"https:\/\/espak.ee\/epood\/\"},{\"@type\":\"ListItem\",\"position\":2,\"name\":\"Tootevalik\",\"item\":\"https:\/\/espak.ee\/epood\/tootevalik\/\"},{\"@type\":\"ListItem\",\"position\":3,\"name\":\"AASTARIGNE ISOLATSIOONIVAHT PENOSIL EASYGUN FOAM 108 750ML\"}]},{\"@type\":\"WebSite\",\"@id\":\"https:\/\/espak.ee\/epood\/#website\",\"url\":\"https:\/\/espak.ee\/epood\/\",\"name\":\"Espak E-pood\",\"description\":\"\",\"potentialAction\":[{\"@type\":\"SearchAction\",\"target\":{\"@type\":\"EntryPoint\",\"urlTemplate\":\"https:\/\/espak.ee\/epood\/?s={search_term_string}\"},\"query-input\":{\"@type\":\"PropertyValueSpecification\",\"valueRequired\":true,\"valueName\":\"search_term_string\"}}],\"inLanguage\":\"et\"}]}<\/script>\n<!-- \/ Yoast SEO plugin. -->","yoast_head_json":{"title":"AASTARIGNE ISOLATSIOONIVAHT PENOSIL EASYGUN FOAM 108 750ML - Espak E-pood","robots":{"index":"index","follow":"follow","max-snippet":"max-snippet:-1","max-image-preview":"max-image-preview:large","max-video-preview":"max-video-preview:-1"},"canonical":"https:\/\/espak.ee\/epood\/toode\/aastarigne-isolatsioonivaht-penosil-easygun-foam-108-750ml\/","og_locale":"et_EE","og_type":"article","og_title":"AASTARIGNE ISOLATSIOONIVAHT PENOSIL EASYGUN FOAM 108 750ML - Espak E-pood","og_url":"https:\/\/espak.ee\/epood\/toode\/aastarigne-isolatsioonivaht-penosil-easygun-foam-108-750ml\/","og_site_name":"Espak E-pood","article_modified_time":"2025-12-01T11:42:41+00:00","og_image":[{"width":800,"height":800,"url":"https:\/\/espak.ee\/epood\/wp-content\/uploads\/2022\/02\/108_EasyGun_Foam_108_EE_FI.png.jpg","type":"image\/jpeg"}],"twitter_card":"summary_large_image","twitter_misc":{"Est. reading time":"2 minutit"},"schema":{"@context":"https:\/\/schema.org","@graph":[{"@type":"WebPage","@id":"https:\/\/espak.ee\/epood\/toode\/aastarigne-isolatsioonivaht-penosil-easygun-foam-108-750ml\/","url":"https:\/\/espak.ee\/epood\/toode\/aastarigne-isolatsioonivaht-penosil-easygun-foam-108-750ml\/","name":"AASTARIGNE ISOLATSIOONIVAHT PENOSIL EASYGUN FOAM 108 750ML - Espak E-pood","isPartOf":{"@id":"https:\/\/espak.ee\/epood\/#website"},"primaryImageOfPage":{"@id":"https:\/\/espak.ee\/epood\/toode\/aastarigne-isolatsioonivaht-penosil-easygun-foam-108-750ml\/#primaryimage"},"image":{"@id":"https:\/\/espak.ee\/epood\/toode\/aastarigne-isolatsioonivaht-penosil-easygun-foam-108-750ml\/#primaryimage"},"thumbnailUrl":"https:\/\/espak.ee\/epood\/wp-content\/uploads\/2022\/02\/108_EasyGun_Foam_108_EE_FI.png.jpg","datePublished":"2022-02-27T06:21:22+00:00","dateModified":"2025-12-01T11:42:41+00:00","breadcrumb":{"@id":"https:\/\/espak.ee\/epood\/toode\/aastarigne-isolatsioonivaht-penosil-easygun-foam-108-750ml\/#breadcrumb"},"inLanguage":"et","potentialAction":[{"@type":"ReadAction","target":["https:\/\/espak.ee\/epood\/toode\/aastarigne-isolatsioonivaht-penosil-easygun-foam-108-750ml\/"]}]},{"@type":"ImageObject","inLanguage":"et","@id":"https:\/\/espak.ee\/epood\/toode\/aastarigne-isolatsioonivaht-penosil-easygun-foam-108-750ml\/#primaryimage","url":"https:\/\/espak.ee\/epood\/wp-content\/uploads\/2022\/02\/108_EasyGun_Foam_108_EE_FI.png.jpg","contentUrl":"https:\/\/espak.ee\/epood\/wp-content\/uploads\/2022\/02\/108_EasyGun_Foam_108_EE_FI.png.jpg","width":800,"height":800},{"@type":"BreadcrumbList","@id":"https:\/\/espak.ee\/epood\/toode\/aastarigne-isolatsioonivaht-penosil-easygun-foam-108-750ml\/#breadcrumb","itemListElement":[{"@type":"ListItem","position":1,"name":"Home","item":"https:\/\/espak.ee\/epood\/"},{"@type":"ListItem","position":2,"name":"Tootevalik","item":"https:\/\/espak.ee\/epood\/tootevalik\/"},{"@type":"ListItem","position":3,"name":"AASTARIGNE ISOLATSIOONIVAHT PENOSIL EASYGUN FOAM 108 750ML"}]},{"@type":"WebSite","@id":"https:\/\/espak.ee\/epood\/#website","url":"https:\/\/espak.ee\/epood\/","name":"Espak E-pood","description":"","potentialAction":[{"@type":"SearchAction","target":{"@type":"EntryPoint","urlTemplate":"https:\/\/espak.ee\/epood\/?s={search_term_string}"},"query-input":{"@type":"PropertyValueSpecification","valueRequired":true,"valueName":"search_term_string"}}],"inLanguage":"et"}]}},"_links":{"self":[{"href":"https:\/\/espak.ee\/epood\/wp-json\/wp\/v2\/product\/109924","targetHints":{"allow":["GET"]}}],"collection":[{"href":"https:\/\/espak.ee\/epood\/wp-json\/wp\/v2\/product"}],"about":[{"href":"https:\/\/espak.ee\/epood\/wp-json\/wp\/v2\/types\/product"}],"replies":[{"embeddable":true,"href":"https:\/\/espak.ee\/epood\/wp-json\/wp\/v2\/comments?post=109924"}],"wp:featuredmedia":[{"embeddable":true,"href":"https:\/\/espak.ee\/epood\/wp-json\/wp\/v2\/media\/141473"}],"wp:attachment":[{"href":"https:\/\/espak.ee\/epood\/wp-json\/wp\/v2\/media?parent=109924"}],"wp:term":[{"taxonomy":"product_brand","embeddable":true,"href":"https:\/\/espak.ee\/epood\/wp-json\/wp\/v2\/product_brand?post=109924"},{"taxonomy":"product_cat","embeddable":true,"href":"https:\/\/espak.ee\/epood\/wp-json\/wp\/v2\/product_cat?post=109924"},{"taxonomy":"product_tag","embeddable":true,"href":"https:\/\/espak.ee\/epood\/wp-json\/wp\/v2\/product_tag?post=109924"}],"curies":[{"name":"wp","href":"https:\/\/api.w.org\/{rel}","templated":true}]}}