{"id":109636,"date":"2022-02-24T06:33:04","date_gmt":"2022-02-24T06:33:04","guid":{"rendered":"https:\/\/espak.ee\/epood\/?post_type=product&#038;p=109636"},"modified":"2024-03-23T04:30:16","modified_gmt":"2024-03-23T02:30:16","slug":"akutuhaimur-einhell-te-av-18-15-li-c-solo","status":"publish","type":"product","link":"https:\/\/espak.ee\/epood\/toode\/akutuhaimur-einhell-te-av-18-15-li-c-solo\/","title":{"rendered":"AKUTUHAIMUR EINHELL TE-AV 18\/15 LI C-SOLO"},"content":{"rendered":"<div class=\"row\"  id=\"row-1919678621\">\n\n\t<div id=\"col-2097859753\" class=\"col medium-9 small-12 large-9\"  >\n\t\t\t\t<div class=\"col-inner\"  >\n\t\t\t\n\t\t\t\n<div class=\"message-box relative\" style=\"padding-top:15px;padding-bottom:15px;\"><div class=\"message-box-bg-image bg-fill fill\" ><\/div><div class=\"message-box-bg-overlay bg-fill fill\" ><\/div><div class=\"container relative\"><div class=\"inner last-reset\">\n<div class=\"row align-middle align-center\"  id=\"row-1228273191\">\n\n\t<div id=\"col-532681684\" class=\"col small-12 large-12\"  >\n\t\t\t\t<div class=\"col-inner text-left\"  >\n\t\t\t\n\t\t\t\n<h4>Omadused<\/h4>\n<div class=\"row\"  id=\"row-1381345876\">\n\n\t<div id=\"col-791263900\" class=\"col medium-6 small-12 large-6\"  >\n\t\t\t\t<div class=\"col-inner\"  >\n\t\t\t\n\t\t\t\n<p><i class=\"far fa-check-circle fa-2x\"><\/i><strong>\u00a0Power X-Change\u00b4i tootepere liige <\/strong><\/p>\n<p><i class=\"far fa-check-circle fa-2x\"><\/i><strong>\u00a015-liitrine kogumismahuti kauakestvaks kasutamiseks<\/strong><\/p>\n<p><i class=\"far fa-check-circle fa-2x\"><\/i><strong> Vastupidav t\u00e4nu metallsarrusega imivoolikule ja alumiiniumtorule<br \/>\n\u00a0<\/strong><\/p>\n<p><i class=\"far fa-check-circle fa-2x\"><\/i><strong> Puhumisomadus imivooliku \u00fcmber\u00fchendamise teel<br \/>\n <\/strong><\/p>\n\t\t<\/div>\n\t\t\t\t\n<style>\n#col-791263900 > .col-inner {\n  margin: 0px 0px 15px 0px;\n}\n<\/style>\n\t<\/div>\n\n\t\n\n\t<div id=\"col-441234066\" class=\"col medium-6 small-12 large-6\"  >\n\t\t\t\t<div class=\"col-inner\"  >\n\t\t\t\n\t\t\t\n<p><i class=\"far fa-check-circle fa-2x\"><\/i><strong> Filtripuhastuss\u00fcsteem  <\/strong><\/p>\n<p><i class=\"far fa-check-circle fa-2x\"><\/i><strong> 4 ratast paremaks liikuvuseks<\/strong><\/p>\n<p><i class=\"far fa-check-circle fa-2x\"><\/i><strong> Hoiustamiseks vooliku ja tarvikute hoidikud imuri k\u00fcljes<\/strong><\/p>\n<p><i class=\"far fa-check-circle fa-2x\"><\/i><strong> Lihtne mahutit\u00fchjendus t\u00e4nu kiirvabastusega kinnititele<br \/>\n\u00a0<\/strong><\/p>\n\t\t<\/div>\n\t\t\t\t\n<style>\n#col-441234066 > .col-inner {\n  margin: 0px 0px 15px 0px;\n}\n<\/style>\n\t<\/div>\n\n\t\n<\/div>\n\t\t<\/div>\n\t\t\t\t\t<\/div>\n\n\t\n<\/div>\n<\/div><\/div><\/div>\n\t<div id=\"gap-1577366040\" class=\"gap-element clearfix\" style=\"display:block; height:auto;\">\n\t\t\n<style>\n#gap-1577366040 {\n  padding-top: 30px;\n}\n<\/style>\n\t<\/div>\n\t\n<h2>Tootekirjeldus<\/h2>\n<p>Akutuhaimuriga Einhell TE-AV 18\/15 Li C-Solo on tuha koristamine puhas ja mugav t\u00f6\u00f6. 15-liitrisest kogumismahutist piisab ka kauakestvateks t\u00f6\u00f6deks.  Teisalduse lihtsustamiseks on seadmel mugav kandek\u00e4epide ja 4 ratast. T\u00e4nu metallsarrusega imivoolikule ja alumiiniumist imitorule on tuhaimur erakordselt vastupidava ehitusega. Kuna imivoolikut saab vaid randmeliigutusega puhumisliitmikku \u00fchendada, saab seda kasutada ka puhumiseks. Kogumismahuti kiire t\u00fchjendamise v\u00f5imaldamiseks on sellel kiirvabastusega lukustid. Seadme kiireks ja korralikuks hoiustamiseks saab toitekaabli k\u00e4epidemele kokku kerida.<br \/>\nToode tarnitakse ilma aku ja laadimisseadmeta (m\u00fc\u00fcgil eraldi). <\/p>\n\t<div id=\"gap-1920367110\" class=\"gap-element clearfix\" style=\"display:block; height:auto;\">\n\t\t\n<style>\n#gap-1920367110 {\n  padding-top: 30px;\n}\n<\/style>\n\t<\/div>\n\t\n\t\t<\/div>\n\t\t\t\t\t<\/div>\n\n\t\n\n\t<div id=\"col-1881870284\" class=\"col medium-3 small-12 large-3\"  >\n\t\t\t\t<div class=\"col-inner\"  >\n\t\t\t\n\t\t\t\n<img decoding=\"async\" src=\"https:\/\/espak.ee\/epood\/wp-content\/uploads\/2020\/04\/Power-x-change-logo.jpg\" alt=\"\" width=\"1772\" height=\"343\" class=\"alignnone size-full wp-image-97311\" srcset=\"https:\/\/espak.ee\/epood\/wp-content\/uploads\/2020\/04\/Power-x-change-logo.jpg 1772w, https:\/\/espak.ee\/epood\/wp-content\/uploads\/2020\/04\/Power-x-change-logo-500x97.jpg 500w, https:\/\/espak.ee\/epood\/wp-content\/uploads\/2020\/04\/Power-x-change-logo-769x149.jpg 769w, https:\/\/espak.ee\/epood\/wp-content\/uploads\/2020\/04\/Power-x-change-logo-300x58.jpg 300w, https:\/\/espak.ee\/epood\/wp-content\/uploads\/2020\/04\/Power-x-change-logo-1024x198.jpg 1024w, https:\/\/espak.ee\/epood\/wp-content\/uploads\/2020\/04\/Power-x-change-logo-150x29.jpg 150w, https:\/\/espak.ee\/epood\/wp-content\/uploads\/2020\/04\/Power-x-change-logo-768x149.jpg 768w, https:\/\/espak.ee\/epood\/wp-content\/uploads\/2020\/04\/Power-x-change-logo-1536x297.jpg 1536w\" sizes=\"(max-width: 1772px) 100vw, 1772px\" \/><br \/>\n\t<div id=\"gap-912078275\" class=\"gap-element clearfix\" style=\"display:block; height:auto;\">\n\t\t\n<style>\n#gap-912078275 {\n  padding-top: 30px;\n}\n<\/style>\n\t<\/div>\n\t\n<h3>Kasutusjuhend<\/h3>\n<p><a href=\"https:\/\/espak.ee\/epood\/wp-content\/uploads\/2022\/02\/Akutuhaimur-Einhell-TE-AV-18-15-Li-C-2351700.pdf\" target=\"_blank\" rel=\"noopener noreferrer\"><i class=\"far fa-file-pdf\"><\/i> Kasutusjuhend (PDF)<\/a><\/p>\n<div class=\"is-divider divider clearfix\" ><\/div>\n<p><strong>\u00dcksikasjalikuma n\u00f5u saamiseks v\u00f5tke \u00fchendust:<br \/><\/strong>Espak AS<br \/>Viadukti 42<br \/>11313<br \/>Tallinn<br \/>+372 6 512333<\/p>\n\t\t<\/div>\n\t\t\t\t\t<\/div>\n\n\t\n<\/div>\n","protected":false},"excerpt":{"rendered":"","protected":false},"featured_media":112753,"comment_status":"closed","ping_status":"closed","template":"","meta":[],"product_brand":[],"product_cat":[2757,2733,2680,2679],"product_tag":[],"class_list":{"0":"post-109636","1":"product","2":"type-product","3":"status-publish","4":"has-post-thumbnail","6":"product_cat-akutolmuimejad","7":"product_cat-akutooriistad","8":"product_cat-elektritooriistad","9":"product_cat-tooriistad","10":"pa_kaubamark-einhell","12":"first","13":"instock","14":"sale","15":"taxable","16":"shipping-taxable","17":"purchasable","18":"product-type-simple"},"yoast_head":"<!-- This site is optimized with the Yoast SEO plugin v26.9 - https:\/\/yoast.com\/product\/yoast-seo-wordpress\/ -->\n<title>AKUTUHAIMUR EINHELL TE-AV 18\/15 LI C-SOLO - Espak E-pood<\/title>\n<meta name=\"robots\" content=\"index, follow, max-snippet:-1, max-image-preview:large, max-video-preview:-1\" \/>\n<link rel=\"canonical\" href=\"https:\/\/espak.ee\/epood\/toode\/akutuhaimur-einhell-te-av-18-15-li-c-solo\/\" \/>\n<meta property=\"og:locale\" content=\"et_EE\" \/>\n<meta property=\"og:type\" content=\"article\" \/>\n<meta property=\"og:title\" content=\"AKUTUHAIMUR EINHELL TE-AV 18\/15 LI C-SOLO - Espak E-pood\" \/>\n<meta property=\"og:url\" content=\"https:\/\/espak.ee\/epood\/toode\/akutuhaimur-einhell-te-av-18-15-li-c-solo\/\" \/>\n<meta property=\"og:site_name\" content=\"Espak E-pood\" \/>\n<meta property=\"article:modified_time\" content=\"2024-03-23T02:30:16+00:00\" \/>\n<meta property=\"og:image\" content=\"https:\/\/espak.ee\/epood\/wp-content\/uploads\/2022\/02\/2351700_21010_002_TE_AV_18_15_Li_S_Solo_RAL3002_Pic.jpg\" \/>\n\t<meta property=\"og:image:width\" content=\"1000\" \/>\n\t<meta property=\"og:image:height\" content=\"1000\" \/>\n\t<meta property=\"og:image:type\" content=\"image\/jpeg\" \/>\n<meta name=\"twitter:card\" content=\"summary_large_image\" \/>\n<meta name=\"twitter:label1\" content=\"Est. reading time\" \/>\n\t<meta name=\"twitter:data1\" content=\"1 minut\" \/>\n<script type=\"application\/ld+json\" class=\"yoast-schema-graph\">{\"@context\":\"https:\/\/schema.org\",\"@graph\":[{\"@type\":\"WebPage\",\"@id\":\"https:\/\/espak.ee\/epood\/toode\/akutuhaimur-einhell-te-av-18-15-li-c-solo\/\",\"url\":\"https:\/\/espak.ee\/epood\/toode\/akutuhaimur-einhell-te-av-18-15-li-c-solo\/\",\"name\":\"AKUTUHAIMUR EINHELL TE-AV 18\/15 LI C-SOLO - Espak E-pood\",\"isPartOf\":{\"@id\":\"https:\/\/espak.ee\/epood\/#website\"},\"primaryImageOfPage\":{\"@id\":\"https:\/\/espak.ee\/epood\/toode\/akutuhaimur-einhell-te-av-18-15-li-c-solo\/#primaryimage\"},\"image\":{\"@id\":\"https:\/\/espak.ee\/epood\/toode\/akutuhaimur-einhell-te-av-18-15-li-c-solo\/#primaryimage\"},\"thumbnailUrl\":\"https:\/\/espak.ee\/epood\/wp-content\/uploads\/2022\/02\/2351700_21010_002_TE_AV_18_15_Li_S_Solo_RAL3002_Pic.jpg\",\"datePublished\":\"2022-02-24T06:33:04+00:00\",\"dateModified\":\"2024-03-23T02:30:16+00:00\",\"breadcrumb\":{\"@id\":\"https:\/\/espak.ee\/epood\/toode\/akutuhaimur-einhell-te-av-18-15-li-c-solo\/#breadcrumb\"},\"inLanguage\":\"et\",\"potentialAction\":[{\"@type\":\"ReadAction\",\"target\":[\"https:\/\/espak.ee\/epood\/toode\/akutuhaimur-einhell-te-av-18-15-li-c-solo\/\"]}]},{\"@type\":\"ImageObject\",\"inLanguage\":\"et\",\"@id\":\"https:\/\/espak.ee\/epood\/toode\/akutuhaimur-einhell-te-av-18-15-li-c-solo\/#primaryimage\",\"url\":\"https:\/\/espak.ee\/epood\/wp-content\/uploads\/2022\/02\/2351700_21010_002_TE_AV_18_15_Li_S_Solo_RAL3002_Pic.jpg\",\"contentUrl\":\"https:\/\/espak.ee\/epood\/wp-content\/uploads\/2022\/02\/2351700_21010_002_TE_AV_18_15_Li_S_Solo_RAL3002_Pic.jpg\",\"width\":1000,\"height\":1000},{\"@type\":\"BreadcrumbList\",\"@id\":\"https:\/\/espak.ee\/epood\/toode\/akutuhaimur-einhell-te-av-18-15-li-c-solo\/#breadcrumb\",\"itemListElement\":[{\"@type\":\"ListItem\",\"position\":1,\"name\":\"Home\",\"item\":\"https:\/\/espak.ee\/epood\/\"},{\"@type\":\"ListItem\",\"position\":2,\"name\":\"Tootevalik\",\"item\":\"https:\/\/espak.ee\/epood\/tootevalik\/\"},{\"@type\":\"ListItem\",\"position\":3,\"name\":\"AKUTUHAIMUR EINHELL TE-AV 18\/15 LI C-SOLO\"}]},{\"@type\":\"WebSite\",\"@id\":\"https:\/\/espak.ee\/epood\/#website\",\"url\":\"https:\/\/espak.ee\/epood\/\",\"name\":\"Espak E-pood\",\"description\":\"\",\"potentialAction\":[{\"@type\":\"SearchAction\",\"target\":{\"@type\":\"EntryPoint\",\"urlTemplate\":\"https:\/\/espak.ee\/epood\/?s={search_term_string}\"},\"query-input\":{\"@type\":\"PropertyValueSpecification\",\"valueRequired\":true,\"valueName\":\"search_term_string\"}}],\"inLanguage\":\"et\"}]}<\/script>\n<!-- \/ Yoast SEO plugin. -->","yoast_head_json":{"title":"AKUTUHAIMUR EINHELL TE-AV 18\/15 LI C-SOLO - Espak E-pood","robots":{"index":"index","follow":"follow","max-snippet":"max-snippet:-1","max-image-preview":"max-image-preview:large","max-video-preview":"max-video-preview:-1"},"canonical":"https:\/\/espak.ee\/epood\/toode\/akutuhaimur-einhell-te-av-18-15-li-c-solo\/","og_locale":"et_EE","og_type":"article","og_title":"AKUTUHAIMUR EINHELL TE-AV 18\/15 LI C-SOLO - Espak E-pood","og_url":"https:\/\/espak.ee\/epood\/toode\/akutuhaimur-einhell-te-av-18-15-li-c-solo\/","og_site_name":"Espak E-pood","article_modified_time":"2024-03-23T02:30:16+00:00","og_image":[{"width":1000,"height":1000,"url":"https:\/\/espak.ee\/epood\/wp-content\/uploads\/2022\/02\/2351700_21010_002_TE_AV_18_15_Li_S_Solo_RAL3002_Pic.jpg","type":"image\/jpeg"}],"twitter_card":"summary_large_image","twitter_misc":{"Est. reading time":"1 minut"},"schema":{"@context":"https:\/\/schema.org","@graph":[{"@type":"WebPage","@id":"https:\/\/espak.ee\/epood\/toode\/akutuhaimur-einhell-te-av-18-15-li-c-solo\/","url":"https:\/\/espak.ee\/epood\/toode\/akutuhaimur-einhell-te-av-18-15-li-c-solo\/","name":"AKUTUHAIMUR EINHELL TE-AV 18\/15 LI C-SOLO - Espak E-pood","isPartOf":{"@id":"https:\/\/espak.ee\/epood\/#website"},"primaryImageOfPage":{"@id":"https:\/\/espak.ee\/epood\/toode\/akutuhaimur-einhell-te-av-18-15-li-c-solo\/#primaryimage"},"image":{"@id":"https:\/\/espak.ee\/epood\/toode\/akutuhaimur-einhell-te-av-18-15-li-c-solo\/#primaryimage"},"thumbnailUrl":"https:\/\/espak.ee\/epood\/wp-content\/uploads\/2022\/02\/2351700_21010_002_TE_AV_18_15_Li_S_Solo_RAL3002_Pic.jpg","datePublished":"2022-02-24T06:33:04+00:00","dateModified":"2024-03-23T02:30:16+00:00","breadcrumb":{"@id":"https:\/\/espak.ee\/epood\/toode\/akutuhaimur-einhell-te-av-18-15-li-c-solo\/#breadcrumb"},"inLanguage":"et","potentialAction":[{"@type":"ReadAction","target":["https:\/\/espak.ee\/epood\/toode\/akutuhaimur-einhell-te-av-18-15-li-c-solo\/"]}]},{"@type":"ImageObject","inLanguage":"et","@id":"https:\/\/espak.ee\/epood\/toode\/akutuhaimur-einhell-te-av-18-15-li-c-solo\/#primaryimage","url":"https:\/\/espak.ee\/epood\/wp-content\/uploads\/2022\/02\/2351700_21010_002_TE_AV_18_15_Li_S_Solo_RAL3002_Pic.jpg","contentUrl":"https:\/\/espak.ee\/epood\/wp-content\/uploads\/2022\/02\/2351700_21010_002_TE_AV_18_15_Li_S_Solo_RAL3002_Pic.jpg","width":1000,"height":1000},{"@type":"BreadcrumbList","@id":"https:\/\/espak.ee\/epood\/toode\/akutuhaimur-einhell-te-av-18-15-li-c-solo\/#breadcrumb","itemListElement":[{"@type":"ListItem","position":1,"name":"Home","item":"https:\/\/espak.ee\/epood\/"},{"@type":"ListItem","position":2,"name":"Tootevalik","item":"https:\/\/espak.ee\/epood\/tootevalik\/"},{"@type":"ListItem","position":3,"name":"AKUTUHAIMUR EINHELL TE-AV 18\/15 LI C-SOLO"}]},{"@type":"WebSite","@id":"https:\/\/espak.ee\/epood\/#website","url":"https:\/\/espak.ee\/epood\/","name":"Espak E-pood","description":"","potentialAction":[{"@type":"SearchAction","target":{"@type":"EntryPoint","urlTemplate":"https:\/\/espak.ee\/epood\/?s={search_term_string}"},"query-input":{"@type":"PropertyValueSpecification","valueRequired":true,"valueName":"search_term_string"}}],"inLanguage":"et"}]}},"_links":{"self":[{"href":"https:\/\/espak.ee\/epood\/wp-json\/wp\/v2\/product\/109636","targetHints":{"allow":["GET"]}}],"collection":[{"href":"https:\/\/espak.ee\/epood\/wp-json\/wp\/v2\/product"}],"about":[{"href":"https:\/\/espak.ee\/epood\/wp-json\/wp\/v2\/types\/product"}],"replies":[{"embeddable":true,"href":"https:\/\/espak.ee\/epood\/wp-json\/wp\/v2\/comments?post=109636"}],"wp:featuredmedia":[{"embeddable":true,"href":"https:\/\/espak.ee\/epood\/wp-json\/wp\/v2\/media\/112753"}],"wp:attachment":[{"href":"https:\/\/espak.ee\/epood\/wp-json\/wp\/v2\/media?parent=109636"}],"wp:term":[{"taxonomy":"product_brand","embeddable":true,"href":"https:\/\/espak.ee\/epood\/wp-json\/wp\/v2\/product_brand?post=109636"},{"taxonomy":"product_cat","embeddable":true,"href":"https:\/\/espak.ee\/epood\/wp-json\/wp\/v2\/product_cat?post=109636"},{"taxonomy":"product_tag","embeddable":true,"href":"https:\/\/espak.ee\/epood\/wp-json\/wp\/v2\/product_tag?post=109636"}],"curies":[{"name":"wp","href":"https:\/\/api.w.org\/{rel}","templated":true}]}}