{"id":10918,"date":"2019-11-13T02:40:49","date_gmt":"2019-11-13T00:40:49","guid":{"rendered":"https:\/\/espak.ee\/hinnakiri\/?post_type=product&#038;p=10918"},"modified":"2025-10-19T11:07:33","modified_gmt":"2025-10-19T08:07:33","slug":"vuugilindipahtel-kiilto-j-16kg","status":"publish","type":"product","link":"https:\/\/espak.ee\/epood\/toode\/vuugilindipahtel-kiilto-j-16kg\/","title":{"rendered":"VUUGILINDIPAHTEL KIILTO J 16KG"},"content":{"rendered":"<div class=\"row\"  id=\"row-484779708\">\n\n\t<div id=\"col-12782695\" class=\"col medium-9 small-12 large-9\"  >\n\t\t\t\t<div class=\"col-inner\"  >\n\t\t\t\n\t\t\t\n<h2>Kiilto J Vuugilindipahtel<\/h2>\n<p>Veep\u00f5hine, kasutusvalmis vuugilindipahtel vuugilindi kinnitamiseks kipsplaadile ning kuivades siseruumides seinte ja lagede tasandamiseks. Vuugilindi v\u00f5ib paigaldada k\u00e4sitsi v\u00f5i spetsiaalse seadmega. Sobib ka aluspinna viimistlemiseks enne v\u00e4rvimist v\u00f5i tapeetimist. Max 2 mm.<\/p>\n<div class=\"message-box relative\" style=\"padding-top:15px;padding-bottom:15px;\"><div class=\"message-box-bg-image bg-fill fill\" ><\/div><div class=\"message-box-bg-overlay bg-fill fill\" ><\/div><div class=\"container relative\"><div class=\"inner last-reset\">\n<div class=\"row align-middle align-center\"  id=\"row-1405050605\">\n\n\t<div id=\"col-855193261\" class=\"col small-12 large-12\"  >\n\t\t\t\t<div class=\"col-inner text-left\"  >\n\t\t\t\n\t\t\t\n<h4>Omadused<\/h4>\n<div class=\"row\"  id=\"row-1501550602\">\n\n\t<div id=\"col-270338105\" class=\"col medium-6 small-12 large-6\"  >\n\t\t\t\t<div class=\"col-inner\"  >\n\t\t\t\n\t\t\t\n<p><i class=\"fa fa-check fa-2x\"><\/i> <strong>Vuugilindi kinnitamiseks kipsplaadile<\/strong><\/p>\n<p><i class=\"fa fa-check fa-2x\"><\/i> <strong>Seintele ja lagedele siseruumides<\/strong><\/p>\n\t\t<\/div>\n\t\t\t\t\n<style>\n#col-270338105 > .col-inner {\n  margin: 0px 0px 15px 0px;\n}\n<\/style>\n\t<\/div>\n\n\t\n<\/div>\n\t\t<\/div>\n\t\t\t\t\t<\/div>\n\n\t\n<\/div>\n<\/div><\/div><\/div>\n\t<div id=\"gap-698676784\" class=\"gap-element clearfix\" style=\"display:block; height:auto;\">\n\t\t\n<style>\n#gap-698676784 {\n  padding-top: 30px;\n}\n<\/style>\n\t<\/div>\n\t\n<h3>Kasutamise \u00fcksikasjad<\/h3>\n<p><strong>Kasutusalad:<\/strong> Kiilto J on veeslahustuv, kasutusvalmis vuugilindipahtel, vuugilindi kinnitamiseks kipsplaadile ning kuivades siseruumides seinte ja lagede tasandamiseks. Sobib ka aluspinna viimistlemiseks enne v\u00e4rvimist v\u00f5i tapeetimist. Viimistletud pinna v\u00f5ib tasandada, \u00fcle v\u00e4rvida v\u00f5i tapeetida. Soovitame aluspinna enne tapeetimist \u00fcle v\u00e4rvida, see lihtsustab edasist tapeedi vahetamist. <\/p>\n<p><strong>Kasutusjuhis:<\/strong> Pahteldatav pind peab olema puhas, kuiv ja tolmuvaba. Uue kihi v\u00f5ib peale kanda alles siis, kui eelmine on kuiv. Vajadusel tuleb pinda enne uue kihi pealekandmist hoolikalt lihvida ja puhastada.<br \/>\nKiilto J on kasutusvalmis vuugilindipahtel, vuugilindi kinnitamiseks kipsplaadile. P\u00e4rast pikemaajalist hoiustamist tuleb toode enne kasutamist l\u00e4bi segada. Vajadusel v\u00f5ib lahjendada toodet veega.<br \/>\nVuugilindi kinnitamine: kandke pahtel vuuki ja suruge lint kitsa teras pahtlilabidaga tugevalt vastu pahtlit. Seej\u00e4rel kandke lindile teine pahtlikiht ja siluge laia teras pahtlilabidaga. Kuivanud pinda saab vajadusel lihtsasti lihvida. Kui kipsplaat pole \u00f5hukeste servadega, siluge pahtlit \u00fchtlaselt vuugi servast v\u00e4ljaspool, et saada sile pind. Sel juhul tuleks kipsplaadi servad kaldu l\u00f5igata. Vuugilindi saab paigaldada kipsplaadile ka spetsiaalse seadmega. Vaadake ka kipsplaadi tootja juhiseid.<\/p>\n<p><strong>Keskkond ja ohutus:<\/strong> V\u00e4ltige kuivamata toote kokkupuudet nahaga, kasutage kaitsekindaid. Tutvuge tooteohutuskaardiga.<\/p>\n\t\t<\/div>\n\t\t\t\t\t<\/div>\n\n\t\n\n\t<div id=\"col-180690720\" class=\"col medium-3 small-12 large-3\"  >\n\t\t\t\t<div class=\"col-inner\"  >\n\t\t\t\n\t\t\t\n\t<div id=\"gap-1954625169\" class=\"gap-element clearfix\" style=\"display:block; height:auto;\">\n\t\t\n<style>\n#gap-1954625169 {\n  padding-top: 30px;\n}\n<\/style>\n\t<\/div>\n\t\n<h3>Tehniline informatsioon<\/h3>\n<p><a href=\"https:\/\/espak.ee\/epood\/wp-content\/uploads\/J-tooteleht.pdf\" target=\"_blank\" rel=\"noopener noreferrer\"><i class=\"far fa-file-pdf\"><\/i> Tehniline info (PDF)<\/a><\/p>\n<h3>Ohutusalane teave<\/h3>\n<p><a href=\"https:\/\/espak.ee\/epood\/wp-content\/uploads\/J-ohutuskaart.pdf\" target=\"_blank\" rel=\"noopener noreferrer\"><i class=\"far fa-file-pdf\"><\/i> Ohutusalane teave (PDF)<\/a><\/p>\n<div class=\"is-divider divider clearfix\" ><\/div>\n<p><strong>\u00dcksikasjalikuma n\u00f5u saamiseks v\u00f5tke \u00fchendust:<br \/><\/strong>Kiilto Eesti O\u00dc<br \/>L\u00e4ike tee 4<br \/>75312<br \/>Rae vald<br \/>(+372) 60 31 900<\/p>\n<div class=\"is-divider divider clearfix\" ><\/div>\n\t\t<\/div>\n\t\t\t\t\t<\/div>\n\n\t\n<\/div>\n","protected":false},"excerpt":{"rendered":"","protected":false},"featured_media":11785,"comment_status":"closed","ping_status":"closed","template":"","meta":[],"product_brand":[],"product_cat":[2698,2699,2697,2700],"product_tag":[],"class_list":{"0":"post-10918","1":"product","2":"type-product","3":"status-publish","4":"has-post-thumbnail","6":"product_cat-pahtlid-ja-kuivsegud","7":"product_cat-sisepahtlid","8":"product_cat-uldehitus","9":"product_cat-valmispahtlid","10":"pa_kaubamark-kiilto-eesti-ou","12":"first","13":"instock","14":"sale","15":"taxable","16":"shipping-taxable","17":"purchasable","18":"product-type-simple"},"yoast_head":"<!-- This site is optimized with the Yoast SEO plugin v26.9 - https:\/\/yoast.com\/product\/yoast-seo-wordpress\/ -->\n<title>VUUGILINDIPAHTEL KIILTO J 16KG - Espak E-pood<\/title>\n<meta name=\"robots\" content=\"index, follow, max-snippet:-1, max-image-preview:large, max-video-preview:-1\" \/>\n<link rel=\"canonical\" href=\"https:\/\/espak.ee\/epood\/toode\/vuugilindipahtel-kiilto-j-16kg\/\" \/>\n<meta property=\"og:locale\" content=\"et_EE\" \/>\n<meta property=\"og:type\" content=\"article\" \/>\n<meta property=\"og:title\" content=\"VUUGILINDIPAHTEL KIILTO J 16KG - Espak E-pood\" \/>\n<meta property=\"og:url\" content=\"https:\/\/espak.ee\/epood\/toode\/vuugilindipahtel-kiilto-j-16kg\/\" \/>\n<meta property=\"og:site_name\" content=\"Espak E-pood\" \/>\n<meta property=\"article:modified_time\" content=\"2025-10-19T08:07:33+00:00\" \/>\n<meta property=\"og:image\" content=\"https:\/\/espak.ee\/epood\/wp-content\/uploads\/J.png\" \/>\n\t<meta property=\"og:image:width\" content=\"800\" \/>\n\t<meta property=\"og:image:height\" content=\"800\" \/>\n\t<meta property=\"og:image:type\" content=\"image\/png\" \/>\n<meta name=\"twitter:card\" content=\"summary_large_image\" \/>\n<meta name=\"twitter:label1\" content=\"Est. reading time\" \/>\n\t<meta name=\"twitter:data1\" content=\"2 minutit\" \/>\n<script type=\"application\/ld+json\" class=\"yoast-schema-graph\">{\"@context\":\"https:\/\/schema.org\",\"@graph\":[{\"@type\":\"WebPage\",\"@id\":\"https:\/\/espak.ee\/epood\/toode\/vuugilindipahtel-kiilto-j-16kg\/\",\"url\":\"https:\/\/espak.ee\/epood\/toode\/vuugilindipahtel-kiilto-j-16kg\/\",\"name\":\"VUUGILINDIPAHTEL KIILTO J 16KG - Espak E-pood\",\"isPartOf\":{\"@id\":\"https:\/\/espak.ee\/epood\/#website\"},\"primaryImageOfPage\":{\"@id\":\"https:\/\/espak.ee\/epood\/toode\/vuugilindipahtel-kiilto-j-16kg\/#primaryimage\"},\"image\":{\"@id\":\"https:\/\/espak.ee\/epood\/toode\/vuugilindipahtel-kiilto-j-16kg\/#primaryimage\"},\"thumbnailUrl\":\"https:\/\/espak.ee\/epood\/wp-content\/uploads\/J.png\",\"datePublished\":\"2019-11-13T00:40:49+00:00\",\"dateModified\":\"2025-10-19T08:07:33+00:00\",\"breadcrumb\":{\"@id\":\"https:\/\/espak.ee\/epood\/toode\/vuugilindipahtel-kiilto-j-16kg\/#breadcrumb\"},\"inLanguage\":\"et\",\"potentialAction\":[{\"@type\":\"ReadAction\",\"target\":[\"https:\/\/espak.ee\/epood\/toode\/vuugilindipahtel-kiilto-j-16kg\/\"]}]},{\"@type\":\"ImageObject\",\"inLanguage\":\"et\",\"@id\":\"https:\/\/espak.ee\/epood\/toode\/vuugilindipahtel-kiilto-j-16kg\/#primaryimage\",\"url\":\"https:\/\/espak.ee\/epood\/wp-content\/uploads\/J.png\",\"contentUrl\":\"https:\/\/espak.ee\/epood\/wp-content\/uploads\/J.png\",\"width\":800,\"height\":800},{\"@type\":\"BreadcrumbList\",\"@id\":\"https:\/\/espak.ee\/epood\/toode\/vuugilindipahtel-kiilto-j-16kg\/#breadcrumb\",\"itemListElement\":[{\"@type\":\"ListItem\",\"position\":1,\"name\":\"Home\",\"item\":\"https:\/\/espak.ee\/epood\/\"},{\"@type\":\"ListItem\",\"position\":2,\"name\":\"Tootevalik\",\"item\":\"https:\/\/espak.ee\/epood\/tootevalik\/\"},{\"@type\":\"ListItem\",\"position\":3,\"name\":\"VUUGILINDIPAHTEL KIILTO J 16KG\"}]},{\"@type\":\"WebSite\",\"@id\":\"https:\/\/espak.ee\/epood\/#website\",\"url\":\"https:\/\/espak.ee\/epood\/\",\"name\":\"Espak E-pood\",\"description\":\"\",\"potentialAction\":[{\"@type\":\"SearchAction\",\"target\":{\"@type\":\"EntryPoint\",\"urlTemplate\":\"https:\/\/espak.ee\/epood\/?s={search_term_string}\"},\"query-input\":{\"@type\":\"PropertyValueSpecification\",\"valueRequired\":true,\"valueName\":\"search_term_string\"}}],\"inLanguage\":\"et\"}]}<\/script>\n<!-- \/ Yoast SEO plugin. -->","yoast_head_json":{"title":"VUUGILINDIPAHTEL KIILTO J 16KG - Espak E-pood","robots":{"index":"index","follow":"follow","max-snippet":"max-snippet:-1","max-image-preview":"max-image-preview:large","max-video-preview":"max-video-preview:-1"},"canonical":"https:\/\/espak.ee\/epood\/toode\/vuugilindipahtel-kiilto-j-16kg\/","og_locale":"et_EE","og_type":"article","og_title":"VUUGILINDIPAHTEL KIILTO J 16KG - Espak E-pood","og_url":"https:\/\/espak.ee\/epood\/toode\/vuugilindipahtel-kiilto-j-16kg\/","og_site_name":"Espak E-pood","article_modified_time":"2025-10-19T08:07:33+00:00","og_image":[{"width":800,"height":800,"url":"https:\/\/espak.ee\/epood\/wp-content\/uploads\/J.png","type":"image\/png"}],"twitter_card":"summary_large_image","twitter_misc":{"Est. reading time":"2 minutit"},"schema":{"@context":"https:\/\/schema.org","@graph":[{"@type":"WebPage","@id":"https:\/\/espak.ee\/epood\/toode\/vuugilindipahtel-kiilto-j-16kg\/","url":"https:\/\/espak.ee\/epood\/toode\/vuugilindipahtel-kiilto-j-16kg\/","name":"VUUGILINDIPAHTEL KIILTO J 16KG - Espak E-pood","isPartOf":{"@id":"https:\/\/espak.ee\/epood\/#website"},"primaryImageOfPage":{"@id":"https:\/\/espak.ee\/epood\/toode\/vuugilindipahtel-kiilto-j-16kg\/#primaryimage"},"image":{"@id":"https:\/\/espak.ee\/epood\/toode\/vuugilindipahtel-kiilto-j-16kg\/#primaryimage"},"thumbnailUrl":"https:\/\/espak.ee\/epood\/wp-content\/uploads\/J.png","datePublished":"2019-11-13T00:40:49+00:00","dateModified":"2025-10-19T08:07:33+00:00","breadcrumb":{"@id":"https:\/\/espak.ee\/epood\/toode\/vuugilindipahtel-kiilto-j-16kg\/#breadcrumb"},"inLanguage":"et","potentialAction":[{"@type":"ReadAction","target":["https:\/\/espak.ee\/epood\/toode\/vuugilindipahtel-kiilto-j-16kg\/"]}]},{"@type":"ImageObject","inLanguage":"et","@id":"https:\/\/espak.ee\/epood\/toode\/vuugilindipahtel-kiilto-j-16kg\/#primaryimage","url":"https:\/\/espak.ee\/epood\/wp-content\/uploads\/J.png","contentUrl":"https:\/\/espak.ee\/epood\/wp-content\/uploads\/J.png","width":800,"height":800},{"@type":"BreadcrumbList","@id":"https:\/\/espak.ee\/epood\/toode\/vuugilindipahtel-kiilto-j-16kg\/#breadcrumb","itemListElement":[{"@type":"ListItem","position":1,"name":"Home","item":"https:\/\/espak.ee\/epood\/"},{"@type":"ListItem","position":2,"name":"Tootevalik","item":"https:\/\/espak.ee\/epood\/tootevalik\/"},{"@type":"ListItem","position":3,"name":"VUUGILINDIPAHTEL KIILTO J 16KG"}]},{"@type":"WebSite","@id":"https:\/\/espak.ee\/epood\/#website","url":"https:\/\/espak.ee\/epood\/","name":"Espak E-pood","description":"","potentialAction":[{"@type":"SearchAction","target":{"@type":"EntryPoint","urlTemplate":"https:\/\/espak.ee\/epood\/?s={search_term_string}"},"query-input":{"@type":"PropertyValueSpecification","valueRequired":true,"valueName":"search_term_string"}}],"inLanguage":"et"}]}},"_links":{"self":[{"href":"https:\/\/espak.ee\/epood\/wp-json\/wp\/v2\/product\/10918","targetHints":{"allow":["GET"]}}],"collection":[{"href":"https:\/\/espak.ee\/epood\/wp-json\/wp\/v2\/product"}],"about":[{"href":"https:\/\/espak.ee\/epood\/wp-json\/wp\/v2\/types\/product"}],"replies":[{"embeddable":true,"href":"https:\/\/espak.ee\/epood\/wp-json\/wp\/v2\/comments?post=10918"}],"wp:featuredmedia":[{"embeddable":true,"href":"https:\/\/espak.ee\/epood\/wp-json\/wp\/v2\/media\/11785"}],"wp:attachment":[{"href":"https:\/\/espak.ee\/epood\/wp-json\/wp\/v2\/media?parent=10918"}],"wp:term":[{"taxonomy":"product_brand","embeddable":true,"href":"https:\/\/espak.ee\/epood\/wp-json\/wp\/v2\/product_brand?post=10918"},{"taxonomy":"product_cat","embeddable":true,"href":"https:\/\/espak.ee\/epood\/wp-json\/wp\/v2\/product_cat?post=10918"},{"taxonomy":"product_tag","embeddable":true,"href":"https:\/\/espak.ee\/epood\/wp-json\/wp\/v2\/product_tag?post=10918"}],"curies":[{"name":"wp","href":"https:\/\/api.w.org\/{rel}","templated":true}]}}