{"id":109037,"date":"2022-02-17T02:07:02","date_gmt":"2022-02-17T02:07:02","guid":{"rendered":"https:\/\/espak.ee\/epood\/?post_type=product&#038;p=109037"},"modified":"2026-03-21T10:09:51","modified_gmt":"2026-03-21T08:09:51","slug":"puidukaitsevahend-remmers-anti-insekt-varvitu-5l","status":"publish","type":"product","link":"https:\/\/espak.ee\/epood\/toode\/puidukaitsevahend-remmers-anti-insekt-varvitu-5l\/","title":{"rendered":"PUIDUKAITSEVAHEND REMMERS ANTI INSEKT V\u00c4RVITU 5L"},"content":{"rendered":"<div class=\"row\"  id=\"row-994820285\">\n\n\t<div id=\"col-1788831902\" class=\"col medium-9 small-12 large-9\"  >\n\t\t\t\t<div class=\"col-inner\"  >\n\t\t\t\n\t\t\t\n<h3>Puidukaitsevahend Anti Insekt v\u00e4rvitu 5L<\/h3>\n<p> Ettev\u00f5tete poolt kasutamiseks etten\u00e4htud t\u00f5rjuv vedel lahustip\u00f5hine<br \/>\npuidukaitsevahend.<\/p>\n<p><strong>Omadused: <\/strong><br \/>\n\u25a0 Kontrollpredikaadid: lb = t\u00f5hus kaitse putukate vastu<br \/>\n\u25a0 Kiire t\u00f5rjuv toime<br \/>\n\u25a0 Prof\u00fclaktiline toime uue haigestumise vastu<br \/>\n\u25a0 V\u00e4hese lahusti l\u00f5hnaga.<br \/>\n\u25a0 Hea sissetungimisv\u00f5ime\n<\/p>\n<p><strong>Kasutusala:<\/strong><br \/>\n\u25a0 Puit sise- ja kaitstud v\u00e4listingimustes<br \/>\n\u25a0 Puitu kahjustavate kaitseks putukate vastu puitdetailides, nagu nt<br \/>\nkatusekonstruktsioonid, puittalad, p\u00f5randad jne.<br \/>\n\u25a0 Majasikk ja tooneseplased<br \/>\n\u25a0 Ei sobi termiitide t\u00f5rjeks<br \/>\n\u25a0 Professionaalstele kasutajatele\n<\/p>\n\t\t<\/div>\n\t\t\t\t\t<\/div>\n\n\t\n\n\t<div id=\"col-1882986338\" class=\"col medium-3 small-12 large-3\"  >\n\t\t\t\t<div class=\"col-inner\"  >\n\t\t\t\n\t\t\t\n\t<div id=\"gap-450212225\" class=\"gap-element clearfix\" style=\"display:block; height:auto;\">\n\t\t\n<style>\n#gap-450212225 {\n  padding-top: 30px;\n}\n<\/style>\n\t<\/div>\n\t\n<h3>Tehniline informatsioon<\/h3>\n<p><a href=\"https:\/\/espak.ee\/epood\/wp-content\/uploads\/2022\/02\/TM_2060_et_EE_135733.pdf\"target=\"_blank\" rel=\"noopener noreferrer\"><i class=\"far fa-file-pdf\"><\/i> Tehniline info (PDF)<\/a><\/p>\n<div class=\"is-divider divider clearfix\" ><\/div>\n<p><strong>\u00dcksikasjalikuma n\u00f5u saamiseks v\u00f5tke \u00fchendust:<br \/><\/strong>Remmers Baltica O\u00dc<br \/>S\u00f5pruse pst 145<br \/>13425<br \/>Tallinn<br \/> Telefon +372 51 64 302<\/p>\n\t\t<\/div>\n\t\t\t\t\t<\/div>\n\n\t\n<\/div>\n","protected":false},"excerpt":{"rendered":"","protected":false},"featured_media":109089,"comment_status":"closed","ping_status":"closed","template":"","meta":[],"product_brand":[],"product_cat":[3455,2685,2684,2683],"product_tag":[],"class_list":{"0":"post-109037","1":"product","2":"type-product","3":"status-publish","4":"has-post-thumbnail","6":"product_cat-immutusvahendid-varvid","7":"product_cat-varvid","8":"product_cat-varvid-lakid-lahustid-puidukaitsed-olid","9":"product_cat-viimistluskaubad","10":"product_shipping_class-dpd-cold","11":"pa_kaubamark-remmers-baltica-ou","13":"first","14":"instock","15":"sale","16":"taxable","17":"shipping-taxable","18":"purchasable","19":"product-type-simple"},"yoast_head":"<!-- This site is optimized with the Yoast SEO plugin v26.9 - https:\/\/yoast.com\/product\/yoast-seo-wordpress\/ -->\n<title>PUIDUKAITSEVAHEND REMMERS ANTI INSEKT V\u00c4RVITU 5L - Espak E-pood<\/title>\n<meta name=\"robots\" content=\"index, follow, max-snippet:-1, max-image-preview:large, max-video-preview:-1\" \/>\n<link rel=\"canonical\" href=\"https:\/\/espak.ee\/epood\/toode\/puidukaitsevahend-remmers-anti-insekt-varvitu-5l\/\" \/>\n<meta property=\"og:locale\" content=\"et_EE\" \/>\n<meta property=\"og:type\" content=\"article\" \/>\n<meta property=\"og:title\" content=\"PUIDUKAITSEVAHEND REMMERS ANTI INSEKT V\u00c4RVITU 5L - Espak E-pood\" \/>\n<meta property=\"og:url\" content=\"https:\/\/espak.ee\/epood\/toode\/puidukaitsevahend-remmers-anti-insekt-varvitu-5l\/\" \/>\n<meta property=\"og:site_name\" content=\"Espak E-pood\" \/>\n<meta property=\"article:modified_time\" content=\"2026-03-21T08:09:51+00:00\" \/>\n<meta property=\"og:image\" content=\"https:\/\/espak.ee\/epood\/wp-content\/uploads\/2022\/02\/49421.png\" \/>\n\t<meta property=\"og:image:width\" content=\"1200\" \/>\n\t<meta property=\"og:image:height\" content=\"900\" \/>\n\t<meta property=\"og:image:type\" content=\"image\/png\" \/>\n<meta name=\"twitter:card\" content=\"summary_large_image\" \/>\n<meta name=\"twitter:label1\" content=\"Est. reading time\" \/>\n\t<meta name=\"twitter:data1\" content=\"1 minut\" \/>\n<script type=\"application\/ld+json\" class=\"yoast-schema-graph\">{\"@context\":\"https:\/\/schema.org\",\"@graph\":[{\"@type\":\"WebPage\",\"@id\":\"https:\/\/espak.ee\/epood\/toode\/puidukaitsevahend-remmers-anti-insekt-varvitu-5l\/\",\"url\":\"https:\/\/espak.ee\/epood\/toode\/puidukaitsevahend-remmers-anti-insekt-varvitu-5l\/\",\"name\":\"PUIDUKAITSEVAHEND REMMERS ANTI INSEKT V\u00c4RVITU 5L - Espak E-pood\",\"isPartOf\":{\"@id\":\"https:\/\/espak.ee\/epood\/#website\"},\"primaryImageOfPage\":{\"@id\":\"https:\/\/espak.ee\/epood\/toode\/puidukaitsevahend-remmers-anti-insekt-varvitu-5l\/#primaryimage\"},\"image\":{\"@id\":\"https:\/\/espak.ee\/epood\/toode\/puidukaitsevahend-remmers-anti-insekt-varvitu-5l\/#primaryimage\"},\"thumbnailUrl\":\"https:\/\/espak.ee\/epood\/wp-content\/uploads\/2022\/02\/49421.png\",\"datePublished\":\"2022-02-17T02:07:02+00:00\",\"dateModified\":\"2026-03-21T08:09:51+00:00\",\"breadcrumb\":{\"@id\":\"https:\/\/espak.ee\/epood\/toode\/puidukaitsevahend-remmers-anti-insekt-varvitu-5l\/#breadcrumb\"},\"inLanguage\":\"et\",\"potentialAction\":[{\"@type\":\"ReadAction\",\"target\":[\"https:\/\/espak.ee\/epood\/toode\/puidukaitsevahend-remmers-anti-insekt-varvitu-5l\/\"]}]},{\"@type\":\"ImageObject\",\"inLanguage\":\"et\",\"@id\":\"https:\/\/espak.ee\/epood\/toode\/puidukaitsevahend-remmers-anti-insekt-varvitu-5l\/#primaryimage\",\"url\":\"https:\/\/espak.ee\/epood\/wp-content\/uploads\/2022\/02\/49421.png\",\"contentUrl\":\"https:\/\/espak.ee\/epood\/wp-content\/uploads\/2022\/02\/49421.png\",\"width\":1200,\"height\":900},{\"@type\":\"BreadcrumbList\",\"@id\":\"https:\/\/espak.ee\/epood\/toode\/puidukaitsevahend-remmers-anti-insekt-varvitu-5l\/#breadcrumb\",\"itemListElement\":[{\"@type\":\"ListItem\",\"position\":1,\"name\":\"Home\",\"item\":\"https:\/\/espak.ee\/epood\/\"},{\"@type\":\"ListItem\",\"position\":2,\"name\":\"Tootevalik\",\"item\":\"https:\/\/espak.ee\/epood\/tootevalik\/\"},{\"@type\":\"ListItem\",\"position\":3,\"name\":\"PUIDUKAITSEVAHEND REMMERS ANTI INSEKT V\u00c4RVITU 5L\"}]},{\"@type\":\"WebSite\",\"@id\":\"https:\/\/espak.ee\/epood\/#website\",\"url\":\"https:\/\/espak.ee\/epood\/\",\"name\":\"Espak E-pood\",\"description\":\"\",\"potentialAction\":[{\"@type\":\"SearchAction\",\"target\":{\"@type\":\"EntryPoint\",\"urlTemplate\":\"https:\/\/espak.ee\/epood\/?s={search_term_string}\"},\"query-input\":{\"@type\":\"PropertyValueSpecification\",\"valueRequired\":true,\"valueName\":\"search_term_string\"}}],\"inLanguage\":\"et\"}]}<\/script>\n<!-- \/ Yoast SEO plugin. -->","yoast_head_json":{"title":"PUIDUKAITSEVAHEND REMMERS ANTI INSEKT V\u00c4RVITU 5L - Espak E-pood","robots":{"index":"index","follow":"follow","max-snippet":"max-snippet:-1","max-image-preview":"max-image-preview:large","max-video-preview":"max-video-preview:-1"},"canonical":"https:\/\/espak.ee\/epood\/toode\/puidukaitsevahend-remmers-anti-insekt-varvitu-5l\/","og_locale":"et_EE","og_type":"article","og_title":"PUIDUKAITSEVAHEND REMMERS ANTI INSEKT V\u00c4RVITU 5L - Espak E-pood","og_url":"https:\/\/espak.ee\/epood\/toode\/puidukaitsevahend-remmers-anti-insekt-varvitu-5l\/","og_site_name":"Espak E-pood","article_modified_time":"2026-03-21T08:09:51+00:00","og_image":[{"width":1200,"height":900,"url":"https:\/\/espak.ee\/epood\/wp-content\/uploads\/2022\/02\/49421.png","type":"image\/png"}],"twitter_card":"summary_large_image","twitter_misc":{"Est. reading time":"1 minut"},"schema":{"@context":"https:\/\/schema.org","@graph":[{"@type":"WebPage","@id":"https:\/\/espak.ee\/epood\/toode\/puidukaitsevahend-remmers-anti-insekt-varvitu-5l\/","url":"https:\/\/espak.ee\/epood\/toode\/puidukaitsevahend-remmers-anti-insekt-varvitu-5l\/","name":"PUIDUKAITSEVAHEND REMMERS ANTI INSEKT V\u00c4RVITU 5L - Espak E-pood","isPartOf":{"@id":"https:\/\/espak.ee\/epood\/#website"},"primaryImageOfPage":{"@id":"https:\/\/espak.ee\/epood\/toode\/puidukaitsevahend-remmers-anti-insekt-varvitu-5l\/#primaryimage"},"image":{"@id":"https:\/\/espak.ee\/epood\/toode\/puidukaitsevahend-remmers-anti-insekt-varvitu-5l\/#primaryimage"},"thumbnailUrl":"https:\/\/espak.ee\/epood\/wp-content\/uploads\/2022\/02\/49421.png","datePublished":"2022-02-17T02:07:02+00:00","dateModified":"2026-03-21T08:09:51+00:00","breadcrumb":{"@id":"https:\/\/espak.ee\/epood\/toode\/puidukaitsevahend-remmers-anti-insekt-varvitu-5l\/#breadcrumb"},"inLanguage":"et","potentialAction":[{"@type":"ReadAction","target":["https:\/\/espak.ee\/epood\/toode\/puidukaitsevahend-remmers-anti-insekt-varvitu-5l\/"]}]},{"@type":"ImageObject","inLanguage":"et","@id":"https:\/\/espak.ee\/epood\/toode\/puidukaitsevahend-remmers-anti-insekt-varvitu-5l\/#primaryimage","url":"https:\/\/espak.ee\/epood\/wp-content\/uploads\/2022\/02\/49421.png","contentUrl":"https:\/\/espak.ee\/epood\/wp-content\/uploads\/2022\/02\/49421.png","width":1200,"height":900},{"@type":"BreadcrumbList","@id":"https:\/\/espak.ee\/epood\/toode\/puidukaitsevahend-remmers-anti-insekt-varvitu-5l\/#breadcrumb","itemListElement":[{"@type":"ListItem","position":1,"name":"Home","item":"https:\/\/espak.ee\/epood\/"},{"@type":"ListItem","position":2,"name":"Tootevalik","item":"https:\/\/espak.ee\/epood\/tootevalik\/"},{"@type":"ListItem","position":3,"name":"PUIDUKAITSEVAHEND REMMERS ANTI INSEKT V\u00c4RVITU 5L"}]},{"@type":"WebSite","@id":"https:\/\/espak.ee\/epood\/#website","url":"https:\/\/espak.ee\/epood\/","name":"Espak E-pood","description":"","potentialAction":[{"@type":"SearchAction","target":{"@type":"EntryPoint","urlTemplate":"https:\/\/espak.ee\/epood\/?s={search_term_string}"},"query-input":{"@type":"PropertyValueSpecification","valueRequired":true,"valueName":"search_term_string"}}],"inLanguage":"et"}]}},"_links":{"self":[{"href":"https:\/\/espak.ee\/epood\/wp-json\/wp\/v2\/product\/109037","targetHints":{"allow":["GET"]}}],"collection":[{"href":"https:\/\/espak.ee\/epood\/wp-json\/wp\/v2\/product"}],"about":[{"href":"https:\/\/espak.ee\/epood\/wp-json\/wp\/v2\/types\/product"}],"replies":[{"embeddable":true,"href":"https:\/\/espak.ee\/epood\/wp-json\/wp\/v2\/comments?post=109037"}],"wp:featuredmedia":[{"embeddable":true,"href":"https:\/\/espak.ee\/epood\/wp-json\/wp\/v2\/media\/109089"}],"wp:attachment":[{"href":"https:\/\/espak.ee\/epood\/wp-json\/wp\/v2\/media?parent=109037"}],"wp:term":[{"taxonomy":"product_brand","embeddable":true,"href":"https:\/\/espak.ee\/epood\/wp-json\/wp\/v2\/product_brand?post=109037"},{"taxonomy":"product_cat","embeddable":true,"href":"https:\/\/espak.ee\/epood\/wp-json\/wp\/v2\/product_cat?post=109037"},{"taxonomy":"product_tag","embeddable":true,"href":"https:\/\/espak.ee\/epood\/wp-json\/wp\/v2\/product_tag?post=109037"}],"curies":[{"name":"wp","href":"https:\/\/api.w.org\/{rel}","templated":true}]}}