{"id":108839,"date":"2022-02-15T06:19:09","date_gmt":"2022-02-15T06:19:09","guid":{"rendered":"https:\/\/espak.ee\/epood\/?post_type=product&#038;p=108839"},"modified":"2024-03-23T04:34:07","modified_gmt":"2024-03-23T02:34:07","slug":"kruvikeeraja-lapik-stanley-6545mm-0-64-917","status":"publish","type":"product","link":"https:\/\/espak.ee\/epood\/toode\/kruvikeeraja-lapik-stanley-6545mm-0-64-917\/","title":{"rendered":"KRUVIKEERAJA LAPIK STANLEY 6,5*45MM 0-64-917"},"content":{"rendered":"<div class=\"row\"  id=\"row-976815111\">\n\n\t<div id=\"col-26703714\" class=\"col medium-9 small-12 large-9\"  >\n\t\t\t\t<div class=\"col-inner\"  >\n\t\t\t\n\t\t\t\n<h3>Kruvikeeraja lapik 6,5 x 45 mm Stanley<\/h3>\n<p>&#8211; Kahekomponentne k\u00e4epide<br \/>\n&#8211; Magnetiseeritud musta oksiidiga otsak<br \/>\n&#8211; Terasest nikliga kaetud vars<br \/>\n&#8211; Suur k\u00e4epide tagab suurema p\u00f6\u00f6rdemomendi <\/p>\n\t\t<\/div>\n\t\t\t\t\t<\/div>\n\n\t\n\n\t<div id=\"col-264991258\" class=\"col medium-3 small-12 large-3\"  >\n\t\t\t\t<div class=\"col-inner\"  >\n\t\t\t\n\t\t\t\n\t<div id=\"gap-1492259097\" class=\"gap-element clearfix\" style=\"display:block; height:auto;\">\n\t\t\n<style>\n#gap-1492259097 {\n  padding-top: 30px;\n}\n<\/style>\n\t<\/div>\n\t\n<div class=\"is-divider divider clearfix\" ><\/div>\n<p><strong>\u00dcksikasjalikuma n\u00f5u saamiseks v\u00f5tke \u00fchendust:<br \/><\/strong>Espak AS<br \/>Viadukti 42<br \/>11313<br \/>Tallinn<br \/> T\u00f6\u00f6riista osakond +372 6512 335<br \/><a href=\"mailto:tooriist@espak.ee\">tooriist@espak.ee<\/a><\/p>\n\t\t<\/div>\n\t\t\t\t\t<\/div>\n\n\t\n<\/div>\n","protected":false},"excerpt":{"rendered":"","protected":false},"featured_media":108965,"comment_status":"closed","ping_status":"closed","template":"","meta":[],"product_brand":[],"product_cat":[2771,2954,3109,2679],"product_tag":[],"class_list":{"0":"post-108839","1":"product","2":"type-product","3":"status-publish","4":"has-post-thumbnail","6":"product_cat-kasitooriistad","7":"product_cat-kasitooriistad-kasitooriistad","8":"product_cat-kruvikeerajad","9":"product_cat-tooriistad","10":"pa_kaubamark-stanley","12":"first","13":"outofstock","14":"sale","15":"taxable","16":"shipping-taxable","17":"purchasable","18":"product-type-simple"},"yoast_head":"<!-- This site is optimized with the Yoast SEO plugin v26.9 - https:\/\/yoast.com\/product\/yoast-seo-wordpress\/ -->\n<title>KRUVIKEERAJA LAPIK STANLEY 6,5*45MM 0-64-917 - Espak E-pood<\/title>\n<meta name=\"robots\" content=\"index, follow, max-snippet:-1, max-image-preview:large, max-video-preview:-1\" \/>\n<link rel=\"canonical\" href=\"https:\/\/espak.ee\/epood\/toode\/kruvikeeraja-lapik-stanley-6545mm-0-64-917\/\" \/>\n<meta property=\"og:locale\" content=\"et_EE\" \/>\n<meta property=\"og:type\" content=\"article\" \/>\n<meta property=\"og:title\" content=\"KRUVIKEERAJA LAPIK STANLEY 6,5*45MM 0-64-917 - Espak E-pood\" \/>\n<meta property=\"og:url\" content=\"https:\/\/espak.ee\/epood\/toode\/kruvikeeraja-lapik-stanley-6545mm-0-64-917\/\" \/>\n<meta property=\"og:site_name\" content=\"Espak E-pood\" \/>\n<meta property=\"article:modified_time\" content=\"2024-03-23T02:34:07+00:00\" \/>\n<meta property=\"og:image\" content=\"https:\/\/espak.ee\/epood\/wp-content\/uploads\/2022\/02\/0-64-917_2-2.jpg\" \/>\n\t<meta property=\"og:image:width\" content=\"800\" \/>\n\t<meta property=\"og:image:height\" content=\"800\" \/>\n\t<meta property=\"og:image:type\" content=\"image\/jpeg\" \/>\n<meta name=\"twitter:card\" content=\"summary_large_image\" \/>\n<script type=\"application\/ld+json\" class=\"yoast-schema-graph\">{\"@context\":\"https:\/\/schema.org\",\"@graph\":[{\"@type\":\"WebPage\",\"@id\":\"https:\/\/espak.ee\/epood\/toode\/kruvikeeraja-lapik-stanley-6545mm-0-64-917\/\",\"url\":\"https:\/\/espak.ee\/epood\/toode\/kruvikeeraja-lapik-stanley-6545mm-0-64-917\/\",\"name\":\"KRUVIKEERAJA LAPIK STANLEY 6,5*45MM 0-64-917 - Espak E-pood\",\"isPartOf\":{\"@id\":\"https:\/\/espak.ee\/epood\/#website\"},\"primaryImageOfPage\":{\"@id\":\"https:\/\/espak.ee\/epood\/toode\/kruvikeeraja-lapik-stanley-6545mm-0-64-917\/#primaryimage\"},\"image\":{\"@id\":\"https:\/\/espak.ee\/epood\/toode\/kruvikeeraja-lapik-stanley-6545mm-0-64-917\/#primaryimage\"},\"thumbnailUrl\":\"https:\/\/espak.ee\/epood\/wp-content\/uploads\/2022\/02\/0-64-917_2-2.jpg\",\"datePublished\":\"2022-02-15T06:19:09+00:00\",\"dateModified\":\"2024-03-23T02:34:07+00:00\",\"breadcrumb\":{\"@id\":\"https:\/\/espak.ee\/epood\/toode\/kruvikeeraja-lapik-stanley-6545mm-0-64-917\/#breadcrumb\"},\"inLanguage\":\"et\",\"potentialAction\":[{\"@type\":\"ReadAction\",\"target\":[\"https:\/\/espak.ee\/epood\/toode\/kruvikeeraja-lapik-stanley-6545mm-0-64-917\/\"]}]},{\"@type\":\"ImageObject\",\"inLanguage\":\"et\",\"@id\":\"https:\/\/espak.ee\/epood\/toode\/kruvikeeraja-lapik-stanley-6545mm-0-64-917\/#primaryimage\",\"url\":\"https:\/\/espak.ee\/epood\/wp-content\/uploads\/2022\/02\/0-64-917_2-2.jpg\",\"contentUrl\":\"https:\/\/espak.ee\/epood\/wp-content\/uploads\/2022\/02\/0-64-917_2-2.jpg\",\"width\":800,\"height\":800},{\"@type\":\"BreadcrumbList\",\"@id\":\"https:\/\/espak.ee\/epood\/toode\/kruvikeeraja-lapik-stanley-6545mm-0-64-917\/#breadcrumb\",\"itemListElement\":[{\"@type\":\"ListItem\",\"position\":1,\"name\":\"Home\",\"item\":\"https:\/\/espak.ee\/epood\/\"},{\"@type\":\"ListItem\",\"position\":2,\"name\":\"Tootevalik\",\"item\":\"https:\/\/espak.ee\/epood\/tootevalik\/\"},{\"@type\":\"ListItem\",\"position\":3,\"name\":\"KRUVIKEERAJA LAPIK STANLEY 6,5*45MM 0-64-917\"}]},{\"@type\":\"WebSite\",\"@id\":\"https:\/\/espak.ee\/epood\/#website\",\"url\":\"https:\/\/espak.ee\/epood\/\",\"name\":\"Espak E-pood\",\"description\":\"\",\"potentialAction\":[{\"@type\":\"SearchAction\",\"target\":{\"@type\":\"EntryPoint\",\"urlTemplate\":\"https:\/\/espak.ee\/epood\/?s={search_term_string}\"},\"query-input\":{\"@type\":\"PropertyValueSpecification\",\"valueRequired\":true,\"valueName\":\"search_term_string\"}}],\"inLanguage\":\"et\"}]}<\/script>\n<!-- \/ Yoast SEO plugin. -->","yoast_head_json":{"title":"KRUVIKEERAJA LAPIK STANLEY 6,5*45MM 0-64-917 - Espak E-pood","robots":{"index":"index","follow":"follow","max-snippet":"max-snippet:-1","max-image-preview":"max-image-preview:large","max-video-preview":"max-video-preview:-1"},"canonical":"https:\/\/espak.ee\/epood\/toode\/kruvikeeraja-lapik-stanley-6545mm-0-64-917\/","og_locale":"et_EE","og_type":"article","og_title":"KRUVIKEERAJA LAPIK STANLEY 6,5*45MM 0-64-917 - Espak E-pood","og_url":"https:\/\/espak.ee\/epood\/toode\/kruvikeeraja-lapik-stanley-6545mm-0-64-917\/","og_site_name":"Espak E-pood","article_modified_time":"2024-03-23T02:34:07+00:00","og_image":[{"width":800,"height":800,"url":"https:\/\/espak.ee\/epood\/wp-content\/uploads\/2022\/02\/0-64-917_2-2.jpg","type":"image\/jpeg"}],"twitter_card":"summary_large_image","schema":{"@context":"https:\/\/schema.org","@graph":[{"@type":"WebPage","@id":"https:\/\/espak.ee\/epood\/toode\/kruvikeeraja-lapik-stanley-6545mm-0-64-917\/","url":"https:\/\/espak.ee\/epood\/toode\/kruvikeeraja-lapik-stanley-6545mm-0-64-917\/","name":"KRUVIKEERAJA LAPIK STANLEY 6,5*45MM 0-64-917 - Espak E-pood","isPartOf":{"@id":"https:\/\/espak.ee\/epood\/#website"},"primaryImageOfPage":{"@id":"https:\/\/espak.ee\/epood\/toode\/kruvikeeraja-lapik-stanley-6545mm-0-64-917\/#primaryimage"},"image":{"@id":"https:\/\/espak.ee\/epood\/toode\/kruvikeeraja-lapik-stanley-6545mm-0-64-917\/#primaryimage"},"thumbnailUrl":"https:\/\/espak.ee\/epood\/wp-content\/uploads\/2022\/02\/0-64-917_2-2.jpg","datePublished":"2022-02-15T06:19:09+00:00","dateModified":"2024-03-23T02:34:07+00:00","breadcrumb":{"@id":"https:\/\/espak.ee\/epood\/toode\/kruvikeeraja-lapik-stanley-6545mm-0-64-917\/#breadcrumb"},"inLanguage":"et","potentialAction":[{"@type":"ReadAction","target":["https:\/\/espak.ee\/epood\/toode\/kruvikeeraja-lapik-stanley-6545mm-0-64-917\/"]}]},{"@type":"ImageObject","inLanguage":"et","@id":"https:\/\/espak.ee\/epood\/toode\/kruvikeeraja-lapik-stanley-6545mm-0-64-917\/#primaryimage","url":"https:\/\/espak.ee\/epood\/wp-content\/uploads\/2022\/02\/0-64-917_2-2.jpg","contentUrl":"https:\/\/espak.ee\/epood\/wp-content\/uploads\/2022\/02\/0-64-917_2-2.jpg","width":800,"height":800},{"@type":"BreadcrumbList","@id":"https:\/\/espak.ee\/epood\/toode\/kruvikeeraja-lapik-stanley-6545mm-0-64-917\/#breadcrumb","itemListElement":[{"@type":"ListItem","position":1,"name":"Home","item":"https:\/\/espak.ee\/epood\/"},{"@type":"ListItem","position":2,"name":"Tootevalik","item":"https:\/\/espak.ee\/epood\/tootevalik\/"},{"@type":"ListItem","position":3,"name":"KRUVIKEERAJA LAPIK STANLEY 6,5*45MM 0-64-917"}]},{"@type":"WebSite","@id":"https:\/\/espak.ee\/epood\/#website","url":"https:\/\/espak.ee\/epood\/","name":"Espak E-pood","description":"","potentialAction":[{"@type":"SearchAction","target":{"@type":"EntryPoint","urlTemplate":"https:\/\/espak.ee\/epood\/?s={search_term_string}"},"query-input":{"@type":"PropertyValueSpecification","valueRequired":true,"valueName":"search_term_string"}}],"inLanguage":"et"}]}},"_links":{"self":[{"href":"https:\/\/espak.ee\/epood\/wp-json\/wp\/v2\/product\/108839","targetHints":{"allow":["GET"]}}],"collection":[{"href":"https:\/\/espak.ee\/epood\/wp-json\/wp\/v2\/product"}],"about":[{"href":"https:\/\/espak.ee\/epood\/wp-json\/wp\/v2\/types\/product"}],"replies":[{"embeddable":true,"href":"https:\/\/espak.ee\/epood\/wp-json\/wp\/v2\/comments?post=108839"}],"wp:featuredmedia":[{"embeddable":true,"href":"https:\/\/espak.ee\/epood\/wp-json\/wp\/v2\/media\/108965"}],"wp:attachment":[{"href":"https:\/\/espak.ee\/epood\/wp-json\/wp\/v2\/media?parent=108839"}],"wp:term":[{"taxonomy":"product_brand","embeddable":true,"href":"https:\/\/espak.ee\/epood\/wp-json\/wp\/v2\/product_brand?post=108839"},{"taxonomy":"product_cat","embeddable":true,"href":"https:\/\/espak.ee\/epood\/wp-json\/wp\/v2\/product_cat?post=108839"},{"taxonomy":"product_tag","embeddable":true,"href":"https:\/\/espak.ee\/epood\/wp-json\/wp\/v2\/product_tag?post=108839"}],"curies":[{"name":"wp","href":"https:\/\/api.w.org\/{rel}","templated":true}]}}