{"id":10849,"date":"2019-11-12T02:35:38","date_gmt":"2019-11-12T00:35:38","guid":{"rendered":"https:\/\/espak.ee\/hinnakiri\/?post_type=product&#038;p=10849"},"modified":"2026-03-21T10:08:57","modified_gmt":"2026-03-21T08:08:57","slug":"tapeedieemaldusvahend-kiilto-5l","status":"publish","type":"product","link":"https:\/\/espak.ee\/epood\/toode\/tapeedieemaldusvahend-kiilto-5l\/","title":{"rendered":"TAPEEDIEEMALDUSVAHEND KIILTO 5L"},"content":{"rendered":"<div class=\"row\"  id=\"row-287504132\">\n\n\t<div id=\"col-393821353\" class=\"col medium-9 small-12 large-9\"  >\n\t\t\t\t<div class=\"col-inner\"  >\n\t\t\t\n\t\t\t\n<h2>Kiilto Tapeedieemaldusvahend<\/h2>\n<p>Kasutusvalmis Kiilto Tapeedeemaldusvahend tselluloos- v\u00f5i t\u00e4rklisekliistriga kinnitatud paber- v\u00f5i fliistapeetide eemaldamiseks,<\/p>\n\t<div id=\"gap-1343719198\" class=\"gap-element clearfix\" style=\"display:block; height:auto;\">\n\t\t\n<style>\n#gap-1343719198 {\n  padding-top: 30px;\n}\n<\/style>\n\t<\/div>\n\t\n<h3>Kasutamise \u00fcksikasjad<\/h3>\n<p><strong>Kasutusalad:<\/strong> Kiilto Tapetinpoisto on valmissegatud tapeedieemaldaja, mida kasutatakse mittekootud tapeedi eemaldamiseks, kui on kasutatud tselluloosil v\u00f5i t\u00e4rklisel p\u00f5hinevat pastat. &#8211; vastab M1-emissiooni klassifikatsioonile &#8211; valmissegu, ei vaja ootamist &#8211; head pealekandmise omadused &#8211; hea m\u00e4rgavus &#8211; pikaajaline m\u00f5ju.<\/p>\n<p><strong>Kasutusjuhis:<\/strong> Tapeedieemaldaja kantakse tavaliselt pinnale 1 L\/4\u20135 m\u00b2 ja j\u00e4etakse imenduma 15\u201360 minutiks olenevalt tapeedi imavusest. P\u00e4rast k\u00fcllastumist hakkab tapeet maha kooruma ja selle v\u00f5ib k\u00e4sitsi maha t\u00f5mmata. Mitme tapeedikihi korral korrake toimingut v\u00f5i katke tapeedieemaldaja v\u00e4rske kiht plastkilega, et tagada parem m\u00e4rgumine. Pestava tapeedi pind tuleb enne Kiilto tapeedieemaldaja pealekandmist karestada. Vin\u00fc\u00fcltapeetide ja lamineeritud tapeetide plastikust kiht tuleb korralikuks m\u00e4rgamiseks eemaldada. Niiskustundlikke p\u00f5randakattematerjale tuleb k\u00e4itlemise ajal kaitsta. Ruumi- ja pinnatemperatuur +18\u201320\u00b0C. T\u00f6\u00f6tage toatemperatuuril. Laske Kiilto Tapetinpoistol kohaneda toatemperatuuriga. \u00dcmbritsevad tingimused, n\u00e4iteks ruumi ja tapeedi temperatuur, aluspinna kvaliteet ja niiskus ning pealekantud Kiilto Tapetinpoisto kogus m\u00f5jutavad l\u00f5pptulemust oluliselt. Seet\u00f5ttu tuleb meie soovitusi k\u00e4sitada vaid juhistena.<\/p>\n<p><strong>Keskkond ja ohutus:<\/strong> V\u00e4ltige kuivamata toote kokkupuudet nahaga, kasutage kaitsekindaid. Tutvuge tooteohutuskaardiga.<\/p>\n\t\t<\/div>\n\t\t\t\t\t<\/div>\n\n\t\n\n\t<div id=\"col-1777971402\" class=\"col medium-3 small-12 large-3\"  >\n\t\t\t\t<div class=\"col-inner\"  >\n\t\t\t\n\t\t\t\n\t<div id=\"gap-465835523\" class=\"gap-element clearfix\" style=\"display:block; height:auto;\">\n\t\t\n<style>\n#gap-465835523 {\n  padding-top: 30px;\n}\n<\/style>\n\t<\/div>\n\t\n<h3>Tehniline informatsioon<\/h3>\n<p><a href=\"https:\/\/espak.ee\/epood\/wp-content\/uploads\/tap.eemaldusvahend-tooteleht.pdf\" target=\"_blank\" rel=\"noopener noreferrer\"><i class=\"far fa-file-pdf\"><\/i> Tehniline info (PDF)<\/a><\/p>\n<h3>Ohutusalane teave<\/h3>\n<p><a href=\"https:\/\/espak.ee\/epood\/wp-content\/uploads\/tap.eemaldusvahend-ohutuskaart.pdf\" target=\"_blank\" rel=\"noopener noreferrer\"><i class=\"far fa-file-pdf\"><\/i> Ohutusalane teave (PDF)<\/a><\/p>\n<div class=\"is-divider divider clearfix\" ><\/div>\n<p><strong>\u00dcksikasjalikuma n\u00f5u saamiseks v\u00f5tke \u00fchendust:<br \/><\/strong>Kiilto Eesti O\u00dc<br \/>L\u00e4ike tee 4<br \/>75312<br \/>Rae vald<br \/>(+372) 60 31 900<\/p>\n<div class=\"is-divider divider clearfix\" ><\/div>\n\t\t<\/div>\n\t\t\t\t\t<\/div>\n\n\t\n<\/div>\n","protected":false},"excerpt":{"rendered":"","protected":false},"featured_media":11306,"comment_status":"closed","ping_status":"open","template":"","meta":[],"product_brand":[],"product_cat":[2691,3441,2684,2683],"product_tag":[],"class_list":{"0":"post-10849","1":"product","2":"type-product","3":"status-publish","4":"has-post-thumbnail","6":"product_cat-lahustid","7":"product_cat-lahustid-ja-pesuained","8":"product_cat-varvid-lakid-lahustid-puidukaitsed-olid","9":"product_cat-viimistluskaubad","10":"product_shipping_class-dpd-cold","11":"pa_kaubamark-kiilto-eesti-ou","13":"first","14":"instock","15":"sale","16":"taxable","17":"shipping-taxable","18":"purchasable","19":"product-type-simple"},"yoast_head":"<!-- This site is optimized with the Yoast SEO plugin v26.9 - https:\/\/yoast.com\/product\/yoast-seo-wordpress\/ -->\n<title>TAPEEDIEEMALDUSVAHEND KIILTO 5L - Espak E-pood<\/title>\n<meta name=\"robots\" content=\"index, follow, max-snippet:-1, max-image-preview:large, max-video-preview:-1\" \/>\n<link rel=\"canonical\" href=\"https:\/\/espak.ee\/epood\/toode\/tapeedieemaldusvahend-kiilto-5l\/\" \/>\n<meta property=\"og:locale\" content=\"et_EE\" \/>\n<meta property=\"og:type\" content=\"article\" \/>\n<meta property=\"og:title\" content=\"TAPEEDIEEMALDUSVAHEND KIILTO 5L - Espak E-pood\" \/>\n<meta property=\"og:url\" content=\"https:\/\/espak.ee\/epood\/toode\/tapeedieemaldusvahend-kiilto-5l\/\" \/>\n<meta property=\"og:site_name\" content=\"Espak E-pood\" \/>\n<meta property=\"article:modified_time\" content=\"2026-03-21T08:08:57+00:00\" \/>\n<meta property=\"og:image\" content=\"https:\/\/espak.ee\/epood\/wp-content\/uploads\/tap.eemaldusvahend.png\" \/>\n\t<meta property=\"og:image:width\" content=\"800\" \/>\n\t<meta property=\"og:image:height\" content=\"800\" \/>\n\t<meta property=\"og:image:type\" content=\"image\/png\" \/>\n<meta name=\"twitter:card\" content=\"summary_large_image\" \/>\n<meta name=\"twitter:label1\" content=\"Est. reading time\" \/>\n\t<meta name=\"twitter:data1\" content=\"1 minut\" \/>\n<script type=\"application\/ld+json\" class=\"yoast-schema-graph\">{\"@context\":\"https:\/\/schema.org\",\"@graph\":[{\"@type\":\"WebPage\",\"@id\":\"https:\/\/espak.ee\/epood\/toode\/tapeedieemaldusvahend-kiilto-5l\/\",\"url\":\"https:\/\/espak.ee\/epood\/toode\/tapeedieemaldusvahend-kiilto-5l\/\",\"name\":\"TAPEEDIEEMALDUSVAHEND KIILTO 5L - Espak E-pood\",\"isPartOf\":{\"@id\":\"https:\/\/espak.ee\/epood\/#website\"},\"primaryImageOfPage\":{\"@id\":\"https:\/\/espak.ee\/epood\/toode\/tapeedieemaldusvahend-kiilto-5l\/#primaryimage\"},\"image\":{\"@id\":\"https:\/\/espak.ee\/epood\/toode\/tapeedieemaldusvahend-kiilto-5l\/#primaryimage\"},\"thumbnailUrl\":\"https:\/\/espak.ee\/epood\/wp-content\/uploads\/tap.eemaldusvahend.png\",\"datePublished\":\"2019-11-12T00:35:38+00:00\",\"dateModified\":\"2026-03-21T08:08:57+00:00\",\"breadcrumb\":{\"@id\":\"https:\/\/espak.ee\/epood\/toode\/tapeedieemaldusvahend-kiilto-5l\/#breadcrumb\"},\"inLanguage\":\"et\",\"potentialAction\":[{\"@type\":\"ReadAction\",\"target\":[\"https:\/\/espak.ee\/epood\/toode\/tapeedieemaldusvahend-kiilto-5l\/\"]}]},{\"@type\":\"ImageObject\",\"inLanguage\":\"et\",\"@id\":\"https:\/\/espak.ee\/epood\/toode\/tapeedieemaldusvahend-kiilto-5l\/#primaryimage\",\"url\":\"https:\/\/espak.ee\/epood\/wp-content\/uploads\/tap.eemaldusvahend.png\",\"contentUrl\":\"https:\/\/espak.ee\/epood\/wp-content\/uploads\/tap.eemaldusvahend.png\",\"width\":800,\"height\":800},{\"@type\":\"BreadcrumbList\",\"@id\":\"https:\/\/espak.ee\/epood\/toode\/tapeedieemaldusvahend-kiilto-5l\/#breadcrumb\",\"itemListElement\":[{\"@type\":\"ListItem\",\"position\":1,\"name\":\"Home\",\"item\":\"https:\/\/espak.ee\/epood\/\"},{\"@type\":\"ListItem\",\"position\":2,\"name\":\"Tootevalik\",\"item\":\"https:\/\/espak.ee\/epood\/tootevalik\/\"},{\"@type\":\"ListItem\",\"position\":3,\"name\":\"TAPEEDIEEMALDUSVAHEND KIILTO 5L\"}]},{\"@type\":\"WebSite\",\"@id\":\"https:\/\/espak.ee\/epood\/#website\",\"url\":\"https:\/\/espak.ee\/epood\/\",\"name\":\"Espak E-pood\",\"description\":\"\",\"potentialAction\":[{\"@type\":\"SearchAction\",\"target\":{\"@type\":\"EntryPoint\",\"urlTemplate\":\"https:\/\/espak.ee\/epood\/?s={search_term_string}\"},\"query-input\":{\"@type\":\"PropertyValueSpecification\",\"valueRequired\":true,\"valueName\":\"search_term_string\"}}],\"inLanguage\":\"et\"}]}<\/script>\n<!-- \/ Yoast SEO plugin. -->","yoast_head_json":{"title":"TAPEEDIEEMALDUSVAHEND KIILTO 5L - Espak E-pood","robots":{"index":"index","follow":"follow","max-snippet":"max-snippet:-1","max-image-preview":"max-image-preview:large","max-video-preview":"max-video-preview:-1"},"canonical":"https:\/\/espak.ee\/epood\/toode\/tapeedieemaldusvahend-kiilto-5l\/","og_locale":"et_EE","og_type":"article","og_title":"TAPEEDIEEMALDUSVAHEND KIILTO 5L - Espak E-pood","og_url":"https:\/\/espak.ee\/epood\/toode\/tapeedieemaldusvahend-kiilto-5l\/","og_site_name":"Espak E-pood","article_modified_time":"2026-03-21T08:08:57+00:00","og_image":[{"width":800,"height":800,"url":"https:\/\/espak.ee\/epood\/wp-content\/uploads\/tap.eemaldusvahend.png","type":"image\/png"}],"twitter_card":"summary_large_image","twitter_misc":{"Est. reading time":"1 minut"},"schema":{"@context":"https:\/\/schema.org","@graph":[{"@type":"WebPage","@id":"https:\/\/espak.ee\/epood\/toode\/tapeedieemaldusvahend-kiilto-5l\/","url":"https:\/\/espak.ee\/epood\/toode\/tapeedieemaldusvahend-kiilto-5l\/","name":"TAPEEDIEEMALDUSVAHEND KIILTO 5L - Espak E-pood","isPartOf":{"@id":"https:\/\/espak.ee\/epood\/#website"},"primaryImageOfPage":{"@id":"https:\/\/espak.ee\/epood\/toode\/tapeedieemaldusvahend-kiilto-5l\/#primaryimage"},"image":{"@id":"https:\/\/espak.ee\/epood\/toode\/tapeedieemaldusvahend-kiilto-5l\/#primaryimage"},"thumbnailUrl":"https:\/\/espak.ee\/epood\/wp-content\/uploads\/tap.eemaldusvahend.png","datePublished":"2019-11-12T00:35:38+00:00","dateModified":"2026-03-21T08:08:57+00:00","breadcrumb":{"@id":"https:\/\/espak.ee\/epood\/toode\/tapeedieemaldusvahend-kiilto-5l\/#breadcrumb"},"inLanguage":"et","potentialAction":[{"@type":"ReadAction","target":["https:\/\/espak.ee\/epood\/toode\/tapeedieemaldusvahend-kiilto-5l\/"]}]},{"@type":"ImageObject","inLanguage":"et","@id":"https:\/\/espak.ee\/epood\/toode\/tapeedieemaldusvahend-kiilto-5l\/#primaryimage","url":"https:\/\/espak.ee\/epood\/wp-content\/uploads\/tap.eemaldusvahend.png","contentUrl":"https:\/\/espak.ee\/epood\/wp-content\/uploads\/tap.eemaldusvahend.png","width":800,"height":800},{"@type":"BreadcrumbList","@id":"https:\/\/espak.ee\/epood\/toode\/tapeedieemaldusvahend-kiilto-5l\/#breadcrumb","itemListElement":[{"@type":"ListItem","position":1,"name":"Home","item":"https:\/\/espak.ee\/epood\/"},{"@type":"ListItem","position":2,"name":"Tootevalik","item":"https:\/\/espak.ee\/epood\/tootevalik\/"},{"@type":"ListItem","position":3,"name":"TAPEEDIEEMALDUSVAHEND KIILTO 5L"}]},{"@type":"WebSite","@id":"https:\/\/espak.ee\/epood\/#website","url":"https:\/\/espak.ee\/epood\/","name":"Espak E-pood","description":"","potentialAction":[{"@type":"SearchAction","target":{"@type":"EntryPoint","urlTemplate":"https:\/\/espak.ee\/epood\/?s={search_term_string}"},"query-input":{"@type":"PropertyValueSpecification","valueRequired":true,"valueName":"search_term_string"}}],"inLanguage":"et"}]}},"_links":{"self":[{"href":"https:\/\/espak.ee\/epood\/wp-json\/wp\/v2\/product\/10849","targetHints":{"allow":["GET"]}}],"collection":[{"href":"https:\/\/espak.ee\/epood\/wp-json\/wp\/v2\/product"}],"about":[{"href":"https:\/\/espak.ee\/epood\/wp-json\/wp\/v2\/types\/product"}],"replies":[{"embeddable":true,"href":"https:\/\/espak.ee\/epood\/wp-json\/wp\/v2\/comments?post=10849"}],"wp:featuredmedia":[{"embeddable":true,"href":"https:\/\/espak.ee\/epood\/wp-json\/wp\/v2\/media\/11306"}],"wp:attachment":[{"href":"https:\/\/espak.ee\/epood\/wp-json\/wp\/v2\/media?parent=10849"}],"wp:term":[{"taxonomy":"product_brand","embeddable":true,"href":"https:\/\/espak.ee\/epood\/wp-json\/wp\/v2\/product_brand?post=10849"},{"taxonomy":"product_cat","embeddable":true,"href":"https:\/\/espak.ee\/epood\/wp-json\/wp\/v2\/product_cat?post=10849"},{"taxonomy":"product_tag","embeddable":true,"href":"https:\/\/espak.ee\/epood\/wp-json\/wp\/v2\/product_tag?post=10849"}],"curies":[{"name":"wp","href":"https:\/\/api.w.org\/{rel}","templated":true}]}}