{"id":10834,"date":"2019-11-12T02:35:38","date_gmt":"2019-11-12T00:35:38","guid":{"rendered":"https:\/\/espak.ee\/hinnakiri\/?post_type=product&#038;p=10834"},"modified":"2026-03-21T15:20:04","modified_gmt":"2026-03-21T13:20:04","slug":"kiirpahtel-kiilto-quick-250ml","status":"publish","type":"product","link":"https:\/\/espak.ee\/epood\/toode\/kiirpahtel-kiilto-quick-250ml\/","title":{"rendered":"KIIRPAHTEL KIILTO QUICK 250ML"},"content":{"rendered":"<div class=\"row\"  id=\"row-827659059\">\n\n\t<div id=\"col-150808832\" class=\"col medium-9 small-12 large-9\"  >\n\t\t\t\t<div class=\"col-inner\"  >\n\t\t\t\n\t\t\t\n<h2>Kiilto Quick Kiirpahtel<\/h2>\n<p>Kiiresti kuivav, kasutusvalmis t\u00e4itepahtel siseruumides seinte, lagede ja puitpindade (nt uksepiidad ja aknaraamid) tasandamiseks. Nakkub h\u00e4sti ka v\u00e4rvitud pindadega. V\u00e4iksemad m\u00f5lgid ja kriimustused, max 1 mm. Veeslahustuv.<\/p>\n<div class=\"message-box relative\" style=\"padding-top:15px;padding-bottom:15px;\"><div class=\"message-box-bg-image bg-fill fill\" ><\/div><div class=\"message-box-bg-overlay bg-fill fill\" ><\/div><div class=\"container relative\"><div class=\"inner last-reset\">\n<div class=\"row align-middle align-center\"  id=\"row-871815500\">\n\n\t<div id=\"col-1794849780\" class=\"col small-12 large-12\"  >\n\t\t\t\t<div class=\"col-inner text-left\"  >\n\t\t\t\n\t\t\t\n<h4>Omadused<\/h4>\n<div class=\"row\"  id=\"row-1256874447\">\n\n\t<div id=\"col-1150251439\" class=\"col medium-6 small-12 large-6\"  >\n\t\t\t\t<div class=\"col-inner\"  >\n\t\t\t\n\t\t\t\n<p><i class=\"fa fa-check fa-2x\"><\/i> <strong>Kriimustuste ja v\u00e4iksemate m\u00f5lkide t\u00e4itmiseks<\/strong><\/p>\n<p><i class=\"fa fa-check fa-2x\"><\/i> <strong>Sobib ka puitpindadele<\/strong><\/p>\n\t\t<\/div>\n\t\t\t\t\n<style>\n#col-1150251439 > .col-inner {\n  margin: 0px 0px 15px 0px;\n}\n<\/style>\n\t<\/div>\n\n\t\n<\/div>\n\t\t<\/div>\n\t\t\t\t\t<\/div>\n\n\t\n<\/div>\n<\/div><\/div><\/div>\n\t<div id=\"gap-26019954\" class=\"gap-element clearfix\" style=\"display:block; height:auto;\">\n\t\t\n<style>\n#gap-26019954 {\n  padding-top: 30px;\n}\n<\/style>\n\t<\/div>\n\t\n<h3>Kasutamise \u00fcksikasjad<\/h3>\n<p><strong>Kasutusalad:<\/strong> Kiilto Quick on kiiresti kuivav, veep\u00f5hine kasutusvalmis t\u00e4itepahtel seinte ja lagede viimistlemiseks enne v\u00e4rvimist v\u00f5i tapeetimist. V\u00f5ib kasutada ka puitpindade tasandamiseks enne v\u00e4rvimist (nt uksed ja m\u00f6\u00f6bel).<\/p>\n<p><strong>Kasutusjuhis:<\/strong> T\u00f6\u00f6deldav pind peab olema puhas, kuiv ja tolmuvaba. Kui on vaja kahte kihti, peab esimene kiht olema enne j\u00e4rgmise pealekandmist kuivanud. Vajadusel tuleb pind enne j\u00e4rgmise kihi pealekandmist lihvida ja kogu lihvimistolm hoolikalt eemaldada.<br \/>\nKiilto Quick on kasutusvalmis t\u00e4itepahtel. Kandke peale metallist pahtlilabidaga. Kuivanud pinda saab h\u00f5lpsalt lihvida.<\/p>\n<p><strong>Keskkond ja ohutus:<\/strong> V\u00e4ltige kuivamata toote kokkupuudet nahaga, kasutage kaitsekindaid. Tutvuge tooteohutuskaardiga.<\/p>\n\t\t<\/div>\n\t\t\t\t\t<\/div>\n\n\t\n\n\t<div id=\"col-635267983\" class=\"col medium-3 small-12 large-3\"  >\n\t\t\t\t<div class=\"col-inner\"  >\n\t\t\t\n\t\t\t\n\t<div id=\"gap-1164817348\" class=\"gap-element clearfix\" style=\"display:block; height:auto;\">\n\t\t\n<style>\n#gap-1164817348 {\n  padding-top: 30px;\n}\n<\/style>\n\t<\/div>\n\t\n<h3>Tehniline informatsioon<\/h3>\n<p><a href=\"https:\/\/espak.ee\/epood\/wp-content\/uploads\/quick-tooteleht.pdf\" target=\"_blank\" rel=\"noopener noreferrer\"><i class=\"far fa-file-pdf\"><\/i> Tehniline info (PDF)<\/a><\/p>\n<h3>Ohutusalane teave<\/h3>\n<p><a href=\"https:\/\/espak.ee\/epood\/wp-content\/uploads\/quick-ohutuskaart.pdf\" target=\"_blank\" rel=\"noopener noreferrer\"><i class=\"far fa-file-pdf\"><\/i> Ohutusalane teave (PDF)<\/a><\/p>\n<div class=\"is-divider divider clearfix\" ><\/div>\n<p><strong>\u00dcksikasjalikuma n\u00f5u saamiseks v\u00f5tke \u00fchendust:<br \/><\/strong>Kiilto Eesti O\u00dc<br \/>L\u00e4ike tee 4<br \/>75312<br \/>Rae vald<br \/>(+372) 60 31 900<\/p>\n<div class=\"is-divider divider clearfix\" ><\/div>\n\t\t<\/div>\n\t\t\t\t\t<\/div>\n\n\t\n<\/div>\n","protected":false},"excerpt":{"rendered":"","protected":false},"featured_media":11266,"comment_status":"closed","ping_status":"open","template":"","meta":[],"product_brand":[],"product_cat":[2698,2699,2697,2700],"product_tag":[],"class_list":{"0":"post-10834","1":"product","2":"type-product","3":"status-publish","4":"has-post-thumbnail","6":"product_cat-pahtlid-ja-kuivsegud","7":"product_cat-sisepahtlid","8":"product_cat-uldehitus","9":"product_cat-valmispahtlid","10":"pa_kaubamark-kiilto-eesti-ou","12":"first","13":"instock","14":"sale","15":"taxable","16":"shipping-taxable","17":"purchasable","18":"product-type-simple"},"yoast_head":"<!-- This site is optimized with the Yoast SEO plugin v26.9 - https:\/\/yoast.com\/product\/yoast-seo-wordpress\/ -->\n<title>KIIRPAHTEL KIILTO QUICK 250ML - Espak E-pood<\/title>\n<meta name=\"robots\" content=\"index, follow, max-snippet:-1, max-image-preview:large, max-video-preview:-1\" \/>\n<link rel=\"canonical\" href=\"https:\/\/espak.ee\/epood\/toode\/kiirpahtel-kiilto-quick-250ml\/\" \/>\n<meta property=\"og:locale\" content=\"et_EE\" \/>\n<meta property=\"og:type\" content=\"article\" \/>\n<meta property=\"og:title\" content=\"KIIRPAHTEL KIILTO QUICK 250ML - Espak E-pood\" \/>\n<meta property=\"og:url\" content=\"https:\/\/espak.ee\/epood\/toode\/kiirpahtel-kiilto-quick-250ml\/\" \/>\n<meta property=\"og:site_name\" content=\"Espak E-pood\" \/>\n<meta property=\"article:modified_time\" content=\"2026-03-21T13:20:04+00:00\" \/>\n<meta property=\"og:image\" content=\"https:\/\/espak.ee\/epood\/wp-content\/uploads\/quick.png\" \/>\n\t<meta property=\"og:image:width\" content=\"800\" \/>\n\t<meta property=\"og:image:height\" content=\"800\" \/>\n\t<meta property=\"og:image:type\" content=\"image\/png\" \/>\n<meta name=\"twitter:card\" content=\"summary_large_image\" \/>\n<meta name=\"twitter:label1\" content=\"Est. reading time\" \/>\n\t<meta name=\"twitter:data1\" content=\"1 minut\" \/>\n<script type=\"application\/ld+json\" class=\"yoast-schema-graph\">{\"@context\":\"https:\/\/schema.org\",\"@graph\":[{\"@type\":\"WebPage\",\"@id\":\"https:\/\/espak.ee\/epood\/toode\/kiirpahtel-kiilto-quick-250ml\/\",\"url\":\"https:\/\/espak.ee\/epood\/toode\/kiirpahtel-kiilto-quick-250ml\/\",\"name\":\"KIIRPAHTEL KIILTO QUICK 250ML - Espak E-pood\",\"isPartOf\":{\"@id\":\"https:\/\/espak.ee\/epood\/#website\"},\"primaryImageOfPage\":{\"@id\":\"https:\/\/espak.ee\/epood\/toode\/kiirpahtel-kiilto-quick-250ml\/#primaryimage\"},\"image\":{\"@id\":\"https:\/\/espak.ee\/epood\/toode\/kiirpahtel-kiilto-quick-250ml\/#primaryimage\"},\"thumbnailUrl\":\"https:\/\/espak.ee\/epood\/wp-content\/uploads\/quick.png\",\"datePublished\":\"2019-11-12T00:35:38+00:00\",\"dateModified\":\"2026-03-21T13:20:04+00:00\",\"breadcrumb\":{\"@id\":\"https:\/\/espak.ee\/epood\/toode\/kiirpahtel-kiilto-quick-250ml\/#breadcrumb\"},\"inLanguage\":\"et\",\"potentialAction\":[{\"@type\":\"ReadAction\",\"target\":[\"https:\/\/espak.ee\/epood\/toode\/kiirpahtel-kiilto-quick-250ml\/\"]}]},{\"@type\":\"ImageObject\",\"inLanguage\":\"et\",\"@id\":\"https:\/\/espak.ee\/epood\/toode\/kiirpahtel-kiilto-quick-250ml\/#primaryimage\",\"url\":\"https:\/\/espak.ee\/epood\/wp-content\/uploads\/quick.png\",\"contentUrl\":\"https:\/\/espak.ee\/epood\/wp-content\/uploads\/quick.png\",\"width\":800,\"height\":800},{\"@type\":\"BreadcrumbList\",\"@id\":\"https:\/\/espak.ee\/epood\/toode\/kiirpahtel-kiilto-quick-250ml\/#breadcrumb\",\"itemListElement\":[{\"@type\":\"ListItem\",\"position\":1,\"name\":\"Home\",\"item\":\"https:\/\/espak.ee\/epood\/\"},{\"@type\":\"ListItem\",\"position\":2,\"name\":\"Tootevalik\",\"item\":\"https:\/\/espak.ee\/epood\/tootevalik\/\"},{\"@type\":\"ListItem\",\"position\":3,\"name\":\"KIIRPAHTEL KIILTO QUICK 250ML\"}]},{\"@type\":\"WebSite\",\"@id\":\"https:\/\/espak.ee\/epood\/#website\",\"url\":\"https:\/\/espak.ee\/epood\/\",\"name\":\"Espak E-pood\",\"description\":\"\",\"potentialAction\":[{\"@type\":\"SearchAction\",\"target\":{\"@type\":\"EntryPoint\",\"urlTemplate\":\"https:\/\/espak.ee\/epood\/?s={search_term_string}\"},\"query-input\":{\"@type\":\"PropertyValueSpecification\",\"valueRequired\":true,\"valueName\":\"search_term_string\"}}],\"inLanguage\":\"et\"}]}<\/script>\n<!-- \/ Yoast SEO plugin. -->","yoast_head_json":{"title":"KIIRPAHTEL KIILTO QUICK 250ML - Espak E-pood","robots":{"index":"index","follow":"follow","max-snippet":"max-snippet:-1","max-image-preview":"max-image-preview:large","max-video-preview":"max-video-preview:-1"},"canonical":"https:\/\/espak.ee\/epood\/toode\/kiirpahtel-kiilto-quick-250ml\/","og_locale":"et_EE","og_type":"article","og_title":"KIIRPAHTEL KIILTO QUICK 250ML - Espak E-pood","og_url":"https:\/\/espak.ee\/epood\/toode\/kiirpahtel-kiilto-quick-250ml\/","og_site_name":"Espak E-pood","article_modified_time":"2026-03-21T13:20:04+00:00","og_image":[{"width":800,"height":800,"url":"https:\/\/espak.ee\/epood\/wp-content\/uploads\/quick.png","type":"image\/png"}],"twitter_card":"summary_large_image","twitter_misc":{"Est. reading time":"1 minut"},"schema":{"@context":"https:\/\/schema.org","@graph":[{"@type":"WebPage","@id":"https:\/\/espak.ee\/epood\/toode\/kiirpahtel-kiilto-quick-250ml\/","url":"https:\/\/espak.ee\/epood\/toode\/kiirpahtel-kiilto-quick-250ml\/","name":"KIIRPAHTEL KIILTO QUICK 250ML - Espak E-pood","isPartOf":{"@id":"https:\/\/espak.ee\/epood\/#website"},"primaryImageOfPage":{"@id":"https:\/\/espak.ee\/epood\/toode\/kiirpahtel-kiilto-quick-250ml\/#primaryimage"},"image":{"@id":"https:\/\/espak.ee\/epood\/toode\/kiirpahtel-kiilto-quick-250ml\/#primaryimage"},"thumbnailUrl":"https:\/\/espak.ee\/epood\/wp-content\/uploads\/quick.png","datePublished":"2019-11-12T00:35:38+00:00","dateModified":"2026-03-21T13:20:04+00:00","breadcrumb":{"@id":"https:\/\/espak.ee\/epood\/toode\/kiirpahtel-kiilto-quick-250ml\/#breadcrumb"},"inLanguage":"et","potentialAction":[{"@type":"ReadAction","target":["https:\/\/espak.ee\/epood\/toode\/kiirpahtel-kiilto-quick-250ml\/"]}]},{"@type":"ImageObject","inLanguage":"et","@id":"https:\/\/espak.ee\/epood\/toode\/kiirpahtel-kiilto-quick-250ml\/#primaryimage","url":"https:\/\/espak.ee\/epood\/wp-content\/uploads\/quick.png","contentUrl":"https:\/\/espak.ee\/epood\/wp-content\/uploads\/quick.png","width":800,"height":800},{"@type":"BreadcrumbList","@id":"https:\/\/espak.ee\/epood\/toode\/kiirpahtel-kiilto-quick-250ml\/#breadcrumb","itemListElement":[{"@type":"ListItem","position":1,"name":"Home","item":"https:\/\/espak.ee\/epood\/"},{"@type":"ListItem","position":2,"name":"Tootevalik","item":"https:\/\/espak.ee\/epood\/tootevalik\/"},{"@type":"ListItem","position":3,"name":"KIIRPAHTEL KIILTO QUICK 250ML"}]},{"@type":"WebSite","@id":"https:\/\/espak.ee\/epood\/#website","url":"https:\/\/espak.ee\/epood\/","name":"Espak E-pood","description":"","potentialAction":[{"@type":"SearchAction","target":{"@type":"EntryPoint","urlTemplate":"https:\/\/espak.ee\/epood\/?s={search_term_string}"},"query-input":{"@type":"PropertyValueSpecification","valueRequired":true,"valueName":"search_term_string"}}],"inLanguage":"et"}]}},"_links":{"self":[{"href":"https:\/\/espak.ee\/epood\/wp-json\/wp\/v2\/product\/10834","targetHints":{"allow":["GET"]}}],"collection":[{"href":"https:\/\/espak.ee\/epood\/wp-json\/wp\/v2\/product"}],"about":[{"href":"https:\/\/espak.ee\/epood\/wp-json\/wp\/v2\/types\/product"}],"replies":[{"embeddable":true,"href":"https:\/\/espak.ee\/epood\/wp-json\/wp\/v2\/comments?post=10834"}],"wp:featuredmedia":[{"embeddable":true,"href":"https:\/\/espak.ee\/epood\/wp-json\/wp\/v2\/media\/11266"}],"wp:attachment":[{"href":"https:\/\/espak.ee\/epood\/wp-json\/wp\/v2\/media?parent=10834"}],"wp:term":[{"taxonomy":"product_brand","embeddable":true,"href":"https:\/\/espak.ee\/epood\/wp-json\/wp\/v2\/product_brand?post=10834"},{"taxonomy":"product_cat","embeddable":true,"href":"https:\/\/espak.ee\/epood\/wp-json\/wp\/v2\/product_cat?post=10834"},{"taxonomy":"product_tag","embeddable":true,"href":"https:\/\/espak.ee\/epood\/wp-json\/wp\/v2\/product_tag?post=10834"}],"curies":[{"name":"wp","href":"https:\/\/api.w.org\/{rel}","templated":true}]}}