{"id":10832,"date":"2019-11-12T02:35:29","date_gmt":"2019-11-12T00:35:29","guid":{"rendered":"https:\/\/espak.ee\/hinnakiri\/?post_type=product&#038;p=10832"},"modified":"2026-01-27T23:45:10","modified_gmt":"2026-01-27T21:45:10","slug":"taitepahtel-kiilto-max-repair-filler-400ml","status":"publish","type":"product","link":"https:\/\/espak.ee\/epood\/toode\/taitepahtel-kiilto-max-repair-filler-400ml\/","title":{"rendered":"T\u00c4ITEPAHTEL KIILTO MAX REPAIR FILLER 400ML"},"content":{"rendered":"<div class=\"row\"  id=\"row-2078662203\">\n\n\t<div id=\"col-394128231\" class=\"col medium-9 small-12 large-9\"  >\n\t\t\t\t<div class=\"col-inner\"  >\n\t\t\t\n\t\t\t\n<h2>Kiilto Max T\u00e4itepahtel<\/h2>\n<p>Kiilto Max on kasutusvalmis t\u00e4itepahtel suurte aukude t\u00e4itmiseks ning seinte ja lagede tasandamiseks kuivades alades. Max 25 mm. Veeslahustuv<\/p>\n<div class=\"message-box relative\" style=\"padding-top:15px;padding-bottom:15px;\"><div class=\"message-box-bg-image bg-fill fill\" ><\/div><div class=\"message-box-bg-overlay bg-fill fill\" ><\/div><div class=\"container relative\"><div class=\"inner last-reset\">\n<div class=\"row align-middle align-center\"  id=\"row-1155880740\">\n\n\t<div id=\"col-1382924270\" class=\"col small-12 large-12\"  >\n\t\t\t\t<div class=\"col-inner text-left\"  >\n\t\t\t\n\t\t\t\n<h4>Omadused<\/h4>\n<div class=\"row\"  id=\"row-293572483\">\n\n\t<div id=\"col-2102320569\" class=\"col medium-6 small-12 large-6\"  >\n\t\t\t\t<div class=\"col-inner\"  >\n\t\t\t\n\t\t\t\n<p><i class=\"fa fa-check fa-2x\"><\/i> <strong>Max 25 mm t\u00e4idistele<\/strong><\/p>\n<p><i class=\"fa fa-check fa-2x\"><\/i> <strong>\u00dclelihvitav 2\u20133 h p\u00e4rast t\u00e4itmist<\/strong><\/p>\n\t\t<\/div>\n\t\t\t\t\n<style>\n#col-2102320569 > .col-inner {\n  margin: 0px 0px 15px 0px;\n}\n<\/style>\n\t<\/div>\n\n\t\n<\/div>\n\t\t<\/div>\n\t\t\t\t\t<\/div>\n\n\t\n<\/div>\n<\/div><\/div><\/div>\n\t<div id=\"gap-937682718\" class=\"gap-element clearfix\" style=\"display:block; height:auto;\">\n\t\t\n<style>\n#gap-937682718 {\n  padding-top: 30px;\n}\n<\/style>\n\t<\/div>\n\t\n<h3>Kasutamise \u00fcksikasjad<\/h3>\n<p><strong>Kasutusalad:<\/strong> Kiilto Max on veep\u00f5hine j\u00e4me t\u00e4itepahtel suurte aukude t\u00e4itmiseks seintel ja lagedel kuivades ruumides. Vajadusel saab tasandada Kiilto Maxi enne v\u00e4rvimist v\u00f5i tapeetimist peene pahtliga. Soovitame aluspinna enne tapeetimist \u00fcle v\u00e4rvida, see lihtsustab edasist tapeedi vahetamist. Vastab standardi EN 15824:2009 n\u00f5uetele. Kiilto Max sobib betooni, krohvi ja tasandussegu aukude t\u00e4itmiseks.<\/p>\n<p><strong>Kasutusjuhis:<\/strong> Pahteldatav pind peab olema puhas, kuiv ja tolmuvaba. Uue kihi v\u00f5ib peale kanda alles siis, kui eelmine on kuiv. Vajadusel tuleb pind enne j\u00e4rgmise kihi pealekandmist lihvida ja kogu lihvimistolm hoolikalt eemaldada.<br \/>\nKiilto Max on kasutusvalmis t\u00e4itepahtel. Kandke t\u00e4itepahtel pinnale metallist pahtlilabidaga. S\u00fcgavatesse aukudesse kandke kaks kihti. Kuivanud pinda saab lihtsasti lihvida.<\/p>\n<p><strong>Keskkond ja ohutus:<\/strong> V\u00e4ltige kuivamata toote kokkupuudet nahaga, kasutage kaitsekindaid. Tutvuge tooteohutuskaardiga.<\/p>\n\t\t<\/div>\n\t\t\t\t\t<\/div>\n\n\t\n\n\t<div id=\"col-988067661\" class=\"col medium-3 small-12 large-3\"  >\n\t\t\t\t<div class=\"col-inner\"  >\n\t\t\t\n\t\t\t\n\t<div id=\"gap-1018351301\" class=\"gap-element clearfix\" style=\"display:block; height:auto;\">\n\t\t\n<style>\n#gap-1018351301 {\n  padding-top: 30px;\n}\n<\/style>\n\t<\/div>\n\t\n<h3>Tehniline informatsioon<\/h3>\n<p><a href=\"https:\/\/espak.ee\/epood\/wp-content\/uploads\/max-tooteleht.pdf\" target=\"_blank\" rel=\"noopener noreferrer\"><i class=\"far fa-file-pdf\"><\/i> Tehniline info (PDF)<\/a><\/p>\n<h3>Ohutusalane teave<\/h3>\n<p><a href=\"https:\/\/espak.ee\/epood\/wp-content\/uploads\/max-ohutuskaart.pdf\" target=\"_blank\" rel=\"noopener noreferrer\"><i class=\"far fa-file-pdf\"><\/i> Ohutusalane teave (PDF)<\/a><\/p>\n<div class=\"is-divider divider clearfix\" ><\/div>\n<p><strong>\u00dcksikasjalikuma n\u00f5u saamiseks v\u00f5tke \u00fchendust:<br \/><\/strong>Kiilto Eesti O\u00dc<br \/>L\u00e4ike tee 4<br \/>75312<br \/>Rae vald<br \/>(+372) 60 31 900<\/p>\n<div class=\"is-divider divider clearfix\" ><\/div>\n\t\t<\/div>\n\t\t\t\t\t<\/div>\n\n\t\n<\/div>\n","protected":false},"excerpt":{"rendered":"","protected":false},"featured_media":11777,"comment_status":"closed","ping_status":"open","template":"","meta":[],"product_brand":[],"product_cat":[2698,2699,2697,2700],"product_tag":[],"class_list":{"0":"post-10832","1":"product","2":"type-product","3":"status-publish","4":"has-post-thumbnail","6":"product_cat-pahtlid-ja-kuivsegud","7":"product_cat-sisepahtlid","8":"product_cat-uldehitus","9":"product_cat-valmispahtlid","10":"pa_kaubamark-kiilto-eesti-ou","12":"first","13":"instock","14":"sale","15":"taxable","16":"shipping-taxable","17":"purchasable","18":"product-type-simple"},"yoast_head":"<!-- This site is optimized with the Yoast SEO plugin v26.9 - https:\/\/yoast.com\/product\/yoast-seo-wordpress\/ -->\n<title>T\u00c4ITEPAHTEL KIILTO MAX REPAIR FILLER 400ML - Espak E-pood<\/title>\n<meta name=\"robots\" content=\"index, follow, max-snippet:-1, max-image-preview:large, max-video-preview:-1\" \/>\n<link rel=\"canonical\" href=\"https:\/\/espak.ee\/epood\/toode\/taitepahtel-kiilto-max-repair-filler-400ml\/\" \/>\n<meta property=\"og:locale\" content=\"et_EE\" \/>\n<meta property=\"og:type\" content=\"article\" \/>\n<meta property=\"og:title\" content=\"T\u00c4ITEPAHTEL KIILTO MAX REPAIR FILLER 400ML - Espak E-pood\" \/>\n<meta property=\"og:url\" content=\"https:\/\/espak.ee\/epood\/toode\/taitepahtel-kiilto-max-repair-filler-400ml\/\" \/>\n<meta property=\"og:site_name\" content=\"Espak E-pood\" \/>\n<meta property=\"article:modified_time\" content=\"2026-01-27T21:45:10+00:00\" \/>\n<meta property=\"og:image\" content=\"https:\/\/espak.ee\/epood\/wp-content\/uploads\/max.png\" \/>\n\t<meta property=\"og:image:width\" content=\"800\" \/>\n\t<meta property=\"og:image:height\" content=\"800\" \/>\n\t<meta property=\"og:image:type\" content=\"image\/png\" \/>\n<meta name=\"twitter:card\" content=\"summary_large_image\" \/>\n<meta name=\"twitter:label1\" content=\"Est. reading time\" \/>\n\t<meta name=\"twitter:data1\" content=\"1 minut\" \/>\n<script type=\"application\/ld+json\" class=\"yoast-schema-graph\">{\"@context\":\"https:\/\/schema.org\",\"@graph\":[{\"@type\":\"WebPage\",\"@id\":\"https:\/\/espak.ee\/epood\/toode\/taitepahtel-kiilto-max-repair-filler-400ml\/\",\"url\":\"https:\/\/espak.ee\/epood\/toode\/taitepahtel-kiilto-max-repair-filler-400ml\/\",\"name\":\"T\u00c4ITEPAHTEL KIILTO MAX REPAIR FILLER 400ML - Espak E-pood\",\"isPartOf\":{\"@id\":\"https:\/\/espak.ee\/epood\/#website\"},\"primaryImageOfPage\":{\"@id\":\"https:\/\/espak.ee\/epood\/toode\/taitepahtel-kiilto-max-repair-filler-400ml\/#primaryimage\"},\"image\":{\"@id\":\"https:\/\/espak.ee\/epood\/toode\/taitepahtel-kiilto-max-repair-filler-400ml\/#primaryimage\"},\"thumbnailUrl\":\"https:\/\/espak.ee\/epood\/wp-content\/uploads\/max.png\",\"datePublished\":\"2019-11-12T00:35:29+00:00\",\"dateModified\":\"2026-01-27T21:45:10+00:00\",\"breadcrumb\":{\"@id\":\"https:\/\/espak.ee\/epood\/toode\/taitepahtel-kiilto-max-repair-filler-400ml\/#breadcrumb\"},\"inLanguage\":\"et\",\"potentialAction\":[{\"@type\":\"ReadAction\",\"target\":[\"https:\/\/espak.ee\/epood\/toode\/taitepahtel-kiilto-max-repair-filler-400ml\/\"]}]},{\"@type\":\"ImageObject\",\"inLanguage\":\"et\",\"@id\":\"https:\/\/espak.ee\/epood\/toode\/taitepahtel-kiilto-max-repair-filler-400ml\/#primaryimage\",\"url\":\"https:\/\/espak.ee\/epood\/wp-content\/uploads\/max.png\",\"contentUrl\":\"https:\/\/espak.ee\/epood\/wp-content\/uploads\/max.png\",\"width\":800,\"height\":800},{\"@type\":\"BreadcrumbList\",\"@id\":\"https:\/\/espak.ee\/epood\/toode\/taitepahtel-kiilto-max-repair-filler-400ml\/#breadcrumb\",\"itemListElement\":[{\"@type\":\"ListItem\",\"position\":1,\"name\":\"Home\",\"item\":\"https:\/\/espak.ee\/epood\/\"},{\"@type\":\"ListItem\",\"position\":2,\"name\":\"Tootevalik\",\"item\":\"https:\/\/espak.ee\/epood\/tootevalik\/\"},{\"@type\":\"ListItem\",\"position\":3,\"name\":\"T\u00c4ITEPAHTEL KIILTO MAX REPAIR FILLER 400ML\"}]},{\"@type\":\"WebSite\",\"@id\":\"https:\/\/espak.ee\/epood\/#website\",\"url\":\"https:\/\/espak.ee\/epood\/\",\"name\":\"Espak E-pood\",\"description\":\"\",\"potentialAction\":[{\"@type\":\"SearchAction\",\"target\":{\"@type\":\"EntryPoint\",\"urlTemplate\":\"https:\/\/espak.ee\/epood\/?s={search_term_string}\"},\"query-input\":{\"@type\":\"PropertyValueSpecification\",\"valueRequired\":true,\"valueName\":\"search_term_string\"}}],\"inLanguage\":\"et\"}]}<\/script>\n<!-- \/ Yoast SEO plugin. -->","yoast_head_json":{"title":"T\u00c4ITEPAHTEL KIILTO MAX REPAIR FILLER 400ML - Espak E-pood","robots":{"index":"index","follow":"follow","max-snippet":"max-snippet:-1","max-image-preview":"max-image-preview:large","max-video-preview":"max-video-preview:-1"},"canonical":"https:\/\/espak.ee\/epood\/toode\/taitepahtel-kiilto-max-repair-filler-400ml\/","og_locale":"et_EE","og_type":"article","og_title":"T\u00c4ITEPAHTEL KIILTO MAX REPAIR FILLER 400ML - Espak E-pood","og_url":"https:\/\/espak.ee\/epood\/toode\/taitepahtel-kiilto-max-repair-filler-400ml\/","og_site_name":"Espak E-pood","article_modified_time":"2026-01-27T21:45:10+00:00","og_image":[{"width":800,"height":800,"url":"https:\/\/espak.ee\/epood\/wp-content\/uploads\/max.png","type":"image\/png"}],"twitter_card":"summary_large_image","twitter_misc":{"Est. reading time":"1 minut"},"schema":{"@context":"https:\/\/schema.org","@graph":[{"@type":"WebPage","@id":"https:\/\/espak.ee\/epood\/toode\/taitepahtel-kiilto-max-repair-filler-400ml\/","url":"https:\/\/espak.ee\/epood\/toode\/taitepahtel-kiilto-max-repair-filler-400ml\/","name":"T\u00c4ITEPAHTEL KIILTO MAX REPAIR FILLER 400ML - Espak E-pood","isPartOf":{"@id":"https:\/\/espak.ee\/epood\/#website"},"primaryImageOfPage":{"@id":"https:\/\/espak.ee\/epood\/toode\/taitepahtel-kiilto-max-repair-filler-400ml\/#primaryimage"},"image":{"@id":"https:\/\/espak.ee\/epood\/toode\/taitepahtel-kiilto-max-repair-filler-400ml\/#primaryimage"},"thumbnailUrl":"https:\/\/espak.ee\/epood\/wp-content\/uploads\/max.png","datePublished":"2019-11-12T00:35:29+00:00","dateModified":"2026-01-27T21:45:10+00:00","breadcrumb":{"@id":"https:\/\/espak.ee\/epood\/toode\/taitepahtel-kiilto-max-repair-filler-400ml\/#breadcrumb"},"inLanguage":"et","potentialAction":[{"@type":"ReadAction","target":["https:\/\/espak.ee\/epood\/toode\/taitepahtel-kiilto-max-repair-filler-400ml\/"]}]},{"@type":"ImageObject","inLanguage":"et","@id":"https:\/\/espak.ee\/epood\/toode\/taitepahtel-kiilto-max-repair-filler-400ml\/#primaryimage","url":"https:\/\/espak.ee\/epood\/wp-content\/uploads\/max.png","contentUrl":"https:\/\/espak.ee\/epood\/wp-content\/uploads\/max.png","width":800,"height":800},{"@type":"BreadcrumbList","@id":"https:\/\/espak.ee\/epood\/toode\/taitepahtel-kiilto-max-repair-filler-400ml\/#breadcrumb","itemListElement":[{"@type":"ListItem","position":1,"name":"Home","item":"https:\/\/espak.ee\/epood\/"},{"@type":"ListItem","position":2,"name":"Tootevalik","item":"https:\/\/espak.ee\/epood\/tootevalik\/"},{"@type":"ListItem","position":3,"name":"T\u00c4ITEPAHTEL KIILTO MAX REPAIR FILLER 400ML"}]},{"@type":"WebSite","@id":"https:\/\/espak.ee\/epood\/#website","url":"https:\/\/espak.ee\/epood\/","name":"Espak E-pood","description":"","potentialAction":[{"@type":"SearchAction","target":{"@type":"EntryPoint","urlTemplate":"https:\/\/espak.ee\/epood\/?s={search_term_string}"},"query-input":{"@type":"PropertyValueSpecification","valueRequired":true,"valueName":"search_term_string"}}],"inLanguage":"et"}]}},"_links":{"self":[{"href":"https:\/\/espak.ee\/epood\/wp-json\/wp\/v2\/product\/10832","targetHints":{"allow":["GET"]}}],"collection":[{"href":"https:\/\/espak.ee\/epood\/wp-json\/wp\/v2\/product"}],"about":[{"href":"https:\/\/espak.ee\/epood\/wp-json\/wp\/v2\/types\/product"}],"replies":[{"embeddable":true,"href":"https:\/\/espak.ee\/epood\/wp-json\/wp\/v2\/comments?post=10832"}],"wp:featuredmedia":[{"embeddable":true,"href":"https:\/\/espak.ee\/epood\/wp-json\/wp\/v2\/media\/11777"}],"wp:attachment":[{"href":"https:\/\/espak.ee\/epood\/wp-json\/wp\/v2\/media?parent=10832"}],"wp:term":[{"taxonomy":"product_brand","embeddable":true,"href":"https:\/\/espak.ee\/epood\/wp-json\/wp\/v2\/product_brand?post=10832"},{"taxonomy":"product_cat","embeddable":true,"href":"https:\/\/espak.ee\/epood\/wp-json\/wp\/v2\/product_cat?post=10832"},{"taxonomy":"product_tag","embeddable":true,"href":"https:\/\/espak.ee\/epood\/wp-json\/wp\/v2\/product_tag?post=10832"}],"curies":[{"name":"wp","href":"https:\/\/api.w.org\/{rel}","templated":true}]}}