{"id":10821,"date":"2019-11-12T02:35:29","date_gmt":"2019-11-12T00:35:29","guid":{"rendered":"https:\/\/espak.ee\/hinnakiri\/?post_type=product&#038;p=10821"},"modified":"2024-03-23T00:11:00","modified_gmt":"2024-03-22T22:11:00","slug":"parketiliim-kiilto-nopea-slim","status":"publish","type":"product","link":"https:\/\/espak.ee\/epood\/toode\/parketiliim-kiilto-nopea-slim\/","title":{"rendered":"PARKETILIIM KIILTO NOPEA SLIM"},"content":{"rendered":"<div class=\"row\"  id=\"row-1125161325\">\n\n\t<div id=\"col-212514303\" class=\"col medium-9 small-12 large-9\"  >\n\t\t\t\t<div class=\"col-inner\"  >\n\t\t\t\n\t\t\t\n<h2>Kiilto Nopea Slim Kiire parketiliim<\/h2>\n<p>Kahekomponentne, veevaba, v\u00e4ga kiiresti k\u00f5vastuv pol\u00fcuretaanliim k\u00f5igi parketit\u00fc\u00fcpide liimimiseks (v.a kilpparkett). Sobib ka kilpparketi pealmiste kihtide remondiks.<\/p>\n<div class=\"message-box relative\" style=\"padding-top:15px;padding-bottom:15px;\"><div class=\"message-box-bg-image bg-fill fill\" ><\/div><div class=\"message-box-bg-overlay bg-fill fill\" ><\/div><div class=\"container relative\"><div class=\"inner last-reset\">\n<div class=\"row align-middle align-center\"  id=\"row-792241762\">\n\n\t<div id=\"col-1131213376\" class=\"col small-12 large-12\"  >\n\t\t\t\t<div class=\"col-inner text-left\"  >\n\t\t\t\n\t\t\t\n<h4>Omadused<\/h4>\n<div class=\"row\"  id=\"row-78183226\">\n\n\t<div id=\"col-944198716\" class=\"col medium-6 small-12 large-6\"  >\n\t\t\t\t<div class=\"col-inner\"  >\n\t\t\t\n\t\t\t\n<p><i class=\"fa fa-check fa-2x\"><\/i> <strong>K\u00f5igi parketit\u00fc\u00fcpide liimimiseks<\/strong><\/p>\n<p><i class=\"fa fa-check fa-2x\"><\/i> <strong>Ei sisalda vett<\/strong><\/p>\n\t\t<\/div>\n\t\t\t\t\n<style>\n#col-944198716 > .col-inner {\n  margin: 0px 0px 15px 0px;\n}\n<\/style>\n\t<\/div>\n\n\t\n<\/div>\n\t\t<\/div>\n\t\t\t\t\t<\/div>\n\n\t\n<\/div>\n<\/div><\/div><\/div>\n\t<div id=\"gap-1030560022\" class=\"gap-element clearfix\" style=\"display:block; height:auto;\">\n\t\t\n<style>\n#gap-1030560022 {\n  padding-top: 30px;\n}\n<\/style>\n\t<\/div>\n\t\n<h3>Kasutamise \u00fcksikasjad<\/h3>\n<p><strong>Kasutusalad:<\/strong> Lahustivaba, kahekomponentne, v\u00e4ga kiirelt k\u00f5vastuv pol\u00fcuretaanliim parketi liimimiseks. Ideaalne remondit\u00f6\u00f6de tegemiseks v\u00e4ikestes piirkondades ja kilpparketi pealmiste kihtide parandamiseks. Sobilik kasutamiseks k\u00fcttega p\u00f5randatel. ISO 17178 &#8211; tugev.<\/p>\n<p><strong>Kasutusjuhis:<\/strong> Sobivad aluspinnad on kelluga silutud betoon, vineer, puitlaastplaat, korkplaat ja puitp\u00f5rand. Aluspind peab olema kuiv, k\u00f5va, sile ja vaba tolmust ja muudest materjalidest, mis v\u00f5ivad v\u00e4hendada nakkuvust. Eemaldage enne liimimist lihvimisega ja tolmuimejaga tsemendikirme. Betoonp\u00f5randat saab vajaduse korral loodida parketi alusp\u00f5randa Kiilto tasandusseguga. (Loodimisega ei saa moodustada sobivat alusp\u00f5randat parketile m\u00f5\u00f5tudega \u00fcle 22 x 70 x 500 mm.) Betooni ja tasandussegu nakketugevus peab olema v\u00e4hemalt 1,5 N\/mm\u00b2. Plaadile liimimisel soovitame kasutada vineerplaati paksusega v\u00e4hemalt 9 mm v\u00f5i sarnast. J\u00e4rgige ka parketitootja juhiseid ja kehtivaid riiklikke eeskirju (Soomes Sis\u00e4RYL 2013, ehitust\u00f6\u00f6de RYL-eeskirju). K\u00f5va liim v\u00e4hendab m\u00f5\u00f5tude muutumist niiskuse liikumise t\u00f5ttu puidus, kuid samal ajal v\u00f5imaldab pinge \u00fclekandumist aluspinnale.Enne kasutamist segage p\u00f5hjalikult vaik k\u00f5vendiga etteantud suhtes. M\u00e4\u00e4rige hammastatud liimilabidaga liim umbes 1 m\u00b2 pinnale ja paigutage parkett vahetult v\u00e4rskele liimipinnale. Kontrollige, kas katte ja aluspinna vahele on moodustunud \u00fchtlane liimikiht ja et parketiplaatide vahelt ei tule liimi v\u00e4lja. Me ei soovita parketti lihvida enne1 tunni m\u00f6\u00f6dumist liimimisest. K\u00f5vastumata liimiplekke saab eemaldada ks\u00fcleeni v\u00f5i atsetooniga, kuivanud liimi on v\u00f5imalik eemaldada vaid mehaaniliselt.<\/p>\n<p><strong>Keskkond ja ohutus:<\/strong> V\u00e4ltige kuivamata toote kokkupuudet nahaga, kasutage kaitsekindaid. Tutvuge tooteohutuskaardiga.<\/p>\n\t\t<\/div>\n\t\t\t\t\t<\/div>\n\n\t\n\n\t<div id=\"col-641214818\" class=\"col medium-3 small-12 large-3\"  >\n\t\t\t\t<div class=\"col-inner\"  >\n\t\t\t\n\t\t\t\n\t<div id=\"gap-1575850106\" class=\"gap-element clearfix\" style=\"display:block; height:auto;\">\n\t\t\n<style>\n#gap-1575850106 {\n  padding-top: 30px;\n}\n<\/style>\n\t<\/div>\n\t\n<h3>Tehniline informatsioon<\/h3>\n<p><a href=\"https:\/\/espak.ee\/epood\/wp-content\/uploads\/nopea-tooteleht.pdf\" target=\"_blank\" rel=\"noopener noreferrer\"><i class=\"far fa-file-pdf\"><\/i> Tehniline info (PDF)<\/a><\/p>\n<h3>Ohutusalane teave<\/h3>\n<p><a href=\"https:\/\/espak.ee\/epood\/wp-content\/uploads\/nopea-ohutuskaart.pdf\" target=\"_blank\" rel=\"noopener noreferrer\"><i class=\"far fa-file-pdf\"><\/i> Ohutusalane teave (PDF)<\/a><\/p>\n<div class=\"is-divider divider clearfix\" ><\/div>\n<p><strong>\u00dcksikasjalikuma n\u00f5u saamiseks v\u00f5tke \u00fchendust:<br \/><\/strong>Kiilto Eesti O\u00dc<br \/>L\u00e4ike tee 4<br \/>75312<br \/>Rae vald<br \/>(+372) 60 31 900<\/p>\n<div class=\"is-divider divider clearfix\" ><\/div>\n\t\t<\/div>\n\t\t\t\t\t<\/div>\n\n\t\n<\/div>\n","protected":false},"excerpt":{"rendered":"","protected":false},"featured_media":11250,"comment_status":"closed","ping_status":"open","template":"","meta":[],"product_brand":[],"product_cat":[2703,2706,2843,2683],"product_tag":[],"class_list":{"0":"post-10821","1":"product","2":"type-product","3":"status-publish","4":"has-post-thumbnail","6":"product_cat-ehituskeemia","7":"product_cat-liimid","8":"product_cat-puidu-ja-parketiliimid","9":"product_cat-viimistluskaubad","10":"pa_kaubamark-kiilto-eesti-ou","12":"first","13":"outofstock","14":"sale","15":"taxable","16":"shipping-taxable","17":"purchasable","18":"product-type-simple"},"yoast_head":"<!-- This site is optimized with the Yoast SEO plugin v26.9 - https:\/\/yoast.com\/product\/yoast-seo-wordpress\/ -->\n<title>PARKETILIIM KIILTO NOPEA SLIM - Espak E-pood<\/title>\n<meta name=\"robots\" content=\"index, follow, max-snippet:-1, max-image-preview:large, max-video-preview:-1\" \/>\n<link rel=\"canonical\" href=\"https:\/\/espak.ee\/epood\/toode\/parketiliim-kiilto-nopea-slim\/\" \/>\n<meta property=\"og:locale\" content=\"et_EE\" \/>\n<meta property=\"og:type\" content=\"article\" \/>\n<meta property=\"og:title\" content=\"PARKETILIIM KIILTO NOPEA SLIM - Espak E-pood\" \/>\n<meta property=\"og:url\" content=\"https:\/\/espak.ee\/epood\/toode\/parketiliim-kiilto-nopea-slim\/\" \/>\n<meta property=\"og:site_name\" content=\"Espak E-pood\" \/>\n<meta property=\"article:modified_time\" content=\"2024-03-22T22:11:00+00:00\" \/>\n<meta property=\"og:image\" content=\"https:\/\/espak.ee\/epood\/wp-content\/uploads\/nopea.jpg\" \/>\n\t<meta property=\"og:image:width\" content=\"800\" \/>\n\t<meta property=\"og:image:height\" content=\"800\" \/>\n\t<meta property=\"og:image:type\" content=\"image\/jpeg\" \/>\n<meta name=\"twitter:card\" content=\"summary_large_image\" \/>\n<meta name=\"twitter:label1\" content=\"Est. reading time\" \/>\n\t<meta name=\"twitter:data1\" content=\"2 minutit\" \/>\n<script type=\"application\/ld+json\" class=\"yoast-schema-graph\">{\"@context\":\"https:\/\/schema.org\",\"@graph\":[{\"@type\":\"WebPage\",\"@id\":\"https:\/\/espak.ee\/epood\/toode\/parketiliim-kiilto-nopea-slim\/\",\"url\":\"https:\/\/espak.ee\/epood\/toode\/parketiliim-kiilto-nopea-slim\/\",\"name\":\"PARKETILIIM KIILTO NOPEA SLIM - Espak E-pood\",\"isPartOf\":{\"@id\":\"https:\/\/espak.ee\/epood\/#website\"},\"primaryImageOfPage\":{\"@id\":\"https:\/\/espak.ee\/epood\/toode\/parketiliim-kiilto-nopea-slim\/#primaryimage\"},\"image\":{\"@id\":\"https:\/\/espak.ee\/epood\/toode\/parketiliim-kiilto-nopea-slim\/#primaryimage\"},\"thumbnailUrl\":\"https:\/\/espak.ee\/epood\/wp-content\/uploads\/nopea.jpg\",\"datePublished\":\"2019-11-12T00:35:29+00:00\",\"dateModified\":\"2024-03-22T22:11:00+00:00\",\"breadcrumb\":{\"@id\":\"https:\/\/espak.ee\/epood\/toode\/parketiliim-kiilto-nopea-slim\/#breadcrumb\"},\"inLanguage\":\"et\",\"potentialAction\":[{\"@type\":\"ReadAction\",\"target\":[\"https:\/\/espak.ee\/epood\/toode\/parketiliim-kiilto-nopea-slim\/\"]}]},{\"@type\":\"ImageObject\",\"inLanguage\":\"et\",\"@id\":\"https:\/\/espak.ee\/epood\/toode\/parketiliim-kiilto-nopea-slim\/#primaryimage\",\"url\":\"https:\/\/espak.ee\/epood\/wp-content\/uploads\/nopea.jpg\",\"contentUrl\":\"https:\/\/espak.ee\/epood\/wp-content\/uploads\/nopea.jpg\",\"width\":800,\"height\":800,\"caption\":\"CREATOR: gd-jpeg v1.0 (using IJG JPEG v80), quality = 95\"},{\"@type\":\"BreadcrumbList\",\"@id\":\"https:\/\/espak.ee\/epood\/toode\/parketiliim-kiilto-nopea-slim\/#breadcrumb\",\"itemListElement\":[{\"@type\":\"ListItem\",\"position\":1,\"name\":\"Home\",\"item\":\"https:\/\/espak.ee\/epood\/\"},{\"@type\":\"ListItem\",\"position\":2,\"name\":\"Tootevalik\",\"item\":\"https:\/\/espak.ee\/epood\/tootevalik\/\"},{\"@type\":\"ListItem\",\"position\":3,\"name\":\"PARKETILIIM KIILTO NOPEA SLIM\"}]},{\"@type\":\"WebSite\",\"@id\":\"https:\/\/espak.ee\/epood\/#website\",\"url\":\"https:\/\/espak.ee\/epood\/\",\"name\":\"Espak E-pood\",\"description\":\"\",\"potentialAction\":[{\"@type\":\"SearchAction\",\"target\":{\"@type\":\"EntryPoint\",\"urlTemplate\":\"https:\/\/espak.ee\/epood\/?s={search_term_string}\"},\"query-input\":{\"@type\":\"PropertyValueSpecification\",\"valueRequired\":true,\"valueName\":\"search_term_string\"}}],\"inLanguage\":\"et\"}]}<\/script>\n<!-- \/ Yoast SEO plugin. -->","yoast_head_json":{"title":"PARKETILIIM KIILTO NOPEA SLIM - Espak E-pood","robots":{"index":"index","follow":"follow","max-snippet":"max-snippet:-1","max-image-preview":"max-image-preview:large","max-video-preview":"max-video-preview:-1"},"canonical":"https:\/\/espak.ee\/epood\/toode\/parketiliim-kiilto-nopea-slim\/","og_locale":"et_EE","og_type":"article","og_title":"PARKETILIIM KIILTO NOPEA SLIM - Espak E-pood","og_url":"https:\/\/espak.ee\/epood\/toode\/parketiliim-kiilto-nopea-slim\/","og_site_name":"Espak E-pood","article_modified_time":"2024-03-22T22:11:00+00:00","og_image":[{"width":800,"height":800,"url":"https:\/\/espak.ee\/epood\/wp-content\/uploads\/nopea.jpg","type":"image\/jpeg"}],"twitter_card":"summary_large_image","twitter_misc":{"Est. reading time":"2 minutit"},"schema":{"@context":"https:\/\/schema.org","@graph":[{"@type":"WebPage","@id":"https:\/\/espak.ee\/epood\/toode\/parketiliim-kiilto-nopea-slim\/","url":"https:\/\/espak.ee\/epood\/toode\/parketiliim-kiilto-nopea-slim\/","name":"PARKETILIIM KIILTO NOPEA SLIM - Espak E-pood","isPartOf":{"@id":"https:\/\/espak.ee\/epood\/#website"},"primaryImageOfPage":{"@id":"https:\/\/espak.ee\/epood\/toode\/parketiliim-kiilto-nopea-slim\/#primaryimage"},"image":{"@id":"https:\/\/espak.ee\/epood\/toode\/parketiliim-kiilto-nopea-slim\/#primaryimage"},"thumbnailUrl":"https:\/\/espak.ee\/epood\/wp-content\/uploads\/nopea.jpg","datePublished":"2019-11-12T00:35:29+00:00","dateModified":"2024-03-22T22:11:00+00:00","breadcrumb":{"@id":"https:\/\/espak.ee\/epood\/toode\/parketiliim-kiilto-nopea-slim\/#breadcrumb"},"inLanguage":"et","potentialAction":[{"@type":"ReadAction","target":["https:\/\/espak.ee\/epood\/toode\/parketiliim-kiilto-nopea-slim\/"]}]},{"@type":"ImageObject","inLanguage":"et","@id":"https:\/\/espak.ee\/epood\/toode\/parketiliim-kiilto-nopea-slim\/#primaryimage","url":"https:\/\/espak.ee\/epood\/wp-content\/uploads\/nopea.jpg","contentUrl":"https:\/\/espak.ee\/epood\/wp-content\/uploads\/nopea.jpg","width":800,"height":800,"caption":"CREATOR: gd-jpeg v1.0 (using IJG JPEG v80), quality = 95"},{"@type":"BreadcrumbList","@id":"https:\/\/espak.ee\/epood\/toode\/parketiliim-kiilto-nopea-slim\/#breadcrumb","itemListElement":[{"@type":"ListItem","position":1,"name":"Home","item":"https:\/\/espak.ee\/epood\/"},{"@type":"ListItem","position":2,"name":"Tootevalik","item":"https:\/\/espak.ee\/epood\/tootevalik\/"},{"@type":"ListItem","position":3,"name":"PARKETILIIM KIILTO NOPEA SLIM"}]},{"@type":"WebSite","@id":"https:\/\/espak.ee\/epood\/#website","url":"https:\/\/espak.ee\/epood\/","name":"Espak E-pood","description":"","potentialAction":[{"@type":"SearchAction","target":{"@type":"EntryPoint","urlTemplate":"https:\/\/espak.ee\/epood\/?s={search_term_string}"},"query-input":{"@type":"PropertyValueSpecification","valueRequired":true,"valueName":"search_term_string"}}],"inLanguage":"et"}]}},"_links":{"self":[{"href":"https:\/\/espak.ee\/epood\/wp-json\/wp\/v2\/product\/10821","targetHints":{"allow":["GET"]}}],"collection":[{"href":"https:\/\/espak.ee\/epood\/wp-json\/wp\/v2\/product"}],"about":[{"href":"https:\/\/espak.ee\/epood\/wp-json\/wp\/v2\/types\/product"}],"replies":[{"embeddable":true,"href":"https:\/\/espak.ee\/epood\/wp-json\/wp\/v2\/comments?post=10821"}],"wp:featuredmedia":[{"embeddable":true,"href":"https:\/\/espak.ee\/epood\/wp-json\/wp\/v2\/media\/11250"}],"wp:attachment":[{"href":"https:\/\/espak.ee\/epood\/wp-json\/wp\/v2\/media?parent=10821"}],"wp:term":[{"taxonomy":"product_brand","embeddable":true,"href":"https:\/\/espak.ee\/epood\/wp-json\/wp\/v2\/product_brand?post=10821"},{"taxonomy":"product_cat","embeddable":true,"href":"https:\/\/espak.ee\/epood\/wp-json\/wp\/v2\/product_cat?post=10821"},{"taxonomy":"product_tag","embeddable":true,"href":"https:\/\/espak.ee\/epood\/wp-json\/wp\/v2\/product_tag?post=10821"}],"curies":[{"name":"wp","href":"https:\/\/api.w.org\/{rel}","templated":true}]}}