{"id":10815,"date":"2019-11-12T02:35:29","date_gmt":"2019-11-12T00:35:29","guid":{"rendered":"https:\/\/espak.ee\/hinnakiri\/?post_type=product&#038;p=10815"},"modified":"2024-03-23T00:11:14","modified_gmt":"2024-03-22T22:11:14","slug":"seinakatteliim-kiilto-master-pro-5l","status":"publish","type":"product","link":"https:\/\/espak.ee\/epood\/toode\/seinakatteliim-kiilto-master-pro-5l\/","title":{"rendered":"SEINAKATTELIIM KIILTO MASTER PRO 5L"},"content":{"rendered":"<div class=\"row\"  id=\"row-1355573739\">\n\n\t<div id=\"col-532397673\" class=\"col medium-9 small-12 large-9\"  >\n\t\t\t\t<div class=\"col-inner\"  >\n\t\t\t\n\t\t\t\n<h2>Master Pro seinakatteliim<\/h2>\n<p>Sobib klaaskiud- ja raskete tekstiilkatete kinnitamiseks kuivadesse sisetingimustesse. \u00dclev\u00e4rvitav 24 h m\u00f6\u00f6dumisel. Sobib ka paberip\u00f5histele tekstiilidele ja vin\u00fc\u00fcltapeetidele.<\/p>\n<div class=\"message-box relative\" style=\"padding-top:15px;padding-bottom:15px;\"><div class=\"message-box-bg-image bg-fill fill\" ><\/div><div class=\"message-box-bg-overlay bg-fill fill\" ><\/div><div class=\"container relative\"><div class=\"inner last-reset\">\n<div class=\"row align-middle align-center\"  id=\"row-2112588013\">\n\n\t<div id=\"col-94941062\" class=\"col small-12 large-12\"  >\n\t\t\t\t<div class=\"col-inner text-left\"  >\n\t\t\t\n\t\t\t\n<h4>Omadused<\/h4>\n<div class=\"row\"  id=\"row-1648251188\">\n\n\t<div id=\"col-2143415961\" class=\"col medium-6 small-12 large-6\"  >\n\t\t\t\t<div class=\"col-inner\"  >\n\t\t\t\n\t\t\t\n<p><i class=\"fa fa-check fa-2x\"><\/i> <strong>Sobib klaaskiud- ja rasketele tekstiilkatetele<\/strong><\/p>\n<p><i class=\"fa fa-check fa-2x\"><\/i> <strong>V\u00e4rvitav 1 p\u00e4eva p\u00e4rast<\/strong><\/p>\n\t\t<\/div>\n\t\t\t\t\n<style>\n#col-2143415961 > .col-inner {\n  margin: 0px 0px 15px 0px;\n}\n<\/style>\n\t<\/div>\n\n\t\n<\/div>\n\t\t<\/div>\n\t\t\t\t\t<\/div>\n\n\t\n<\/div>\n<\/div><\/div><\/div>\n\t<div id=\"gap-1194853554\" class=\"gap-element clearfix\" style=\"display:block; height:auto;\">\n\t\t\n<style>\n#gap-1194853554 {\n  padding-top: 30px;\n}\n<\/style>\n\t<\/div>\n\t\n<h3>Kasutamise \u00fcksikasjad<\/h3>\n<p><strong>Kasutusalad:<\/strong> Vastab ehitusmaterjalide klassifitseerimiss\u00fcsteemi heitkoguste kategooria M1 n\u00f5uetele. Liim klaaskiudtapeedi ja raskete tekstiilkatete kinnitamiseks kuivades ruumides. Sobib ka paberip\u00f5hjaliste tekstiil- ja vin\u00fc\u00fcltapeetide liimimiseks. Ei sobi t\u00e4isplastkatete kinnitamiseks.<\/p>\n<p><strong>Kasutusjuhis:<\/strong> Liimimisel peab ruumis valitsema ruumile omane temperatuur. Nii liim kui tapeet peavad saavutama selle temperatuuri. Pind peab olema kuiv, \u00fchtlane, j\u00e4ik ja puhas. V\u00e4ga poorsed pinnad tuleb eelnevalt veega vedeldatud liimiga kruntida. V\u00e4rvitud pinnad tuleb lihvida ja pesta n\u00e4iteks Kiilto Maalripesuga ja loputada enne liimimist hoolikalt.<br \/>\nJ\u00e4rgida tapeedi tootja paigaldusjuhiseid. Liim kantakse nt v\u00e4rvirulliga 1\u20132 paani ulatuses aluspinnale. Paanid paigaldatakse nn. m\u00e4rgliimimise meetodil k\u00fcljeservad vastakuti. V\u00e4rsked liimiplekid tuleb eemaldada kohe niiske lapi v\u00f5i k\u00e4snaga. Tugev h\u00f5\u00f5rumine v\u00f5ib kahjustada tapeedi v\u00e4rvi v\u00f5i l\u00e4iget. Seinad saab v\u00e4rvida \u00fcle k\u00f5ige varem 24 tundi p\u00e4rast tapeedi liimimist. Paberip\u00f5hjaliste tekstiiltapeetide puhul, mille pinnamustri moodustavad samasuunalised tekstiilikiud, tuleb liim kanda tapeedile.<\/p>\n<p><strong>Keskkond ja ohutus:<\/strong> V\u00e4ltige kuivamata toote kokkupuudet nahaga, kasutage kaitsekindaid. Tutvuge tooteohutuskaardiga.<\/p>\n\t\t<\/div>\n\t\t\t\t\t<\/div>\n\n\t\n\n\t<div id=\"col-558717709\" class=\"col medium-3 small-12 large-3\"  >\n\t\t\t\t<div class=\"col-inner\"  >\n\t\t\t\n\t\t\t\n\t<div id=\"gap-481124939\" class=\"gap-element clearfix\" style=\"display:block; height:auto;\">\n\t\t\n<style>\n#gap-481124939 {\n  padding-top: 30px;\n}\n<\/style>\n\t<\/div>\n\t\n<h3>Tehniline informatsioon<\/h3>\n<p><a href=\"https:\/\/espak.ee\/epood\/wp-content\/uploads\/master-pro-tooteleht.pdf\" target=\"_blank\" rel=\"noopener noreferrer\"><i class=\"far fa-file-pdf\"><\/i> Tehniline info (PDF)<\/a><\/p>\n<h3>Ohutusalane teave<\/h3>\n<p><a href=\"https:\/\/espak.ee\/epood\/wp-content\/uploads\/master-pro-ohutuskaart.pdf\" target=\"_blank\" rel=\"noopener noreferrer\"><i class=\"far fa-file-pdf\"><\/i> Ohutusalane teave (PDF)<\/a><\/p>\n<div class=\"is-divider divider clearfix\" ><\/div>\n<p><strong>\u00dcksikasjalikuma n\u00f5u saamiseks v\u00f5tke \u00fchendust:<br \/><\/strong>Kiilto Eesti O\u00dc<br \/>L\u00e4ike tee 4<br \/>75312<br \/>Rae vald<br \/>(+372) 60 31 900<\/p>\n<div class=\"is-divider divider clearfix\" ><\/div>\n\t\t<\/div>\n\t\t\t\t\t<\/div>\n\n\t\n<\/div>\n","protected":false},"excerpt":{"rendered":"","protected":false},"featured_media":11132,"comment_status":"closed","ping_status":"open","template":"","meta":[],"product_brand":[],"product_cat":[2703,2706,2844,2683],"product_tag":[],"class_list":{"0":"post-10815","1":"product","2":"type-product","3":"status-publish","4":"has-post-thumbnail","6":"product_cat-ehituskeemia","7":"product_cat-liimid","8":"product_cat-tapeediliimid","9":"product_cat-viimistluskaubad","10":"pa_kaubamark-kiilto-eesti-ou","12":"first","13":"outofstock","14":"sale","15":"taxable","16":"shipping-taxable","17":"purchasable","18":"product-type-simple"},"yoast_head":"<!-- This site is optimized with the Yoast SEO plugin v26.9 - https:\/\/yoast.com\/product\/yoast-seo-wordpress\/ -->\n<title>SEINAKATTELIIM KIILTO MASTER PRO 5L - Espak E-pood<\/title>\n<meta name=\"robots\" content=\"index, follow, max-snippet:-1, max-image-preview:large, max-video-preview:-1\" \/>\n<link rel=\"canonical\" href=\"https:\/\/espak.ee\/epood\/toode\/seinakatteliim-kiilto-master-pro-5l\/\" \/>\n<meta property=\"og:locale\" content=\"et_EE\" \/>\n<meta property=\"og:type\" content=\"article\" \/>\n<meta property=\"og:title\" content=\"SEINAKATTELIIM KIILTO MASTER PRO 5L - Espak E-pood\" \/>\n<meta property=\"og:url\" content=\"https:\/\/espak.ee\/epood\/toode\/seinakatteliim-kiilto-master-pro-5l\/\" \/>\n<meta property=\"og:site_name\" content=\"Espak E-pood\" \/>\n<meta property=\"article:modified_time\" content=\"2024-03-22T22:11:14+00:00\" \/>\n<meta property=\"og:image\" content=\"https:\/\/espak.ee\/epood\/wp-content\/uploads\/master-pro.png\" \/>\n\t<meta property=\"og:image:width\" content=\"800\" \/>\n\t<meta property=\"og:image:height\" content=\"800\" \/>\n\t<meta property=\"og:image:type\" content=\"image\/png\" \/>\n<meta name=\"twitter:card\" content=\"summary_large_image\" \/>\n<meta name=\"twitter:label1\" content=\"Est. reading time\" \/>\n\t<meta name=\"twitter:data1\" content=\"1 minut\" \/>\n<script type=\"application\/ld+json\" class=\"yoast-schema-graph\">{\"@context\":\"https:\/\/schema.org\",\"@graph\":[{\"@type\":\"WebPage\",\"@id\":\"https:\/\/espak.ee\/epood\/toode\/seinakatteliim-kiilto-master-pro-5l\/\",\"url\":\"https:\/\/espak.ee\/epood\/toode\/seinakatteliim-kiilto-master-pro-5l\/\",\"name\":\"SEINAKATTELIIM KIILTO MASTER PRO 5L - Espak E-pood\",\"isPartOf\":{\"@id\":\"https:\/\/espak.ee\/epood\/#website\"},\"primaryImageOfPage\":{\"@id\":\"https:\/\/espak.ee\/epood\/toode\/seinakatteliim-kiilto-master-pro-5l\/#primaryimage\"},\"image\":{\"@id\":\"https:\/\/espak.ee\/epood\/toode\/seinakatteliim-kiilto-master-pro-5l\/#primaryimage\"},\"thumbnailUrl\":\"https:\/\/espak.ee\/epood\/wp-content\/uploads\/master-pro.png\",\"datePublished\":\"2019-11-12T00:35:29+00:00\",\"dateModified\":\"2024-03-22T22:11:14+00:00\",\"breadcrumb\":{\"@id\":\"https:\/\/espak.ee\/epood\/toode\/seinakatteliim-kiilto-master-pro-5l\/#breadcrumb\"},\"inLanguage\":\"et\",\"potentialAction\":[{\"@type\":\"ReadAction\",\"target\":[\"https:\/\/espak.ee\/epood\/toode\/seinakatteliim-kiilto-master-pro-5l\/\"]}]},{\"@type\":\"ImageObject\",\"inLanguage\":\"et\",\"@id\":\"https:\/\/espak.ee\/epood\/toode\/seinakatteliim-kiilto-master-pro-5l\/#primaryimage\",\"url\":\"https:\/\/espak.ee\/epood\/wp-content\/uploads\/master-pro.png\",\"contentUrl\":\"https:\/\/espak.ee\/epood\/wp-content\/uploads\/master-pro.png\",\"width\":800,\"height\":800},{\"@type\":\"BreadcrumbList\",\"@id\":\"https:\/\/espak.ee\/epood\/toode\/seinakatteliim-kiilto-master-pro-5l\/#breadcrumb\",\"itemListElement\":[{\"@type\":\"ListItem\",\"position\":1,\"name\":\"Home\",\"item\":\"https:\/\/espak.ee\/epood\/\"},{\"@type\":\"ListItem\",\"position\":2,\"name\":\"Tootevalik\",\"item\":\"https:\/\/espak.ee\/epood\/tootevalik\/\"},{\"@type\":\"ListItem\",\"position\":3,\"name\":\"SEINAKATTELIIM KIILTO MASTER PRO 5L\"}]},{\"@type\":\"WebSite\",\"@id\":\"https:\/\/espak.ee\/epood\/#website\",\"url\":\"https:\/\/espak.ee\/epood\/\",\"name\":\"Espak E-pood\",\"description\":\"\",\"potentialAction\":[{\"@type\":\"SearchAction\",\"target\":{\"@type\":\"EntryPoint\",\"urlTemplate\":\"https:\/\/espak.ee\/epood\/?s={search_term_string}\"},\"query-input\":{\"@type\":\"PropertyValueSpecification\",\"valueRequired\":true,\"valueName\":\"search_term_string\"}}],\"inLanguage\":\"et\"}]}<\/script>\n<!-- \/ Yoast SEO plugin. -->","yoast_head_json":{"title":"SEINAKATTELIIM KIILTO MASTER PRO 5L - Espak E-pood","robots":{"index":"index","follow":"follow","max-snippet":"max-snippet:-1","max-image-preview":"max-image-preview:large","max-video-preview":"max-video-preview:-1"},"canonical":"https:\/\/espak.ee\/epood\/toode\/seinakatteliim-kiilto-master-pro-5l\/","og_locale":"et_EE","og_type":"article","og_title":"SEINAKATTELIIM KIILTO MASTER PRO 5L - Espak E-pood","og_url":"https:\/\/espak.ee\/epood\/toode\/seinakatteliim-kiilto-master-pro-5l\/","og_site_name":"Espak E-pood","article_modified_time":"2024-03-22T22:11:14+00:00","og_image":[{"width":800,"height":800,"url":"https:\/\/espak.ee\/epood\/wp-content\/uploads\/master-pro.png","type":"image\/png"}],"twitter_card":"summary_large_image","twitter_misc":{"Est. reading time":"1 minut"},"schema":{"@context":"https:\/\/schema.org","@graph":[{"@type":"WebPage","@id":"https:\/\/espak.ee\/epood\/toode\/seinakatteliim-kiilto-master-pro-5l\/","url":"https:\/\/espak.ee\/epood\/toode\/seinakatteliim-kiilto-master-pro-5l\/","name":"SEINAKATTELIIM KIILTO MASTER PRO 5L - Espak E-pood","isPartOf":{"@id":"https:\/\/espak.ee\/epood\/#website"},"primaryImageOfPage":{"@id":"https:\/\/espak.ee\/epood\/toode\/seinakatteliim-kiilto-master-pro-5l\/#primaryimage"},"image":{"@id":"https:\/\/espak.ee\/epood\/toode\/seinakatteliim-kiilto-master-pro-5l\/#primaryimage"},"thumbnailUrl":"https:\/\/espak.ee\/epood\/wp-content\/uploads\/master-pro.png","datePublished":"2019-11-12T00:35:29+00:00","dateModified":"2024-03-22T22:11:14+00:00","breadcrumb":{"@id":"https:\/\/espak.ee\/epood\/toode\/seinakatteliim-kiilto-master-pro-5l\/#breadcrumb"},"inLanguage":"et","potentialAction":[{"@type":"ReadAction","target":["https:\/\/espak.ee\/epood\/toode\/seinakatteliim-kiilto-master-pro-5l\/"]}]},{"@type":"ImageObject","inLanguage":"et","@id":"https:\/\/espak.ee\/epood\/toode\/seinakatteliim-kiilto-master-pro-5l\/#primaryimage","url":"https:\/\/espak.ee\/epood\/wp-content\/uploads\/master-pro.png","contentUrl":"https:\/\/espak.ee\/epood\/wp-content\/uploads\/master-pro.png","width":800,"height":800},{"@type":"BreadcrumbList","@id":"https:\/\/espak.ee\/epood\/toode\/seinakatteliim-kiilto-master-pro-5l\/#breadcrumb","itemListElement":[{"@type":"ListItem","position":1,"name":"Home","item":"https:\/\/espak.ee\/epood\/"},{"@type":"ListItem","position":2,"name":"Tootevalik","item":"https:\/\/espak.ee\/epood\/tootevalik\/"},{"@type":"ListItem","position":3,"name":"SEINAKATTELIIM KIILTO MASTER PRO 5L"}]},{"@type":"WebSite","@id":"https:\/\/espak.ee\/epood\/#website","url":"https:\/\/espak.ee\/epood\/","name":"Espak E-pood","description":"","potentialAction":[{"@type":"SearchAction","target":{"@type":"EntryPoint","urlTemplate":"https:\/\/espak.ee\/epood\/?s={search_term_string}"},"query-input":{"@type":"PropertyValueSpecification","valueRequired":true,"valueName":"search_term_string"}}],"inLanguage":"et"}]}},"_links":{"self":[{"href":"https:\/\/espak.ee\/epood\/wp-json\/wp\/v2\/product\/10815","targetHints":{"allow":["GET"]}}],"collection":[{"href":"https:\/\/espak.ee\/epood\/wp-json\/wp\/v2\/product"}],"about":[{"href":"https:\/\/espak.ee\/epood\/wp-json\/wp\/v2\/types\/product"}],"replies":[{"embeddable":true,"href":"https:\/\/espak.ee\/epood\/wp-json\/wp\/v2\/comments?post=10815"}],"wp:featuredmedia":[{"embeddable":true,"href":"https:\/\/espak.ee\/epood\/wp-json\/wp\/v2\/media\/11132"}],"wp:attachment":[{"href":"https:\/\/espak.ee\/epood\/wp-json\/wp\/v2\/media?parent=10815"}],"wp:term":[{"taxonomy":"product_brand","embeddable":true,"href":"https:\/\/espak.ee\/epood\/wp-json\/wp\/v2\/product_brand?post=10815"},{"taxonomy":"product_cat","embeddable":true,"href":"https:\/\/espak.ee\/epood\/wp-json\/wp\/v2\/product_cat?post=10815"},{"taxonomy":"product_tag","embeddable":true,"href":"https:\/\/espak.ee\/epood\/wp-json\/wp\/v2\/product_tag?post=10815"}],"curies":[{"name":"wp","href":"https:\/\/api.w.org\/{rel}","templated":true}]}}