{"id":107983,"date":"2022-02-05T05:04:20","date_gmt":"2022-02-05T05:04:20","guid":{"rendered":"https:\/\/espak.ee\/epood\/?post_type=product&#038;p=107983"},"modified":"2024-06-21T20:39:38","modified_gmt":"2024-06-21T17:39:38","slug":"reguleeritav-rehviriiul","status":"publish","type":"product","link":"https:\/\/espak.ee\/epood\/toode\/reguleeritav-rehviriiul\/","title":{"rendered":"REGULEERITAV REHVIRIIUL"},"content":{"rendered":"<div class=\"row\"  id=\"row-25197543\">\n\n\t<div id=\"col-1825872239\" class=\"col medium-9 small-12 large-9\"  >\n\t\t\t\t<div class=\"col-inner\"  >\n\t\t\t\n\t\t\t\n<h3>Reguleeritav rehviriiul Kenovo<\/h3>\n<p>Kenovo rehviriiul GSH35 on reguleeritav ja sobib rehvide ning rataste hoidmiseks. Rehviriiul riputatakse garaa\u017ei seinale, r\u00f5dule v\u00f5i teise sobivasse majapidamisruumi. Libisev disain v\u00f5imaldab riiulile asetada neli ratast (laiusega 300 mm). Vastupidavast terasest riiuli lubatud koormus on 200 kg.<br \/>\nKomplekti kuulub kaks pistikutega kinnitusliistu, mis kinnitatakse seinale. Riiul neljale rehvile on nende k\u00fclge riputatav. Liikudes m\u00f6\u00f6da kinnitusliistu seatakse vajalik riiulilaius vahemikus 800-1250 mm.<br \/>\nAutorehvide hoidmiseks m\u00f5eldud riiulit saab kasutada nii eraldi kui ka Kenovo hoiustuss\u00fcsteemi teiste elementidega.<\/p>\n<p>Kenovo hoiustamiss\u00fcsteemid sobivad ideaalselt korra loomiseks garaa\u017eis!<\/p>\n\t\t<\/div>\n\t\t\t\t\t<\/div>\n\n\t\n\n\t<div id=\"col-258404542\" class=\"col medium-3 small-12 large-3\"  >\n\t\t\t\t<div class=\"col-inner\"  >\n\t\t\t\n\t\t\t\n<div class=\"is-divider divider clearfix\" ><\/div>\n<p><strong>\u00dcksikasjalikuma n\u00f5u saamiseks v\u00f5tke \u00fchendust:<br \/><\/strong>Espak AS<br \/>Viadukti 42<br \/>11313<br \/>Tallinn<br \/>+372 6 512333<\/p>\n\t\t<\/div>\n\t\t\t\t\t<\/div>\n\n\t\n<\/div>\n","protected":false},"excerpt":{"rendered":"","protected":false},"featured_media":108683,"comment_status":"closed","ping_status":"closed","template":"","meta":[],"product_brand":[],"product_cat":[3157,2893,2894,2895],"product_tag":[],"class_list":{"0":"post-107983","1":"product","2":"type-product","3":"status-publish","4":"has-post-thumbnail","6":"product_cat-konksud","7":"product_cat-rauakaubad","8":"product_cat-rauakaubad-rauakaubad","9":"product_cat-rauakaubad-rauakaubad-rauakaubad","10":"pa_kaubamark-kenovo","12":"first","13":"outofstock","14":"sale","15":"taxable","16":"shipping-taxable","17":"purchasable","18":"product-type-simple"},"yoast_head":"<!-- This site is optimized with the Yoast SEO plugin v26.9 - https:\/\/yoast.com\/product\/yoast-seo-wordpress\/ -->\n<title>REGULEERITAV REHVIRIIUL - Espak E-pood<\/title>\n<meta name=\"robots\" content=\"index, follow, max-snippet:-1, max-image-preview:large, max-video-preview:-1\" \/>\n<link rel=\"canonical\" href=\"https:\/\/espak.ee\/epood\/toode\/reguleeritav-rehviriiul\/\" \/>\n<meta property=\"og:locale\" content=\"et_EE\" \/>\n<meta property=\"og:type\" content=\"article\" \/>\n<meta property=\"og:title\" content=\"REGULEERITAV REHVIRIIUL - Espak E-pood\" \/>\n<meta property=\"og:url\" content=\"https:\/\/espak.ee\/epood\/toode\/reguleeritav-rehviriiul\/\" \/>\n<meta property=\"og:site_name\" content=\"Espak E-pood\" \/>\n<meta property=\"article:modified_time\" content=\"2024-06-21T17:39:38+00:00\" \/>\n<meta property=\"og:image\" content=\"https:\/\/espak.ee\/epood\/wp-content\/uploads\/2022\/02\/kenovo-reguleeritav-rehviriiul-gsh35-2.jpg\" \/>\n\t<meta property=\"og:image:width\" content=\"1000\" \/>\n\t<meta property=\"og:image:height\" content=\"1000\" \/>\n\t<meta property=\"og:image:type\" content=\"image\/jpeg\" \/>\n<meta name=\"twitter:card\" content=\"summary_large_image\" \/>\n<meta name=\"twitter:label1\" content=\"Est. reading time\" \/>\n\t<meta name=\"twitter:data1\" content=\"1 minut\" \/>\n<script type=\"application\/ld+json\" class=\"yoast-schema-graph\">{\"@context\":\"https:\/\/schema.org\",\"@graph\":[{\"@type\":\"WebPage\",\"@id\":\"https:\/\/espak.ee\/epood\/toode\/reguleeritav-rehviriiul\/\",\"url\":\"https:\/\/espak.ee\/epood\/toode\/reguleeritav-rehviriiul\/\",\"name\":\"REGULEERITAV REHVIRIIUL - Espak E-pood\",\"isPartOf\":{\"@id\":\"https:\/\/espak.ee\/epood\/#website\"},\"primaryImageOfPage\":{\"@id\":\"https:\/\/espak.ee\/epood\/toode\/reguleeritav-rehviriiul\/#primaryimage\"},\"image\":{\"@id\":\"https:\/\/espak.ee\/epood\/toode\/reguleeritav-rehviriiul\/#primaryimage\"},\"thumbnailUrl\":\"https:\/\/espak.ee\/epood\/wp-content\/uploads\/2022\/02\/kenovo-reguleeritav-rehviriiul-gsh35-2.jpg\",\"datePublished\":\"2022-02-05T05:04:20+00:00\",\"dateModified\":\"2024-06-21T17:39:38+00:00\",\"breadcrumb\":{\"@id\":\"https:\/\/espak.ee\/epood\/toode\/reguleeritav-rehviriiul\/#breadcrumb\"},\"inLanguage\":\"et\",\"potentialAction\":[{\"@type\":\"ReadAction\",\"target\":[\"https:\/\/espak.ee\/epood\/toode\/reguleeritav-rehviriiul\/\"]}]},{\"@type\":\"ImageObject\",\"inLanguage\":\"et\",\"@id\":\"https:\/\/espak.ee\/epood\/toode\/reguleeritav-rehviriiul\/#primaryimage\",\"url\":\"https:\/\/espak.ee\/epood\/wp-content\/uploads\/2022\/02\/kenovo-reguleeritav-rehviriiul-gsh35-2.jpg\",\"contentUrl\":\"https:\/\/espak.ee\/epood\/wp-content\/uploads\/2022\/02\/kenovo-reguleeritav-rehviriiul-gsh35-2.jpg\",\"width\":1000,\"height\":1000},{\"@type\":\"BreadcrumbList\",\"@id\":\"https:\/\/espak.ee\/epood\/toode\/reguleeritav-rehviriiul\/#breadcrumb\",\"itemListElement\":[{\"@type\":\"ListItem\",\"position\":1,\"name\":\"Home\",\"item\":\"https:\/\/espak.ee\/epood\/\"},{\"@type\":\"ListItem\",\"position\":2,\"name\":\"Tootevalik\",\"item\":\"https:\/\/espak.ee\/epood\/tootevalik\/\"},{\"@type\":\"ListItem\",\"position\":3,\"name\":\"REGULEERITAV REHVIRIIUL\"}]},{\"@type\":\"WebSite\",\"@id\":\"https:\/\/espak.ee\/epood\/#website\",\"url\":\"https:\/\/espak.ee\/epood\/\",\"name\":\"Espak E-pood\",\"description\":\"\",\"potentialAction\":[{\"@type\":\"SearchAction\",\"target\":{\"@type\":\"EntryPoint\",\"urlTemplate\":\"https:\/\/espak.ee\/epood\/?s={search_term_string}\"},\"query-input\":{\"@type\":\"PropertyValueSpecification\",\"valueRequired\":true,\"valueName\":\"search_term_string\"}}],\"inLanguage\":\"et\"}]}<\/script>\n<!-- \/ Yoast SEO plugin. -->","yoast_head_json":{"title":"REGULEERITAV REHVIRIIUL - Espak E-pood","robots":{"index":"index","follow":"follow","max-snippet":"max-snippet:-1","max-image-preview":"max-image-preview:large","max-video-preview":"max-video-preview:-1"},"canonical":"https:\/\/espak.ee\/epood\/toode\/reguleeritav-rehviriiul\/","og_locale":"et_EE","og_type":"article","og_title":"REGULEERITAV REHVIRIIUL - Espak E-pood","og_url":"https:\/\/espak.ee\/epood\/toode\/reguleeritav-rehviriiul\/","og_site_name":"Espak E-pood","article_modified_time":"2024-06-21T17:39:38+00:00","og_image":[{"width":1000,"height":1000,"url":"https:\/\/espak.ee\/epood\/wp-content\/uploads\/2022\/02\/kenovo-reguleeritav-rehviriiul-gsh35-2.jpg","type":"image\/jpeg"}],"twitter_card":"summary_large_image","twitter_misc":{"Est. reading time":"1 minut"},"schema":{"@context":"https:\/\/schema.org","@graph":[{"@type":"WebPage","@id":"https:\/\/espak.ee\/epood\/toode\/reguleeritav-rehviriiul\/","url":"https:\/\/espak.ee\/epood\/toode\/reguleeritav-rehviriiul\/","name":"REGULEERITAV REHVIRIIUL - Espak E-pood","isPartOf":{"@id":"https:\/\/espak.ee\/epood\/#website"},"primaryImageOfPage":{"@id":"https:\/\/espak.ee\/epood\/toode\/reguleeritav-rehviriiul\/#primaryimage"},"image":{"@id":"https:\/\/espak.ee\/epood\/toode\/reguleeritav-rehviriiul\/#primaryimage"},"thumbnailUrl":"https:\/\/espak.ee\/epood\/wp-content\/uploads\/2022\/02\/kenovo-reguleeritav-rehviriiul-gsh35-2.jpg","datePublished":"2022-02-05T05:04:20+00:00","dateModified":"2024-06-21T17:39:38+00:00","breadcrumb":{"@id":"https:\/\/espak.ee\/epood\/toode\/reguleeritav-rehviriiul\/#breadcrumb"},"inLanguage":"et","potentialAction":[{"@type":"ReadAction","target":["https:\/\/espak.ee\/epood\/toode\/reguleeritav-rehviriiul\/"]}]},{"@type":"ImageObject","inLanguage":"et","@id":"https:\/\/espak.ee\/epood\/toode\/reguleeritav-rehviriiul\/#primaryimage","url":"https:\/\/espak.ee\/epood\/wp-content\/uploads\/2022\/02\/kenovo-reguleeritav-rehviriiul-gsh35-2.jpg","contentUrl":"https:\/\/espak.ee\/epood\/wp-content\/uploads\/2022\/02\/kenovo-reguleeritav-rehviriiul-gsh35-2.jpg","width":1000,"height":1000},{"@type":"BreadcrumbList","@id":"https:\/\/espak.ee\/epood\/toode\/reguleeritav-rehviriiul\/#breadcrumb","itemListElement":[{"@type":"ListItem","position":1,"name":"Home","item":"https:\/\/espak.ee\/epood\/"},{"@type":"ListItem","position":2,"name":"Tootevalik","item":"https:\/\/espak.ee\/epood\/tootevalik\/"},{"@type":"ListItem","position":3,"name":"REGULEERITAV REHVIRIIUL"}]},{"@type":"WebSite","@id":"https:\/\/espak.ee\/epood\/#website","url":"https:\/\/espak.ee\/epood\/","name":"Espak E-pood","description":"","potentialAction":[{"@type":"SearchAction","target":{"@type":"EntryPoint","urlTemplate":"https:\/\/espak.ee\/epood\/?s={search_term_string}"},"query-input":{"@type":"PropertyValueSpecification","valueRequired":true,"valueName":"search_term_string"}}],"inLanguage":"et"}]}},"_links":{"self":[{"href":"https:\/\/espak.ee\/epood\/wp-json\/wp\/v2\/product\/107983","targetHints":{"allow":["GET"]}}],"collection":[{"href":"https:\/\/espak.ee\/epood\/wp-json\/wp\/v2\/product"}],"about":[{"href":"https:\/\/espak.ee\/epood\/wp-json\/wp\/v2\/types\/product"}],"replies":[{"embeddable":true,"href":"https:\/\/espak.ee\/epood\/wp-json\/wp\/v2\/comments?post=107983"}],"wp:featuredmedia":[{"embeddable":true,"href":"https:\/\/espak.ee\/epood\/wp-json\/wp\/v2\/media\/108683"}],"wp:attachment":[{"href":"https:\/\/espak.ee\/epood\/wp-json\/wp\/v2\/media?parent=107983"}],"wp:term":[{"taxonomy":"product_brand","embeddable":true,"href":"https:\/\/espak.ee\/epood\/wp-json\/wp\/v2\/product_brand?post=107983"},{"taxonomy":"product_cat","embeddable":true,"href":"https:\/\/espak.ee\/epood\/wp-json\/wp\/v2\/product_cat?post=107983"},{"taxonomy":"product_tag","embeddable":true,"href":"https:\/\/espak.ee\/epood\/wp-json\/wp\/v2\/product_tag?post=107983"}],"curies":[{"name":"wp","href":"https:\/\/api.w.org\/{rel}","templated":true}]}}