{"id":10795,"date":"2019-11-12T02:35:21","date_gmt":"2019-11-12T00:35:21","guid":{"rendered":"https:\/\/espak.ee\/hinnakiri\/?post_type=product&#038;p=10795"},"modified":"2024-03-23T00:11:17","modified_gmt":"2024-03-22T22:11:17","slug":"fiksaatorliim-kiilto-grip-10l","status":"publish","type":"product","link":"https:\/\/espak.ee\/epood\/toode\/fiksaatorliim-kiilto-grip-10l\/","title":{"rendered":"FIKSAATORLIIM KIILTO PRO GRIP 10L"},"content":{"rendered":"<div class=\"row\"  id=\"row-750713865\">\n\n\t<div id=\"col-1052411134\" class=\"col medium-9 small-12 large-9\"  >\n\t\t\t\t<div class=\"col-inner\"  >\n\t\t\t\n\t\t\t\n<h2>Kiilto PRO Grip Fiksaatorliim<\/h2>\n<p>Rulliga pealekantav liim igat t\u00fc\u00fcpi lahtise p\u00f5randakatte jaoks. Moodustab kiiresti kleepuva kile ja loob p\u00fcsivalt kleepuva pinna. Kate on hiljem eemaldatav ja liimi saab eemaldada pestes. 2-et\u00fc\u00fclheksanoolivaba. Sobib ka p\u00f5randak\u00fcttele.<\/p>\n<div class=\"message-box relative\" style=\"padding-top:15px;padding-bottom:15px;\"><div class=\"message-box-bg-image bg-fill fill\" ><\/div><div class=\"message-box-bg-overlay bg-fill fill\" ><\/div><div class=\"container relative\"><div class=\"inner last-reset\">\n<div class=\"row align-middle align-center\"  id=\"row-986439464\">\n\n\t<div id=\"col-1074437080\" class=\"col small-12 large-12\"  >\n\t\t\t\t<div class=\"col-inner text-left\"  >\n\t\t\t\n\t\t\t\n<h4>Omadused<\/h4>\n<div class=\"row\"  id=\"row-1374013025\">\n\n\t<div id=\"col-872991269\" class=\"col medium-6 small-12 large-6\"  >\n\t\t\t\t<div class=\"col-inner\"  >\n\t\t\t\n\t\t\t\n<p><i class=\"fa fa-check fa-2x\"><\/i> <strong> Kasutusvalmis ja rullitav liim<\/strong><\/p>\n<p><i class=\"fa fa-check fa-2x\"><\/i> <strong> Moodustab kiiresti kleepuva pinna<\/strong><\/p>\n\t\t<\/div>\n\t\t\t\t\n<style>\n#col-872991269 > .col-inner {\n  margin: 0px 0px 15px 0px;\n}\n<\/style>\n\t<\/div>\n\n\t\n<\/div>\n\t\t<\/div>\n\t\t\t\t\t<\/div>\n\n\t\n<\/div>\n<\/div><\/div><\/div>\n\t<div id=\"gap-128304539\" class=\"gap-element clearfix\" style=\"display:block; height:auto;\">\n\t\t\n<style>\n#gap-128304539 {\n  padding-top: 30px;\n}\n<\/style>\n\t<\/div>\n\t\n<h3>Kasutamise \u00fcksikasjad<\/h3>\n<p><strong>Kasutusjuhend:<\/strong> Sobib tasasele, kuivale ja tolmuvabale tasandusseguga kaetud alusp\u00f5randale, ehitusplaadile v\u00f5i olemasolevale p\u00f5randakattele. Soovitame betoonaluspinda tasandada sobiva Kiilto v\u00e4hese leelisesisaldusega tasandusseguga, mis v\u00e4hendab p\u00f5randakatte v\u00f5i liimi kahjustamise ohtu liiga suure leeliselise niiskuse t\u00f5ttu. Enne paigaldamist veenduge, et olemasolev p\u00f5randakate on korralikult liimitud alusele, et k\u00f5ik vahaj\u00e4\u00e4gid on pinnalt eemaldatud ja et see sobib liimimiseks.<\/p>\n<p>Kandke Kiilto Pro Grip pinnale l\u00fchikeste karvadega rulliga. V\u00f5ite kasutada ka terasest pahtlilabidat. Liimikile nakkuvus oleneb alusp\u00f5randa poorsusest ja kasutatava liimi kogusest. Laske kuivada, kuni moodustab kleepuv kelme, ja paigaldage seej\u00e4rel p\u00f5randakate vastavalt tootja juhistele. S\u00f5ltuvalt tingimustest v\u00f5ib kleepuva kelme moodustumine kesta 20\u201345 min. P\u00f5randakate tuleb paigaldada tavap\u00e4rasel viisil, kuid liimipind peab enne paigaldamist olema kleepuv. J\u00e4rgige p\u00f5randakatte tootja juhiseid \u00f5ige liimikoguse kohta.<\/p>\n<p>Kiilto Gripi saab maha pesta, kui kanda liimile leeliselist pesuvahendit, nt veega lahjendatud vahendit Kiilto Maalarinpesupesu (1 osa Maalarinpesu ja 5 osa vett). Las pesuvahend hakkab m\u00f5juma, eemaldage pehmenenud liim k\u00e4sitsi v\u00f5i masinaga ja loputage pinda puhta veega. Puhastamisel v\u00f5ib kahjustada poorseid aluseid, n\u00e4iteks tasandussegu v\u00f5i ehitusplaate. Kiilto Gripi mahapesemisel vanalt kattelt veenduge, et kate talub leeliselist pesuvahendit.<\/p>\n<p>Poorseid alusp\u00f5randaid v\u00f5ib kruntida lahjendatud Kiilto Start Primeriga (1 osa Start Primerit and 4 osa vett).<\/p>\n<p><strong>Keskkond ja ohutus:<\/strong> V\u00e4ltige kuivamata toote kokkupuudet nahaga, kasutage kaitsekindaid. Lisateavet Kiilto Epoxy Cleaneri kohta leiate toote spetsiaalselt andmelehelt. Lisateavet toote ja pakendi k\u00f5rvaldamise kohta leiate kodulehel www.kiilto.com.<\/p>\n\t\t<\/div>\n\t\t\t\t\t<\/div>\n\n\t\n\n\t<div id=\"col-1290443911\" class=\"col medium-3 small-12 large-3\"  >\n\t\t\t\t<div class=\"col-inner\"  >\n\t\t\t\n\t\t\t\n\t<div id=\"gap-1457303145\" class=\"gap-element clearfix\" style=\"display:block; height:auto;\">\n\t\t\n<style>\n#gap-1457303145 {\n  padding-top: 30px;\n}\n<\/style>\n\t<\/div>\n\t\n<h3>Tehniline informatsioon<\/h3>\n<p><a href=\"https:\/\/espak.ee\/epood\/wp-content\/uploads\/2019\/11\/product_brochure_T3793_2023-11-09_et_EE2.pdf\"target=\"_blank\" rel=\"noopener noreferrer\"><i class=\"far fa-file-pdf\"><\/i> Tehniline info (PDF)<\/a><\/p>\n<h3>Ohutusalane teave<\/h3>\n<p><a href=\"https:\/\/espak.ee\/epood\/wp-content\/uploads\/2019\/11\/ktt2.pdf\"target=\"_blank\" rel=\"noopener noreferrer\"><i class=\"far fa-file-pdf\"><\/i> Ohutuskaart (PDF)<\/a><\/p>\n<div class=\"is-divider divider clearfix\" ><\/div>\n<p><strong>\u00dcksikasjalikuma n\u00f5u saamiseks v\u00f5tke \u00fchendust:<br \/><\/strong>Kiilto Eesti O\u00dc<br \/>L\u00e4ike tee 4<br \/>75312<br \/>Rae vald<br \/>(+372) 60 31 900<\/p>\n<div class=\"is-divider divider clearfix\" ><\/div>\n\t\t<\/div>\n\t\t\t\t\t<\/div>\n\n\t\n<\/div>\n","protected":false},"excerpt":{"rendered":"","protected":false},"featured_media":187905,"comment_status":"closed","ping_status":"closed","template":"","meta":[],"product_brand":[],"product_cat":[2703,2706,2731,2683],"product_tag":[],"class_list":{"0":"post-10795","1":"product","2":"type-product","3":"status-publish","4":"has-post-thumbnail","6":"product_cat-ehituskeemia","7":"product_cat-liimid","8":"product_cat-seina-ja-porandaliimid","9":"product_cat-viimistluskaubad","10":"pa_kaubamark-kiilto-eesti-ou","12":"first","13":"instock","14":"sale","15":"taxable","16":"shipping-taxable","17":"purchasable","18":"product-type-simple"},"yoast_head":"<!-- This site is optimized with the Yoast SEO plugin v26.9 - https:\/\/yoast.com\/product\/yoast-seo-wordpress\/ -->\n<title>FIKSAATORLIIM KIILTO PRO GRIP 10L - Espak E-pood<\/title>\n<meta name=\"robots\" content=\"index, follow, max-snippet:-1, max-image-preview:large, max-video-preview:-1\" \/>\n<link rel=\"canonical\" href=\"https:\/\/espak.ee\/epood\/toode\/fiksaatorliim-kiilto-grip-10l\/\" \/>\n<meta property=\"og:locale\" content=\"et_EE\" \/>\n<meta property=\"og:type\" content=\"article\" \/>\n<meta property=\"og:title\" content=\"FIKSAATORLIIM KIILTO PRO GRIP 10L - Espak E-pood\" \/>\n<meta property=\"og:url\" content=\"https:\/\/espak.ee\/epood\/toode\/fiksaatorliim-kiilto-grip-10l\/\" \/>\n<meta property=\"og:site_name\" content=\"Espak E-pood\" \/>\n<meta property=\"article:modified_time\" content=\"2024-03-22T22:11:17+00:00\" \/>\n<meta property=\"og:image\" content=\"https:\/\/espak.ee\/epood\/wp-content\/uploads\/2019\/11\/PRO-GRIP.jpg\" \/>\n\t<meta property=\"og:image:width\" content=\"800\" \/>\n\t<meta property=\"og:image:height\" content=\"800\" \/>\n\t<meta property=\"og:image:type\" content=\"image\/jpeg\" \/>\n<meta name=\"twitter:card\" content=\"summary_large_image\" \/>\n<meta name=\"twitter:label1\" content=\"Est. reading time\" \/>\n\t<meta name=\"twitter:data1\" content=\"2 minutit\" \/>\n<script type=\"application\/ld+json\" class=\"yoast-schema-graph\">{\"@context\":\"https:\/\/schema.org\",\"@graph\":[{\"@type\":\"WebPage\",\"@id\":\"https:\/\/espak.ee\/epood\/toode\/fiksaatorliim-kiilto-grip-10l\/\",\"url\":\"https:\/\/espak.ee\/epood\/toode\/fiksaatorliim-kiilto-grip-10l\/\",\"name\":\"FIKSAATORLIIM KIILTO PRO GRIP 10L - Espak E-pood\",\"isPartOf\":{\"@id\":\"https:\/\/espak.ee\/epood\/#website\"},\"primaryImageOfPage\":{\"@id\":\"https:\/\/espak.ee\/epood\/toode\/fiksaatorliim-kiilto-grip-10l\/#primaryimage\"},\"image\":{\"@id\":\"https:\/\/espak.ee\/epood\/toode\/fiksaatorliim-kiilto-grip-10l\/#primaryimage\"},\"thumbnailUrl\":\"https:\/\/espak.ee\/epood\/wp-content\/uploads\/2019\/11\/PRO-GRIP.jpg\",\"datePublished\":\"2019-11-12T00:35:21+00:00\",\"dateModified\":\"2024-03-22T22:11:17+00:00\",\"breadcrumb\":{\"@id\":\"https:\/\/espak.ee\/epood\/toode\/fiksaatorliim-kiilto-grip-10l\/#breadcrumb\"},\"inLanguage\":\"et\",\"potentialAction\":[{\"@type\":\"ReadAction\",\"target\":[\"https:\/\/espak.ee\/epood\/toode\/fiksaatorliim-kiilto-grip-10l\/\"]}]},{\"@type\":\"ImageObject\",\"inLanguage\":\"et\",\"@id\":\"https:\/\/espak.ee\/epood\/toode\/fiksaatorliim-kiilto-grip-10l\/#primaryimage\",\"url\":\"https:\/\/espak.ee\/epood\/wp-content\/uploads\/2019\/11\/PRO-GRIP.jpg\",\"contentUrl\":\"https:\/\/espak.ee\/epood\/wp-content\/uploads\/2019\/11\/PRO-GRIP.jpg\",\"width\":800,\"height\":800},{\"@type\":\"BreadcrumbList\",\"@id\":\"https:\/\/espak.ee\/epood\/toode\/fiksaatorliim-kiilto-grip-10l\/#breadcrumb\",\"itemListElement\":[{\"@type\":\"ListItem\",\"position\":1,\"name\":\"Home\",\"item\":\"https:\/\/espak.ee\/epood\/\"},{\"@type\":\"ListItem\",\"position\":2,\"name\":\"Tootevalik\",\"item\":\"https:\/\/espak.ee\/epood\/tootevalik\/\"},{\"@type\":\"ListItem\",\"position\":3,\"name\":\"FIKSAATORLIIM KIILTO PRO GRIP 10L\"}]},{\"@type\":\"WebSite\",\"@id\":\"https:\/\/espak.ee\/epood\/#website\",\"url\":\"https:\/\/espak.ee\/epood\/\",\"name\":\"Espak E-pood\",\"description\":\"\",\"potentialAction\":[{\"@type\":\"SearchAction\",\"target\":{\"@type\":\"EntryPoint\",\"urlTemplate\":\"https:\/\/espak.ee\/epood\/?s={search_term_string}\"},\"query-input\":{\"@type\":\"PropertyValueSpecification\",\"valueRequired\":true,\"valueName\":\"search_term_string\"}}],\"inLanguage\":\"et\"}]}<\/script>\n<!-- \/ Yoast SEO plugin. -->","yoast_head_json":{"title":"FIKSAATORLIIM KIILTO PRO GRIP 10L - Espak E-pood","robots":{"index":"index","follow":"follow","max-snippet":"max-snippet:-1","max-image-preview":"max-image-preview:large","max-video-preview":"max-video-preview:-1"},"canonical":"https:\/\/espak.ee\/epood\/toode\/fiksaatorliim-kiilto-grip-10l\/","og_locale":"et_EE","og_type":"article","og_title":"FIKSAATORLIIM KIILTO PRO GRIP 10L - Espak E-pood","og_url":"https:\/\/espak.ee\/epood\/toode\/fiksaatorliim-kiilto-grip-10l\/","og_site_name":"Espak E-pood","article_modified_time":"2024-03-22T22:11:17+00:00","og_image":[{"width":800,"height":800,"url":"https:\/\/espak.ee\/epood\/wp-content\/uploads\/2019\/11\/PRO-GRIP.jpg","type":"image\/jpeg"}],"twitter_card":"summary_large_image","twitter_misc":{"Est. reading time":"2 minutit"},"schema":{"@context":"https:\/\/schema.org","@graph":[{"@type":"WebPage","@id":"https:\/\/espak.ee\/epood\/toode\/fiksaatorliim-kiilto-grip-10l\/","url":"https:\/\/espak.ee\/epood\/toode\/fiksaatorliim-kiilto-grip-10l\/","name":"FIKSAATORLIIM KIILTO PRO GRIP 10L - Espak E-pood","isPartOf":{"@id":"https:\/\/espak.ee\/epood\/#website"},"primaryImageOfPage":{"@id":"https:\/\/espak.ee\/epood\/toode\/fiksaatorliim-kiilto-grip-10l\/#primaryimage"},"image":{"@id":"https:\/\/espak.ee\/epood\/toode\/fiksaatorliim-kiilto-grip-10l\/#primaryimage"},"thumbnailUrl":"https:\/\/espak.ee\/epood\/wp-content\/uploads\/2019\/11\/PRO-GRIP.jpg","datePublished":"2019-11-12T00:35:21+00:00","dateModified":"2024-03-22T22:11:17+00:00","breadcrumb":{"@id":"https:\/\/espak.ee\/epood\/toode\/fiksaatorliim-kiilto-grip-10l\/#breadcrumb"},"inLanguage":"et","potentialAction":[{"@type":"ReadAction","target":["https:\/\/espak.ee\/epood\/toode\/fiksaatorliim-kiilto-grip-10l\/"]}]},{"@type":"ImageObject","inLanguage":"et","@id":"https:\/\/espak.ee\/epood\/toode\/fiksaatorliim-kiilto-grip-10l\/#primaryimage","url":"https:\/\/espak.ee\/epood\/wp-content\/uploads\/2019\/11\/PRO-GRIP.jpg","contentUrl":"https:\/\/espak.ee\/epood\/wp-content\/uploads\/2019\/11\/PRO-GRIP.jpg","width":800,"height":800},{"@type":"BreadcrumbList","@id":"https:\/\/espak.ee\/epood\/toode\/fiksaatorliim-kiilto-grip-10l\/#breadcrumb","itemListElement":[{"@type":"ListItem","position":1,"name":"Home","item":"https:\/\/espak.ee\/epood\/"},{"@type":"ListItem","position":2,"name":"Tootevalik","item":"https:\/\/espak.ee\/epood\/tootevalik\/"},{"@type":"ListItem","position":3,"name":"FIKSAATORLIIM KIILTO PRO GRIP 10L"}]},{"@type":"WebSite","@id":"https:\/\/espak.ee\/epood\/#website","url":"https:\/\/espak.ee\/epood\/","name":"Espak E-pood","description":"","potentialAction":[{"@type":"SearchAction","target":{"@type":"EntryPoint","urlTemplate":"https:\/\/espak.ee\/epood\/?s={search_term_string}"},"query-input":{"@type":"PropertyValueSpecification","valueRequired":true,"valueName":"search_term_string"}}],"inLanguage":"et"}]}},"_links":{"self":[{"href":"https:\/\/espak.ee\/epood\/wp-json\/wp\/v2\/product\/10795","targetHints":{"allow":["GET"]}}],"collection":[{"href":"https:\/\/espak.ee\/epood\/wp-json\/wp\/v2\/product"}],"about":[{"href":"https:\/\/espak.ee\/epood\/wp-json\/wp\/v2\/types\/product"}],"replies":[{"embeddable":true,"href":"https:\/\/espak.ee\/epood\/wp-json\/wp\/v2\/comments?post=10795"}],"wp:featuredmedia":[{"embeddable":true,"href":"https:\/\/espak.ee\/epood\/wp-json\/wp\/v2\/media\/187905"}],"wp:attachment":[{"href":"https:\/\/espak.ee\/epood\/wp-json\/wp\/v2\/media?parent=10795"}],"wp:term":[{"taxonomy":"product_brand","embeddable":true,"href":"https:\/\/espak.ee\/epood\/wp-json\/wp\/v2\/product_brand?post=10795"},{"taxonomy":"product_cat","embeddable":true,"href":"https:\/\/espak.ee\/epood\/wp-json\/wp\/v2\/product_cat?post=10795"},{"taxonomy":"product_tag","embeddable":true,"href":"https:\/\/espak.ee\/epood\/wp-json\/wp\/v2\/product_tag?post=10795"}],"curies":[{"name":"wp","href":"https:\/\/api.w.org\/{rel}","templated":true}]}}