{"id":10774,"date":"2019-11-12T02:35:13","date_gmt":"2019-11-12T00:35:13","guid":{"rendered":"https:\/\/espak.ee\/hinnakiri\/?post_type=product&#038;p=10774"},"modified":"2025-08-29T01:42:35","modified_gmt":"2025-08-28T22:42:35","slug":"liimimass-kiiltoflex-xpu-valge-290ml","status":"publish","type":"product","link":"https:\/\/espak.ee\/epood\/toode\/liimimass-kiiltoflex-xpu-valge-290ml\/","title":{"rendered":"LIIMIMASS KIILTOFLEX XPU VALGE 290ML"},"content":{"rendered":"<div class=\"row\"  id=\"row-1221216163\">\n\n\t<div id=\"col-1439893521\" class=\"col medium-9 small-12 large-9\"  >\n\t\t\t\t<div class=\"col-inner\"  >\n\t\t\t\n\t\t\t\n<h2>Kiilto XPU liimimass<\/h2>\n<p>Kiiresti siduv, pol\u00fcuretaanisisaldusega elastne liimhermeetik, mis p\u00f5hineb sil\u00fc\u00fclmodifitseeritud pol\u00fcmeertehnoloogial. Kasutamiseks sise- ja v\u00e4listingimustes. Lahustivaba, ei sisalda isots\u00fcanaate. Sobilik kasutamiseks koos \u00fchekomponentsete h\u00fcdroisolatsioonimastiksitega torul\u00e4biviikude tihendamiseks. V\u00e4rv: erkvalge.<\/p>\n<div class=\"message-box relative\" style=\"padding-top:15px;padding-bottom:15px;\"><div class=\"message-box-bg-image bg-fill fill\" ><\/div><div class=\"message-box-bg-overlay bg-fill fill\" ><\/div><div class=\"container relative\"><div class=\"inner last-reset\">\n<div class=\"row align-middle align-center\"  id=\"row-2011594459\">\n\n\t<div id=\"col-875720071\" class=\"col small-12 large-12\"  >\n\t\t\t\t<div class=\"col-inner text-left\"  >\n\t\t\t\n\t\t\t\n<h4>Omadused<\/h4>\n<div class=\"row\"  id=\"row-118515898\">\n\n\t<div id=\"col-2118172959\" class=\"col medium-6 small-12 large-6\"  >\n\t\t\t\t<div class=\"col-inner\"  >\n\t\t\t\n\t\t\t\n<p><i class=\"fa fa-check fa-2x\"><\/i> <strong>Kiirelt siduv ja elastne liimivuuk<\/strong><\/p>\n<p><i class=\"fa fa-check fa-2x\"><\/i> <strong>Suurep\u00e4rane nake<\/strong><\/p>\n\t\t<\/div>\n\t\t\t\t\n<style>\n#col-2118172959 > .col-inner {\n  margin: 0px 0px 15px 0px;\n}\n<\/style>\n\t<\/div>\n\n\t\n<\/div>\n\t\t<\/div>\n\t\t\t\t\t<\/div>\n\n\t\n<\/div>\n<\/div><\/div><\/div>\n\t<div id=\"gap-290919664\" class=\"gap-element clearfix\" style=\"display:block; height:auto;\">\n\t\t\n<style>\n#gap-290919664 {\n  padding-top: 30px;\n}\n<\/style>\n\t<\/div>\n\t\n<h3>Kasutamise \u00fcksikasjad<\/h3>\n<p><strong>Kasutusalad:<\/strong> Kiilto XPU on kiirsiduv, pol\u00fcuretaani sisaldusega elastne liimhermeetik, mis p\u00f5hineb sil\u00fc\u00fclpol\u00fcmeertehnoloogial. Sobilik erievate materjalide liimimiseks ja tihendamiseks (k.a keevitus) struktuursete \u00fchenduste korral. T\u00fc\u00fcpilisteks kasutuskohtadeks on n\u00e4iteks s\u00f5idukikered, vagunelamud, bussid ja rongid. Ehituses kasutatakse toodet Kiilto XPU n\u00e4iteks isolatsiooniplaatide, liistude, kraanikausside ja WC-pottide kinnitamiseks. Toode sobib ka m\u00e4rjas ruumis kasutatavate plaadivuukide ja l\u00e4biviikude tihendamiseks. Hea liimuvus mitmesuguste kivipindade, betooni, enamuse metallide, puidu, klaasi ja emailpindadega, samuti epoksiid- ja pol\u00fcesterpindadega. Enne plasti ja kummi liimimist on soovitatav teha prooviliimimine tegelikes kasutustingimustes. Ehitusmaterjalide emissiooniklass M1. Suurep\u00e4rane nakkuvus erinevate materjalidega &#8211; enamikul juhtudel ei ole vaja pinda eelt\u00f6\u00f6delda. Elastne, kuid mehaaniliselt tugev side. Ei sisalda pol\u00fcvin\u00fc\u00fclkloriidi (PVC) ega lahusteid. Peaaegu l\u00f5hnatu. Hea vastupidavus kemikaalidele (lahjad lahused). Suurep\u00e4rane vastupidavus ilmastikule ja ultraviolettkiirgusele. Kuivades kahanemine praktiliselt puudub. \u00dclev\u00e4rvitav enamike v\u00e4rvidega (enne kasutamist testida). Lihvitav.<\/p>\n<p><strong>Kasutusjuhis:<\/strong> Kasutatavad materjalid peavad olema tolmuvabad, kuivad ning rasva- ja \u00f5livabad. Parima tulemuse saavutamiseks puhastage metallpind tootega Kiilto Cleaner 303 ja seej\u00e4rel eelt\u00f6\u00f6delge pind vajadusel tootega Kiiltoflex Metalliprimer. Kandke liim pinnale ja vajadusel siluge liimilabidaga. Suurte \u00fchetaoliste pindade v\u00f5i v\u00e4ga kuivade pindade liimimisel on soovitatav pinnad kergelt veega \u00fcle pritsida (u 5\u201310 g\/m2). Sulgege pakend p\u00e4rast kasutamist hoolikalt. K\u00f5venemata toote saab eemaldada Kiilto Cleaner 303 v\u00f5i atsetooniga K\u00f5venenud toodet saab eemaldada vaid mehaaniliselt. Valitsevad tingimused nagu temperatuur, aluspinna temperatuur, materjal ja niiskus, samuti pealekantud liimi kogus, m\u00f5jutavad oluliselt puutekuivuse saavutamise ja l\u00f5pliku kuivamise aega. Seet\u00f5ttu saab antud juhist kasutada l\u00e4htedokumendina.<\/p>\n<p><strong>Keskkond ja ohutus:<\/strong> V\u00e4ltige kuivamata toote kokkupuudet nahaga, kasutage kaitsekindaid. Tutvuge tooteohutuskaardiga.<\/p>\n\t\t<\/div>\n\t\t\t\t\t<\/div>\n\n\t\n\n\t<div id=\"col-1130187468\" class=\"col medium-3 small-12 large-3\"  >\n\t\t\t\t<div class=\"col-inner\"  >\n\t\t\t\n\t\t\t\n\t<div id=\"gap-801395611\" class=\"gap-element clearfix\" style=\"display:block; height:auto;\">\n\t\t\n<style>\n#gap-801395611 {\n  padding-top: 30px;\n}\n<\/style>\n\t<\/div>\n\t\n<h3>Tehniline informatsioon<\/h3>\n<p><a href=\"https:\/\/espak.ee\/epood\/wp-content\/uploads\/XPU-tooteleht.pdf\" target=\"_blank\" rel=\"noopener noreferrer\"><i class=\"far fa-file-pdf\"><\/i> Tehniline info (PDF)<\/a><\/p>\n<h3>Ohutusalane teave<\/h3>\n<p><a href=\"https:\/\/espak.ee\/epood\/wp-content\/uploads\/XPU-ohutuskaart.pdf\" target=\"_blank\" rel=\"noopener noreferrer\"><i class=\"far fa-file-pdf\"><\/i> Ohutusalane teave (PDF)<\/a><\/p>\n<div class=\"is-divider divider clearfix\" ><\/div>\n<p><strong>\u00dcksikasjalikuma n\u00f5u saamiseks v\u00f5tke \u00fchendust:<br \/><\/strong>Kiilto Eesti O\u00dc<br \/>L\u00e4ike tee 4<br \/>75312<br \/>Rae vald<br \/>(+372) 60 31 900<\/p>\n<div class=\"is-divider divider clearfix\" ><\/div>\n\t\t<\/div>\n\t\t\t\t\t<\/div>\n\n\t\n<\/div>\n","protected":false},"excerpt":{"rendered":"","protected":false},"featured_media":10893,"comment_status":"closed","ping_status":"closed","template":"","meta":[],"product_brand":[],"product_cat":[2703,2706,2707,2683],"product_tag":[],"class_list":{"0":"post-10774","1":"product","2":"type-product","3":"status-publish","4":"has-post-thumbnail","6":"product_cat-ehituskeemia","7":"product_cat-liimid","8":"product_cat-universaalliimid","9":"product_cat-viimistluskaubad","10":"pa_kaubamark-kiilto-eesti-ou","12":"first","13":"instock","14":"sale","15":"taxable","16":"shipping-taxable","17":"purchasable","18":"product-type-simple"},"yoast_head":"<!-- This site is optimized with the Yoast SEO plugin v26.9 - https:\/\/yoast.com\/product\/yoast-seo-wordpress\/ -->\n<title>LIIMIMASS KIILTOFLEX XPU VALGE 290ML - Espak E-pood<\/title>\n<meta name=\"robots\" content=\"index, follow, max-snippet:-1, max-image-preview:large, max-video-preview:-1\" \/>\n<link rel=\"canonical\" href=\"https:\/\/espak.ee\/epood\/toode\/liimimass-kiiltoflex-xpu-valge-290ml\/\" \/>\n<meta property=\"og:locale\" content=\"et_EE\" \/>\n<meta property=\"og:type\" content=\"article\" \/>\n<meta property=\"og:title\" content=\"LIIMIMASS KIILTOFLEX XPU VALGE 290ML - Espak E-pood\" \/>\n<meta property=\"og:url\" content=\"https:\/\/espak.ee\/epood\/toode\/liimimass-kiiltoflex-xpu-valge-290ml\/\" \/>\n<meta property=\"og:site_name\" content=\"Espak E-pood\" \/>\n<meta property=\"article:modified_time\" content=\"2025-08-28T22:42:35+00:00\" \/>\n<meta property=\"og:image\" content=\"https:\/\/espak.ee\/epood\/wp-content\/uploads\/XPU.png\" \/>\n\t<meta property=\"og:image:width\" content=\"800\" \/>\n\t<meta property=\"og:image:height\" content=\"800\" \/>\n\t<meta property=\"og:image:type\" content=\"image\/png\" \/>\n<meta name=\"twitter:card\" content=\"summary_large_image\" \/>\n<meta name=\"twitter:label1\" content=\"Est. reading time\" \/>\n\t<meta name=\"twitter:data1\" content=\"2 minutit\" \/>\n<script type=\"application\/ld+json\" class=\"yoast-schema-graph\">{\"@context\":\"https:\/\/schema.org\",\"@graph\":[{\"@type\":\"WebPage\",\"@id\":\"https:\/\/espak.ee\/epood\/toode\/liimimass-kiiltoflex-xpu-valge-290ml\/\",\"url\":\"https:\/\/espak.ee\/epood\/toode\/liimimass-kiiltoflex-xpu-valge-290ml\/\",\"name\":\"LIIMIMASS KIILTOFLEX XPU VALGE 290ML - Espak E-pood\",\"isPartOf\":{\"@id\":\"https:\/\/espak.ee\/epood\/#website\"},\"primaryImageOfPage\":{\"@id\":\"https:\/\/espak.ee\/epood\/toode\/liimimass-kiiltoflex-xpu-valge-290ml\/#primaryimage\"},\"image\":{\"@id\":\"https:\/\/espak.ee\/epood\/toode\/liimimass-kiiltoflex-xpu-valge-290ml\/#primaryimage\"},\"thumbnailUrl\":\"https:\/\/espak.ee\/epood\/wp-content\/uploads\/XPU.png\",\"datePublished\":\"2019-11-12T00:35:13+00:00\",\"dateModified\":\"2025-08-28T22:42:35+00:00\",\"breadcrumb\":{\"@id\":\"https:\/\/espak.ee\/epood\/toode\/liimimass-kiiltoflex-xpu-valge-290ml\/#breadcrumb\"},\"inLanguage\":\"et\",\"potentialAction\":[{\"@type\":\"ReadAction\",\"target\":[\"https:\/\/espak.ee\/epood\/toode\/liimimass-kiiltoflex-xpu-valge-290ml\/\"]}]},{\"@type\":\"ImageObject\",\"inLanguage\":\"et\",\"@id\":\"https:\/\/espak.ee\/epood\/toode\/liimimass-kiiltoflex-xpu-valge-290ml\/#primaryimage\",\"url\":\"https:\/\/espak.ee\/epood\/wp-content\/uploads\/XPU.png\",\"contentUrl\":\"https:\/\/espak.ee\/epood\/wp-content\/uploads\/XPU.png\",\"width\":800,\"height\":800},{\"@type\":\"BreadcrumbList\",\"@id\":\"https:\/\/espak.ee\/epood\/toode\/liimimass-kiiltoflex-xpu-valge-290ml\/#breadcrumb\",\"itemListElement\":[{\"@type\":\"ListItem\",\"position\":1,\"name\":\"Home\",\"item\":\"https:\/\/espak.ee\/epood\/\"},{\"@type\":\"ListItem\",\"position\":2,\"name\":\"Tootevalik\",\"item\":\"https:\/\/espak.ee\/epood\/tootevalik\/\"},{\"@type\":\"ListItem\",\"position\":3,\"name\":\"LIIMIMASS KIILTOFLEX XPU VALGE 290ML\"}]},{\"@type\":\"WebSite\",\"@id\":\"https:\/\/espak.ee\/epood\/#website\",\"url\":\"https:\/\/espak.ee\/epood\/\",\"name\":\"Espak E-pood\",\"description\":\"\",\"potentialAction\":[{\"@type\":\"SearchAction\",\"target\":{\"@type\":\"EntryPoint\",\"urlTemplate\":\"https:\/\/espak.ee\/epood\/?s={search_term_string}\"},\"query-input\":{\"@type\":\"PropertyValueSpecification\",\"valueRequired\":true,\"valueName\":\"search_term_string\"}}],\"inLanguage\":\"et\"}]}<\/script>\n<!-- \/ Yoast SEO plugin. -->","yoast_head_json":{"title":"LIIMIMASS KIILTOFLEX XPU VALGE 290ML - Espak E-pood","robots":{"index":"index","follow":"follow","max-snippet":"max-snippet:-1","max-image-preview":"max-image-preview:large","max-video-preview":"max-video-preview:-1"},"canonical":"https:\/\/espak.ee\/epood\/toode\/liimimass-kiiltoflex-xpu-valge-290ml\/","og_locale":"et_EE","og_type":"article","og_title":"LIIMIMASS KIILTOFLEX XPU VALGE 290ML - Espak E-pood","og_url":"https:\/\/espak.ee\/epood\/toode\/liimimass-kiiltoflex-xpu-valge-290ml\/","og_site_name":"Espak E-pood","article_modified_time":"2025-08-28T22:42:35+00:00","og_image":[{"width":800,"height":800,"url":"https:\/\/espak.ee\/epood\/wp-content\/uploads\/XPU.png","type":"image\/png"}],"twitter_card":"summary_large_image","twitter_misc":{"Est. reading time":"2 minutit"},"schema":{"@context":"https:\/\/schema.org","@graph":[{"@type":"WebPage","@id":"https:\/\/espak.ee\/epood\/toode\/liimimass-kiiltoflex-xpu-valge-290ml\/","url":"https:\/\/espak.ee\/epood\/toode\/liimimass-kiiltoflex-xpu-valge-290ml\/","name":"LIIMIMASS KIILTOFLEX XPU VALGE 290ML - Espak E-pood","isPartOf":{"@id":"https:\/\/espak.ee\/epood\/#website"},"primaryImageOfPage":{"@id":"https:\/\/espak.ee\/epood\/toode\/liimimass-kiiltoflex-xpu-valge-290ml\/#primaryimage"},"image":{"@id":"https:\/\/espak.ee\/epood\/toode\/liimimass-kiiltoflex-xpu-valge-290ml\/#primaryimage"},"thumbnailUrl":"https:\/\/espak.ee\/epood\/wp-content\/uploads\/XPU.png","datePublished":"2019-11-12T00:35:13+00:00","dateModified":"2025-08-28T22:42:35+00:00","breadcrumb":{"@id":"https:\/\/espak.ee\/epood\/toode\/liimimass-kiiltoflex-xpu-valge-290ml\/#breadcrumb"},"inLanguage":"et","potentialAction":[{"@type":"ReadAction","target":["https:\/\/espak.ee\/epood\/toode\/liimimass-kiiltoflex-xpu-valge-290ml\/"]}]},{"@type":"ImageObject","inLanguage":"et","@id":"https:\/\/espak.ee\/epood\/toode\/liimimass-kiiltoflex-xpu-valge-290ml\/#primaryimage","url":"https:\/\/espak.ee\/epood\/wp-content\/uploads\/XPU.png","contentUrl":"https:\/\/espak.ee\/epood\/wp-content\/uploads\/XPU.png","width":800,"height":800},{"@type":"BreadcrumbList","@id":"https:\/\/espak.ee\/epood\/toode\/liimimass-kiiltoflex-xpu-valge-290ml\/#breadcrumb","itemListElement":[{"@type":"ListItem","position":1,"name":"Home","item":"https:\/\/espak.ee\/epood\/"},{"@type":"ListItem","position":2,"name":"Tootevalik","item":"https:\/\/espak.ee\/epood\/tootevalik\/"},{"@type":"ListItem","position":3,"name":"LIIMIMASS KIILTOFLEX XPU VALGE 290ML"}]},{"@type":"WebSite","@id":"https:\/\/espak.ee\/epood\/#website","url":"https:\/\/espak.ee\/epood\/","name":"Espak E-pood","description":"","potentialAction":[{"@type":"SearchAction","target":{"@type":"EntryPoint","urlTemplate":"https:\/\/espak.ee\/epood\/?s={search_term_string}"},"query-input":{"@type":"PropertyValueSpecification","valueRequired":true,"valueName":"search_term_string"}}],"inLanguage":"et"}]}},"_links":{"self":[{"href":"https:\/\/espak.ee\/epood\/wp-json\/wp\/v2\/product\/10774","targetHints":{"allow":["GET"]}}],"collection":[{"href":"https:\/\/espak.ee\/epood\/wp-json\/wp\/v2\/product"}],"about":[{"href":"https:\/\/espak.ee\/epood\/wp-json\/wp\/v2\/types\/product"}],"replies":[{"embeddable":true,"href":"https:\/\/espak.ee\/epood\/wp-json\/wp\/v2\/comments?post=10774"}],"wp:featuredmedia":[{"embeddable":true,"href":"https:\/\/espak.ee\/epood\/wp-json\/wp\/v2\/media\/10893"}],"wp:attachment":[{"href":"https:\/\/espak.ee\/epood\/wp-json\/wp\/v2\/media?parent=10774"}],"wp:term":[{"taxonomy":"product_brand","embeddable":true,"href":"https:\/\/espak.ee\/epood\/wp-json\/wp\/v2\/product_brand?post=10774"},{"taxonomy":"product_cat","embeddable":true,"href":"https:\/\/espak.ee\/epood\/wp-json\/wp\/v2\/product_cat?post=10774"},{"taxonomy":"product_tag","embeddable":true,"href":"https:\/\/espak.ee\/epood\/wp-json\/wp\/v2\/product_tag?post=10774"}],"curies":[{"name":"wp","href":"https:\/\/api.w.org\/{rel}","templated":true}]}}