{"id":107721,"date":"2022-02-03T05:07:02","date_gmt":"2022-02-03T05:07:02","guid":{"rendered":"https:\/\/espak.ee\/epood\/?post_type=product&#038;p=107721"},"modified":"2025-04-02T21:45:55","modified_gmt":"2025-04-02T18:45:55","slug":"katuse-aluskate-eurovent-home-pro-sk2-75m2","status":"publish","type":"product","link":"https:\/\/espak.ee\/epood\/toode\/katuse-aluskate-eurovent-home-pro-sk2-75m2\/","title":{"rendered":"KATUSE ALUSKATE EUROVENT HOME PRO SK2 75M2"},"content":{"rendered":"<div class=\"row\"  id=\"row-330909350\">\n\n\t<div id=\"col-1666610179\" class=\"col medium-9 small-12 large-9\"  >\n\t\t\t\t<div class=\"col-inner\"  >\n\t\t\t\n\t\t\t\n<h3>Katuse aluskate Eurovent Home PRO SK2 75m2<\/h3>\n<p>Eurovent HOME PRO katusemembraan, kolmekihiline, suure auru l\u00e4bilaskev\u00f5imega, tuulekindel, kasutamiseks nii katustel kui ka seintes. Kasutatakse aluskattena kaldkatustes ning kivi-, betoon-, s\u00f5restik- ja CLT fassaadide kaitsekihi ja tuulet\u00f5kkena. Soovitatav kasutada ka passiivmajade puhul. Sobib ka p\u00f6\u00f6ningu v\u00f5i katuse renoveerimiseks nii \u00f6elda \u201ep\u00f6\u00f6ratud moel\u201d. Toote v\u00f5ib paigaldada vastu soojustust (mineraal-, klaas- ja kivivill). K\u00f5rge rebenemiskindlus tagab mugava paigalduse.<br \/>\n Membraan on saadaval kahe liimiribaga &#8211; S\u00dcSTEEM SK2.<\/p>\n<div class=\"message-box relative\" style=\"padding-top:15px;padding-bottom:15px;\"><div class=\"message-box-bg-image bg-fill fill\" ><\/div><div class=\"message-box-bg-overlay bg-fill fill\" ><\/div><div class=\"container relative\"><div class=\"inner last-reset\">\n<div class=\"row align-middle align-center\"  id=\"row-1763695627\">\n\n\t<div id=\"col-59535963\" class=\"col small-12 large-12\"  >\n\t\t\t\t<div class=\"col-inner text-left\"  >\n\t\t\t\n\t\t\t\n<h4>Omadused<\/h4>\n<div class=\"row\"  id=\"row-32385191\">\n\n\t<div id=\"col-1732379485\" class=\"col medium-6 small-12 large-6\"  >\n\t\t\t\t<div class=\"col-inner\"  >\n\t\t\t\n\t\t\t\n<p><i class=\"fa fa-check fa-2x\"><\/i> <strong> Ulatuslik rakendus<\/strong><\/p>\n<p><i class=\"fa fa-check fa-2x\"><\/i> <strong> Rebenemiskindlus<\/strong><\/p>\n\t\t<\/div>\n\t\t\t\t\n<style>\n#col-1732379485 > .col-inner {\n  margin: 0px 0px 15px 0px;\n}\n<\/style>\n\t<\/div>\n\n\t\n\n\t<div id=\"col-1296988137\" class=\"col medium-6 small-12 large-6\"  >\n\t\t\t\t<div class=\"col-inner\"  >\n\t\t\t\n\t\t\t\n<p><i class=\"fa fa-check fa-2x\"><\/i> <strong> UV- ja veekindlus<\/strong><\/p>\n\t\t<\/div>\n\t\t\t\t\n<style>\n#col-1296988137 > .col-inner {\n  margin: 0px 0px 15px 0px;\n}\n<\/style>\n\t<\/div>\n\n\t\n<\/div>\n\t\t<\/div>\n\t\t\t\t\t<\/div>\n\n\t\n<\/div>\n<\/div><\/div><\/div>\n\t<div id=\"gap-1644147099\" class=\"gap-element clearfix\" style=\"display:block; height:auto;\">\n\t\t\n<style>\n#gap-1644147099 {\n  padding-top: 30px;\n}\n<\/style>\n\t<\/div>\n\t\n<p><strong>S\u00fcsteem SK2:<\/strong> Membraan on saadaval kahe liimiribaga. Selline lahendus lihtsustab materjali paigaldamist ja garanteerib n\u00f5uetekohase \u00fclekatete tiheda \u00fchenduse. Kaks teibiriba tagavad p\u00fcsiva \u00fchenduse iga ilmaga: k\u00f5rge \u00f5huniiskuse korral, tugevate tuultega, vihmaga, madalatel temperatuuridel.<\/p>\n\t\t<\/div>\n\t\t\t\t\t<\/div>\n\n\t\n\n\t<div id=\"col-788793411\" class=\"col medium-3 small-12 large-3\"  >\n\t\t\t\t<div class=\"col-inner\"  >\n\t\t\t\n\t\t\t\n<h3>Tehniline informatsioon<\/h3>\n<p><a href=\"https:\/\/espak.ee\/epood\/wp-content\/uploads\/2022\/02\/Eurovent-HomePro-SK2-tehniline-leht.pdf\"target=\"_blank\" rel=\"noopener noreferrer\"><i class=\"far fa-file-pdf\"><\/i> Tehniline info (PDF)<\/a><\/p>\n<div class=\"is-divider divider clearfix\" ><\/div>\n<p><strong>\u00dcksikasjalikuma n\u00f5u saamiseks v\u00f5tke \u00fchendust:<br \/><\/strong>Tektum O\u00dc<br \/>Peterburi tee 2<br \/>11415<br \/>Tallinn<br \/>+372 657 1117 <\/p>\n\t\t<\/div>\n\t\t\t\t\t<\/div>\n\n\t\n<\/div>\n","protected":false},"excerpt":{"rendered":"","protected":false},"featured_media":108796,"comment_status":"closed","ping_status":"closed","template":"","meta":[],"product_brand":[],"product_cat":[4353,3495,4116,2697],"product_tag":[],"class_list":{"0":"post-107721","1":"product","2":"type-product","3":"status-publish","4":"has-post-thumbnail","6":"product_cat-aluskatted","7":"product_cat-katusematerjalid","8":"product_cat-katuste-lisatarvikud","9":"product_cat-uldehitus","10":"pa_kaubamark-tektum-ou","12":"first","13":"instock","14":"sale","15":"taxable","16":"shipping-taxable","17":"purchasable","18":"product-type-simple"},"yoast_head":"<!-- This site is optimized with the Yoast SEO plugin v26.9 - https:\/\/yoast.com\/product\/yoast-seo-wordpress\/ -->\n<title>KATUSE ALUSKATE EUROVENT HOME PRO SK2 75M2 - Espak E-pood<\/title>\n<meta name=\"robots\" content=\"index, follow, max-snippet:-1, max-image-preview:large, max-video-preview:-1\" \/>\n<link rel=\"canonical\" href=\"https:\/\/espak.ee\/epood\/toode\/katuse-aluskate-eurovent-home-pro-sk2-75m2\/\" \/>\n<meta property=\"og:locale\" content=\"et_EE\" \/>\n<meta property=\"og:type\" content=\"article\" \/>\n<meta property=\"og:title\" content=\"KATUSE ALUSKATE EUROVENT HOME PRO SK2 75M2 - Espak E-pood\" \/>\n<meta property=\"og:url\" content=\"https:\/\/espak.ee\/epood\/toode\/katuse-aluskate-eurovent-home-pro-sk2-75m2\/\" \/>\n<meta property=\"og:site_name\" content=\"Espak E-pood\" \/>\n<meta property=\"article:modified_time\" content=\"2025-04-02T18:45:55+00:00\" \/>\n<meta property=\"og:image\" content=\"https:\/\/espak.ee\/epood\/wp-content\/uploads\/2022\/02\/Eurovent-ESPAK-HOME-SK2-2.jpg\" \/>\n\t<meta property=\"og:image:width\" content=\"1000\" \/>\n\t<meta property=\"og:image:height\" content=\"1000\" \/>\n\t<meta property=\"og:image:type\" content=\"image\/jpeg\" \/>\n<meta name=\"twitter:card\" content=\"summary_large_image\" \/>\n<meta name=\"twitter:label1\" content=\"Est. reading time\" \/>\n\t<meta name=\"twitter:data1\" content=\"1 minut\" \/>\n<script type=\"application\/ld+json\" class=\"yoast-schema-graph\">{\"@context\":\"https:\/\/schema.org\",\"@graph\":[{\"@type\":\"WebPage\",\"@id\":\"https:\/\/espak.ee\/epood\/toode\/katuse-aluskate-eurovent-home-pro-sk2-75m2\/\",\"url\":\"https:\/\/espak.ee\/epood\/toode\/katuse-aluskate-eurovent-home-pro-sk2-75m2\/\",\"name\":\"KATUSE ALUSKATE EUROVENT HOME PRO SK2 75M2 - Espak E-pood\",\"isPartOf\":{\"@id\":\"https:\/\/espak.ee\/epood\/#website\"},\"primaryImageOfPage\":{\"@id\":\"https:\/\/espak.ee\/epood\/toode\/katuse-aluskate-eurovent-home-pro-sk2-75m2\/#primaryimage\"},\"image\":{\"@id\":\"https:\/\/espak.ee\/epood\/toode\/katuse-aluskate-eurovent-home-pro-sk2-75m2\/#primaryimage\"},\"thumbnailUrl\":\"https:\/\/espak.ee\/epood\/wp-content\/uploads\/2022\/02\/Eurovent-ESPAK-HOME-SK2-2.jpg\",\"datePublished\":\"2022-02-03T05:07:02+00:00\",\"dateModified\":\"2025-04-02T18:45:55+00:00\",\"breadcrumb\":{\"@id\":\"https:\/\/espak.ee\/epood\/toode\/katuse-aluskate-eurovent-home-pro-sk2-75m2\/#breadcrumb\"},\"inLanguage\":\"et\",\"potentialAction\":[{\"@type\":\"ReadAction\",\"target\":[\"https:\/\/espak.ee\/epood\/toode\/katuse-aluskate-eurovent-home-pro-sk2-75m2\/\"]}]},{\"@type\":\"ImageObject\",\"inLanguage\":\"et\",\"@id\":\"https:\/\/espak.ee\/epood\/toode\/katuse-aluskate-eurovent-home-pro-sk2-75m2\/#primaryimage\",\"url\":\"https:\/\/espak.ee\/epood\/wp-content\/uploads\/2022\/02\/Eurovent-ESPAK-HOME-SK2-2.jpg\",\"contentUrl\":\"https:\/\/espak.ee\/epood\/wp-content\/uploads\/2022\/02\/Eurovent-ESPAK-HOME-SK2-2.jpg\",\"width\":1000,\"height\":1000},{\"@type\":\"BreadcrumbList\",\"@id\":\"https:\/\/espak.ee\/epood\/toode\/katuse-aluskate-eurovent-home-pro-sk2-75m2\/#breadcrumb\",\"itemListElement\":[{\"@type\":\"ListItem\",\"position\":1,\"name\":\"Home\",\"item\":\"https:\/\/espak.ee\/epood\/\"},{\"@type\":\"ListItem\",\"position\":2,\"name\":\"Tootevalik\",\"item\":\"https:\/\/espak.ee\/epood\/tootevalik\/\"},{\"@type\":\"ListItem\",\"position\":3,\"name\":\"KATUSE ALUSKATE EUROVENT HOME PRO SK2 75M2\"}]},{\"@type\":\"WebSite\",\"@id\":\"https:\/\/espak.ee\/epood\/#website\",\"url\":\"https:\/\/espak.ee\/epood\/\",\"name\":\"Espak E-pood\",\"description\":\"\",\"potentialAction\":[{\"@type\":\"SearchAction\",\"target\":{\"@type\":\"EntryPoint\",\"urlTemplate\":\"https:\/\/espak.ee\/epood\/?s={search_term_string}\"},\"query-input\":{\"@type\":\"PropertyValueSpecification\",\"valueRequired\":true,\"valueName\":\"search_term_string\"}}],\"inLanguage\":\"et\"}]}<\/script>\n<!-- \/ Yoast SEO plugin. -->","yoast_head_json":{"title":"KATUSE ALUSKATE EUROVENT HOME PRO SK2 75M2 - Espak E-pood","robots":{"index":"index","follow":"follow","max-snippet":"max-snippet:-1","max-image-preview":"max-image-preview:large","max-video-preview":"max-video-preview:-1"},"canonical":"https:\/\/espak.ee\/epood\/toode\/katuse-aluskate-eurovent-home-pro-sk2-75m2\/","og_locale":"et_EE","og_type":"article","og_title":"KATUSE ALUSKATE EUROVENT HOME PRO SK2 75M2 - Espak E-pood","og_url":"https:\/\/espak.ee\/epood\/toode\/katuse-aluskate-eurovent-home-pro-sk2-75m2\/","og_site_name":"Espak E-pood","article_modified_time":"2025-04-02T18:45:55+00:00","og_image":[{"width":1000,"height":1000,"url":"https:\/\/espak.ee\/epood\/wp-content\/uploads\/2022\/02\/Eurovent-ESPAK-HOME-SK2-2.jpg","type":"image\/jpeg"}],"twitter_card":"summary_large_image","twitter_misc":{"Est. reading time":"1 minut"},"schema":{"@context":"https:\/\/schema.org","@graph":[{"@type":"WebPage","@id":"https:\/\/espak.ee\/epood\/toode\/katuse-aluskate-eurovent-home-pro-sk2-75m2\/","url":"https:\/\/espak.ee\/epood\/toode\/katuse-aluskate-eurovent-home-pro-sk2-75m2\/","name":"KATUSE ALUSKATE EUROVENT HOME PRO SK2 75M2 - Espak E-pood","isPartOf":{"@id":"https:\/\/espak.ee\/epood\/#website"},"primaryImageOfPage":{"@id":"https:\/\/espak.ee\/epood\/toode\/katuse-aluskate-eurovent-home-pro-sk2-75m2\/#primaryimage"},"image":{"@id":"https:\/\/espak.ee\/epood\/toode\/katuse-aluskate-eurovent-home-pro-sk2-75m2\/#primaryimage"},"thumbnailUrl":"https:\/\/espak.ee\/epood\/wp-content\/uploads\/2022\/02\/Eurovent-ESPAK-HOME-SK2-2.jpg","datePublished":"2022-02-03T05:07:02+00:00","dateModified":"2025-04-02T18:45:55+00:00","breadcrumb":{"@id":"https:\/\/espak.ee\/epood\/toode\/katuse-aluskate-eurovent-home-pro-sk2-75m2\/#breadcrumb"},"inLanguage":"et","potentialAction":[{"@type":"ReadAction","target":["https:\/\/espak.ee\/epood\/toode\/katuse-aluskate-eurovent-home-pro-sk2-75m2\/"]}]},{"@type":"ImageObject","inLanguage":"et","@id":"https:\/\/espak.ee\/epood\/toode\/katuse-aluskate-eurovent-home-pro-sk2-75m2\/#primaryimage","url":"https:\/\/espak.ee\/epood\/wp-content\/uploads\/2022\/02\/Eurovent-ESPAK-HOME-SK2-2.jpg","contentUrl":"https:\/\/espak.ee\/epood\/wp-content\/uploads\/2022\/02\/Eurovent-ESPAK-HOME-SK2-2.jpg","width":1000,"height":1000},{"@type":"BreadcrumbList","@id":"https:\/\/espak.ee\/epood\/toode\/katuse-aluskate-eurovent-home-pro-sk2-75m2\/#breadcrumb","itemListElement":[{"@type":"ListItem","position":1,"name":"Home","item":"https:\/\/espak.ee\/epood\/"},{"@type":"ListItem","position":2,"name":"Tootevalik","item":"https:\/\/espak.ee\/epood\/tootevalik\/"},{"@type":"ListItem","position":3,"name":"KATUSE ALUSKATE EUROVENT HOME PRO SK2 75M2"}]},{"@type":"WebSite","@id":"https:\/\/espak.ee\/epood\/#website","url":"https:\/\/espak.ee\/epood\/","name":"Espak E-pood","description":"","potentialAction":[{"@type":"SearchAction","target":{"@type":"EntryPoint","urlTemplate":"https:\/\/espak.ee\/epood\/?s={search_term_string}"},"query-input":{"@type":"PropertyValueSpecification","valueRequired":true,"valueName":"search_term_string"}}],"inLanguage":"et"}]}},"_links":{"self":[{"href":"https:\/\/espak.ee\/epood\/wp-json\/wp\/v2\/product\/107721","targetHints":{"allow":["GET"]}}],"collection":[{"href":"https:\/\/espak.ee\/epood\/wp-json\/wp\/v2\/product"}],"about":[{"href":"https:\/\/espak.ee\/epood\/wp-json\/wp\/v2\/types\/product"}],"replies":[{"embeddable":true,"href":"https:\/\/espak.ee\/epood\/wp-json\/wp\/v2\/comments?post=107721"}],"wp:featuredmedia":[{"embeddable":true,"href":"https:\/\/espak.ee\/epood\/wp-json\/wp\/v2\/media\/108796"}],"wp:attachment":[{"href":"https:\/\/espak.ee\/epood\/wp-json\/wp\/v2\/media?parent=107721"}],"wp:term":[{"taxonomy":"product_brand","embeddable":true,"href":"https:\/\/espak.ee\/epood\/wp-json\/wp\/v2\/product_brand?post=107721"},{"taxonomy":"product_cat","embeddable":true,"href":"https:\/\/espak.ee\/epood\/wp-json\/wp\/v2\/product_cat?post=107721"},{"taxonomy":"product_tag","embeddable":true,"href":"https:\/\/espak.ee\/epood\/wp-json\/wp\/v2\/product_tag?post=107721"}],"curies":[{"name":"wp","href":"https:\/\/api.w.org\/{rel}","templated":true}]}}