{"id":107702,"date":"2022-02-03T01:09:53","date_gmt":"2022-02-03T01:09:53","guid":{"rendered":"https:\/\/espak.ee\/epood\/?post_type=product&#038;p=107702"},"modified":"2025-10-29T07:46:37","modified_gmt":"2025-10-29T05:46:37","slug":"katuse-tihenduslint-flex-3d-30cm5m-must-9005","status":"publish","type":"product","link":"https:\/\/espak.ee\/epood\/toode\/katuse-tihenduslint-flex-3d-30cm5m-must-9005\/","title":{"rendered":"KATUSE TIHENDUSLINT FLEX 3D 30CM*5M MUST 9005"},"content":{"rendered":"<div class=\"row\"  id=\"row-1551636054\">\n\n\t<div id=\"col-301293474\" class=\"col medium-9 small-12 large-9\"  >\n\t\t\t\t<div class=\"col-inner\"  >\n\t\t\t\n\t\t\t\n<h3>Katuse tihenduslint Flex 3D 30cm x 5m must<\/h3>\n<p>Isekleepuv mitmeotstarbeline tihenduslint on ette n\u00e4htud korstnate, katuseakende ja erinevate liitekohtade tihendamiseks. Alumiiniumi pind on profileeritud 3D diagonaalse mustriga, mis v\u00f5imaldab materjali kasutada ka keerulistes katusepiirkondades. Toodet iseloomustab elastsus ja kerged k\u00e4itlemise omadused, t\u00e4nu millele on t\u00f6\u00f6 selle materjaliga ka keerulistes katusepiirkondades kiire ja lihtne. <\/p>\n<div class=\"message-box relative\" style=\"padding-top:15px;padding-bottom:15px;\"><div class=\"message-box-bg-image bg-fill fill\" ><\/div><div class=\"message-box-bg-overlay bg-fill fill\" ><\/div><div class=\"container relative\"><div class=\"inner last-reset\">\n<div class=\"row align-middle align-center\"  id=\"row-487745169\">\n\n\t<div id=\"col-1170514209\" class=\"col small-12 large-12\"  >\n\t\t\t\t<div class=\"col-inner text-left\"  >\n\t\t\t\n\t\t\t\n<h4>Omadused<\/h4>\n<div class=\"row\"  id=\"row-273377450\">\n\n\t<div id=\"col-1352832586\" class=\"col medium-6 small-12 large-6\"  >\n\t\t\t\t<div class=\"col-inner\"  >\n\t\t\t\n\t\t\t\n<p><i class=\"fa fa-check fa-2x\"><\/i> <strong> Elastsus ja kasutusmugavus<\/strong><\/p>\n\t\t<\/div>\n\t\t\t\t\n<style>\n#col-1352832586 > .col-inner {\n  margin: 0px 0px 15px 0px;\n}\n<\/style>\n\t<\/div>\n\n\t\n\n\t<div id=\"col-2115987938\" class=\"col medium-6 small-12 large-6\"  >\n\t\t\t\t<div class=\"col-inner\"  >\n\t\t\t\n\t\t\t\n<p><i class=\"fa fa-check fa-2x\"><\/i> <strong> Vastupidav veele ja k\u00fclmale<\/strong><\/p>\n<p><i class=\"fa fa-check fa-2x\"><\/i> <strong> UV vastupidav<\/strong><\/p>\n\t\t<\/div>\n\t\t\t\t\n<style>\n#col-2115987938 > .col-inner {\n  margin: 0px 0px 15px 0px;\n}\n<\/style>\n\t<\/div>\n\n\t\n<\/div>\n\t\t<\/div>\n\t\t\t\t\t<\/div>\n\n\t\n<\/div>\n<\/div><\/div><\/div>\n\t<div id=\"gap-177461795\" class=\"gap-element clearfix\" style=\"display:block; height:auto;\">\n\t\t\n<style>\n#gap-177461795 {\n  padding-top: 30px;\n}\n<\/style>\n\t<\/div>\n\t\n<h3>Kasutamise \u00fcksikasjad<\/h3>\n<p><strong>Rakendus:<\/strong> Kasutamiseks katusel erinevate liidete, eriti korstnate, katuseakende ja neelude puhul. Sobib kasutada enamiku katusekatetega &#8211; keraamilised- ja betoonkivid, sileplekk, metallplaadid, profiilplekk jms.<\/p>\n<p><strong>Hoiustamine\/ transport:<\/strong> Toodet tuleb hoida niiskuse ja UV-kiirguse eest, kuivas ruumis, suletud ja kahjustamata pakendis. Raskuse ja surve all, v\u00f5ib toode deformeeruda ning v\u00e4rvkate saada kahjustada. Seep\u00e4rast ei ole ettevaatlik toote transportimisel ja hoiustamisel koos raskete toodetega. Rulle v\u00f5ib transportida kaetud\/suletud transpordivahendites. Need peavad olema pakitud transportimiseks viisil, mis kaitseb neid kahjustuste eest. Toodet tuleb kaitsta keemiliste m\u00f5jurite eest, eelk\u00f5ige lahustip\u00f5hised ained, kuna need v\u00f5ivad v\u00e4hendada toote tehnilisi parameetreid v\u00f5i kahjustada seda p\u00fcsivalt.<\/p>\n<p><strong>Paigaldus:<\/strong> Veenduge, et pind kuhu toote paigaldate oleks puhas ja kuiv. Eemaldage kaitsekile, asetage lint \u00f5igesse asendisse ning suruge materjal hoolikalt aluspinna k\u00fclge.<\/p>\n<p><strong>Ohutus:<\/strong> V\u00e4ltida pikaajalist kokkupuudet nahaga. P\u00e4rast materjaliga t\u00f6\u00f6tamist soovitame hoolikalt k\u00e4si pesta.<\/p>\n\t\t<\/div>\n\t\t\t\t\t<\/div>\n\n\t\n\n\t<div id=\"col-1429201283\" class=\"col medium-3 small-12 large-3\"  >\n\t\t\t\t<div class=\"col-inner\"  >\n\t\t\t\n\t\t\t\n<h3>Tehniline informatsioon<\/h3>\n<p><a href=\"https:\/\/espak.ee\/epood\/wp-content\/uploads\/2022\/02\/Eurovent-FLEX-3D_TEHNILISED-ANDMED-EE.pdf\"target=\"_blank\" rel=\"noopener noreferrer\"><i class=\"far fa-file-pdf\"><\/i> Tehniline info (PDF)<\/a><\/p>\n<div class=\"is-divider divider clearfix\" ><\/div>\n<p><strong>\u00dcksikasjalikuma n\u00f5u saamiseks v\u00f5tke \u00fchendust:<br \/><\/strong>Tektum O\u00dc<br \/>Peterburi tee 2<br \/>11415<br \/>Tallinn<br \/>+372 657 1117 <\/p>\n\t\t<\/div>\n\t\t\t\t\t<\/div>\n\n\t\n<\/div>\n","protected":false},"excerpt":{"rendered":"","protected":false},"featured_media":108792,"comment_status":"closed","ping_status":"closed","template":"","meta":[],"product_brand":[],"product_cat":[3495,4116,4117,2697],"product_tag":[],"class_list":{"0":"post-107702","1":"product","2":"type-product","3":"status-publish","4":"has-post-thumbnail","6":"product_cat-katusematerjalid","7":"product_cat-katuste-lisatarvikud","8":"product_cat-tihendid-katuste-lisatarvikud","9":"product_cat-uldehitus","10":"pa_kaubamark-tektum-ou","12":"first","13":"instock","14":"sale","15":"taxable","16":"shipping-taxable","17":"purchasable","18":"product-type-simple"},"yoast_head":"<!-- This site is optimized with the Yoast SEO plugin v26.9 - https:\/\/yoast.com\/product\/yoast-seo-wordpress\/ -->\n<title>KATUSE TIHENDUSLINT FLEX 3D 30CM*5M MUST 9005 - Espak E-pood<\/title>\n<meta name=\"robots\" content=\"index, follow, max-snippet:-1, max-image-preview:large, max-video-preview:-1\" \/>\n<link rel=\"canonical\" href=\"https:\/\/espak.ee\/epood\/toode\/katuse-tihenduslint-flex-3d-30cm5m-must-9005\/\" \/>\n<meta property=\"og:locale\" content=\"et_EE\" \/>\n<meta property=\"og:type\" content=\"article\" \/>\n<meta property=\"og:title\" content=\"KATUSE TIHENDUSLINT FLEX 3D 30CM*5M MUST 9005 - Espak E-pood\" \/>\n<meta property=\"og:url\" content=\"https:\/\/espak.ee\/epood\/toode\/katuse-tihenduslint-flex-3d-30cm5m-must-9005\/\" \/>\n<meta property=\"og:site_name\" content=\"Espak E-pood\" \/>\n<meta property=\"article:modified_time\" content=\"2025-10-29T05:46:37+00:00\" \/>\n<meta property=\"og:image\" content=\"https:\/\/espak.ee\/epood\/wp-content\/uploads\/2022\/02\/EUROVENT-Flex-3D-9005.jpg\" \/>\n\t<meta property=\"og:image:width\" content=\"1000\" \/>\n\t<meta property=\"og:image:height\" content=\"1000\" \/>\n\t<meta property=\"og:image:type\" content=\"image\/jpeg\" \/>\n<meta name=\"twitter:card\" content=\"summary_large_image\" \/>\n<meta name=\"twitter:label1\" content=\"Est. reading time\" \/>\n\t<meta name=\"twitter:data1\" content=\"2 minutit\" \/>\n<script type=\"application\/ld+json\" class=\"yoast-schema-graph\">{\"@context\":\"https:\/\/schema.org\",\"@graph\":[{\"@type\":\"WebPage\",\"@id\":\"https:\/\/espak.ee\/epood\/toode\/katuse-tihenduslint-flex-3d-30cm5m-must-9005\/\",\"url\":\"https:\/\/espak.ee\/epood\/toode\/katuse-tihenduslint-flex-3d-30cm5m-must-9005\/\",\"name\":\"KATUSE TIHENDUSLINT FLEX 3D 30CM*5M MUST 9005 - Espak E-pood\",\"isPartOf\":{\"@id\":\"https:\/\/espak.ee\/epood\/#website\"},\"primaryImageOfPage\":{\"@id\":\"https:\/\/espak.ee\/epood\/toode\/katuse-tihenduslint-flex-3d-30cm5m-must-9005\/#primaryimage\"},\"image\":{\"@id\":\"https:\/\/espak.ee\/epood\/toode\/katuse-tihenduslint-flex-3d-30cm5m-must-9005\/#primaryimage\"},\"thumbnailUrl\":\"https:\/\/espak.ee\/epood\/wp-content\/uploads\/2022\/02\/EUROVENT-Flex-3D-9005.jpg\",\"datePublished\":\"2022-02-03T01:09:53+00:00\",\"dateModified\":\"2025-10-29T05:46:37+00:00\",\"breadcrumb\":{\"@id\":\"https:\/\/espak.ee\/epood\/toode\/katuse-tihenduslint-flex-3d-30cm5m-must-9005\/#breadcrumb\"},\"inLanguage\":\"et\",\"potentialAction\":[{\"@type\":\"ReadAction\",\"target\":[\"https:\/\/espak.ee\/epood\/toode\/katuse-tihenduslint-flex-3d-30cm5m-must-9005\/\"]}]},{\"@type\":\"ImageObject\",\"inLanguage\":\"et\",\"@id\":\"https:\/\/espak.ee\/epood\/toode\/katuse-tihenduslint-flex-3d-30cm5m-must-9005\/#primaryimage\",\"url\":\"https:\/\/espak.ee\/epood\/wp-content\/uploads\/2022\/02\/EUROVENT-Flex-3D-9005.jpg\",\"contentUrl\":\"https:\/\/espak.ee\/epood\/wp-content\/uploads\/2022\/02\/EUROVENT-Flex-3D-9005.jpg\",\"width\":1000,\"height\":1000},{\"@type\":\"BreadcrumbList\",\"@id\":\"https:\/\/espak.ee\/epood\/toode\/katuse-tihenduslint-flex-3d-30cm5m-must-9005\/#breadcrumb\",\"itemListElement\":[{\"@type\":\"ListItem\",\"position\":1,\"name\":\"Home\",\"item\":\"https:\/\/espak.ee\/epood\/\"},{\"@type\":\"ListItem\",\"position\":2,\"name\":\"Tootevalik\",\"item\":\"https:\/\/espak.ee\/epood\/tootevalik\/\"},{\"@type\":\"ListItem\",\"position\":3,\"name\":\"KATUSE TIHENDUSLINT FLEX 3D 30CM*5M MUST 9005\"}]},{\"@type\":\"WebSite\",\"@id\":\"https:\/\/espak.ee\/epood\/#website\",\"url\":\"https:\/\/espak.ee\/epood\/\",\"name\":\"Espak E-pood\",\"description\":\"\",\"potentialAction\":[{\"@type\":\"SearchAction\",\"target\":{\"@type\":\"EntryPoint\",\"urlTemplate\":\"https:\/\/espak.ee\/epood\/?s={search_term_string}\"},\"query-input\":{\"@type\":\"PropertyValueSpecification\",\"valueRequired\":true,\"valueName\":\"search_term_string\"}}],\"inLanguage\":\"et\"}]}<\/script>\n<!-- \/ Yoast SEO plugin. -->","yoast_head_json":{"title":"KATUSE TIHENDUSLINT FLEX 3D 30CM*5M MUST 9005 - Espak E-pood","robots":{"index":"index","follow":"follow","max-snippet":"max-snippet:-1","max-image-preview":"max-image-preview:large","max-video-preview":"max-video-preview:-1"},"canonical":"https:\/\/espak.ee\/epood\/toode\/katuse-tihenduslint-flex-3d-30cm5m-must-9005\/","og_locale":"et_EE","og_type":"article","og_title":"KATUSE TIHENDUSLINT FLEX 3D 30CM*5M MUST 9005 - Espak E-pood","og_url":"https:\/\/espak.ee\/epood\/toode\/katuse-tihenduslint-flex-3d-30cm5m-must-9005\/","og_site_name":"Espak E-pood","article_modified_time":"2025-10-29T05:46:37+00:00","og_image":[{"width":1000,"height":1000,"url":"https:\/\/espak.ee\/epood\/wp-content\/uploads\/2022\/02\/EUROVENT-Flex-3D-9005.jpg","type":"image\/jpeg"}],"twitter_card":"summary_large_image","twitter_misc":{"Est. reading time":"2 minutit"},"schema":{"@context":"https:\/\/schema.org","@graph":[{"@type":"WebPage","@id":"https:\/\/espak.ee\/epood\/toode\/katuse-tihenduslint-flex-3d-30cm5m-must-9005\/","url":"https:\/\/espak.ee\/epood\/toode\/katuse-tihenduslint-flex-3d-30cm5m-must-9005\/","name":"KATUSE TIHENDUSLINT FLEX 3D 30CM*5M MUST 9005 - Espak E-pood","isPartOf":{"@id":"https:\/\/espak.ee\/epood\/#website"},"primaryImageOfPage":{"@id":"https:\/\/espak.ee\/epood\/toode\/katuse-tihenduslint-flex-3d-30cm5m-must-9005\/#primaryimage"},"image":{"@id":"https:\/\/espak.ee\/epood\/toode\/katuse-tihenduslint-flex-3d-30cm5m-must-9005\/#primaryimage"},"thumbnailUrl":"https:\/\/espak.ee\/epood\/wp-content\/uploads\/2022\/02\/EUROVENT-Flex-3D-9005.jpg","datePublished":"2022-02-03T01:09:53+00:00","dateModified":"2025-10-29T05:46:37+00:00","breadcrumb":{"@id":"https:\/\/espak.ee\/epood\/toode\/katuse-tihenduslint-flex-3d-30cm5m-must-9005\/#breadcrumb"},"inLanguage":"et","potentialAction":[{"@type":"ReadAction","target":["https:\/\/espak.ee\/epood\/toode\/katuse-tihenduslint-flex-3d-30cm5m-must-9005\/"]}]},{"@type":"ImageObject","inLanguage":"et","@id":"https:\/\/espak.ee\/epood\/toode\/katuse-tihenduslint-flex-3d-30cm5m-must-9005\/#primaryimage","url":"https:\/\/espak.ee\/epood\/wp-content\/uploads\/2022\/02\/EUROVENT-Flex-3D-9005.jpg","contentUrl":"https:\/\/espak.ee\/epood\/wp-content\/uploads\/2022\/02\/EUROVENT-Flex-3D-9005.jpg","width":1000,"height":1000},{"@type":"BreadcrumbList","@id":"https:\/\/espak.ee\/epood\/toode\/katuse-tihenduslint-flex-3d-30cm5m-must-9005\/#breadcrumb","itemListElement":[{"@type":"ListItem","position":1,"name":"Home","item":"https:\/\/espak.ee\/epood\/"},{"@type":"ListItem","position":2,"name":"Tootevalik","item":"https:\/\/espak.ee\/epood\/tootevalik\/"},{"@type":"ListItem","position":3,"name":"KATUSE TIHENDUSLINT FLEX 3D 30CM*5M MUST 9005"}]},{"@type":"WebSite","@id":"https:\/\/espak.ee\/epood\/#website","url":"https:\/\/espak.ee\/epood\/","name":"Espak E-pood","description":"","potentialAction":[{"@type":"SearchAction","target":{"@type":"EntryPoint","urlTemplate":"https:\/\/espak.ee\/epood\/?s={search_term_string}"},"query-input":{"@type":"PropertyValueSpecification","valueRequired":true,"valueName":"search_term_string"}}],"inLanguage":"et"}]}},"_links":{"self":[{"href":"https:\/\/espak.ee\/epood\/wp-json\/wp\/v2\/product\/107702","targetHints":{"allow":["GET"]}}],"collection":[{"href":"https:\/\/espak.ee\/epood\/wp-json\/wp\/v2\/product"}],"about":[{"href":"https:\/\/espak.ee\/epood\/wp-json\/wp\/v2\/types\/product"}],"replies":[{"embeddable":true,"href":"https:\/\/espak.ee\/epood\/wp-json\/wp\/v2\/comments?post=107702"}],"wp:featuredmedia":[{"embeddable":true,"href":"https:\/\/espak.ee\/epood\/wp-json\/wp\/v2\/media\/108792"}],"wp:attachment":[{"href":"https:\/\/espak.ee\/epood\/wp-json\/wp\/v2\/media?parent=107702"}],"wp:term":[{"taxonomy":"product_brand","embeddable":true,"href":"https:\/\/espak.ee\/epood\/wp-json\/wp\/v2\/product_brand?post=107702"},{"taxonomy":"product_cat","embeddable":true,"href":"https:\/\/espak.ee\/epood\/wp-json\/wp\/v2\/product_cat?post=107702"},{"taxonomy":"product_tag","embeddable":true,"href":"https:\/\/espak.ee\/epood\/wp-json\/wp\/v2\/product_tag?post=107702"}],"curies":[{"name":"wp","href":"https:\/\/api.w.org\/{rel}","templated":true}]}}