{"id":107701,"date":"2022-02-03T01:09:35","date_gmt":"2022-02-03T01:09:35","guid":{"rendered":"https:\/\/espak.ee\/epood\/?post_type=product&#038;p=107701"},"modified":"2025-09-22T18:18:30","modified_gmt":"2025-09-22T15:18:30","slug":"katuse-aluskate-eurovent-strong-sk2-375m2","status":"publish","type":"product","link":"https:\/\/espak.ee\/epood\/toode\/katuse-aluskate-eurovent-strong-sk2-375m2\/","title":{"rendered":"KATUSE ALUSKATE EUROVENT STRONG SK2 37,5M2"},"content":{"rendered":"<div class=\"row\"  id=\"row-1449968546\">\n\n\t<div id=\"col-987114594\" class=\"col medium-9 small-12 large-9\"  >\n\t\t\t\t<div class=\"col-inner\"  >\n\t\t\t\n\t\t\t\n<h3>Katuse aluskate Eurovent Strong SK2 37,5m2<\/h3>\n<p> Neljakihiline hingav katusemembraan. Valmistatud kahest pol\u00fcprop\u00fcleenist laustekstiili kihist, tugevdusv\u00f5rgust ja funktsionaal kilest, mis tagavad k\u00f5rge auru l\u00e4bilaskvuse ja aluskatte veekindluse. Toode sisaldab spetsiaalseid stabiliseerivaid lisandeid, mis v\u00f5imaldavad vajadusel m\u00e4rkimisv\u00e4\u00e4rselt viivitada katusekatte paigaldamisega. Membraan on varustatud kahe teibi\/ liimiribaga.<\/p>\n<div class=\"message-box relative\" style=\"padding-top:15px;padding-bottom:15px;\"><div class=\"message-box-bg-image bg-fill fill\" ><\/div><div class=\"message-box-bg-overlay bg-fill fill\" ><\/div><div class=\"container relative\"><div class=\"inner last-reset\">\n<div class=\"row align-middle align-center\"  id=\"row-991882619\">\n\n\t<div id=\"col-1660957321\" class=\"col small-12 large-12\"  >\n\t\t\t\t<div class=\"col-inner text-left\"  >\n\t\t\t\n\t\t\t\n<h4>Omadused<\/h4>\n<div class=\"row\"  id=\"row-1397187112\">\n\n\t<div id=\"col-1353298610\" class=\"col medium-6 small-12 large-6\"  >\n\t\t\t\t<div class=\"col-inner\"  >\n\t\t\t\n\t\t\t\n<p><i class=\"fa fa-check fa-2x\"><\/i> <strong> Sobib kiltkivi alla<\/strong><\/p>\n<p><i class=\"fa fa-check fa-2x\"><\/i> <strong> Rebenemiskindel<\/strong><\/p>\n\t\t<\/div>\n\t\t\t\t\n<style>\n#col-1353298610 > .col-inner {\n  margin: 0px 0px 15px 0px;\n}\n<\/style>\n\t<\/div>\n\n\t\n\n\t<div id=\"col-1769459433\" class=\"col medium-6 small-12 large-6\"  >\n\t\t\t\t<div class=\"col-inner\"  >\n\t\t\t\n\t\t\t\n<p><i class=\"fa fa-check fa-2x\"><\/i> <strong> K\u00f5rge auru l\u00e4bilaskvus<\/strong><\/p>\n<p><i class=\"fa fa-check fa-2x\"><\/i> <strong> Veekindlus<\/strong><\/p>\n\t\t<\/div>\n\t\t\t\t\n<style>\n#col-1769459433 > .col-inner {\n  margin: 0px 0px 15px 0px;\n}\n<\/style>\n\t<\/div>\n\n\t\n<\/div>\n\t\t<\/div>\n\t\t\t\t\t<\/div>\n\n\t\n<\/div>\n<\/div><\/div><\/div>\n\t<div id=\"gap-1499408588\" class=\"gap-element clearfix\" style=\"display:block; height:auto;\">\n\t\t\n<style>\n#gap-1499408588 {\n  padding-top: 30px;\n}\n<\/style>\n\t<\/div>\n\t\n<h3>Kasutamise \u00fcksikasjad<\/h3>\n<p><strong>Rakendus:<\/strong> Neljakihiline hingav katusemembraan. Valmistatud kahest pol\u00fcprop\u00fcleenist laustekstiili kihist, tugevdusv\u00f5rgust ja funktsionaal kilest, mis tagavad k\u00f5rge auru l\u00e4bilaskvuse ja aluskatte veekindluse. Toode sisaldab spetsiaalseid stabiliseerivaid lisandeid, mis v\u00f5imaldavad vajadusel m\u00e4rkimisv\u00e4\u00e4rselt viivitada katusekatte paigaldamisega. Membraan on varustatud kahe teibi\/liimiribaga.<br \/>\nKatusekate peab saama paigaldatud hiljemalt kuue n\u00e4dala jooksul p\u00e4rast aluskatte paigaldamist. Tootele kehtib garantii tingimusel, et paigaldusel on j\u00e4rgitud tootjapoolseid paigaldusjuhiseid.<\/p>\n<p><strong>Hoiustamine\/ transport:<\/strong> Toodet tuleb hoida niiskuse ja UV-kiirguse eest, kuivas ruumis, suletud ja kahjustamata pakendis. Rulle v\u00f5ib transportida kaetud\/suletud transpordivahendites. Need peavad olema pakitud transportimiseks viisil, mis kaitseb neid kahjustuste eest. Toodet tuleb kaitsta keemiliste m\u00f5jurite eest, eelk\u00f5ige lahustip\u00f5hised ained, kuna need v\u00f5ivad v\u00e4hendada membraani tehnilisi parameetreid v\u00f5i kahjustada seda p\u00fcsivalt.<\/p>\n<p><strong>S\u00fcsteem SK2:<\/strong> Membraan on varustatud kahe teibi\/liimiribaga. See lahendus lihtsustab materjali paigaldamist ja garanteerib n\u00f5uetekohase \u00fclekatete tiheda \u00fchenduse. Kaks teibiriba tagavad membraanide p\u00fcsiva \u00fchenduse igaks ilmastikutingimuseks: k\u00f5rge niiskus, tugev tuul, vihm, madalad temperatuurid.<\/p>\n\t\t<\/div>\n\t\t\t\t\t<\/div>\n\n\t\n\n\t<div id=\"col-263227702\" class=\"col medium-3 small-12 large-3\"  >\n\t\t\t\t<div class=\"col-inner\"  >\n\t\t\t\n\t\t\t\n<h3>Tehniline informatsioon<\/h3>\n<p><a href=\"https:\/\/espak.ee\/epood\/wp-content\/uploads\/2022\/02\/Eurovent_STRONG-SK2_TEHNILISED-ANDMED-EE.pdf\"target=\"_blank\" rel=\"noopener noreferrer\"><i class=\"far fa-file-pdf\"><\/i> Tehniline info (PDF)<\/a><\/p>\n<div class=\"is-divider divider clearfix\" ><\/div>\n<p><strong>\u00dcksikasjalikuma n\u00f5u saamiseks v\u00f5tke \u00fchendust:<br \/><\/strong>Tektum O\u00dc<br \/>Peterburi tee 2<br \/>11415<br \/>Tallinn<br \/>+372 657 1117 <\/p>\n\t\t<\/div>\n\t\t\t\t\t<\/div>\n\n\t\n<\/div>\n","protected":false},"excerpt":{"rendered":"","protected":false},"featured_media":108799,"comment_status":"closed","ping_status":"closed","template":"","meta":[],"product_brand":[],"product_cat":[4353,3495,4116,2697],"product_tag":[],"class_list":{"0":"post-107701","1":"product","2":"type-product","3":"status-publish","4":"has-post-thumbnail","6":"product_cat-aluskatted","7":"product_cat-katusematerjalid","8":"product_cat-katuste-lisatarvikud","9":"product_cat-uldehitus","10":"pa_kaubamark-tektum-ou","12":"first","13":"instock","14":"sale","15":"taxable","16":"shipping-taxable","17":"purchasable","18":"product-type-simple"},"yoast_head":"<!-- This site is optimized with the Yoast SEO plugin v26.9 - https:\/\/yoast.com\/product\/yoast-seo-wordpress\/ -->\n<title>KATUSE ALUSKATE EUROVENT STRONG SK2 37,5M2 - Espak E-pood<\/title>\n<meta name=\"robots\" content=\"index, follow, max-snippet:-1, max-image-preview:large, max-video-preview:-1\" \/>\n<link rel=\"canonical\" href=\"https:\/\/espak.ee\/epood\/toode\/katuse-aluskate-eurovent-strong-sk2-375m2\/\" \/>\n<meta property=\"og:locale\" content=\"et_EE\" \/>\n<meta property=\"og:type\" content=\"article\" \/>\n<meta property=\"og:title\" content=\"KATUSE ALUSKATE EUROVENT STRONG SK2 37,5M2 - Espak E-pood\" \/>\n<meta property=\"og:url\" content=\"https:\/\/espak.ee\/epood\/toode\/katuse-aluskate-eurovent-strong-sk2-375m2\/\" \/>\n<meta property=\"og:site_name\" content=\"Espak E-pood\" \/>\n<meta property=\"article:modified_time\" content=\"2025-09-22T15:18:30+00:00\" \/>\n<meta property=\"og:image\" content=\"https:\/\/espak.ee\/epood\/wp-content\/uploads\/2022\/02\/Eurovent-ESPAK-Strong-SK2-2.jpg\" \/>\n\t<meta property=\"og:image:width\" content=\"1000\" \/>\n\t<meta property=\"og:image:height\" content=\"1000\" \/>\n\t<meta property=\"og:image:type\" content=\"image\/jpeg\" \/>\n<meta name=\"twitter:card\" content=\"summary_large_image\" \/>\n<meta name=\"twitter:label1\" content=\"Est. reading time\" \/>\n\t<meta name=\"twitter:data1\" content=\"2 minutit\" \/>\n<script type=\"application\/ld+json\" class=\"yoast-schema-graph\">{\"@context\":\"https:\/\/schema.org\",\"@graph\":[{\"@type\":\"WebPage\",\"@id\":\"https:\/\/espak.ee\/epood\/toode\/katuse-aluskate-eurovent-strong-sk2-375m2\/\",\"url\":\"https:\/\/espak.ee\/epood\/toode\/katuse-aluskate-eurovent-strong-sk2-375m2\/\",\"name\":\"KATUSE ALUSKATE EUROVENT STRONG SK2 37,5M2 - Espak E-pood\",\"isPartOf\":{\"@id\":\"https:\/\/espak.ee\/epood\/#website\"},\"primaryImageOfPage\":{\"@id\":\"https:\/\/espak.ee\/epood\/toode\/katuse-aluskate-eurovent-strong-sk2-375m2\/#primaryimage\"},\"image\":{\"@id\":\"https:\/\/espak.ee\/epood\/toode\/katuse-aluskate-eurovent-strong-sk2-375m2\/#primaryimage\"},\"thumbnailUrl\":\"https:\/\/espak.ee\/epood\/wp-content\/uploads\/2022\/02\/Eurovent-ESPAK-Strong-SK2-2.jpg\",\"datePublished\":\"2022-02-03T01:09:35+00:00\",\"dateModified\":\"2025-09-22T15:18:30+00:00\",\"breadcrumb\":{\"@id\":\"https:\/\/espak.ee\/epood\/toode\/katuse-aluskate-eurovent-strong-sk2-375m2\/#breadcrumb\"},\"inLanguage\":\"et\",\"potentialAction\":[{\"@type\":\"ReadAction\",\"target\":[\"https:\/\/espak.ee\/epood\/toode\/katuse-aluskate-eurovent-strong-sk2-375m2\/\"]}]},{\"@type\":\"ImageObject\",\"inLanguage\":\"et\",\"@id\":\"https:\/\/espak.ee\/epood\/toode\/katuse-aluskate-eurovent-strong-sk2-375m2\/#primaryimage\",\"url\":\"https:\/\/espak.ee\/epood\/wp-content\/uploads\/2022\/02\/Eurovent-ESPAK-Strong-SK2-2.jpg\",\"contentUrl\":\"https:\/\/espak.ee\/epood\/wp-content\/uploads\/2022\/02\/Eurovent-ESPAK-Strong-SK2-2.jpg\",\"width\":1000,\"height\":1000},{\"@type\":\"BreadcrumbList\",\"@id\":\"https:\/\/espak.ee\/epood\/toode\/katuse-aluskate-eurovent-strong-sk2-375m2\/#breadcrumb\",\"itemListElement\":[{\"@type\":\"ListItem\",\"position\":1,\"name\":\"Home\",\"item\":\"https:\/\/espak.ee\/epood\/\"},{\"@type\":\"ListItem\",\"position\":2,\"name\":\"Tootevalik\",\"item\":\"https:\/\/espak.ee\/epood\/tootevalik\/\"},{\"@type\":\"ListItem\",\"position\":3,\"name\":\"KATUSE ALUSKATE EUROVENT STRONG SK2 37,5M2\"}]},{\"@type\":\"WebSite\",\"@id\":\"https:\/\/espak.ee\/epood\/#website\",\"url\":\"https:\/\/espak.ee\/epood\/\",\"name\":\"Espak E-pood\",\"description\":\"\",\"potentialAction\":[{\"@type\":\"SearchAction\",\"target\":{\"@type\":\"EntryPoint\",\"urlTemplate\":\"https:\/\/espak.ee\/epood\/?s={search_term_string}\"},\"query-input\":{\"@type\":\"PropertyValueSpecification\",\"valueRequired\":true,\"valueName\":\"search_term_string\"}}],\"inLanguage\":\"et\"}]}<\/script>\n<!-- \/ Yoast SEO plugin. -->","yoast_head_json":{"title":"KATUSE ALUSKATE EUROVENT STRONG SK2 37,5M2 - Espak E-pood","robots":{"index":"index","follow":"follow","max-snippet":"max-snippet:-1","max-image-preview":"max-image-preview:large","max-video-preview":"max-video-preview:-1"},"canonical":"https:\/\/espak.ee\/epood\/toode\/katuse-aluskate-eurovent-strong-sk2-375m2\/","og_locale":"et_EE","og_type":"article","og_title":"KATUSE ALUSKATE EUROVENT STRONG SK2 37,5M2 - Espak E-pood","og_url":"https:\/\/espak.ee\/epood\/toode\/katuse-aluskate-eurovent-strong-sk2-375m2\/","og_site_name":"Espak E-pood","article_modified_time":"2025-09-22T15:18:30+00:00","og_image":[{"width":1000,"height":1000,"url":"https:\/\/espak.ee\/epood\/wp-content\/uploads\/2022\/02\/Eurovent-ESPAK-Strong-SK2-2.jpg","type":"image\/jpeg"}],"twitter_card":"summary_large_image","twitter_misc":{"Est. reading time":"2 minutit"},"schema":{"@context":"https:\/\/schema.org","@graph":[{"@type":"WebPage","@id":"https:\/\/espak.ee\/epood\/toode\/katuse-aluskate-eurovent-strong-sk2-375m2\/","url":"https:\/\/espak.ee\/epood\/toode\/katuse-aluskate-eurovent-strong-sk2-375m2\/","name":"KATUSE ALUSKATE EUROVENT STRONG SK2 37,5M2 - Espak E-pood","isPartOf":{"@id":"https:\/\/espak.ee\/epood\/#website"},"primaryImageOfPage":{"@id":"https:\/\/espak.ee\/epood\/toode\/katuse-aluskate-eurovent-strong-sk2-375m2\/#primaryimage"},"image":{"@id":"https:\/\/espak.ee\/epood\/toode\/katuse-aluskate-eurovent-strong-sk2-375m2\/#primaryimage"},"thumbnailUrl":"https:\/\/espak.ee\/epood\/wp-content\/uploads\/2022\/02\/Eurovent-ESPAK-Strong-SK2-2.jpg","datePublished":"2022-02-03T01:09:35+00:00","dateModified":"2025-09-22T15:18:30+00:00","breadcrumb":{"@id":"https:\/\/espak.ee\/epood\/toode\/katuse-aluskate-eurovent-strong-sk2-375m2\/#breadcrumb"},"inLanguage":"et","potentialAction":[{"@type":"ReadAction","target":["https:\/\/espak.ee\/epood\/toode\/katuse-aluskate-eurovent-strong-sk2-375m2\/"]}]},{"@type":"ImageObject","inLanguage":"et","@id":"https:\/\/espak.ee\/epood\/toode\/katuse-aluskate-eurovent-strong-sk2-375m2\/#primaryimage","url":"https:\/\/espak.ee\/epood\/wp-content\/uploads\/2022\/02\/Eurovent-ESPAK-Strong-SK2-2.jpg","contentUrl":"https:\/\/espak.ee\/epood\/wp-content\/uploads\/2022\/02\/Eurovent-ESPAK-Strong-SK2-2.jpg","width":1000,"height":1000},{"@type":"BreadcrumbList","@id":"https:\/\/espak.ee\/epood\/toode\/katuse-aluskate-eurovent-strong-sk2-375m2\/#breadcrumb","itemListElement":[{"@type":"ListItem","position":1,"name":"Home","item":"https:\/\/espak.ee\/epood\/"},{"@type":"ListItem","position":2,"name":"Tootevalik","item":"https:\/\/espak.ee\/epood\/tootevalik\/"},{"@type":"ListItem","position":3,"name":"KATUSE ALUSKATE EUROVENT STRONG SK2 37,5M2"}]},{"@type":"WebSite","@id":"https:\/\/espak.ee\/epood\/#website","url":"https:\/\/espak.ee\/epood\/","name":"Espak E-pood","description":"","potentialAction":[{"@type":"SearchAction","target":{"@type":"EntryPoint","urlTemplate":"https:\/\/espak.ee\/epood\/?s={search_term_string}"},"query-input":{"@type":"PropertyValueSpecification","valueRequired":true,"valueName":"search_term_string"}}],"inLanguage":"et"}]}},"_links":{"self":[{"href":"https:\/\/espak.ee\/epood\/wp-json\/wp\/v2\/product\/107701","targetHints":{"allow":["GET"]}}],"collection":[{"href":"https:\/\/espak.ee\/epood\/wp-json\/wp\/v2\/product"}],"about":[{"href":"https:\/\/espak.ee\/epood\/wp-json\/wp\/v2\/types\/product"}],"replies":[{"embeddable":true,"href":"https:\/\/espak.ee\/epood\/wp-json\/wp\/v2\/comments?post=107701"}],"wp:featuredmedia":[{"embeddable":true,"href":"https:\/\/espak.ee\/epood\/wp-json\/wp\/v2\/media\/108799"}],"wp:attachment":[{"href":"https:\/\/espak.ee\/epood\/wp-json\/wp\/v2\/media?parent=107701"}],"wp:term":[{"taxonomy":"product_brand","embeddable":true,"href":"https:\/\/espak.ee\/epood\/wp-json\/wp\/v2\/product_brand?post=107701"},{"taxonomy":"product_cat","embeddable":true,"href":"https:\/\/espak.ee\/epood\/wp-json\/wp\/v2\/product_cat?post=107701"},{"taxonomy":"product_tag","embeddable":true,"href":"https:\/\/espak.ee\/epood\/wp-json\/wp\/v2\/product_tag?post=107701"}],"curies":[{"name":"wp","href":"https:\/\/api.w.org\/{rel}","templated":true}]}}