{"id":107681,"date":"2022-02-03T00:25:35","date_gmt":"2022-02-03T00:25:35","guid":{"rendered":"https:\/\/espak.ee\/epood\/?post_type=product&#038;p=107681"},"modified":"2024-11-02T12:26:15","modified_gmt":"2024-11-02T10:26:15","slug":"bituumenlint-flexbit-10cm10m-alumiinium","status":"publish","type":"product","link":"https:\/\/espak.ee\/epood\/toode\/bituumenlint-flexbit-10cm10m-alumiinium\/","title":{"rendered":"BITUUMENLINT FLEXBIT 10CM*10M ALUMIINIUM"},"content":{"rendered":"<div class=\"row\"  id=\"row-1113815081\">\n\n\t<div id=\"col-575966610\" class=\"col medium-9 small-12 large-9\"  >\n\t\t\t\t<div class=\"col-inner\"  >\n\t\t\t\n\t\t\t\n<h3>Bituumenlint Eurovent Flexbit 10cm x 10m alumiinium<\/h3>\n<p>Bituumen katuselint tasapinnaliste ja nurga all olevate \u00fchenduste katmiseks ja hermetiseerimiseks. Sobilik mitmeks otstarbeks ning saadaval erinevates v\u00e4rvides. Bituumenil p\u00f5hinev lahustivaba toode on kaetud alumiiniumfooliumiga. <\/p>\n<div class=\"message-box relative\" style=\"padding-top:15px;padding-bottom:15px;\"><div class=\"message-box-bg-image bg-fill fill\" ><\/div><div class=\"message-box-bg-overlay bg-fill fill\" ><\/div><div class=\"container relative\"><div class=\"inner last-reset\">\n<div class=\"row align-middle align-center\"  id=\"row-876796266\">\n\n\t<div id=\"col-1159049079\" class=\"col small-12 large-12\"  >\n\t\t\t\t<div class=\"col-inner text-left\"  >\n\t\t\t\n\t\t\t\n<h4>Omadused<\/h4>\n<div class=\"row\"  id=\"row-271575817\">\n\n\t<div id=\"col-950246486\" class=\"col medium-6 small-12 large-6\"  >\n\t\t\t\t<div class=\"col-inner\"  >\n\t\t\t\n\t\t\t\n<p><i class=\"fa fa-check fa-2x\"><\/i> <strong> Tugeva nakkega<\/strong><\/p>\n<p><i class=\"fa fa-check fa-2x\"><\/i> <strong> Lahustivaba ja veekindel<br \/>\n<\/strong><\/p>\n\t\t<\/div>\n\t\t\t\t\n<style>\n#col-950246486 > .col-inner {\n  margin: 0px 0px 15px 0px;\n}\n<\/style>\n\t<\/div>\n\n\t\n\n\t<div id=\"col-1626476315\" class=\"col medium-6 small-12 large-6\"  >\n\t\t\t\t<div class=\"col-inner\"  >\n\t\t\t\n\t\t\t\n<p><i class=\"fa fa-check fa-2x\"><\/i> <strong> V\u00e4ga vastupidav vananemisele<\/strong><\/p>\n<p><i class=\"fa fa-check fa-2x\"><\/i> <strong> Stabiliseeritud UV-kiirguse vastu<\/strong><\/p>\n\t\t<\/div>\n\t\t\t\t\n<style>\n#col-1626476315 > .col-inner {\n  margin: 0px 0px 15px 0px;\n}\n<\/style>\n\t<\/div>\n\n\t\n<\/div>\n\t\t<\/div>\n\t\t\t\t\t<\/div>\n\n\t\n<\/div>\n<\/div><\/div><\/div>\n\t<div id=\"gap-1364574257\" class=\"gap-element clearfix\" style=\"display:block; height:auto;\">\n\t\t\n<style>\n#gap-1364574257 {\n  padding-top: 30px;\n}\n<\/style>\n\t<\/div>\n\t\n<h3>Kasutamise \u00fcksikasjad<\/h3>\n<p><strong>Rakendus:<\/strong> Kasutatakse nii lame- kui ka kaldkatuste korstnate, katuseakende, katuseneelude ja ventilatsioonikomponentide tihendamiseks ja hermetiseerimiseks. \u00dchendab ideaalselt metallosad plastiku, betooni ja tellistega. Sageli kasutatakse korstnate ja muude katuse tasapinnast v\u00e4ljaulatuvate katuseelementide puhul. Pange t\u00e4hele, et liimitavad pinnad oleks puhtad tolmust, rasvast ja muust mustusest. Kahtluse korral kontrollida nakkuvust enne t\u00f6\u00f6 alustamist v\u00e4ikesel pinnal. Eurovent\u00ae FLEXBIT lint on vastupidav vananemisele, ilmastikutingimustele, temperatuurimuutustele ja UV-kiirgusele.<\/p>\n<p><strong>Hoiustamine\/ transport:<\/strong> Toodet tuleb hoida niiskuse ja UV-kiirguse eest, kuivas ruumis, suletud ja kahjustamata pakendis. Rulle v\u00f5ib transportida kaetud\/suletud transpordivahendites. Need peavad olema pakitud transportimiseks viisil, mis kaitseb neid kahjustuste eest. Toodet tuleb kaitsta keemiliste m\u00f5jurite eest, eelk\u00f5ige lahustip\u00f5hised ained, kuna need v\u00f5ivad v\u00e4hendada toote tehnilisi parameetreid v\u00f5i kahjustada seda p\u00fcsivalt.<\/p>\n<p><strong>Muud soovitused:<\/strong> Vormige \u00fchendus kohe p\u00e4rast lindi paigaldust, sest m\u00f5ne tunni p\u00e4rast v\u00f5ib bituumen k\u00f5veneda. V\u00e4ltida pikaajalist kokkupuudet nahaga.<\/p>\n\t\t<\/div>\n\t\t\t\t\t<\/div>\n\n\t\n\n\t<div id=\"col-1756926909\" class=\"col medium-3 small-12 large-3\"  >\n\t\t\t\t<div class=\"col-inner\"  >\n\t\t\t\n\t\t\t\n<h3>Tehniline informatsioon<\/h3>\n<p><a href=\"https:\/\/espak.ee\/epood\/wp-content\/uploads\/2022\/02\/Eurovent-FLEXBIT_TEHNILISED-ANDMED-EE.pdf\"target=\"_blank\" rel=\"noopener noreferrer\"><i class=\"far fa-file-pdf\"><\/i> Tehniline info (PDF)<\/a><\/p>\n<div class=\"is-divider divider clearfix\" ><\/div>\n<p><strong>\u00dcksikasjalikuma n\u00f5u saamiseks v\u00f5tke \u00fchendust:<br \/><\/strong>Tektum O\u00dc<br \/>Peterburi tee 2<br \/>11415<br \/>Tallinn<br \/>+372 657 1117 <\/p>\n\t\t<\/div>\n\t\t\t\t\t<\/div>\n\n\t\n<\/div>\n","protected":false},"excerpt":{"rendered":"","protected":false},"featured_media":108781,"comment_status":"closed","ping_status":"closed","template":"","meta":[],"product_brand":[],"product_cat":[3495,4116,4117,2697],"product_tag":[],"class_list":{"0":"post-107681","1":"product","2":"type-product","3":"status-publish","4":"has-post-thumbnail","6":"product_cat-katusematerjalid","7":"product_cat-katuste-lisatarvikud","8":"product_cat-tihendid-katuste-lisatarvikud","9":"product_cat-uldehitus","10":"pa_kaubamark-tektum-ou","12":"first","13":"instock","14":"sale","15":"taxable","16":"shipping-taxable","17":"purchasable","18":"product-type-simple"},"yoast_head":"<!-- This site is optimized with the Yoast SEO plugin v26.9 - https:\/\/yoast.com\/product\/yoast-seo-wordpress\/ -->\n<title>BITUUMENLINT FLEXBIT 10CM*10M ALUMIINIUM - Espak E-pood<\/title>\n<meta name=\"robots\" content=\"index, follow, max-snippet:-1, max-image-preview:large, max-video-preview:-1\" \/>\n<link rel=\"canonical\" href=\"https:\/\/espak.ee\/epood\/toode\/bituumenlint-flexbit-10cm10m-alumiinium\/\" \/>\n<meta property=\"og:locale\" content=\"et_EE\" \/>\n<meta property=\"og:type\" content=\"article\" \/>\n<meta property=\"og:title\" content=\"BITUUMENLINT FLEXBIT 10CM*10M ALUMIINIUM - Espak E-pood\" \/>\n<meta property=\"og:url\" content=\"https:\/\/espak.ee\/epood\/toode\/bituumenlint-flexbit-10cm10m-alumiinium\/\" \/>\n<meta property=\"og:site_name\" content=\"Espak E-pood\" \/>\n<meta property=\"article:modified_time\" content=\"2024-11-02T10:26:15+00:00\" \/>\n<meta property=\"og:image\" content=\"https:\/\/espak.ee\/epood\/wp-content\/uploads\/2022\/02\/Eurovent-FLEXBIT-alumiinium.jpg\" \/>\n\t<meta property=\"og:image:width\" content=\"1000\" \/>\n\t<meta property=\"og:image:height\" content=\"1000\" \/>\n\t<meta property=\"og:image:type\" content=\"image\/jpeg\" \/>\n<meta name=\"twitter:card\" content=\"summary_large_image\" \/>\n<meta name=\"twitter:label1\" content=\"Est. reading time\" \/>\n\t<meta name=\"twitter:data1\" content=\"1 minut\" \/>\n<script type=\"application\/ld+json\" class=\"yoast-schema-graph\">{\"@context\":\"https:\/\/schema.org\",\"@graph\":[{\"@type\":\"WebPage\",\"@id\":\"https:\/\/espak.ee\/epood\/toode\/bituumenlint-flexbit-10cm10m-alumiinium\/\",\"url\":\"https:\/\/espak.ee\/epood\/toode\/bituumenlint-flexbit-10cm10m-alumiinium\/\",\"name\":\"BITUUMENLINT FLEXBIT 10CM*10M ALUMIINIUM - Espak E-pood\",\"isPartOf\":{\"@id\":\"https:\/\/espak.ee\/epood\/#website\"},\"primaryImageOfPage\":{\"@id\":\"https:\/\/espak.ee\/epood\/toode\/bituumenlint-flexbit-10cm10m-alumiinium\/#primaryimage\"},\"image\":{\"@id\":\"https:\/\/espak.ee\/epood\/toode\/bituumenlint-flexbit-10cm10m-alumiinium\/#primaryimage\"},\"thumbnailUrl\":\"https:\/\/espak.ee\/epood\/wp-content\/uploads\/2022\/02\/Eurovent-FLEXBIT-alumiinium.jpg\",\"datePublished\":\"2022-02-03T00:25:35+00:00\",\"dateModified\":\"2024-11-02T10:26:15+00:00\",\"breadcrumb\":{\"@id\":\"https:\/\/espak.ee\/epood\/toode\/bituumenlint-flexbit-10cm10m-alumiinium\/#breadcrumb\"},\"inLanguage\":\"et\",\"potentialAction\":[{\"@type\":\"ReadAction\",\"target\":[\"https:\/\/espak.ee\/epood\/toode\/bituumenlint-flexbit-10cm10m-alumiinium\/\"]}]},{\"@type\":\"ImageObject\",\"inLanguage\":\"et\",\"@id\":\"https:\/\/espak.ee\/epood\/toode\/bituumenlint-flexbit-10cm10m-alumiinium\/#primaryimage\",\"url\":\"https:\/\/espak.ee\/epood\/wp-content\/uploads\/2022\/02\/Eurovent-FLEXBIT-alumiinium.jpg\",\"contentUrl\":\"https:\/\/espak.ee\/epood\/wp-content\/uploads\/2022\/02\/Eurovent-FLEXBIT-alumiinium.jpg\",\"width\":1000,\"height\":1000},{\"@type\":\"BreadcrumbList\",\"@id\":\"https:\/\/espak.ee\/epood\/toode\/bituumenlint-flexbit-10cm10m-alumiinium\/#breadcrumb\",\"itemListElement\":[{\"@type\":\"ListItem\",\"position\":1,\"name\":\"Home\",\"item\":\"https:\/\/espak.ee\/epood\/\"},{\"@type\":\"ListItem\",\"position\":2,\"name\":\"Tootevalik\",\"item\":\"https:\/\/espak.ee\/epood\/tootevalik\/\"},{\"@type\":\"ListItem\",\"position\":3,\"name\":\"BITUUMENLINT FLEXBIT 10CM*10M ALUMIINIUM\"}]},{\"@type\":\"WebSite\",\"@id\":\"https:\/\/espak.ee\/epood\/#website\",\"url\":\"https:\/\/espak.ee\/epood\/\",\"name\":\"Espak E-pood\",\"description\":\"\",\"potentialAction\":[{\"@type\":\"SearchAction\",\"target\":{\"@type\":\"EntryPoint\",\"urlTemplate\":\"https:\/\/espak.ee\/epood\/?s={search_term_string}\"},\"query-input\":{\"@type\":\"PropertyValueSpecification\",\"valueRequired\":true,\"valueName\":\"search_term_string\"}}],\"inLanguage\":\"et\"}]}<\/script>\n<!-- \/ Yoast SEO plugin. -->","yoast_head_json":{"title":"BITUUMENLINT FLEXBIT 10CM*10M ALUMIINIUM - Espak E-pood","robots":{"index":"index","follow":"follow","max-snippet":"max-snippet:-1","max-image-preview":"max-image-preview:large","max-video-preview":"max-video-preview:-1"},"canonical":"https:\/\/espak.ee\/epood\/toode\/bituumenlint-flexbit-10cm10m-alumiinium\/","og_locale":"et_EE","og_type":"article","og_title":"BITUUMENLINT FLEXBIT 10CM*10M ALUMIINIUM - Espak E-pood","og_url":"https:\/\/espak.ee\/epood\/toode\/bituumenlint-flexbit-10cm10m-alumiinium\/","og_site_name":"Espak E-pood","article_modified_time":"2024-11-02T10:26:15+00:00","og_image":[{"width":1000,"height":1000,"url":"https:\/\/espak.ee\/epood\/wp-content\/uploads\/2022\/02\/Eurovent-FLEXBIT-alumiinium.jpg","type":"image\/jpeg"}],"twitter_card":"summary_large_image","twitter_misc":{"Est. reading time":"1 minut"},"schema":{"@context":"https:\/\/schema.org","@graph":[{"@type":"WebPage","@id":"https:\/\/espak.ee\/epood\/toode\/bituumenlint-flexbit-10cm10m-alumiinium\/","url":"https:\/\/espak.ee\/epood\/toode\/bituumenlint-flexbit-10cm10m-alumiinium\/","name":"BITUUMENLINT FLEXBIT 10CM*10M ALUMIINIUM - Espak E-pood","isPartOf":{"@id":"https:\/\/espak.ee\/epood\/#website"},"primaryImageOfPage":{"@id":"https:\/\/espak.ee\/epood\/toode\/bituumenlint-flexbit-10cm10m-alumiinium\/#primaryimage"},"image":{"@id":"https:\/\/espak.ee\/epood\/toode\/bituumenlint-flexbit-10cm10m-alumiinium\/#primaryimage"},"thumbnailUrl":"https:\/\/espak.ee\/epood\/wp-content\/uploads\/2022\/02\/Eurovent-FLEXBIT-alumiinium.jpg","datePublished":"2022-02-03T00:25:35+00:00","dateModified":"2024-11-02T10:26:15+00:00","breadcrumb":{"@id":"https:\/\/espak.ee\/epood\/toode\/bituumenlint-flexbit-10cm10m-alumiinium\/#breadcrumb"},"inLanguage":"et","potentialAction":[{"@type":"ReadAction","target":["https:\/\/espak.ee\/epood\/toode\/bituumenlint-flexbit-10cm10m-alumiinium\/"]}]},{"@type":"ImageObject","inLanguage":"et","@id":"https:\/\/espak.ee\/epood\/toode\/bituumenlint-flexbit-10cm10m-alumiinium\/#primaryimage","url":"https:\/\/espak.ee\/epood\/wp-content\/uploads\/2022\/02\/Eurovent-FLEXBIT-alumiinium.jpg","contentUrl":"https:\/\/espak.ee\/epood\/wp-content\/uploads\/2022\/02\/Eurovent-FLEXBIT-alumiinium.jpg","width":1000,"height":1000},{"@type":"BreadcrumbList","@id":"https:\/\/espak.ee\/epood\/toode\/bituumenlint-flexbit-10cm10m-alumiinium\/#breadcrumb","itemListElement":[{"@type":"ListItem","position":1,"name":"Home","item":"https:\/\/espak.ee\/epood\/"},{"@type":"ListItem","position":2,"name":"Tootevalik","item":"https:\/\/espak.ee\/epood\/tootevalik\/"},{"@type":"ListItem","position":3,"name":"BITUUMENLINT FLEXBIT 10CM*10M ALUMIINIUM"}]},{"@type":"WebSite","@id":"https:\/\/espak.ee\/epood\/#website","url":"https:\/\/espak.ee\/epood\/","name":"Espak E-pood","description":"","potentialAction":[{"@type":"SearchAction","target":{"@type":"EntryPoint","urlTemplate":"https:\/\/espak.ee\/epood\/?s={search_term_string}"},"query-input":{"@type":"PropertyValueSpecification","valueRequired":true,"valueName":"search_term_string"}}],"inLanguage":"et"}]}},"_links":{"self":[{"href":"https:\/\/espak.ee\/epood\/wp-json\/wp\/v2\/product\/107681","targetHints":{"allow":["GET"]}}],"collection":[{"href":"https:\/\/espak.ee\/epood\/wp-json\/wp\/v2\/product"}],"about":[{"href":"https:\/\/espak.ee\/epood\/wp-json\/wp\/v2\/types\/product"}],"replies":[{"embeddable":true,"href":"https:\/\/espak.ee\/epood\/wp-json\/wp\/v2\/comments?post=107681"}],"wp:featuredmedia":[{"embeddable":true,"href":"https:\/\/espak.ee\/epood\/wp-json\/wp\/v2\/media\/108781"}],"wp:attachment":[{"href":"https:\/\/espak.ee\/epood\/wp-json\/wp\/v2\/media?parent=107681"}],"wp:term":[{"taxonomy":"product_brand","embeddable":true,"href":"https:\/\/espak.ee\/epood\/wp-json\/wp\/v2\/product_brand?post=107681"},{"taxonomy":"product_cat","embeddable":true,"href":"https:\/\/espak.ee\/epood\/wp-json\/wp\/v2\/product_cat?post=107681"},{"taxonomy":"product_tag","embeddable":true,"href":"https:\/\/espak.ee\/epood\/wp-json\/wp\/v2\/product_tag?post=107681"}],"curies":[{"name":"wp","href":"https:\/\/api.w.org\/{rel}","templated":true}]}}