{"id":10767,"date":"2019-11-12T02:35:05","date_gmt":"2019-11-12T00:35:05","guid":{"rendered":"https:\/\/espak.ee\/hinnakiri\/?post_type=product&#038;p=10767"},"modified":"2026-02-17T15:36:43","modified_gmt":"2026-02-17T13:36:43","slug":"kiilto-premium-290ml","status":"publish","type":"product","link":"https:\/\/espak.ee\/epood\/toode\/kiilto-premium-290ml\/","title":{"rendered":"KIILTO PREMIUM 290ML"},"content":{"rendered":"<div class=\"row\"  id=\"row-1859558307\">\n\n\t<div id=\"col-1848826963\" class=\"col medium-9 small-12 large-9\"  >\n\t\t\t\t<div class=\"col-inner\"  >\n\t\t\t\n\t\t\t\n<h2>Kiilto Premium montaa\u017eiliim<\/h2>\n<p>Elastne tugevusliim puidule, betoonile, kivile ja klaasile, aga ka erinevatele metallidele ja plastidele. Eriti tugev algnake. Lahustivaba, ei sisalda isots\u00fcanaate. Temperatuurikindel vahemikus -40 kuni +100 \u00b0C. Vastupidav soolasele veele. \u00dchekomponentne.<\/p>\n<div class=\"message-box relative\" style=\"padding-top:15px;padding-bottom:15px;\"><div class=\"message-box-bg-image bg-fill fill\" ><\/div><div class=\"message-box-bg-overlay bg-fill fill\" ><\/div><div class=\"container relative\"><div class=\"inner last-reset\">\n<div class=\"row align-middle align-center\"  id=\"row-1922124641\">\n\n\t<div id=\"col-1622633482\" class=\"col small-12 large-12\"  >\n\t\t\t\t<div class=\"col-inner text-left\"  >\n\t\t\t\n\t\t\t\n<h4>Omadused<\/h4>\n<div class=\"row\"  id=\"row-2136176097\">\n\n\t<div id=\"col-1432433668\" class=\"col medium-6 small-12 large-6\"  >\n\t\t\t\t<div class=\"col-inner\"  >\n\t\t\t\n\t\t\t\n<p><i class=\"fa fa-check fa-2x\"><\/i> <strong>Vastupidav niiskusele ja kemikaalidele<\/strong><\/p>\n<p><i class=\"fa fa-check fa-2x\"><\/i> <strong>Suurep\u00e4rane temperatuurikindlus<\/strong><\/p>\n\t\t<\/div>\n\t\t\t\t\n<style>\n#col-1432433668 > .col-inner {\n  margin: 0px 0px 15px 0px;\n}\n<\/style>\n\t<\/div>\n\n\t\n<\/div>\n\t\t<\/div>\n\t\t\t\t\t<\/div>\n\n\t\n<\/div>\n<\/div><\/div><\/div>\n\t<div id=\"gap-1977022693\" class=\"gap-element clearfix\" style=\"display:block; height:auto;\">\n\t\t\n<style>\n#gap-1977022693 {\n  padding-top: 30px;\n}\n<\/style>\n\t<\/div>\n\t\n<h3>Kasutamise \u00fcksikasjad<\/h3>\n<p><strong>Kasutusalad:<\/strong> \u00dchekomponentne KiiltoFix Premium p\u00f5hineb sil\u00fc\u00fclpol\u00fcmeeri tehnoloogial ja on suure seosetugevusega. Sobib kinnitamiseks ja tihendamiseks sise- ja v\u00e4listingimustes. Sobib tugevat algnaket n\u00f5udvateks liimimisteks (autod, paadid, haagised), ehitusplaatide ja liistude kinnitamiseks. Kasutatavad materjalid peavad olema tolmu-, rasu- ja \u00f5livabad. Hea liimuvus mitmesuguste kivipindade, betooni, enamuse metallide, puidu, klaasi ja emailpindadega, samuti epoksiid- ja pol\u00fcesterpindadega. Enne plastmaterjalide liimimist on soovitatav teha prooviliimimine tegelikes kasutustingimustes. Ehitusmaterjalide heitkoguste klassifikatsioon M1. Lahustivaba, ei sisalda isots\u00fcanaate ja ftalaate. \u00dclev\u00e4rvitav enamike veep\u00f5histe v\u00e4rvidega (enne kasutamist alati katseliselt kontrollida). V\u00e4ga hea ilmastikukindlus, vastupidav ultraviolettkiirgusele. Hea vastupidavus kemikaalidele (lahjad lahused). Vastupidav soolasele veele. Ei ole lakitav.<\/p>\n<p><strong>Kasutusjuhis:<\/strong> L\u00f5igake tuubi \u00fclaosa lahti ja kinnitage otsik. KiiltoFix Preium kantakse peale k\u00e4si- v\u00f5i akup\u00fcstoliga. NB! P\u00fcstoli valimisel arvestage toote suure viskoossusega. Kandke peale triipudena. Enne liimi pealekandmist tuleb kontrollida, et tihendatavad\/seotavad pinnad on puhtad. Sulgege pakend p\u00e4rast kasutamist hoolikalt. K\u00f5vastumata toote saab eemaldada ks\u00fcleeni v\u00f5i atsetooniga. K\u00f5vastunud toodet saab eemaldada vaid mehaaniliselt. Valitsevad tingimused nagu \u00f5hutemperatuur, \u00f5huniiskus, aluspinna materjal ja niiskus, samuti pealekantud liimi kogus, m\u00f5jutavad oluliselt puutekuivuse saavutamise ja l\u00f5pliku kuivamise aega.<\/p>\n<p><strong>Keskkond ja ohutus:<\/strong> V\u00e4ltige kuivamata toote kokkupuudet nahaga, kasutage kaitsekindaid. Tutvuge tooteohutuskaardiga.<\/p>\n\t\t<\/div>\n\t\t\t\t\t<\/div>\n\n\t\n\n\t<div id=\"col-865593805\" class=\"col medium-3 small-12 large-3\"  >\n\t\t\t\t<div class=\"col-inner\"  >\n\t\t\t\n\t\t\t\n\t<div id=\"gap-1092106646\" class=\"gap-element clearfix\" style=\"display:block; height:auto;\">\n\t\t\n<style>\n#gap-1092106646 {\n  padding-top: 30px;\n}\n<\/style>\n\t<\/div>\n\t\n<h3>Tehniline informatsioon<\/h3>\n<p><a href=\"https:\/\/espak.ee\/epood\/wp-content\/uploads\/premium-tooteleht.pdf\" target=\"_blank\" rel=\"noopener noreferrer\"><i class=\"far fa-file-pdf\"><\/i> Tehniline info (PDF)<\/a><\/p>\n<h3>Ohutusalane teave<\/h3>\n<p><a href=\"https:\/\/espak.ee\/epood\/wp-content\/uploads\/premium-ohutuskaart.pdf\" target=\"_blank\" rel=\"noopener noreferrer\"><i class=\"far fa-file-pdf\"><\/i> Ohutusalane teave (PDF)<\/a><\/p>\n<div class=\"is-divider divider clearfix\" ><\/div>\n<p><strong>\u00dcksikasjalikuma n\u00f5u saamiseks v\u00f5tke \u00fchendust:<br \/><\/strong>Kiilto Eesti O\u00dc<br \/>L\u00e4ike tee 4<br \/>75312<br \/>Rae vald<br \/>(+372) 60 31 900<\/p>\n<div class=\"is-divider divider clearfix\" ><\/div>\n\t\t<\/div>\n\t\t\t\t\t<\/div>\n\n\t\n<\/div>\n","protected":false},"excerpt":{"rendered":"","protected":false},"featured_media":11822,"comment_status":"closed","ping_status":"closed","template":"","meta":[],"product_brand":[],"product_cat":[2703,2706,2707,2683],"product_tag":[],"class_list":{"0":"post-10767","1":"product","2":"type-product","3":"status-publish","4":"has-post-thumbnail","6":"product_cat-ehituskeemia","7":"product_cat-liimid","8":"product_cat-universaalliimid","9":"product_cat-viimistluskaubad","10":"pa_kaubamark-kiilto-eesti-ou","12":"first","13":"instock","14":"sale","15":"taxable","16":"shipping-taxable","17":"purchasable","18":"product-type-simple"},"yoast_head":"<!-- This site is optimized with the Yoast SEO plugin v26.9 - https:\/\/yoast.com\/product\/yoast-seo-wordpress\/ -->\n<title>KIILTO PREMIUM 290ML - Espak E-pood<\/title>\n<meta name=\"robots\" content=\"index, follow, max-snippet:-1, max-image-preview:large, max-video-preview:-1\" \/>\n<link rel=\"canonical\" href=\"https:\/\/espak.ee\/epood\/toode\/kiilto-premium-290ml\/\" \/>\n<meta property=\"og:locale\" content=\"et_EE\" \/>\n<meta property=\"og:type\" content=\"article\" \/>\n<meta property=\"og:title\" content=\"KIILTO PREMIUM 290ML - Espak E-pood\" \/>\n<meta property=\"og:url\" content=\"https:\/\/espak.ee\/epood\/toode\/kiilto-premium-290ml\/\" \/>\n<meta property=\"og:site_name\" content=\"Espak E-pood\" \/>\n<meta property=\"article:modified_time\" content=\"2026-02-17T13:36:43+00:00\" \/>\n<meta property=\"og:image\" content=\"https:\/\/espak.ee\/epood\/wp-content\/uploads\/premium.png\" \/>\n\t<meta property=\"og:image:width\" content=\"800\" \/>\n\t<meta property=\"og:image:height\" content=\"800\" \/>\n\t<meta property=\"og:image:type\" content=\"image\/png\" \/>\n<meta name=\"twitter:card\" content=\"summary_large_image\" \/>\n<meta name=\"twitter:label1\" content=\"Est. reading time\" \/>\n\t<meta name=\"twitter:data1\" content=\"2 minutit\" \/>\n<script type=\"application\/ld+json\" class=\"yoast-schema-graph\">{\"@context\":\"https:\/\/schema.org\",\"@graph\":[{\"@type\":\"WebPage\",\"@id\":\"https:\/\/espak.ee\/epood\/toode\/kiilto-premium-290ml\/\",\"url\":\"https:\/\/espak.ee\/epood\/toode\/kiilto-premium-290ml\/\",\"name\":\"KIILTO PREMIUM 290ML - Espak E-pood\",\"isPartOf\":{\"@id\":\"https:\/\/espak.ee\/epood\/#website\"},\"primaryImageOfPage\":{\"@id\":\"https:\/\/espak.ee\/epood\/toode\/kiilto-premium-290ml\/#primaryimage\"},\"image\":{\"@id\":\"https:\/\/espak.ee\/epood\/toode\/kiilto-premium-290ml\/#primaryimage\"},\"thumbnailUrl\":\"https:\/\/espak.ee\/epood\/wp-content\/uploads\/premium.png\",\"datePublished\":\"2019-11-12T00:35:05+00:00\",\"dateModified\":\"2026-02-17T13:36:43+00:00\",\"breadcrumb\":{\"@id\":\"https:\/\/espak.ee\/epood\/toode\/kiilto-premium-290ml\/#breadcrumb\"},\"inLanguage\":\"et\",\"potentialAction\":[{\"@type\":\"ReadAction\",\"target\":[\"https:\/\/espak.ee\/epood\/toode\/kiilto-premium-290ml\/\"]}]},{\"@type\":\"ImageObject\",\"inLanguage\":\"et\",\"@id\":\"https:\/\/espak.ee\/epood\/toode\/kiilto-premium-290ml\/#primaryimage\",\"url\":\"https:\/\/espak.ee\/epood\/wp-content\/uploads\/premium.png\",\"contentUrl\":\"https:\/\/espak.ee\/epood\/wp-content\/uploads\/premium.png\",\"width\":800,\"height\":800},{\"@type\":\"BreadcrumbList\",\"@id\":\"https:\/\/espak.ee\/epood\/toode\/kiilto-premium-290ml\/#breadcrumb\",\"itemListElement\":[{\"@type\":\"ListItem\",\"position\":1,\"name\":\"Home\",\"item\":\"https:\/\/espak.ee\/epood\/\"},{\"@type\":\"ListItem\",\"position\":2,\"name\":\"Tootevalik\",\"item\":\"https:\/\/espak.ee\/epood\/tootevalik\/\"},{\"@type\":\"ListItem\",\"position\":3,\"name\":\"KIILTO PREMIUM 290ML\"}]},{\"@type\":\"WebSite\",\"@id\":\"https:\/\/espak.ee\/epood\/#website\",\"url\":\"https:\/\/espak.ee\/epood\/\",\"name\":\"Espak E-pood\",\"description\":\"\",\"potentialAction\":[{\"@type\":\"SearchAction\",\"target\":{\"@type\":\"EntryPoint\",\"urlTemplate\":\"https:\/\/espak.ee\/epood\/?s={search_term_string}\"},\"query-input\":{\"@type\":\"PropertyValueSpecification\",\"valueRequired\":true,\"valueName\":\"search_term_string\"}}],\"inLanguage\":\"et\"}]}<\/script>\n<!-- \/ Yoast SEO plugin. -->","yoast_head_json":{"title":"KIILTO PREMIUM 290ML - Espak E-pood","robots":{"index":"index","follow":"follow","max-snippet":"max-snippet:-1","max-image-preview":"max-image-preview:large","max-video-preview":"max-video-preview:-1"},"canonical":"https:\/\/espak.ee\/epood\/toode\/kiilto-premium-290ml\/","og_locale":"et_EE","og_type":"article","og_title":"KIILTO PREMIUM 290ML - Espak E-pood","og_url":"https:\/\/espak.ee\/epood\/toode\/kiilto-premium-290ml\/","og_site_name":"Espak E-pood","article_modified_time":"2026-02-17T13:36:43+00:00","og_image":[{"width":800,"height":800,"url":"https:\/\/espak.ee\/epood\/wp-content\/uploads\/premium.png","type":"image\/png"}],"twitter_card":"summary_large_image","twitter_misc":{"Est. reading time":"2 minutit"},"schema":{"@context":"https:\/\/schema.org","@graph":[{"@type":"WebPage","@id":"https:\/\/espak.ee\/epood\/toode\/kiilto-premium-290ml\/","url":"https:\/\/espak.ee\/epood\/toode\/kiilto-premium-290ml\/","name":"KIILTO PREMIUM 290ML - Espak E-pood","isPartOf":{"@id":"https:\/\/espak.ee\/epood\/#website"},"primaryImageOfPage":{"@id":"https:\/\/espak.ee\/epood\/toode\/kiilto-premium-290ml\/#primaryimage"},"image":{"@id":"https:\/\/espak.ee\/epood\/toode\/kiilto-premium-290ml\/#primaryimage"},"thumbnailUrl":"https:\/\/espak.ee\/epood\/wp-content\/uploads\/premium.png","datePublished":"2019-11-12T00:35:05+00:00","dateModified":"2026-02-17T13:36:43+00:00","breadcrumb":{"@id":"https:\/\/espak.ee\/epood\/toode\/kiilto-premium-290ml\/#breadcrumb"},"inLanguage":"et","potentialAction":[{"@type":"ReadAction","target":["https:\/\/espak.ee\/epood\/toode\/kiilto-premium-290ml\/"]}]},{"@type":"ImageObject","inLanguage":"et","@id":"https:\/\/espak.ee\/epood\/toode\/kiilto-premium-290ml\/#primaryimage","url":"https:\/\/espak.ee\/epood\/wp-content\/uploads\/premium.png","contentUrl":"https:\/\/espak.ee\/epood\/wp-content\/uploads\/premium.png","width":800,"height":800},{"@type":"BreadcrumbList","@id":"https:\/\/espak.ee\/epood\/toode\/kiilto-premium-290ml\/#breadcrumb","itemListElement":[{"@type":"ListItem","position":1,"name":"Home","item":"https:\/\/espak.ee\/epood\/"},{"@type":"ListItem","position":2,"name":"Tootevalik","item":"https:\/\/espak.ee\/epood\/tootevalik\/"},{"@type":"ListItem","position":3,"name":"KIILTO PREMIUM 290ML"}]},{"@type":"WebSite","@id":"https:\/\/espak.ee\/epood\/#website","url":"https:\/\/espak.ee\/epood\/","name":"Espak E-pood","description":"","potentialAction":[{"@type":"SearchAction","target":{"@type":"EntryPoint","urlTemplate":"https:\/\/espak.ee\/epood\/?s={search_term_string}"},"query-input":{"@type":"PropertyValueSpecification","valueRequired":true,"valueName":"search_term_string"}}],"inLanguage":"et"}]}},"_links":{"self":[{"href":"https:\/\/espak.ee\/epood\/wp-json\/wp\/v2\/product\/10767","targetHints":{"allow":["GET"]}}],"collection":[{"href":"https:\/\/espak.ee\/epood\/wp-json\/wp\/v2\/product"}],"about":[{"href":"https:\/\/espak.ee\/epood\/wp-json\/wp\/v2\/types\/product"}],"replies":[{"embeddable":true,"href":"https:\/\/espak.ee\/epood\/wp-json\/wp\/v2\/comments?post=10767"}],"wp:featuredmedia":[{"embeddable":true,"href":"https:\/\/espak.ee\/epood\/wp-json\/wp\/v2\/media\/11822"}],"wp:attachment":[{"href":"https:\/\/espak.ee\/epood\/wp-json\/wp\/v2\/media?parent=10767"}],"wp:term":[{"taxonomy":"product_brand","embeddable":true,"href":"https:\/\/espak.ee\/epood\/wp-json\/wp\/v2\/product_brand?post=10767"},{"taxonomy":"product_cat","embeddable":true,"href":"https:\/\/espak.ee\/epood\/wp-json\/wp\/v2\/product_cat?post=10767"},{"taxonomy":"product_tag","embeddable":true,"href":"https:\/\/espak.ee\/epood\/wp-json\/wp\/v2\/product_tag?post=10767"}],"curies":[{"name":"wp","href":"https:\/\/api.w.org\/{rel}","templated":true}]}}